{"id":36425,"date":"2024-04-16T17:22:20","date_gmt":"2024-04-16T15:22:20","guid":{"rendered":"https:\/\/formar.shop\/quienes-somos\/referencias\/"},"modified":"2024-04-16T17:22:23","modified_gmt":"2024-04-16T15:22:23","slug":"referencias","status":"publish","type":"page","link":"https:\/\/formar.shop\/es\/quienes-somos\/referencias\/","title":{"rendered":"Referencias"},"content":{"rendered":"\n[av_section min_height=&#8221;&#8221; min_height_px=&#8221;500px&#8221; padding=&#8221;default&#8221; shadow=&#8221;no-border-styling&#8221; bottom_border=&#8221;no-border-styling&#8221; bottom_border_diagonal_color=&#8221;#333333&#8243; bottom_border_diagonal_direction=&#8221;&#8221; bottom_border_style=&#8221;&#8221; custom_arrow_bg=&#8221;&#8221; id=&#8221;&#8221; color=&#8221;main_color&#8221; background=&#8221;bg_color&#8221; custom_bg=&#8221;#ffffff&#8221; background_gradient_color1=&#8221;&#8221; background_gradient_color2=&#8221;&#8221; background_gradient_direction=&#8221;vertical&#8221; src=&#8221;&#8221; attachment=&#8221;&#8221; attachment_size=&#8221;&#8221; attach=&#8221;scroll&#8221; position=&#8221;top left&#8221; repeat=&#8221;no-repeat&#8221; video=&#8221;&#8221; video_ratio=&#8221;16:9&#8243; overlay_opacity=&#8221;0.5&#8243; overlay_color=&#8221;&#8221; overlay_pattern=&#8221;&#8221; overlay_custom_pattern=&#8221;&#8221; av_element_hidden_in_editor=&#8221;0&#8243; av_uid=&#8221;av-jj21ix0a&#8221; custom_class=&#8221;&#8221;]\n\n[av_heading heading=&#8221;Referenze&#8221; tag=&#8221;h3&#8243; link_apply=&#8221;&#8221; link=&#8221;&#8221; link_target=&#8221;&#8221; style=&#8221;blockquote modern-quote modern-centered&#8221; size=&#8221;60&#8243; subheading_active=&#8221;&#8221; subheading_size=&#8221;15&#8243; margin=&#8221;&#8221; padding=&#8221;0&#8243; color=&#8221;&#8221; custom_font=&#8221;&#8221; custom_class=&#8221;&#8221; admin_preview_bg=&#8221;&#8221; av-desktop-hide=&#8221;&#8221; av-medium-hide=&#8221;&#8221; av-small-hide=&#8221;&#8221; av-mini-hide=&#8221;&#8221; av-medium-font-size-title=&#8221;&#8221; av-small-font-size-title=&#8221;&#8221; av-mini-font-size-title=&#8221;&#8221; av-medium-font-size=&#8221;&#8221; av-small-font-size=&#8221;&#8221; av-mini-font-size=&#8221;&#8221;]\nCon\u00f3cete mejor\n[\/av_heading]\n\n[av_hr class=&#8221;custom&#8221; height=&#8221;50&#8243; shadow=&#8221;no-shadow&#8221; position=&#8221;center&#8221; custom_border=&#8221;av-border-fat&#8221; custom_width=&#8221;100px&#8221; custom_border_color=&#8221;#fab300&#8243; custom_margin_top=&#8221;0px&#8221; custom_margin_bottom=&#8221;30px&#8221; icon_select=&#8221;no&#8221; custom_icon_color=&#8221;&#8221; icon=&#8221;ue808&#8243; font=&#8221;entypo-fontello&#8221; av_uid=&#8221;av-jj21opc3&#8243; custom_class=&#8221;&#8221; admin_preview_bg=&#8221;&#8221;]\n\n[av_two_fifth first min_height=&#8221;av-equal-height-column&#8221; vertical_alignment=&#8221;av-align-top&#8221; space=&#8221;&#8221; margin=&#8221;0px&#8221; margin_sync=&#8221;true&#8221; row_boxshadow_color=&#8221;&#8221; row_boxshadow_width=&#8221;10&#8243; link=&#8221;&#8221; linktarget=&#8221;&#8221; link_hover=&#8221;&#8221; padding=&#8221;0px&#8221; padding_sync=&#8221;true&#8221; highlight_size=&#8221;1.1&#8243; border=&#8221;&#8221; border_color=&#8221;&#8221; radius=&#8221;0px&#8221; radius_sync=&#8221;true&#8221; column_boxshadow_color=&#8221;&#8221; column_boxshadow_width=&#8221;10&#8243; background=&#8221;bg_color&#8221; background_color=&#8221;&#8221; background_gradient_color1=&#8221;&#8221; background_gradient_color2=&#8221;&#8221; background_gradient_direction=&#8221;vertical&#8221; src=&#8221;https:\/\/formar-contract.it\/wp-content\/uploads\/2018\/06\/cit2.png&#8221; attachment=&#8221;3300&#8243; attachment_size=&#8221;full&#8221; background_position=&#8221;bottom right&#8221; background_repeat=&#8221;no-repeat&#8221; animation=&#8221;&#8221; mobile_breaking=&#8221;av-break-at-tablet&#8221; mobile_display=&#8221;&#8221; av_uid=&#8221;av-5g7wdb&#8221; custom_class=&#8221;&#8221;]\n\n[av_heading heading=&#8221;La nostra squadra ha seguito le seguenti realt\u00e0, afferenti al settore privato e pubblico, e ha potuto realizzare per loro spazi di lavoro.&#8221; tag=&#8221;h3&#8243; link_apply=&#8221;&#8221; link=&#8221;&#8221; link_target=&#8221;&#8221; style=&#8221;blockquote modern-quote&#8221; size=&#8221;36&#8243; subheading_active=&#8221;&#8221; subheading_size=&#8221;15&#8243; margin=&#8221;&#8221; padding=&#8221;0&#8243; color=&#8221;&#8221; custom_font=&#8221;&#8221; custom_class=&#8221;&#8221; admin_preview_bg=&#8221;&#8221; av-desktop-hide=&#8221;&#8221; av-medium-hide=&#8221;&#8221; av-small-hide=&#8221;&#8221; av-mini-hide=&#8221;&#8221; av-medium-font-size-title=&#8221;&#8221; av-small-font-size-title=&#8221;&#8221; av-mini-font-size-title=&#8221;&#8221; av-medium-font-size=&#8221;&#8221; av-small-font-size=&#8221;&#8221; av-mini-font-size=&#8221;&#8221;][\/av_heading]\n\n[\/av_two_fifth][av_three_fifth min_height=&#8221;av-equal-height-column&#8221; vertical_alignment=&#8221;av-align-top&#8221; space=&#8221;&#8221; margin=&#8221;0px&#8221; margin_sync=&#8221;true&#8221; row_boxshadow_color=&#8221;&#8221; row_boxshadow_width=&#8221;10&#8243; link=&#8221;&#8221; linktarget=&#8221;&#8221; link_hover=&#8221;&#8221; padding=&#8221;0px&#8221; padding_sync=&#8221;true&#8221; highlight_size=&#8221;1.1&#8243; border=&#8221;&#8221; border_color=&#8221;&#8221; radius=&#8221;0px&#8221; radius_sync=&#8221;true&#8221; column_boxshadow_color=&#8221;&#8221; column_boxshadow_width=&#8221;10&#8243; background=&#8221;bg_color&#8221; background_color=&#8221;&#8221; background_gradient_color1=&#8221;&#8221; background_gradient_color2=&#8221;&#8221; background_gradient_direction=&#8221;vertical&#8221; src=&#8221;&#8221; attachment=&#8221;&#8221; attachment_size=&#8221;&#8221; background_position=&#8221;top left&#8221; background_repeat=&#8221;no-repeat&#8221; animation=&#8221;right-to-left&#8221; mobile_breaking=&#8221;&#8221; mobile_display=&#8221;&#8221; av_uid=&#8221;av-3zzjgv&#8221; custom_class=&#8221;referenze&#8221;]\n\n[av_postslider link=&#8221;category,203&#8243; wc_prod_visible=&#8221;&#8221; prod_order_by=&#8221;&#8221; prod_order=&#8221;&#8221; columns=&#8221;2&#8243; items=&#8221;-1&#8243; offset=&#8221;0&#8243; contents=&#8221;title_read_more&#8221; preview_mode=&#8221;custom&#8221; image_size=&#8221;gallery&#8221; autoplay=&#8221;yes&#8221; interval=&#8221;7&#8243; av_uid=&#8221;av-jshjr3el&#8221; custom_class=&#8221;&#8221;]\n\n[\/av_three_fifth][\/av_section][av_section min_height=&#8221;&#8221; min_height_px=&#8221;500px&#8221; padding=&#8221;huge&#8221; shadow=&#8221;shadow&#8221; bottom_border=&#8221;no-border-styling&#8221; bottom_border_diagonal_color=&#8221;#333333&#8243; bottom_border_diagonal_direction=&#8221;&#8221; bottom_border_style=&#8221;&#8221; custom_arrow_bg=&#8221;&#8221; id=&#8221;&#8221; color=&#8221;main_color&#8221; background=&#8221;bg_color&#8221; custom_bg=&#8221;&#8221; background_gradient_color1=&#8221;&#8221; background_gradient_color2=&#8221;&#8221; background_gradient_direction=&#8221;vertical&#8221; src=&#8221;https:\/\/formar-contract.it\/wp-content\/uploads\/2018\/07\/formar-contact-chi-siamo.jpg&#8221; attachment=&#8221;3364&#8243; attachment_size=&#8221;full&#8221; attach=&#8221;parallax&#8221; position=&#8221;center center&#8221; repeat=&#8221;no-repeat&#8221; video=&#8221;&#8221; video_ratio=&#8221;16:9&#8243; overlay_enable=&#8221;aviaTBoverlay_enable&#8221; overlay_opacity=&#8221;0.4&#8243; overlay_color=&#8221;#ffffff&#8221; overlay_pattern=&#8221;&#8221; overlay_custom_pattern=&#8221;&#8221; av_element_hidden_in_editor=&#8221;0&#8243; av_uid=&#8221;av-jj19wtow&#8221; custom_class=&#8221;clienti&#8221;]\n[av_heading tag=&#8221;h3&#8243; padding=&#8221;0&#8243; heading=&#8221;Clienti&#8221; color=&#8221;&#8221; style=&#8221;blockquote modern-quote modern-centered&#8221; custom_font=&#8221;&#8221; size=&#8221;60&#8243; subheading_active=&#8221;&#8221; subheading_size=&#8221;15&#8243; custom_class=&#8221;&#8221; admin_preview_bg=&#8221;&#8221; av-desktop-hide=&#8221;&#8221; av-medium-hide=&#8221;&#8221; av-small-hide=&#8221;&#8221; av-mini-hide=&#8221;&#8221; av-medium-font-size-title=&#8221;&#8221; av-small-font-size-title=&#8221;&#8221; av-mini-font-size-title=&#8221;&#8221; av-medium-font-size=&#8221;&#8221; av-small-font-size=&#8221;&#8221; av-mini-font-size=&#8221;&#8221; margin=&#8221;&#8221; av_uid=&#8221;av-1ydxs4&#8243;]\nCon\u00f3cete mejor\n[\/av_heading]\n\n[av_hr class=&#8221;custom&#8221; height=&#8221;50&#8243; shadow=&#8221;no-shadow&#8221; position=&#8221;center&#8221; custom_border=&#8221;av-border-fat&#8221; custom_width=&#8221;100px&#8221; custom_border_color=&#8221;#fab300&#8243; custom_margin_top=&#8221;0px&#8221; custom_margin_bottom=&#8221;30px&#8221; icon_select=&#8221;no&#8221; custom_icon_color=&#8221;&#8221; icon=&#8221;ue808&#8243; font=&#8221;entypo-fontello&#8221; av_uid=&#8221;av-jj21opc3&#8243; custom_class=&#8221;&#8221; admin_preview_bg=&#8221;&#8221;]\n\n[av_portfolio categories=&#8221;148&#8243; columns=&#8221;5&#8243; one_column_template=&#8221;special&#8221; items=&#8221;5&#8243; contents=&#8221;title&#8221; preview_mode=&#8221;custom&#8221; image_size=&#8221;no scaling&#8221; linking=&#8221;ajax&#8221; sort=&#8221;no&#8221; paginate=&#8221;no&#8221; query_orderby=&#8221;date&#8221; query_order=&#8221;ASC&#8221; av-medium-columns=&#8221;&#8221; av-small-columns=&#8221;&#8221; av-mini-columns=&#8221;&#8221; av_uid=&#8221;av-jj2sxdh1&#8243; custom_class=&#8221;&#8221;]\n[\/av_section]\n\n[av_section min_height=&#8221;&#8221; min_height_px=&#8221;500px&#8221; padding=&#8221;default&#8221; shadow=&#8221;no-border-styling&#8221; bottom_border=&#8221;no-border-styling&#8221; bottom_border_diagonal_color=&#8221;#333333&#8243; bottom_border_diagonal_direction=&#8221;&#8221; bottom_border_style=&#8221;&#8221; custom_arrow_bg=&#8221;&#8221; id=&#8221;&#8221; color=&#8221;main_color&#8221; background=&#8221;bg_gradient&#8221; custom_bg=&#8221;&#8221; background_gradient_color1=&#8221;#fab300&#8243; background_gradient_color2=&#8221;#f7c100&#8243; background_gradient_direction=&#8221;diagonal_tb&#8221; src=&#8221;&#8221; attachment=&#8221;&#8221; attachment_size=&#8221;&#8221; attach=&#8221;scroll&#8221; position=&#8221;top left&#8221; repeat=&#8221;no-repeat&#8221; video=&#8221;&#8221; video_ratio=&#8221;16:9&#8243; overlay_opacity=&#8221;0.5&#8243; overlay_color=&#8221;&#8221; overlay_pattern=&#8221;&#8221; overlay_custom_pattern=&#8221;&#8221; av_element_hidden_in_editor=&#8221;0&#8243; av_uid=&#8221;av-97digt&#8221; custom_class=&#8221;&#8221;]\n[av_one_fifth first min_height=&#8221;av-equal-height-column&#8221; vertical_alignment=&#8221;av-align-middle&#8221; space=&#8221;no_margin&#8221; margin=&#8221;0px&#8221; margin_sync=&#8221;true&#8221; link=&#8221;&#8221; linktarget=&#8221;&#8221; link_hover=&#8221;&#8221; padding=&#8221;0px&#8221; padding_sync=&#8221;true&#8221; border=&#8221;&#8221; border_color=&#8221;&#8221; radius=&#8221;0px&#8221; radius_sync=&#8221;true&#8221; background=&#8221;bg_color&#8221; background_color=&#8221;&#8221; background_gradient_color1=&#8221;&#8221; background_gradient_color2=&#8221;&#8221; background_gradient_direction=&#8221;vertical&#8221; src=&#8221;&#8221; attachment=&#8221;&#8221; attachment_size=&#8221;&#8221; background_position=&#8221;top left&#8221; background_repeat=&#8221;no-repeat&#8221; animation=&#8221;&#8221; mobile_breaking=&#8221;&#8221; mobile_display=&#8221;&#8221; av_uid=&#8221;av-86lkfh&#8221; custom_class=&#8221;&#8221;]\n\n[av_font_icon icon=&#8221;ue854&#8243; font=&#8221;entypo-fontello&#8221; style=&#8221;border&#8221; caption=&#8221;&#8221; link=&#8221;page,3516&#8243; linktarget=&#8221;&#8221; size=&#8221;60px&#8221; position=&#8221;center&#8221; color=&#8221;#ffffff&#8221; av_uid=&#8221;av-jj23v1yv&#8221; custom_class=&#8221;&#8221; admin_preview_bg=&#8221;&#8221;][\/av_font_icon]\n\n[\/av_one_fifth][av_three_fifth min_height=&#8221;&#8221; vertical_alignment=&#8221;av-align-top&#8221; space=&#8221;&#8221; margin=&#8221;0px&#8221; margin_sync=&#8221;true&#8221; link=&#8221;&#8221; linktarget=&#8221;&#8221; link_hover=&#8221;&#8221; padding=&#8221;0px,20px,0px,0px&#8221; border=&#8221;&#8221; border_color=&#8221;&#8221; radius=&#8221;0px&#8221; radius_sync=&#8221;true&#8221; background=&#8221;bg_color&#8221; background_color=&#8221;&#8221; background_gradient_color1=&#8221;&#8221; background_gradient_color2=&#8221;&#8221; background_gradient_direction=&#8221;vertical&#8221; src=&#8221;&#8221; attachment=&#8221;&#8221; attachment_size=&#8221;&#8221; background_position=&#8221;top left&#8221; background_repeat=&#8221;no-repeat&#8221; animation=&#8221;&#8221; mobile_breaking=&#8221;&#8221; mobile_display=&#8221;&#8221; av_uid=&#8221;av-69i7od&#8221; custom_class=&#8221;&#8221;]\n\n[av_heading tag=&#8221;h3&#8243; padding=&#8221;0&#8243; heading=&#8221;Contattaci&#8221; color=&#8221;custom-color-heading&#8221; style=&#8221;blockquote modern-quote&#8221; custom_font=&#8221;#020202&#8243; size=&#8221;28&#8243; subheading_active=&#8221;&#8221; subheading_size=&#8221;15&#8243; custom_class=&#8221;&#8221; admin_preview_bg=&#8221;&#8221; av-desktop-hide=&#8221;&#8221; av-medium-hide=&#8221;&#8221; av-small-hide=&#8221;&#8221; av-mini-hide=&#8221;&#8221; av-medium-font-size-title=&#8221;&#8221; av-small-font-size-title=&#8221;&#8221; av-mini-font-size-title=&#8221;&#8221; av-medium-font-size=&#8221;&#8221; av-small-font-size=&#8221;&#8221; av-mini-font-size=&#8221;&#8221; margin=&#8221;&#8221; av_uid=&#8221;av-22loqs&#8221;]\nFormar Contrato tambi\u00e9n es\n[\/av_heading]\n\n[av_textblock size=&#8221;17&#8243; font_color=&#8221;custom&#8221; color=&#8221;#020202&#8243; av-medium-font-size=&#8221;&#8221; av-small-font-size=&#8221;&#8221; av-mini-font-size=&#8221;&#8221; av_uid=&#8221;av-jj23wau4&#8243; custom_class=&#8221;&#8221; admin_preview_bg=&#8221;&#8221;]\n<strong>Nuestro Servicio de Atenci\u00f3n al Cliente est\u00e1 a su disposici\u00f3n. <\/strong>Para cualquier informaci\u00f3n o solicitud de presupuesto, \u00a1no dudes en ponerte en contacto con nosotros!\nNuestros profesionales responder\u00e1n a tus preguntas sobre nuestros servicios: dise\u00f1o, realizaci\u00f3n, entrega y montaje de mobiliario de oficina. \n[\/av_textblock]\n\n[\/av_three_fifth][av_one_fifth min_height=&#8221;&#8221; vertical_alignment=&#8221;&#8221; space=&#8221;&#8221; custom_margin=&#8221;&#8221; margin=&#8221;0px&#8221; link=&#8221;&#8221; linktarget=&#8221;&#8221; link_hover=&#8221;&#8221; padding=&#8221;0px&#8221; border=&#8221;&#8221; border_color=&#8221;&#8221; radius=&#8221;0px&#8221; background=&#8221;bg_color&#8221; background_color=&#8221;&#8221; background_gradient_color1=&#8221;&#8221; background_gradient_color2=&#8221;&#8221; background_gradient_direction=&#8221;vertical&#8221; src=&#8221;&#8221; background_position=&#8221;top left&#8221; background_repeat=&#8221;no-repeat&#8221; animation=&#8221;&#8221; mobile_breaking=&#8221;&#8221; mobile_display=&#8221;&#8221; av_uid=&#8221;av-4qrmbh&#8221;]\n\n[av_button_big label=&#8221;ESCRIBE&#8221; description_pos=&#8221;below&#8221; link=&#8221;page,3516&#8243; link_target=&#8221;&#8221; icon_select=&#8221;yes-left-icon&#8221; icon=&#8221;ue805&#8243; font=&#8221;entypo-fontello&#8221; custom_font=&#8221;&#8221; color=&#8221;theme-color-subtle&#8221; custom_bg=&#8221;#444444&#8243; color_hover=&#8221;theme-color-subtle&#8221; custom_bg_hover=&#8221;#444444&#8243; av_uid=&#8221;av-2p4q7x&#8221; custom_class=&#8221;&#8221; admin_preview_bg=&#8221;&#8221;][\/av_button_big]\n\n[av_hr class=&#8221;invisible&#8221; height=&#8221;20&#8243; shadow=&#8221;no-shadow&#8221; position=&#8221;center&#8221; custom_border=&#8221;av-border-thin&#8221; custom_width=&#8221;50px&#8221; custom_border_color=&#8221;&#8221; custom_margin_top=&#8221;30px&#8221; custom_margin_bottom=&#8221;30px&#8221; icon_select=&#8221;yes&#8221; custom_icon_color=&#8221;&#8221; icon=&#8221;ue808&#8243; font=&#8221;entypo-fontello&#8221; av_uid=&#8221;av-jj24q137&#8243; custom_class=&#8221;&#8221; admin_preview_bg=&#8221;&#8221;]\n\n[av_button_big label=&#8221;LL\u00c1MANOS&#8221; description_pos=&#8221;below&#8221; link=&#8221;manually,tel:+390715906063&#8243; link_target=&#8221;_blank&#8221; icon_select=&#8221;yes-left-icon&#8221; icon=&#8221;ue854&#8243; font=&#8221;entypo-fontello&#8221; custom_font=&#8221;&#8221; color=&#8221;theme-color-subtle&#8221; custom_bg=&#8221;#444444&#8243; color_hover=&#8221;theme-color-subtle&#8221; custom_bg_hover=&#8221;#444444&#8243; av_uid=&#8221;av-2p4q7x&#8221; custom_class=&#8221;&#8221; admin_preview_bg=&#8221;&#8221;][\/av_button_big]\n\n[\/av_one_fifth]\n[\/av_section]\n","protected":false},"excerpt":{"rendered":"[av_section min_height=&#8221;&#8221; min_height_px=&#8221;500px&#8221; padding=&#8221;default&#8221; shadow=&#8221;no-border-styling&#8221; bottom_border=&#8221;no-border-styling&#8221; bottom_border_diagonal_color=&#8221;#333333&#8243; bottom_border_diagonal_direction=&#8221;&#8221; bottom_border_style=&#8221;&#8221; custom_arrow_bg=&#8221;&#8221; id=&#8221;&#8221; color=&#8221;main_color&#8221; background=&#8221;bg_color&#8221; custom_bg=&#8221;#ffffff&#8221; background_gradient_color1=&#8221;&#8221; background_gradient_color2=&#8221;&#8221; background_gradient_direction=&#8221;vertical&#8221; src=&#8221;&#8221; attachment=&#8221;&#8221; attachment_size=&#8221;&#8221; attach=&#8221;scroll&#8221; position=&#8221;top left&#8221; repeat=&#8221;no-repeat&#8221; video=&#8221;&#8221; video_ratio=&#8221;16:9&#8243; overlay_opacity=&#8221;0.5&#8243; overlay_color=&#8221;&#8221; overlay_pattern=&#8221;&#8221; overlay_custom_pattern=&#8221;&#8221; av_element_hidden_in_editor=&#8221;0&#8243; av_uid=&#8221;av-jj21ix0a&#8221; custom_class=&#8221;&#8221;] [av_heading heading=&#8221;Referenze&#8221; tag=&#8221;h3&#8243; link_apply=&#8221;&#8221; link=&#8221;&#8221; link_target=&#8221;&#8221; style=&#8221;blockquote modern-quote modern-centered&#8221; size=&#8221;60&#8243; subheading_active=&#8221;&#8221; subheading_size=&#8221;15&#8243; margin=&#8221;&#8221; padding=&#8221;0&#8243; color=&#8221;&#8221; custom_font=&#8221;&#8221; custom_class=&#8221;&#8221; admin_preview_bg=&#8221;&#8221; av-desktop-hide=&#8221;&#8221; av-medium-hide=&#8221;&#8221; av-small-hide=&#8221;&#8221; av-mini-hide=&#8221;&#8221; [&#8230;]\n","protected":false},"author":5,"featured_media":0,"parent":26229,"menu_order":0,"comment_status":"closed","ping_status":"closed","template":"","meta":{"_joinchat":[],"footnotes":""},"class_list":["post-36425","page","type-page","status-publish","hentry"],"yoast_head":"<!-- This site is optimized with the Yoast SEO plugin v27.4 - https:\/\/yoast.com\/product\/yoast-seo-wordpress\/ -->\n<title>Referencias - Formar.shop<\/title>\n<meta name=\"robots\" content=\"index, follow, max-snippet:-1, max-image-preview:large, max-video-preview:-1\" \/>\n<link rel=\"canonical\" href=\"https:\/\/formar.shop\/es\/quienes-somos\/referencias\/\" \/>\n<script type=\"application\/ld+json\" class=\"yoast-schema-graph\">{\"@context\":\"https:\\\/\\\/schema.org\",\"@graph\":[{\"@type\":\"WebPage\",\"@id\":\"https:\\\/\\\/formar.shop\\\/es\\\/quienes-somos\\\/referencias\\\/\",\"url\":\"https:\\\/\\\/formar.shop\\\/es\\\/quienes-somos\\\/referencias\\\/\",\"name\":\"Referencias - Formar.shop\",\"isPartOf\":{\"@id\":\"https:\\\/\\\/formar.shop\\\/es\\\/#website\"},\"datePublished\":\"2024-04-16T15:22:20+00:00\",\"dateModified\":\"2024-04-16T15:22:23+00:00\",\"breadcrumb\":{\"@id\":\"https:\\\/\\\/formar.shop\\\/es\\\/quienes-somos\\\/referencias\\\/#breadcrumb\"},\"inLanguage\":\"es-ES\",\"potentialAction\":[{\"@type\":\"ReadAction\",\"target\":[\"https:\\\/\\\/formar.shop\\\/es\\\/quienes-somos\\\/referencias\\\/\"]}]},{\"@type\":\"BreadcrumbList\",\"@id\":\"https:\\\/\\\/formar.shop\\\/es\\\/quienes-somos\\\/referencias\\\/#breadcrumb\",\"itemListElement\":[{\"@type\":\"ListItem\",\"position\":1,\"name\":\"Home\",\"item\":\"https:\\\/\\\/formar.shop\\\/es\\\/auto-draft\\\/\"},{\"@type\":\"ListItem\",\"position\":2,\"name\":\"Sobre nosotros\",\"item\":\"https:\\\/\\\/formar.shop\\\/es\\\/quienes-somos\\\/\"},{\"@type\":\"ListItem\",\"position\":3,\"name\":\"Referencias\"}]},{\"@type\":\"WebSite\",\"@id\":\"https:\\\/\\\/formar.shop\\\/es\\\/#website\",\"url\":\"https:\\\/\\\/formar.shop\\\/es\\\/\",\"name\":\"Formar.shop\",\"description\":\"Soluzioni espresse con stile\",\"potentialAction\":[{\"@type\":\"SearchAction\",\"target\":{\"@type\":\"EntryPoint\",\"urlTemplate\":\"https:\\\/\\\/formar.shop\\\/es\\\/?s={search_term_string}\"},\"query-input\":{\"@type\":\"PropertyValueSpecification\",\"valueRequired\":true,\"valueName\":\"search_term_string\"}}],\"inLanguage\":\"es-ES\"}]}<\/script>\n<!-- \/ Yoast SEO plugin. -->","yoast_head_json":{"title":"Referencias - Formar.shop","robots":{"index":"index","follow":"follow","max-snippet":"max-snippet:-1","max-image-preview":"max-image-preview:large","max-video-preview":"max-video-preview:-1"},"canonical":"https:\/\/formar.shop\/es\/quienes-somos\/referencias\/","schema":{"@context":"https:\/\/schema.org","@graph":[{"@type":"WebPage","@id":"https:\/\/formar.shop\/es\/quienes-somos\/referencias\/","url":"https:\/\/formar.shop\/es\/quienes-somos\/referencias\/","name":"Referencias - Formar.shop","isPartOf":{"@id":"https:\/\/formar.shop\/es\/#website"},"datePublished":"2024-04-16T15:22:20+00:00","dateModified":"2024-04-16T15:22:23+00:00","breadcrumb":{"@id":"https:\/\/formar.shop\/es\/quienes-somos\/referencias\/#breadcrumb"},"inLanguage":"es-ES","potentialAction":[{"@type":"ReadAction","target":["https:\/\/formar.shop\/es\/quienes-somos\/referencias\/"]}]},{"@type":"BreadcrumbList","@id":"https:\/\/formar.shop\/es\/quienes-somos\/referencias\/#breadcrumb","itemListElement":[{"@type":"ListItem","position":1,"name":"Home","item":"https:\/\/formar.shop\/es\/auto-draft\/"},{"@type":"ListItem","position":2,"name":"Sobre nosotros","item":"https:\/\/formar.shop\/es\/quienes-somos\/"},{"@type":"ListItem","position":3,"name":"Referencias"}]},{"@type":"WebSite","@id":"https:\/\/formar.shop\/es\/#website","url":"https:\/\/formar.shop\/es\/","name":"Formar.shop","description":"Soluzioni espresse con stile","potentialAction":[{"@type":"SearchAction","target":{"@type":"EntryPoint","urlTemplate":"https:\/\/formar.shop\/es\/?s={search_term_string}"},"query-input":{"@type":"PropertyValueSpecification","valueRequired":true,"valueName":"search_term_string"}}],"inLanguage":"es-ES"}]}},"_links":{"self":[{"href":"https:\/\/formar.shop\/es\/wp-json\/wp\/v2\/pages\/36425","targetHints":{"allow":["GET"]}}],"collection":[{"href":"https:\/\/formar.shop\/es\/wp-json\/wp\/v2\/pages"}],"about":[{"href":"https:\/\/formar.shop\/es\/wp-json\/wp\/v2\/types\/page"}],"author":[{"embeddable":true,"href":"https:\/\/formar.shop\/es\/wp-json\/wp\/v2\/users\/5"}],"replies":[{"embeddable":true,"href":"https:\/\/formar.shop\/es\/wp-json\/wp\/v2\/comments?post=36425"}],"version-history":[{"count":1,"href":"https:\/\/formar.shop\/es\/wp-json\/wp\/v2\/pages\/36425\/revisions"}],"predecessor-version":[{"id":36429,"href":"https:\/\/formar.shop\/es\/wp-json\/wp\/v2\/pages\/36425\/revisions\/36429"}],"up":[{"embeddable":true,"href":"https:\/\/formar.shop\/es\/wp-json\/wp\/v2\/pages\/26229"}],"wp:attachment":[{"href":"https:\/\/formar.shop\/es\/wp-json\/wp\/v2\/media?parent=36425"}],"curies":[{"name":"wp","href":"https:\/\/api.w.org\/{rel}","templated":true}]}}