{"id":29063,"date":"2023-04-27T09:53:29","date_gmt":"2023-04-27T07:53:29","guid":{"rendered":"https:\/\/formar.shop\/seguimiento-de-envios\/"},"modified":"2023-04-27T09:53:29","modified_gmt":"2023-04-27T07:53:29","slug":"seguimiento-de-envios","status":"publish","type":"page","link":"https:\/\/formar.shop\/es\/seguimiento-de-envios\/","title":{"rendered":"Seguimiento de env\u00edos"},"content":{"rendered":"\n<style>\n\t.order_track_form div.search_order_form button {\n\t\tbackground: #3c4858;\n\t}\n\t.order_track_form div.search_order_form button {\n\t\tcolor: #fff;\n\t}\n.order_track_form input.ts_from_input:checked + label {\n\tcolor:  !important;\n\tborder-bottom: 3px solid ;\n\tmargin-bottom: -2px;\n}\n.order_track_form {\n\tmax-width: 800px;\n\tmargin: 0 auto 20px;\n\tborder: 1px solid #e0e0e0;\n\tmin-height: 330px;\n}\n.track_fail_msg {\n\tcolor: red;\n\tpadding: 0 20px 15px;\n}\n<\/style>\n<div class=\"track-order-section\">\n\t<form method=\"post\" class=\"order_track_form\">\n\t\t<div class=\"search_order_form\">\n\t\t\t\t\t\t\t<style>\n\t\t\t\t\t.search_order_form .order_id_email.tracking_form { display:block; }\n\t\t\t\t\t.by_tracking_number {display:none;}\n\t\t\t\t\tform.order_track_form {min-height:auto;}\n\t\t\t\t\t<\/style>\n\t\t\t\t\t\t<div class=\"tracking_form_tabs\">\n\t\t\t\t<input id=\"for_order_number\" type=\"radio\" name=\"ts_tracking_form\" class=\"ts_from_input\" data-name=\"order_id_email\" checked>\n\t\t\t\t<label for=\"for_order_number\" class=\"ts_from_label for_order_number\">Detalles del pedido<\/label>\n\t\t\t\t<input id=\"for_tracking_number\" type=\"radio\" name=\"ts_tracking_form\" class=\"ts_from_input\" data-name=\"by_tracking_number\">\n\t\t\t\t<label for=\"for_tracking_number\" class=\"ts_from_label for_tracking_number\">El n\u00famero de rastreo<\/label>\n\t\t\t<\/div>\n\t\t\t<div class=\"order_id_email tracking_form\">\n\t\t\t\t<p>Para rastrear su pedido, ingrese su n\u00famero de pedido y direcci\u00f3n de correo electr\u00f3nico:<\/p>\n\t\t\t\t<p class=\"form-row\"><label for=\"order_id\">Solicitar ID<\/label> <input class=\"input-text\" type=\"text\" name=\"order_id\" id=\"order_id\" value=\"\" placeholder=\"N\u00famero de orden\"><\/p>\n\t\t\t\t<p class=\"form-row\"><label for=\"order_email\">Orden de correo electr\u00f3nico<\/label> <input class=\"input-text\" type=\"text\" name=\"order_email\" id=\"order_email\" value=\"\" placeholder=\"Direcci\u00f3n de correo electr\u00f3nico\"><\/p>\n\t\t\t\t<p class=\"form-row\" style=\"margin-bottom:0;\"><button type=\"submit\" class=\"button btn btn-secondary\" name=\"track\" value=\"Track\">Track your order<\/button><\/p>\n\t\t\t<\/div>\n\t\t\t<div class=\"by_tracking_number tracking_form\">\n\t\t\t\t<p>Para rastrear su pedido, ingrese el n\u00famero de seguimiento que recibi\u00f3 en el correo electr\u00f3nico de confirmaci\u00f3n de env\u00edo<\/p>\n\t\t\t\t<p class=\"form-row\"><label for=\"order_tracking_number\">El n\u00famero de rastreo<\/label><input class=\"input-text\" type=\"text\" name=\"order_tracking_number\" id=\"order_tracking_number\" value=\"\" placeholder=\"N\u00famero de seguimiento del pedido.\"><\/p>\n\t\t\t\t<p class=\"form-row\" style=\"margin-bottom:0;\"><button type=\"submit\" class=\"button btn btn-secondary\" name=\"track\" value=\"Track\">Track your order<\/button><\/p>\n\t\t\t<\/div>\n\t\t\t<div class=\"track_fail_msg\" style=\"display:none;\"><\/div>\n\t\t<\/div>\n\t\t<div class=\"clear\"><\/div>\n\t\t<input type=\"hidden\" name=\"action\" value=\"get_tracking_info\">\n\t\t<input type=\"hidden\" name=\"fronted\" value=\"yes\">\n\t\t<input type=\"hidden\" id=\"_wpnonce\" name=\"_wpnonce\" value=\"7905d32f0c\" \/><input type=\"hidden\" name=\"_wp_http_referer\" value=\"\/es\/wp-json\/wp\/v2\/pages\/29063\" \/>\t<\/form>\n\t<div class=\"trackship_branding\">\n\t\t<p><span>Energizado por<\/span><img decoding=\"async\" src=\"https:\/\/formar.shop\/wp-content\/plugins\/trackship-for-woocommerce\/assets\/images\/trackship-logo.png\"><\/p>\n\t<\/div>\n\t<\/div>\n\n","protected":false},"excerpt":{"rendered":"","protected":false},"author":1,"featured_media":0,"parent":0,"menu_order":0,"comment_status":"closed","ping_status":"closed","template":"","meta":{"_joinchat":[],"footnotes":""},"class_list":["post-29063","page","type-page","status-publish","hentry"],"yoast_head":"<!-- This site is optimized with the Yoast SEO plugin v27.5 - https:\/\/yoast.com\/product\/yoast-seo-wordpress\/ -->\n<title>Seguimiento de env\u00edos - Formar.shop<\/title>\n<meta name=\"robots\" content=\"index, follow, max-snippet:-1, max-image-preview:large, max-video-preview:-1\" \/>\n<link rel=\"canonical\" href=\"https:\/\/formar.shop\/es\/seguimiento-de-envios\/\" \/>\n<script type=\"application\/ld+json\" class=\"yoast-schema-graph\">{\"@context\":\"https:\\\/\\\/schema.org\",\"@graph\":[{\"@type\":\"WebPage\",\"@id\":\"https:\\\/\\\/formar.shop\\\/es\\\/seguimiento-de-envios\\\/\",\"url\":\"https:\\\/\\\/formar.shop\\\/es\\\/seguimiento-de-envios\\\/\",\"name\":\"Seguimiento de env\u00edos - Formar.shop\",\"isPartOf\":{\"@id\":\"https:\\\/\\\/formar.shop\\\/es\\\/#website\"},\"datePublished\":\"2023-04-27T07:53:29+00:00\",\"breadcrumb\":{\"@id\":\"https:\\\/\\\/formar.shop\\\/es\\\/seguimiento-de-envios\\\/#breadcrumb\"},\"inLanguage\":\"es-ES\",\"potentialAction\":[{\"@type\":\"ReadAction\",\"target\":[\"https:\\\/\\\/formar.shop\\\/es\\\/seguimiento-de-envios\\\/\"]}]},{\"@type\":\"BreadcrumbList\",\"@id\":\"https:\\\/\\\/formar.shop\\\/es\\\/seguimiento-de-envios\\\/#breadcrumb\",\"itemListElement\":[{\"@type\":\"ListItem\",\"position\":1,\"name\":\"Home\",\"item\":\"https:\\\/\\\/formar.shop\\\/es\\\/auto-draft\\\/\"},{\"@type\":\"ListItem\",\"position\":2,\"name\":\"Seguimiento de env\u00edos\"}]},{\"@type\":\"WebSite\",\"@id\":\"https:\\\/\\\/formar.shop\\\/es\\\/#website\",\"url\":\"https:\\\/\\\/formar.shop\\\/es\\\/\",\"name\":\"Formar.shop\",\"description\":\"Soluzioni espresse con stile\",\"potentialAction\":[{\"@type\":\"SearchAction\",\"target\":{\"@type\":\"EntryPoint\",\"urlTemplate\":\"https:\\\/\\\/formar.shop\\\/es\\\/?s={search_term_string}\"},\"query-input\":{\"@type\":\"PropertyValueSpecification\",\"valueRequired\":true,\"valueName\":\"search_term_string\"}}],\"inLanguage\":\"es-ES\"}]}<\/script>\n<!-- \/ Yoast SEO plugin. -->","yoast_head_json":{"title":"Seguimiento de env\u00edos - Formar.shop","robots":{"index":"index","follow":"follow","max-snippet":"max-snippet:-1","max-image-preview":"max-image-preview:large","max-video-preview":"max-video-preview:-1"},"canonical":"https:\/\/formar.shop\/es\/seguimiento-de-envios\/","schema":{"@context":"https:\/\/schema.org","@graph":[{"@type":"WebPage","@id":"https:\/\/formar.shop\/es\/seguimiento-de-envios\/","url":"https:\/\/formar.shop\/es\/seguimiento-de-envios\/","name":"Seguimiento de env\u00edos - Formar.shop","isPartOf":{"@id":"https:\/\/formar.shop\/es\/#website"},"datePublished":"2023-04-27T07:53:29+00:00","breadcrumb":{"@id":"https:\/\/formar.shop\/es\/seguimiento-de-envios\/#breadcrumb"},"inLanguage":"es-ES","potentialAction":[{"@type":"ReadAction","target":["https:\/\/formar.shop\/es\/seguimiento-de-envios\/"]}]},{"@type":"BreadcrumbList","@id":"https:\/\/formar.shop\/es\/seguimiento-de-envios\/#breadcrumb","itemListElement":[{"@type":"ListItem","position":1,"name":"Home","item":"https:\/\/formar.shop\/es\/auto-draft\/"},{"@type":"ListItem","position":2,"name":"Seguimiento de env\u00edos"}]},{"@type":"WebSite","@id":"https:\/\/formar.shop\/es\/#website","url":"https:\/\/formar.shop\/es\/","name":"Formar.shop","description":"Soluzioni espresse con stile","potentialAction":[{"@type":"SearchAction","target":{"@type":"EntryPoint","urlTemplate":"https:\/\/formar.shop\/es\/?s={search_term_string}"},"query-input":{"@type":"PropertyValueSpecification","valueRequired":true,"valueName":"search_term_string"}}],"inLanguage":"es-ES"}]}},"_links":{"self":[{"href":"https:\/\/formar.shop\/es\/wp-json\/wp\/v2\/pages\/29063","targetHints":{"allow":["GET"]}}],"collection":[{"href":"https:\/\/formar.shop\/es\/wp-json\/wp\/v2\/pages"}],"about":[{"href":"https:\/\/formar.shop\/es\/wp-json\/wp\/v2\/types\/page"}],"author":[{"embeddable":true,"href":"https:\/\/formar.shop\/es\/wp-json\/wp\/v2\/users\/1"}],"replies":[{"embeddable":true,"href":"https:\/\/formar.shop\/es\/wp-json\/wp\/v2\/comments?post=29063"}],"version-history":[{"count":1,"href":"https:\/\/formar.shop\/es\/wp-json\/wp\/v2\/pages\/29063\/revisions"}],"predecessor-version":[{"id":29064,"href":"https:\/\/formar.shop\/es\/wp-json\/wp\/v2\/pages\/29063\/revisions\/29064"}],"wp:attachment":[{"href":"https:\/\/formar.shop\/es\/wp-json\/wp\/v2\/media?parent=29063"}],"curies":[{"name":"wp","href":"https:\/\/api.w.org\/{rel}","templated":true}]}}