{"id":26434,"date":"2023-02-06T20:16:18","date_gmt":"2023-02-06T19:16:18","guid":{"rendered":"https:\/\/formar.shop\/normas-de-devolucion\/"},"modified":"2025-11-18T11:28:15","modified_gmt":"2025-11-18T10:28:15","slug":"normas-de-devolucion","status":"publish","type":"page","link":"https:\/\/formar.shop\/es\/normas-de-devolucion\/","title":{"rendered":"NORMAS DE DEVOLUCI\u00d3N"},"content":{"rendered":"<h3><span style=\"font-size: 140%;\"><strong>CONDICIONES GENERALES<\/strong><\/span><\/h3>\n<\/p>\n<p><span style=\"font-size: 110%; color: #000000;\"><strong>Es posible devolver los productos adquiridos mediante un procedimiento sencillo y r\u00e1pido.<\/strong><\/span><\/p>\n<p>De conformidad con la <em>Directiva Europea 2011\/83, transpuesta en Italia por el Decreto Legislativo de 3 de diciembre de 2013<\/em>, el comprador puede desistir del contrato de compra sin especificar necesariamente el motivo de la devoluci\u00f3n.<\/p>\n<p>El comprador que desee ejercer el derecho de desistimiento deber\u00e1 notificar su intenci\u00f3n a Formar Contract por carta certificada con acuse de recibo o por <strong>Pec<\/strong>, <strong>en el plazo de 14 d\u00edas h\u00e1biles<\/strong> desde la fecha de entrega, adjuntando copia de los documentos de transporte, a las direcciones indicadas a continuaci\u00f3n.<\/p>\n<p><span style=\"font-size: 110%; color: #000000;\"><strong>Los gastos de devoluci\u00f3n correr\u00e1n \u00edntegramente a<\/strong> <strong>cargo del Cliente.<\/strong><\/span><\/p>\n<p>Desde el momento en que Formar Contract haya aceptado la solicitud de devoluci\u00f3n, el comprador dispondr\u00e1 de <strong>14 d\u00edas naturales para enviar la devoluci\u00f3n<\/strong>.<br \/>\nTranscurrido este plazo, el comprador ya no podr\u00e1 beneficiarse del derecho de desistimiento. <\/p>\n<p>Tras obtener la autorizaci\u00f3n de devoluci\u00f3n del operador, el comprador enviar\u00e1 el producto a<\/p>\n<p style=\"text-align: center;\"><span style=\"color: #000000;\"><strong><i>Formar Contract Srl<\/i><\/strong><\/span><\/p>\n<p style=\"text-align: center;\"><span style=\"color: #000000;\"><strong><i>Via del Consorzio 44<\/i><\/strong><\/span><\/p>\n<p style=\"text-align: center;\"><span style=\"color: #000000;\"><strong><i>60015 | Falconara Marittima (AN)<\/i><\/strong><\/span><\/p>\n<p style=\"text-align: center;\"><span style=\"color: #000000;\"><strong>info@pec.formar-contract.it<\/strong><\/span><\/p>\n<p>Formar Contract proceder\u00e1 al<strong> reembolso mediante transferencia bancaria en el plazo de 14 d\u00edas h\u00e1biles<\/strong> desde la recepci\u00f3n de la mercanc\u00eda devuelta.<\/p>\n<p>El derecho de desistimiento caduca por completo si el producto devuelto no est\u00e1 intacto, es decir, carece del embalaje exterior e interior original, est\u00e1 da\u00f1ado o incluso parcialmente usado.<\/p>\n<\/p>\n<p style=\"text-align: center;\"><strong>Nuestro Servicio de Atenci\u00f3n al Cliente est\u00e1 a su disposici\u00f3n. <\/strong><\/p>\n<p style=\"text-align: center;\">Para cualquier informaci\u00f3n o solicitud de presupuesto, \u00a1no dudes en ponerte en contacto con nosotros!<br \/>\nNuestros profesionales responder\u00e1n a tus preguntas sobre nuestros servicios: dise\u00f1o, realizaci\u00f3n, entrega y montaje de mobiliario de oficina. <\/p>\n<a href=\"https:\/\/formar.shop\/es\/contacto\/\" class=\"button primary box-shadow-1 lowercase expand\" style=\"border-radius:10px;\">\n\t\t<span>Cont\u00e1ctenos !<\/span>\n\t<\/a>\n\n","protected":false},"excerpt":{"rendered":"<p>CONDICIONES GENERALES Es posible devolver los productos adquiridos mediante un procedimiento sencillo y r\u00e1pido. De conformidad con la Directiva Europea 2011\/83, transpuesta en Italia por el Decreto Legislativo de 3 de diciembre de 2013, el comprador puede desistir del contrato de compra sin especificar necesariamente el motivo de la devoluci\u00f3n. El comprador que desee ejercer [&#8230;]\n","protected":false},"author":175,"featured_media":0,"parent":0,"menu_order":0,"comment_status":"closed","ping_status":"closed","template":"","meta":{"_joinchat":[],"footnotes":""},"class_list":["post-26434","page","type-page","status-publish","hentry"],"yoast_head":"<!-- This site is optimized with the Yoast SEO plugin v27.4 - https:\/\/yoast.com\/product\/yoast-seo-wordpress\/ -->\n<title>NORMAS DE DEVOLUCI\u00d3N - Formar.shop<\/title>\n<meta name=\"robots\" content=\"index, follow, max-snippet:-1, max-image-preview:large, max-video-preview:-1\" \/>\n<link rel=\"canonical\" href=\"https:\/\/formar.shop\/es\/normas-de-devolucion\/\" \/>\n<script type=\"application\/ld+json\" class=\"yoast-schema-graph\">{\"@context\":\"https:\\\/\\\/schema.org\",\"@graph\":[{\"@type\":\"WebPage\",\"@id\":\"https:\\\/\\\/formar.shop\\\/es\\\/normas-de-devolucion\\\/\",\"url\":\"https:\\\/\\\/formar.shop\\\/es\\\/normas-de-devolucion\\\/\",\"name\":\"NORMAS DE DEVOLUCI\u00d3N - Formar.shop\",\"isPartOf\":{\"@id\":\"https:\\\/\\\/formar.shop\\\/es\\\/#website\"},\"datePublished\":\"2023-02-06T19:16:18+00:00\",\"dateModified\":\"2025-11-18T10:28:15+00:00\",\"breadcrumb\":{\"@id\":\"https:\\\/\\\/formar.shop\\\/es\\\/normas-de-devolucion\\\/#breadcrumb\"},\"inLanguage\":\"es-ES\",\"potentialAction\":[{\"@type\":\"ReadAction\",\"target\":[\"https:\\\/\\\/formar.shop\\\/es\\\/normas-de-devolucion\\\/\"]}]},{\"@type\":\"BreadcrumbList\",\"@id\":\"https:\\\/\\\/formar.shop\\\/es\\\/normas-de-devolucion\\\/#breadcrumb\",\"itemListElement\":[{\"@type\":\"ListItem\",\"position\":1,\"name\":\"Home\",\"item\":\"https:\\\/\\\/formar.shop\\\/es\\\/auto-draft\\\/\"},{\"@type\":\"ListItem\",\"position\":2,\"name\":\"NORMAS DE DEVOLUCI\u00d3N\"}]},{\"@type\":\"WebSite\",\"@id\":\"https:\\\/\\\/formar.shop\\\/es\\\/#website\",\"url\":\"https:\\\/\\\/formar.shop\\\/es\\\/\",\"name\":\"Formar.shop\",\"description\":\"Soluzioni espresse con stile\",\"potentialAction\":[{\"@type\":\"SearchAction\",\"target\":{\"@type\":\"EntryPoint\",\"urlTemplate\":\"https:\\\/\\\/formar.shop\\\/es\\\/?s={search_term_string}\"},\"query-input\":{\"@type\":\"PropertyValueSpecification\",\"valueRequired\":true,\"valueName\":\"search_term_string\"}}],\"inLanguage\":\"es-ES\"}]}<\/script>\n<!-- \/ Yoast SEO plugin. -->","yoast_head_json":{"title":"NORMAS DE DEVOLUCI\u00d3N - Formar.shop","robots":{"index":"index","follow":"follow","max-snippet":"max-snippet:-1","max-image-preview":"max-image-preview:large","max-video-preview":"max-video-preview:-1"},"canonical":"https:\/\/formar.shop\/es\/normas-de-devolucion\/","schema":{"@context":"https:\/\/schema.org","@graph":[{"@type":"WebPage","@id":"https:\/\/formar.shop\/es\/normas-de-devolucion\/","url":"https:\/\/formar.shop\/es\/normas-de-devolucion\/","name":"NORMAS DE DEVOLUCI\u00d3N - Formar.shop","isPartOf":{"@id":"https:\/\/formar.shop\/es\/#website"},"datePublished":"2023-02-06T19:16:18+00:00","dateModified":"2025-11-18T10:28:15+00:00","breadcrumb":{"@id":"https:\/\/formar.shop\/es\/normas-de-devolucion\/#breadcrumb"},"inLanguage":"es-ES","potentialAction":[{"@type":"ReadAction","target":["https:\/\/formar.shop\/es\/normas-de-devolucion\/"]}]},{"@type":"BreadcrumbList","@id":"https:\/\/formar.shop\/es\/normas-de-devolucion\/#breadcrumb","itemListElement":[{"@type":"ListItem","position":1,"name":"Home","item":"https:\/\/formar.shop\/es\/auto-draft\/"},{"@type":"ListItem","position":2,"name":"NORMAS DE DEVOLUCI\u00d3N"}]},{"@type":"WebSite","@id":"https:\/\/formar.shop\/es\/#website","url":"https:\/\/formar.shop\/es\/","name":"Formar.shop","description":"Soluzioni espresse con stile","potentialAction":[{"@type":"SearchAction","target":{"@type":"EntryPoint","urlTemplate":"https:\/\/formar.shop\/es\/?s={search_term_string}"},"query-input":{"@type":"PropertyValueSpecification","valueRequired":true,"valueName":"search_term_string"}}],"inLanguage":"es-ES"}]}},"_links":{"self":[{"href":"https:\/\/formar.shop\/es\/wp-json\/wp\/v2\/pages\/26434","targetHints":{"allow":["GET"]}}],"collection":[{"href":"https:\/\/formar.shop\/es\/wp-json\/wp\/v2\/pages"}],"about":[{"href":"https:\/\/formar.shop\/es\/wp-json\/wp\/v2\/types\/page"}],"author":[{"embeddable":true,"href":"https:\/\/formar.shop\/es\/wp-json\/wp\/v2\/users\/175"}],"replies":[{"embeddable":true,"href":"https:\/\/formar.shop\/es\/wp-json\/wp\/v2\/comments?post=26434"}],"version-history":[{"count":2,"href":"https:\/\/formar.shop\/es\/wp-json\/wp\/v2\/pages\/26434\/revisions"}],"predecessor-version":[{"id":36505,"href":"https:\/\/formar.shop\/es\/wp-json\/wp\/v2\/pages\/26434\/revisions\/36505"}],"wp:attachment":[{"href":"https:\/\/formar.shop\/es\/wp-json\/wp\/v2\/media?parent=26434"}],"curies":[{"name":"wp","href":"https:\/\/api.w.org\/{rel}","templated":true}]}}