{"id":26400,"date":"2023-02-06T19:17:57","date_gmt":"2023-02-06T18:17:57","guid":{"rendered":"https:\/\/formar.shop\/guia-de-compra\/"},"modified":"2024-10-03T18:32:34","modified_gmt":"2024-10-03T16:32:34","slug":"guia-de-compra","status":"publish","type":"page","link":"https:\/\/formar.shop\/es\/guia-de-compra\/","title":{"rendered":"GU\u00cdA DE COMPRA"},"content":{"rendered":"\t<div id=\"text-2643812679\" class=\"text\">\n\t\t\n<p><strong>Condiciones generales<\/strong><\/p>\n<p>Formar.shop de Formar Contract permite a todo el mundo comprar sus productos en l\u00ednea, a trav\u00e9s de un servicio <strong>sencillo, c\u00f3modo y seguro.<\/strong><\/p>\n<p>Es posible realizar una compra despu\u00e9s de registrarse o como invitado, pero en ambos casos es necesario rellenar todos los campos obligatorios. <\/p>\n<p><strong>Todos los pedidos est\u00e1n sujetos a confirmaci\u00f3n<\/strong>.<\/p>\n<\/p>\n<p><strong>Inscripci\u00f3n<\/strong><\/p>\n<p>Tras el registro, que s\u00f3lo requiere unos sencillos pasos, el nuevo cliente dispone de un panel de control interno en el que puede introducir su direcci\u00f3n de env\u00edo, permitiendo que el sistema la mantenga almacenada para agilizar la siguiente compra, y gestionar el carrito de la compra y la opci\u00f3n de comparaci\u00f3n de productos. Elige el producto, la talla y el color que desees y, tras seleccionar la cantidad deseada, a\u00f1\u00e1delo al carrito de la compra. Cuando quiera proceder a la compra, entre en la cesta de la compra, primero iniciando sesi\u00f3n si est\u00e1 registrado, y proceda con el pedido. Es posible cambiar o eliminar los productos elegidos de la cesta de la compra en cualquier momento.<\/p>\n<\/p>\n<p><strong>Pida<\/strong><\/p>\n<p>Una vez que haya seleccionado todos los productos que desea comprar, proceda con el pedido. Si tiene una cuenta actualizada con datos y direcci\u00f3n de env\u00edo, el proceso de compra ser\u00e1 m\u00e1s r\u00e1pido. <br \/>En caso contrario, introduce los datos solicitados y procede con el pedido. El pedido s\u00f3lo se tramitar\u00e1 una vez recibido el pago del producto, en funci\u00f3n de la forma de pago elegida.<\/p>\n<\/p>\n<p><strong>Nuestro Servicio de Atenci\u00f3n al Cliente est\u00e1 a su disposici\u00f3n.<\/strong><\/p>\n<p>Nuestros profesionales responder\u00e1n a sus preguntas sobre nuestros servicios.<\/p>\n<p>No dude en ponerse en contacto con nosotros para solicitar informaci\u00f3n o presupuesto. <\/p>\n<\/p>\n<p style=\"text-align: left;\"><strong>Formar Contract srl<\/strong><br \/><strong>Via del Consorzio 44<\/strong><br \/><strong>60015 | Falconara Marittima (AN)<\/strong><\/p>\n<p style=\"text-align: left;\"><a href=\"tel:800122267\">N\u00famero de tel\u00e9fono gratuito <\/a><a href=\"tel:800122267\">800 12 22 67<\/a><br \/><a href=\"tel:+390715906063\">Tel. 071 590.60.63<\/a><\/p>\n<p style=\"text-align: left;\">\n<p>Oficina de ventas: <a href=\"mailto:info@formar-contract.it\">info@formar.net<\/a> Comercio electr\u00f3nico:<a href=\"mailto:shop@formar.net\">shop@formar.net<\/a> PEC:<a href=\"mailto:info@pec.formar-contract.it\">info@pec.formar-contract.it<\/a><\/p>\n<p style=\"text-align: left;\">\n\t\t\n<style>\n#text-2643812679 {\n  color: rgb(0,0,0);\n}\n#text-2643812679 > * {\n  color: rgb(0,0,0);\n}\n<\/style>\n\t<\/div>\n\t\n","protected":false},"excerpt":{"rendered":"","protected":false},"author":6,"featured_media":0,"parent":0,"menu_order":0,"comment_status":"closed","ping_status":"closed","template":"","meta":{"_joinchat":[],"footnotes":""},"class_list":["post-26400","page","type-page","status-publish","hentry"],"yoast_head":"<!-- This site is optimized with the Yoast SEO plugin v27.3 - https:\/\/yoast.com\/product\/yoast-seo-wordpress\/ -->\n<title>GU\u00cdA DE COMPRA - Formar.shop<\/title>\n<meta name=\"robots\" content=\"index, follow, max-snippet:-1, max-image-preview:large, max-video-preview:-1\" \/>\n<link rel=\"canonical\" href=\"https:\/\/formar.shop\/es\/guia-de-compra\/\" \/>\n<script type=\"application\/ld+json\" class=\"yoast-schema-graph\">{\"@context\":\"https:\\\/\\\/schema.org\",\"@graph\":[{\"@type\":\"WebPage\",\"@id\":\"https:\\\/\\\/formar.shop\\\/es\\\/guia-de-compra\\\/\",\"url\":\"https:\\\/\\\/formar.shop\\\/es\\\/guia-de-compra\\\/\",\"name\":\"GU\u00cdA DE COMPRA - Formar.shop\",\"isPartOf\":{\"@id\":\"https:\\\/\\\/formar.shop\\\/es\\\/#website\"},\"datePublished\":\"2023-02-06T18:17:57+00:00\",\"dateModified\":\"2024-10-03T16:32:34+00:00\",\"breadcrumb\":{\"@id\":\"https:\\\/\\\/formar.shop\\\/es\\\/guia-de-compra\\\/#breadcrumb\"},\"inLanguage\":\"es-ES\",\"potentialAction\":[{\"@type\":\"ReadAction\",\"target\":[\"https:\\\/\\\/formar.shop\\\/es\\\/guia-de-compra\\\/\"]}]},{\"@type\":\"BreadcrumbList\",\"@id\":\"https:\\\/\\\/formar.shop\\\/es\\\/guia-de-compra\\\/#breadcrumb\",\"itemListElement\":[{\"@type\":\"ListItem\",\"position\":1,\"name\":\"Home\",\"item\":\"https:\\\/\\\/formar.shop\\\/es\\\/auto-draft\\\/\"},{\"@type\":\"ListItem\",\"position\":2,\"name\":\"GU\u00cdA DE COMPRA\"}]},{\"@type\":\"WebSite\",\"@id\":\"https:\\\/\\\/formar.shop\\\/es\\\/#website\",\"url\":\"https:\\\/\\\/formar.shop\\\/es\\\/\",\"name\":\"Formar.shop\",\"description\":\"Soluzioni espresse con stile\",\"potentialAction\":[{\"@type\":\"SearchAction\",\"target\":{\"@type\":\"EntryPoint\",\"urlTemplate\":\"https:\\\/\\\/formar.shop\\\/es\\\/?s={search_term_string}\"},\"query-input\":{\"@type\":\"PropertyValueSpecification\",\"valueRequired\":true,\"valueName\":\"search_term_string\"}}],\"inLanguage\":\"es-ES\"}]}<\/script>\n<!-- \/ Yoast SEO plugin. -->","yoast_head_json":{"title":"GU\u00cdA DE COMPRA - Formar.shop","robots":{"index":"index","follow":"follow","max-snippet":"max-snippet:-1","max-image-preview":"max-image-preview:large","max-video-preview":"max-video-preview:-1"},"canonical":"https:\/\/formar.shop\/es\/guia-de-compra\/","schema":{"@context":"https:\/\/schema.org","@graph":[{"@type":"WebPage","@id":"https:\/\/formar.shop\/es\/guia-de-compra\/","url":"https:\/\/formar.shop\/es\/guia-de-compra\/","name":"GU\u00cdA DE COMPRA - Formar.shop","isPartOf":{"@id":"https:\/\/formar.shop\/es\/#website"},"datePublished":"2023-02-06T18:17:57+00:00","dateModified":"2024-10-03T16:32:34+00:00","breadcrumb":{"@id":"https:\/\/formar.shop\/es\/guia-de-compra\/#breadcrumb"},"inLanguage":"es-ES","potentialAction":[{"@type":"ReadAction","target":["https:\/\/formar.shop\/es\/guia-de-compra\/"]}]},{"@type":"BreadcrumbList","@id":"https:\/\/formar.shop\/es\/guia-de-compra\/#breadcrumb","itemListElement":[{"@type":"ListItem","position":1,"name":"Home","item":"https:\/\/formar.shop\/es\/auto-draft\/"},{"@type":"ListItem","position":2,"name":"GU\u00cdA DE COMPRA"}]},{"@type":"WebSite","@id":"https:\/\/formar.shop\/es\/#website","url":"https:\/\/formar.shop\/es\/","name":"Formar.shop","description":"Soluzioni espresse con stile","potentialAction":[{"@type":"SearchAction","target":{"@type":"EntryPoint","urlTemplate":"https:\/\/formar.shop\/es\/?s={search_term_string}"},"query-input":{"@type":"PropertyValueSpecification","valueRequired":true,"valueName":"search_term_string"}}],"inLanguage":"es-ES"}]}},"_links":{"self":[{"href":"https:\/\/formar.shop\/es\/wp-json\/wp\/v2\/pages\/26400","targetHints":{"allow":["GET"]}}],"collection":[{"href":"https:\/\/formar.shop\/es\/wp-json\/wp\/v2\/pages"}],"about":[{"href":"https:\/\/formar.shop\/es\/wp-json\/wp\/v2\/types\/page"}],"author":[{"embeddable":true,"href":"https:\/\/formar.shop\/es\/wp-json\/wp\/v2\/users\/6"}],"replies":[{"embeddable":true,"href":"https:\/\/formar.shop\/es\/wp-json\/wp\/v2\/comments?post=26400"}],"version-history":[{"count":4,"href":"https:\/\/formar.shop\/es\/wp-json\/wp\/v2\/pages\/26400\/revisions"}],"predecessor-version":[{"id":39367,"href":"https:\/\/formar.shop\/es\/wp-json\/wp\/v2\/pages\/26400\/revisions\/39367"}],"wp:attachment":[{"href":"https:\/\/formar.shop\/es\/wp-json\/wp\/v2\/media?parent=26400"}],"curies":[{"name":"wp","href":"https:\/\/api.w.org\/{rel}","templated":true}]}}