{"id":26396,"date":"2023-02-06T19:05:09","date_gmt":"2023-02-06T18:05:09","guid":{"rendered":"https:\/\/formar.shop\/recepcion-de-pedidos-que-hacer\/"},"modified":"2024-04-16T18:11:11","modified_gmt":"2024-04-16T16:11:11","slug":"recepcion-de-pedidos-que-hacer","status":"publish","type":"page","link":"https:\/\/formar.shop\/es\/recepcion-de-pedidos-que-hacer\/","title":{"rendered":"RECEPCI\u00d3N DE PEDIDOS: \u00bfqu\u00e9 hacer?"},"content":{"rendered":"<p>Estimado cliente,<\/p>\n<p>Para garantizar que tu compra llegue en perfectas condiciones de transporte, siempre hemos recurrido a profesionales del env\u00edo.<br \/>Pero a veces puede ocurrir que los paquetes o paquetes de art\u00edculos pedidos no lleguen en su estado original y no se manipulen con el mismo cuidado que solemos tener.<br \/>Para ello, le pedimos que eche un vistazo r\u00e1pido a la nota que figura a continuaci\u00f3n:<\/p>\n<ul>\n<li><span style=\"background-color: #ffff00;\">Comprueba siempre que el n\u00famero de paquetes recibidos se corresponde con el n\u00famero de paquetes marcado en la carta de porte.<\/span><\/li>\n<li><span style=\"background-color: #ffff00;\">Comprueba siempre la perfecta integridad del embalaje, ya sea un pal\u00e9 o paquetes sueltos<\/span>.<\/li>\n<\/ul>\n<p><strong><span style=\"color: #ed1c24; font-size: 120%;\"><em>En caso de anomal\u00eda cuantitativa o cualitativa, s\u00f3lo se aceptar\u00e1 la entrega haciendo constar lo siguiente en el recibo:<\/em><\/span><\/strong><\/p>\n<p style=\"text-align: center;\"><span style=\"background-color: #ffff00;\">RESERVA ESPEC\u00cdFICA\u00b9 y una descripci\u00f3n de las discrepancias encontradas.<\/span><br \/><span style=\"background-color: #ffff00;\">destacando en el POD\/palmare las discrepancias encontradas<\/span><\/p>\n<p>(N.B. las reservas gen\u00e9ricas como &#8220;mercanc\u00edas no conformes&#8221; o &#8220;reserva de control&#8221; no se consideran v\u00e1lidas)<\/p>\n<p><strong><em>Notif\u00edcanoslo inmediatamente por correo electr\u00f3nico (shop@formar-contract.it) indicando la anomal\u00eda encontrada en la entrega y la foto del recibo emitido por el mensajero indicando la Reserva Espec\u00edfica que firmaste.<\/em><\/strong><\/p>\n<p><span style=\"background-color: #ffff00;\"><strong><span style=\"font-size: 105%; background-color: #ffff00;\">\u00a1\u00a1\u00a1I M P O R T A N T E !!!<\/span><\/strong><\/span><\/p>\n<p><span style=\"color: #ed1c24;\">Firmar con <span style=\"font-size: 95%;\"><br \/>\n  <strong>Reserva espec\u00edfica<\/strong><br \/>\n<\/span> significa que el destinatario se reserva el derecho de comprobar la integridad de la mercanc\u00eda, con la posibilidad de recurrir contra el transportista en caso de da\u00f1os.<\/span><\/p>\n<p>\u00b9 <strong><br \/>\n  <em>Haz clic en el bot\u00f3n de abajo y encontrar\u00e1s un pdf, que muestra c\u00f3mo poner la redacci\u00f3n Reserva espec\u00edfica y una descripci\u00f3n gen\u00e9rica de la discrepancia.<\/em><br \/>\n<\/strong><\/p>\n<p>Gracias por tu colaboraci\u00f3n y disponibilidad.<br \/>El equipo de Formar Contract Srl<\/p>\n<a href=\"https:\/\/formar.shop\/wp-content\/uploads\/2022\/04\/riserva-di-controllo-Formar-Shop.pdf\" target=\"_blank\" class=\"button primary\" rel=\"noopener\" style=\"border-radius:10px;\">\n\t\t<span>Reserva espec\u00edfica_Pod<\/span>\n\t<i class=\"icon-user\" aria-hidden=\"true\"><\/i><\/a>\n\n","protected":false},"excerpt":{"rendered":"<p>Estimado cliente, Para garantizar que tu compra llegue en perfectas condiciones de transporte, siempre hemos recurrido a profesionales del env\u00edo.Pero a veces puede ocurrir que los paquetes o paquetes de art\u00edculos pedidos no lleguen en su estado original y no se manipulen con el mismo cuidado que solemos tener.Para ello, le pedimos que eche un [&#8230;]\n","protected":false},"author":175,"featured_media":0,"parent":0,"menu_order":0,"comment_status":"closed","ping_status":"closed","template":"","meta":{"_joinchat":[],"footnotes":""},"class_list":["post-26396","page","type-page","status-publish","hentry"],"yoast_head":"<!-- This site is optimized with the Yoast SEO plugin v27.4 - https:\/\/yoast.com\/product\/yoast-seo-wordpress\/ -->\n<title>RECEPCI\u00d3N DE PEDIDOS: \u00bfqu\u00e9 hacer? - Formar.shop<\/title>\n<meta name=\"robots\" content=\"index, follow, max-snippet:-1, max-image-preview:large, max-video-preview:-1\" \/>\n<link rel=\"canonical\" href=\"https:\/\/formar.shop\/es\/recepcion-de-pedidos-que-hacer\/\" \/>\n<script type=\"application\/ld+json\" class=\"yoast-schema-graph\">{\"@context\":\"https:\\\/\\\/schema.org\",\"@graph\":[{\"@type\":\"WebPage\",\"@id\":\"https:\\\/\\\/formar.shop\\\/es\\\/recepcion-de-pedidos-que-hacer\\\/\",\"url\":\"https:\\\/\\\/formar.shop\\\/es\\\/recepcion-de-pedidos-que-hacer\\\/\",\"name\":\"RECEPCI\u00d3N DE PEDIDOS: \u00bfqu\u00e9 hacer? - Formar.shop\",\"isPartOf\":{\"@id\":\"https:\\\/\\\/formar.shop\\\/es\\\/#website\"},\"datePublished\":\"2023-02-06T18:05:09+00:00\",\"dateModified\":\"2024-04-16T16:11:11+00:00\",\"breadcrumb\":{\"@id\":\"https:\\\/\\\/formar.shop\\\/es\\\/recepcion-de-pedidos-que-hacer\\\/#breadcrumb\"},\"inLanguage\":\"es-ES\",\"potentialAction\":[{\"@type\":\"ReadAction\",\"target\":[\"https:\\\/\\\/formar.shop\\\/es\\\/recepcion-de-pedidos-que-hacer\\\/\"]}]},{\"@type\":\"BreadcrumbList\",\"@id\":\"https:\\\/\\\/formar.shop\\\/es\\\/recepcion-de-pedidos-que-hacer\\\/#breadcrumb\",\"itemListElement\":[{\"@type\":\"ListItem\",\"position\":1,\"name\":\"Home\",\"item\":\"https:\\\/\\\/formar.shop\\\/es\\\/auto-draft\\\/\"},{\"@type\":\"ListItem\",\"position\":2,\"name\":\"RECEPCI\u00d3N DE PEDIDOS: \u00bfqu\u00e9 hacer?\"}]},{\"@type\":\"WebSite\",\"@id\":\"https:\\\/\\\/formar.shop\\\/es\\\/#website\",\"url\":\"https:\\\/\\\/formar.shop\\\/es\\\/\",\"name\":\"Formar.shop\",\"description\":\"Soluzioni espresse con stile\",\"potentialAction\":[{\"@type\":\"SearchAction\",\"target\":{\"@type\":\"EntryPoint\",\"urlTemplate\":\"https:\\\/\\\/formar.shop\\\/es\\\/?s={search_term_string}\"},\"query-input\":{\"@type\":\"PropertyValueSpecification\",\"valueRequired\":true,\"valueName\":\"search_term_string\"}}],\"inLanguage\":\"es-ES\"}]}<\/script>\n<!-- \/ Yoast SEO plugin. -->","yoast_head_json":{"title":"RECEPCI\u00d3N DE PEDIDOS: \u00bfqu\u00e9 hacer? - Formar.shop","robots":{"index":"index","follow":"follow","max-snippet":"max-snippet:-1","max-image-preview":"max-image-preview:large","max-video-preview":"max-video-preview:-1"},"canonical":"https:\/\/formar.shop\/es\/recepcion-de-pedidos-que-hacer\/","schema":{"@context":"https:\/\/schema.org","@graph":[{"@type":"WebPage","@id":"https:\/\/formar.shop\/es\/recepcion-de-pedidos-que-hacer\/","url":"https:\/\/formar.shop\/es\/recepcion-de-pedidos-que-hacer\/","name":"RECEPCI\u00d3N DE PEDIDOS: \u00bfqu\u00e9 hacer? - Formar.shop","isPartOf":{"@id":"https:\/\/formar.shop\/es\/#website"},"datePublished":"2023-02-06T18:05:09+00:00","dateModified":"2024-04-16T16:11:11+00:00","breadcrumb":{"@id":"https:\/\/formar.shop\/es\/recepcion-de-pedidos-que-hacer\/#breadcrumb"},"inLanguage":"es-ES","potentialAction":[{"@type":"ReadAction","target":["https:\/\/formar.shop\/es\/recepcion-de-pedidos-que-hacer\/"]}]},{"@type":"BreadcrumbList","@id":"https:\/\/formar.shop\/es\/recepcion-de-pedidos-que-hacer\/#breadcrumb","itemListElement":[{"@type":"ListItem","position":1,"name":"Home","item":"https:\/\/formar.shop\/es\/auto-draft\/"},{"@type":"ListItem","position":2,"name":"RECEPCI\u00d3N DE PEDIDOS: \u00bfqu\u00e9 hacer?"}]},{"@type":"WebSite","@id":"https:\/\/formar.shop\/es\/#website","url":"https:\/\/formar.shop\/es\/","name":"Formar.shop","description":"Soluzioni espresse con stile","potentialAction":[{"@type":"SearchAction","target":{"@type":"EntryPoint","urlTemplate":"https:\/\/formar.shop\/es\/?s={search_term_string}"},"query-input":{"@type":"PropertyValueSpecification","valueRequired":true,"valueName":"search_term_string"}}],"inLanguage":"es-ES"}]}},"_links":{"self":[{"href":"https:\/\/formar.shop\/es\/wp-json\/wp\/v2\/pages\/26396","targetHints":{"allow":["GET"]}}],"collection":[{"href":"https:\/\/formar.shop\/es\/wp-json\/wp\/v2\/pages"}],"about":[{"href":"https:\/\/formar.shop\/es\/wp-json\/wp\/v2\/types\/page"}],"author":[{"embeddable":true,"href":"https:\/\/formar.shop\/es\/wp-json\/wp\/v2\/users\/175"}],"replies":[{"embeddable":true,"href":"https:\/\/formar.shop\/es\/wp-json\/wp\/v2\/comments?post=26396"}],"version-history":[{"count":3,"href":"https:\/\/formar.shop\/es\/wp-json\/wp\/v2\/pages\/26396\/revisions"}],"predecessor-version":[{"id":36782,"href":"https:\/\/formar.shop\/es\/wp-json\/wp\/v2\/pages\/26396\/revisions\/36782"}],"wp:attachment":[{"href":"https:\/\/formar.shop\/es\/wp-json\/wp\/v2\/media?parent=26396"}],"curies":[{"name":"wp","href":"https:\/\/api.w.org\/{rel}","templated":true}]}}