{"id":26229,"date":"2023-02-06T18:02:22","date_gmt":"2023-02-06T17:02:22","guid":{"rendered":"https:\/\/formar.shop\/quienes-somos\/"},"modified":"2025-11-18T12:06:00","modified_gmt":"2025-11-18T11:06:00","slug":"quienes-somos","status":"publish","type":"page","link":"https:\/\/formar.shop\/es\/quienes-somos\/","title":{"rendered":"Sobre nosotros"},"content":{"rendered":"\n<div class=\"row\"  id=\"row-1129442383\">\n\n\n\t<div id=\"col-843240766\" class=\"col medium-11 small-12 large-12\"  >\n\t\t\t\t<div class=\"col-inner text-center\"  >\n\t\t\t\n\t\t\t\n\n\t<div id=\"text-1358787484\" class=\"text\">\n\t\t\n\n<h3><span style=\"font-size: 140%;\"><strong>QUI\u00c9NES SOMOS<\/strong><\/span><\/h3>\n<p><strong data-start=\"181\" data-end=\"196\">Formar.shop<\/strong> es el e-commerce oficial de <strong data-start=\"225\" data-end=\"248\">Formar Contract Srl<\/strong>, una empresa italiana con sede en Falconara Marittima (AN) especializada en el mobiliario para oficinas, estudios profesionales, ambientes p\u00fablicos y espacios contract. Desde hace m\u00e1s de 20 a\u00f1os operamos con pasi\u00f3n y competencia para ofrecer soluciones de mobiliario funcionales, duraderas y con un dise\u00f1o contempor\u00e1neo. <\/p>\n<div>\n<p data-start=\"539\" data-end=\"752\">Nuestra realidad nace de la experiencia en el sector contract, con el objetivo de llevar tambi\u00e9n online la calidad y la fiabilidad que desde siempre nos distinguen en el trabajo con empresas, entes p\u00fablicos y privados.<\/p>\n<hr data-start=\"754\" data-end=\"757\">\n<h2><strong>Qu\u00e9 nos distingue<\/strong><\/h2>\n<p data-start=\"1250\" data-end=\"1366\"><strong data-start=\"1250\" data-end=\"1277\">Experiencia y competencia<\/strong>: una larga trayectoria en el sector contract que se traduce en fiabilidad y profesionalidad.<\/p>\n<p data-start=\"1369\" data-end=\"1507\"><strong data-start=\"1369\" data-end=\"1388\">Cat\u00e1logo cuidado<\/strong>: seleccionamos con atenci\u00f3n los mejores productos para el mobiliario profesional, apostando por la ergonom\u00eda, la est\u00e9tica y la duraci\u00f3n.<\/p>\n<p data-start=\"1510\" data-end=\"1623\"><strong data-start=\"1510\" data-end=\"1539\">Asistencia personalizada<\/strong>: nuestro equipo est\u00e1 siempre a disposici\u00f3n para consejos y soporte pre y postventa.<\/p>\n<p data-start=\"1626\" data-end=\"1752\"><strong data-start=\"1626\" data-end=\"1643\">Multicanalidad<\/strong>: adem\u00e1s del sitio formar.shop, estamos presentes tambi\u00e9n en los principales marketplaces con la misma calidad y seriedad.<\/p>\n<p data-start=\"560\" data-end=\"744\">A trav\u00e9s de nuestra tienda online, ponemos a disposici\u00f3n una amplia gama de productos seleccionados, uniendo <strong data-start=\"665\" data-end=\"711\">experiencia t\u00e9cnica, pasi\u00f3n por el dise\u00f1o<\/strong> y <strong data-start=\"714\" data-end=\"743\">atenci\u00f3n por la calidad<\/strong>.<\/p>\n<hr data-start=\"746\" data-end=\"749\">\n<h2 data-start=\"751\" data-end=\"771\">Nuestra Misi\u00f3n<\/h2>\n<p data-start=\"813\" data-end=\"902\"><strong>Productos de alta calidad, <\/strong>tanto para el mobiliario profesional como para los espacios habitacionales.<\/p>\n<p data-start=\"905\" data-end=\"1004\"><strong>Dise\u00f1o cuidado y funcional, <\/strong>con una selecci\u00f3n orientada al confort, a la ergonom\u00eda y al estilo.<\/p>\n<p data-start=\"1007\" data-end=\"1101\"><strong>Experiencia de compra intuitiva y segura,<\/strong> con asistencia al cliente r\u00e1pida y competente.<\/p>\n<p data-start=\"1104\" data-end=\"1180\"><strong>Entrega r\u00e1pida y gratuita, <\/strong>para satisfacer cada necesidad con eficiencia.<\/p>\n<hr data-start=\"1574\" data-end=\"1577\">\n<h2 data-start=\"1579\" data-end=\"1599\">Nuestros Productos<\/h2>\n<p data-start=\"1601\" data-end=\"1630\"><strong data-start=\"1634\" data-end=\"1656\">Mobiliario para oficina<\/strong>: escritorios, asientos, armarios, cajoneras y mesas de reuni\u00f3n.<\/p>\n<p data-start=\"1720\" data-end=\"1809\"><strong data-start=\"1720\" data-end=\"1771\">Soluciones para entes p\u00fablicos y ambientes contract<\/strong>: bancos, librer\u00edas, muebles de archivo.<\/p>\n<p data-start=\"1812\" data-end=\"1951\"><strong data-start=\"1812\" data-end=\"1839\">Mobiliario para el hogar<\/strong>: sillas, mesas, complementos, librer\u00edas y soluciones para ahorrar espacio, siempre con un ojo puesto en el dise\u00f1o y la practicidad.<\/p>\n<hr data-start=\"1953\" data-end=\"1956\">\n<h2 data-start=\"1958\" data-end=\"1977\">Nuestros Clientes<\/h2>\n<p data-start=\"2005\" data-end=\"2031\">Empresas y profesionales<\/p>\n<p data-start=\"2034\" data-end=\"2067\">Entes p\u00fablicos y administraciones<\/p>\n<p data-start=\"2070\" data-end=\"2145\">Particulares que buscan soluciones de mobiliario modernas y funcionales para el hogar<\/p>\n<hr data-start=\"2147\" data-end=\"2150\">\n<h2 data-start=\"2335\" data-end=\"2349\">Conclusi\u00f3n<\/h2>\n<p data-start=\"2351\" data-end=\"2671\">En un mundo que cambia r\u00e1pidamente, creemos que la calidad y la fiabilidad son valores imprescindibles. Con <strong data-start=\"2462\" data-end=\"2477\">Formar.shop<\/strong>, no ofrecemos solo mobiliario, sino verdaderas <strong data-start=\"2523\" data-end=\"2564\">soluciones de bienestar y funcionalidad<\/strong> para tu d\u00eda a d\u00eda, ya sea que est\u00e9s proyectando una nueva oficina o haciendo m\u00e1s acogedora tu casa. <\/p>\n<p data-start=\"2673\" data-end=\"2821\">Elegir Formar.shop significa confiar en un socio s\u00f3lido, transparente y apasionado, que pone siempre a las personas y sus necesidades en el centro.<\/p>\n<p data-start=\"2823\" data-end=\"2873\"><strong data-start=\"2823\" data-end=\"2873\">Formar.shop \u2013 Donde tu espacio toma forma.<\/strong><\/p>\n<p> <\/p>\n<\/div>\n\t\t\n<style>\n#text-1358787484 {\n  text-align: left;\n}\n<\/style>\n\t<\/div>\n\t\n\n\t\t<\/div>\n\t\t\t\t\n<style>\n#col-843240766 > .col-inner {\n  padding: 0px 0px 0px 0;\n}\n@media (min-width:550px) {\n  #col-843240766 > .col-inner {\n    padding: 0px 0px 0px 0px;\n  }\n}\n<\/style>\n\t<\/div>\n\n\t\n\n\t<div id=\"col-324350187\" class=\"col medium-12 small-12 large-12\"  >\n\t\t\t\t<div class=\"col-inner\"  >\n\t\t\t\n\t\t\t\n\n\n  <div class=\"banner has-hover\" id=\"banner-601953475\">\n          <div class=\"banner-inner fill\">\n        <div class=\"banner-bg fill\" >\n            <img loading=\"lazy\" decoding=\"async\" width=\"1600\" height=\"1200\" src=\"https:\/\/static.formar.net\/wp-content\/uploads\/sites\/1\/2024\/07\/02110352\/Universal-Color-Mobile-420_AMBENTATA_4.jpg\" class=\"bg attachment-original size-original\" alt=\"\" \/>                                    \n                    <\/div>\n\t\t\n        <div class=\"banner-layers container\">\n            <div class=\"fill banner-link\"><\/div>            \n\n   <div id=\"text-box-1217174753\" class=\"text-box banner-layer x50 md-x50 lg-x50 y50 md-y50 lg-y50 res-text\">\n                                <div class=\"text-box-content text dark\">\n              \n              <div class=\"text-inner text-center\">\n                  \n\n\n              <\/div>\n           <\/div>\n                            \n<style>\n#text-box-1217174753 {\n  width: 60%;\n}\n#text-box-1217174753 .text-box-content {\n  font-size: 100%;\n}\n@media (min-width:550px) {\n  #text-box-1217174753 {\n    width: 60%;\n  }\n}\n<\/style>\n    <\/div>\n \n\n        <\/div>\n      <\/div>\n\n            \n<style>\n#banner-601953475 {\n  padding-top: 300px;\n  background-color: rgb(255, 255, 255);\n}\n#banner-601953475 .banner-bg img {\n  object-position: 52% 77%;\n}\n@media (min-width:550px) {\n  #banner-601953475 {\n    padding-top: 500px;\n  }\n}\n@media (min-width:850px) {\n  #banner-601953475 {\n    padding-top: 570px;\n  }\n}\n<\/style>\n  <\/div>\n\n\n\n\t\t<\/div>\n\t\t\t\t\n<style>\n#col-324350187 > .col-inner {\n  margin: -100px 0px 0px 0px;\n}\n@media (min-width:550px) {\n  #col-324350187 > .col-inner {\n    margin: -150px 0px 0px 0px;\n  }\n}\n@media (min-width:850px) {\n  #col-324350187 > .col-inner {\n    margin: 0px 0px 0px 0px;\n  }\n}\n<\/style>\n\t<\/div>\n\n\t\n\n<\/div>\n<div class=\"is-divider divider clearfix\" style=\"max-width:1000px;\"><\/div>\n\n\n","protected":false},"excerpt":{"rendered":"","protected":false},"author":5,"featured_media":0,"parent":0,"menu_order":0,"comment_status":"closed","ping_status":"closed","template":"","meta":{"_joinchat":[],"footnotes":""},"class_list":["post-26229","page","type-page","status-publish","hentry"],"yoast_head":"<!-- This site is optimized with the Yoast SEO plugin v27.4 - https:\/\/yoast.com\/product\/yoast-seo-wordpress\/ -->\n<title>Sobre nosotros - Formar.shop<\/title>\n<meta name=\"robots\" content=\"index, follow, max-snippet:-1, max-image-preview:large, max-video-preview:-1\" \/>\n<link rel=\"canonical\" href=\"https:\/\/formar.shop\/es\/quienes-somos\/\" \/>\n<script type=\"application\/ld+json\" class=\"yoast-schema-graph\">{\"@context\":\"https:\\\/\\\/schema.org\",\"@graph\":[{\"@type\":\"WebPage\",\"@id\":\"https:\\\/\\\/formar.shop\\\/es\\\/quienes-somos\\\/\",\"url\":\"https:\\\/\\\/formar.shop\\\/es\\\/quienes-somos\\\/\",\"name\":\"Sobre nosotros - Formar.shop\",\"isPartOf\":{\"@id\":\"https:\\\/\\\/formar.shop\\\/es\\\/#website\"},\"datePublished\":\"2023-02-06T17:02:22+00:00\",\"dateModified\":\"2025-11-18T11:06:00+00:00\",\"breadcrumb\":{\"@id\":\"https:\\\/\\\/formar.shop\\\/es\\\/quienes-somos\\\/#breadcrumb\"},\"inLanguage\":\"es-ES\",\"potentialAction\":[{\"@type\":\"ReadAction\",\"target\":[\"https:\\\/\\\/formar.shop\\\/es\\\/quienes-somos\\\/\"]}]},{\"@type\":\"BreadcrumbList\",\"@id\":\"https:\\\/\\\/formar.shop\\\/es\\\/quienes-somos\\\/#breadcrumb\",\"itemListElement\":[{\"@type\":\"ListItem\",\"position\":1,\"name\":\"Home\",\"item\":\"https:\\\/\\\/formar.shop\\\/es\\\/auto-draft\\\/\"},{\"@type\":\"ListItem\",\"position\":2,\"name\":\"Sobre nosotros\"}]},{\"@type\":\"WebSite\",\"@id\":\"https:\\\/\\\/formar.shop\\\/es\\\/#website\",\"url\":\"https:\\\/\\\/formar.shop\\\/es\\\/\",\"name\":\"Formar.shop\",\"description\":\"Soluzioni espresse con stile\",\"potentialAction\":[{\"@type\":\"SearchAction\",\"target\":{\"@type\":\"EntryPoint\",\"urlTemplate\":\"https:\\\/\\\/formar.shop\\\/es\\\/?s={search_term_string}\"},\"query-input\":{\"@type\":\"PropertyValueSpecification\",\"valueRequired\":true,\"valueName\":\"search_term_string\"}}],\"inLanguage\":\"es-ES\"}]}<\/script>\n<!-- \/ Yoast SEO plugin. -->","yoast_head_json":{"title":"Sobre nosotros - Formar.shop","robots":{"index":"index","follow":"follow","max-snippet":"max-snippet:-1","max-image-preview":"max-image-preview:large","max-video-preview":"max-video-preview:-1"},"canonical":"https:\/\/formar.shop\/es\/quienes-somos\/","schema":{"@context":"https:\/\/schema.org","@graph":[{"@type":"WebPage","@id":"https:\/\/formar.shop\/es\/quienes-somos\/","url":"https:\/\/formar.shop\/es\/quienes-somos\/","name":"Sobre nosotros - Formar.shop","isPartOf":{"@id":"https:\/\/formar.shop\/es\/#website"},"datePublished":"2023-02-06T17:02:22+00:00","dateModified":"2025-11-18T11:06:00+00:00","breadcrumb":{"@id":"https:\/\/formar.shop\/es\/quienes-somos\/#breadcrumb"},"inLanguage":"es-ES","potentialAction":[{"@type":"ReadAction","target":["https:\/\/formar.shop\/es\/quienes-somos\/"]}]},{"@type":"BreadcrumbList","@id":"https:\/\/formar.shop\/es\/quienes-somos\/#breadcrumb","itemListElement":[{"@type":"ListItem","position":1,"name":"Home","item":"https:\/\/formar.shop\/es\/auto-draft\/"},{"@type":"ListItem","position":2,"name":"Sobre nosotros"}]},{"@type":"WebSite","@id":"https:\/\/formar.shop\/es\/#website","url":"https:\/\/formar.shop\/es\/","name":"Formar.shop","description":"Soluzioni espresse con stile","potentialAction":[{"@type":"SearchAction","target":{"@type":"EntryPoint","urlTemplate":"https:\/\/formar.shop\/es\/?s={search_term_string}"},"query-input":{"@type":"PropertyValueSpecification","valueRequired":true,"valueName":"search_term_string"}}],"inLanguage":"es-ES"}]}},"_links":{"self":[{"href":"https:\/\/formar.shop\/es\/wp-json\/wp\/v2\/pages\/26229","targetHints":{"allow":["GET"]}}],"collection":[{"href":"https:\/\/formar.shop\/es\/wp-json\/wp\/v2\/pages"}],"about":[{"href":"https:\/\/formar.shop\/es\/wp-json\/wp\/v2\/types\/page"}],"author":[{"embeddable":true,"href":"https:\/\/formar.shop\/es\/wp-json\/wp\/v2\/users\/5"}],"replies":[{"embeddable":true,"href":"https:\/\/formar.shop\/es\/wp-json\/wp\/v2\/comments?post=26229"}],"version-history":[{"count":9,"href":"https:\/\/formar.shop\/es\/wp-json\/wp\/v2\/pages\/26229\/revisions"}],"predecessor-version":[{"id":61923,"href":"https:\/\/formar.shop\/es\/wp-json\/wp\/v2\/pages\/26229\/revisions\/61923"}],"wp:attachment":[{"href":"https:\/\/formar.shop\/es\/wp-json\/wp\/v2\/media?parent=26229"}],"curies":[{"name":"wp","href":"https:\/\/api.w.org\/{rel}","templated":true}]}}