{"id":44815,"date":"2025-01-18T21:27:13","date_gmt":"2025-01-18T20:27:13","guid":{"rendered":"https:\/\/formar.shop\/prodotto\/stuhl-bud-chair-09\/"},"modified":"2025-01-18T21:27:25","modified_gmt":"2025-01-18T20:27:25","slug":"stuhl-bud-chair-09","status":"publish","type":"product","link":"https:\/\/formar.shop\/de\/prodotto\/stuhl-bud-chair-09\/","title":{"rendered":"Stuhl &#8211; Bud Chair 09"},"content":{"rendered":"<div class=\"slider-wrapper relative\" id=\"slider-466791975\" >\n    <div class=\"slider slider-nav-circle slider-nav-large slider-nav-dark slider-style-normal\"\n        data-flickity-options='{\n            \"cellAlign\": \"center\",\n            \"imagesLoaded\": true,\n            \"lazyLoad\": 1,\n            \"freeScroll\": false,\n            \"wrapAround\": true,\n            \"autoPlay\": 6000,\n            \"pauseAutoPlayOnHover\" : true,\n            \"prevNextButtons\": true,\n            \"contain\" : true,\n            \"adaptiveHeight\" : true,\n            \"dragThreshold\" : 10,\n            \"percentPosition\": true,\n            \"pageDots\": true,\n            \"rightToLeft\": false,\n            \"draggable\": true,\n            \"selectedAttraction\": 0.1,\n            \"parallax\" : 0,\n            \"friction\": 0.6        }'\n        >\n        \n\t<div class=\"img has-hover x md-x lg-x y md-y lg-y\" id=\"image_2013976799\">\n\t\t\t\t\t\t\t\t<div class=\"img-inner dark\" >\n\t\t\t<img loading=\"lazy\" decoding=\"async\" width=\"1012\" height=\"1012\" src=\"https:\/\/static.formar.net\/wp-content\/uploads\/2020\/12\/22164407\/Immagini-di-prodotto-x-Amazon-28.png\" class=\"attachment-large size-large\" alt=\"\" \/>\t\t\t\t\t\t\n\t\t\t\t\t<\/div>\n\t\t\t\t\t\t\t\t\n<style>\n#image_2013976799 {\n  width: 100%;\n}\n<\/style>\n\t<\/div>\n\t\n\t<div class=\"img has-hover x md-x lg-x y md-y lg-y\" id=\"image_1884735150\">\n\t\t\t\t\t\t\t\t<div class=\"img-inner dark\" >\n\t\t\t<img loading=\"lazy\" decoding=\"async\" width=\"1012\" height=\"1012\" src=\"https:\/\/static.formar.net\/wp-content\/uploads\/2020\/12\/22164335\/Immagini-di-prodotto-x-Amazon-26.png\" class=\"attachment-large size-large\" alt=\"\" \/>\t\t\t\t\t\t\n\t\t\t\t\t<\/div>\n\t\t\t\t\t\t\t\t\n<style>\n#image_1884735150 {\n  width: 100%;\n}\n<\/style>\n\t<\/div>\n\t\n\t<div class=\"img has-hover x md-x lg-x y md-y lg-y\" id=\"image_1236382773\">\n\t\t\t\t\t\t\t\t<div class=\"img-inner dark\" >\n\t\t\t<img loading=\"lazy\" decoding=\"async\" width=\"908\" height=\"1030\" src=\"https:\/\/static.formar.net\/wp-content\/uploads\/sites\/1\/2022\/11\/02111047\/bud-chair_laterale-908x1030.jpg\" class=\"attachment-large size-large\" alt=\"\" srcset=\"https:\/\/static.formar.net\/wp-content\/uploads\/sites\/1\/2022\/11\/02111047\/bud-chair_laterale-908x1030.jpg 908w, https:\/\/static.formar.net\/wp-content\/uploads\/sites\/1\/2022\/11\/02111047\/bud-chair_laterale-264x300.jpg 264w, https:\/\/static.formar.net\/wp-content\/uploads\/sites\/1\/2022\/11\/02111047\/bud-chair_laterale-768x871.jpg 768w, https:\/\/static.formar.net\/wp-content\/uploads\/sites\/1\/2022\/11\/02111047\/bud-chair_laterale-1354x1536.jpg 1354w, https:\/\/static.formar.net\/wp-content\/uploads\/sites\/1\/2022\/11\/02111047\/bud-chair_laterale-1805x2048.jpg 1805w, https:\/\/static.formar.net\/wp-content\/uploads\/sites\/1\/2022\/11\/02111047\/bud-chair_laterale-510x579.jpg 510w, https:\/\/static.formar.net\/wp-content\/uploads\/sites\/1\/2022\/11\/02111047\/bud-chair_laterale-1200x1362.jpg 1200w, https:\/\/static.formar.net\/wp-content\/uploads\/sites\/1\/2022\/11\/02111047\/bud-chair_laterale-600x681.jpg 600w\" sizes=\"auto, (max-width: 908px) 100vw, 908px\" \/>\t\t\t\t\t\t\n\t\t\t\t\t<\/div>\n\t\t\t\t\t\t\t\t\n<style>\n#image_1236382773 {\n  width: 100%;\n}\n<\/style>\n\t<\/div>\n\t\n\t<div class=\"img has-hover x md-x lg-x y md-y lg-y\" id=\"image_1955508716\">\n\t\t\t\t\t\t\t\t<div class=\"img-inner dark\" >\n\t\t\t<img loading=\"lazy\" decoding=\"async\" width=\"930\" height=\"1030\" src=\"https:\/\/static.formar.net\/wp-content\/uploads\/sites\/1\/2022\/11\/02111045\/bud-chair_dietro-930x1030.jpg\" class=\"attachment-large size-large\" alt=\"\" srcset=\"https:\/\/static.formar.net\/wp-content\/uploads\/sites\/1\/2022\/11\/02111045\/bud-chair_dietro-930x1030.jpg 930w, https:\/\/static.formar.net\/wp-content\/uploads\/sites\/1\/2022\/11\/02111045\/bud-chair_dietro-271x300.jpg 271w, https:\/\/static.formar.net\/wp-content\/uploads\/sites\/1\/2022\/11\/02111045\/bud-chair_dietro-768x851.jpg 768w, https:\/\/static.formar.net\/wp-content\/uploads\/sites\/1\/2022\/11\/02111045\/bud-chair_dietro-1387x1536.jpg 1387w, https:\/\/static.formar.net\/wp-content\/uploads\/sites\/1\/2022\/11\/02111045\/bud-chair_dietro-1849x2048.jpg 1849w, https:\/\/static.formar.net\/wp-content\/uploads\/sites\/1\/2022\/11\/02111045\/bud-chair_dietro-510x565.jpg 510w, https:\/\/static.formar.net\/wp-content\/uploads\/sites\/1\/2022\/11\/02111045\/bud-chair_dietro-1200x1329.jpg 1200w, https:\/\/static.formar.net\/wp-content\/uploads\/sites\/1\/2022\/11\/02111045\/bud-chair_dietro-600x665.jpg 600w\" sizes=\"auto, (max-width: 930px) 100vw, 930px\" \/>\t\t\t\t\t\t\n\t\t\t\t\t<\/div>\n\t\t\t\t\t\t\t\t\n<style>\n#image_1955508716 {\n  width: 100%;\n}\n<\/style>\n\t<\/div>\n\t\n     <\/div>\n\n     <div class=\"loading-spin dark large centered\"><\/div>\n\n\t<\/div>\n\n\n<h3>BUD CHAIR 09<\/h3>\n<p>Dieser <strong>elegante<\/strong> und <strong>raffinierte<\/strong> Stuhl passt zu jeder Art von M\u00f6beln und ist perfekt f\u00fcr K\u00fcche, Wohnzimmer, Schlafzimmer, Arbeitszimmer und Wartezimmer. Der Bud Chair 09 ist aufgrund seines schlichten und doch eleganten Stils ein Muss f\u00fcr Ihr Zuhause oder Arbeitszimmer. Der Stuhl ist nicht nur \u00e4sthetisch ansprechend, sondern auch bequem und perfekt als M\u00f6belst\u00fcck geeignet.<br \/>\nDer Sitz aus Polypropylen ist <strong>ergonomisch<\/strong>, sehr <strong>strapazierf\u00e4hig<\/strong> und in zwei sch\u00f6nen Farbvarianten, wei\u00df und air force blue, erh\u00e4ltlich, um jedem Geschmack und Anspruch gerecht zu werden. Das Gestell ist bei beiden Farbvarianten aus verchromtem Metall.<\/p>\n<h3 class=\"av-special-heading-tag \">DESIGN PRODUKT<\/h3>\n<p>Es wurde von dem Designer Chen Zhiyi, dem Designdirektor des Unternehmens Morikawa Furniture, konzipiert und entworfen.<br \/>\nZhiyi gewann eine prestigetr\u00e4chtige Auszeichnung auf der Shanghai International Furniture Exhibition und spielt eine wichtige Rolle in der globalen Inneneinrichtungsszene.<br \/>\nEinfachheit, Mode und Umweltschutz&#8220; ist die Philosophie hinter seiner Arbeit. <\/p>\n<h3 class=\"av-special-heading-tag \">ZERTIFIZIERTES PRODUKT<\/h3>\n<p>Das Produkt wurde bei der SGS <strong>UNI getestet<\/strong>.<\/p>\n<h3 class=\"av-special-heading-tag \">PRODUKTABMESSUNGEN<\/h3>\n<p>Das Produkt misst: &#8211; 53 cm lang &#8211; 61,5 cm tief &#8211; 80 cm hoch Die Sitzh\u00f6he betr\u00e4gt 45,5 cm vom Boden.<\/p>\n<div class=\"info-block\">\n<h3 class=\"av-special-heading-tag \">IN ZWEI FARBVARIANTEN ERH\u00c4LTLICH<\/h3>\n<\/div>\n\n\t<section class=\"section\" id=\"section_1338901211\">\n\t\t<div class=\"section-bg fill\" >\n\t\t\t\t\t\t\t\t\t\n\t\t\t\n\n\t\t<\/div>\n\n\t\t\n\n\t\t<div class=\"section-content relative\">\n\t\t\t\n<div class=\"row\"  id=\"row-652704648\">\n\n\t<div id=\"col-758328775\" class=\"col medium-6 small-6 large-6\"  >\n\t\t\t\t<div class=\"col-inner text-center\"  >\n\t\t\t\n\t\t\t\n\t<div class=\"box has-hover   has-hover box-text-bottom\" >\n\n\t\t<div class=\"box-image\" >\n\t\t\t\t\t\t<div class=\"\" >\n\t\t\t\t<img loading=\"lazy\" decoding=\"async\" width=\"1012\" height=\"1012\" src=\"https:\/\/static.formar.net\/wp-content\/uploads\/2020\/12\/22164407\/Immagini-di-prodotto-x-Amazon-28.png\" class=\"attachment- size-\" alt=\"\" \/>\t\t\t\t\t\t\t\t\t\t\t<\/div>\n\t\t\t\t\t<\/div>\n\n\t\t<div class=\"box-text text-center\" >\n\t\t\t<div class=\"box-text-inner\">\n\t\t\t\t\n\t<div id=\"text-222039104\" class=\"text\">\n\t\t\n<p>Wei\u00df<br \/>\n\t\t\n<style>\n#text-222039104 {\n  font-size: 1.5rem;\n}\n<\/style>\n\t<\/div>\n\t\n\t\t\t<\/div>\n\t\t<\/div>\n\t<\/div>\n\t\n\t<div class=\"img has-hover x md-x lg-x y md-y lg-y\" id=\"image_622425853\">\n\t\t<a class=\"\" href=\"https:\/\/formar.shop\/wp-content\/uploads\/2022\/10\/68_BIANCO_O_A.jpg\" >\t\t\t\t\t\t<div class=\"img-inner dark\" >\n\t\t\t\t\t\t\t\t\t\n\t\t\t\t\t<\/div>\n\t\t\t\t\t\t<\/a>\t\t\n<style>\n#image_622425853 {\n  width: 50%;\n}\n<\/style>\n\t<\/div>\n\t\n\t\t<\/div>\n\t\t\t\t\t<\/div>\n\n\t\n\n\t<div id=\"col-466544532\" class=\"col medium-6 small-6 large-6\"  >\n\t\t\t\t<div class=\"col-inner text-center\"  >\n\t\t\t\n\t\t\t\n\t<div class=\"box has-hover   has-hover box-text-bottom\" >\n\n\t\t<div class=\"box-image\" >\n\t\t\t\t\t\t<div class=\"\" >\n\t\t\t\t<img loading=\"lazy\" decoding=\"async\" width=\"1012\" height=\"1012\" src=\"https:\/\/static.formar.net\/wp-content\/uploads\/2020\/12\/22164335\/Immagini-di-prodotto-x-Amazon-26.png\" class=\"attachment- size-\" alt=\"\" \/>\t\t\t\t\t\t\t\t\t\t\t<\/div>\n\t\t\t\t\t<\/div>\n\n\t\t<div class=\"box-text text-center\" >\n\t\t\t<div class=\"box-text-inner\">\n\t\t\t\t\n\t<div id=\"text-2240873556\" class=\"text\">\n\t\t\n<p>Avio Blau<br \/>\n\t\t\n<style>\n#text-2240873556 {\n  font-size: 1.5rem;\n}\n<\/style>\n\t<\/div>\n\t\n\t\t\t<\/div>\n\t\t<\/div>\n\t<\/div>\n\t\n\t<div class=\"img has-hover x md-x lg-x y md-y lg-y\" id=\"image_427032448\">\n\t\t<a class=\"\" href=\"https:\/\/formar.shop\/wp-content\/uploads\/2022\/10\/03_ROVERE_O.jpg\" >\t\t\t\t\t\t<div class=\"img-inner dark\" >\n\t\t\t\t\t\t\t\t\t\n\t\t\t\t\t<\/div>\n\t\t\t\t\t\t<\/a>\t\t\n<style>\n#image_427032448 {\n  width: 50%;\n}\n<\/style>\n\t<\/div>\n\t\n\t\t<\/div>\n\t\t\t\t\t<\/div>\n\n\t\n<\/div>\n<h3>PFLEGE UND WARTUNG:<\/h3>\n<p>Bitte testen Sie die Vertr\u00e4glichkeit von Reinigern zun\u00e4chst an einer nicht sichtbaren Stelle.<br \/>\nVerwenden Sie niemals Reiniger oder Polituren mit Scheuer- oder Entfettungspartikeln.<br \/>\nWischen Sie immer mit einem feuchten Tuch nach und trocknen Sie es ab.<\/p>\n\t\t<\/div>\n\n\t\t\n<style>\n#section_1338901211 {\n  padding-top: 30px;\n  padding-bottom: 30px;\n}\n<\/style>\n\t<\/section>\n\t\n\n\t<section class=\"section\" id=\"section_1439075695\">\n\t\t<div class=\"section-bg fill\" >\n\t\t\t\t\t\t\t\t\t\n\t\t\t\n\n\t\t<\/div>\n\n\t\t\n\n\t\t<div class=\"section-content relative\">\n\t\t\t\n<div class=\"is-divider divider clearfix\" style=\"max-width:1000px;\"><\/div>\n<div class=\"row row-solid\"  id=\"row-404337869\">\n\n\t<div id=\"col-2134343287\" class=\"col medium-3 small-12 large-3\"  >\n\t\t\t\t<div class=\"col-inner\"  >\n\t\t\t\n\t\t\t\n\n\t\t<div class=\"icon-box featured-box icon-box-center text-center\"  >\n\t\t\t\t\t<div class=\"icon-box-img\" style=\"width: 50px\">\n\t\t\t\t<div class=\"icon\">\n\t\t\t\t\t<div class=\"icon-inner\" >\n\t\t\t\t\t\t<img loading=\"lazy\" decoding=\"async\" width=\"128\" height=\"128\" src=\"https:\/\/static.formar.net\/wp-content\/uploads\/sites\/1\/2022\/10\/02111131\/2703076-128-1-1.png\" class=\"attachment-medium size-medium\" alt=\"\" srcset=\"https:\/\/static.formar.net\/wp-content\/uploads\/sites\/1\/2022\/10\/02111131\/2703076-128-1-1.png 128w, https:\/\/static.formar.net\/wp-content\/uploads\/sites\/1\/2022\/10\/02111131\/2703076-128-1-1-80x80.png 80w, https:\/\/static.formar.net\/wp-content\/uploads\/sites\/1\/2022\/10\/02111131\/2703076-128-1-1-100x100.png 100w, https:\/\/static.formar.net\/wp-content\/uploads\/sites\/1\/2022\/10\/02111131\/2703076-128-1-1-50x50.png 50w\" sizes=\"auto, (max-width: 128px) 100vw, 128px\" \/>\t\t\t\t\t<\/div>\n\t\t\t\t<\/div>\n\t\t\t<\/div>\n\t\t\t\t<div class=\"icon-box-text last-reset\">\n\t\t\t\t\t\t\t\t\t\n<h3>Kundenservice immer verf\u00fcgbar<\/h3>\n<p>Sie k\u00f6nnen uns \u00fcber WhatsApp erreichen:  <a href=\"https:\/\/api.whatsapp.com\/send\/?phone=390715906063&amp;text&amp;type=phone_number&amp;app_absent=0\">+39 071 5906063<\/a><\/p>\n<p>Telefonische Bestellungen: <a href=\"tel:+39800122267\">800 122 267<\/a><\/p>\n\t\t<\/div>\n\t<\/div>\n\t\n\t\n\t\t<\/div>\n\t\t\t\t\t<\/div>\n\n\t\n\n\t<div id=\"col-803279617\" class=\"col medium-3 small-12 large-3\"  >\n\t\t\t\t<div class=\"col-inner\"  >\n\t\t\t\n\t\t\t\n\n\t\t<div class=\"icon-box featured-box icon-box-center text-center\"  >\n\t\t\t\t\t<div class=\"icon-box-img\" style=\"width: 50px\">\n\t\t\t\t<div class=\"icon\">\n\t\t\t\t\t<div class=\"icon-inner\" >\n\t\t\t\t\t\t<img loading=\"lazy\" decoding=\"async\" width=\"256\" height=\"256\" src=\"https:\/\/static.formar.net\/wp-content\/uploads\/sites\/1\/2022\/11\/02111117\/Icona-carta-di-credito.png\" class=\"attachment-medium size-medium\" alt=\"\" srcset=\"https:\/\/static.formar.net\/wp-content\/uploads\/sites\/1\/2022\/11\/02111117\/Icona-carta-di-credito.png 256w, https:\/\/static.formar.net\/wp-content\/uploads\/sites\/1\/2022\/11\/02111117\/Icona-carta-di-credito-80x80.png 80w, https:\/\/static.formar.net\/wp-content\/uploads\/sites\/1\/2022\/11\/02111117\/Icona-carta-di-credito-100x100.png 100w, https:\/\/static.formar.net\/wp-content\/uploads\/sites\/1\/2022\/11\/02111117\/Icona-carta-di-credito-50x50.png 50w\" sizes=\"auto, (max-width: 256px) 100vw, 256px\" \/>\t\t\t\t\t<\/div>\n\t\t\t\t<\/div>\n\t\t\t<\/div>\n\t\t\t\t<div class=\"icon-box-text last-reset\">\n\t\t\t\t\t\t\t\t\t\n<h3>Zahlungsart w\u00e4hlen<\/h3>\n<p>Zahlung per Paypal, Kreditkarte, Bargeld oder Bancomat (vor Ort) und Nachnahme<\/p>\n\t\t<\/div>\n\t<\/div>\n\t\n\t\n\t\t<\/div>\n\t\t\t\t\t<\/div>\n\n\t\n\n\t<div id=\"col-140255632\" class=\"col medium-3 small-12 large-3\"  >\n\t\t\t\t<div class=\"col-inner\"  >\n\t\t\t\n\t\t\t\n\n\t\t<div class=\"icon-box featured-box icon-box-center text-center\"  >\n\t\t\t\t\t<div class=\"icon-box-img\" style=\"width: 50px\">\n\t\t\t\t<div class=\"icon\">\n\t\t\t\t\t<div class=\"icon-inner\" >\n\t\t\t\t\t\t<img loading=\"lazy\" decoding=\"async\" width=\"128\" height=\"128\" src=\"https:\/\/static.formar.net\/wp-content\/uploads\/sites\/1\/2022\/10\/02111130\/3669335-128-1.png\" class=\"attachment-medium size-medium\" alt=\"\" srcset=\"https:\/\/static.formar.net\/wp-content\/uploads\/sites\/1\/2022\/10\/02111130\/3669335-128-1.png 128w, https:\/\/static.formar.net\/wp-content\/uploads\/sites\/1\/2022\/10\/02111130\/3669335-128-1-80x80.png 80w, https:\/\/static.formar.net\/wp-content\/uploads\/sites\/1\/2022\/10\/02111130\/3669335-128-1-100x100.png 100w, https:\/\/static.formar.net\/wp-content\/uploads\/sites\/1\/2022\/10\/02111130\/3669335-128-1-50x50.png 50w\" sizes=\"auto, (max-width: 128px) 100vw, 128px\" \/>\t\t\t\t\t<\/div>\n\t\t\t\t<\/div>\n\t\t\t<\/div>\n\t\t\t\t<div class=\"icon-box-text last-reset\">\n\t\t\t\t\t\t\t\t\t\n<h3>Einfache und sorgenfreie R\u00fcckgabe<\/h3>\n<p>Sollte es Probleme geben, organisieren wir die Abholung direkt an Ihrer Adresse.<a href=\"https:\/\/formar.shop\/de\/regeln-fuer-die-rueckkehr\/\">(Mehr Details<\/a>).<\/p>\n\t\t<\/div>\n\t<\/div>\n\t\n\t\n\t\t<\/div>\n\t\t\t\t\t<\/div>\n\n\t\n\n\t<div id=\"col-251111240\" class=\"col medium-3 small-12 large-3\"  >\n\t\t\t\t<div class=\"col-inner\"  >\n\t\t\t\n\t\t\t\n\n\t\t<div class=\"icon-box featured-box icon-box-center text-center\"  >\n\t\t\t\t\t<div class=\"icon-box-img\" style=\"width: 50px\">\n\t\t\t\t<div class=\"icon\">\n\t\t\t\t\t<div class=\"icon-inner\" >\n\t\t\t\t\t\t<img loading=\"lazy\" decoding=\"async\" width=\"128\" height=\"128\" src=\"https:\/\/static.formar.net\/wp-content\/uploads\/sites\/1\/2022\/10\/02111130\/5959201-128-1.png\" class=\"attachment-medium size-medium\" alt=\"\" srcset=\"https:\/\/static.formar.net\/wp-content\/uploads\/sites\/1\/2022\/10\/02111130\/5959201-128-1.png 128w, https:\/\/static.formar.net\/wp-content\/uploads\/sites\/1\/2022\/10\/02111130\/5959201-128-1-80x80.png 80w, https:\/\/static.formar.net\/wp-content\/uploads\/sites\/1\/2022\/10\/02111130\/5959201-128-1-100x100.png 100w, https:\/\/static.formar.net\/wp-content\/uploads\/sites\/1\/2022\/10\/02111130\/5959201-128-1-50x50.png 50w\" sizes=\"auto, (max-width: 128px) 100vw, 128px\" \/>\t\t\t\t\t<\/div>\n\t\t\t\t<\/div>\n\t\t\t<\/div>\n\t\t\t\t<div class=\"icon-box-text last-reset\">\n\t\t\t\t\t\t\t\t\t\n<h3>Herstellergarantie und Ersatzteile<\/h3>\n<p>Alle unsere Produkte werden mit unserer Garantie geliefert. F\u00fcr viele Produkte gew\u00e4hren wir eine Ersatzteilgarantie f\u00fcr den gleichen Zeitraum.<\/p>\n\t\t<\/div>\n\t<\/div>\n\t\n\t\n\t\t<\/div>\n\t\t\t\t\t<\/div>\n\n\t\n\n<style>\n#row-404337869 > .col > .col-inner {\n  padding: 20px 20px 20px 20px;\n}\n<\/style>\n<\/div>\n\t\t<\/div>\n\n\t\t\n<style>\n#section_1439075695 {\n  padding-top: 30px;\n  padding-bottom: 30px;\n}\n<\/style>\n\t<\/section>\n\t\n","protected":false},"excerpt":{"rendered":"<p>Dieser elegante und raffinierte Stuhl wurde von dem Designer CHEN ZHIYI entworfen und passt zu jeder Art von Einrichtung.<br \/>\nDas Gestell besteht aus verchromtem Metall, w\u00e4hrend die Sitzfl\u00e4che aus Polypropylen in zwei Farben erh\u00e4ltlich ist: wei\u00df und air force blue.<br \/>\nDank des mitgelieferten Kits ist die Montage schnell und einfach.  <\/p>\n","protected":false},"featured_media":44820,"template":"","meta":{"_joinchat":[]},"product_brand":[],"product_cat":[1703,1598],"product_tag":[1704],"class_list":{"0":"post-44815","1":"product","2":"type-product","3":"status-publish","4":"has-post-thumbnail","6":"product_cat-sitze","7":"product_cat-startseite","8":"product_tag-stuhle","10":"first","11":"instock","12":"taxable","13":"shipping-taxable","14":"purchasable","15":"product-type-variable"},"yoast_head":"<!-- This site is optimized with the Yoast SEO plugin v27.3 - https:\/\/yoast.com\/product\/yoast-seo-wordpress\/ -->\n<title>Stuhl - Bud Chair 09 - Formar.shop<\/title>\n<meta name=\"robots\" content=\"index, follow, max-snippet:-1, max-image-preview:large, max-video-preview:-1\" \/>\n<link rel=\"canonical\" href=\"https:\/\/formar.shop\/de\/prodotto\/stuhl-bud-chair-09\/\" \/>\n<script type=\"application\/ld+json\" class=\"yoast-schema-graph\">{\"@context\":\"https:\\\/\\\/schema.org\",\"@graph\":[{\"@type\":\"WebPage\",\"@id\":\"https:\\\/\\\/formar.shop\\\/de\\\/prodotto\\\/stuhl-bud-chair-09\\\/\",\"url\":\"https:\\\/\\\/formar.shop\\\/de\\\/prodotto\\\/stuhl-bud-chair-09\\\/\",\"name\":\"Stuhl - Bud Chair 09 - Formar.shop\",\"isPartOf\":{\"@id\":\"https:\\\/\\\/formar.shop\\\/de\\\/#website\"},\"primaryImageOfPage\":{\"@id\":\"https:\\\/\\\/formar.shop\\\/de\\\/prodotto\\\/stuhl-bud-chair-09\\\/#primaryimage\"},\"image\":{\"@id\":\"https:\\\/\\\/formar.shop\\\/de\\\/prodotto\\\/stuhl-bud-chair-09\\\/#primaryimage\"},\"thumbnailUrl\":\"https:\\\/\\\/static.formar.net\\\/wp-content\\\/uploads\\\/2020\\\/12\\\/22164335\\\/Immagini-di-prodotto-x-Amazon-26.png\",\"datePublished\":\"2025-01-18T20:27:13+00:00\",\"dateModified\":\"2025-01-18T20:27:25+00:00\",\"breadcrumb\":{\"@id\":\"https:\\\/\\\/formar.shop\\\/de\\\/prodotto\\\/stuhl-bud-chair-09\\\/#breadcrumb\"},\"inLanguage\":\"de\",\"potentialAction\":[{\"@type\":\"ReadAction\",\"target\":[\"https:\\\/\\\/formar.shop\\\/de\\\/prodotto\\\/stuhl-bud-chair-09\\\/\"]}]},{\"@type\":\"ImageObject\",\"inLanguage\":\"de\",\"@id\":\"https:\\\/\\\/formar.shop\\\/de\\\/prodotto\\\/stuhl-bud-chair-09\\\/#primaryimage\",\"url\":\"https:\\\/\\\/static.formar.net\\\/wp-content\\\/uploads\\\/2020\\\/12\\\/22164335\\\/Immagini-di-prodotto-x-Amazon-26.png\",\"contentUrl\":\"https:\\\/\\\/static.formar.net\\\/wp-content\\\/uploads\\\/2020\\\/12\\\/22164335\\\/Immagini-di-prodotto-x-Amazon-26.png\",\"width\":1012,\"height\":1012},{\"@type\":\"BreadcrumbList\",\"@id\":\"https:\\\/\\\/formar.shop\\\/de\\\/prodotto\\\/stuhl-bud-chair-09\\\/#breadcrumb\",\"itemListElement\":[{\"@type\":\"ListItem\",\"position\":1,\"name\":\"Home\",\"item\":\"https:\\\/\\\/formar.shop\\\/de\\\/auto-entwurf\\\/\"},{\"@type\":\"ListItem\",\"position\":2,\"name\":\"Shop\",\"item\":\"https:\\\/\\\/formar.shop\\\/de\\\/shop\\\/\"},{\"@type\":\"ListItem\",\"position\":3,\"name\":\"Stuhl &#8211; Bud Chair 09\"}]},{\"@type\":\"WebSite\",\"@id\":\"https:\\\/\\\/formar.shop\\\/de\\\/#website\",\"url\":\"https:\\\/\\\/formar.shop\\\/de\\\/\",\"name\":\"Formar.shop\",\"description\":\"Soluzioni espresse con stile\",\"potentialAction\":[{\"@type\":\"SearchAction\",\"target\":{\"@type\":\"EntryPoint\",\"urlTemplate\":\"https:\\\/\\\/formar.shop\\\/de\\\/?s={search_term_string}\"},\"query-input\":{\"@type\":\"PropertyValueSpecification\",\"valueRequired\":true,\"valueName\":\"search_term_string\"}}],\"inLanguage\":\"de\"}]}<\/script>\n<!-- \/ Yoast SEO plugin. -->","yoast_head_json":{"title":"Stuhl - Bud Chair 09 - Formar.shop","robots":{"index":"index","follow":"follow","max-snippet":"max-snippet:-1","max-image-preview":"max-image-preview:large","max-video-preview":"max-video-preview:-1"},"canonical":"https:\/\/formar.shop\/de\/prodotto\/stuhl-bud-chair-09\/","schema":{"@context":"https:\/\/schema.org","@graph":[{"@type":"WebPage","@id":"https:\/\/formar.shop\/de\/prodotto\/stuhl-bud-chair-09\/","url":"https:\/\/formar.shop\/de\/prodotto\/stuhl-bud-chair-09\/","name":"Stuhl - Bud Chair 09 - Formar.shop","isPartOf":{"@id":"https:\/\/formar.shop\/de\/#website"},"primaryImageOfPage":{"@id":"https:\/\/formar.shop\/de\/prodotto\/stuhl-bud-chair-09\/#primaryimage"},"image":{"@id":"https:\/\/formar.shop\/de\/prodotto\/stuhl-bud-chair-09\/#primaryimage"},"thumbnailUrl":"https:\/\/static.formar.net\/wp-content\/uploads\/2020\/12\/22164335\/Immagini-di-prodotto-x-Amazon-26.png","datePublished":"2025-01-18T20:27:13+00:00","dateModified":"2025-01-18T20:27:25+00:00","breadcrumb":{"@id":"https:\/\/formar.shop\/de\/prodotto\/stuhl-bud-chair-09\/#breadcrumb"},"inLanguage":"de","potentialAction":[{"@type":"ReadAction","target":["https:\/\/formar.shop\/de\/prodotto\/stuhl-bud-chair-09\/"]}]},{"@type":"ImageObject","inLanguage":"de","@id":"https:\/\/formar.shop\/de\/prodotto\/stuhl-bud-chair-09\/#primaryimage","url":"https:\/\/static.formar.net\/wp-content\/uploads\/2020\/12\/22164335\/Immagini-di-prodotto-x-Amazon-26.png","contentUrl":"https:\/\/static.formar.net\/wp-content\/uploads\/2020\/12\/22164335\/Immagini-di-prodotto-x-Amazon-26.png","width":1012,"height":1012},{"@type":"BreadcrumbList","@id":"https:\/\/formar.shop\/de\/prodotto\/stuhl-bud-chair-09\/#breadcrumb","itemListElement":[{"@type":"ListItem","position":1,"name":"Home","item":"https:\/\/formar.shop\/de\/auto-entwurf\/"},{"@type":"ListItem","position":2,"name":"Shop","item":"https:\/\/formar.shop\/de\/shop\/"},{"@type":"ListItem","position":3,"name":"Stuhl &#8211; Bud Chair 09"}]},{"@type":"WebSite","@id":"https:\/\/formar.shop\/de\/#website","url":"https:\/\/formar.shop\/de\/","name":"Formar.shop","description":"Soluzioni espresse con stile","potentialAction":[{"@type":"SearchAction","target":{"@type":"EntryPoint","urlTemplate":"https:\/\/formar.shop\/de\/?s={search_term_string}"},"query-input":{"@type":"PropertyValueSpecification","valueRequired":true,"valueName":"search_term_string"}}],"inLanguage":"de"}]}},"_links":{"self":[{"href":"https:\/\/formar.shop\/de\/wp-json\/wp\/v2\/product\/44815","targetHints":{"allow":["GET"]}}],"collection":[{"href":"https:\/\/formar.shop\/de\/wp-json\/wp\/v2\/product"}],"about":[{"href":"https:\/\/formar.shop\/de\/wp-json\/wp\/v2\/types\/product"}],"wp:featuredmedia":[{"embeddable":true,"href":"https:\/\/formar.shop\/de\/wp-json\/wp\/v2\/media\/44820"}],"wp:attachment":[{"href":"https:\/\/formar.shop\/de\/wp-json\/wp\/v2\/media?parent=44815"}],"wp:term":[{"taxonomy":"product_brand","embeddable":true,"href":"https:\/\/formar.shop\/de\/wp-json\/wp\/v2\/product_brand?post=44815"},{"taxonomy":"product_cat","embeddable":true,"href":"https:\/\/formar.shop\/de\/wp-json\/wp\/v2\/product_cat?post=44815"},{"taxonomy":"product_tag","embeddable":true,"href":"https:\/\/formar.shop\/de\/wp-json\/wp\/v2\/product_tag?post=44815"}],"curies":[{"name":"wp","href":"https:\/\/api.w.org\/{rel}","templated":true}]}}