{"id":44627,"date":"2025-01-18T21:25:54","date_gmt":"2025-01-18T20:25:54","guid":{"rendered":"https:\/\/formar.shop\/prodotto\/buecherregal-wuerfeltisch-01\/"},"modified":"2025-01-18T21:26:13","modified_gmt":"2025-01-18T20:26:13","slug":"buecherregal-wuerfeltisch-01","status":"publish","type":"product","link":"https:\/\/formar.shop\/de\/prodotto\/buecherregal-wuerfeltisch-01\/","title":{"rendered":"B\u00fccherregal &#8211; W\u00fcrfeltisch 01"},"content":{"rendered":"<h2>W\u00dcRFEL B\u00dcCHERREGAL TISCH 01<\/h2>\n<p>Ein kleiner Tisch oder ein B\u00fccherregal, das viel Stauraum auf kleinem Raum bietet.<\/p>\n<h2 class=\"a-spacing-mini\">Mit dem Regaltisch Cube Table 01 bringen Sie Pers\u00f6nlichkeit, Charakter und Unterscheidungskraft in Ihr Zuhause.<\/h2>\n<p>Sein originelles, einfaches und praktisches Design bietet ein elegantes Gleichgewicht zwischen Ordnung und Sch\u00f6nheit in jedem Raum Ihres Zuhauses. Perfekt zum Abstellen von B\u00fcchern oder Dekorationsobjekten. <\/p>\n<p>Die Basis ist wei\u00df, w\u00e4hrend das Oberteil in drei sch\u00f6nen Varianten erh\u00e4ltlich ist: Rot, Schwarz und Grau.<\/p>\n<h3 class=\"av-special-heading-tag \">DESIGN PRODUKT<\/h3>\n<p>Es wurde von dem italienischen Designer Mario Mazzer entworfen, der 1978 seinen Abschluss in Architektur am Polytechnikum in Mailand und 1979 seinen Abschluss in Industriedesign an der Scuola Politecnica di Design in Mailand machte.<br \/>Hier bildete er sich in den 1970er Jahren aus und arbeitete mit den Meistern des italienischen Designs zusammen. 1980 gr\u00fcndete er Mario Mazzer Architects in Conegliano Veneto. 1996 erhielt der mehrfache Preistr\u00e4ger eine ehrenvolle Erw\u00e4hnung bei der ID Annual Design Review in New York. Durch die Pr\u00e4sentation seiner Arbeiten hat er einen gro\u00dfen Beitrag dazu geleistet, die Popularit\u00e4t italienischer Produkte weltweit zu f\u00f6rdern.  <\/p>\n<h3 class=\"av-special-heading-tag \">PRODUKTABMESSUNGEN<\/h3>\n<p>Die individuelle Produktma\u00dfnahme:<\/p>\n<ul>\n<li>40 cm L\u00e4nge<\/li>\n<li>40 cm tief<\/li>\n<li>33,5 cm H\u00f6he<\/li>\n<\/ul>\n<div class=\"is-divider divider clearfix\" style=\"max-width:1000px;\"><\/div>\n<div class=\"row\"  id=\"row-2120461349\">\n\n\t<div id=\"col-881601967\" class=\"col small-12 large-12\"  >\n\t\t\t\t<div class=\"col-inner\"  >\n\t\t\t\n\t\t\t\n\n\t\t<div class=\"icon-box featured-box icon-box-left text-left\"  >\n\t\t\t\t\t<div class=\"icon-box-img\" style=\"width: 20px\">\n\t\t\t\t<div class=\"icon\">\n\t\t\t\t\t<div class=\"icon-inner\" >\n\t\t\t\t\t\t<img loading=\"lazy\" decoding=\"async\" width=\"300\" height=\"300\" src=\"https:\/\/static.formar.net\/wp-content\/uploads\/2022\/09\/20173538\/Icona-telefono-300x300.png\" class=\"attachment-medium size-medium\" alt=\"\" srcset=\"https:\/\/static.formar.net\/wp-content\/uploads\/2022\/09\/20173538\/Icona-telefono-300x300.png 300w, https:\/\/static.formar.net\/wp-content\/uploads\/2022\/09\/20173538\/Icona-telefono-80x80.png 80w, https:\/\/static.formar.net\/wp-content\/uploads\/2022\/09\/20173538\/Icona-telefono-510x510.png 510w, https:\/\/static.formar.net\/wp-content\/uploads\/2022\/09\/20173538\/Icona-telefono-100x100.png 100w, https:\/\/static.formar.net\/wp-content\/uploads\/2022\/09\/20173538\/Icona-telefono-50x50.png 50w, https:\/\/static.formar.net\/wp-content\/uploads\/2022\/09\/20173538\/Icona-telefono.png 512w\" sizes=\"auto, (max-width: 300px) 100vw, 300px\" \/>\t\t\t\t\t<\/div>\n\t\t\t\t<\/div>\n\t\t\t<\/div>\n\t\t\t\t<div class=\"icon-box-text last-reset\">\n\t\t\t\t\t\t\t\t\t\n<h3><span style=\"font-size: 75%;\">Telefonische Bestellungen: 800 122 267<\/span><\/h3>\n\t\t<\/div>\n\t<\/div>\n\t\n\t\n\n\t\t<div class=\"icon-box featured-box icon-box-left text-left\"  >\n\t\t\t\t\t<div class=\"icon-box-img\" style=\"width: 20px\">\n\t\t\t\t<div class=\"icon\">\n\t\t\t\t\t<div class=\"icon-inner\" >\n\t\t\t\t\t\t<img loading=\"lazy\" decoding=\"async\" width=\"300\" height=\"300\" src=\"https:\/\/static.formar.net\/wp-content\/uploads\/2022\/09\/20173537\/Icona-whatsapp-1-300x300.png\" class=\"attachment-medium size-medium\" alt=\"\" srcset=\"https:\/\/static.formar.net\/wp-content\/uploads\/2022\/09\/20173537\/Icona-whatsapp-1-300x300.png 300w, https:\/\/static.formar.net\/wp-content\/uploads\/2022\/09\/20173537\/Icona-whatsapp-1-80x80.png 80w, https:\/\/static.formar.net\/wp-content\/uploads\/2022\/09\/20173537\/Icona-whatsapp-1-510x510.png 510w, https:\/\/static.formar.net\/wp-content\/uploads\/2022\/09\/20173537\/Icona-whatsapp-1-100x100.png 100w, https:\/\/static.formar.net\/wp-content\/uploads\/2022\/09\/20173537\/Icona-whatsapp-1-50x50.png 50w, https:\/\/static.formar.net\/wp-content\/uploads\/2022\/09\/20173537\/Icona-whatsapp-1-600x600.png 600w, https:\/\/static.formar.net\/wp-content\/uploads\/2022\/09\/20173537\/Icona-whatsapp-1.png 720w\" sizes=\"auto, (max-width: 300px) 100vw, 300px\" \/>\t\t\t\t\t<\/div>\n\t\t\t\t<\/div>\n\t\t\t<\/div>\n\t\t\t\t<div class=\"icon-box-text last-reset\">\n\t\t\t\t\t\t\t\t\t\n<h3><span style=\"font-size: 75%;\">WhatsApp: <a href=\"https:\/\/api.whatsapp.com\/send\/?phone=390715906063&amp;text&amp;type=phone_number&amp;app_absent=0\">+39 071 5906063<\/a><\/span><\/h3>\n\t\t<\/div>\n\t<\/div>\n\t\n\t\n\n\t\t<div class=\"icon-box featured-box icon-box-left text-left\"  >\n\t\t\t\t\t<div class=\"icon-box-img\" style=\"width: 20px\">\n\t\t\t\t<div class=\"icon\">\n\t\t\t\t\t<div class=\"icon-inner\" >\n\t\t\t\t\t\t<img loading=\"lazy\" decoding=\"async\" width=\"300\" height=\"300\" src=\"https:\/\/static.formar.net\/wp-content\/uploads\/2022\/09\/20173537\/Icona-lucchetto-300x300.png\" class=\"attachment-medium size-medium\" alt=\"\" srcset=\"https:\/\/static.formar.net\/wp-content\/uploads\/2022\/09\/20173537\/Icona-lucchetto-300x300.png 300w, https:\/\/static.formar.net\/wp-content\/uploads\/2022\/09\/20173537\/Icona-lucchetto-80x80.png 80w, https:\/\/static.formar.net\/wp-content\/uploads\/2022\/09\/20173537\/Icona-lucchetto-100x100.png 100w, https:\/\/static.formar.net\/wp-content\/uploads\/2022\/09\/20173537\/Icona-lucchetto-50x50.png 50w, https:\/\/static.formar.net\/wp-content\/uploads\/2022\/09\/20173537\/Icona-lucchetto.png 500w\" sizes=\"auto, (max-width: 300px) 100vw, 300px\" \/>\t\t\t\t\t<\/div>\n\t\t\t\t<\/div>\n\t\t\t<\/div>\n\t\t\t\t<div class=\"icon-box-text last-reset\">\n\t\t\t\t\t\t\t\t\t\n<h3><span style=\"font-size: 75%;\">Sichere Zahlungen mit SSL-Entschl\u00fcsselung<\/span><\/h3>\n\t\t<\/div>\n\t<\/div>\n\t\n\t\n\n\t\t<div class=\"icon-box featured-box icon-box-left text-left\"  >\n\t\t\t\t\t<div class=\"icon-box-img\" style=\"width: 20px\">\n\t\t\t\t<div class=\"icon\">\n\t\t\t\t\t<div class=\"icon-inner\" >\n\t\t\t\t\t\t<img loading=\"lazy\" decoding=\"async\" width=\"224\" height=\"224\" src=\"https:\/\/static.formar.net\/wp-content\/uploads\/sites\/1\/2022\/10\/02111142\/Icona-furgone.png\" class=\"attachment-medium size-medium\" alt=\"\" srcset=\"https:\/\/static.formar.net\/wp-content\/uploads\/sites\/1\/2022\/10\/02111142\/Icona-furgone.png 224w, https:\/\/static.formar.net\/wp-content\/uploads\/sites\/1\/2022\/10\/02111142\/Icona-furgone-80x80.png 80w, https:\/\/static.formar.net\/wp-content\/uploads\/sites\/1\/2022\/10\/02111142\/Icona-furgone-100x100.png 100w, https:\/\/static.formar.net\/wp-content\/uploads\/sites\/1\/2022\/10\/02111142\/Icona-furgone-50x50.png 50w\" sizes=\"auto, (max-width: 224px) 100vw, 224px\" \/>\t\t\t\t\t<\/div>\n\t\t\t\t<\/div>\n\t\t\t<\/div>\n\t\t\t\t<div class=\"icon-box-text last-reset\">\n\t\t\t\t\t\t\t\t\t\n<h3><span style=\"font-size: 75%;\">Immer kostenloser Versand<\/span><\/h3>\n\t\t<\/div>\n\t<\/div>\n\t\n\t\n\n\t\t<div class=\"icon-box featured-box icon-box-left text-left\"  >\n\t\t\t\t\t<div class=\"icon-box-img\" style=\"width: 20px\">\n\t\t\t\t<div class=\"icon\">\n\t\t\t\t\t<div class=\"icon-inner\" >\n\t\t\t\t\t\t<img loading=\"lazy\" decoding=\"async\" width=\"256\" height=\"256\" src=\"https:\/\/static.formar.net\/wp-content\/uploads\/sites\/1\/2022\/10\/02111142\/Icona-carta-di-credito.png\" class=\"attachment-medium size-medium\" alt=\"\" srcset=\"https:\/\/static.formar.net\/wp-content\/uploads\/sites\/1\/2022\/10\/02111142\/Icona-carta-di-credito.png 256w, https:\/\/static.formar.net\/wp-content\/uploads\/sites\/1\/2022\/10\/02111142\/Icona-carta-di-credito-80x80.png 80w, https:\/\/static.formar.net\/wp-content\/uploads\/sites\/1\/2022\/10\/02111142\/Icona-carta-di-credito-100x100.png 100w, https:\/\/static.formar.net\/wp-content\/uploads\/sites\/1\/2022\/10\/02111142\/Icona-carta-di-credito-50x50.png 50w\" sizes=\"auto, (max-width: 256px) 100vw, 256px\" \/>\t\t\t\t\t<\/div>\n\t\t\t\t<\/div>\n\t\t\t<\/div>\n\t\t\t\t<div class=\"icon-box-text last-reset\">\n\t\t\t\t\t\t\t\t\t\n<h3><span style=\"font-size: 75%;\"><a href=\"https:\/\/formar.shop\/de\/art-der-bezahlung\/\">Bezahlung<\/a>: Paypal, Kreditkarte, Bargeld oder Bankomat (vor Ort), Nachnahme<\/span><\/h3>\n\t\t<\/div>\n\t<\/div>\n\t\n\t\n\n\t\t<div class=\"icon-box featured-box icon-box-left text-left\"  >\n\t\t\t\t<div class=\"icon-box-text last-reset\">\n\t\t\t\t\t\t\t\t\t\n<h3><span style=\"font-size: 15.12px;\">Garantie des Herstellers<\/span><\/h3>\n\t\t<\/div>\n\t<\/div>\n\t\n\t\n\n\t\t<div class=\"icon-box featured-box icon-box-left text-left\"  >\n\t\t\t\t<div class=\"icon-box-text last-reset\">\n\t\t\t\t\t\t\t\t\t\n<h3><span style=\"font-size: 75%;\">Schnelle und einfache R\u00fcckgabe.  <a href=\"https:\/\/formar.shop\/de\/regeln-fuer-die-rueckkehr\/\">Mehr Details<\/a><\/span><\/h3>\n\t\t<\/div>\n\t<\/div>\n\t\n\t\n\t\t<\/div>\n\t\t\t\t\t<\/div>\n\n\t\n<\/div>\n","protected":false},"excerpt":{"rendered":"<p>Dieser von dem italienischen Designer MARIO MAZZER entworfene Design-Beistelltisch eignet sich f\u00fcr die Einrichtung jedes Raumes.<br \/>\nEr besteht aus einer wei\u00dfen Basis und einer Platte, die in drei Farben erh\u00e4ltlich ist: Rot, Schwarz und Grau.<br \/>\nDank des mitgelieferten Bausatzes ist die Montage schnell und einfach.  <\/p>\n","protected":false},"featured_media":44634,"template":"","meta":{"_joinchat":[]},"product_brand":[],"product_cat":[1598,1599],"product_tag":[1631,1630],"class_list":{"0":"post-44627","1":"product","2":"type-product","3":"status-publish","4":"has-post-thumbnail","6":"product_cat-startseite","7":"product_cat-tische-und-couchtische","8":"product_tag-couchtische","9":"product_tag-tische","11":"first","12":"instock","13":"sale","14":"taxable","15":"shipping-taxable","16":"purchasable","17":"product-type-variable","18":"has-default-attributes"},"yoast_head":"<!-- This site is optimized with the Yoast SEO plugin v27.3 - https:\/\/yoast.com\/product\/yoast-seo-wordpress\/ -->\n<title>B\u00fccherregal - W\u00fcrfeltisch 01 - Formar.shop<\/title>\n<meta name=\"robots\" content=\"index, follow, max-snippet:-1, max-image-preview:large, max-video-preview:-1\" \/>\n<link rel=\"canonical\" href=\"https:\/\/formar.shop\/de\/prodotto\/buecherregal-wuerfeltisch-01\/\" \/>\n<script type=\"application\/ld+json\" class=\"yoast-schema-graph\">{\"@context\":\"https:\\\/\\\/schema.org\",\"@graph\":[{\"@type\":\"WebPage\",\"@id\":\"https:\\\/\\\/formar.shop\\\/de\\\/prodotto\\\/buecherregal-wuerfeltisch-01\\\/\",\"url\":\"https:\\\/\\\/formar.shop\\\/de\\\/prodotto\\\/buecherregal-wuerfeltisch-01\\\/\",\"name\":\"B\u00fccherregal - W\u00fcrfeltisch 01 - Formar.shop\",\"isPartOf\":{\"@id\":\"https:\\\/\\\/formar.shop\\\/de\\\/#website\"},\"primaryImageOfPage\":{\"@id\":\"https:\\\/\\\/formar.shop\\\/de\\\/prodotto\\\/buecherregal-wuerfeltisch-01\\\/#primaryimage\"},\"image\":{\"@id\":\"https:\\\/\\\/formar.shop\\\/de\\\/prodotto\\\/buecherregal-wuerfeltisch-01\\\/#primaryimage\"},\"thumbnailUrl\":\"https:\\\/\\\/static.formar.net\\\/wp-content\\\/uploads\\\/2020\\\/12\\\/22191323\\\/Immagini-di-prodotto-x-Amazon-41.png\",\"datePublished\":\"2025-01-18T20:25:54+00:00\",\"dateModified\":\"2025-01-18T20:26:13+00:00\",\"breadcrumb\":{\"@id\":\"https:\\\/\\\/formar.shop\\\/de\\\/prodotto\\\/buecherregal-wuerfeltisch-01\\\/#breadcrumb\"},\"inLanguage\":\"de\",\"potentialAction\":[{\"@type\":\"ReadAction\",\"target\":[\"https:\\\/\\\/formar.shop\\\/de\\\/prodotto\\\/buecherregal-wuerfeltisch-01\\\/\"]}]},{\"@type\":\"ImageObject\",\"inLanguage\":\"de\",\"@id\":\"https:\\\/\\\/formar.shop\\\/de\\\/prodotto\\\/buecherregal-wuerfeltisch-01\\\/#primaryimage\",\"url\":\"https:\\\/\\\/static.formar.net\\\/wp-content\\\/uploads\\\/2020\\\/12\\\/22191323\\\/Immagini-di-prodotto-x-Amazon-41.png\",\"contentUrl\":\"https:\\\/\\\/static.formar.net\\\/wp-content\\\/uploads\\\/2020\\\/12\\\/22191323\\\/Immagini-di-prodotto-x-Amazon-41.png\",\"width\":1012,\"height\":1012},{\"@type\":\"BreadcrumbList\",\"@id\":\"https:\\\/\\\/formar.shop\\\/de\\\/prodotto\\\/buecherregal-wuerfeltisch-01\\\/#breadcrumb\",\"itemListElement\":[{\"@type\":\"ListItem\",\"position\":1,\"name\":\"Home\",\"item\":\"https:\\\/\\\/formar.shop\\\/de\\\/auto-entwurf\\\/\"},{\"@type\":\"ListItem\",\"position\":2,\"name\":\"Shop\",\"item\":\"https:\\\/\\\/formar.shop\\\/de\\\/shop\\\/\"},{\"@type\":\"ListItem\",\"position\":3,\"name\":\"B\u00fccherregal &#8211; W\u00fcrfeltisch 01\"}]},{\"@type\":\"WebSite\",\"@id\":\"https:\\\/\\\/formar.shop\\\/de\\\/#website\",\"url\":\"https:\\\/\\\/formar.shop\\\/de\\\/\",\"name\":\"Formar.shop\",\"description\":\"Soluzioni espresse con stile\",\"potentialAction\":[{\"@type\":\"SearchAction\",\"target\":{\"@type\":\"EntryPoint\",\"urlTemplate\":\"https:\\\/\\\/formar.shop\\\/de\\\/?s={search_term_string}\"},\"query-input\":{\"@type\":\"PropertyValueSpecification\",\"valueRequired\":true,\"valueName\":\"search_term_string\"}}],\"inLanguage\":\"de\"}]}<\/script>\n<!-- \/ Yoast SEO plugin. -->","yoast_head_json":{"title":"B\u00fccherregal - W\u00fcrfeltisch 01 - Formar.shop","robots":{"index":"index","follow":"follow","max-snippet":"max-snippet:-1","max-image-preview":"max-image-preview:large","max-video-preview":"max-video-preview:-1"},"canonical":"https:\/\/formar.shop\/de\/prodotto\/buecherregal-wuerfeltisch-01\/","schema":{"@context":"https:\/\/schema.org","@graph":[{"@type":"WebPage","@id":"https:\/\/formar.shop\/de\/prodotto\/buecherregal-wuerfeltisch-01\/","url":"https:\/\/formar.shop\/de\/prodotto\/buecherregal-wuerfeltisch-01\/","name":"B\u00fccherregal - W\u00fcrfeltisch 01 - Formar.shop","isPartOf":{"@id":"https:\/\/formar.shop\/de\/#website"},"primaryImageOfPage":{"@id":"https:\/\/formar.shop\/de\/prodotto\/buecherregal-wuerfeltisch-01\/#primaryimage"},"image":{"@id":"https:\/\/formar.shop\/de\/prodotto\/buecherregal-wuerfeltisch-01\/#primaryimage"},"thumbnailUrl":"https:\/\/static.formar.net\/wp-content\/uploads\/2020\/12\/22191323\/Immagini-di-prodotto-x-Amazon-41.png","datePublished":"2025-01-18T20:25:54+00:00","dateModified":"2025-01-18T20:26:13+00:00","breadcrumb":{"@id":"https:\/\/formar.shop\/de\/prodotto\/buecherregal-wuerfeltisch-01\/#breadcrumb"},"inLanguage":"de","potentialAction":[{"@type":"ReadAction","target":["https:\/\/formar.shop\/de\/prodotto\/buecherregal-wuerfeltisch-01\/"]}]},{"@type":"ImageObject","inLanguage":"de","@id":"https:\/\/formar.shop\/de\/prodotto\/buecherregal-wuerfeltisch-01\/#primaryimage","url":"https:\/\/static.formar.net\/wp-content\/uploads\/2020\/12\/22191323\/Immagini-di-prodotto-x-Amazon-41.png","contentUrl":"https:\/\/static.formar.net\/wp-content\/uploads\/2020\/12\/22191323\/Immagini-di-prodotto-x-Amazon-41.png","width":1012,"height":1012},{"@type":"BreadcrumbList","@id":"https:\/\/formar.shop\/de\/prodotto\/buecherregal-wuerfeltisch-01\/#breadcrumb","itemListElement":[{"@type":"ListItem","position":1,"name":"Home","item":"https:\/\/formar.shop\/de\/auto-entwurf\/"},{"@type":"ListItem","position":2,"name":"Shop","item":"https:\/\/formar.shop\/de\/shop\/"},{"@type":"ListItem","position":3,"name":"B\u00fccherregal &#8211; W\u00fcrfeltisch 01"}]},{"@type":"WebSite","@id":"https:\/\/formar.shop\/de\/#website","url":"https:\/\/formar.shop\/de\/","name":"Formar.shop","description":"Soluzioni espresse con stile","potentialAction":[{"@type":"SearchAction","target":{"@type":"EntryPoint","urlTemplate":"https:\/\/formar.shop\/de\/?s={search_term_string}"},"query-input":{"@type":"PropertyValueSpecification","valueRequired":true,"valueName":"search_term_string"}}],"inLanguage":"de"}]}},"_links":{"self":[{"href":"https:\/\/formar.shop\/de\/wp-json\/wp\/v2\/product\/44627","targetHints":{"allow":["GET"]}}],"collection":[{"href":"https:\/\/formar.shop\/de\/wp-json\/wp\/v2\/product"}],"about":[{"href":"https:\/\/formar.shop\/de\/wp-json\/wp\/v2\/types\/product"}],"wp:featuredmedia":[{"embeddable":true,"href":"https:\/\/formar.shop\/de\/wp-json\/wp\/v2\/media\/44634"}],"wp:attachment":[{"href":"https:\/\/formar.shop\/de\/wp-json\/wp\/v2\/media?parent=44627"}],"wp:term":[{"taxonomy":"product_brand","embeddable":true,"href":"https:\/\/formar.shop\/de\/wp-json\/wp\/v2\/product_brand?post=44627"},{"taxonomy":"product_cat","embeddable":true,"href":"https:\/\/formar.shop\/de\/wp-json\/wp\/v2\/product_cat?post=44627"},{"taxonomy":"product_tag","embeddable":true,"href":"https:\/\/formar.shop\/de\/wp-json\/wp\/v2\/product_tag?post=44627"}],"curies":[{"name":"wp","href":"https:\/\/api.w.org\/{rel}","templated":true}]}}