{"id":47813,"date":"2025-01-18T21:35:37","date_gmt":"2025-01-18T20:35:37","guid":{"rendered":"https:\/\/formar.shop\/bestellung-reception-was-ist-zu-tun\/"},"modified":"2025-01-18T21:35:41","modified_gmt":"2025-01-18T20:35:41","slug":"bestellung-reception-was-ist-zu-tun","status":"publish","type":"page","link":"https:\/\/formar.shop\/de\/bestellung-reception-was-ist-zu-tun\/","title":{"rendered":"BESTELLUNG RECEPTION: was ist zu tun?"},"content":{"rendered":"<p>Sehr geehrter Kunde,<\/p>\n<p>Um sicherzustellen, dass Ihr Einkauf in einwandfreiem Zustand bei Ihnen ankommt, haben wir immer professionelle Kuriere eingesetzt. Aber manchmal kann es vorkommen, dass die Pakete oder P\u00e4ckchen mit bestellten Artikeln nicht in ihrem urspr\u00fcnglichen Zustand ankommen und nicht mit der gleichen Sorgfalt behandelt werden, wie wir es normalerweise tun. Aus diesem Grund bitten wir Sie, einen kurzen Blick auf die folgende Erinnerung zu werfen:<\/p>\n<ul>\n<li><span style=\"background-color: #ffff00;\">\u00dcberpr\u00fcfen Sie immer, ob die Anzahl der erhaltenen Pakete mit der Anzahl der im Transportdokument angegebenen Pakete \u00fcbereinstimmt.<\/span><\/li>\n<li><span style=\"background-color: #ffff00;\">\u00dcberpr\u00fcfen Sie immer die Unversehrtheit der Verpackung, egal ob es sich um eine Palette oder lose Pakete handelt<\/span>.<\/li>\n<\/ul>\n<p><strong><span style=\"color: #ed1c24; font-size: 120%;\"><em>Im Falle einer quantitativen oder qualitativen Anomalie wird die Lieferung nur akzeptiert, wenn Sie auf der Quittung Folgendes vermerken:<\/em><\/span><\/strong><\/p>\n<p style=\"text-align: center;\"><span style=\"background-color: #ffff00;\">SPECIFIC RESERVE\u00b9 und eine Beschreibung der gefundenen Diskrepanzen.<\/span><br \/><span style=\"background-color: #ffff00;\">Hervorhebung der gefundenen Unstimmigkeiten auf dem POD\/Palmare<\/span><\/p>\n<p>(Hinweis: Allgemeine Vorbehalte wie &#8222;nicht konforme Waren&#8220; oder &#8222;Kontrollreserve&#8220; werden nicht als g\u00fcltig angesehen)<\/p>\n<p><strong><em>Benachrichtigen Sie uns unverz\u00fcglich per E-Mail (shop@formar-contract.it) \u00fcber die Anomalie, die Sie bei der Lieferung festgestellt haben, und legen Sie ein Foto der vom Kurier ausgestellten Quittung bei, auf der die von Ihnen unterzeichnete spezifische Reservierung angegeben ist.<\/em><\/strong><\/p>\n<p><span style=\"background-color: #ffff00;\"><strong><span style=\"font-size: 105%; background-color: #ffff00;\">I M P O R T A N T !!!<\/span><\/strong><\/span><\/p>\n<p><span style=\"color: #ed1c24;\">Unterschreiben Sie mit <span style=\"font-size: 95%;\"><strong>Besondere Reservierung<\/strong><\/span> bedeutet, dass der Empf\u00e4nger sich das Recht vorbeh\u00e4lt, die Unversehrtheit der Waren zu \u00fcberpr\u00fcfen, mit der M\u00f6glichkeit, den Spediteur im Falle eines Schadens in Regress zu nehmen.<\/span><\/p>\n<p>\u00b9 <strong><em>Klicken Sie auf die Schaltfl\u00e4che unten und Sie finden ein PDF, das zeigt, wie Sie die Formulierung Spezifische Reserve und eine allgemeine Beschreibung der Diskrepanz eingeben.<\/em><\/strong><\/p>\n<p>Vielen Dank f\u00fcr Ihre Mitarbeit und Verf\u00fcgbarkeit!<br \/>Das Team von Formar Contract Srl<\/p>\n<a href=\"https:\/\/formar.shop\/wp-content\/uploads\/2022\/04\/riserva-di-controllo-Formar-Shop.pdf\" target=\"_blank\" class=\"button primary\" rel=\"noopener\" style=\"border-radius:10px;\">\n\t\t<span>Spezifisches_Pod reservieren<\/span>\n\t<i class=\"icon-user\" aria-hidden=\"true\"><\/i><\/a>\n\n","protected":false},"excerpt":{"rendered":"<p>Sehr geehrter Kunde, Um sicherzustellen, dass Ihr Einkauf in einwandfreiem Zustand bei Ihnen ankommt, haben wir immer professionelle Kuriere eingesetzt. Aber manchmal kann es vorkommen, dass die Pakete oder P\u00e4ckchen mit bestellten Artikeln nicht in ihrem urspr\u00fcnglichen Zustand ankommen und nicht mit der gleichen Sorgfalt behandelt werden, wie wir es normalerweise tun. Aus diesem Grund [&#8230;]\n","protected":false},"author":175,"featured_media":0,"parent":0,"menu_order":0,"comment_status":"closed","ping_status":"closed","template":"","meta":{"_joinchat":[],"footnotes":""},"class_list":["post-47813","page","type-page","status-publish","hentry"],"yoast_head":"<!-- This site is optimized with the Yoast SEO plugin v27.3 - https:\/\/yoast.com\/product\/yoast-seo-wordpress\/ -->\n<title>BESTELLUNG RECEPTION: was ist zu tun? - Formar.shop<\/title>\n<meta name=\"robots\" content=\"index, follow, max-snippet:-1, max-image-preview:large, max-video-preview:-1\" \/>\n<link rel=\"canonical\" href=\"https:\/\/formar.shop\/de\/bestellung-reception-was-ist-zu-tun\/\" \/>\n<script type=\"application\/ld+json\" class=\"yoast-schema-graph\">{\"@context\":\"https:\\\/\\\/schema.org\",\"@graph\":[{\"@type\":\"WebPage\",\"@id\":\"https:\\\/\\\/formar.shop\\\/de\\\/bestellung-reception-was-ist-zu-tun\\\/\",\"url\":\"https:\\\/\\\/formar.shop\\\/de\\\/bestellung-reception-was-ist-zu-tun\\\/\",\"name\":\"BESTELLUNG RECEPTION: was ist zu tun? - Formar.shop\",\"isPartOf\":{\"@id\":\"https:\\\/\\\/formar.shop\\\/de\\\/#website\"},\"datePublished\":\"2025-01-18T20:35:37+00:00\",\"dateModified\":\"2025-01-18T20:35:41+00:00\",\"breadcrumb\":{\"@id\":\"https:\\\/\\\/formar.shop\\\/de\\\/bestellung-reception-was-ist-zu-tun\\\/#breadcrumb\"},\"inLanguage\":\"de\",\"potentialAction\":[{\"@type\":\"ReadAction\",\"target\":[\"https:\\\/\\\/formar.shop\\\/de\\\/bestellung-reception-was-ist-zu-tun\\\/\"]}]},{\"@type\":\"BreadcrumbList\",\"@id\":\"https:\\\/\\\/formar.shop\\\/de\\\/bestellung-reception-was-ist-zu-tun\\\/#breadcrumb\",\"itemListElement\":[{\"@type\":\"ListItem\",\"position\":1,\"name\":\"Home\",\"item\":\"https:\\\/\\\/formar.shop\\\/de\\\/auto-entwurf\\\/\"},{\"@type\":\"ListItem\",\"position\":2,\"name\":\"BESTELLUNG RECEPTION: was ist zu tun?\"}]},{\"@type\":\"WebSite\",\"@id\":\"https:\\\/\\\/formar.shop\\\/de\\\/#website\",\"url\":\"https:\\\/\\\/formar.shop\\\/de\\\/\",\"name\":\"Formar.shop\",\"description\":\"Soluzioni espresse con stile\",\"potentialAction\":[{\"@type\":\"SearchAction\",\"target\":{\"@type\":\"EntryPoint\",\"urlTemplate\":\"https:\\\/\\\/formar.shop\\\/de\\\/?s={search_term_string}\"},\"query-input\":{\"@type\":\"PropertyValueSpecification\",\"valueRequired\":true,\"valueName\":\"search_term_string\"}}],\"inLanguage\":\"de\"}]}<\/script>\n<!-- \/ Yoast SEO plugin. -->","yoast_head_json":{"title":"BESTELLUNG RECEPTION: was ist zu tun? - Formar.shop","robots":{"index":"index","follow":"follow","max-snippet":"max-snippet:-1","max-image-preview":"max-image-preview:large","max-video-preview":"max-video-preview:-1"},"canonical":"https:\/\/formar.shop\/de\/bestellung-reception-was-ist-zu-tun\/","schema":{"@context":"https:\/\/schema.org","@graph":[{"@type":"WebPage","@id":"https:\/\/formar.shop\/de\/bestellung-reception-was-ist-zu-tun\/","url":"https:\/\/formar.shop\/de\/bestellung-reception-was-ist-zu-tun\/","name":"BESTELLUNG RECEPTION: was ist zu tun? - Formar.shop","isPartOf":{"@id":"https:\/\/formar.shop\/de\/#website"},"datePublished":"2025-01-18T20:35:37+00:00","dateModified":"2025-01-18T20:35:41+00:00","breadcrumb":{"@id":"https:\/\/formar.shop\/de\/bestellung-reception-was-ist-zu-tun\/#breadcrumb"},"inLanguage":"de","potentialAction":[{"@type":"ReadAction","target":["https:\/\/formar.shop\/de\/bestellung-reception-was-ist-zu-tun\/"]}]},{"@type":"BreadcrumbList","@id":"https:\/\/formar.shop\/de\/bestellung-reception-was-ist-zu-tun\/#breadcrumb","itemListElement":[{"@type":"ListItem","position":1,"name":"Home","item":"https:\/\/formar.shop\/de\/auto-entwurf\/"},{"@type":"ListItem","position":2,"name":"BESTELLUNG RECEPTION: was ist zu tun?"}]},{"@type":"WebSite","@id":"https:\/\/formar.shop\/de\/#website","url":"https:\/\/formar.shop\/de\/","name":"Formar.shop","description":"Soluzioni espresse con stile","potentialAction":[{"@type":"SearchAction","target":{"@type":"EntryPoint","urlTemplate":"https:\/\/formar.shop\/de\/?s={search_term_string}"},"query-input":{"@type":"PropertyValueSpecification","valueRequired":true,"valueName":"search_term_string"}}],"inLanguage":"de"}]}},"_links":{"self":[{"href":"https:\/\/formar.shop\/de\/wp-json\/wp\/v2\/pages\/47813","targetHints":{"allow":["GET"]}}],"collection":[{"href":"https:\/\/formar.shop\/de\/wp-json\/wp\/v2\/pages"}],"about":[{"href":"https:\/\/formar.shop\/de\/wp-json\/wp\/v2\/types\/page"}],"author":[{"embeddable":true,"href":"https:\/\/formar.shop\/de\/wp-json\/wp\/v2\/users\/175"}],"replies":[{"embeddable":true,"href":"https:\/\/formar.shop\/de\/wp-json\/wp\/v2\/comments?post=47813"}],"version-history":[{"count":8,"href":"https:\/\/formar.shop\/de\/wp-json\/wp\/v2\/pages\/47813\/revisions"}],"predecessor-version":[{"id":47848,"href":"https:\/\/formar.shop\/de\/wp-json\/wp\/v2\/pages\/47813\/revisions\/47848"}],"wp:attachment":[{"href":"https:\/\/formar.shop\/de\/wp-json\/wp\/v2\/media?parent=47813"}],"curies":[{"name":"wp","href":"https:\/\/api.w.org\/{rel}","templated":true}]}}