{"id":43723,"date":"2025-01-18T21:19:51","date_gmt":"2025-01-18T20:19:51","guid":{"rendered":"https:\/\/formar.shop\/kaufleitfaden\/"},"modified":"2025-01-18T21:19:51","modified_gmt":"2025-01-18T20:19:51","slug":"kaufleitfaden","status":"publish","type":"page","link":"https:\/\/formar.shop\/de\/kaufleitfaden\/","title":{"rendered":"KAUFLEITFADEN"},"content":{"rendered":"\t<div id=\"text-2150892723\" class=\"text\">\n\t\t\n<p><strong>Bedingungen und Konditionen<\/strong><\/p>\n<p>Formar.shop von Formar Contract erm\u00f6glicht es jedem, seine Produkte online zu kaufen, \u00fcber einen <strong>einfachen, bequemen und sicheren<\/strong> Service.<\/p>\n<p>Es ist m\u00f6glich, einen Kauf nach der Registrierung oder als Gast zu t\u00e4tigen, aber in beiden F\u00e4llen ist es notwendig, alle erforderlichen Felder auszuf\u00fcllen.  <\/p>\n<p><strong>Alle Bestellungen sind freibleibend<\/strong>.<\/p>\n<\/p>\n<p><strong>Anmeldung<\/strong><\/p>\n<p>Nach der Registrierung, die in wenigen einfachen Schritten erfolgt, verf\u00fcgt der neue Kunde \u00fcber ein internes Kontrollpanel, in dem er seine Lieferadresse eingeben kann, die das System speichern kann, um den n\u00e4chsten Einkauf zu beschleunigen, und in dem er den Warenkorb und die Produktvergleichsoption verwalten kann. W\u00e4hlen Sie das gew\u00fcnschte Produkt, die Gr\u00f6\u00dfe und die Farbe aus und legen Sie es nach Auswahl der gew\u00fcnschten Menge in den Warenkorb. Wenn Sie mit dem Kauf fortfahren m\u00f6chten, gehen Sie in den Warenkorb, loggen sich zuerst ein, falls Sie registriert sind, und fahren mit der Bestellung fort. Sie k\u00f6nnen die ausgew\u00e4hlten Produkte jederzeit \u00e4ndern oder aus dem Einkaufswagen entfernen.  <\/p>\n<\/p>\n<p><strong>Bestellung<\/strong><\/p>\n<p>Sobald Sie alle Produkte ausgew\u00e4hlt haben, die Sie kaufen m\u00f6chten, fahren Sie mit der Bestellung fort. Wenn Sie ein aktuelles Konto mit Daten und Lieferadresse haben, geht der Kaufvorgang schneller.<br \/>Andernfalls geben Sie die erforderlichen Daten ein und fahren mit der Bestellung fort. Die Bestellung wird erst bearbeitet, wenn die Zahlung f\u00fcr das Produkt eingegangen ist, je nach der gew\u00e4hlten Zahlungsmethode.  <\/p>\n<\/p>\n<p><strong>Unser Kundenservice steht Ihnen gerne zur Verf\u00fcgung.<\/strong><\/p>\n<p>Unsere Fachleute werden Ihre Fragen zu unseren Dienstleistungen beantworten.<\/p>\n<p>Bitte z\u00f6gern Sie nicht, uns f\u00fcr weitere Informationen oder eine Angebotsanfrage zu kontaktieren!  <\/p>\n<\/p>\n<p style=\"text-align: left;\"><strong>Formar Contract srl<\/strong><br \/><strong>Via del Consorzio 44<\/strong><br \/><strong>60015 | Falconara Marittima (AN)<\/strong><\/p>\n<p style=\"text-align: left;\"><a href=\"tel:800122267\">Kostenlose Rufnummer <\/a><a href=\"tel:800122267\">800 12 22 67<\/a><br \/><a href=\"tel:+390715906063\">Tel. 071 590.60.63<\/a><\/p>\n<p style=\"text-align: left;\">\n<p>Vertriebsb\u00fcro: <a href=\"mailto:info@formar-contract.it\">info@formar.net<\/a> E-commerce:<a href=\"mailto:shop@formar.net\">shop@formar.net<\/a> PEC:<a href=\"mailto:info@pec.formar-contract.it\">info@pec.formar-contract.it<\/a><\/p>\n<p style=\"text-align: left;\">\n\t\t\n<style>\n#text-2150892723 {\n  color: rgb(0,0,0);\n}\n#text-2150892723 > * {\n  color: rgb(0,0,0);\n}\n<\/style>\n\t<\/div>\n\t\n","protected":false},"excerpt":{"rendered":"","protected":false},"author":6,"featured_media":0,"parent":0,"menu_order":0,"comment_status":"closed","ping_status":"closed","template":"","meta":{"_joinchat":[],"footnotes":""},"class_list":["post-43723","page","type-page","status-publish","hentry"],"yoast_head":"<!-- This site is optimized with the Yoast SEO plugin v27.4 - https:\/\/yoast.com\/product\/yoast-seo-wordpress\/ -->\n<title>KAUFLEITFADEN - Formar.shop<\/title>\n<meta name=\"robots\" content=\"index, follow, max-snippet:-1, max-image-preview:large, max-video-preview:-1\" \/>\n<link rel=\"canonical\" href=\"https:\/\/formar.shop\/de\/kaufleitfaden\/\" \/>\n<script type=\"application\/ld+json\" class=\"yoast-schema-graph\">{\"@context\":\"https:\\\/\\\/schema.org\",\"@graph\":[{\"@type\":\"WebPage\",\"@id\":\"https:\\\/\\\/formar.shop\\\/de\\\/kaufleitfaden\\\/\",\"url\":\"https:\\\/\\\/formar.shop\\\/de\\\/kaufleitfaden\\\/\",\"name\":\"KAUFLEITFADEN - Formar.shop\",\"isPartOf\":{\"@id\":\"https:\\\/\\\/formar.shop\\\/de\\\/#website\"},\"datePublished\":\"2025-01-18T20:19:51+00:00\",\"breadcrumb\":{\"@id\":\"https:\\\/\\\/formar.shop\\\/de\\\/kaufleitfaden\\\/#breadcrumb\"},\"inLanguage\":\"de\",\"potentialAction\":[{\"@type\":\"ReadAction\",\"target\":[\"https:\\\/\\\/formar.shop\\\/de\\\/kaufleitfaden\\\/\"]}]},{\"@type\":\"BreadcrumbList\",\"@id\":\"https:\\\/\\\/formar.shop\\\/de\\\/kaufleitfaden\\\/#breadcrumb\",\"itemListElement\":[{\"@type\":\"ListItem\",\"position\":1,\"name\":\"Home\",\"item\":\"https:\\\/\\\/formar.shop\\\/de\\\/auto-entwurf\\\/\"},{\"@type\":\"ListItem\",\"position\":2,\"name\":\"KAUFLEITFADEN\"}]},{\"@type\":\"WebSite\",\"@id\":\"https:\\\/\\\/formar.shop\\\/de\\\/#website\",\"url\":\"https:\\\/\\\/formar.shop\\\/de\\\/\",\"name\":\"Formar.shop\",\"description\":\"Soluzioni espresse con stile\",\"potentialAction\":[{\"@type\":\"SearchAction\",\"target\":{\"@type\":\"EntryPoint\",\"urlTemplate\":\"https:\\\/\\\/formar.shop\\\/de\\\/?s={search_term_string}\"},\"query-input\":{\"@type\":\"PropertyValueSpecification\",\"valueRequired\":true,\"valueName\":\"search_term_string\"}}],\"inLanguage\":\"de\"}]}<\/script>\n<!-- \/ Yoast SEO plugin. -->","yoast_head_json":{"title":"KAUFLEITFADEN - Formar.shop","robots":{"index":"index","follow":"follow","max-snippet":"max-snippet:-1","max-image-preview":"max-image-preview:large","max-video-preview":"max-video-preview:-1"},"canonical":"https:\/\/formar.shop\/de\/kaufleitfaden\/","schema":{"@context":"https:\/\/schema.org","@graph":[{"@type":"WebPage","@id":"https:\/\/formar.shop\/de\/kaufleitfaden\/","url":"https:\/\/formar.shop\/de\/kaufleitfaden\/","name":"KAUFLEITFADEN - Formar.shop","isPartOf":{"@id":"https:\/\/formar.shop\/de\/#website"},"datePublished":"2025-01-18T20:19:51+00:00","breadcrumb":{"@id":"https:\/\/formar.shop\/de\/kaufleitfaden\/#breadcrumb"},"inLanguage":"de","potentialAction":[{"@type":"ReadAction","target":["https:\/\/formar.shop\/de\/kaufleitfaden\/"]}]},{"@type":"BreadcrumbList","@id":"https:\/\/formar.shop\/de\/kaufleitfaden\/#breadcrumb","itemListElement":[{"@type":"ListItem","position":1,"name":"Home","item":"https:\/\/formar.shop\/de\/auto-entwurf\/"},{"@type":"ListItem","position":2,"name":"KAUFLEITFADEN"}]},{"@type":"WebSite","@id":"https:\/\/formar.shop\/de\/#website","url":"https:\/\/formar.shop\/de\/","name":"Formar.shop","description":"Soluzioni espresse con stile","potentialAction":[{"@type":"SearchAction","target":{"@type":"EntryPoint","urlTemplate":"https:\/\/formar.shop\/de\/?s={search_term_string}"},"query-input":{"@type":"PropertyValueSpecification","valueRequired":true,"valueName":"search_term_string"}}],"inLanguage":"de"}]}},"_links":{"self":[{"href":"https:\/\/formar.shop\/de\/wp-json\/wp\/v2\/pages\/43723","targetHints":{"allow":["GET"]}}],"collection":[{"href":"https:\/\/formar.shop\/de\/wp-json\/wp\/v2\/pages"}],"about":[{"href":"https:\/\/formar.shop\/de\/wp-json\/wp\/v2\/types\/page"}],"author":[{"embeddable":true,"href":"https:\/\/formar.shop\/de\/wp-json\/wp\/v2\/users\/6"}],"replies":[{"embeddable":true,"href":"https:\/\/formar.shop\/de\/wp-json\/wp\/v2\/comments?post=43723"}],"version-history":[{"count":2,"href":"https:\/\/formar.shop\/de\/wp-json\/wp\/v2\/pages\/43723\/revisions"}],"predecessor-version":[{"id":43740,"href":"https:\/\/formar.shop\/de\/wp-json\/wp\/v2\/pages\/43723\/revisions\/43740"}],"wp:attachment":[{"href":"https:\/\/formar.shop\/de\/wp-json\/wp\/v2\/media?parent=43723"}],"curies":[{"name":"wp","href":"https:\/\/api.w.org\/{rel}","templated":true}]}}