{"id":43599,"date":"2025-01-18T21:19:29","date_gmt":"2025-01-18T20:19:29","guid":{"rendered":"https:\/\/formar.shop\/kosten-und-versandmethoden\/"},"modified":"2025-01-18T21:19:34","modified_gmt":"2025-01-18T20:19:34","slug":"kosten-und-versandmethoden","status":"publish","type":"page","link":"https:\/\/formar.shop\/de\/kosten-und-versandmethoden\/","title":{"rendered":"KOSTEN UND VERSANDMETHODEN"},"content":{"rendered":"\n  <div class=\"banner has-hover\" id=\"banner-1130188956\">\n          <div class=\"banner-inner fill\">\n        <div class=\"banner-bg fill\" >\n                                                \n                    <\/div>\n\t\t\n        <div class=\"banner-layers container\">\n            <div class=\"fill banner-link\"><\/div>            \n   <div id=\"text-box-1099562039\" class=\"text-box banner-layer x50 md-x50 lg-x50 y50 md-y50 lg-y50 res-text\">\n                     <div data-animate=\"flipInY\">           <div class=\"text-box-content text dark\">\n              \n              <div class=\"text-inner text-center\">\n                  \n<h3 style=\"text-align: center;\"><strong><span style=\"font-size: 115%; color: #000000;\"><em>I costi di spedizioni sono sempre gratuiti e inclusi per ogni tuo acquisto !<\/em><\/span><\/strong><\/h3>\n<div class=\"is-divider divider clearfix\" ><\/div>\n\t<div id=\"text-2152000822\" class=\"text\">\n\t\t\n<h1 class=\"h-large uppercase\"><strong><span style=\"font-size: 180%;\">NULL VERSANDKOSTEN!<\/span><\/strong><\/h1>\n\t\t\n<style>\n#text-2152000822 {\n  font-size: 0.8rem;\n  line-height: 2.05;\n  color: rgb(0,0,0);\n}\n#text-2152000822 > * {\n  color: rgb(0,0,0);\n}\n<\/style>\n\t<\/div>\n\t\n              <\/div>\n           <\/div>\n       <\/div>                     \n<style>\n#text-box-1099562039 {\n  width: 67%;\n}\n#text-box-1099562039 .text-box-content {\n  font-size: 100%;\n}\n<\/style>\n    <\/div>\n \n        <\/div>\n      <\/div>\n\n            \n<style>\n#banner-1130188956 {\n  padding-top: 400px;\n}\n<\/style>\n  <\/div>\n\n\n<h4><span style=\"font-size: 110%;\"><strong><span style=\"font-size: 140%; color: #50b848;\"><span style=\"color: #808080;\">REGISTRIERUNG<\/span>  <\/span>    <\/strong><\/span><\/h4>\n<p>Nach der Registrierung, die in wenigen einfachen Schritten erfolgt, verf\u00fcgt der neue Kunde \u00fcber ein internes Kontrollpanel, in dem er seine Lieferadresse eingeben kann, die das System speichern kann, um den n\u00e4chsten Einkauf zu beschleunigen, und in dem er den Warenkorb und die Produktvergleichsoption verwalten kann. W\u00e4hlen Sie das gew\u00fcnschte Produkt, die Gr\u00f6\u00dfe und die Farbe aus und legen Sie es nach Auswahl der gew\u00fcnschten Menge in den Warenkorb. Wenn Sie mit dem Kauf fortfahren m\u00f6chten, gehen Sie in den Warenkorb, loggen sich zuerst ein, falls Sie registriert sind, und fahren mit der Bestellung fort. Sie k\u00f6nnen die ausgew\u00e4hlten Produkte jederzeit \u00e4ndern oder aus dem Einkaufswagen entfernen.  <\/p>\n<h4><strong><span style=\"font-size: 110%;\"><span style=\"color: #808080;\"><span style=\"font-size: 140%;\">BESTELLUNG<\/span> <\/span>                        <\/span><\/strong><\/h4>\n<p style=\"text-align: left;\">Sobald Sie alle Produkte ausgew\u00e4hlt haben, die Sie kaufen m\u00f6chten, fahren Sie mit der Bestellung fort. Wenn Sie ein aktuelles Konto mit Daten und Lieferadresse haben, geht der Kaufvorgang schneller.<br \/>Andernfalls geben Sie die erforderlichen Daten ein und fahren mit der Bestellung fort. Die Bestellung wird erst bearbeitet, wenn die Zahlung f\u00fcr das Produkt eingegangen ist, je nach der gew\u00e4hlten Zahlungsmethode.  <\/p>\n<\/p>\n<h2 style=\"text-align: center;\"><span style=\"color: #808080;\"><strong>Unsere Versandpartner:<\/strong><\/span><\/h2>\n<\/p>\n<p><img loading=\"lazy\" decoding=\"async\" class=\"aligncenter wp-image-12578\" src=\"https:\/\/formar.shop\/wp-content\/uploads\/2022\/05\/brt.jpg\" alt=\"\" width=\"300\" height=\"163\" data-wp-pid=\"12578\"><\/p>\n<\/p>\n<p style=\"text-align: center;\"><img loading=\"lazy\" decoding=\"async\" class=\"\" src=\"https:\/\/s3-eu-west-1.amazonaws.com\/tpd\/logos\/5ea7e22c7a4aa40001deb02c\/0x0.png\" alt=\"FERCAM Group | Lesen Sie fercam.com Servicebewertungen\" width=\"303\" height=\"313\"><\/p>\n<\/p>\n<p style=\"text-align: center;\"><span style=\"color: #000000;\"><strong><em>Die Wahl des Spediteurs wird automatisch von unserem System getroffen, <\/em><\/strong><\/span><strong><em><span style=\"color: #000000;\">um maximale Liefergeschwindigkeit zu garantieren!<\/span><\/em><\/strong><\/p>\n<\/p>\n<p style=\"text-align: center;\">\n<p>Unser Kundenservice steht Ihnen gerne zur Verf\u00fcgung. Wenn Sie Informationen oder ein Angebot w\u00fcnschen, z\u00f6gern Sie nicht, uns zu kontaktieren! Unsere Fachleute werden Ihre Fragen zu unseren Dienstleistungen beantworten.<\/p>\n<a href=\"https:\/\/formar.shop\/de\/kontaktieren-sie-uns\/\" class=\"button primary box-shadow-1 lowercase expand\" style=\"border-radius:10px;\">\n\t\t<span>Kontaktieren Sie uns!<\/span>\n\t<\/a>\n\n","protected":false},"excerpt":{"rendered":"<p>REGISTRIERUNG Nach der Registrierung, die in wenigen einfachen Schritten erfolgt, verf\u00fcgt der neue Kunde \u00fcber ein internes Kontrollpanel, in dem er seine Lieferadresse eingeben kann, die das System speichern kann, um den n\u00e4chsten Einkauf zu beschleunigen, und in dem er den Warenkorb und die Produktvergleichsoption verwalten kann. W\u00e4hlen Sie das gew\u00fcnschte Produkt, die Gr\u00f6\u00dfe und [&#8230;]\n","protected":false},"author":175,"featured_media":0,"parent":0,"menu_order":0,"comment_status":"closed","ping_status":"closed","template":"","meta":{"_joinchat":[],"footnotes":""},"class_list":["post-43599","page","type-page","status-publish","hentry"],"yoast_head":"<!-- This site is optimized with the Yoast SEO plugin v27.5 - https:\/\/yoast.com\/product\/yoast-seo-wordpress\/ -->\n<title>KOSTEN UND VERSANDMETHODEN - Formar.shop<\/title>\n<meta name=\"robots\" content=\"index, follow, max-snippet:-1, max-image-preview:large, max-video-preview:-1\" \/>\n<link rel=\"canonical\" href=\"https:\/\/formar.shop\/de\/kosten-und-versandmethoden\/\" \/>\n<script type=\"application\/ld+json\" class=\"yoast-schema-graph\">{\"@context\":\"https:\\\/\\\/schema.org\",\"@graph\":[{\"@type\":\"WebPage\",\"@id\":\"https:\\\/\\\/formar.shop\\\/de\\\/kosten-und-versandmethoden\\\/\",\"url\":\"https:\\\/\\\/formar.shop\\\/de\\\/kosten-und-versandmethoden\\\/\",\"name\":\"KOSTEN UND VERSANDMETHODEN - Formar.shop\",\"isPartOf\":{\"@id\":\"https:\\\/\\\/formar.shop\\\/de\\\/#website\"},\"primaryImageOfPage\":{\"@id\":\"https:\\\/\\\/formar.shop\\\/de\\\/kosten-und-versandmethoden\\\/#primaryimage\"},\"image\":{\"@id\":\"https:\\\/\\\/formar.shop\\\/de\\\/kosten-und-versandmethoden\\\/#primaryimage\"},\"thumbnailUrl\":\"https:\\\/\\\/formar.shop\\\/wp-content\\\/uploads\\\/2022\\\/05\\\/brt.jpg\",\"datePublished\":\"2025-01-18T20:19:29+00:00\",\"dateModified\":\"2025-01-18T20:19:34+00:00\",\"breadcrumb\":{\"@id\":\"https:\\\/\\\/formar.shop\\\/de\\\/kosten-und-versandmethoden\\\/#breadcrumb\"},\"inLanguage\":\"de\",\"potentialAction\":[{\"@type\":\"ReadAction\",\"target\":[\"https:\\\/\\\/formar.shop\\\/de\\\/kosten-und-versandmethoden\\\/\"]}]},{\"@type\":\"ImageObject\",\"inLanguage\":\"de\",\"@id\":\"https:\\\/\\\/formar.shop\\\/de\\\/kosten-und-versandmethoden\\\/#primaryimage\",\"url\":\"https:\\\/\\\/formar.shop\\\/wp-content\\\/uploads\\\/2022\\\/05\\\/brt.jpg\",\"contentUrl\":\"https:\\\/\\\/formar.shop\\\/wp-content\\\/uploads\\\/2022\\\/05\\\/brt.jpg\"},{\"@type\":\"BreadcrumbList\",\"@id\":\"https:\\\/\\\/formar.shop\\\/de\\\/kosten-und-versandmethoden\\\/#breadcrumb\",\"itemListElement\":[{\"@type\":\"ListItem\",\"position\":1,\"name\":\"Home\",\"item\":\"https:\\\/\\\/formar.shop\\\/de\\\/auto-entwurf\\\/\"},{\"@type\":\"ListItem\",\"position\":2,\"name\":\"KOSTEN UND VERSANDMETHODEN\"}]},{\"@type\":\"WebSite\",\"@id\":\"https:\\\/\\\/formar.shop\\\/de\\\/#website\",\"url\":\"https:\\\/\\\/formar.shop\\\/de\\\/\",\"name\":\"Formar.shop\",\"description\":\"Soluzioni espresse con stile\",\"potentialAction\":[{\"@type\":\"SearchAction\",\"target\":{\"@type\":\"EntryPoint\",\"urlTemplate\":\"https:\\\/\\\/formar.shop\\\/de\\\/?s={search_term_string}\"},\"query-input\":{\"@type\":\"PropertyValueSpecification\",\"valueRequired\":true,\"valueName\":\"search_term_string\"}}],\"inLanguage\":\"de\"}]}<\/script>\n<!-- \/ Yoast SEO plugin. -->","yoast_head_json":{"title":"KOSTEN UND VERSANDMETHODEN - Formar.shop","robots":{"index":"index","follow":"follow","max-snippet":"max-snippet:-1","max-image-preview":"max-image-preview:large","max-video-preview":"max-video-preview:-1"},"canonical":"https:\/\/formar.shop\/de\/kosten-und-versandmethoden\/","schema":{"@context":"https:\/\/schema.org","@graph":[{"@type":"WebPage","@id":"https:\/\/formar.shop\/de\/kosten-und-versandmethoden\/","url":"https:\/\/formar.shop\/de\/kosten-und-versandmethoden\/","name":"KOSTEN UND VERSANDMETHODEN - Formar.shop","isPartOf":{"@id":"https:\/\/formar.shop\/de\/#website"},"primaryImageOfPage":{"@id":"https:\/\/formar.shop\/de\/kosten-und-versandmethoden\/#primaryimage"},"image":{"@id":"https:\/\/formar.shop\/de\/kosten-und-versandmethoden\/#primaryimage"},"thumbnailUrl":"https:\/\/formar.shop\/wp-content\/uploads\/2022\/05\/brt.jpg","datePublished":"2025-01-18T20:19:29+00:00","dateModified":"2025-01-18T20:19:34+00:00","breadcrumb":{"@id":"https:\/\/formar.shop\/de\/kosten-und-versandmethoden\/#breadcrumb"},"inLanguage":"de","potentialAction":[{"@type":"ReadAction","target":["https:\/\/formar.shop\/de\/kosten-und-versandmethoden\/"]}]},{"@type":"ImageObject","inLanguage":"de","@id":"https:\/\/formar.shop\/de\/kosten-und-versandmethoden\/#primaryimage","url":"https:\/\/formar.shop\/wp-content\/uploads\/2022\/05\/brt.jpg","contentUrl":"https:\/\/formar.shop\/wp-content\/uploads\/2022\/05\/brt.jpg"},{"@type":"BreadcrumbList","@id":"https:\/\/formar.shop\/de\/kosten-und-versandmethoden\/#breadcrumb","itemListElement":[{"@type":"ListItem","position":1,"name":"Home","item":"https:\/\/formar.shop\/de\/auto-entwurf\/"},{"@type":"ListItem","position":2,"name":"KOSTEN UND VERSANDMETHODEN"}]},{"@type":"WebSite","@id":"https:\/\/formar.shop\/de\/#website","url":"https:\/\/formar.shop\/de\/","name":"Formar.shop","description":"Soluzioni espresse con stile","potentialAction":[{"@type":"SearchAction","target":{"@type":"EntryPoint","urlTemplate":"https:\/\/formar.shop\/de\/?s={search_term_string}"},"query-input":{"@type":"PropertyValueSpecification","valueRequired":true,"valueName":"search_term_string"}}],"inLanguage":"de"}]}},"_links":{"self":[{"href":"https:\/\/formar.shop\/de\/wp-json\/wp\/v2\/pages\/43599","targetHints":{"allow":["GET"]}}],"collection":[{"href":"https:\/\/formar.shop\/de\/wp-json\/wp\/v2\/pages"}],"about":[{"href":"https:\/\/formar.shop\/de\/wp-json\/wp\/v2\/types\/page"}],"author":[{"embeddable":true,"href":"https:\/\/formar.shop\/de\/wp-json\/wp\/v2\/users\/175"}],"replies":[{"embeddable":true,"href":"https:\/\/formar.shop\/de\/wp-json\/wp\/v2\/comments?post=43599"}],"version-history":[{"count":6,"href":"https:\/\/formar.shop\/de\/wp-json\/wp\/v2\/pages\/43599\/revisions"}],"predecessor-version":[{"id":43631,"href":"https:\/\/formar.shop\/de\/wp-json\/wp\/v2\/pages\/43599\/revisions\/43631"}],"wp:attachment":[{"href":"https:\/\/formar.shop\/de\/wp-json\/wp\/v2\/media?parent=43599"}],"curies":[{"name":"wp","href":"https:\/\/api.w.org\/{rel}","templated":true}]}}