{"id":42205,"date":"2025-01-18T15:41:36","date_gmt":"2025-01-18T14:41:36","guid":{"rendered":"https:\/\/formar.shop\/ueber-uns\/"},"modified":"2025-11-18T10:37:15","modified_gmt":"2025-11-18T09:37:15","slug":"ueber-uns","status":"publish","type":"page","link":"https:\/\/formar.shop\/de\/ueber-uns\/","title":{"rendered":"\u00dcber uns"},"content":{"rendered":"\n<div class=\"row\"  id=\"row-98670800\">\n\n\n\t<div id=\"col-1097926597\" class=\"col medium-11 small-12 large-12\"  >\n\t\t\t\t<div class=\"col-inner text-center\"  >\n\t\t\t\n\t\t\t\n\n\t<div id=\"text-4285940739\" class=\"text\">\n\t\t\n\n<h3><span style=\"font-size: 140%;\"><strong>\u00dcBER UNS<\/strong><\/span><\/h3>\n<p><strong data-start=\"181\" data-end=\"196\">Formar.shop<\/strong> ist der offizielle E-Commerce von <strong data-start=\"225\" data-end=\"248\">Formar Contract Srl<\/strong>, einem italienischen Unternehmen mit Sitz in Falconara Marittima (AN), das sich auf B\u00fcroeinrichtungen, Praxisausstattungen, \u00f6ffentliche R\u00e4ume und Contract-Bereiche spezialisiert hat. Seit \u00fcber 20 Jahren arbeiten wir mit Leidenschaft und Kompetenz, um funktionale, langlebige Einrichtungsl\u00f6sungen mit zeitgem\u00e4\u00dfem Design anzubieten. <\/p>\n<div>\n<p data-start=\"539\" data-end=\"752\">Unser Unternehmen entstand aus der Erfahrung im Contract-Bereich mit dem Ziel, auch online die Qualit\u00e4t und Zuverl\u00e4ssigkeit zu bieten, die uns seit jeher in der Zusammenarbeit mit Unternehmen, \u00f6ffentlichen und privaten Einrichtungen auszeichnet.<\/p>\n<hr data-start=\"754\" data-end=\"757\">\n<h2><strong>Was uns auszeichnet<\/strong><\/h2>\n<p data-start=\"1250\" data-end=\"1366\"><strong data-start=\"1250\" data-end=\"1277\">Erfahrung und Kompetenz<\/strong>: eine lange Geschichte im Contract-Bereich, die sich in Zuverl\u00e4ssigkeit und Professionalit\u00e4t niederschl\u00e4gt.<\/p>\n<p data-start=\"1369\" data-end=\"1507\"><strong data-start=\"1369\" data-end=\"1388\">Kuratierter Katalog<\/strong>: Wir w\u00e4hlen sorgf\u00e4ltig die besten Produkte f\u00fcr die professionelle Einrichtung aus und setzen auf Ergonomie, \u00c4sthetik und Langlebigkeit.<\/p>\n<p data-start=\"1510\" data-end=\"1623\"><strong data-start=\"1510\" data-end=\"1539\">Pers\u00f6nliche Betreuung<\/strong>: Unser Team steht Ihnen jederzeit f\u00fcr Beratung und Support vor und nach dem Kauf zur Verf\u00fcgung.<\/p>\n<p data-start=\"1626\" data-end=\"1752\"><strong data-start=\"1626\" data-end=\"1643\">Multikanalit\u00e4t<\/strong>: Neben der Website formar.shop sind wir auch in den wichtigsten Marktpl\u00e4tzen mit derselben Qualit\u00e4t und Seriosit\u00e4t pr\u00e4sent.<\/p>\n<p data-start=\"560\" data-end=\"744\">\u00dcber unseren Online-Shop stellen wir eine breite Palette ausgew\u00e4hlter Produkte zur Verf\u00fcgung und verbinden <strong data-start=\"665\" data-end=\"711\">technische Erfahrung, Leidenschaft f\u00fcr Design<\/strong> und <strong data-start=\"714\" data-end=\"743\">Aufmerksamkeit f\u00fcr Qualit\u00e4t<\/strong>.<\/p>\n<hr data-start=\"746\" data-end=\"749\">\n<h2 data-start=\"751\" data-end=\"771\">Unsere Mission<\/h2>\n<p data-start=\"813\" data-end=\"902\"><strong>Hochwertige Produkte<\/strong> sowohl f\u00fcr die professionelle Einrichtung als auch f\u00fcr Wohnr\u00e4ume.<\/p>\n<p data-start=\"905\" data-end=\"1004\"><strong>Gepflegtes und funktionales Design<\/strong> mit einer Auswahl, die auf Komfort, Ergonomie und Stil ausgerichtet ist.<\/p>\n<p data-start=\"1007\" data-end=\"1101\"><strong>Intuitive und sichere Kauferfahrung<\/strong> mit schnellem und kompetentem Kundenservice.<\/p>\n<p data-start=\"1104\" data-end=\"1180\"><strong>Schnelle und kostenlose Lieferung<\/strong>, um jeden Bedarf effizient zu erf\u00fcllen.<\/p>\n<hr data-start=\"1574\" data-end=\"1577\">\n<h2 data-start=\"1579\" data-end=\"1599\">Unsere Produkte<\/h2>\n<p data-start=\"1601\" data-end=\"1630\"><strong data-start=\"1634\" data-end=\"1656\">B\u00fcroeinrichtung<\/strong>: Schreibtische, Sitzm\u00f6bel, Schr\u00e4nke, Rollcontainer und Besprechungstische.<\/p>\n<p data-start=\"1720\" data-end=\"1809\"><strong data-start=\"1720\" data-end=\"1771\">L\u00f6sungen f\u00fcr \u00f6ffentliche Einrichtungen und Contract-Bereiche<\/strong>: B\u00e4nke, Regale, Archivm\u00f6bel.<\/p>\n<p data-start=\"1812\" data-end=\"1951\"><strong data-start=\"1812\" data-end=\"1839\">Einrichtung f\u00fcr das Zuhause<\/strong>: St\u00fchle, Tische, Accessoires, Regale und platzsparende L\u00f6sungen, immer mit Blick auf Design und Praktikabilit\u00e4t.<\/p>\n<hr data-start=\"1953\" data-end=\"1956\">\n<h2 data-start=\"1958\" data-end=\"1977\">Unsere Kunden<\/h2>\n<p data-start=\"2005\" data-end=\"2031\">Unternehmen und Fachleute<\/p>\n<p data-start=\"2034\" data-end=\"2067\">\u00d6ffentliche Einrichtungen und Verwaltungen<\/p>\n<p data-start=\"2070\" data-end=\"2145\">Privatpersonen auf der Suche nach modernen und funktionalen Einrichtungsl\u00f6sungen f\u00fcr das Zuhause<\/p>\n<hr data-start=\"2147\" data-end=\"2150\">\n<h2 data-start=\"2335\" data-end=\"2349\">Fazit<\/h2>\n<p data-start=\"2351\" data-end=\"2671\">In einer sich schnell ver\u00e4ndernden Welt glauben wir, dass Qualit\u00e4t und Zuverl\u00e4ssigkeit unverzichtbare Werte sind. Mit <strong data-start=\"2462\" data-end=\"2477\">Formar.shop<\/strong> bieten wir nicht nur M\u00f6bel, sondern echte <strong data-start=\"2523\" data-end=\"2564\">L\u00f6sungen f\u00fcr Wohlbefinden und Funktionalit\u00e4t<\/strong> f\u00fcr Ihren Alltag, egal ob Sie ein neues B\u00fcro planen oder Ihr Zuhause gem\u00fctlicher gestalten m\u00f6chten. <\/p>\n<p data-start=\"2673\" data-end=\"2821\">Formar.shop zu w\u00e4hlen bedeutet, sich einem soliden, transparenten und leidenschaftlichen Partner anzuvertrauen, der immer die Menschen und ihre Bed\u00fcrfnisse in den Mittelpunkt stellt.<\/p>\n<p data-start=\"2823\" data-end=\"2873\"><strong data-start=\"2823\" data-end=\"2873\">Formar.shop \u2013 Wo Ihr Raum Gestalt annimmt.<\/strong><\/p>\n<p> <\/p>\n<\/div>\n\t\t\n<style>\n#text-4285940739 {\n  text-align: left;\n}\n<\/style>\n\t<\/div>\n\t\n\n\t\t<\/div>\n\t\t\t\t\n<style>\n#col-1097926597 > .col-inner {\n  padding: 0px 0px 0px 0;\n}\n@media (min-width:550px) {\n  #col-1097926597 > .col-inner {\n    padding: 0px 0px 0px 0px;\n  }\n}\n<\/style>\n\t<\/div>\n\n\t\n\n\t<div id=\"col-69401431\" class=\"col medium-12 small-12 large-12\"  >\n\t\t\t\t<div class=\"col-inner\"  >\n\t\t\t\n\t\t\t\n\n\n  <div class=\"banner has-hover\" id=\"banner-658076191\">\n          <div class=\"banner-inner fill\">\n        <div class=\"banner-bg fill\" >\n            <img loading=\"lazy\" decoding=\"async\" width=\"1600\" height=\"1200\" src=\"https:\/\/static.formar.net\/wp-content\/uploads\/sites\/1\/2024\/07\/02110352\/Universal-Color-Mobile-420_AMBENTATA_4.jpg\" class=\"bg attachment-original size-original\" alt=\"\" \/>                                    \n                    <\/div>\n\t\t\n        <div class=\"banner-layers container\">\n            <div class=\"fill banner-link\"><\/div>            \n\n   <div id=\"text-box-2012933224\" class=\"text-box banner-layer x50 md-x50 lg-x50 y50 md-y50 lg-y50 res-text\">\n                                <div class=\"text-box-content text dark\">\n              \n              <div class=\"text-inner text-center\">\n                  \n\n\n              <\/div>\n           <\/div>\n                            \n<style>\n#text-box-2012933224 {\n  width: 60%;\n}\n#text-box-2012933224 .text-box-content {\n  font-size: 100%;\n}\n@media (min-width:550px) {\n  #text-box-2012933224 {\n    width: 60%;\n  }\n}\n<\/style>\n    <\/div>\n \n\n        <\/div>\n      <\/div>\n\n            \n<style>\n#banner-658076191 {\n  padding-top: 300px;\n  background-color: rgb(255, 255, 255);\n}\n#banner-658076191 .banner-bg img {\n  object-position: 52% 77%;\n}\n@media (min-width:550px) {\n  #banner-658076191 {\n    padding-top: 500px;\n  }\n}\n@media (min-width:850px) {\n  #banner-658076191 {\n    padding-top: 570px;\n  }\n}\n<\/style>\n  <\/div>\n\n\n\n\t\t<\/div>\n\t\t\t\t\n<style>\n#col-69401431 > .col-inner {\n  margin: -100px 0px 0px 0px;\n}\n@media (min-width:550px) {\n  #col-69401431 > .col-inner {\n    margin: -150px 0px 0px 0px;\n  }\n}\n@media (min-width:850px) {\n  #col-69401431 > .col-inner {\n    margin: 0px 0px 0px 0px;\n  }\n}\n<\/style>\n\t<\/div>\n\n\t\n\n<\/div>\n<div class=\"is-divider divider clearfix\" style=\"max-width:1000px;\"><\/div>\n\n\n","protected":false},"excerpt":{"rendered":"","protected":false},"author":5,"featured_media":0,"parent":0,"menu_order":0,"comment_status":"closed","ping_status":"closed","template":"","meta":{"_joinchat":[],"footnotes":""},"class_list":["post-42205","page","type-page","status-publish","hentry"],"yoast_head":"<!-- This site is optimized with the Yoast SEO plugin v27.4 - https:\/\/yoast.com\/product\/yoast-seo-wordpress\/ -->\n<title>\u00dcber uns - Formar.shop<\/title>\n<meta name=\"robots\" content=\"index, follow, max-snippet:-1, max-image-preview:large, max-video-preview:-1\" \/>\n<link rel=\"canonical\" href=\"https:\/\/formar.shop\/de\/ueber-uns\/\" \/>\n<script type=\"application\/ld+json\" class=\"yoast-schema-graph\">{\"@context\":\"https:\\\/\\\/schema.org\",\"@graph\":[{\"@type\":\"WebPage\",\"@id\":\"https:\\\/\\\/formar.shop\\\/de\\\/ueber-uns\\\/\",\"url\":\"https:\\\/\\\/formar.shop\\\/de\\\/ueber-uns\\\/\",\"name\":\"\u00dcber uns - Formar.shop\",\"isPartOf\":{\"@id\":\"https:\\\/\\\/formar.shop\\\/de\\\/#website\"},\"datePublished\":\"2025-01-18T14:41:36+00:00\",\"dateModified\":\"2025-11-18T09:37:15+00:00\",\"breadcrumb\":{\"@id\":\"https:\\\/\\\/formar.shop\\\/de\\\/ueber-uns\\\/#breadcrumb\"},\"inLanguage\":\"de\",\"potentialAction\":[{\"@type\":\"ReadAction\",\"target\":[\"https:\\\/\\\/formar.shop\\\/de\\\/ueber-uns\\\/\"]}]},{\"@type\":\"BreadcrumbList\",\"@id\":\"https:\\\/\\\/formar.shop\\\/de\\\/ueber-uns\\\/#breadcrumb\",\"itemListElement\":[{\"@type\":\"ListItem\",\"position\":1,\"name\":\"Home\",\"item\":\"https:\\\/\\\/formar.shop\\\/de\\\/auto-entwurf\\\/\"},{\"@type\":\"ListItem\",\"position\":2,\"name\":\"\u00dcber uns\"}]},{\"@type\":\"WebSite\",\"@id\":\"https:\\\/\\\/formar.shop\\\/de\\\/#website\",\"url\":\"https:\\\/\\\/formar.shop\\\/de\\\/\",\"name\":\"Formar.shop\",\"description\":\"Soluzioni espresse con stile\",\"potentialAction\":[{\"@type\":\"SearchAction\",\"target\":{\"@type\":\"EntryPoint\",\"urlTemplate\":\"https:\\\/\\\/formar.shop\\\/de\\\/?s={search_term_string}\"},\"query-input\":{\"@type\":\"PropertyValueSpecification\",\"valueRequired\":true,\"valueName\":\"search_term_string\"}}],\"inLanguage\":\"de\"}]}<\/script>\n<!-- \/ Yoast SEO plugin. -->","yoast_head_json":{"title":"\u00dcber uns - Formar.shop","robots":{"index":"index","follow":"follow","max-snippet":"max-snippet:-1","max-image-preview":"max-image-preview:large","max-video-preview":"max-video-preview:-1"},"canonical":"https:\/\/formar.shop\/de\/ueber-uns\/","schema":{"@context":"https:\/\/schema.org","@graph":[{"@type":"WebPage","@id":"https:\/\/formar.shop\/de\/ueber-uns\/","url":"https:\/\/formar.shop\/de\/ueber-uns\/","name":"\u00dcber uns - Formar.shop","isPartOf":{"@id":"https:\/\/formar.shop\/de\/#website"},"datePublished":"2025-01-18T14:41:36+00:00","dateModified":"2025-11-18T09:37:15+00:00","breadcrumb":{"@id":"https:\/\/formar.shop\/de\/ueber-uns\/#breadcrumb"},"inLanguage":"de","potentialAction":[{"@type":"ReadAction","target":["https:\/\/formar.shop\/de\/ueber-uns\/"]}]},{"@type":"BreadcrumbList","@id":"https:\/\/formar.shop\/de\/ueber-uns\/#breadcrumb","itemListElement":[{"@type":"ListItem","position":1,"name":"Home","item":"https:\/\/formar.shop\/de\/auto-entwurf\/"},{"@type":"ListItem","position":2,"name":"\u00dcber uns"}]},{"@type":"WebSite","@id":"https:\/\/formar.shop\/de\/#website","url":"https:\/\/formar.shop\/de\/","name":"Formar.shop","description":"Soluzioni espresse con stile","potentialAction":[{"@type":"SearchAction","target":{"@type":"EntryPoint","urlTemplate":"https:\/\/formar.shop\/de\/?s={search_term_string}"},"query-input":{"@type":"PropertyValueSpecification","valueRequired":true,"valueName":"search_term_string"}}],"inLanguage":"de"}]}},"_links":{"self":[{"href":"https:\/\/formar.shop\/de\/wp-json\/wp\/v2\/pages\/42205","targetHints":{"allow":["GET"]}}],"collection":[{"href":"https:\/\/formar.shop\/de\/wp-json\/wp\/v2\/pages"}],"about":[{"href":"https:\/\/formar.shop\/de\/wp-json\/wp\/v2\/types\/page"}],"author":[{"embeddable":true,"href":"https:\/\/formar.shop\/de\/wp-json\/wp\/v2\/users\/5"}],"replies":[{"embeddable":true,"href":"https:\/\/formar.shop\/de\/wp-json\/wp\/v2\/comments?post=42205"}],"version-history":[{"count":3,"href":"https:\/\/formar.shop\/de\/wp-json\/wp\/v2\/pages\/42205\/revisions"}],"predecessor-version":[{"id":61804,"href":"https:\/\/formar.shop\/de\/wp-json\/wp\/v2\/pages\/42205\/revisions\/61804"}],"wp:attachment":[{"href":"https:\/\/formar.shop\/de\/wp-json\/wp\/v2\/media?parent=42205"}],"curies":[{"name":"wp","href":"https:\/\/api.w.org\/{rel}","templated":true}]}}