{"id":44870,"date":"2025-01-18T21:27:34","date_gmt":"2025-01-18T20:27:34","guid":{"rendered":"https:\/\/formar.shop\/prodotto\/vaegbeholder-haengende\/"},"modified":"2025-01-18T21:27:45","modified_gmt":"2025-01-18T20:27:45","slug":"vaegbeholder-haengende","status":"publish","type":"product","link":"https:\/\/formar.shop\/da\/prodotto\/vaegbeholder-haengende\/","title":{"rendered":"V\u00e6gbeholder &#8211; h\u00e6ngende"},"content":{"rendered":"<div class=\"is-divider divider clearfix\" style=\"max-width:2000px;\"><\/div>\n<div class=\"slider-wrapper relative\" id=\"slider-810673830\" >\n    <div class=\"slider slider-nav-circle slider-nav-large slider-nav-dark slider-style-normal\"\n        data-flickity-options='{\n            \"cellAlign\": \"center\",\n            \"imagesLoaded\": true,\n            \"lazyLoad\": 1,\n            \"freeScroll\": false,\n            \"wrapAround\": true,\n            \"autoPlay\": 6000,\n            \"pauseAutoPlayOnHover\" : true,\n            \"prevNextButtons\": true,\n            \"contain\" : true,\n            \"adaptiveHeight\" : true,\n            \"dragThreshold\" : 10,\n            \"percentPosition\": true,\n            \"pageDots\": true,\n            \"rightToLeft\": false,\n            \"draggable\": true,\n            \"selectedAttraction\": 0.1,\n            \"parallax\" : 0,\n            \"friction\": 0.6        }'\n        >\n        \n\t<div class=\"img has-hover x md-x lg-x y md-y lg-y\" id=\"image_935549730\">\n\t\t\t\t\t\t\t\t<div class=\"img-inner dark\" >\n\t\t\t<img loading=\"lazy\" decoding=\"async\" width=\"1012\" height=\"1012\" src=\"https:\/\/static.formar.net\/wp-content\/uploads\/2020\/12\/22153635\/Immagini-di-prodotto-x-Amazon-36.png\" class=\"attachment-large size-large\" alt=\"\" \/>\t\t\t\t\t\t\n\t\t\t\t\t<\/div>\n\t\t\t\t\t\t\t\t\n<style>\n#image_935549730 {\n  width: 100%;\n}\n<\/style>\n\t<\/div>\n\t\n\t<div class=\"img has-hover x md-x lg-x y md-y lg-y\" id=\"image_1621494208\">\n\t\t\t\t\t\t\t\t<div class=\"img-inner dark\" >\n\t\t\t<img loading=\"lazy\" decoding=\"async\" width=\"1001\" height=\"1001\" src=\"https:\/\/static.formar.net\/wp-content\/uploads\/2020\/12\/22153556\/Immagini-di-prodotto-x-Amazon-39-1.png\" class=\"attachment-large size-large\" alt=\"\" srcset=\"https:\/\/static.formar.net\/wp-content\/uploads\/2020\/12\/22153556\/Immagini-di-prodotto-x-Amazon-39-1.png 1001w, https:\/\/static.formar.net\/wp-content\/uploads\/2020\/12\/22153556\/Immagini-di-prodotto-x-Amazon-39-1-100x100.png 100w, https:\/\/static.formar.net\/wp-content\/uploads\/2020\/12\/22153556\/Immagini-di-prodotto-x-Amazon-39-1-510x510.png 510w, https:\/\/static.formar.net\/wp-content\/uploads\/2020\/12\/22153556\/Immagini-di-prodotto-x-Amazon-39-1-300x300.png 300w, https:\/\/static.formar.net\/wp-content\/uploads\/2020\/12\/22153556\/Immagini-di-prodotto-x-Amazon-39-1-80x80.png 80w, https:\/\/static.formar.net\/wp-content\/uploads\/2020\/12\/22153556\/Immagini-di-prodotto-x-Amazon-39-1-768x768.png 768w, https:\/\/static.formar.net\/wp-content\/uploads\/2020\/12\/22153556\/Immagini-di-prodotto-x-Amazon-39-1-36x36.png 36w, https:\/\/static.formar.net\/wp-content\/uploads\/2020\/12\/22153556\/Immagini-di-prodotto-x-Amazon-39-1-180x180.png 180w, https:\/\/static.formar.net\/wp-content\/uploads\/2020\/12\/22153556\/Immagini-di-prodotto-x-Amazon-39-1-705x705.png 705w, https:\/\/static.formar.net\/wp-content\/uploads\/2020\/12\/22153556\/Immagini-di-prodotto-x-Amazon-39-1-600x600.png 600w\" sizes=\"auto, (max-width: 1001px) 100vw, 1001px\" \/>\t\t\t\t\t\t\n\t\t\t\t\t<\/div>\n\t\t\t\t\t\t\t\t\n<style>\n#image_1621494208 {\n  width: 100%;\n}\n<\/style>\n\t<\/div>\n\t\n\t<div class=\"img has-hover x md-x lg-x y md-y lg-y\" id=\"image_939174396\">\n\t\t\t\t\t\t\t\t<div class=\"img-inner dark\" >\n\t\t\t<img loading=\"lazy\" decoding=\"async\" width=\"1012\" height=\"1012\" src=\"https:\/\/static.formar.net\/wp-content\/uploads\/2020\/12\/04123949\/Immagini-di-prodotto-x-Amazon-42.png\" class=\"attachment-large size-large\" alt=\"\" \/>\t\t\t\t\t\t\n\t\t\t\t\t<\/div>\n\t\t\t\t\t\t\t\t\n<style>\n#image_939174396 {\n  width: 100%;\n}\n<\/style>\n\t<\/div>\n\t\n     <\/div>\n\n     <div class=\"loading-spin dark large centered\"><\/div>\n\n\t<\/div>\n\n\n<h3>H\u00c6NGENDE &#8211; V\u00c6GMONTERET BEHOLDER<\/h3>\n<p>Den h\u00e6ngende v\u00e6gcontainer er den perfekte l\u00f8sning til stilfuldt at arrangere alle de sm\u00e5 ting, der ikke har en bestemt placering.<br \/>\nDen giver dig mulighed for at organisere et rum p\u00e5 en intelligent m\u00e5de og er <strong>nyttig til opbevaring af sm\u00e5 genstande<\/strong>.<br \/>\nDen f\u00e5s i hvid og sort, s\u00e5 der er noget for enhver smag og ethvert behov.<br \/>\nSlip fantasien l\u00f8s, og skab, alt efter din smag, en <strong>skr\u00e6ddersyet sammens\u00e6tning<\/strong> med flere beholdere side om side.<\/p>\n<h3 class=\"av-special-heading-tag \">DESIGN PRODUKT<\/h3>\n<p>Det er udt\u00e6nkt og designet af den italienske designer Mario Mazzer, som er uddannet i arkitektur fra Milanos polytekniske l\u00e6reanstalt i 1978 og i industrielt design fra Scuola Politecnica di Design i Milano i 1979.<br \/>\nHer uddannede han sig i 1970&#8217;erne og samarbejdede med mestrene inden for italiensk design, og i 1980 grundlagde han Mario Mazzer Architects i Conegliano Veneto. Han har vundet flere priser og modtog i 1996 en h\u00e6drende omtale ved ID Annual Design Review i New York. Ved at vise sit arbejde har han ydet et stort bidrag til at fremme italienske produkters popularitet i hele verden.  <\/p>\n<h3 id=\"h-facilit-di-fissaggio-alle-pareti\">NEM MONTERING P\u00c5 V\u00c6GGE<\/h3>\n<p>Det er meget nemt at installere Hanging-containeren, da den er klar til at blive h\u00e6ngt op, og det eneste, du skal g\u00f8re, er at s\u00e6tte den fast p\u00e5 v\u00e6ggen.<br \/>\nDen er <strong>let<\/strong>,<strong> stiv<\/strong>, <strong>pladsbesparende<\/strong> og giver dig mulighed for at skabe kompositioner med flere enheder for yderligere at optimere pladsen og holde p\u00e5 genstande.<\/p>\n<h3 id=\"h-finiture-di-qualit-e-made-in-italy\">PRODUKTETS DIMENSIONER<\/h3>\n<p>Produktet m\u00e5ler: &#8211; 40 cm lang &#8211; 11,5 cm dyb &#8211; 38,5 cm h\u00f8j<\/p>\n<h3>F\u00c5S I TO FARVEVARIANTER<\/h3>\n<div class=\"info-block\">\n<div class=\"info full\"><\/div>\n<\/div>\n\n\t<section class=\"section\" id=\"section_1319805679\">\n\t\t<div class=\"section-bg fill\" >\n\t\t\t\t\t\t\t\t\t\n\t\t\t\n\n\t\t<\/div>\n\n\t\t\n\n\t\t<div class=\"section-content relative\">\n\t\t\t\n<div class=\"row\"  id=\"row-330470599\">\n\n\t<div id=\"col-601780181\" class=\"col medium-6 small-6 large-6\"  >\n\t\t\t\t<div class=\"col-inner text-center\"  >\n\t\t\t\n\t\t\t\n\t<div class=\"box has-hover   has-hover box-text-bottom\" >\n\n\t\t<div class=\"box-image\" >\n\t\t\t\t\t\t<div class=\"\" >\n\t\t\t\t<img loading=\"lazy\" decoding=\"async\" width=\"1012\" height=\"1012\" src=\"https:\/\/static.formar.net\/wp-content\/uploads\/2020\/12\/22153635\/Immagini-di-prodotto-x-Amazon-36.png\" class=\"attachment- size-\" alt=\"\" \/>\t\t\t\t\t\t\t\t\t\t\t<\/div>\n\t\t\t\t\t<\/div>\n\n\t\t<div class=\"box-text text-center\" >\n\t\t\t<div class=\"box-text-inner\">\n\t\t\t\t\n\t<div id=\"text-3329558600\" class=\"text\">\n\t\t\n<p>Hvid<br \/>\n\t\t\n<style>\n#text-3329558600 {\n  font-size: 1.5rem;\n}\n<\/style>\n\t<\/div>\n\t\n\t\t\t<\/div>\n\t\t<\/div>\n\t<\/div>\n\t\n\t<div class=\"img has-hover x md-x lg-x y md-y lg-y\" id=\"image_1518519960\">\n\t\t<a class=\"\" href=\"https:\/\/formar.shop\/wp-content\/uploads\/2022\/10\/68_BIANCO_O_A.jpg\" >\t\t\t\t\t\t<div class=\"img-inner dark\" >\n\t\t\t\t\t\t\t\t\t\n\t\t\t\t\t<\/div>\n\t\t\t\t\t\t<\/a>\t\t\n<style>\n#image_1518519960 {\n  width: 50%;\n}\n<\/style>\n\t<\/div>\n\t\n\t\t<\/div>\n\t\t\t\t\t<\/div>\n\n\t\n\n\t<div id=\"col-785626212\" class=\"col medium-6 small-6 large-6\"  >\n\t\t\t\t<div class=\"col-inner text-center\"  >\n\t\t\t\n\t\t\t\n\t<div class=\"box has-hover   has-hover box-text-bottom\" >\n\n\t\t<div class=\"box-image\" >\n\t\t\t\t\t\t<div class=\"\" >\n\t\t\t\t<img loading=\"lazy\" decoding=\"async\" width=\"1012\" height=\"1012\" src=\"https:\/\/static.formar.net\/wp-content\/uploads\/2020\/12\/04123949\/Immagini-di-prodotto-x-Amazon-42.png\" class=\"attachment- size-\" alt=\"\" \/>\t\t\t\t\t\t\t\t\t\t\t<\/div>\n\t\t\t\t\t<\/div>\n\n\t\t<div class=\"box-text text-center\" >\n\t\t\t<div class=\"box-text-inner\">\n\t\t\t\t\n\t<div id=\"text-1161662183\" class=\"text\">\n\t\t\n<p>Sort<br \/>\n\t\t\n<style>\n#text-1161662183 {\n  font-size: 1.5rem;\n}\n<\/style>\n\t<\/div>\n\t\n\t\t\t<\/div>\n\t\t<\/div>\n\t<\/div>\n\t\n\t<div class=\"img has-hover x md-x lg-x y md-y lg-y\" id=\"image_1929136341\">\n\t\t<a class=\"\" href=\"https:\/\/formar.shop\/wp-content\/uploads\/2022\/10\/03_ROVERE_O.jpg\" >\t\t\t\t\t\t<div class=\"img-inner dark\" >\n\t\t\t\t\t\t\t\t\t\n\t\t\t\t\t<\/div>\n\t\t\t\t\t\t<\/a>\t\t\n<style>\n#image_1929136341 {\n  width: 50%;\n}\n<\/style>\n\t<\/div>\n\t\n\t\t<\/div>\n\t\t\t\t\t<\/div>\n\n\t\n<\/div>\n<h3>PLEJE OG VEDLIGEHOLDELSE:<\/h3>\n<p>Test f\u00f8rst reng\u00f8ringsmidlerne for kompatibilitet p\u00e5 et ikke-synligt omr\u00e5de.<br \/>\nBrug aldrig reng\u00f8ringsmidler eller polermidler med slibende eller affedtende partikler.<br \/>\nT\u00f8r altid af med en fugtig klud og t\u00f8r efter.<\/p>\n\t\t<\/div>\n\n\t\t\n<style>\n#section_1319805679 {\n  padding-top: 30px;\n  padding-bottom: 30px;\n}\n<\/style>\n\t<\/section>\n\t\n\n\t<section class=\"section\" id=\"section_1201398229\">\n\t\t<div class=\"section-bg fill\" >\n\t\t\t\t\t\t\t\t\t\n\t\t\t\n\n\t\t<\/div>\n\n\t\t\n\n\t\t<div class=\"section-content relative\">\n\t\t\t\n<div class=\"is-divider divider clearfix\" style=\"max-width:1000px;\"><\/div>\n<div class=\"row row-solid\"  id=\"row-227720761\">\n\n\t<div id=\"col-1792467699\" class=\"col medium-3 small-12 large-3\"  >\n\t\t\t\t<div class=\"col-inner\"  >\n\t\t\t\n\t\t\t\n\n\t\t<div class=\"icon-box featured-box icon-box-center text-center\"  >\n\t\t\t\t\t<div class=\"icon-box-img\" style=\"width: 50px\">\n\t\t\t\t<div class=\"icon\">\n\t\t\t\t\t<div class=\"icon-inner\" >\n\t\t\t\t\t\t<img loading=\"lazy\" decoding=\"async\" width=\"128\" height=\"128\" src=\"https:\/\/static.formar.net\/wp-content\/uploads\/sites\/1\/2022\/10\/02111131\/2703076-128-1-1.png\" class=\"attachment-medium size-medium\" alt=\"\" srcset=\"https:\/\/static.formar.net\/wp-content\/uploads\/sites\/1\/2022\/10\/02111131\/2703076-128-1-1.png 128w, https:\/\/static.formar.net\/wp-content\/uploads\/sites\/1\/2022\/10\/02111131\/2703076-128-1-1-80x80.png 80w, https:\/\/static.formar.net\/wp-content\/uploads\/sites\/1\/2022\/10\/02111131\/2703076-128-1-1-100x100.png 100w, https:\/\/static.formar.net\/wp-content\/uploads\/sites\/1\/2022\/10\/02111131\/2703076-128-1-1-50x50.png 50w\" sizes=\"auto, (max-width: 128px) 100vw, 128px\" \/>\t\t\t\t\t<\/div>\n\t\t\t\t<\/div>\n\t\t\t<\/div>\n\t\t\t\t<div class=\"icon-box-text last-reset\">\n\t\t\t\t\t\t\t\t\t\n<h3>Kundeservice altid tilg\u00e6ngelig<\/h3>\n<p>Du kan n\u00e5 os via WhatsApp:  <a href=\"https:\/\/api.whatsapp.com\/send\/?phone=390715906063&amp;text&amp;type=phone_number&amp;app_absent=0\">+39 071 5906063<\/a><\/p>\n<p>Telefoniske bestillinger: <a href=\"tel:+39800122267\">800 122 267<\/a><\/p>\n\t\t<\/div>\n\t<\/div>\n\t\n\t\n\t\t<\/div>\n\t\t\t\t\t<\/div>\n\n\t\n\n\t<div id=\"col-1053209534\" class=\"col medium-3 small-12 large-3\"  >\n\t\t\t\t<div class=\"col-inner\"  >\n\t\t\t\n\t\t\t\n\n\t\t<div class=\"icon-box featured-box icon-box-center text-center\"  >\n\t\t\t\t\t<div class=\"icon-box-img\" style=\"width: 50px\">\n\t\t\t\t<div class=\"icon\">\n\t\t\t\t\t<div class=\"icon-inner\" >\n\t\t\t\t\t\t<img loading=\"lazy\" decoding=\"async\" width=\"256\" height=\"256\" src=\"https:\/\/static.formar.net\/wp-content\/uploads\/sites\/1\/2022\/11\/02111117\/Icona-carta-di-credito.png\" class=\"attachment-medium size-medium\" alt=\"\" srcset=\"https:\/\/static.formar.net\/wp-content\/uploads\/sites\/1\/2022\/11\/02111117\/Icona-carta-di-credito.png 256w, https:\/\/static.formar.net\/wp-content\/uploads\/sites\/1\/2022\/11\/02111117\/Icona-carta-di-credito-80x80.png 80w, https:\/\/static.formar.net\/wp-content\/uploads\/sites\/1\/2022\/11\/02111117\/Icona-carta-di-credito-100x100.png 100w, https:\/\/static.formar.net\/wp-content\/uploads\/sites\/1\/2022\/11\/02111117\/Icona-carta-di-credito-50x50.png 50w\" sizes=\"auto, (max-width: 256px) 100vw, 256px\" \/>\t\t\t\t\t<\/div>\n\t\t\t\t<\/div>\n\t\t\t<\/div>\n\t\t\t\t<div class=\"icon-box-text last-reset\">\n\t\t\t\t\t\t\t\t\t\n<h3>V\u00e6lg betalingsform<\/h3>\n<p>Betaling via Paypal, kreditkort, kontanter eller Bancomat (p\u00e5 stedet) og kontant ved levering<\/p>\n\t\t<\/div>\n\t<\/div>\n\t\n\t\n\t\t<\/div>\n\t\t\t\t\t<\/div>\n\n\t\n\n\t<div id=\"col-2051790089\" class=\"col medium-3 small-12 large-3\"  >\n\t\t\t\t<div class=\"col-inner\"  >\n\t\t\t\n\t\t\t\n\n\t\t<div class=\"icon-box featured-box icon-box-center text-center\"  >\n\t\t\t\t\t<div class=\"icon-box-img\" style=\"width: 50px\">\n\t\t\t\t<div class=\"icon\">\n\t\t\t\t\t<div class=\"icon-inner\" >\n\t\t\t\t\t\t<img loading=\"lazy\" decoding=\"async\" width=\"128\" height=\"128\" src=\"https:\/\/static.formar.net\/wp-content\/uploads\/sites\/1\/2022\/10\/02111130\/3669335-128-1.png\" class=\"attachment-medium size-medium\" alt=\"\" srcset=\"https:\/\/static.formar.net\/wp-content\/uploads\/sites\/1\/2022\/10\/02111130\/3669335-128-1.png 128w, https:\/\/static.formar.net\/wp-content\/uploads\/sites\/1\/2022\/10\/02111130\/3669335-128-1-80x80.png 80w, https:\/\/static.formar.net\/wp-content\/uploads\/sites\/1\/2022\/10\/02111130\/3669335-128-1-100x100.png 100w, https:\/\/static.formar.net\/wp-content\/uploads\/sites\/1\/2022\/10\/02111130\/3669335-128-1-50x50.png 50w\" sizes=\"auto, (max-width: 128px) 100vw, 128px\" \/>\t\t\t\t\t<\/div>\n\t\t\t\t<\/div>\n\t\t\t<\/div>\n\t\t\t\t<div class=\"icon-box-text last-reset\">\n\t\t\t\t\t\t\t\t\t\n<h3>Nem og ubekymret returnering<\/h3>\n<p>I tilf\u00e6lde af problemer organiserer vi afhentning direkte p\u00e5 din adresse.<a href=\"https:\/\/formar.shop\/da\/regler-for-returnering\/\">(Flere detaljer)<\/a>.<\/p>\n\t\t<\/div>\n\t<\/div>\n\t\n\t\n\t\t<\/div>\n\t\t\t\t\t<\/div>\n\n\t\n\n\t<div id=\"col-1383361351\" class=\"col medium-3 small-12 large-3\"  >\n\t\t\t\t<div class=\"col-inner\"  >\n\t\t\t\n\t\t\t\n\n\t\t<div class=\"icon-box featured-box icon-box-center text-center\"  >\n\t\t\t\t\t<div class=\"icon-box-img\" style=\"width: 50px\">\n\t\t\t\t<div class=\"icon\">\n\t\t\t\t\t<div class=\"icon-inner\" >\n\t\t\t\t\t\t<img loading=\"lazy\" decoding=\"async\" width=\"128\" height=\"128\" src=\"https:\/\/static.formar.net\/wp-content\/uploads\/sites\/1\/2022\/10\/02111130\/5959201-128-1.png\" class=\"attachment-medium size-medium\" alt=\"\" srcset=\"https:\/\/static.formar.net\/wp-content\/uploads\/sites\/1\/2022\/10\/02111130\/5959201-128-1.png 128w, https:\/\/static.formar.net\/wp-content\/uploads\/sites\/1\/2022\/10\/02111130\/5959201-128-1-80x80.png 80w, https:\/\/static.formar.net\/wp-content\/uploads\/sites\/1\/2022\/10\/02111130\/5959201-128-1-100x100.png 100w, https:\/\/static.formar.net\/wp-content\/uploads\/sites\/1\/2022\/10\/02111130\/5959201-128-1-50x50.png 50w\" sizes=\"auto, (max-width: 128px) 100vw, 128px\" \/>\t\t\t\t\t<\/div>\n\t\t\t\t<\/div>\n\t\t\t<\/div>\n\t\t\t\t<div class=\"icon-box-text last-reset\">\n\t\t\t\t\t\t\t\t\t\n<h3>Producentens garanti og reservedele<\/h3>\n<p>Alle vores produkter leveres med vores garanti. For mange produkter garanterer vi reservedele i samme periode.<\/p>\n\t\t<\/div>\n\t<\/div>\n\t\n\t\n\t\t<\/div>\n\t\t\t\t\t<\/div>\n\n\t\n\n<style>\n#row-227720761 > .col > .col-inner {\n  padding: 20px 20px 20px 20px;\n}\n<\/style>\n<\/div>\n\t\t<\/div>\n\n\t\t\n<style>\n#section_1201398229 {\n  padding-top: 30px;\n  padding-bottom: 30px;\n}\n<\/style>\n\t<\/section>\n\t\n","protected":false},"excerpt":{"rendered":"<p>Den h\u00e6ngende v\u00e6gboks er udt\u00e6nkt og designet af den italienske designer MARIO MAZZER til at indrette enhver v\u00e6g.<br \/>\nDen er nem at placere og kan monteres separat eller indg\u00e5 i forskellige sammens\u00e6tninger med andre elementer.<br \/>\nDen stive hvide polypropylen, som den er lavet af, g\u00f8r den nem at reng\u00f8re.  <\/p>\n","protected":false},"featured_media":44872,"template":"","meta":{"_joinchat":[]},"product_brand":[],"product_cat":[1602,1725],"product_tag":[1726],"class_list":{"0":"post-44870","1":"product","2":"type-product","3":"status-publish","4":"has-post-thumbnail","6":"product_cat-hjem","7":"product_cat-hylder-og-beholdere","8":"product_tag-vaegmonteret-beholder","10":"first","11":"instock","12":"taxable","13":"shipping-taxable","14":"purchasable","15":"product-type-variable","16":"has-default-attributes"},"yoast_head":"<!-- This site is optimized with the Yoast SEO plugin v27.3 - https:\/\/yoast.com\/product\/yoast-seo-wordpress\/ -->\n<title>V\u00e6gbeholder - h\u00e6ngende - Formar.shop<\/title>\n<meta name=\"robots\" content=\"index, follow, max-snippet:-1, max-image-preview:large, max-video-preview:-1\" \/>\n<link rel=\"canonical\" href=\"https:\/\/formar.shop\/da\/prodotto\/vaegbeholder-haengende\/\" \/>\n<script type=\"application\/ld+json\" class=\"yoast-schema-graph\">{\"@context\":\"https:\\\/\\\/schema.org\",\"@graph\":[{\"@type\":\"WebPage\",\"@id\":\"https:\\\/\\\/formar.shop\\\/da\\\/prodotto\\\/vaegbeholder-haengende\\\/\",\"url\":\"https:\\\/\\\/formar.shop\\\/da\\\/prodotto\\\/vaegbeholder-haengende\\\/\",\"name\":\"V\u00e6gbeholder - h\u00e6ngende - Formar.shop\",\"isPartOf\":{\"@id\":\"https:\\\/\\\/formar.shop\\\/da\\\/#website\"},\"primaryImageOfPage\":{\"@id\":\"https:\\\/\\\/formar.shop\\\/da\\\/prodotto\\\/vaegbeholder-haengende\\\/#primaryimage\"},\"image\":{\"@id\":\"https:\\\/\\\/formar.shop\\\/da\\\/prodotto\\\/vaegbeholder-haengende\\\/#primaryimage\"},\"thumbnailUrl\":\"https:\\\/\\\/static.formar.net\\\/wp-content\\\/uploads\\\/2020\\\/12\\\/22153635\\\/Immagini-di-prodotto-x-Amazon-36.png\",\"datePublished\":\"2025-01-18T20:27:34+00:00\",\"dateModified\":\"2025-01-18T20:27:45+00:00\",\"breadcrumb\":{\"@id\":\"https:\\\/\\\/formar.shop\\\/da\\\/prodotto\\\/vaegbeholder-haengende\\\/#breadcrumb\"},\"inLanguage\":\"da-DK\",\"potentialAction\":[{\"@type\":\"ReadAction\",\"target\":[\"https:\\\/\\\/formar.shop\\\/da\\\/prodotto\\\/vaegbeholder-haengende\\\/\"]}]},{\"@type\":\"ImageObject\",\"inLanguage\":\"da-DK\",\"@id\":\"https:\\\/\\\/formar.shop\\\/da\\\/prodotto\\\/vaegbeholder-haengende\\\/#primaryimage\",\"url\":\"https:\\\/\\\/static.formar.net\\\/wp-content\\\/uploads\\\/2020\\\/12\\\/22153635\\\/Immagini-di-prodotto-x-Amazon-36.png\",\"contentUrl\":\"https:\\\/\\\/static.formar.net\\\/wp-content\\\/uploads\\\/2020\\\/12\\\/22153635\\\/Immagini-di-prodotto-x-Amazon-36.png\",\"width\":1012,\"height\":1012},{\"@type\":\"BreadcrumbList\",\"@id\":\"https:\\\/\\\/formar.shop\\\/da\\\/prodotto\\\/vaegbeholder-haengende\\\/#breadcrumb\",\"itemListElement\":[{\"@type\":\"ListItem\",\"position\":1,\"name\":\"Home\",\"item\":\"https:\\\/\\\/formar.shop\\\/da\\\/automatisk-udkast\\\/\"},{\"@type\":\"ListItem\",\"position\":2,\"name\":\"Butik\",\"item\":\"https:\\\/\\\/formar.shop\\\/da\\\/butik\\\/\"},{\"@type\":\"ListItem\",\"position\":3,\"name\":\"V\u00e6gbeholder &#8211; h\u00e6ngende\"}]},{\"@type\":\"WebSite\",\"@id\":\"https:\\\/\\\/formar.shop\\\/da\\\/#website\",\"url\":\"https:\\\/\\\/formar.shop\\\/da\\\/\",\"name\":\"Formar.shop\",\"description\":\"Soluzioni espresse con stile\",\"potentialAction\":[{\"@type\":\"SearchAction\",\"target\":{\"@type\":\"EntryPoint\",\"urlTemplate\":\"https:\\\/\\\/formar.shop\\\/da\\\/?s={search_term_string}\"},\"query-input\":{\"@type\":\"PropertyValueSpecification\",\"valueRequired\":true,\"valueName\":\"search_term_string\"}}],\"inLanguage\":\"da-DK\"}]}<\/script>\n<!-- \/ Yoast SEO plugin. -->","yoast_head_json":{"title":"V\u00e6gbeholder - h\u00e6ngende - Formar.shop","robots":{"index":"index","follow":"follow","max-snippet":"max-snippet:-1","max-image-preview":"max-image-preview:large","max-video-preview":"max-video-preview:-1"},"canonical":"https:\/\/formar.shop\/da\/prodotto\/vaegbeholder-haengende\/","schema":{"@context":"https:\/\/schema.org","@graph":[{"@type":"WebPage","@id":"https:\/\/formar.shop\/da\/prodotto\/vaegbeholder-haengende\/","url":"https:\/\/formar.shop\/da\/prodotto\/vaegbeholder-haengende\/","name":"V\u00e6gbeholder - h\u00e6ngende - Formar.shop","isPartOf":{"@id":"https:\/\/formar.shop\/da\/#website"},"primaryImageOfPage":{"@id":"https:\/\/formar.shop\/da\/prodotto\/vaegbeholder-haengende\/#primaryimage"},"image":{"@id":"https:\/\/formar.shop\/da\/prodotto\/vaegbeholder-haengende\/#primaryimage"},"thumbnailUrl":"https:\/\/static.formar.net\/wp-content\/uploads\/2020\/12\/22153635\/Immagini-di-prodotto-x-Amazon-36.png","datePublished":"2025-01-18T20:27:34+00:00","dateModified":"2025-01-18T20:27:45+00:00","breadcrumb":{"@id":"https:\/\/formar.shop\/da\/prodotto\/vaegbeholder-haengende\/#breadcrumb"},"inLanguage":"da-DK","potentialAction":[{"@type":"ReadAction","target":["https:\/\/formar.shop\/da\/prodotto\/vaegbeholder-haengende\/"]}]},{"@type":"ImageObject","inLanguage":"da-DK","@id":"https:\/\/formar.shop\/da\/prodotto\/vaegbeholder-haengende\/#primaryimage","url":"https:\/\/static.formar.net\/wp-content\/uploads\/2020\/12\/22153635\/Immagini-di-prodotto-x-Amazon-36.png","contentUrl":"https:\/\/static.formar.net\/wp-content\/uploads\/2020\/12\/22153635\/Immagini-di-prodotto-x-Amazon-36.png","width":1012,"height":1012},{"@type":"BreadcrumbList","@id":"https:\/\/formar.shop\/da\/prodotto\/vaegbeholder-haengende\/#breadcrumb","itemListElement":[{"@type":"ListItem","position":1,"name":"Home","item":"https:\/\/formar.shop\/da\/automatisk-udkast\/"},{"@type":"ListItem","position":2,"name":"Butik","item":"https:\/\/formar.shop\/da\/butik\/"},{"@type":"ListItem","position":3,"name":"V\u00e6gbeholder &#8211; h\u00e6ngende"}]},{"@type":"WebSite","@id":"https:\/\/formar.shop\/da\/#website","url":"https:\/\/formar.shop\/da\/","name":"Formar.shop","description":"Soluzioni espresse con stile","potentialAction":[{"@type":"SearchAction","target":{"@type":"EntryPoint","urlTemplate":"https:\/\/formar.shop\/da\/?s={search_term_string}"},"query-input":{"@type":"PropertyValueSpecification","valueRequired":true,"valueName":"search_term_string"}}],"inLanguage":"da-DK"}]}},"_links":{"self":[{"href":"https:\/\/formar.shop\/da\/wp-json\/wp\/v2\/product\/44870","targetHints":{"allow":["GET"]}}],"collection":[{"href":"https:\/\/formar.shop\/da\/wp-json\/wp\/v2\/product"}],"about":[{"href":"https:\/\/formar.shop\/da\/wp-json\/wp\/v2\/types\/product"}],"wp:featuredmedia":[{"embeddable":true,"href":"https:\/\/formar.shop\/da\/wp-json\/wp\/v2\/media\/44872"}],"wp:attachment":[{"href":"https:\/\/formar.shop\/da\/wp-json\/wp\/v2\/media?parent=44870"}],"wp:term":[{"taxonomy":"product_brand","embeddable":true,"href":"https:\/\/formar.shop\/da\/wp-json\/wp\/v2\/product_brand?post=44870"},{"taxonomy":"product_cat","embeddable":true,"href":"https:\/\/formar.shop\/da\/wp-json\/wp\/v2\/product_cat?post=44870"},{"taxonomy":"product_tag","embeddable":true,"href":"https:\/\/formar.shop\/da\/wp-json\/wp\/v2\/product_tag?post=44870"}],"curies":[{"name":"wp","href":"https:\/\/api.w.org\/{rel}","templated":true}]}}