{"id":44698,"date":"2025-01-18T21:26:26","date_gmt":"2025-01-18T20:26:26","guid":{"rendered":"https:\/\/formar.shop\/prodotto\/bogreol-kubusbord-02\/"},"modified":"2025-01-18T21:26:44","modified_gmt":"2025-01-18T20:26:44","slug":"bogreol-kubusbord-02","status":"publish","type":"product","link":"https:\/\/formar.shop\/da\/prodotto\/bogreol-kubusbord-02\/","title":{"rendered":"Bogreol &#8211; Kubusbord 02"},"content":{"rendered":"<div class=\"slider-wrapper relative\" id=\"slider-568409448\" >\n    <div class=\"slider slider-nav-circle slider-nav-large slider-nav-dark slider-style-normal\"\n        data-flickity-options='{\n            \"cellAlign\": \"center\",\n            \"imagesLoaded\": true,\n            \"lazyLoad\": 1,\n            \"freeScroll\": false,\n            \"wrapAround\": true,\n            \"autoPlay\": 6000,\n            \"pauseAutoPlayOnHover\" : true,\n            \"prevNextButtons\": true,\n            \"contain\" : true,\n            \"adaptiveHeight\" : true,\n            \"dragThreshold\" : 10,\n            \"percentPosition\": true,\n            \"pageDots\": true,\n            \"rightToLeft\": false,\n            \"draggable\": true,\n            \"selectedAttraction\": 0.1,\n            \"parallax\" : 0,\n            \"friction\": 0.6        }'\n        >\n        \n\t<div class=\"img has-hover x md-x lg-x y md-y lg-y\" id=\"image_409609470\">\n\t\t\t\t\t\t\t\t<div class=\"img-inner dark\" >\n\t\t\t<img loading=\"lazy\" decoding=\"async\" width=\"1020\" height=\"680\" src=\"https:\/\/static.formar.net\/wp-content\/uploads\/sites\/1\/2022\/11\/02111035\/tower-2-grigia-front-1030x687.jpg\" class=\"attachment-large size-large\" alt=\"\" srcset=\"https:\/\/static.formar.net\/wp-content\/uploads\/sites\/1\/2022\/11\/02111035\/tower-2-grigia-front-1030x687.jpg 1030w, https:\/\/static.formar.net\/wp-content\/uploads\/sites\/1\/2022\/11\/02111035\/tower-2-grigia-front-300x200.jpg 300w, https:\/\/static.formar.net\/wp-content\/uploads\/sites\/1\/2022\/11\/02111035\/tower-2-grigia-front-768x512.jpg 768w, https:\/\/static.formar.net\/wp-content\/uploads\/sites\/1\/2022\/11\/02111035\/tower-2-grigia-front-1536x1024.jpg 1536w, https:\/\/static.formar.net\/wp-content\/uploads\/sites\/1\/2022\/11\/02111035\/tower-2-grigia-front-2048x1365.jpg 2048w, https:\/\/static.formar.net\/wp-content\/uploads\/sites\/1\/2022\/11\/02111035\/tower-2-grigia-front-510x340.jpg 510w, https:\/\/static.formar.net\/wp-content\/uploads\/sites\/1\/2022\/11\/02111035\/tower-2-grigia-front-1200x800.jpg 1200w, https:\/\/static.formar.net\/wp-content\/uploads\/sites\/1\/2022\/11\/02111035\/tower-2-grigia-front-600x400.jpg 600w\" sizes=\"auto, (max-width: 1020px) 100vw, 1020px\" \/>\t\t\t\t\t\t\n\t\t\t\t\t<\/div>\n\t\t\t\t\t\t\t\t\n<style>\n#image_409609470 {\n  width: 100%;\n}\n<\/style>\n\t<\/div>\n\t\n\t<div class=\"img has-hover x md-x lg-x y md-y lg-y\" id=\"image_447287358\">\n\t\t\t\t\t\t\t\t<div class=\"img-inner dark\" >\n\t\t\t<img loading=\"lazy\" decoding=\"async\" width=\"1020\" height=\"680\" src=\"https:\/\/static.formar.net\/wp-content\/uploads\/sites\/1\/2022\/11\/02111034\/tower-2-nera-front-1030x687.jpg\" class=\"attachment-large size-large\" alt=\"\" srcset=\"https:\/\/static.formar.net\/wp-content\/uploads\/sites\/1\/2022\/11\/02111034\/tower-2-nera-front-1030x687.jpg 1030w, https:\/\/static.formar.net\/wp-content\/uploads\/sites\/1\/2022\/11\/02111034\/tower-2-nera-front-300x200.jpg 300w, https:\/\/static.formar.net\/wp-content\/uploads\/sites\/1\/2022\/11\/02111034\/tower-2-nera-front-768x512.jpg 768w, https:\/\/static.formar.net\/wp-content\/uploads\/sites\/1\/2022\/11\/02111034\/tower-2-nera-front-1536x1024.jpg 1536w, https:\/\/static.formar.net\/wp-content\/uploads\/sites\/1\/2022\/11\/02111034\/tower-2-nera-front-2048x1365.jpg 2048w, https:\/\/static.formar.net\/wp-content\/uploads\/sites\/1\/2022\/11\/02111034\/tower-2-nera-front-510x340.jpg 510w, https:\/\/static.formar.net\/wp-content\/uploads\/sites\/1\/2022\/11\/02111034\/tower-2-nera-front-1200x800.jpg 1200w, https:\/\/static.formar.net\/wp-content\/uploads\/sites\/1\/2022\/11\/02111034\/tower-2-nera-front-600x400.jpg 600w\" sizes=\"auto, (max-width: 1020px) 100vw, 1020px\" \/>\t\t\t\t\t\t\n\t\t\t\t\t<\/div>\n\t\t\t\t\t\t\t\t\n<style>\n#image_447287358 {\n  width: 100%;\n}\n<\/style>\n\t<\/div>\n\t\n\t<div class=\"img has-hover x md-x lg-x y md-y lg-y\" id=\"image_1134525453\">\n\t\t\t\t\t\t\t\t<div class=\"img-inner dark\" >\n\t\t\t<img loading=\"lazy\" decoding=\"async\" width=\"1020\" height=\"680\" src=\"https:\/\/static.formar.net\/wp-content\/uploads\/sites\/1\/2022\/11\/02111032\/tower-2-rossa-front-1030x687.jpg\" class=\"attachment-large size-large\" alt=\"\" srcset=\"https:\/\/static.formar.net\/wp-content\/uploads\/sites\/1\/2022\/11\/02111032\/tower-2-rossa-front-1030x687.jpg 1030w, https:\/\/static.formar.net\/wp-content\/uploads\/sites\/1\/2022\/11\/02111032\/tower-2-rossa-front-300x200.jpg 300w, https:\/\/static.formar.net\/wp-content\/uploads\/sites\/1\/2022\/11\/02111032\/tower-2-rossa-front-768x512.jpg 768w, https:\/\/static.formar.net\/wp-content\/uploads\/sites\/1\/2022\/11\/02111032\/tower-2-rossa-front-1536x1024.jpg 1536w, https:\/\/static.formar.net\/wp-content\/uploads\/sites\/1\/2022\/11\/02111032\/tower-2-rossa-front-2048x1365.jpg 2048w, https:\/\/static.formar.net\/wp-content\/uploads\/sites\/1\/2022\/11\/02111032\/tower-2-rossa-front-510x340.jpg 510w, https:\/\/static.formar.net\/wp-content\/uploads\/sites\/1\/2022\/11\/02111032\/tower-2-rossa-front-1200x800.jpg 1200w, https:\/\/static.formar.net\/wp-content\/uploads\/sites\/1\/2022\/11\/02111032\/tower-2-rossa-front-600x400.jpg 600w\" sizes=\"auto, (max-width: 1020px) 100vw, 1020px\" \/>\t\t\t\t\t\t\n\t\t\t\t\t<\/div>\n\t\t\t\t\t\t\t\t\n<style>\n#image_1134525453 {\n  width: 100%;\n}\n<\/style>\n\t<\/div>\n\t\n     <\/div>\n\n     <div class=\"loading-spin dark large centered\"><\/div>\n\n\t<\/div>\n\n\n<h3>BOGREOL &#8211; KUBUSBORD 02<\/h3>\n<p class=\"has-fs-18-px-font-size\">Lille design-reolbord, der giver <strong>masser af opbevaring<\/strong> p\u00e5 lidt plads.<\/p>\n<p>Med Cube Table 02-reolbordet f\u00e5r du personlighed, karakter og s\u00e6rpr\u00e6g ind i dit hjem.<br \/>\nDets <strong>originale<\/strong>, enkle og praktiske <strong>design<\/strong> giver en elegant balance mellem orden og sk\u00f8nhed i ethvert rum i dit hjem.<br \/>\nPerfekt til at placere b\u00f8ger eller dekorative genstande.<br \/>\nBasen er hvid, mens toppen f\u00e5s i tre <strong>smukke<\/strong> farver: gr\u00e5, sort og r\u00f8d.<\/p>\n<h3>DESIGN PRODUKT<\/h3>\n<p>Det er udt\u00e6nkt og designet af den italienske designer Mario Mazzer, som er uddannet i arkitektur fra Milanos polytekniske l\u00e6reanstalt i 1978 og i industrielt design fra Scuola Politecnica di Design i Milano i 1979.<br \/>\nHer uddannede han sig i 1970&#8217;erne og samarbejdede med mestrene inden for italiensk design, og i 1980 grundlagde han Mario Mazzer Architects i Conegliano Veneto. Han har vundet flere priser og modtog i 1996 en h\u00e6drende omtale ved ID Annual Design Review i New York. Ved at vise sit arbejde har han ydet et stort bidrag til at fremme italienske produkters popularitet i hele verden.  <\/p>\n<h3 id=\"h-finiture-di-qualit-e-made-in-italy\">PRODUKTETS DIMENSIONER<\/h3>\n<p>Produktet m\u00e5ler: &#8211; 40 cm lang &#8211; 40 cm dyb &#8211; 60,5 cm h\u00f8j<\/p>\n<div class=\"info-block\">\n<h3 id=\"h-finiture-di-qualit-e-made-in-italy\">F\u00c5S I TRE FARVEVARIANTER<\/h3>\n<\/div>\n\n\t<section class=\"section\" id=\"section_163213425\">\n\t\t<div class=\"section-bg fill\" >\n\t\t\t\t\t\t\t\t\t\n\t\t\t\n\n\t\t<\/div>\n\n\t\t\n\n\t\t<div class=\"section-content relative\">\n\t\t\t\n<div class=\"row\"  id=\"row-1222049150\">\n\n\t<div id=\"col-1084365380\" class=\"col medium-4 small-6 large-4\"  >\n\t\t\t\t<div class=\"col-inner text-center\"  >\n\t\t\t\n\t\t\t\n\t<div class=\"box has-hover   has-hover box-text-bottom\" >\n\n\t\t<div class=\"box-image\" >\n\t\t\t\t\t\t<div class=\"\" >\n\t\t\t\t<img loading=\"lazy\" decoding=\"async\" width=\"2560\" height=\"1707\" src=\"https:\/\/static.formar.net\/wp-content\/uploads\/sites\/1\/2022\/11\/02111036\/tower-2-grigia-scaled.jpg\" class=\"attachment- size-\" alt=\"\" \/>\t\t\t\t\t\t\t\t\t\t\t<\/div>\n\t\t\t\t\t<\/div>\n\n\t\t<div class=\"box-text text-center\" >\n\t\t\t<div class=\"box-text-inner\">\n\t\t\t\t\n\t<div id=\"text-3611247475\" class=\"text\">\n\t\t\n<p>Gr\u00e5<br \/>\n\t\t\n<style>\n#text-3611247475 {\n  font-size: 1.5rem;\n}\n<\/style>\n\t<\/div>\n\t\n\t\t\t<\/div>\n\t\t<\/div>\n\t<\/div>\n\t\n\t<div class=\"img has-hover x md-x lg-x y md-y lg-y\" id=\"image_60034961\">\n\t\t<a class=\"\" href=\"https:\/\/formar.shop\/wp-content\/uploads\/2022\/10\/68_BIANCO_O_A.jpg\" >\t\t\t\t\t\t<div class=\"img-inner dark\" >\n\t\t\t\t\t\t\t\t\t\n\t\t\t\t\t<\/div>\n\t\t\t\t\t\t<\/a>\t\t\n<style>\n#image_60034961 {\n  width: 50%;\n}\n<\/style>\n\t<\/div>\n\t\n\t\t<\/div>\n\t\t\t\t\t<\/div>\n\n\t\n\n\t<div id=\"col-1901930938\" class=\"col medium-4 small-6 large-4\"  >\n\t\t\t\t<div class=\"col-inner text-center\"  >\n\t\t\t\n\t\t\t\n\t<div class=\"box has-hover   has-hover box-text-bottom\" >\n\n\t\t<div class=\"box-image\" >\n\t\t\t\t\t\t<div class=\"\" >\n\t\t\t\t<img loading=\"lazy\" decoding=\"async\" width=\"2560\" height=\"1707\" src=\"https:\/\/static.formar.net\/wp-content\/uploads\/sites\/1\/2022\/11\/02111037\/tower-2-nera-scaled.jpg\" class=\"attachment- size-\" alt=\"\" \/>\t\t\t\t\t\t\t\t\t\t\t<\/div>\n\t\t\t\t\t<\/div>\n\n\t\t<div class=\"box-text text-center\" >\n\t\t\t<div class=\"box-text-inner\">\n\t\t\t\t\n\t<div id=\"text-226084772\" class=\"text\">\n\t\t\n<p>Sort<br \/>\n\t\t\n<style>\n#text-226084772 {\n  font-size: 1.5rem;\n}\n<\/style>\n\t<\/div>\n\t\n\t\t\t<\/div>\n\t\t<\/div>\n\t<\/div>\n\t\n\t<div class=\"img has-hover x md-x lg-x y md-y lg-y\" id=\"image_1550096917\">\n\t\t<a class=\"\" href=\"https:\/\/formar.shop\/wp-content\/uploads\/2022\/10\/03_ROVERE_O.jpg\" >\t\t\t\t\t\t<div class=\"img-inner dark\" >\n\t\t\t\t\t\t\t\t\t\n\t\t\t\t\t<\/div>\n\t\t\t\t\t\t<\/a>\t\t\n<style>\n#image_1550096917 {\n  width: 50%;\n}\n<\/style>\n\t<\/div>\n\t\n\t\t<\/div>\n\t\t\t\t\t<\/div>\n\n\t\n\n\t<div id=\"col-1035212647\" class=\"col medium-4 small-12 large-4\"  >\n\t\t\t\t<div class=\"col-inner\"  >\n\t\t\t\n\t\t\t\n\t<div class=\"box has-hover   has-hover box-text-bottom\" >\n\n\t\t<div class=\"box-image\" >\n\t\t\t\t\t\t<div class=\"\" >\n\t\t\t\t<img loading=\"lazy\" decoding=\"async\" width=\"2560\" height=\"1707\" src=\"https:\/\/static.formar.net\/wp-content\/uploads\/sites\/1\/2022\/11\/02111036\/tower-2-rossa-scaled.jpg\" class=\"attachment- size-\" alt=\"\" \/>\t\t\t\t\t\t\t\t\t\t\t<\/div>\n\t\t\t\t\t<\/div>\n\n\t\t<div class=\"box-text text-center\" >\n\t\t\t<div class=\"box-text-inner\">\n\t\t\t\t\n\t<div id=\"text-600033472\" class=\"text\">\n\t\t\n<p>R\u00f8d<br \/>\n\t\t\n<style>\n#text-600033472 {\n  font-size: 1.5rem;\n}\n<\/style>\n\t<\/div>\n\t\n\t\t\t<\/div>\n\t\t<\/div>\n\t<\/div>\n\t\n\t\t<\/div>\n\t\t\t\t\t<\/div>\n\n\t\n<\/div>\n<h3>PLEJE OG VEDLIGEHOLDELSE:<\/h3>\n<p>Test f\u00f8rst reng\u00f8ringsmidlerne for kompatibilitet p\u00e5 et ikke-synligt omr\u00e5de.<br \/>\nBrug aldrig reng\u00f8ringsmidler eller polermidler med slibende eller affedtende partikler.<br \/>\nT\u00f8r altid af med en fugtig klud og t\u00f8r efter.<\/p>\n\t\t<\/div>\n\n\t\t\n<style>\n#section_163213425 {\n  padding-top: 30px;\n  padding-bottom: 30px;\n}\n<\/style>\n\t<\/section>\n\t\n\n\t<section class=\"section\" id=\"section_108250746\">\n\t\t<div class=\"section-bg fill\" >\n\t\t\t\t\t\t\t\t\t\n\t\t\t\n\n\t\t<\/div>\n\n\t\t\n\n\t\t<div class=\"section-content relative\">\n\t\t\t\n<div class=\"is-divider divider clearfix\" style=\"max-width:1000px;\"><\/div>\n<div class=\"row row-solid\"  id=\"row-286386580\">\n\n\t<div id=\"col-537157373\" class=\"col medium-3 small-12 large-3\"  >\n\t\t\t\t<div class=\"col-inner\"  >\n\t\t\t\n\t\t\t\n\n\t\t<div class=\"icon-box featured-box icon-box-center text-center\"  >\n\t\t\t\t\t<div class=\"icon-box-img\" style=\"width: 50px\">\n\t\t\t\t<div class=\"icon\">\n\t\t\t\t\t<div class=\"icon-inner\" >\n\t\t\t\t\t\t<img loading=\"lazy\" decoding=\"async\" width=\"128\" height=\"128\" src=\"https:\/\/static.formar.net\/wp-content\/uploads\/sites\/1\/2022\/10\/02111131\/2703076-128-1-1.png\" class=\"attachment-medium size-medium\" alt=\"\" srcset=\"https:\/\/static.formar.net\/wp-content\/uploads\/sites\/1\/2022\/10\/02111131\/2703076-128-1-1.png 128w, https:\/\/static.formar.net\/wp-content\/uploads\/sites\/1\/2022\/10\/02111131\/2703076-128-1-1-80x80.png 80w, https:\/\/static.formar.net\/wp-content\/uploads\/sites\/1\/2022\/10\/02111131\/2703076-128-1-1-100x100.png 100w, https:\/\/static.formar.net\/wp-content\/uploads\/sites\/1\/2022\/10\/02111131\/2703076-128-1-1-50x50.png 50w\" sizes=\"auto, (max-width: 128px) 100vw, 128px\" \/>\t\t\t\t\t<\/div>\n\t\t\t\t<\/div>\n\t\t\t<\/div>\n\t\t\t\t<div class=\"icon-box-text last-reset\">\n\t\t\t\t\t\t\t\t\t\n<h3>Kundeservice altid tilg\u00e6ngelig<\/h3>\n<p>Du kan n\u00e5 os via WhatsApp:  <a href=\"https:\/\/api.whatsapp.com\/send\/?phone=390715906063&amp;text&amp;type=phone_number&amp;app_absent=0\">+39 071 5906063<\/a><\/p>\n<p>Telefoniske bestillinger: <a href=\"tel:+39800122267\">800 122 267<\/a><\/p>\n\t\t<\/div>\n\t<\/div>\n\t\n\t\n\t\t<\/div>\n\t\t\t\t\t<\/div>\n\n\t\n\n\t<div id=\"col-1709124020\" class=\"col medium-3 small-12 large-3\"  >\n\t\t\t\t<div class=\"col-inner\"  >\n\t\t\t\n\t\t\t\n\n\t\t<div class=\"icon-box featured-box icon-box-center text-center\"  >\n\t\t\t\t\t<div class=\"icon-box-img\" style=\"width: 50px\">\n\t\t\t\t<div class=\"icon\">\n\t\t\t\t\t<div class=\"icon-inner\" >\n\t\t\t\t\t\t<img loading=\"lazy\" decoding=\"async\" width=\"256\" height=\"256\" src=\"https:\/\/static.formar.net\/wp-content\/uploads\/sites\/1\/2022\/11\/02111117\/Icona-carta-di-credito.png\" class=\"attachment-medium size-medium\" alt=\"\" srcset=\"https:\/\/static.formar.net\/wp-content\/uploads\/sites\/1\/2022\/11\/02111117\/Icona-carta-di-credito.png 256w, https:\/\/static.formar.net\/wp-content\/uploads\/sites\/1\/2022\/11\/02111117\/Icona-carta-di-credito-80x80.png 80w, https:\/\/static.formar.net\/wp-content\/uploads\/sites\/1\/2022\/11\/02111117\/Icona-carta-di-credito-100x100.png 100w, https:\/\/static.formar.net\/wp-content\/uploads\/sites\/1\/2022\/11\/02111117\/Icona-carta-di-credito-50x50.png 50w\" sizes=\"auto, (max-width: 256px) 100vw, 256px\" \/>\t\t\t\t\t<\/div>\n\t\t\t\t<\/div>\n\t\t\t<\/div>\n\t\t\t\t<div class=\"icon-box-text last-reset\">\n\t\t\t\t\t\t\t\t\t\n<h3>V\u00e6lg betalingsform<\/h3>\n<p>Betaling via Paypal, kreditkort, kontanter eller Bancomat (p\u00e5 stedet) og kontant ved levering<\/p>\n\t\t<\/div>\n\t<\/div>\n\t\n\t\n\t\t<\/div>\n\t\t\t\t\t<\/div>\n\n\t\n\n\t<div id=\"col-1344241830\" class=\"col medium-3 small-12 large-3\"  >\n\t\t\t\t<div class=\"col-inner\"  >\n\t\t\t\n\t\t\t\n\n\t\t<div class=\"icon-box featured-box icon-box-center text-center\"  >\n\t\t\t\t\t<div class=\"icon-box-img\" style=\"width: 50px\">\n\t\t\t\t<div class=\"icon\">\n\t\t\t\t\t<div class=\"icon-inner\" >\n\t\t\t\t\t\t<img loading=\"lazy\" decoding=\"async\" width=\"128\" height=\"128\" src=\"https:\/\/static.formar.net\/wp-content\/uploads\/sites\/1\/2022\/10\/02111130\/3669335-128-1.png\" class=\"attachment-medium size-medium\" alt=\"\" srcset=\"https:\/\/static.formar.net\/wp-content\/uploads\/sites\/1\/2022\/10\/02111130\/3669335-128-1.png 128w, https:\/\/static.formar.net\/wp-content\/uploads\/sites\/1\/2022\/10\/02111130\/3669335-128-1-80x80.png 80w, https:\/\/static.formar.net\/wp-content\/uploads\/sites\/1\/2022\/10\/02111130\/3669335-128-1-100x100.png 100w, https:\/\/static.formar.net\/wp-content\/uploads\/sites\/1\/2022\/10\/02111130\/3669335-128-1-50x50.png 50w\" sizes=\"auto, (max-width: 128px) 100vw, 128px\" \/>\t\t\t\t\t<\/div>\n\t\t\t\t<\/div>\n\t\t\t<\/div>\n\t\t\t\t<div class=\"icon-box-text last-reset\">\n\t\t\t\t\t\t\t\t\t\n<h3>Nem og ubekymret returnering<\/h3>\n<p>I tilf\u00e6lde af problemer organiserer vi afhentning direkte p\u00e5 din adresse.<a href=\"https:\/\/formar.shop\/da\/regler-for-returnering\/\">(Flere detaljer)<\/a>.<\/p>\n\t\t<\/div>\n\t<\/div>\n\t\n\t\n\t\t<\/div>\n\t\t\t\t\t<\/div>\n\n\t\n\n\t<div id=\"col-967304072\" class=\"col medium-3 small-12 large-3\"  >\n\t\t\t\t<div class=\"col-inner\"  >\n\t\t\t\n\t\t\t\n\n\t\t<div class=\"icon-box featured-box icon-box-center text-center\"  >\n\t\t\t\t\t<div class=\"icon-box-img\" style=\"width: 50px\">\n\t\t\t\t<div class=\"icon\">\n\t\t\t\t\t<div class=\"icon-inner\" >\n\t\t\t\t\t\t<img loading=\"lazy\" decoding=\"async\" width=\"128\" height=\"128\" src=\"https:\/\/static.formar.net\/wp-content\/uploads\/sites\/1\/2022\/10\/02111130\/5959201-128-1.png\" class=\"attachment-medium size-medium\" alt=\"\" srcset=\"https:\/\/static.formar.net\/wp-content\/uploads\/sites\/1\/2022\/10\/02111130\/5959201-128-1.png 128w, https:\/\/static.formar.net\/wp-content\/uploads\/sites\/1\/2022\/10\/02111130\/5959201-128-1-80x80.png 80w, https:\/\/static.formar.net\/wp-content\/uploads\/sites\/1\/2022\/10\/02111130\/5959201-128-1-100x100.png 100w, https:\/\/static.formar.net\/wp-content\/uploads\/sites\/1\/2022\/10\/02111130\/5959201-128-1-50x50.png 50w\" sizes=\"auto, (max-width: 128px) 100vw, 128px\" \/>\t\t\t\t\t<\/div>\n\t\t\t\t<\/div>\n\t\t\t<\/div>\n\t\t\t\t<div class=\"icon-box-text last-reset\">\n\t\t\t\t\t\t\t\t\t\n<h3>Producentens garanti og reservedele<\/h3>\n<p>Alle vores produkter leveres med vores garanti. For mange produkter garanterer vi reservedele i samme periode.<\/p>\n\t\t<\/div>\n\t<\/div>\n\t\n\t\n\t\t<\/div>\n\t\t\t\t\t<\/div>\n\n\t\n\n<style>\n#row-286386580 > .col > .col-inner {\n  padding: 20px 20px 20px 20px;\n}\n<\/style>\n<\/div>\n\t\t<\/div>\n\n\t\t\n<style>\n#section_108250746 {\n  padding-top: 30px;\n  padding-bottom: 30px;\n}\n<\/style>\n\t<\/section>\n\t\n","protected":false},"excerpt":{"rendered":"<p>Dette design-sofabord er udt\u00e6nkt og designet af den italienske designer MARIO MAZZER og egner sig til indretning af ethvert rum.<br \/>\nDet best\u00e5r af en hvid base og en top, der f\u00e5s i tre farver: gr\u00e5, sort og r\u00f8d.<br \/>\nTakket v\u00e6re det medf\u00f8lgende s\u00e6t er det hurtigt og nemt at samle.  <\/p>\n","protected":false},"featured_media":44704,"template":"","meta":{"_joinchat":[]},"product_brand":[],"product_cat":[1603,1602],"product_tag":[1636],"class_list":{"0":"post-44698","1":"product","2":"type-product","3":"status-publish","4":"has-post-thumbnail","6":"product_cat-borde-og-sofaborde","7":"product_cat-hjem","8":"product_tag-borde","10":"first","11":"instock","12":"sale","13":"taxable","14":"shipping-taxable","15":"purchasable","16":"product-type-variable","17":"has-default-attributes"},"yoast_head":"<!-- This site is optimized with the Yoast SEO plugin v27.3 - https:\/\/yoast.com\/product\/yoast-seo-wordpress\/ -->\n<title>Bogreol - Kubusbord 02 - Formar.shop<\/title>\n<meta name=\"robots\" content=\"index, follow, max-snippet:-1, max-image-preview:large, max-video-preview:-1\" \/>\n<link rel=\"canonical\" href=\"https:\/\/formar.shop\/da\/prodotto\/bogreol-kubusbord-02\/\" \/>\n<script type=\"application\/ld+json\" class=\"yoast-schema-graph\">{\"@context\":\"https:\\\/\\\/schema.org\",\"@graph\":[{\"@type\":\"WebPage\",\"@id\":\"https:\\\/\\\/formar.shop\\\/da\\\/prodotto\\\/bogreol-kubusbord-02\\\/\",\"url\":\"https:\\\/\\\/formar.shop\\\/da\\\/prodotto\\\/bogreol-kubusbord-02\\\/\",\"name\":\"Bogreol - Kubusbord 02 - Formar.shop\",\"isPartOf\":{\"@id\":\"https:\\\/\\\/formar.shop\\\/da\\\/#website\"},\"primaryImageOfPage\":{\"@id\":\"https:\\\/\\\/formar.shop\\\/da\\\/prodotto\\\/bogreol-kubusbord-02\\\/#primaryimage\"},\"image\":{\"@id\":\"https:\\\/\\\/formar.shop\\\/da\\\/prodotto\\\/bogreol-kubusbord-02\\\/#primaryimage\"},\"thumbnailUrl\":\"https:\\\/\\\/static.formar.net\\\/wp-content\\\/uploads\\\/2020\\\/12\\\/22192450\\\/Immagini-di-prodotto-x-Amazon-46-1.png\",\"datePublished\":\"2025-01-18T20:26:26+00:00\",\"dateModified\":\"2025-01-18T20:26:44+00:00\",\"breadcrumb\":{\"@id\":\"https:\\\/\\\/formar.shop\\\/da\\\/prodotto\\\/bogreol-kubusbord-02\\\/#breadcrumb\"},\"inLanguage\":\"da-DK\",\"potentialAction\":[{\"@type\":\"ReadAction\",\"target\":[\"https:\\\/\\\/formar.shop\\\/da\\\/prodotto\\\/bogreol-kubusbord-02\\\/\"]}]},{\"@type\":\"ImageObject\",\"inLanguage\":\"da-DK\",\"@id\":\"https:\\\/\\\/formar.shop\\\/da\\\/prodotto\\\/bogreol-kubusbord-02\\\/#primaryimage\",\"url\":\"https:\\\/\\\/static.formar.net\\\/wp-content\\\/uploads\\\/2020\\\/12\\\/22192450\\\/Immagini-di-prodotto-x-Amazon-46-1.png\",\"contentUrl\":\"https:\\\/\\\/static.formar.net\\\/wp-content\\\/uploads\\\/2020\\\/12\\\/22192450\\\/Immagini-di-prodotto-x-Amazon-46-1.png\",\"width\":1011,\"height\":1012},{\"@type\":\"BreadcrumbList\",\"@id\":\"https:\\\/\\\/formar.shop\\\/da\\\/prodotto\\\/bogreol-kubusbord-02\\\/#breadcrumb\",\"itemListElement\":[{\"@type\":\"ListItem\",\"position\":1,\"name\":\"Home\",\"item\":\"https:\\\/\\\/formar.shop\\\/da\\\/automatisk-udkast\\\/\"},{\"@type\":\"ListItem\",\"position\":2,\"name\":\"Butik\",\"item\":\"https:\\\/\\\/formar.shop\\\/da\\\/butik\\\/\"},{\"@type\":\"ListItem\",\"position\":3,\"name\":\"Bogreol &#8211; Kubusbord 02\"}]},{\"@type\":\"WebSite\",\"@id\":\"https:\\\/\\\/formar.shop\\\/da\\\/#website\",\"url\":\"https:\\\/\\\/formar.shop\\\/da\\\/\",\"name\":\"Formar.shop\",\"description\":\"Soluzioni espresse con stile\",\"potentialAction\":[{\"@type\":\"SearchAction\",\"target\":{\"@type\":\"EntryPoint\",\"urlTemplate\":\"https:\\\/\\\/formar.shop\\\/da\\\/?s={search_term_string}\"},\"query-input\":{\"@type\":\"PropertyValueSpecification\",\"valueRequired\":true,\"valueName\":\"search_term_string\"}}],\"inLanguage\":\"da-DK\"}]}<\/script>\n<!-- \/ Yoast SEO plugin. -->","yoast_head_json":{"title":"Bogreol - Kubusbord 02 - Formar.shop","robots":{"index":"index","follow":"follow","max-snippet":"max-snippet:-1","max-image-preview":"max-image-preview:large","max-video-preview":"max-video-preview:-1"},"canonical":"https:\/\/formar.shop\/da\/prodotto\/bogreol-kubusbord-02\/","schema":{"@context":"https:\/\/schema.org","@graph":[{"@type":"WebPage","@id":"https:\/\/formar.shop\/da\/prodotto\/bogreol-kubusbord-02\/","url":"https:\/\/formar.shop\/da\/prodotto\/bogreol-kubusbord-02\/","name":"Bogreol - Kubusbord 02 - Formar.shop","isPartOf":{"@id":"https:\/\/formar.shop\/da\/#website"},"primaryImageOfPage":{"@id":"https:\/\/formar.shop\/da\/prodotto\/bogreol-kubusbord-02\/#primaryimage"},"image":{"@id":"https:\/\/formar.shop\/da\/prodotto\/bogreol-kubusbord-02\/#primaryimage"},"thumbnailUrl":"https:\/\/static.formar.net\/wp-content\/uploads\/2020\/12\/22192450\/Immagini-di-prodotto-x-Amazon-46-1.png","datePublished":"2025-01-18T20:26:26+00:00","dateModified":"2025-01-18T20:26:44+00:00","breadcrumb":{"@id":"https:\/\/formar.shop\/da\/prodotto\/bogreol-kubusbord-02\/#breadcrumb"},"inLanguage":"da-DK","potentialAction":[{"@type":"ReadAction","target":["https:\/\/formar.shop\/da\/prodotto\/bogreol-kubusbord-02\/"]}]},{"@type":"ImageObject","inLanguage":"da-DK","@id":"https:\/\/formar.shop\/da\/prodotto\/bogreol-kubusbord-02\/#primaryimage","url":"https:\/\/static.formar.net\/wp-content\/uploads\/2020\/12\/22192450\/Immagini-di-prodotto-x-Amazon-46-1.png","contentUrl":"https:\/\/static.formar.net\/wp-content\/uploads\/2020\/12\/22192450\/Immagini-di-prodotto-x-Amazon-46-1.png","width":1011,"height":1012},{"@type":"BreadcrumbList","@id":"https:\/\/formar.shop\/da\/prodotto\/bogreol-kubusbord-02\/#breadcrumb","itemListElement":[{"@type":"ListItem","position":1,"name":"Home","item":"https:\/\/formar.shop\/da\/automatisk-udkast\/"},{"@type":"ListItem","position":2,"name":"Butik","item":"https:\/\/formar.shop\/da\/butik\/"},{"@type":"ListItem","position":3,"name":"Bogreol &#8211; Kubusbord 02"}]},{"@type":"WebSite","@id":"https:\/\/formar.shop\/da\/#website","url":"https:\/\/formar.shop\/da\/","name":"Formar.shop","description":"Soluzioni espresse con stile","potentialAction":[{"@type":"SearchAction","target":{"@type":"EntryPoint","urlTemplate":"https:\/\/formar.shop\/da\/?s={search_term_string}"},"query-input":{"@type":"PropertyValueSpecification","valueRequired":true,"valueName":"search_term_string"}}],"inLanguage":"da-DK"}]}},"_links":{"self":[{"href":"https:\/\/formar.shop\/da\/wp-json\/wp\/v2\/product\/44698","targetHints":{"allow":["GET"]}}],"collection":[{"href":"https:\/\/formar.shop\/da\/wp-json\/wp\/v2\/product"}],"about":[{"href":"https:\/\/formar.shop\/da\/wp-json\/wp\/v2\/types\/product"}],"wp:featuredmedia":[{"embeddable":true,"href":"https:\/\/formar.shop\/da\/wp-json\/wp\/v2\/media\/44704"}],"wp:attachment":[{"href":"https:\/\/formar.shop\/da\/wp-json\/wp\/v2\/media?parent=44698"}],"wp:term":[{"taxonomy":"product_brand","embeddable":true,"href":"https:\/\/formar.shop\/da\/wp-json\/wp\/v2\/product_brand?post=44698"},{"taxonomy":"product_cat","embeddable":true,"href":"https:\/\/formar.shop\/da\/wp-json\/wp\/v2\/product_cat?post=44698"},{"taxonomy":"product_tag","embeddable":true,"href":"https:\/\/formar.shop\/da\/wp-json\/wp\/v2\/product_tag?post=44698"}],"curies":[{"name":"wp","href":"https:\/\/api.w.org\/{rel}","templated":true}]}}