{"id":44553,"date":"2025-01-18T21:24:55","date_gmt":"2025-01-18T20:24:55","guid":{"rendered":"https:\/\/formar.shop\/prodotto\/konsolbord-spider\/"},"modified":"2025-01-18T21:25:08","modified_gmt":"2025-01-18T20:25:08","slug":"konsolbord-spider","status":"publish","type":"product","link":"https:\/\/formar.shop\/da\/prodotto\/konsolbord-spider\/","title":{"rendered":"Konsolbord &#8211; Spider"},"content":{"rendered":"<div class=\"slider-wrapper relative\" id=\"slider-1842776243\" >\n    <div class=\"slider slider-nav-circle slider-nav-large slider-nav-dark slider-style-normal\"\n        data-flickity-options='{\n            \"cellAlign\": \"center\",\n            \"imagesLoaded\": true,\n            \"lazyLoad\": 1,\n            \"freeScroll\": false,\n            \"wrapAround\": true,\n            \"autoPlay\": 6000,\n            \"pauseAutoPlayOnHover\" : true,\n            \"prevNextButtons\": true,\n            \"contain\" : true,\n            \"adaptiveHeight\" : true,\n            \"dragThreshold\" : 10,\n            \"percentPosition\": true,\n            \"pageDots\": true,\n            \"rightToLeft\": false,\n            \"draggable\": true,\n            \"selectedAttraction\": 0.1,\n            \"parallax\" : 0,\n            \"friction\": 0.6        }'\n        >\n        \n\t<div class=\"img has-hover x md-x lg-x y md-y lg-y\" id=\"image_432394326\">\n\t\t\t\t\t\t\t\t<div class=\"img-inner dark\" >\n\t\t\t<img loading=\"lazy\" decoding=\"async\" width=\"775\" height=\"1030\" src=\"https:\/\/static.formar.net\/wp-content\/uploads\/2020\/12\/11164238\/Immagini-x-shop-04.png\" class=\"attachment-large size-large\" alt=\"\" srcset=\"https:\/\/static.formar.net\/wp-content\/uploads\/2020\/12\/11164238\/Immagini-x-shop-04.png 1071w, https:\/\/static.formar.net\/wp-content\/uploads\/2020\/12\/11164238\/Immagini-x-shop-04-510x678.png 510w\" sizes=\"auto, (max-width: 775px) 100vw, 775px\" \/>\t\t\t\t\t\t\n\t\t\t\t\t<\/div>\n\t\t\t\t\t\t\t\t\n<style>\n#image_432394326 {\n  width: 100%;\n}\n<\/style>\n\t<\/div>\n\t\n\t<div class=\"img has-hover x md-x lg-x y md-y lg-y\" id=\"image_2086394520\">\n\t\t\t\t\t\t\t\t<div class=\"img-inner dark\" >\n\t\t\t<img loading=\"lazy\" decoding=\"async\" width=\"1001\" height=\"1001\" src=\"https:\/\/static.formar.net\/wp-content\/uploads\/2020\/12\/04172716\/Immagini-di-prodotto-x-Amazon-07.png\" class=\"attachment-large size-large\" alt=\"\" \/>\t\t\t\t\t\t\n\t\t\t\t\t<\/div>\n\t\t\t\t\t\t\t\t\n<style>\n#image_2086394520 {\n  width: 100%;\n}\n<\/style>\n\t<\/div>\n\t\n\t<div class=\"img has-hover x md-x lg-x y md-y lg-y\" id=\"image_1159222958\">\n\t\t\t\t\t\t\t\t<div class=\"img-inner dark\" >\n\t\t\t<img loading=\"lazy\" decoding=\"async\" width=\"1020\" height=\"680\" src=\"https:\/\/static.formar.net\/wp-content\/uploads\/sites\/1\/2022\/11\/02111040\/Spider-Consolle_12per-web-1030x687.jpg\" class=\"attachment-large size-large\" alt=\"\" srcset=\"https:\/\/static.formar.net\/wp-content\/uploads\/sites\/1\/2022\/11\/02111040\/Spider-Consolle_12per-web-1030x687.jpg 1030w, https:\/\/static.formar.net\/wp-content\/uploads\/sites\/1\/2022\/11\/02111040\/Spider-Consolle_12per-web-300x200.jpg 300w, https:\/\/static.formar.net\/wp-content\/uploads\/sites\/1\/2022\/11\/02111040\/Spider-Consolle_12per-web-768x512.jpg 768w, https:\/\/static.formar.net\/wp-content\/uploads\/sites\/1\/2022\/11\/02111040\/Spider-Consolle_12per-web-1536x1024.jpg 1536w, https:\/\/static.formar.net\/wp-content\/uploads\/sites\/1\/2022\/11\/02111040\/Spider-Consolle_12per-web-2048x1365.jpg 2048w, https:\/\/static.formar.net\/wp-content\/uploads\/sites\/1\/2022\/11\/02111040\/Spider-Consolle_12per-web-510x340.jpg 510w, https:\/\/static.formar.net\/wp-content\/uploads\/sites\/1\/2022\/11\/02111040\/Spider-Consolle_12per-web-1200x800.jpg 1200w, https:\/\/static.formar.net\/wp-content\/uploads\/sites\/1\/2022\/11\/02111040\/Spider-Consolle_12per-web-600x400.jpg 600w\" sizes=\"auto, (max-width: 1020px) 100vw, 1020px\" \/>\t\t\t\t\t\t\n\t\t\t\t\t<\/div>\n\t\t\t\t\t\t\t\t\n<style>\n#image_1159222958 {\n  width: 100%;\n}\n<\/style>\n\t<\/div>\n\t\n\t<div class=\"img has-hover x md-x lg-x y md-y lg-y\" id=\"image_1993716690\">\n\t\t\t\t\t\t\t\t<div class=\"img-inner dark\" >\n\t\t\t<img loading=\"lazy\" decoding=\"async\" width=\"2560\" height=\"1707\" src=\"https:\/\/static.formar.net\/wp-content\/uploads\/sites\/1\/2022\/11\/02111039\/Spider-Consolle_19-per-web-scaled.jpg\" class=\"attachment-original size-original\" alt=\"\" srcset=\"https:\/\/static.formar.net\/wp-content\/uploads\/sites\/1\/2022\/11\/02111039\/Spider-Consolle_19-per-web-scaled.jpg 2560w, https:\/\/static.formar.net\/wp-content\/uploads\/sites\/1\/2022\/11\/02111039\/Spider-Consolle_19-per-web-300x200.jpg 300w, https:\/\/static.formar.net\/wp-content\/uploads\/sites\/1\/2022\/11\/02111039\/Spider-Consolle_19-per-web-1030x687.jpg 1030w, https:\/\/static.formar.net\/wp-content\/uploads\/sites\/1\/2022\/11\/02111039\/Spider-Consolle_19-per-web-768x512.jpg 768w, https:\/\/static.formar.net\/wp-content\/uploads\/sites\/1\/2022\/11\/02111039\/Spider-Consolle_19-per-web-1536x1024.jpg 1536w, https:\/\/static.formar.net\/wp-content\/uploads\/sites\/1\/2022\/11\/02111039\/Spider-Consolle_19-per-web-2048x1365.jpg 2048w, https:\/\/static.formar.net\/wp-content\/uploads\/sites\/1\/2022\/11\/02111039\/Spider-Consolle_19-per-web-510x340.jpg 510w, https:\/\/static.formar.net\/wp-content\/uploads\/sites\/1\/2022\/11\/02111039\/Spider-Consolle_19-per-web-1200x800.jpg 1200w, https:\/\/static.formar.net\/wp-content\/uploads\/sites\/1\/2022\/11\/02111039\/Spider-Consolle_19-per-web-600x400.jpg 600w\" sizes=\"auto, (max-width: 2560px) 100vw, 2560px\" \/>\t\t\t\t\t\t\n\t\t\t\t\t<\/div>\n\t\t\t\t\t\t\t\t\n<style>\n#image_1993716690 {\n  width: 100%;\n}\n<\/style>\n\t<\/div>\n\t\n     <\/div>\n\n     <div class=\"loading-spin dark large centered\"><\/div>\n\n\t<\/div>\n\n\n<h3>BORD &#8211; SPIDER<\/h3>\n<p>Moderne, praktisk, innovativ og funktionel, l\u00f8sningen til indretning af dit hjem eller kontor.<br \/>\nTakket v\u00e6re den s\u00e6rlige <strong>struktur med hylde<\/strong> er dette konsolbord ogs\u00e5 perfekt til dem, der har brug for at arbejde hjemmefra.<br \/>\nNaturligt touch og elegante linjer er essensen af Spider-konsolbordet, der er <strong>komfortabelt<\/strong> og <strong>rummeligt<\/strong> takket v\u00e6re den anden hylde med sorte skillev\u00e6gge.<br \/>\nDette m\u00f8bel kan nemt integreres i et arbejdsv\u00e6relse, en stue, et sovev\u00e6relse eller et hvilket som helst andet hjemmemilj\u00f8.<\/p>\n<h3 class=\"av-special-heading-tag \">DESIGN PRODUKT<\/h3>\n<p>Det er udt\u00e6nkt og designet af designeren Chen Zhiyi, designdirekt\u00f8r for Morikawa Furniture.<br \/>\nZhiyi vandt en prestigefyldt pris p\u00e5 Shanghai International Furniture Exhibition og spiller en vigtig rolle p\u00e5 den globale interi\u00f8rdesignscene.<br \/>\n&#8220;Enkelhed, mode og milj\u00f8beskyttelse&#8221; er filosofien bag hans arbejde. <\/p>\n<h3 id=\"h-materiali-di-qualit\">MATERIALER AF H\u00d8J KVALITET<\/h3>\n<p>Materialevalg og sans for detaljen g\u00f8r Spider-konsolbordet til et m\u00f8bel med enkle linjer og h\u00f8j kvalitet.<br \/>\nBenene er i<strong> massivt b\u00f8getr\u00e6<\/strong> med en naturlig finish, pladerne i hvid <strong>MDF<\/strong> og samlingen mellem de to plader i sort polypropylen. <\/p>\n<h3 class=\"av-special-heading-tag \">PRODUKTETS DIMENSIONER<\/h3>\n<p>Spider-konsolbordet er den perfekte l\u00f8sning, hvis du er p\u00e5 udkig efter et bord, der giver dig mulighed for at optimere pladsen takket v\u00e6re dets dimensioner, der ogs\u00e5 g\u00f8r det velegnet i hjemmet til <strong>smart arbejde<\/strong> eller som <strong>computerbord<\/strong>.<\/p>\n<p>Produktet m\u00e5ler: &#8211; 120 cm i l\u00e6ngden &#8211; 70 cm i dybden &#8211; 75 cm i h\u00f8jden<\/p>\n<h3>PLEJE OG VEDLIGEHOLDELSE:<\/h3>\n<p>Test f\u00f8rst reng\u00f8ringsmidlerne for kompatibilitet p\u00e5 et ikke-synligt omr\u00e5de.<br \/>\nBrug aldrig reng\u00f8ringsmidler eller polermidler med slibende eller affedtende partikler.<br \/>\nT\u00f8r altid af med en fugtig klud og t\u00f8r efter.<\/p>\n\n\t<section class=\"section\" id=\"section_595392653\">\n\t\t<div class=\"section-bg fill\" >\n\t\t\t\t\t\t\t\t\t\n\t\t\t\n\n\t\t<\/div>\n\n\t\t\n\n\t\t<div class=\"section-content relative\">\n\t\t\t\n<div class=\"is-divider divider clearfix\" style=\"max-width:1000px;\"><\/div>\n<div class=\"row row-solid\"  id=\"row-1563632444\">\n\n\t<div id=\"col-1741295813\" class=\"col medium-3 small-12 large-3\"  >\n\t\t\t\t<div class=\"col-inner\"  >\n\t\t\t\n\t\t\t\n\n\t\t<div class=\"icon-box featured-box icon-box-center text-center\"  >\n\t\t\t\t\t<div class=\"icon-box-img\" style=\"width: 50px\">\n\t\t\t\t<div class=\"icon\">\n\t\t\t\t\t<div class=\"icon-inner\" >\n\t\t\t\t\t\t<img loading=\"lazy\" decoding=\"async\" width=\"128\" height=\"128\" src=\"https:\/\/static.formar.net\/wp-content\/uploads\/sites\/1\/2022\/10\/02111131\/2703076-128-1-1.png\" class=\"attachment-medium size-medium\" alt=\"\" srcset=\"https:\/\/static.formar.net\/wp-content\/uploads\/sites\/1\/2022\/10\/02111131\/2703076-128-1-1.png 128w, https:\/\/static.formar.net\/wp-content\/uploads\/sites\/1\/2022\/10\/02111131\/2703076-128-1-1-80x80.png 80w, https:\/\/static.formar.net\/wp-content\/uploads\/sites\/1\/2022\/10\/02111131\/2703076-128-1-1-100x100.png 100w, https:\/\/static.formar.net\/wp-content\/uploads\/sites\/1\/2022\/10\/02111131\/2703076-128-1-1-50x50.png 50w\" sizes=\"auto, (max-width: 128px) 100vw, 128px\" \/>\t\t\t\t\t<\/div>\n\t\t\t\t<\/div>\n\t\t\t<\/div>\n\t\t\t\t<div class=\"icon-box-text last-reset\">\n\t\t\t\t\t\t\t\t\t\n<h3>Kundeservice altid tilg\u00e6ngelig<\/h3>\n<p>Du kan n\u00e5 os via WhatsApp:  <a href=\"https:\/\/api.whatsapp.com\/send\/?phone=390715906063&amp;text&amp;type=phone_number&amp;app_absent=0\">+39 071 5906063<\/a><\/p>\n<p>Telefoniske bestillinger: <a href=\"tel:+39800122267\">800 122 267<\/a><\/p>\n\t\t<\/div>\n\t<\/div>\n\t\n\t\n\t\t<\/div>\n\t\t\t\t\t<\/div>\n\n\t\n\n\t<div id=\"col-61815692\" class=\"col medium-3 small-12 large-3\"  >\n\t\t\t\t<div class=\"col-inner\"  >\n\t\t\t\n\t\t\t\n\n\t\t<div class=\"icon-box featured-box icon-box-center text-center\"  >\n\t\t\t\t\t<div class=\"icon-box-img\" style=\"width: 50px\">\n\t\t\t\t<div class=\"icon\">\n\t\t\t\t\t<div class=\"icon-inner\" >\n\t\t\t\t\t\t<img loading=\"lazy\" decoding=\"async\" width=\"256\" height=\"256\" src=\"https:\/\/static.formar.net\/wp-content\/uploads\/sites\/1\/2022\/11\/02111117\/Icona-carta-di-credito.png\" class=\"attachment-medium size-medium\" alt=\"\" srcset=\"https:\/\/static.formar.net\/wp-content\/uploads\/sites\/1\/2022\/11\/02111117\/Icona-carta-di-credito.png 256w, https:\/\/static.formar.net\/wp-content\/uploads\/sites\/1\/2022\/11\/02111117\/Icona-carta-di-credito-80x80.png 80w, https:\/\/static.formar.net\/wp-content\/uploads\/sites\/1\/2022\/11\/02111117\/Icona-carta-di-credito-100x100.png 100w, https:\/\/static.formar.net\/wp-content\/uploads\/sites\/1\/2022\/11\/02111117\/Icona-carta-di-credito-50x50.png 50w\" sizes=\"auto, (max-width: 256px) 100vw, 256px\" \/>\t\t\t\t\t<\/div>\n\t\t\t\t<\/div>\n\t\t\t<\/div>\n\t\t\t\t<div class=\"icon-box-text last-reset\">\n\t\t\t\t\t\t\t\t\t\n<h3>V\u00e6lg betalingsform<\/h3>\n<p>Betaling via Paypal, kreditkort, kontanter eller Bancomat (p\u00e5 stedet) og kontant ved levering<\/p>\n\t\t<\/div>\n\t<\/div>\n\t\n\t\n\t\t<\/div>\n\t\t\t\t\t<\/div>\n\n\t\n\n\t<div id=\"col-1062968049\" class=\"col medium-3 small-12 large-3\"  >\n\t\t\t\t<div class=\"col-inner\"  >\n\t\t\t\n\t\t\t\n\n\t\t<div class=\"icon-box featured-box icon-box-center text-center\"  >\n\t\t\t\t\t<div class=\"icon-box-img\" style=\"width: 50px\">\n\t\t\t\t<div class=\"icon\">\n\t\t\t\t\t<div class=\"icon-inner\" >\n\t\t\t\t\t\t<img loading=\"lazy\" decoding=\"async\" width=\"128\" height=\"128\" src=\"https:\/\/static.formar.net\/wp-content\/uploads\/sites\/1\/2022\/10\/02111130\/3669335-128-1.png\" class=\"attachment-medium size-medium\" alt=\"\" srcset=\"https:\/\/static.formar.net\/wp-content\/uploads\/sites\/1\/2022\/10\/02111130\/3669335-128-1.png 128w, https:\/\/static.formar.net\/wp-content\/uploads\/sites\/1\/2022\/10\/02111130\/3669335-128-1-80x80.png 80w, https:\/\/static.formar.net\/wp-content\/uploads\/sites\/1\/2022\/10\/02111130\/3669335-128-1-100x100.png 100w, https:\/\/static.formar.net\/wp-content\/uploads\/sites\/1\/2022\/10\/02111130\/3669335-128-1-50x50.png 50w\" sizes=\"auto, (max-width: 128px) 100vw, 128px\" \/>\t\t\t\t\t<\/div>\n\t\t\t\t<\/div>\n\t\t\t<\/div>\n\t\t\t\t<div class=\"icon-box-text last-reset\">\n\t\t\t\t\t\t\t\t\t\n<h3>Nem og ubekymret returnering<\/h3>\n<p>I tilf\u00e6lde af problemer organiserer vi afhentning direkte p\u00e5 din adresse.<a href=\"https:\/\/formar.shop\/da\/regler-for-returnering\/\">(Flere detaljer)<\/a>.<\/p>\n\t\t<\/div>\n\t<\/div>\n\t\n\t\n\t\t<\/div>\n\t\t\t\t\t<\/div>\n\n\t\n\n\t<div id=\"col-660516835\" class=\"col medium-3 small-12 large-3\"  >\n\t\t\t\t<div class=\"col-inner\"  >\n\t\t\t\n\t\t\t\n\n\t\t<div class=\"icon-box featured-box icon-box-center text-center\"  >\n\t\t\t\t\t<div class=\"icon-box-img\" style=\"width: 50px\">\n\t\t\t\t<div class=\"icon\">\n\t\t\t\t\t<div class=\"icon-inner\" >\n\t\t\t\t\t\t<img loading=\"lazy\" decoding=\"async\" width=\"128\" height=\"128\" src=\"https:\/\/static.formar.net\/wp-content\/uploads\/sites\/1\/2022\/10\/02111130\/5959201-128-1.png\" class=\"attachment-medium size-medium\" alt=\"\" srcset=\"https:\/\/static.formar.net\/wp-content\/uploads\/sites\/1\/2022\/10\/02111130\/5959201-128-1.png 128w, https:\/\/static.formar.net\/wp-content\/uploads\/sites\/1\/2022\/10\/02111130\/5959201-128-1-80x80.png 80w, https:\/\/static.formar.net\/wp-content\/uploads\/sites\/1\/2022\/10\/02111130\/5959201-128-1-100x100.png 100w, https:\/\/static.formar.net\/wp-content\/uploads\/sites\/1\/2022\/10\/02111130\/5959201-128-1-50x50.png 50w\" sizes=\"auto, (max-width: 128px) 100vw, 128px\" \/>\t\t\t\t\t<\/div>\n\t\t\t\t<\/div>\n\t\t\t<\/div>\n\t\t\t\t<div class=\"icon-box-text last-reset\">\n\t\t\t\t\t\t\t\t\t\n<h3>Producentens garanti og reservedele<\/h3>\n<p>Alle vores produkter leveres med vores garanti. For mange produkter garanterer vi reservedele i samme periode.<\/p>\n\t\t<\/div>\n\t<\/div>\n\t\n\t\n\t\t<\/div>\n\t\t\t\t\t<\/div>\n\n\t\n\n<style>\n#row-1563632444 > .col > .col-inner {\n  padding: 20px 20px 20px 20px;\n}\n<\/style>\n<\/div>\n\t\t<\/div>\n\n\t\t\n<style>\n#section_595392653 {\n  padding-top: 30px;\n  padding-bottom: 30px;\n}\n<\/style>\n\t<\/section>\n\t\n","protected":false},"excerpt":{"rendered":"<p>Spider-konsolbordet er udt\u00e6nkt og designet af designeren CHEN ZHIYI og er perfekt som computerskrivebord og hjemmekontor.<br \/>\nFinishen er ekstremt pr\u00e6cis takket v\u00e6re valget af kvalitetsmaterialer: naturligt massivt b\u00f8getr\u00e6 til benene, hvid MDF til hylderne og sort MDF til sammenf\u00f8jningsdelene.<br \/>\nDet er hurtigt og nemt at samle.  <\/p>\n","protected":false},"featured_media":44554,"template":"","meta":{"_joinchat":[]},"product_brand":[],"product_cat":[1603,1602],"product_tag":[],"class_list":{"0":"post-44553","1":"product","2":"type-product","3":"status-publish","4":"has-post-thumbnail","6":"product_cat-borde-og-sofaborde","7":"product_cat-hjem","9":"first","10":"instock","11":"taxable","12":"shipping-taxable","13":"purchasable","14":"product-type-simple"},"yoast_head":"<!-- This site is optimized with the Yoast SEO plugin v27.4 - https:\/\/yoast.com\/product\/yoast-seo-wordpress\/ -->\n<title>Konsolbord - Spider - Formar.shop<\/title>\n<meta name=\"robots\" content=\"index, follow, max-snippet:-1, max-image-preview:large, max-video-preview:-1\" \/>\n<link rel=\"canonical\" href=\"https:\/\/formar.shop\/da\/prodotto\/konsolbord-spider\/\" \/>\n<script type=\"application\/ld+json\" class=\"yoast-schema-graph\">{\"@context\":\"https:\\\/\\\/schema.org\",\"@graph\":[{\"@type\":\"WebPage\",\"@id\":\"https:\\\/\\\/formar.shop\\\/da\\\/prodotto\\\/konsolbord-spider\\\/\",\"url\":\"https:\\\/\\\/formar.shop\\\/da\\\/prodotto\\\/konsolbord-spider\\\/\",\"name\":\"Konsolbord - Spider - Formar.shop\",\"isPartOf\":{\"@id\":\"https:\\\/\\\/formar.shop\\\/da\\\/#website\"},\"primaryImageOfPage\":{\"@id\":\"https:\\\/\\\/formar.shop\\\/da\\\/prodotto\\\/konsolbord-spider\\\/#primaryimage\"},\"image\":{\"@id\":\"https:\\\/\\\/formar.shop\\\/da\\\/prodotto\\\/konsolbord-spider\\\/#primaryimage\"},\"thumbnailUrl\":\"https:\\\/\\\/static.formar.net\\\/wp-content\\\/uploads\\\/2020\\\/12\\\/04172727\\\/Immagini-di-prodotto-x-Amazon-08.png\",\"datePublished\":\"2025-01-18T20:24:55+00:00\",\"dateModified\":\"2025-01-18T20:25:08+00:00\",\"breadcrumb\":{\"@id\":\"https:\\\/\\\/formar.shop\\\/da\\\/prodotto\\\/konsolbord-spider\\\/#breadcrumb\"},\"inLanguage\":\"da-DK\",\"potentialAction\":[{\"@type\":\"ReadAction\",\"target\":[\"https:\\\/\\\/formar.shop\\\/da\\\/prodotto\\\/konsolbord-spider\\\/\"]}]},{\"@type\":\"ImageObject\",\"inLanguage\":\"da-DK\",\"@id\":\"https:\\\/\\\/formar.shop\\\/da\\\/prodotto\\\/konsolbord-spider\\\/#primaryimage\",\"url\":\"https:\\\/\\\/static.formar.net\\\/wp-content\\\/uploads\\\/2020\\\/12\\\/04172727\\\/Immagini-di-prodotto-x-Amazon-08.png\",\"contentUrl\":\"https:\\\/\\\/static.formar.net\\\/wp-content\\\/uploads\\\/2020\\\/12\\\/04172727\\\/Immagini-di-prodotto-x-Amazon-08.png\",\"width\":1001,\"height\":1001},{\"@type\":\"BreadcrumbList\",\"@id\":\"https:\\\/\\\/formar.shop\\\/da\\\/prodotto\\\/konsolbord-spider\\\/#breadcrumb\",\"itemListElement\":[{\"@type\":\"ListItem\",\"position\":1,\"name\":\"Home\",\"item\":\"https:\\\/\\\/formar.shop\\\/da\\\/automatisk-udkast\\\/\"},{\"@type\":\"ListItem\",\"position\":2,\"name\":\"Butik\",\"item\":\"https:\\\/\\\/formar.shop\\\/da\\\/butik\\\/\"},{\"@type\":\"ListItem\",\"position\":3,\"name\":\"Konsolbord &#8211; Spider\"}]},{\"@type\":\"WebSite\",\"@id\":\"https:\\\/\\\/formar.shop\\\/da\\\/#website\",\"url\":\"https:\\\/\\\/formar.shop\\\/da\\\/\",\"name\":\"Formar.shop\",\"description\":\"Soluzioni espresse con stile\",\"potentialAction\":[{\"@type\":\"SearchAction\",\"target\":{\"@type\":\"EntryPoint\",\"urlTemplate\":\"https:\\\/\\\/formar.shop\\\/da\\\/?s={search_term_string}\"},\"query-input\":{\"@type\":\"PropertyValueSpecification\",\"valueRequired\":true,\"valueName\":\"search_term_string\"}}],\"inLanguage\":\"da-DK\"}]}<\/script>\n<!-- \/ Yoast SEO plugin. -->","yoast_head_json":{"title":"Konsolbord - Spider - Formar.shop","robots":{"index":"index","follow":"follow","max-snippet":"max-snippet:-1","max-image-preview":"max-image-preview:large","max-video-preview":"max-video-preview:-1"},"canonical":"https:\/\/formar.shop\/da\/prodotto\/konsolbord-spider\/","schema":{"@context":"https:\/\/schema.org","@graph":[{"@type":"WebPage","@id":"https:\/\/formar.shop\/da\/prodotto\/konsolbord-spider\/","url":"https:\/\/formar.shop\/da\/prodotto\/konsolbord-spider\/","name":"Konsolbord - Spider - Formar.shop","isPartOf":{"@id":"https:\/\/formar.shop\/da\/#website"},"primaryImageOfPage":{"@id":"https:\/\/formar.shop\/da\/prodotto\/konsolbord-spider\/#primaryimage"},"image":{"@id":"https:\/\/formar.shop\/da\/prodotto\/konsolbord-spider\/#primaryimage"},"thumbnailUrl":"https:\/\/static.formar.net\/wp-content\/uploads\/2020\/12\/04172727\/Immagini-di-prodotto-x-Amazon-08.png","datePublished":"2025-01-18T20:24:55+00:00","dateModified":"2025-01-18T20:25:08+00:00","breadcrumb":{"@id":"https:\/\/formar.shop\/da\/prodotto\/konsolbord-spider\/#breadcrumb"},"inLanguage":"da-DK","potentialAction":[{"@type":"ReadAction","target":["https:\/\/formar.shop\/da\/prodotto\/konsolbord-spider\/"]}]},{"@type":"ImageObject","inLanguage":"da-DK","@id":"https:\/\/formar.shop\/da\/prodotto\/konsolbord-spider\/#primaryimage","url":"https:\/\/static.formar.net\/wp-content\/uploads\/2020\/12\/04172727\/Immagini-di-prodotto-x-Amazon-08.png","contentUrl":"https:\/\/static.formar.net\/wp-content\/uploads\/2020\/12\/04172727\/Immagini-di-prodotto-x-Amazon-08.png","width":1001,"height":1001},{"@type":"BreadcrumbList","@id":"https:\/\/formar.shop\/da\/prodotto\/konsolbord-spider\/#breadcrumb","itemListElement":[{"@type":"ListItem","position":1,"name":"Home","item":"https:\/\/formar.shop\/da\/automatisk-udkast\/"},{"@type":"ListItem","position":2,"name":"Butik","item":"https:\/\/formar.shop\/da\/butik\/"},{"@type":"ListItem","position":3,"name":"Konsolbord &#8211; Spider"}]},{"@type":"WebSite","@id":"https:\/\/formar.shop\/da\/#website","url":"https:\/\/formar.shop\/da\/","name":"Formar.shop","description":"Soluzioni espresse con stile","potentialAction":[{"@type":"SearchAction","target":{"@type":"EntryPoint","urlTemplate":"https:\/\/formar.shop\/da\/?s={search_term_string}"},"query-input":{"@type":"PropertyValueSpecification","valueRequired":true,"valueName":"search_term_string"}}],"inLanguage":"da-DK"}]}},"_links":{"self":[{"href":"https:\/\/formar.shop\/da\/wp-json\/wp\/v2\/product\/44553","targetHints":{"allow":["GET"]}}],"collection":[{"href":"https:\/\/formar.shop\/da\/wp-json\/wp\/v2\/product"}],"about":[{"href":"https:\/\/formar.shop\/da\/wp-json\/wp\/v2\/types\/product"}],"wp:featuredmedia":[{"embeddable":true,"href":"https:\/\/formar.shop\/da\/wp-json\/wp\/v2\/media\/44554"}],"wp:attachment":[{"href":"https:\/\/formar.shop\/da\/wp-json\/wp\/v2\/media?parent=44553"}],"wp:term":[{"taxonomy":"product_brand","embeddable":true,"href":"https:\/\/formar.shop\/da\/wp-json\/wp\/v2\/product_brand?post=44553"},{"taxonomy":"product_cat","embeddable":true,"href":"https:\/\/formar.shop\/da\/wp-json\/wp\/v2\/product_cat?post=44553"},{"taxonomy":"product_tag","embeddable":true,"href":"https:\/\/formar.shop\/da\/wp-json\/wp\/v2\/product_tag?post=44553"}],"curies":[{"name":"wp","href":"https:\/\/api.w.org\/{rel}","templated":true}]}}