{"id":44426,"date":"2022-10-01T17:52:49","date_gmt":"2025-01-18T20:23:53","guid":{"rendered":"https:\/\/formar.shop\/prodotto\/par-polstrede-saede-og-ryghynder-til-baenk\/"},"modified":"2025-11-18T10:46:14","modified_gmt":"2025-11-18T09:46:14","slug":"par-polstrede-saede-og-ryghynder-til-baenk","status":"publish","type":"product","link":"https:\/\/formar.shop\/da\/prodotto\/par-polstrede-saede-og-ryghynder-til-baenk\/","title":{"rendered":"Par polstrede s\u00e6de- og ryghynder til b\u00e6nk"},"content":{"rendered":"\t<div id=\"gap-741284336\" class=\"gap-element clearfix\" style=\"display:block; height:auto;\">\n\t\t\n<style>\n#gap-741284336 {\n  padding-top: 30px;\n}\n<\/style>\n\t<\/div>\n\t\n\t<div id=\"text-1405781119\" class=\"text\">\n\t\t\n<h3><span style=\"color: #3b3b00;\">Par af polstrede puder i brandh\u00e6mmende kunstl\u00e6der klasse 1\/IM<\/span><\/h3>\n<\/p>\n\t\t\n<style>\n#text-1405781119 {\n  font-size: 1.9rem;\n  line-height: 1;\n  text-align: center;\n  color: #85d782;\n}\n#text-1405781119 > * {\n  color: #85d782;\n}\n@media (min-width:550px) {\n  #text-1405781119 {\n    line-height: 0.75;\n  }\n}\n<\/style>\n\t<\/div>\n\t\n<div class=\"row\"  id=\"row-1264963892\">\n\n\t<div id=\"col-1918908182\" class=\"col small-12 large-12\"  >\n\t\t\t\t<div class=\"col-inner text-left\"  >\n\t\t\t\n\t\t\t\n\n\t<section class=\"section\" id=\"section_2043637054\">\n\t\t<div class=\"section-bg fill\" >\n\t\t\t\t\t\t\t\t\t\n\t\t\t\n\t<div class=\"is-border\"\n\t\tstyle=\"border-width:0px 0px 0px 0px;margin:0px 0px 0px 0px;\">\n\t<\/div>\n\n\t\t<\/div>\n\n\t\t\n\n\t\t<div class=\"section-content relative\">\n\t\t\t\n<div class=\"row row-large row-full-width align-right\"  id=\"row-84477954\">\n\n\t<div id=\"col-1548724241\" class=\"col medium-5 small-12 large-5\"  >\n\t\t\t\t<div class=\"col-inner\"  >\n\t\t\t\n\t\t\t\n\t<div class=\"img has-hover x md-x lg-x y md-y lg-y\" id=\"image_725248589\">\n\t\t\t\t\t\t\t\t<div class=\"img-inner dark\" >\n\t\t\t<img loading=\"lazy\" decoding=\"async\" width=\"974\" height=\"1030\" src=\"https:\/\/static.formar.net\/wp-content\/uploads\/sites\/1\/2023\/08\/02110703\/Sedile-Imbottito-per-panche-acciaio_Insiem-Sfuocato_coppia--974x1030.jpg\" class=\"attachment-large size-large\" alt=\"\" srcset=\"https:\/\/static.formar.net\/wp-content\/uploads\/sites\/1\/2023\/08\/02110703\/Sedile-Imbottito-per-panche-acciaio_Insiem-Sfuocato_coppia--974x1030.jpg 974w, https:\/\/static.formar.net\/wp-content\/uploads\/sites\/1\/2023\/08\/02110703\/Sedile-Imbottito-per-panche-acciaio_Insiem-Sfuocato_coppia--284x300.jpg 284w, https:\/\/static.formar.net\/wp-content\/uploads\/sites\/1\/2023\/08\/02110703\/Sedile-Imbottito-per-panche-acciaio_Insiem-Sfuocato_coppia--768x812.jpg 768w, https:\/\/static.formar.net\/wp-content\/uploads\/sites\/1\/2023\/08\/02110703\/Sedile-Imbottito-per-panche-acciaio_Insiem-Sfuocato_coppia--1453x1536.jpg 1453w, https:\/\/static.formar.net\/wp-content\/uploads\/sites\/1\/2023\/08\/02110703\/Sedile-Imbottito-per-panche-acciaio_Insiem-Sfuocato_coppia--1937x2048.jpg 1937w, https:\/\/static.formar.net\/wp-content\/uploads\/sites\/1\/2023\/08\/02110703\/Sedile-Imbottito-per-panche-acciaio_Insiem-Sfuocato_coppia--510x539.jpg 510w\" sizes=\"auto, (max-width: 974px) 100vw, 974px\" \/>\t\t\t\t\t\t\n\t\t\t\t\t<\/div>\n\t\t\t\t\t\t\t\t\n<style>\n#image_725248589 {\n  width: 100%;\n}\n<\/style>\n\t<\/div>\n\t\n\t\t<\/div>\n\t\t\t\t\t<\/div>\n\n\t\n\n\t<div id=\"col-128380592\" class=\"col medium-7 small-12 large-7\"  >\n\t\t\t\t<div class=\"col-inner\"  >\n\t\t\t\n\t\t\t\n<h3><span style=\"color: #808080;\">Funktioner  <\/span><\/h3>\n<ul>\n<li><span style=\"color: #808080;\">12 mm tykt buet krydsfiner underlag polstret med formstabilt skum og betrukket med <strong>brandh\u00e6mmende kunstl\u00e6der<\/strong> <strong>klasse 1\/IM<\/strong><\/span><\/li>\n<li><span style=\"color: #808080;\">Hynderne er fastgjort med skruer til s\u00e6de og ryg p\u00e5 2-, 3-, 4- og 5-personers b\u00e6nke.<\/span><\/li>\n<li><span style=\"color: #808080;\">Skr\u00e5 kanter<\/span><\/li>\n<li><span style=\"color: #808080;\">S\u00e6lges parvis (1 pr. rygl\u00e6n, 1 pr. s\u00e6de)<\/span><\/li>\n<li><span style=\"color: #808080;\">M\u00e5l cm B 47 x D 38 x H 4<\/span><\/li>\n<li><span style=\"color: #808080;\">V\u00e6gt p\u00e5 den enkelte pude 1 kg (2 kg for parret)<\/span><\/li>\n<li><span style=\"color: #808080;\">Passer til alle modeller af Formar Shop-b\u00e6nke<\/span><\/li>\n<\/ul>\n\t\t<\/div>\n\t\t\t\t\t<\/div>\n\n\t\n<\/p>\n<\/div>\n\t\t<\/div>\n\n\t\t\n<style>\n#section_2043637054 {\n  padding-top: 0px;\n  padding-bottom: 0px;\n  margin-bottom: 0px;\n  min-height: 400px;\n}\n@media (min-width:550px) {\n  #section_2043637054 {\n    min-height: 0px;\n  }\n}\n<\/style>\n\t<\/section>\n\t\n<p>PLEJE OG VEDLIGEHOLDELSE:<\/p>\n<p>T\u00f8r af med en klud fugtet med lunkent vand og et neutralt reng\u00f8ringsmiddel.<\/p>\n\t\t<\/div>\n\t\t\t\t\t<\/div>\n\n\t\n<\/div>\n<\/p>\n\n\t<section class=\"section\" id=\"section_525044567\">\n\t\t<div class=\"section-bg fill\" >\n\t\t\t\t\t\t\t\t\t\n\t\t\t\n\n\t\t<\/div>\n\n\t\t\n\n\t\t<div class=\"section-content relative\">\n\t\t\t\n<div class=\"is-divider divider clearfix\" style=\"max-width:1000px;\"><\/div>\n<div class=\"row row-solid\"  id=\"row-845650191\">\n\n\t<div id=\"col-1415195870\" class=\"col medium-3 small-12 large-3\"  >\n\t\t\t\t<div class=\"col-inner\"  >\n\t\t\t\n\t\t\t\n\n\t\t<div class=\"icon-box featured-box icon-box-center text-center\"  >\n\t\t\t\t\t<div class=\"icon-box-img\" style=\"width: 50px\">\n\t\t\t\t<div class=\"icon\">\n\t\t\t\t\t<div class=\"icon-inner\" >\n\t\t\t\t\t\t<img loading=\"lazy\" decoding=\"async\" width=\"128\" height=\"128\" src=\"https:\/\/static.formar.net\/wp-content\/uploads\/sites\/1\/2022\/10\/02111131\/2703076-128-1-1.png\" class=\"attachment-medium size-medium\" alt=\"\" srcset=\"https:\/\/static.formar.net\/wp-content\/uploads\/sites\/1\/2022\/10\/02111131\/2703076-128-1-1.png 128w, https:\/\/static.formar.net\/wp-content\/uploads\/sites\/1\/2022\/10\/02111131\/2703076-128-1-1-80x80.png 80w, https:\/\/static.formar.net\/wp-content\/uploads\/sites\/1\/2022\/10\/02111131\/2703076-128-1-1-100x100.png 100w, https:\/\/static.formar.net\/wp-content\/uploads\/sites\/1\/2022\/10\/02111131\/2703076-128-1-1-50x50.png 50w\" sizes=\"auto, (max-width: 128px) 100vw, 128px\" \/>\t\t\t\t\t<\/div>\n\t\t\t\t<\/div>\n\t\t\t<\/div>\n\t\t\t\t<div class=\"icon-box-text last-reset\">\n\t\t\t\t\t\t\t\t\t\n<h3>Kundeservice altid tilg\u00e6ngelig<\/h3>\n<p>Du kan kontakte os via WhatsApp: <a href=\"https:\/\/api.whatsapp.com\/send\/?phone=390715906063&amp;text&amp;type=phone_number&amp;app_absent=0\">+39 071 5906063<\/a><\/p>\n<p>Telefoniske bestillinger: <a href=\"tel:+39800122267\">800 122 267<\/a><\/p>\n\t\t<\/div>\n\t<\/div>\n\t\n\t\n\t\t<\/div>\n\t\t\t\t\t<\/div>\n\n\t\n<\/p>\n\n\t<div id=\"col-1836159372\" class=\"col medium-3 small-12 large-3\"  >\n\t\t\t\t<div class=\"col-inner\"  >\n\t\t\t\n\t\t\t\n\n\t\t<div class=\"icon-box featured-box icon-box-center text-center\"  >\n\t\t\t\t\t<div class=\"icon-box-img\" style=\"width: 50px\">\n\t\t\t\t<div class=\"icon\">\n\t\t\t\t\t<div class=\"icon-inner\" >\n\t\t\t\t\t\t<img loading=\"lazy\" decoding=\"async\" width=\"256\" height=\"256\" src=\"https:\/\/static.formar.net\/wp-content\/uploads\/sites\/1\/2022\/11\/02111117\/Icona-carta-di-credito.png\" class=\"attachment-medium size-medium\" alt=\"\" srcset=\"https:\/\/static.formar.net\/wp-content\/uploads\/sites\/1\/2022\/11\/02111117\/Icona-carta-di-credito.png 256w, https:\/\/static.formar.net\/wp-content\/uploads\/sites\/1\/2022\/11\/02111117\/Icona-carta-di-credito-80x80.png 80w, https:\/\/static.formar.net\/wp-content\/uploads\/sites\/1\/2022\/11\/02111117\/Icona-carta-di-credito-100x100.png 100w, https:\/\/static.formar.net\/wp-content\/uploads\/sites\/1\/2022\/11\/02111117\/Icona-carta-di-credito-50x50.png 50w\" sizes=\"auto, (max-width: 256px) 100vw, 256px\" \/>\t\t\t\t\t<\/div>\n\t\t\t\t<\/div>\n\t\t\t<\/div>\n\t\t\t\t<div class=\"icon-box-text last-reset\">\n\t\t\t\t\t\t\t\t\t\n<h3>V\u00e6lg betalingsform<\/h3>\n<p>Betaling via Paypal, kreditkort, kontanter eller Bancomat (p\u00e5 stedet) og kontant ved levering<\/p>\n\t\t<\/div>\n\t<\/div>\n\t\n\t\n\t\t<\/div>\n\t\t\t\t\t<\/div>\n\n\t\n<\/p>\n\n\t<div id=\"col-480156485\" class=\"col medium-3 small-12 large-3\"  >\n\t\t\t\t<div class=\"col-inner\"  >\n\t\t\t\n\t\t\t\n\n\t\t<div class=\"icon-box featured-box icon-box-center text-center\"  >\n\t\t\t\t\t<div class=\"icon-box-img\" style=\"width: 50px\">\n\t\t\t\t<div class=\"icon\">\n\t\t\t\t\t<div class=\"icon-inner\" >\n\t\t\t\t\t\t<img loading=\"lazy\" decoding=\"async\" width=\"128\" height=\"128\" src=\"https:\/\/static.formar.net\/wp-content\/uploads\/sites\/1\/2022\/10\/02111130\/3669335-128-1.png\" class=\"attachment-medium size-medium\" alt=\"\" srcset=\"https:\/\/static.formar.net\/wp-content\/uploads\/sites\/1\/2022\/10\/02111130\/3669335-128-1.png 128w, https:\/\/static.formar.net\/wp-content\/uploads\/sites\/1\/2022\/10\/02111130\/3669335-128-1-80x80.png 80w, https:\/\/static.formar.net\/wp-content\/uploads\/sites\/1\/2022\/10\/02111130\/3669335-128-1-100x100.png 100w, https:\/\/static.formar.net\/wp-content\/uploads\/sites\/1\/2022\/10\/02111130\/3669335-128-1-50x50.png 50w\" sizes=\"auto, (max-width: 128px) 100vw, 128px\" \/>\t\t\t\t\t<\/div>\n\t\t\t\t<\/div>\n\t\t\t<\/div>\n\t\t\t\t<div class=\"icon-box-text last-reset\">\n\t\t\t\t\t\t\t\t\t\n<h3>Nem og ubekymret returnering<\/h3>\n<p>I tilf\u00e6lde af problemer organiserer vi afhentning direkte p\u00e5 din adresse.<a href=\"https:\/\/formar.shop\/da\/regler-for-returnering\/\">(Flere detaljer)<\/a>.<\/p>\n\t\t<\/div>\n\t<\/div>\n\t\n\t\n\t\t<\/div>\n\t\t\t\t\t<\/div>\n\n\t\n<\/p>\n\n\t<div id=\"col-868170117\" class=\"col medium-3 small-12 large-3\"  >\n\t\t\t\t<div class=\"col-inner\"  >\n\t\t\t\n\t\t\t\n\n\t\t<div class=\"icon-box featured-box icon-box-center text-center\"  >\n\t\t\t\t\t<div class=\"icon-box-img\" style=\"width: 50px\">\n\t\t\t\t<div class=\"icon\">\n\t\t\t\t\t<div class=\"icon-inner\" >\n\t\t\t\t\t\t<img loading=\"lazy\" decoding=\"async\" width=\"128\" height=\"128\" src=\"https:\/\/static.formar.net\/wp-content\/uploads\/sites\/1\/2022\/10\/02111130\/5959201-128-1.png\" class=\"attachment-medium size-medium\" alt=\"\" srcset=\"https:\/\/static.formar.net\/wp-content\/uploads\/sites\/1\/2022\/10\/02111130\/5959201-128-1.png 128w, https:\/\/static.formar.net\/wp-content\/uploads\/sites\/1\/2022\/10\/02111130\/5959201-128-1-80x80.png 80w, https:\/\/static.formar.net\/wp-content\/uploads\/sites\/1\/2022\/10\/02111130\/5959201-128-1-100x100.png 100w, https:\/\/static.formar.net\/wp-content\/uploads\/sites\/1\/2022\/10\/02111130\/5959201-128-1-50x50.png 50w\" sizes=\"auto, (max-width: 128px) 100vw, 128px\" \/>\t\t\t\t\t<\/div>\n\t\t\t\t<\/div>\n\t\t\t<\/div>\n\t\t\t\t<div class=\"icon-box-text last-reset\">\n\t\t\t\t\t\t\t\t\t\n<h3>Producentens garanti og reservedele<\/h3>\n<p>Alle vores produkter leveres med vores garanti. For mange produkter garanterer vi reservedele i samme periode. <\/p>\n\t\t<\/div>\n\t<\/div>\n\t\n\t\n\t\t<\/div>\n\t\t\t\t\t<\/div>\n\n\t\n\n<style>\n#row-845650191 > .col > .col-inner {\n  padding: 20px 20px 20px 20px;\n}\n<\/style>\n<\/div>\n\t\t<\/div>\n\n\t\t\n<style>\n#section_525044567 {\n  padding-top: 30px;\n  padding-bottom: 30px;\n}\n<\/style>\n\t<\/section>\n\t\n","protected":false},"excerpt":{"rendered":"<p>12 mm tykt buet krydsfiner underlag, polstret med formstabilt skum og betrukket med brandh\u00e6mmende kunstl\u00e6der klasse 1\/IM. Puderne fastg\u00f8res med skruer til s\u00e6det og rygl\u00e6net p\u00e5 b\u00e6nke med 2, 3, 4 og 5 pladser. Afrundede kanter. S\u00e6lges parvis (1 stk. til rygl\u00e6n, 1 stk. til s\u00e6de)<br \/>Passer til alle Formar Shop b\u00e6nkemodeller.   <\/p>\n","protected":false},"featured_media":51604,"template":"","meta":{"_joinchat":[]},"product_brand":[],"product_cat":[1402,1573],"product_tag":[],"class_list":{"0":"post-44426","1":"product","2":"type-product","3":"status-publish","4":"has-post-thumbnail","6":"product_cat-kontor-da","7":"product_cat-siddepladser-i-ventevaerelset","9":"first","10":"instock","11":"taxable","12":"shipping-taxable","13":"purchasable","14":"product-type-variable","15":"has-default-attributes"},"yoast_head":"<!-- This site is optimized with the Yoast SEO plugin v27.3 - https:\/\/yoast.com\/product\/yoast-seo-wordpress\/ -->\n<title>Par polstrede s\u00e6de- og ryghynder til b\u00e6nk - Formar.shop<\/title>\n<meta name=\"description\" content=\"12 mm tykt buet krydsfiner underlag, polstret med formstabilt skum og betrukket med brandh\u00e6mmende sort kunstl\u00e6der. Puderne fastg\u00f8res med skruer til s\u00e6det og rygl\u00e6net p\u00e5 b\u00e6nke med 2, 3, 4 og 5 pladser. Afrundede kanter. S\u00e6lges parvis (1 stk. til rygl\u00e6n, 1 stk. til s\u00e6de) Passer til alle Formar Shop b\u00e6nkemodeller.\" \/>\n<meta name=\"robots\" content=\"index, follow, max-snippet:-1, max-image-preview:large, max-video-preview:-1\" \/>\n<link rel=\"canonical\" href=\"https:\/\/formar.shop\/da\/prodotto\/par-polstrede-saede-og-ryghynder-til-baenk\/\" \/>\n<script type=\"application\/ld+json\" class=\"yoast-schema-graph\">{\"@context\":\"https:\\\/\\\/schema.org\",\"@graph\":[{\"@type\":\"WebPage\",\"@id\":\"https:\\\/\\\/formar.shop\\\/da\\\/prodotto\\\/par-polstrede-saede-og-ryghynder-til-baenk\\\/\",\"url\":\"https:\\\/\\\/formar.shop\\\/da\\\/prodotto\\\/par-polstrede-saede-og-ryghynder-til-baenk\\\/\",\"name\":\"Par polstrede s\u00e6de- og ryghynder til b\u00e6nk - Formar.shop\",\"isPartOf\":{\"@id\":\"https:\\\/\\\/formar.shop\\\/da\\\/#website\"},\"primaryImageOfPage\":{\"@id\":\"https:\\\/\\\/formar.shop\\\/da\\\/prodotto\\\/par-polstrede-saede-og-ryghynder-til-baenk\\\/#primaryimage\"},\"image\":{\"@id\":\"https:\\\/\\\/formar.shop\\\/da\\\/prodotto\\\/par-polstrede-saede-og-ryghynder-til-baenk\\\/#primaryimage\"},\"thumbnailUrl\":\"https:\\\/\\\/static.formar.net\\\/wp-content\\\/uploads\\\/sites\\\/1\\\/2022\\\/10\\\/20143243\\\/Sedile-Imbottito-per-panche-acciaio_Insiem-Sfuocato_coppia-_scontornata.png\",\"datePublished\":\"2025-01-18T20:23:53+00:00\",\"dateModified\":\"2025-11-18T09:46:14+00:00\",\"description\":\"12 mm tykt buet krydsfiner underlag, polstret med formstabilt skum og betrukket med brandh\u00e6mmende sort kunstl\u00e6der. Puderne fastg\u00f8res med skruer til s\u00e6det og rygl\u00e6net p\u00e5 b\u00e6nke med 2, 3, 4 og 5 pladser. Afrundede kanter. S\u00e6lges parvis (1 stk. til rygl\u00e6n, 1 stk. til s\u00e6de) Passer til alle Formar Shop b\u00e6nkemodeller.\",\"breadcrumb\":{\"@id\":\"https:\\\/\\\/formar.shop\\\/da\\\/prodotto\\\/par-polstrede-saede-og-ryghynder-til-baenk\\\/#breadcrumb\"},\"inLanguage\":\"da-DK\",\"potentialAction\":[{\"@type\":\"ReadAction\",\"target\":[\"https:\\\/\\\/formar.shop\\\/da\\\/prodotto\\\/par-polstrede-saede-og-ryghynder-til-baenk\\\/\"]}]},{\"@type\":\"ImageObject\",\"inLanguage\":\"da-DK\",\"@id\":\"https:\\\/\\\/formar.shop\\\/da\\\/prodotto\\\/par-polstrede-saede-og-ryghynder-til-baenk\\\/#primaryimage\",\"url\":\"https:\\\/\\\/static.formar.net\\\/wp-content\\\/uploads\\\/sites\\\/1\\\/2022\\\/10\\\/20143243\\\/Sedile-Imbottito-per-panche-acciaio_Insiem-Sfuocato_coppia-_scontornata.png\",\"contentUrl\":\"https:\\\/\\\/static.formar.net\\\/wp-content\\\/uploads\\\/sites\\\/1\\\/2022\\\/10\\\/20143243\\\/Sedile-Imbottito-per-panche-acciaio_Insiem-Sfuocato_coppia-_scontornata.png\",\"width\":894,\"height\":894},{\"@type\":\"BreadcrumbList\",\"@id\":\"https:\\\/\\\/formar.shop\\\/da\\\/prodotto\\\/par-polstrede-saede-og-ryghynder-til-baenk\\\/#breadcrumb\",\"itemListElement\":[{\"@type\":\"ListItem\",\"position\":1,\"name\":\"Home\",\"item\":\"https:\\\/\\\/formar.shop\\\/da\\\/automatisk-udkast\\\/\"},{\"@type\":\"ListItem\",\"position\":2,\"name\":\"Butik\",\"item\":\"https:\\\/\\\/formar.shop\\\/da\\\/butik\\\/\"},{\"@type\":\"ListItem\",\"position\":3,\"name\":\"Par polstrede s\u00e6de- og ryghynder til b\u00e6nk\"}]},{\"@type\":\"WebSite\",\"@id\":\"https:\\\/\\\/formar.shop\\\/da\\\/#website\",\"url\":\"https:\\\/\\\/formar.shop\\\/da\\\/\",\"name\":\"Formar.shop\",\"description\":\"Soluzioni espresse con stile\",\"potentialAction\":[{\"@type\":\"SearchAction\",\"target\":{\"@type\":\"EntryPoint\",\"urlTemplate\":\"https:\\\/\\\/formar.shop\\\/da\\\/?s={search_term_string}\"},\"query-input\":{\"@type\":\"PropertyValueSpecification\",\"valueRequired\":true,\"valueName\":\"search_term_string\"}}],\"inLanguage\":\"da-DK\"}]}<\/script>\n<!-- \/ Yoast SEO plugin. -->","yoast_head_json":{"title":"Par polstrede s\u00e6de- og ryghynder til b\u00e6nk - Formar.shop","description":"12 mm tykt buet krydsfiner underlag, polstret med formstabilt skum og betrukket med brandh\u00e6mmende sort kunstl\u00e6der. Puderne fastg\u00f8res med skruer til s\u00e6det og rygl\u00e6net p\u00e5 b\u00e6nke med 2, 3, 4 og 5 pladser. Afrundede kanter. S\u00e6lges parvis (1 stk. til rygl\u00e6n, 1 stk. til s\u00e6de) Passer til alle Formar Shop b\u00e6nkemodeller.","robots":{"index":"index","follow":"follow","max-snippet":"max-snippet:-1","max-image-preview":"max-image-preview:large","max-video-preview":"max-video-preview:-1"},"canonical":"https:\/\/formar.shop\/da\/prodotto\/par-polstrede-saede-og-ryghynder-til-baenk\/","schema":{"@context":"https:\/\/schema.org","@graph":[{"@type":"WebPage","@id":"https:\/\/formar.shop\/da\/prodotto\/par-polstrede-saede-og-ryghynder-til-baenk\/","url":"https:\/\/formar.shop\/da\/prodotto\/par-polstrede-saede-og-ryghynder-til-baenk\/","name":"Par polstrede s\u00e6de- og ryghynder til b\u00e6nk - Formar.shop","isPartOf":{"@id":"https:\/\/formar.shop\/da\/#website"},"primaryImageOfPage":{"@id":"https:\/\/formar.shop\/da\/prodotto\/par-polstrede-saede-og-ryghynder-til-baenk\/#primaryimage"},"image":{"@id":"https:\/\/formar.shop\/da\/prodotto\/par-polstrede-saede-og-ryghynder-til-baenk\/#primaryimage"},"thumbnailUrl":"https:\/\/static.formar.net\/wp-content\/uploads\/sites\/1\/2022\/10\/20143243\/Sedile-Imbottito-per-panche-acciaio_Insiem-Sfuocato_coppia-_scontornata.png","datePublished":"2025-01-18T20:23:53+00:00","dateModified":"2025-11-18T09:46:14+00:00","description":"12 mm tykt buet krydsfiner underlag, polstret med formstabilt skum og betrukket med brandh\u00e6mmende sort kunstl\u00e6der. Puderne fastg\u00f8res med skruer til s\u00e6det og rygl\u00e6net p\u00e5 b\u00e6nke med 2, 3, 4 og 5 pladser. Afrundede kanter. S\u00e6lges parvis (1 stk. til rygl\u00e6n, 1 stk. til s\u00e6de) Passer til alle Formar Shop b\u00e6nkemodeller.","breadcrumb":{"@id":"https:\/\/formar.shop\/da\/prodotto\/par-polstrede-saede-og-ryghynder-til-baenk\/#breadcrumb"},"inLanguage":"da-DK","potentialAction":[{"@type":"ReadAction","target":["https:\/\/formar.shop\/da\/prodotto\/par-polstrede-saede-og-ryghynder-til-baenk\/"]}]},{"@type":"ImageObject","inLanguage":"da-DK","@id":"https:\/\/formar.shop\/da\/prodotto\/par-polstrede-saede-og-ryghynder-til-baenk\/#primaryimage","url":"https:\/\/static.formar.net\/wp-content\/uploads\/sites\/1\/2022\/10\/20143243\/Sedile-Imbottito-per-panche-acciaio_Insiem-Sfuocato_coppia-_scontornata.png","contentUrl":"https:\/\/static.formar.net\/wp-content\/uploads\/sites\/1\/2022\/10\/20143243\/Sedile-Imbottito-per-panche-acciaio_Insiem-Sfuocato_coppia-_scontornata.png","width":894,"height":894},{"@type":"BreadcrumbList","@id":"https:\/\/formar.shop\/da\/prodotto\/par-polstrede-saede-og-ryghynder-til-baenk\/#breadcrumb","itemListElement":[{"@type":"ListItem","position":1,"name":"Home","item":"https:\/\/formar.shop\/da\/automatisk-udkast\/"},{"@type":"ListItem","position":2,"name":"Butik","item":"https:\/\/formar.shop\/da\/butik\/"},{"@type":"ListItem","position":3,"name":"Par polstrede s\u00e6de- og ryghynder til b\u00e6nk"}]},{"@type":"WebSite","@id":"https:\/\/formar.shop\/da\/#website","url":"https:\/\/formar.shop\/da\/","name":"Formar.shop","description":"Soluzioni espresse con stile","potentialAction":[{"@type":"SearchAction","target":{"@type":"EntryPoint","urlTemplate":"https:\/\/formar.shop\/da\/?s={search_term_string}"},"query-input":{"@type":"PropertyValueSpecification","valueRequired":true,"valueName":"search_term_string"}}],"inLanguage":"da-DK"}]}},"_links":{"self":[{"href":"https:\/\/formar.shop\/da\/wp-json\/wp\/v2\/product\/44426","targetHints":{"allow":["GET"]}}],"collection":[{"href":"https:\/\/formar.shop\/da\/wp-json\/wp\/v2\/product"}],"about":[{"href":"https:\/\/formar.shop\/da\/wp-json\/wp\/v2\/types\/product"}],"wp:featuredmedia":[{"embeddable":true,"href":"https:\/\/formar.shop\/da\/wp-json\/wp\/v2\/media\/51604"}],"wp:attachment":[{"href":"https:\/\/formar.shop\/da\/wp-json\/wp\/v2\/media?parent=44426"}],"wp:term":[{"taxonomy":"product_brand","embeddable":true,"href":"https:\/\/formar.shop\/da\/wp-json\/wp\/v2\/product_brand?post=44426"},{"taxonomy":"product_cat","embeddable":true,"href":"https:\/\/formar.shop\/da\/wp-json\/wp\/v2\/product_cat?post=44426"},{"taxonomy":"product_tag","embeddable":true,"href":"https:\/\/formar.shop\/da\/wp-json\/wp\/v2\/product_tag?post=44426"}],"curies":[{"name":"wp","href":"https:\/\/api.w.org\/{rel}","templated":true}]}}