{"id":47821,"date":"2025-01-18T21:35:38","date_gmt":"2025-01-18T20:35:38","guid":{"rendered":"https:\/\/formar.shop\/bestil-modtagelse-hvad-skal-jeg-goere\/"},"modified":"2025-01-18T21:35:41","modified_gmt":"2025-01-18T20:35:41","slug":"bestil-modtagelse-hvad-skal-jeg-goere","status":"publish","type":"page","link":"https:\/\/formar.shop\/da\/bestil-modtagelse-hvad-skal-jeg-goere\/","title":{"rendered":"BESTIL MODTAGELSE: Hvad skal jeg g\u00f8re?"},"content":{"rendered":"<p>K\u00e6re kunde,<\/p>\n<p>For at sikre, at dit k\u00f8b ankommer i perfekt stand, har vi altid brugt professionelle kurerer. Men nogle gange kan det ske, at pakker eller pakker med bestilte varer ikke ankommer i deres oprindelige stand og ikke h\u00e5ndteres med samme omhu, som vi normalt bruger. Af denne grund beder vi dig om at tage et hurtigt kig p\u00e5 p\u00e5mindelsen nedenfor:<\/p>\n<ul>\n<li><span style=\"background-color: #ffff00;\">Kontroll\u00e9r altid, at antallet af modtagne kolli svarer til det antal kolli, der er angivet i transportdokumentet.<\/span><\/li>\n<li><span style=\"background-color: #ffff00;\">Kontroll\u00e9r altid, at emballagen er perfekt, uanset om det er en palle eller l\u00f8se pakker.<\/span><\/li>\n<\/ul>\n<p><strong><span style=\"color: #ed1c24; font-size: 120%;\"><em>I tilf\u00e6lde af en kvantitativ eller kvalitativ afvigelse accepteres leveringen kun ved at anf\u00f8re f\u00f8lgende p\u00e5 kvitteringen:<\/em><\/span><\/strong><\/p>\n<p style=\"text-align: center;\"><span style=\"background-color: #ffff00;\">SPECIFIC RESERVE\u00b9 og en beskrivelse af de fundne uoverensstemmelser.<\/span><br \/><span style=\"background-color: #ffff00;\">fremh\u00e6ve de fundne uoverensstemmelser p\u00e5 POD\/palmare<\/span><\/p>\n<p>(N.B. generiske forbehold som &#8220;ikke-konforme varer&#8221; eller &#8220;kontrolreserve&#8221; betragtes ikke som gyldige)<\/p>\n<p><strong><em>Underret os straks via e-mail (shop@formar-contract.it) med angivelse af den uregelm\u00e6ssighed, der er fundet i leveringen, og fotoet af den kvittering, der er udstedt af kureren, og som angiver den specifikke reservation, du har underskrevet.<\/em><\/strong><\/p>\n<p><span style=\"background-color: #ffff00;\"><strong><span style=\"font-size: 105%; background-color: #ffff00;\">I M P O R T A N T !!!<\/span><\/strong><\/span><\/p>\n<p><span style=\"color: #ed1c24;\">Skriv under med <span style=\"font-size: 95%;\"><strong>Specifikt forbehold<\/strong><\/span> betyder, at modtageren forbeholder sig ret til at kontrollere varernes integritet med mulighed for regres mod transport\u00f8ren i tilf\u00e6lde af skade.<\/span><\/p>\n<p>\u00b9 <strong><em>Klik p\u00e5 knappen nedenfor, og du vil finde en pdf, som viser, hvordan man s\u00e6tter ordlyden Specific Reserve og en generisk beskrivelse af uoverensstemmelsen.<\/em><\/strong><\/p>\n<p>Tak for dit samarbejde og din tilg\u00e6ngelighed!<br \/>Teamet hos Formar Contract Srl<\/p>\n<a href=\"https:\/\/formar.shop\/wp-content\/uploads\/2022\/04\/riserva-di-controllo-Formar-Shop.pdf\" target=\"_blank\" class=\"button primary\" rel=\"noopener\" style=\"border-radius:10px;\">\n\t\t<span>Reserver specifik_Pod<\/span>\n\t<i class=\"icon-user\" aria-hidden=\"true\"><\/i><\/a>\n\n","protected":false},"excerpt":{"rendered":"<p>K\u00e6re kunde, For at sikre, at dit k\u00f8b ankommer i perfekt stand, har vi altid brugt professionelle kurerer. Men nogle gange kan det ske, at pakker eller pakker med bestilte varer ikke ankommer i deres oprindelige stand og ikke h\u00e5ndteres med samme omhu, som vi normalt bruger. Af denne grund beder vi dig om at [&#8230;]\n","protected":false},"author":175,"featured_media":0,"parent":0,"menu_order":0,"comment_status":"closed","ping_status":"closed","template":"","meta":{"_joinchat":[],"footnotes":""},"class_list":["post-47821","page","type-page","status-publish","hentry"],"yoast_head":"<!-- This site is optimized with the Yoast SEO plugin v27.4 - https:\/\/yoast.com\/product\/yoast-seo-wordpress\/ -->\n<title>BESTIL MODTAGELSE: Hvad skal jeg g\u00f8re? - Formar.shop<\/title>\n<meta name=\"robots\" content=\"index, follow, max-snippet:-1, max-image-preview:large, max-video-preview:-1\" \/>\n<link rel=\"canonical\" href=\"https:\/\/formar.shop\/da\/bestil-modtagelse-hvad-skal-jeg-goere\/\" \/>\n<script type=\"application\/ld+json\" class=\"yoast-schema-graph\">{\"@context\":\"https:\\\/\\\/schema.org\",\"@graph\":[{\"@type\":\"WebPage\",\"@id\":\"https:\\\/\\\/formar.shop\\\/da\\\/bestil-modtagelse-hvad-skal-jeg-goere\\\/\",\"url\":\"https:\\\/\\\/formar.shop\\\/da\\\/bestil-modtagelse-hvad-skal-jeg-goere\\\/\",\"name\":\"BESTIL MODTAGELSE: Hvad skal jeg g\u00f8re? - Formar.shop\",\"isPartOf\":{\"@id\":\"https:\\\/\\\/formar.shop\\\/da\\\/#website\"},\"datePublished\":\"2025-01-18T20:35:38+00:00\",\"dateModified\":\"2025-01-18T20:35:41+00:00\",\"breadcrumb\":{\"@id\":\"https:\\\/\\\/formar.shop\\\/da\\\/bestil-modtagelse-hvad-skal-jeg-goere\\\/#breadcrumb\"},\"inLanguage\":\"da-DK\",\"potentialAction\":[{\"@type\":\"ReadAction\",\"target\":[\"https:\\\/\\\/formar.shop\\\/da\\\/bestil-modtagelse-hvad-skal-jeg-goere\\\/\"]}]},{\"@type\":\"BreadcrumbList\",\"@id\":\"https:\\\/\\\/formar.shop\\\/da\\\/bestil-modtagelse-hvad-skal-jeg-goere\\\/#breadcrumb\",\"itemListElement\":[{\"@type\":\"ListItem\",\"position\":1,\"name\":\"Home\",\"item\":\"https:\\\/\\\/formar.shop\\\/da\\\/automatisk-udkast\\\/\"},{\"@type\":\"ListItem\",\"position\":2,\"name\":\"BESTIL MODTAGELSE: Hvad skal jeg g\u00f8re?\"}]},{\"@type\":\"WebSite\",\"@id\":\"https:\\\/\\\/formar.shop\\\/da\\\/#website\",\"url\":\"https:\\\/\\\/formar.shop\\\/da\\\/\",\"name\":\"Formar.shop\",\"description\":\"Soluzioni espresse con stile\",\"potentialAction\":[{\"@type\":\"SearchAction\",\"target\":{\"@type\":\"EntryPoint\",\"urlTemplate\":\"https:\\\/\\\/formar.shop\\\/da\\\/?s={search_term_string}\"},\"query-input\":{\"@type\":\"PropertyValueSpecification\",\"valueRequired\":true,\"valueName\":\"search_term_string\"}}],\"inLanguage\":\"da-DK\"}]}<\/script>\n<!-- \/ Yoast SEO plugin. -->","yoast_head_json":{"title":"BESTIL MODTAGELSE: Hvad skal jeg g\u00f8re? - Formar.shop","robots":{"index":"index","follow":"follow","max-snippet":"max-snippet:-1","max-image-preview":"max-image-preview:large","max-video-preview":"max-video-preview:-1"},"canonical":"https:\/\/formar.shop\/da\/bestil-modtagelse-hvad-skal-jeg-goere\/","schema":{"@context":"https:\/\/schema.org","@graph":[{"@type":"WebPage","@id":"https:\/\/formar.shop\/da\/bestil-modtagelse-hvad-skal-jeg-goere\/","url":"https:\/\/formar.shop\/da\/bestil-modtagelse-hvad-skal-jeg-goere\/","name":"BESTIL MODTAGELSE: Hvad skal jeg g\u00f8re? - Formar.shop","isPartOf":{"@id":"https:\/\/formar.shop\/da\/#website"},"datePublished":"2025-01-18T20:35:38+00:00","dateModified":"2025-01-18T20:35:41+00:00","breadcrumb":{"@id":"https:\/\/formar.shop\/da\/bestil-modtagelse-hvad-skal-jeg-goere\/#breadcrumb"},"inLanguage":"da-DK","potentialAction":[{"@type":"ReadAction","target":["https:\/\/formar.shop\/da\/bestil-modtagelse-hvad-skal-jeg-goere\/"]}]},{"@type":"BreadcrumbList","@id":"https:\/\/formar.shop\/da\/bestil-modtagelse-hvad-skal-jeg-goere\/#breadcrumb","itemListElement":[{"@type":"ListItem","position":1,"name":"Home","item":"https:\/\/formar.shop\/da\/automatisk-udkast\/"},{"@type":"ListItem","position":2,"name":"BESTIL MODTAGELSE: Hvad skal jeg g\u00f8re?"}]},{"@type":"WebSite","@id":"https:\/\/formar.shop\/da\/#website","url":"https:\/\/formar.shop\/da\/","name":"Formar.shop","description":"Soluzioni espresse con stile","potentialAction":[{"@type":"SearchAction","target":{"@type":"EntryPoint","urlTemplate":"https:\/\/formar.shop\/da\/?s={search_term_string}"},"query-input":{"@type":"PropertyValueSpecification","valueRequired":true,"valueName":"search_term_string"}}],"inLanguage":"da-DK"}]}},"_links":{"self":[{"href":"https:\/\/formar.shop\/da\/wp-json\/wp\/v2\/pages\/47821","targetHints":{"allow":["GET"]}}],"collection":[{"href":"https:\/\/formar.shop\/da\/wp-json\/wp\/v2\/pages"}],"about":[{"href":"https:\/\/formar.shop\/da\/wp-json\/wp\/v2\/types\/page"}],"author":[{"embeddable":true,"href":"https:\/\/formar.shop\/da\/wp-json\/wp\/v2\/users\/175"}],"replies":[{"embeddable":true,"href":"https:\/\/formar.shop\/da\/wp-json\/wp\/v2\/comments?post=47821"}],"version-history":[{"count":6,"href":"https:\/\/formar.shop\/da\/wp-json\/wp\/v2\/pages\/47821\/revisions"}],"predecessor-version":[{"id":47849,"href":"https:\/\/formar.shop\/da\/wp-json\/wp\/v2\/pages\/47821\/revisions\/47849"}],"wp:attachment":[{"href":"https:\/\/formar.shop\/da\/wp-json\/wp\/v2\/media?parent=47821"}],"curies":[{"name":"wp","href":"https:\/\/api.w.org\/{rel}","templated":true}]}}