{"id":43751,"date":"2025-01-18T21:19:56","date_gmt":"2025-01-18T20:19:56","guid":{"rendered":"https:\/\/formar.shop\/koebsguide\/"},"modified":"2025-01-18T21:20:05","modified_gmt":"2025-01-18T20:20:05","slug":"koebsguide","status":"publish","type":"page","link":"https:\/\/formar.shop\/da\/koebsguide\/","title":{"rendered":"K\u00d8BSGUIDE"},"content":{"rendered":"\t<div id=\"text-2058096210\" class=\"text\">\n\t\t\n<p><strong>Vilk\u00e5r og betingelser<\/strong><\/p>\n<p>Formar.shop by Formar Contract giver alle mulighed for at k\u00f8be deres produkter online via en <strong>enkel, praktisk og sikker<\/strong> service.<\/p>\n<p>Det er muligt at foretage et k\u00f8b efter registrering eller som g\u00e6st, men i begge tilf\u00e6lde er det n\u00f8dvendigt at udfylde alle de kr\u00e6vede felter.  <\/p>\n<p><strong>Alle ordrer skal bekr\u00e6ftes<\/strong>.<\/p>\n<\/p>\n<p><strong>Registrering<\/strong><\/p>\n<p>Efter registreringen, som kun tager et par enkle trin, har den nye kunde et internt kontrolpanel, hvor de kan indtaste deres leveringsadresse, s\u00e5 systemet kan huske den for at fremskynde det n\u00e6ste k\u00f8b, og administrere indk\u00f8bskurven og produktsammenligningen. V\u00e6lg det produkt, den st\u00f8rrelse og den farve, de \u00f8nsker, og l\u00e6g det i indk\u00f8bskurven, n\u00e5r de har valgt det \u00f8nskede antal. N\u00e5r du vil forts\u00e6tte med k\u00f8bet, skal du g\u00e5 ind i kurven, logge ind f\u00f8rst, hvis du er registreret, og forts\u00e6tte med ordren. Du kan til enhver tid \u00e6ndre eller fjerne de valgte produkter fra indk\u00f8bskurven.  <\/p>\n<\/p>\n<p><strong>Bestil<\/strong><\/p>\n<p>N\u00e5r du har valgt alle de produkter, du vil k\u00f8be, skal du forts\u00e6tte med bestillingen. Hvis du har en opdateret konto med data og leveringsadresse, vil k\u00f8bsprocessen g\u00e5 hurtigere.<br \/>Ellers skal du indtaste de n\u00f8dvendige data og forts\u00e6tte med ordren. Ordren vil ikke blive behandlet, f\u00f8r betalingen for produktet er modtaget, afh\u00e6ngigt af den valgte betalingsmetode.  <\/p>\n<\/p>\n<p><strong>Vores kundeservice st\u00e5r til din r\u00e5dighed.<\/strong><\/p>\n<p>Vores fagfolk vil besvare dine sp\u00f8rgsm\u00e5l om vores tjenester.<\/p>\n<p>T\u00f8v ikke med at kontakte os, hvis du har brug for information eller et tilbud!  <\/p>\n<\/p>\n<p style=\"text-align: left;\"><strong>Formar Contract srl<\/strong><br \/><strong>Via del Consorzio 44<\/strong><br \/><strong>60015 | Falconara Marittima (AN)<\/strong><\/p>\n<p style=\"text-align: left;\"><a href=\"tel:800122267\">Gratis telefonnummer <\/a><a href=\"tel:800122267\">800 12 22 67<\/a><br \/><a href=\"tel:+390715906063\">Tlf. 071 590.60.63<\/a><\/p>\n<p style=\"text-align: left;\">\n<p>Salgskontor: <a href=\"mailto:info@formar-contract.it\">info@formar.net<\/a> E-handel:<a href=\"mailto:shop@formar.net\">shop@formar.net<\/a> PEC:<a href=\"mailto:info@pec.formar-contract.it\">info@pec.formar-contract.it<\/a><\/p>\n<p style=\"text-align: left;\">\n\t\t\n<style>\n#text-2058096210 {\n  color: rgb(0,0,0);\n}\n#text-2058096210 > * {\n  color: rgb(0,0,0);\n}\n<\/style>\n\t<\/div>\n\t\n","protected":false},"excerpt":{"rendered":"","protected":false},"author":6,"featured_media":0,"parent":0,"menu_order":0,"comment_status":"closed","ping_status":"closed","template":"","meta":{"_joinchat":[],"footnotes":""},"class_list":["post-43751","page","type-page","status-publish","hentry"],"yoast_head":"<!-- This site is optimized with the Yoast SEO plugin v27.3 - https:\/\/yoast.com\/product\/yoast-seo-wordpress\/ -->\n<title>K\u00d8BSGUIDE - Formar.shop<\/title>\n<meta name=\"robots\" content=\"index, follow, max-snippet:-1, max-image-preview:large, max-video-preview:-1\" \/>\n<link rel=\"canonical\" href=\"https:\/\/formar.shop\/da\/koebsguide\/\" \/>\n<script type=\"application\/ld+json\" class=\"yoast-schema-graph\">{\"@context\":\"https:\\\/\\\/schema.org\",\"@graph\":[{\"@type\":\"WebPage\",\"@id\":\"https:\\\/\\\/formar.shop\\\/da\\\/koebsguide\\\/\",\"url\":\"https:\\\/\\\/formar.shop\\\/da\\\/koebsguide\\\/\",\"name\":\"K\u00d8BSGUIDE - Formar.shop\",\"isPartOf\":{\"@id\":\"https:\\\/\\\/formar.shop\\\/da\\\/#website\"},\"datePublished\":\"2025-01-18T20:19:56+00:00\",\"dateModified\":\"2025-01-18T20:20:05+00:00\",\"breadcrumb\":{\"@id\":\"https:\\\/\\\/formar.shop\\\/da\\\/koebsguide\\\/#breadcrumb\"},\"inLanguage\":\"da-DK\",\"potentialAction\":[{\"@type\":\"ReadAction\",\"target\":[\"https:\\\/\\\/formar.shop\\\/da\\\/koebsguide\\\/\"]}]},{\"@type\":\"BreadcrumbList\",\"@id\":\"https:\\\/\\\/formar.shop\\\/da\\\/koebsguide\\\/#breadcrumb\",\"itemListElement\":[{\"@type\":\"ListItem\",\"position\":1,\"name\":\"Home\",\"item\":\"https:\\\/\\\/formar.shop\\\/da\\\/automatisk-udkast\\\/\"},{\"@type\":\"ListItem\",\"position\":2,\"name\":\"K\u00d8BSGUIDE\"}]},{\"@type\":\"WebSite\",\"@id\":\"https:\\\/\\\/formar.shop\\\/da\\\/#website\",\"url\":\"https:\\\/\\\/formar.shop\\\/da\\\/\",\"name\":\"Formar.shop\",\"description\":\"Soluzioni espresse con stile\",\"potentialAction\":[{\"@type\":\"SearchAction\",\"target\":{\"@type\":\"EntryPoint\",\"urlTemplate\":\"https:\\\/\\\/formar.shop\\\/da\\\/?s={search_term_string}\"},\"query-input\":{\"@type\":\"PropertyValueSpecification\",\"valueRequired\":true,\"valueName\":\"search_term_string\"}}],\"inLanguage\":\"da-DK\"}]}<\/script>\n<!-- \/ Yoast SEO plugin. -->","yoast_head_json":{"title":"K\u00d8BSGUIDE - Formar.shop","robots":{"index":"index","follow":"follow","max-snippet":"max-snippet:-1","max-image-preview":"max-image-preview:large","max-video-preview":"max-video-preview:-1"},"canonical":"https:\/\/formar.shop\/da\/koebsguide\/","schema":{"@context":"https:\/\/schema.org","@graph":[{"@type":"WebPage","@id":"https:\/\/formar.shop\/da\/koebsguide\/","url":"https:\/\/formar.shop\/da\/koebsguide\/","name":"K\u00d8BSGUIDE - Formar.shop","isPartOf":{"@id":"https:\/\/formar.shop\/da\/#website"},"datePublished":"2025-01-18T20:19:56+00:00","dateModified":"2025-01-18T20:20:05+00:00","breadcrumb":{"@id":"https:\/\/formar.shop\/da\/koebsguide\/#breadcrumb"},"inLanguage":"da-DK","potentialAction":[{"@type":"ReadAction","target":["https:\/\/formar.shop\/da\/koebsguide\/"]}]},{"@type":"BreadcrumbList","@id":"https:\/\/formar.shop\/da\/koebsguide\/#breadcrumb","itemListElement":[{"@type":"ListItem","position":1,"name":"Home","item":"https:\/\/formar.shop\/da\/automatisk-udkast\/"},{"@type":"ListItem","position":2,"name":"K\u00d8BSGUIDE"}]},{"@type":"WebSite","@id":"https:\/\/formar.shop\/da\/#website","url":"https:\/\/formar.shop\/da\/","name":"Formar.shop","description":"Soluzioni espresse con stile","potentialAction":[{"@type":"SearchAction","target":{"@type":"EntryPoint","urlTemplate":"https:\/\/formar.shop\/da\/?s={search_term_string}"},"query-input":{"@type":"PropertyValueSpecification","valueRequired":true,"valueName":"search_term_string"}}],"inLanguage":"da-DK"}]}},"_links":{"self":[{"href":"https:\/\/formar.shop\/da\/wp-json\/wp\/v2\/pages\/43751","targetHints":{"allow":["GET"]}}],"collection":[{"href":"https:\/\/formar.shop\/da\/wp-json\/wp\/v2\/pages"}],"about":[{"href":"https:\/\/formar.shop\/da\/wp-json\/wp\/v2\/types\/page"}],"author":[{"embeddable":true,"href":"https:\/\/formar.shop\/da\/wp-json\/wp\/v2\/users\/6"}],"replies":[{"embeddable":true,"href":"https:\/\/formar.shop\/da\/wp-json\/wp\/v2\/comments?post=43751"}],"version-history":[{"count":10,"href":"https:\/\/formar.shop\/da\/wp-json\/wp\/v2\/pages\/43751\/revisions"}],"predecessor-version":[{"id":43789,"href":"https:\/\/formar.shop\/da\/wp-json\/wp\/v2\/pages\/43751\/revisions\/43789"}],"wp:attachment":[{"href":"https:\/\/formar.shop\/da\/wp-json\/wp\/v2\/media?parent=43751"}],"curies":[{"name":"wp","href":"https:\/\/api.w.org\/{rel}","templated":true}]}}