{"id":43693,"date":"2025-01-18T21:19:48","date_gmt":"2025-01-18T20:19:48","guid":{"rendered":"https:\/\/formar.shop\/regler-for-returnering\/"},"modified":"2025-11-18T12:03:32","modified_gmt":"2025-11-18T11:03:32","slug":"regler-for-returnering","status":"publish","type":"page","link":"https:\/\/formar.shop\/da\/regler-for-returnering\/","title":{"rendered":"REGLER FOR RETURNERING"},"content":{"rendered":"\n<h3><span style=\"font-size: 140%;\"><strong>RETUR OG SUPPORT<\/strong><\/span><\/h3>\n<p> <\/p>\n<p><span style=\"font-size: 110%;\"><strong>Det er muligt at returnere k\u00f8bte varer i en enkel og hurtig procedure.<\/strong><\/span><\/p>\n<p>I henhold til <em>EU-direktiv 2011\/83, implementeret i Italien ved lovdekret af 3. december 2013<\/em>, kan k\u00f8beren fortryde k\u00f8bsaftalen uden n\u00f8dvendigvis at angive \u00e5rsagen til tilbageleveringen.<\/p>\n<p>K\u00f8beren, der \u00f8nsker at ud\u00f8ve fortrydelsesretten, skal underrette Formar Contract om sin hensigt ved anbefalet brev med kvittering for modtagelse eller ved <strong>Pec<\/strong> <strong>inden for 14 arbejdsdage<\/strong> fra leveringsdatoen, vedlagt en kopi af transportdokumenterne, til de nedenfor angivne adresser.<\/p>\n<p><span style=\"font-size: 110%;\"><strong>Udgifterne til returporto p\u00e5hviler udelukkende<\/strong><strong>kundens ansvar.<\/strong><\/span><\/p>\n<p>Fra det \u00f8jeblik, hvor Formar Contract har accepteret returforesp\u00f8rgslen, har k\u00f8beren <strong>14 kalenderdage til at sende returvaren<\/strong>. Efter denne periode kan k\u00f8beren ikke l\u00e6ngere benytte sig af fortrydelsesretten. <\/p>\n<p>Efter at have f\u00e5et returtilladelsen fra operat\u00f8ren skal k\u00f8beren sende produktet til<\/p>\n<p style=\"text-align: center;\"><span style=\"color: #000000;\"><strong>Formar Contract Srl<\/strong><\/span><\/p>\n<p style=\"text-align: center;\"><span style=\"color: #000000;\"><strong>Via del Consorzio 44<\/strong><\/span><\/p>\n<p style=\"text-align: center;\"><span style=\"color: #000000;\"><strong>60015 | Falconara Marittima (AN)<\/strong><\/span><\/p>\n<p style=\"text-align: center;\"><span style=\"color: #000000;\"><strong>info@pec.formar-contract.it<\/strong><\/span><\/p>\n<p>Formar Contract vil foretage<strong> tilbagebetalingen via bankoverf\u00f8rsel inden for 14 arbejdsdage efter<\/strong> modtagelse af de returnerede varer.<\/p>\n<p>Fortrydelsesretten bortfalder helt, hvis det returnerede produkt ikke er intakt, dvs. mangler den originale ydre og indre emballage, er beskadiget eller endda delvist brugt.<\/p>\n<p> <\/p>\n<p style=\"text-align: left;\"><strong>Vores kundeservice st\u00e5r til din r\u00e5dighed.  <\/strong><\/p>\n<p style=\"text-align: left;\">For enhver information eller tilbudsforesp\u00f8rgsel, t\u00f8v ikke med at kontakte os! Vores professionelle vil besvare jeres foresp\u00f8rgsler vedr\u00f8rende vores tjenester: design, produktion, levering og montering af kontorm\u00f8bler.<\/p>\n<div class=\"row align-center\"  id=\"row-2045926896\">\n\n\n\t<div id=\"col-268017093\" class=\"col small-12 large-12\"  >\n\t\t\t\t<div class=\"col-inner text-center\" style=\"background-color:rgb(244, 244, 244);\" >\n\t\t\t\n\t\t\t\n\n<h3>Har du stadig sp\u00f8rgsm\u00e5l?<\/h3>\n<p>Kontakt os for mere information.<\/p>\n<a href=\"https:\/\/formar.shop\/da\/kontakt-os\/\" class=\"button primary\" >\n\t\t<span>Kontakt os<\/span>\n\t<\/a>\n\n\n\n\t\t<\/div>\n\t\t\t\t\t<\/div>\n\n\t\n\n\n<style>\n#row-2045926896 > .col > .col-inner {\n  padding: 40px 20px 40px 20px;\n  background-color: rgb(244, 244, 244);\n}\n@media (min-width:550px) {\n  #row-2045926896 > .col > .col-inner {\n    padding: 40px 40px 40px 40px;\n  }\n}\n<\/style>\n<\/div>\n\n","protected":false},"excerpt":{"rendered":"","protected":false},"author":175,"featured_media":0,"parent":0,"menu_order":0,"comment_status":"closed","ping_status":"closed","template":"","meta":{"_joinchat":[],"footnotes":""},"class_list":["post-43693","page","type-page","status-publish","hentry"],"yoast_head":"<!-- This site is optimized with the Yoast SEO plugin v27.3 - https:\/\/yoast.com\/product\/yoast-seo-wordpress\/ -->\n<title>REGLER FOR RETURNERING - Formar.shop<\/title>\n<meta name=\"robots\" content=\"index, follow, max-snippet:-1, max-image-preview:large, max-video-preview:-1\" \/>\n<link rel=\"canonical\" href=\"https:\/\/formar.shop\/da\/regler-for-returnering\/\" \/>\n<script type=\"application\/ld+json\" class=\"yoast-schema-graph\">{\"@context\":\"https:\\\/\\\/schema.org\",\"@graph\":[{\"@type\":\"WebPage\",\"@id\":\"https:\\\/\\\/formar.shop\\\/da\\\/regler-for-returnering\\\/\",\"url\":\"https:\\\/\\\/formar.shop\\\/da\\\/regler-for-returnering\\\/\",\"name\":\"REGLER FOR RETURNERING - Formar.shop\",\"isPartOf\":{\"@id\":\"https:\\\/\\\/formar.shop\\\/da\\\/#website\"},\"datePublished\":\"2025-01-18T20:19:48+00:00\",\"dateModified\":\"2025-11-18T11:03:32+00:00\",\"breadcrumb\":{\"@id\":\"https:\\\/\\\/formar.shop\\\/da\\\/regler-for-returnering\\\/#breadcrumb\"},\"inLanguage\":\"da-DK\",\"potentialAction\":[{\"@type\":\"ReadAction\",\"target\":[\"https:\\\/\\\/formar.shop\\\/da\\\/regler-for-returnering\\\/\"]}]},{\"@type\":\"BreadcrumbList\",\"@id\":\"https:\\\/\\\/formar.shop\\\/da\\\/regler-for-returnering\\\/#breadcrumb\",\"itemListElement\":[{\"@type\":\"ListItem\",\"position\":1,\"name\":\"Home\",\"item\":\"https:\\\/\\\/formar.shop\\\/da\\\/automatisk-udkast\\\/\"},{\"@type\":\"ListItem\",\"position\":2,\"name\":\"REGLER FOR RETURNERING\"}]},{\"@type\":\"WebSite\",\"@id\":\"https:\\\/\\\/formar.shop\\\/da\\\/#website\",\"url\":\"https:\\\/\\\/formar.shop\\\/da\\\/\",\"name\":\"Formar.shop\",\"description\":\"Soluzioni espresse con stile\",\"potentialAction\":[{\"@type\":\"SearchAction\",\"target\":{\"@type\":\"EntryPoint\",\"urlTemplate\":\"https:\\\/\\\/formar.shop\\\/da\\\/?s={search_term_string}\"},\"query-input\":{\"@type\":\"PropertyValueSpecification\",\"valueRequired\":true,\"valueName\":\"search_term_string\"}}],\"inLanguage\":\"da-DK\"}]}<\/script>\n<!-- \/ Yoast SEO plugin. -->","yoast_head_json":{"title":"REGLER FOR RETURNERING - Formar.shop","robots":{"index":"index","follow":"follow","max-snippet":"max-snippet:-1","max-image-preview":"max-image-preview:large","max-video-preview":"max-video-preview:-1"},"canonical":"https:\/\/formar.shop\/da\/regler-for-returnering\/","schema":{"@context":"https:\/\/schema.org","@graph":[{"@type":"WebPage","@id":"https:\/\/formar.shop\/da\/regler-for-returnering\/","url":"https:\/\/formar.shop\/da\/regler-for-returnering\/","name":"REGLER FOR RETURNERING - Formar.shop","isPartOf":{"@id":"https:\/\/formar.shop\/da\/#website"},"datePublished":"2025-01-18T20:19:48+00:00","dateModified":"2025-11-18T11:03:32+00:00","breadcrumb":{"@id":"https:\/\/formar.shop\/da\/regler-for-returnering\/#breadcrumb"},"inLanguage":"da-DK","potentialAction":[{"@type":"ReadAction","target":["https:\/\/formar.shop\/da\/regler-for-returnering\/"]}]},{"@type":"BreadcrumbList","@id":"https:\/\/formar.shop\/da\/regler-for-returnering\/#breadcrumb","itemListElement":[{"@type":"ListItem","position":1,"name":"Home","item":"https:\/\/formar.shop\/da\/automatisk-udkast\/"},{"@type":"ListItem","position":2,"name":"REGLER FOR RETURNERING"}]},{"@type":"WebSite","@id":"https:\/\/formar.shop\/da\/#website","url":"https:\/\/formar.shop\/da\/","name":"Formar.shop","description":"Soluzioni espresse con stile","potentialAction":[{"@type":"SearchAction","target":{"@type":"EntryPoint","urlTemplate":"https:\/\/formar.shop\/da\/?s={search_term_string}"},"query-input":{"@type":"PropertyValueSpecification","valueRequired":true,"valueName":"search_term_string"}}],"inLanguage":"da-DK"}]}},"_links":{"self":[{"href":"https:\/\/formar.shop\/da\/wp-json\/wp\/v2\/pages\/43693","targetHints":{"allow":["GET"]}}],"collection":[{"href":"https:\/\/formar.shop\/da\/wp-json\/wp\/v2\/pages"}],"about":[{"href":"https:\/\/formar.shop\/da\/wp-json\/wp\/v2\/types\/page"}],"author":[{"embeddable":true,"href":"https:\/\/formar.shop\/da\/wp-json\/wp\/v2\/users\/175"}],"replies":[{"embeddable":true,"href":"https:\/\/formar.shop\/da\/wp-json\/wp\/v2\/comments?post=43693"}],"version-history":[{"count":9,"href":"https:\/\/formar.shop\/da\/wp-json\/wp\/v2\/pages\/43693\/revisions"}],"predecessor-version":[{"id":61860,"href":"https:\/\/formar.shop\/da\/wp-json\/wp\/v2\/pages\/43693\/revisions\/61860"}],"wp:attachment":[{"href":"https:\/\/formar.shop\/da\/wp-json\/wp\/v2\/media?parent=43693"}],"curies":[{"name":"wp","href":"https:\/\/api.w.org\/{rel}","templated":true}]}}