{"id":43609,"date":"2025-01-18T21:19:30","date_gmt":"2025-01-18T20:19:30","guid":{"rendered":"https:\/\/formar.shop\/omkostninger-og-forsendelsesmetoder\/"},"modified":"2025-01-18T21:19:34","modified_gmt":"2025-01-18T20:19:34","slug":"omkostninger-og-forsendelsesmetoder","status":"publish","type":"page","link":"https:\/\/formar.shop\/da\/omkostninger-og-forsendelsesmetoder\/","title":{"rendered":"OMKOSTNINGER OG FORSENDELSESMETODER"},"content":{"rendered":"\n  <div class=\"banner has-hover\" id=\"banner-2106483803\">\n          <div class=\"banner-inner fill\">\n        <div class=\"banner-bg fill\" >\n                                                \n                    <\/div>\n\t\t\n        <div class=\"banner-layers container\">\n            <div class=\"fill banner-link\"><\/div>            \n   <div id=\"text-box-1088192872\" class=\"text-box banner-layer x50 md-x50 lg-x50 y50 md-y50 lg-y50 res-text\">\n                     <div data-animate=\"flipInY\">           <div class=\"text-box-content text dark\">\n              \n              <div class=\"text-inner text-center\">\n                  \n<h3 style=\"text-align: center;\"><strong><span style=\"font-size: 115%; color: #000000;\"><em>I costi di spedizioni sono sempre gratuiti e inclusi per ogni tuo acquisto !<\/em><\/span><\/strong><\/h3>\n<div class=\"is-divider divider clearfix\" ><\/div>\n\t<div id=\"text-116826205\" class=\"text\">\n\t\t\n<h1 class=\"h-large uppercase\"><strong><span style=\"font-size: 180%;\">INGEN FORSENDELSESOMKOSTNINGER!<\/span><\/strong><\/h1>\n\t\t\n<style>\n#text-116826205 {\n  font-size: 0.8rem;\n  line-height: 2.05;\n  color: rgb(0,0,0);\n}\n#text-116826205 > * {\n  color: rgb(0,0,0);\n}\n<\/style>\n\t<\/div>\n\t\n              <\/div>\n           <\/div>\n       <\/div>                     \n<style>\n#text-box-1088192872 {\n  width: 67%;\n}\n#text-box-1088192872 .text-box-content {\n  font-size: 100%;\n}\n<\/style>\n    <\/div>\n \n        <\/div>\n      <\/div>\n\n            \n<style>\n#banner-2106483803 {\n  padding-top: 400px;\n}\n<\/style>\n  <\/div>\n\n\n<h4><span style=\"font-size: 110%;\"><strong><span style=\"font-size: 140%; color: #50b848;\"><span style=\"color: #808080;\">TILMELDING<\/span>  <\/span>    <\/strong><\/span><\/h4>\n<p>Efter registreringen, som kun tager et par enkle trin, har den nye kunde et internt kontrolpanel, hvor de kan indtaste deres leveringsadresse, s\u00e5 systemet kan huske den for at fremskynde det n\u00e6ste k\u00f8b, og administrere indk\u00f8bskurven og produktsammenligningen. V\u00e6lg det produkt, den st\u00f8rrelse og den farve, de \u00f8nsker, og l\u00e6g det i indk\u00f8bskurven, n\u00e5r de har valgt det \u00f8nskede antal. N\u00e5r du vil forts\u00e6tte med k\u00f8bet, skal du g\u00e5 ind i kurven, logge ind f\u00f8rst, hvis du er registreret, og forts\u00e6tte med ordren. Du kan til enhver tid \u00e6ndre eller fjerne de valgte produkter fra indk\u00f8bskurven.  <\/p>\n<h4><strong><span style=\"font-size: 110%;\"><span style=\"color: #808080;\"><span style=\"font-size: 140%;\">BESTILLING<\/span> <\/span>                        <\/span><\/strong><\/h4>\n<p style=\"text-align: left;\">N\u00e5r du har valgt alle de produkter, du vil k\u00f8be, skal du forts\u00e6tte med bestillingen. Hvis du har en opdateret konto med data og leveringsadresse, vil k\u00f8bsprocessen g\u00e5 hurtigere.<br \/>Ellers skal du indtaste de n\u00f8dvendige data og forts\u00e6tte med ordren. Ordren vil ikke blive behandlet, f\u00f8r betalingen for produktet er modtaget, afh\u00e6ngigt af den valgte betalingsmetode.  <\/p>\n<\/p>\n<h2 style=\"text-align: center;\"><span style=\"color: #808080;\"><strong>Vores shipping-partnere:<\/strong><\/span><\/h2>\n<\/p>\n<p><img loading=\"lazy\" decoding=\"async\" class=\"aligncenter wp-image-12578\" src=\"https:\/\/formar.shop\/wp-content\/uploads\/2022\/05\/brt.jpg\" alt=\"\" width=\"300\" height=\"163\" data-wp-pid=\"12578\"><\/p>\n<\/p>\n<p style=\"text-align: center;\"><img loading=\"lazy\" decoding=\"async\" class=\"\" src=\"https:\/\/s3-eu-west-1.amazonaws.com\/tpd\/logos\/5ea7e22c7a4aa40001deb02c\/0x0.png\" alt=\"FERCAM Group | L\u00e6s serviceanmeldelser af fercam.com\" width=\"303\" height=\"313\"><\/p>\n<\/p>\n<p style=\"text-align: center;\"><span style=\"color: #000000;\"><strong><em>Valget af spedit\u00f8r foretages automatisk af vores system, <\/em><\/strong><\/span><strong><em><span style=\"color: #000000;\">for at garantere maksimal leveringshastighed!<\/span><\/em><\/strong><\/p>\n<\/p>\n<p style=\"text-align: center;\">\n<p>Vores kundeservice st\u00e5r til din r\u00e5dighed. T\u00f8v ikke med at kontakte os, hvis du har brug for oplysninger eller \u00f8nsker et tilbud! Vores fagfolk vil besvare dine sp\u00f8rgsm\u00e5l om vores tjenester.<\/p>\n<a href=\"https:\/\/formar.shop\/da\/kontakt-os\/\" class=\"button primary box-shadow-1 lowercase expand\" style=\"border-radius:10px;\">\n\t\t<span>Kontakt os!<\/span>\n\t<\/a>\n\n","protected":false},"excerpt":{"rendered":"<p>TILMELDING Efter registreringen, som kun tager et par enkle trin, har den nye kunde et internt kontrolpanel, hvor de kan indtaste deres leveringsadresse, s\u00e5 systemet kan huske den for at fremskynde det n\u00e6ste k\u00f8b, og administrere indk\u00f8bskurven og produktsammenligningen. V\u00e6lg det produkt, den st\u00f8rrelse og den farve, de \u00f8nsker, og l\u00e6g det i indk\u00f8bskurven, n\u00e5r [&#8230;]\n","protected":false},"author":175,"featured_media":0,"parent":0,"menu_order":0,"comment_status":"closed","ping_status":"closed","template":"","meta":{"_joinchat":[],"footnotes":""},"class_list":["post-43609","page","type-page","status-publish","hentry"],"yoast_head":"<!-- This site is optimized with the Yoast SEO plugin v27.5 - https:\/\/yoast.com\/product\/yoast-seo-wordpress\/ -->\n<title>OMKOSTNINGER OG FORSENDELSESMETODER - Formar.shop<\/title>\n<meta name=\"robots\" content=\"index, follow, max-snippet:-1, max-image-preview:large, max-video-preview:-1\" \/>\n<link rel=\"canonical\" href=\"https:\/\/formar.shop\/da\/omkostninger-og-forsendelsesmetoder\/\" \/>\n<script type=\"application\/ld+json\" class=\"yoast-schema-graph\">{\"@context\":\"https:\\\/\\\/schema.org\",\"@graph\":[{\"@type\":\"WebPage\",\"@id\":\"https:\\\/\\\/formar.shop\\\/da\\\/omkostninger-og-forsendelsesmetoder\\\/\",\"url\":\"https:\\\/\\\/formar.shop\\\/da\\\/omkostninger-og-forsendelsesmetoder\\\/\",\"name\":\"OMKOSTNINGER OG FORSENDELSESMETODER - Formar.shop\",\"isPartOf\":{\"@id\":\"https:\\\/\\\/formar.shop\\\/da\\\/#website\"},\"primaryImageOfPage\":{\"@id\":\"https:\\\/\\\/formar.shop\\\/da\\\/omkostninger-og-forsendelsesmetoder\\\/#primaryimage\"},\"image\":{\"@id\":\"https:\\\/\\\/formar.shop\\\/da\\\/omkostninger-og-forsendelsesmetoder\\\/#primaryimage\"},\"thumbnailUrl\":\"https:\\\/\\\/formar.shop\\\/wp-content\\\/uploads\\\/2022\\\/05\\\/brt.jpg\",\"datePublished\":\"2025-01-18T20:19:30+00:00\",\"dateModified\":\"2025-01-18T20:19:34+00:00\",\"breadcrumb\":{\"@id\":\"https:\\\/\\\/formar.shop\\\/da\\\/omkostninger-og-forsendelsesmetoder\\\/#breadcrumb\"},\"inLanguage\":\"da-DK\",\"potentialAction\":[{\"@type\":\"ReadAction\",\"target\":[\"https:\\\/\\\/formar.shop\\\/da\\\/omkostninger-og-forsendelsesmetoder\\\/\"]}]},{\"@type\":\"ImageObject\",\"inLanguage\":\"da-DK\",\"@id\":\"https:\\\/\\\/formar.shop\\\/da\\\/omkostninger-og-forsendelsesmetoder\\\/#primaryimage\",\"url\":\"https:\\\/\\\/formar.shop\\\/wp-content\\\/uploads\\\/2022\\\/05\\\/brt.jpg\",\"contentUrl\":\"https:\\\/\\\/formar.shop\\\/wp-content\\\/uploads\\\/2022\\\/05\\\/brt.jpg\"},{\"@type\":\"BreadcrumbList\",\"@id\":\"https:\\\/\\\/formar.shop\\\/da\\\/omkostninger-og-forsendelsesmetoder\\\/#breadcrumb\",\"itemListElement\":[{\"@type\":\"ListItem\",\"position\":1,\"name\":\"Home\",\"item\":\"https:\\\/\\\/formar.shop\\\/da\\\/automatisk-udkast\\\/\"},{\"@type\":\"ListItem\",\"position\":2,\"name\":\"OMKOSTNINGER OG FORSENDELSESMETODER\"}]},{\"@type\":\"WebSite\",\"@id\":\"https:\\\/\\\/formar.shop\\\/da\\\/#website\",\"url\":\"https:\\\/\\\/formar.shop\\\/da\\\/\",\"name\":\"Formar.shop\",\"description\":\"Soluzioni espresse con stile\",\"potentialAction\":[{\"@type\":\"SearchAction\",\"target\":{\"@type\":\"EntryPoint\",\"urlTemplate\":\"https:\\\/\\\/formar.shop\\\/da\\\/?s={search_term_string}\"},\"query-input\":{\"@type\":\"PropertyValueSpecification\",\"valueRequired\":true,\"valueName\":\"search_term_string\"}}],\"inLanguage\":\"da-DK\"}]}<\/script>\n<!-- \/ Yoast SEO plugin. -->","yoast_head_json":{"title":"OMKOSTNINGER OG FORSENDELSESMETODER - Formar.shop","robots":{"index":"index","follow":"follow","max-snippet":"max-snippet:-1","max-image-preview":"max-image-preview:large","max-video-preview":"max-video-preview:-1"},"canonical":"https:\/\/formar.shop\/da\/omkostninger-og-forsendelsesmetoder\/","schema":{"@context":"https:\/\/schema.org","@graph":[{"@type":"WebPage","@id":"https:\/\/formar.shop\/da\/omkostninger-og-forsendelsesmetoder\/","url":"https:\/\/formar.shop\/da\/omkostninger-og-forsendelsesmetoder\/","name":"OMKOSTNINGER OG FORSENDELSESMETODER - Formar.shop","isPartOf":{"@id":"https:\/\/formar.shop\/da\/#website"},"primaryImageOfPage":{"@id":"https:\/\/formar.shop\/da\/omkostninger-og-forsendelsesmetoder\/#primaryimage"},"image":{"@id":"https:\/\/formar.shop\/da\/omkostninger-og-forsendelsesmetoder\/#primaryimage"},"thumbnailUrl":"https:\/\/formar.shop\/wp-content\/uploads\/2022\/05\/brt.jpg","datePublished":"2025-01-18T20:19:30+00:00","dateModified":"2025-01-18T20:19:34+00:00","breadcrumb":{"@id":"https:\/\/formar.shop\/da\/omkostninger-og-forsendelsesmetoder\/#breadcrumb"},"inLanguage":"da-DK","potentialAction":[{"@type":"ReadAction","target":["https:\/\/formar.shop\/da\/omkostninger-og-forsendelsesmetoder\/"]}]},{"@type":"ImageObject","inLanguage":"da-DK","@id":"https:\/\/formar.shop\/da\/omkostninger-og-forsendelsesmetoder\/#primaryimage","url":"https:\/\/formar.shop\/wp-content\/uploads\/2022\/05\/brt.jpg","contentUrl":"https:\/\/formar.shop\/wp-content\/uploads\/2022\/05\/brt.jpg"},{"@type":"BreadcrumbList","@id":"https:\/\/formar.shop\/da\/omkostninger-og-forsendelsesmetoder\/#breadcrumb","itemListElement":[{"@type":"ListItem","position":1,"name":"Home","item":"https:\/\/formar.shop\/da\/automatisk-udkast\/"},{"@type":"ListItem","position":2,"name":"OMKOSTNINGER OG FORSENDELSESMETODER"}]},{"@type":"WebSite","@id":"https:\/\/formar.shop\/da\/#website","url":"https:\/\/formar.shop\/da\/","name":"Formar.shop","description":"Soluzioni espresse con stile","potentialAction":[{"@type":"SearchAction","target":{"@type":"EntryPoint","urlTemplate":"https:\/\/formar.shop\/da\/?s={search_term_string}"},"query-input":{"@type":"PropertyValueSpecification","valueRequired":true,"valueName":"search_term_string"}}],"inLanguage":"da-DK"}]}},"_links":{"self":[{"href":"https:\/\/formar.shop\/da\/wp-json\/wp\/v2\/pages\/43609","targetHints":{"allow":["GET"]}}],"collection":[{"href":"https:\/\/formar.shop\/da\/wp-json\/wp\/v2\/pages"}],"about":[{"href":"https:\/\/formar.shop\/da\/wp-json\/wp\/v2\/types\/page"}],"author":[{"embeddable":true,"href":"https:\/\/formar.shop\/da\/wp-json\/wp\/v2\/users\/175"}],"replies":[{"embeddable":true,"href":"https:\/\/formar.shop\/da\/wp-json\/wp\/v2\/comments?post=43609"}],"version-history":[{"count":4,"href":"https:\/\/formar.shop\/da\/wp-json\/wp\/v2\/pages\/43609\/revisions"}],"predecessor-version":[{"id":43632,"href":"https:\/\/formar.shop\/da\/wp-json\/wp\/v2\/pages\/43609\/revisions\/43632"}],"wp:attachment":[{"href":"https:\/\/formar.shop\/da\/wp-json\/wp\/v2\/media?parent=43609"}],"curies":[{"name":"wp","href":"https:\/\/api.w.org\/{rel}","templated":true}]}}