{"id":42218,"date":"2025-01-18T15:41:41","date_gmt":"2025-01-18T14:41:41","guid":{"rendered":"https:\/\/formar.shop\/om-os\/"},"modified":"2025-11-18T12:06:00","modified_gmt":"2025-11-18T11:06:00","slug":"om-os","status":"publish","type":"page","link":"https:\/\/formar.shop\/da\/om-os\/","title":{"rendered":"Om os"},"content":{"rendered":"\n<div class=\"row\"  id=\"row-2052971369\">\n\n\n\t<div id=\"col-1628620357\" class=\"col medium-11 small-12 large-12\"  >\n\t\t\t\t<div class=\"col-inner text-center\"  >\n\t\t\t\n\t\t\t\n\n\t<div id=\"text-757543896\" class=\"text\">\n\t\t\n\n<h3><span style=\"font-size: 140%;\"><strong>HVEM ER VI<\/strong><\/span><\/h3>\n<p><strong data-start=\"181\" data-end=\"196\">Formar.shop<\/strong> er den officielle e-handelsplatform for <strong data-start=\"225\" data-end=\"248\">Formar Contract Srl<\/strong>, en italiensk virksomhed baseret i Falconara Marittima (AN), der er specialiseret i m\u00f8bler til kontorer, professionelle studier, offentlige rum og kontraktmilj\u00f8er. I over 20 \u00e5r har vi arbejdet med passion og ekspertise for at tilbyde funktionelle, holdbare m\u00f8bell\u00f8sninger med moderne design. <\/p>\n<div>\n<p data-start=\"539\" data-end=\"752\">Vores virksomhed er f\u00f8dt af erfaring inden for kontraktbranchen, med m\u00e5let om at bringe den samme kvalitet og p\u00e5lidelighed online, som altid har kendetegnet vores arbejde med virksomheder samt offentlige og private institutioner.<\/p>\n<hr data-start=\"754\" data-end=\"757\">\n<h2><strong>Det der g\u00f8r os unikke<\/strong><\/h2>\n<p data-start=\"1250\" data-end=\"1366\"><strong data-start=\"1250\" data-end=\"1277\">Erfaring og ekspertise<\/strong>: en lang historie inden for kontraktbranchen, der oms\u00e6ttes til p\u00e5lidelighed og professionalisme.<\/p>\n<p data-start=\"1369\" data-end=\"1507\"><strong data-start=\"1369\" data-end=\"1388\">Kurateret katalog<\/strong>: vi udv\u00e6lger omhyggeligt de bedste produkter til professionelt inventar med fokus p\u00e5 ergonomi, \u00e6stetik og holdbarhed.<\/p>\n<p data-start=\"1510\" data-end=\"1623\"><strong data-start=\"1510\" data-end=\"1539\">Personlig assistance<\/strong>: vores team st\u00e5r altid klar med r\u00e5dgivning og support f\u00f8r og efter k\u00f8bet.<\/p>\n<p data-start=\"1626\" data-end=\"1752\"><strong data-start=\"1626\" data-end=\"1643\">Multikanal<\/strong>: ud over formar.shop-websitet er vi ogs\u00e5 til stede p\u00e5 de vigtigste markedspladser med samme kvalitet og seri\u00f8sitet.<\/p>\n<p data-start=\"560\" data-end=\"744\">Gennem vores online shop tilbyder vi et bredt udvalg af udvalgte produkter, der kombinerer <strong data-start=\"665\" data-end=\"711\">teknisk ekspertise, passion for design<\/strong> og <strong data-start=\"714\" data-end=\"743\">fokus p\u00e5 kvalitet<\/strong>.<\/p>\n<hr data-start=\"746\" data-end=\"749\">\n<h2 data-start=\"751\" data-end=\"771\">Vores Mission<\/h2>\n<p data-start=\"813\" data-end=\"902\"><strong>Produkter af h\u00f8j kvalitet,<\/strong> b\u00e5de til professionelt inventar og boligindretning.<\/p>\n<p data-start=\"905\" data-end=\"1004\"><strong>Omhyggeligt og funktionelt design,<\/strong> med fokus p\u00e5 komfort, ergonomi og stil.<\/p>\n<p data-start=\"1007\" data-end=\"1101\"><strong>Intuitiv og sikker k\u00f8bsoplevelse,<\/strong> med hurtig og kompetent kundeservice.<\/p>\n<p data-start=\"1104\" data-end=\"1180\"><strong>Hurtig og gratis levering,<\/strong> for at im\u00f8dekomme alle behov effektivt.<\/p>\n<hr data-start=\"1574\" data-end=\"1577\">\n<h2 data-start=\"1579\" data-end=\"1599\">Vores Produkter<\/h2>\n<p data-start=\"1601\" data-end=\"1630\"><strong data-start=\"1634\" data-end=\"1656\">Kontorm\u00f8bler<\/strong>: skriveborde, stole, skabe, skuffemoduler og m\u00f8debordet.<\/p>\n<p data-start=\"1720\" data-end=\"1809\"><strong data-start=\"1720\" data-end=\"1771\">L\u00f8sninger til offentlige institutioner og kontraktmilj\u00f8er<\/strong>: b\u00e6nke, reoler, arkivm\u00f8bler.<\/p>\n<p data-start=\"1812\" data-end=\"1951\"><strong data-start=\"1812\" data-end=\"1839\">Boligm\u00f8bler<\/strong>: stole, borde, tilbeh\u00f8r, reoler og pladsbesparende l\u00f8sninger, altid med fokus p\u00e5 design og funktionalitet.<\/p>\n<hr data-start=\"1953\" data-end=\"1956\">\n<h2 data-start=\"1958\" data-end=\"1977\">Vores Kunder<\/h2>\n<p data-start=\"2005\" data-end=\"2031\">Virksomheder og professionelle<\/p>\n<p data-start=\"2034\" data-end=\"2067\">Offentlige institutioner og administrationer<\/p>\n<p data-start=\"2070\" data-end=\"2145\">Privatpersoner der s\u00f8ger moderne og funktionelle m\u00f8bell\u00f8sninger til hjemmet<\/p>\n<hr data-start=\"2147\" data-end=\"2150\">\n<h2 data-start=\"2335\" data-end=\"2349\">Konklusion<\/h2>\n<p data-start=\"2351\" data-end=\"2671\">I en verden der \u00e6ndrer sig hurtigt, tror vi p\u00e5, at kvalitet og p\u00e5lidelighed er uundv\u00e6rlige v\u00e6rdier. Med <strong data-start=\"2462\" data-end=\"2477\">Formar.shop<\/strong> tilbyder vi ikke kun m\u00f8bler, men \u00e6gte <strong data-start=\"2523\" data-end=\"2564\">velv\u00e6re- og funktionalitetsl\u00f8sninger<\/strong> til din hverdag, uanset om du planl\u00e6gger et nyt kontor eller g\u00f8r dit hjem mere indbydende. <\/p>\n<p data-start=\"2673\" data-end=\"2821\">At v\u00e6lge Formar.shop betyder at stole p\u00e5 en solid, transparent og engageret partner, der altid s\u00e6tter mennesker og deres behov i centrum.<\/p>\n<p data-start=\"2823\" data-end=\"2873\"><strong data-start=\"2823\" data-end=\"2873\">Formar.shop \u2013 Hvor dit rum tager form.<\/strong><\/p>\n<p> <\/p>\n<\/div>\n\t\t\n<style>\n#text-757543896 {\n  text-align: left;\n}\n<\/style>\n\t<\/div>\n\t\n\n\t\t<\/div>\n\t\t\t\t\n<style>\n#col-1628620357 > .col-inner {\n  padding: 0px 0px 0px 0;\n}\n@media (min-width:550px) {\n  #col-1628620357 > .col-inner {\n    padding: 0px 0px 0px 0px;\n  }\n}\n<\/style>\n\t<\/div>\n\n\t\n\n\t<div id=\"col-2047630161\" class=\"col medium-12 small-12 large-12\"  >\n\t\t\t\t<div class=\"col-inner\"  >\n\t\t\t\n\t\t\t\n\n\n  <div class=\"banner has-hover\" id=\"banner-1740144937\">\n          <div class=\"banner-inner fill\">\n        <div class=\"banner-bg fill\" >\n            <img loading=\"lazy\" decoding=\"async\" width=\"1600\" height=\"1200\" src=\"https:\/\/static.formar.net\/wp-content\/uploads\/sites\/1\/2024\/07\/02110352\/Universal-Color-Mobile-420_AMBENTATA_4.jpg\" class=\"bg attachment-original size-original\" alt=\"\" \/>                                    \n                    <\/div>\n\t\t\n        <div class=\"banner-layers container\">\n            <div class=\"fill banner-link\"><\/div>            \n\n   <div id=\"text-box-1490990281\" class=\"text-box banner-layer x50 md-x50 lg-x50 y50 md-y50 lg-y50 res-text\">\n                                <div class=\"text-box-content text dark\">\n              \n              <div class=\"text-inner text-center\">\n                  \n\n\n              <\/div>\n           <\/div>\n                            \n<style>\n#text-box-1490990281 {\n  width: 60%;\n}\n#text-box-1490990281 .text-box-content {\n  font-size: 100%;\n}\n@media (min-width:550px) {\n  #text-box-1490990281 {\n    width: 60%;\n  }\n}\n<\/style>\n    <\/div>\n \n\n        <\/div>\n      <\/div>\n\n            \n<style>\n#banner-1740144937 {\n  padding-top: 300px;\n  background-color: rgb(255, 255, 255);\n}\n#banner-1740144937 .banner-bg img {\n  object-position: 52% 77%;\n}\n@media (min-width:550px) {\n  #banner-1740144937 {\n    padding-top: 500px;\n  }\n}\n@media (min-width:850px) {\n  #banner-1740144937 {\n    padding-top: 570px;\n  }\n}\n<\/style>\n  <\/div>\n\n\n\n\t\t<\/div>\n\t\t\t\t\n<style>\n#col-2047630161 > .col-inner {\n  margin: -100px 0px 0px 0px;\n}\n@media (min-width:550px) {\n  #col-2047630161 > .col-inner {\n    margin: -150px 0px 0px 0px;\n  }\n}\n@media (min-width:850px) {\n  #col-2047630161 > .col-inner {\n    margin: 0px 0px 0px 0px;\n  }\n}\n<\/style>\n\t<\/div>\n\n\t\n\n<\/div>\n<div class=\"is-divider divider clearfix\" style=\"max-width:1000px;\"><\/div>\n\n\n","protected":false},"excerpt":{"rendered":"","protected":false},"author":5,"featured_media":0,"parent":0,"menu_order":0,"comment_status":"closed","ping_status":"closed","template":"","meta":{"_joinchat":[],"footnotes":""},"class_list":["post-42218","page","type-page","status-publish","hentry"],"yoast_head":"<!-- This site is optimized with the Yoast SEO plugin v27.4 - https:\/\/yoast.com\/product\/yoast-seo-wordpress\/ -->\n<title>Om os - Formar.shop<\/title>\n<meta name=\"robots\" content=\"index, follow, max-snippet:-1, max-image-preview:large, max-video-preview:-1\" \/>\n<link rel=\"canonical\" href=\"https:\/\/formar.shop\/da\/om-os\/\" \/>\n<script type=\"application\/ld+json\" class=\"yoast-schema-graph\">{\"@context\":\"https:\\\/\\\/schema.org\",\"@graph\":[{\"@type\":\"WebPage\",\"@id\":\"https:\\\/\\\/formar.shop\\\/da\\\/om-os\\\/\",\"url\":\"https:\\\/\\\/formar.shop\\\/da\\\/om-os\\\/\",\"name\":\"Om os - Formar.shop\",\"isPartOf\":{\"@id\":\"https:\\\/\\\/formar.shop\\\/da\\\/#website\"},\"datePublished\":\"2025-01-18T14:41:41+00:00\",\"dateModified\":\"2025-11-18T11:06:00+00:00\",\"breadcrumb\":{\"@id\":\"https:\\\/\\\/formar.shop\\\/da\\\/om-os\\\/#breadcrumb\"},\"inLanguage\":\"da-DK\",\"potentialAction\":[{\"@type\":\"ReadAction\",\"target\":[\"https:\\\/\\\/formar.shop\\\/da\\\/om-os\\\/\"]}]},{\"@type\":\"BreadcrumbList\",\"@id\":\"https:\\\/\\\/formar.shop\\\/da\\\/om-os\\\/#breadcrumb\",\"itemListElement\":[{\"@type\":\"ListItem\",\"position\":1,\"name\":\"Home\",\"item\":\"https:\\\/\\\/formar.shop\\\/da\\\/automatisk-udkast\\\/\"},{\"@type\":\"ListItem\",\"position\":2,\"name\":\"Om os\"}]},{\"@type\":\"WebSite\",\"@id\":\"https:\\\/\\\/formar.shop\\\/da\\\/#website\",\"url\":\"https:\\\/\\\/formar.shop\\\/da\\\/\",\"name\":\"Formar.shop\",\"description\":\"Soluzioni espresse con stile\",\"potentialAction\":[{\"@type\":\"SearchAction\",\"target\":{\"@type\":\"EntryPoint\",\"urlTemplate\":\"https:\\\/\\\/formar.shop\\\/da\\\/?s={search_term_string}\"},\"query-input\":{\"@type\":\"PropertyValueSpecification\",\"valueRequired\":true,\"valueName\":\"search_term_string\"}}],\"inLanguage\":\"da-DK\"}]}<\/script>\n<!-- \/ Yoast SEO plugin. -->","yoast_head_json":{"title":"Om os - Formar.shop","robots":{"index":"index","follow":"follow","max-snippet":"max-snippet:-1","max-image-preview":"max-image-preview:large","max-video-preview":"max-video-preview:-1"},"canonical":"https:\/\/formar.shop\/da\/om-os\/","schema":{"@context":"https:\/\/schema.org","@graph":[{"@type":"WebPage","@id":"https:\/\/formar.shop\/da\/om-os\/","url":"https:\/\/formar.shop\/da\/om-os\/","name":"Om os - Formar.shop","isPartOf":{"@id":"https:\/\/formar.shop\/da\/#website"},"datePublished":"2025-01-18T14:41:41+00:00","dateModified":"2025-11-18T11:06:00+00:00","breadcrumb":{"@id":"https:\/\/formar.shop\/da\/om-os\/#breadcrumb"},"inLanguage":"da-DK","potentialAction":[{"@type":"ReadAction","target":["https:\/\/formar.shop\/da\/om-os\/"]}]},{"@type":"BreadcrumbList","@id":"https:\/\/formar.shop\/da\/om-os\/#breadcrumb","itemListElement":[{"@type":"ListItem","position":1,"name":"Home","item":"https:\/\/formar.shop\/da\/automatisk-udkast\/"},{"@type":"ListItem","position":2,"name":"Om os"}]},{"@type":"WebSite","@id":"https:\/\/formar.shop\/da\/#website","url":"https:\/\/formar.shop\/da\/","name":"Formar.shop","description":"Soluzioni espresse con stile","potentialAction":[{"@type":"SearchAction","target":{"@type":"EntryPoint","urlTemplate":"https:\/\/formar.shop\/da\/?s={search_term_string}"},"query-input":{"@type":"PropertyValueSpecification","valueRequired":true,"valueName":"search_term_string"}}],"inLanguage":"da-DK"}]}},"_links":{"self":[{"href":"https:\/\/formar.shop\/da\/wp-json\/wp\/v2\/pages\/42218","targetHints":{"allow":["GET"]}}],"collection":[{"href":"https:\/\/formar.shop\/da\/wp-json\/wp\/v2\/pages"}],"about":[{"href":"https:\/\/formar.shop\/da\/wp-json\/wp\/v2\/types\/page"}],"author":[{"embeddable":true,"href":"https:\/\/formar.shop\/da\/wp-json\/wp\/v2\/users\/5"}],"replies":[{"embeddable":true,"href":"https:\/\/formar.shop\/da\/wp-json\/wp\/v2\/comments?post=42218"}],"version-history":[{"count":11,"href":"https:\/\/formar.shop\/da\/wp-json\/wp\/v2\/pages\/42218\/revisions"}],"predecessor-version":[{"id":61919,"href":"https:\/\/formar.shop\/da\/wp-json\/wp\/v2\/pages\/42218\/revisions\/61919"}],"wp:attachment":[{"href":"https:\/\/formar.shop\/da\/wp-json\/wp\/v2\/media?parent=42218"}],"curies":[{"name":"wp","href":"https:\/\/api.w.org\/{rel}","templated":true}]}}