{"id":44959,"date":"2020-12-20T16:19:38","date_gmt":"2020-12-20T15:19:38","guid":{"rendered":"https:\/\/formar.shop\/prodotto\/sazeci-stroj-strom-01\/"},"modified":"2025-11-18T12:03:25","modified_gmt":"2025-11-18T11:03:25","slug":"sazeci-stroj-strom-01","status":"publish","type":"product","link":"https:\/\/formar.shop\/cs\/prodotto\/sazeci-stroj-strom-01\/","title":{"rendered":"S\u00e1zec\u00ed stroj &#8211; Strom 01"},"content":{"rendered":"<div class=\"is-divider divider clearfix\" style=\"max-width:2000px;\"><\/div>\n<div class=\"slider-wrapper relative\" id=\"slider-640392057\" >\n    <div class=\"slider slider-nav-circle slider-nav-large slider-nav-dark slider-style-normal\"\n        data-flickity-options='{\n            \"cellAlign\": \"center\",\n            \"imagesLoaded\": true,\n            \"lazyLoad\": 1,\n            \"freeScroll\": false,\n            \"wrapAround\": true,\n            \"autoPlay\": 6000,\n            \"pauseAutoPlayOnHover\" : true,\n            \"prevNextButtons\": true,\n            \"contain\" : true,\n            \"adaptiveHeight\" : true,\n            \"dragThreshold\" : 10,\n            \"percentPosition\": true,\n            \"pageDots\": true,\n            \"rightToLeft\": false,\n            \"draggable\": true,\n            \"selectedAttraction\": 0.1,\n            \"parallax\" : 0,\n            \"friction\": 0.6        }'\n        >\n        \n\t<div class=\"img has-hover x md-x lg-x y md-y lg-y\" id=\"image_1271154754\">\n\t\t\t\t\t\t\t\t<div class=\"img-inner dark\" >\n\t\t\t<img loading=\"lazy\" decoding=\"async\" width=\"1020\" height=\"680\" src=\"https:\/\/static.formar.net\/wp-content\/uploads\/sites\/1\/2022\/11\/02111101\/IMG_1897-1030x687.jpg\" class=\"attachment-large size-large\" alt=\"\" srcset=\"https:\/\/static.formar.net\/wp-content\/uploads\/sites\/1\/2022\/11\/02111101\/IMG_1897-1030x687.jpg 1030w, https:\/\/static.formar.net\/wp-content\/uploads\/sites\/1\/2022\/11\/02111101\/IMG_1897-300x200.jpg 300w, https:\/\/static.formar.net\/wp-content\/uploads\/sites\/1\/2022\/11\/02111101\/IMG_1897-768x512.jpg 768w, https:\/\/static.formar.net\/wp-content\/uploads\/sites\/1\/2022\/11\/02111101\/IMG_1897-1536x1024.jpg 1536w, https:\/\/static.formar.net\/wp-content\/uploads\/sites\/1\/2022\/11\/02111101\/IMG_1897-2048x1365.jpg 2048w, https:\/\/static.formar.net\/wp-content\/uploads\/sites\/1\/2022\/11\/02111101\/IMG_1897-510x340.jpg 510w, https:\/\/static.formar.net\/wp-content\/uploads\/sites\/1\/2022\/11\/02111101\/IMG_1897-1200x800.jpg 1200w, https:\/\/static.formar.net\/wp-content\/uploads\/sites\/1\/2022\/11\/02111101\/IMG_1897-600x400.jpg 600w\" sizes=\"auto, (max-width: 1020px) 100vw, 1020px\" \/>\t\t\t\t\t\t\n\t\t\t\t\t<\/div>\n\t\t\t\t\t\t\t\t\n<style>\n#image_1271154754 {\n  width: 100%;\n}\n<\/style>\n\t<\/div>\n\t\n\t<div class=\"img has-hover x md-x lg-x y md-y lg-y\" id=\"image_1922118711\">\n\t\t\t\t\t\t\t\t<div class=\"img-inner dark\" >\n\t\t\t<img loading=\"lazy\" decoding=\"async\" width=\"1020\" height=\"680\" src=\"https:\/\/static.formar.net\/wp-content\/uploads\/sites\/1\/2022\/11\/02111103\/IMG_1896-1030x687.jpg\" class=\"attachment-large size-large\" alt=\"\" srcset=\"https:\/\/static.formar.net\/wp-content\/uploads\/sites\/1\/2022\/11\/02111103\/IMG_1896-1030x687.jpg 1030w, https:\/\/static.formar.net\/wp-content\/uploads\/sites\/1\/2022\/11\/02111103\/IMG_1896-300x200.jpg 300w, https:\/\/static.formar.net\/wp-content\/uploads\/sites\/1\/2022\/11\/02111103\/IMG_1896-768x512.jpg 768w, https:\/\/static.formar.net\/wp-content\/uploads\/sites\/1\/2022\/11\/02111103\/IMG_1896-1536x1024.jpg 1536w, https:\/\/static.formar.net\/wp-content\/uploads\/sites\/1\/2022\/11\/02111103\/IMG_1896-2048x1365.jpg 2048w, https:\/\/static.formar.net\/wp-content\/uploads\/sites\/1\/2022\/11\/02111103\/IMG_1896-510x340.jpg 510w, https:\/\/static.formar.net\/wp-content\/uploads\/sites\/1\/2022\/11\/02111103\/IMG_1896-1200x800.jpg 1200w, https:\/\/static.formar.net\/wp-content\/uploads\/sites\/1\/2022\/11\/02111103\/IMG_1896-600x400.jpg 600w\" sizes=\"auto, (max-width: 1020px) 100vw, 1020px\" \/>\t\t\t\t\t\t\n\t\t\t\t\t<\/div>\n\t\t\t\t\t\t\t\t\n<style>\n#image_1922118711 {\n  width: 100%;\n}\n<\/style>\n\t<\/div>\n\t\n\t<div class=\"img has-hover x md-x lg-x y md-y lg-y\" id=\"image_1370188757\">\n\t\t\t\t\t\t\t\t<div class=\"img-inner dark\" >\n\t\t\t<img loading=\"lazy\" decoding=\"async\" width=\"1020\" height=\"607\" src=\"https:\/\/static.formar.net\/wp-content\/uploads\/sites\/1\/2022\/11\/02111100\/IMG_1901-1030x613.jpg\" class=\"attachment-large size-large\" alt=\"\" srcset=\"https:\/\/static.formar.net\/wp-content\/uploads\/sites\/1\/2022\/11\/02111100\/IMG_1901-1030x613.jpg 1030w, https:\/\/static.formar.net\/wp-content\/uploads\/sites\/1\/2022\/11\/02111100\/IMG_1901-300x179.jpg 300w, https:\/\/static.formar.net\/wp-content\/uploads\/sites\/1\/2022\/11\/02111100\/IMG_1901-768x457.jpg 768w, https:\/\/static.formar.net\/wp-content\/uploads\/sites\/1\/2022\/11\/02111100\/IMG_1901-1536x915.jpg 1536w, https:\/\/static.formar.net\/wp-content\/uploads\/sites\/1\/2022\/11\/02111100\/IMG_1901-2048x1219.jpg 2048w, https:\/\/static.formar.net\/wp-content\/uploads\/sites\/1\/2022\/11\/02111100\/IMG_1901-510x304.jpg 510w, https:\/\/static.formar.net\/wp-content\/uploads\/sites\/1\/2022\/11\/02111100\/IMG_1901-1200x715.jpg 1200w, https:\/\/static.formar.net\/wp-content\/uploads\/sites\/1\/2022\/11\/02111100\/IMG_1901-600x357.jpg 600w\" sizes=\"auto, (max-width: 1020px) 100vw, 1020px\" \/>\t\t\t\t\t\t\n\t\t\t\t\t<\/div>\n\t\t\t\t\t\t\t\t\n<style>\n#image_1370188757 {\n  width: 100%;\n}\n<\/style>\n\t<\/div>\n\t\n\t<div class=\"img has-hover x md-x lg-x y md-y lg-y\" id=\"image_770006610\">\n\t\t\t\t\t\t\t\t<div class=\"img-inner dark\" >\n\t\t\t<img loading=\"lazy\" decoding=\"async\" width=\"1020\" height=\"663\" src=\"https:\/\/static.formar.net\/wp-content\/uploads\/sites\/1\/2022\/11\/02111058\/IMG_1902-1030x669.jpg\" class=\"attachment-large size-large\" alt=\"\" srcset=\"https:\/\/static.formar.net\/wp-content\/uploads\/sites\/1\/2022\/11\/02111058\/IMG_1902-1030x669.jpg 1030w, https:\/\/static.formar.net\/wp-content\/uploads\/sites\/1\/2022\/11\/02111058\/IMG_1902-300x195.jpg 300w, https:\/\/static.formar.net\/wp-content\/uploads\/sites\/1\/2022\/11\/02111058\/IMG_1902-768x499.jpg 768w, https:\/\/static.formar.net\/wp-content\/uploads\/sites\/1\/2022\/11\/02111058\/IMG_1902-1536x998.jpg 1536w, https:\/\/static.formar.net\/wp-content\/uploads\/sites\/1\/2022\/11\/02111058\/IMG_1902-2048x1331.jpg 2048w, https:\/\/static.formar.net\/wp-content\/uploads\/sites\/1\/2022\/11\/02111058\/IMG_1902-510x331.jpg 510w, https:\/\/static.formar.net\/wp-content\/uploads\/sites\/1\/2022\/11\/02111058\/IMG_1902-1200x780.jpg 1200w, https:\/\/static.formar.net\/wp-content\/uploads\/sites\/1\/2022\/11\/02111058\/IMG_1902-600x390.jpg 600w\" sizes=\"auto, (max-width: 1020px) 100vw, 1020px\" \/>\t\t\t\t\t\t\n\t\t\t\t\t<\/div>\n\t\t\t\t\t\t\t\t\n<style>\n#image_770006610 {\n  width: 100%;\n}\n<\/style>\n\t<\/div>\n\t\n     <\/div>\n\n     <div class=\"loading-spin dark large centered\"><\/div>\n\n\t<\/div>\n\n\n<div class=\"is-divider divider clearfix\" style=\"max-width:2000px;\"><\/div>\n<h3>S\u00c1ZEC\u00cd STROJ &#8211; STROM 01<\/h3>\n<p>Ud\u011blejte sv\u016fj zelen\u00fd koutek doma, na zahrad\u011b, terase nebo balk\u00f3n\u011b opravdu jedine\u010dn\u00fdm s designov\u00fdm kv\u011btin\u00e1\u010dem.<\/p>\n<p>Kv\u011btin\u00e1\u010d Tree 01 je ide\u00e1ln\u00ed <strong>designov\u00fd<\/strong> prvek pro vybaven\u00ed jak\u00e9hokoli prostoru, a\u0165 u\u017e <strong>vnit\u0159n\u00edho<\/strong> nebo <strong>venkovn\u00edho<\/strong>.<\/p>\n<p>Je mo\u017en\u00e9 <strong>m\u011bnit v\u00fd\u0161ku<\/strong> jednodu\u0161e oto\u010den\u00edm d\u0159ev\u011bn\u00e9 konstrukce.<\/p>\n<h3 class=\"av-special-heading-tag \">DESIGN PRODUKTU<\/h3>\n<p>S\u00e1zec\u00ed kv\u011btin\u00e1\u010d Tree 01 vymyslel a navrhl italsk\u00fd design\u00e9r Mario Mazzer, kter\u00fd v roce 1978 vystudoval architekturu na mil\u00e1nsk\u00e9 polytechnice a v roce 1979 absolvoval pr\u016fmyslov\u00fd design na Scuola Politecnica di Design v Mil\u00e1n\u011b.<x id=\"gid_0\"><\/x>Zde se v 70. letech vzd\u011bl\u00e1val, spolupracoval s mistry italsk\u00e9ho designu a v roce 1980 zalo\u017eil v Conegliano Veneto architektonickou kancel\u00e1\u0159 Mario Mazzer Architects. Je n\u011bkolikan\u00e1sobn\u00fdm dr\u017eitelem ocen\u011bn\u00ed, v roce 1996 z\u00edskal \u010destn\u00e9 uzn\u00e1n\u00ed na ID Annual Design Review v New Yorku. P\u0159edv\u00e1d\u011bn\u00edm sv\u00e9 pr\u00e1ce v\u00fdrazn\u011b p\u0159isp\u011bl k propagaci popularity italsk\u00fdch v\u00fdrobk\u016f po cel\u00e9m sv\u011bt\u011b.  <\/p>\n<h3 class=\"av-special-heading-tag \">POZORNOST V\u011aNOVAN\u00c1 DETAIL\u016eM<\/h3>\n<p>Kv\u011btin\u00e1\u010d Tree 01 se skl\u00e1d\u00e1 z <strong>masivn\u00edho d\u0159ev\u011bn\u00e9ho<\/strong> podstavce, kter\u00fd dod\u00e1 m\u00edstnosti p\u0159\u00edrodn\u00ed n\u00e1dech, zat\u00edmco kv\u011btin\u00e1\u010d je vyroben z odoln\u00e9ho <strong>b\u00edl\u00e9ho polypropylenu<\/strong> s perforovan\u00fdm dnem, kter\u00e9 umo\u017e\u0148uje \u00fanik p\u0159ebyte\u010dn\u00e9 vody.<\/p>\n<h3 class=\"av-special-heading-tag \">SNADN\u00c1 MONT\u00c1\u017d<\/h3>\n<p>Lze jej snadno sestavit a um\u00edst\u011bn\u00ed kv\u011btin\u00e1\u010de na podstavci ur\u010duje jeho v\u00fd\u0161ku (26 cm nebo 33 cm).<\/p>\n<h3 id=\"h-finiture-di-qualit-e-made-in-italy\">ROZM\u011aRY V\u00ddROBKU<\/h3>\n<p>Produkt m\u00e1 rozm\u011bry:<\/p>\n<p>\u2013 pr\u016fm\u011br 16,6 cm<br \/>\n\u2013 v\u00fd\u0161ka 26\/33 cm<\/p>\n<h3>P\u00c9\u010cE A \u00daDR\u017dBA:<\/h3>\n<p>P\u0159ed pou\u017eit\u00edm \u010distic\u00edch prost\u0159edk\u016f je pros\u00edm otestujte na neviditeln\u00e9 plo\u0161e pro kompatibilitu. Nikdy nepou\u017e\u00edvejte \u010distic\u00ed prost\u0159edky nebo le\u0161tidla s abrazivn\u00edmi nebo odma\u0161\u0165uj\u00edc\u00edmi \u010d\u00e1sticemi. V\u017edy \u010dist\u011bte vlhk\u00fdm had\u0159\u00edkem a osu\u0161te.<\/p>\n\n\t<section class=\"section\" id=\"section_764817257\">\n\t\t<div class=\"section-bg fill\" >\n\t\t\t\t\t\t\t\t\t\n\t\t\t\n\n\t\t<\/div>\n\n\t\t\n\n\t\t<div class=\"section-content relative\">\n\t\t\t\n<div class=\"is-divider divider clearfix\" style=\"max-width:1000px;\"><\/div>\n<div class=\"row row-solid\"  id=\"row-812010368\">\n\n\t<div id=\"col-48222840\" class=\"col medium-3 small-12 large-3\"  >\n\t\t\t\t<div class=\"col-inner\"  >\n\t\t\t\n\t\t\t\n\n\t\t<div class=\"icon-box featured-box icon-box-center text-center\"  >\n\t\t\t\t\t<div class=\"icon-box-img\" style=\"width: 50px\">\n\t\t\t\t<div class=\"icon\">\n\t\t\t\t\t<div class=\"icon-inner\" >\n\t\t\t\t\t\t<img loading=\"lazy\" decoding=\"async\" width=\"128\" height=\"128\" src=\"https:\/\/static.formar.net\/wp-content\/uploads\/sites\/1\/2022\/10\/02111131\/2703076-128-1-1.png\" class=\"attachment-medium size-medium\" alt=\"\" srcset=\"https:\/\/static.formar.net\/wp-content\/uploads\/sites\/1\/2022\/10\/02111131\/2703076-128-1-1.png 128w, https:\/\/static.formar.net\/wp-content\/uploads\/sites\/1\/2022\/10\/02111131\/2703076-128-1-1-80x80.png 80w, https:\/\/static.formar.net\/wp-content\/uploads\/sites\/1\/2022\/10\/02111131\/2703076-128-1-1-100x100.png 100w, https:\/\/static.formar.net\/wp-content\/uploads\/sites\/1\/2022\/10\/02111131\/2703076-128-1-1-50x50.png 50w\" sizes=\"auto, (max-width: 128px) 100vw, 128px\" \/>\t\t\t\t\t<\/div>\n\t\t\t\t<\/div>\n\t\t\t<\/div>\n\t\t\t\t<div class=\"icon-box-text last-reset\">\n\t\t\t\t\t\t\t\t\t\n<h3>Z\u00e1kaznick\u00fd servis v\u017edy k dispozici<\/h3>\n<p>M\u016f\u017eete n\u00e1s kontaktovat prost\u0159ednictv\u00edm aplikace WhatsApp:  <a href=\"https:\/\/api.whatsapp.com\/send\/?phone=390715906063&amp;text&amp;type=phone_number&amp;app_absent=0\">+39 071 5906063<\/a><\/p>\n<p>Telefonick\u00e9 objedn\u00e1vky: <a href=\"tel:+39800122267\">800 122 267<\/a><\/p>\n\t\t<\/div>\n\t<\/div>\n\t\n\t\n\t\t<\/div>\n\t\t\t\t\t<\/div>\n\n\t\n\n\t<div id=\"col-1523767896\" class=\"col medium-3 small-12 large-3\"  >\n\t\t\t\t<div class=\"col-inner\"  >\n\t\t\t\n\t\t\t\n\n\t\t<div class=\"icon-box featured-box icon-box-center text-center\"  >\n\t\t\t\t\t<div class=\"icon-box-img\" style=\"width: 50px\">\n\t\t\t\t<div class=\"icon\">\n\t\t\t\t\t<div class=\"icon-inner\" >\n\t\t\t\t\t\t<img loading=\"lazy\" decoding=\"async\" width=\"256\" height=\"256\" src=\"https:\/\/static.formar.net\/wp-content\/uploads\/sites\/1\/2022\/11\/02111117\/Icona-carta-di-credito.png\" class=\"attachment-medium size-medium\" alt=\"\" srcset=\"https:\/\/static.formar.net\/wp-content\/uploads\/sites\/1\/2022\/11\/02111117\/Icona-carta-di-credito.png 256w, https:\/\/static.formar.net\/wp-content\/uploads\/sites\/1\/2022\/11\/02111117\/Icona-carta-di-credito-80x80.png 80w, https:\/\/static.formar.net\/wp-content\/uploads\/sites\/1\/2022\/11\/02111117\/Icona-carta-di-credito-100x100.png 100w, https:\/\/static.formar.net\/wp-content\/uploads\/sites\/1\/2022\/11\/02111117\/Icona-carta-di-credito-50x50.png 50w\" sizes=\"auto, (max-width: 256px) 100vw, 256px\" \/>\t\t\t\t\t<\/div>\n\t\t\t\t<\/div>\n\t\t\t<\/div>\n\t\t\t\t<div class=\"icon-box-text last-reset\">\n\t\t\t\t\t\t\t\t\t\n<h3>Zvolte si formu platby<\/h3>\n<p>Platba p\u0159es Paypal, kreditn\u00ed kartou, v hotovosti nebo debetn\u00ed kartou (na m\u00edst\u011b) a na dob\u00edrku<\/p>\n\t\t<\/div>\n\t<\/div>\n\t\n\t\n\t\t<\/div>\n\t\t\t\t\t<\/div>\n\n\t\n\n\t<div id=\"col-1038371717\" class=\"col medium-3 small-12 large-3\"  >\n\t\t\t\t<div class=\"col-inner\"  >\n\t\t\t\n\t\t\t\n\n\t\t<div class=\"icon-box featured-box icon-box-center text-center\"  >\n\t\t\t\t\t<div class=\"icon-box-img\" style=\"width: 50px\">\n\t\t\t\t<div class=\"icon\">\n\t\t\t\t\t<div class=\"icon-inner\" >\n\t\t\t\t\t\t<img loading=\"lazy\" decoding=\"async\" width=\"128\" height=\"128\" src=\"https:\/\/static.formar.net\/wp-content\/uploads\/sites\/1\/2022\/10\/02111130\/3669335-128-1.png\" class=\"attachment-medium size-medium\" alt=\"\" srcset=\"https:\/\/static.formar.net\/wp-content\/uploads\/sites\/1\/2022\/10\/02111130\/3669335-128-1.png 128w, https:\/\/static.formar.net\/wp-content\/uploads\/sites\/1\/2022\/10\/02111130\/3669335-128-1-80x80.png 80w, https:\/\/static.formar.net\/wp-content\/uploads\/sites\/1\/2022\/10\/02111130\/3669335-128-1-100x100.png 100w, https:\/\/static.formar.net\/wp-content\/uploads\/sites\/1\/2022\/10\/02111130\/3669335-128-1-50x50.png 50w\" sizes=\"auto, (max-width: 128px) 100vw, 128px\" \/>\t\t\t\t\t<\/div>\n\t\t\t\t<\/div>\n\t\t\t<\/div>\n\t\t\t\t<div class=\"icon-box-text last-reset\">\n\t\t\t\t\t\t\t\t\t\n<h3>Snadn\u00fd a bezstarostn\u00fd n\u00e1vrat<\/h3>\n<p>V p\u0159\u00edpad\u011b probl\u00e9m\u016f zajist\u00edme vyzvednut\u00ed p\u0159\u00edmo na va\u0161\u00ed adrese.<a href=\"https:\/\/formar.shop\/cs\/pravidla-pro-vraceni\/\">(Dal\u0161\u00ed podrobnosti)<\/a>.<\/p>\n\t\t<\/div>\n\t<\/div>\n\t\n\t\n\t\t<\/div>\n\t\t\t\t\t<\/div>\n\n\t\n\n\t<div id=\"col-1666109315\" class=\"col medium-3 small-12 large-3\"  >\n\t\t\t\t<div class=\"col-inner\"  >\n\t\t\t\n\t\t\t\n\n\t\t<div class=\"icon-box featured-box icon-box-center text-center\"  >\n\t\t\t\t\t<div class=\"icon-box-img\" style=\"width: 50px\">\n\t\t\t\t<div class=\"icon\">\n\t\t\t\t\t<div class=\"icon-inner\" >\n\t\t\t\t\t\t<img loading=\"lazy\" decoding=\"async\" width=\"128\" height=\"128\" src=\"https:\/\/static.formar.net\/wp-content\/uploads\/sites\/1\/2022\/10\/02111130\/5959201-128-1.png\" class=\"attachment-medium size-medium\" alt=\"\" srcset=\"https:\/\/static.formar.net\/wp-content\/uploads\/sites\/1\/2022\/10\/02111130\/5959201-128-1.png 128w, https:\/\/static.formar.net\/wp-content\/uploads\/sites\/1\/2022\/10\/02111130\/5959201-128-1-80x80.png 80w, https:\/\/static.formar.net\/wp-content\/uploads\/sites\/1\/2022\/10\/02111130\/5959201-128-1-100x100.png 100w, https:\/\/static.formar.net\/wp-content\/uploads\/sites\/1\/2022\/10\/02111130\/5959201-128-1-50x50.png 50w\" sizes=\"auto, (max-width: 128px) 100vw, 128px\" \/>\t\t\t\t\t<\/div>\n\t\t\t\t<\/div>\n\t\t\t<\/div>\n\t\t\t\t<div class=\"icon-box-text last-reset\">\n\t\t\t\t\t\t\t\t\t\n<h3>Z\u00e1ruka v\u00fdrobce a n\u00e1hradn\u00ed d\u00edly<\/h3>\n<p>Na v\u0161echny na\u0161e v\u00fdrobky se vztahuje na\u0161e z\u00e1ruka. Na mnoho v\u00fdrobk\u016f poskytujeme z\u00e1ruku na n\u00e1hradn\u00ed d\u00edly po stejnou dobu.<\/p>\n\t\t<\/div>\n\t<\/div>\n\t\n\t\n\t\t<\/div>\n\t\t\t\t\t<\/div>\n\n\t\n\n<style>\n#row-812010368 > .col > .col-inner {\n  padding: 20px 20px 20px 20px;\n}\n<\/style>\n<\/div>\n\t\t<\/div>\n\n\t\t\n<style>\n#section_764817257 {\n  padding-top: 30px;\n  padding-bottom: 30px;\n}\n<\/style>\n\t<\/section>\n\t\n\n\t<section class=\"section\" id=\"section_1801538621\">\n\t\t<div class=\"section-bg fill\" >\n\t\t\t\t\t\t\t\t\t\n\t\t\t\n\n\t\t<\/div>\n\n\t\t\n\n\t\t<div class=\"section-content relative\">\n\t\t\t\n\t\t<\/div>\n\n\t\t\n<style>\n#section_1801538621 {\n  padding-top: 30px;\n  padding-bottom: 30px;\n}\n<\/style>\n\t<\/section>\n\t\n","protected":false},"excerpt":{"rendered":"<p>Navr\u017eena a projektov\u00e1na italsk\u00fdm design\u00e9rem MARIO MAZZEREM, kv\u011btin\u00e1\u010d Tree 01 je produkt s modern\u00edm, jednoduch\u00fdm a elegantn\u00edm designem. Masivn\u00ed d\u0159evo z\u00e1kladny m\u00e1 jednotnou strukturu a jemn\u00e9 barvy, je odoln\u00e9 a snadno se nedeformuje. V kombinaci s b\u00edlou barvou podp\u011bry je ide\u00e1ln\u00ed pro dekoraci jak\u00e9hokoli prostoru, a\u0165 u\u017e vnit\u0159n\u00edho nebo venkovn\u00edho.  <\/p>\n","protected":false},"featured_media":44960,"template":"","meta":{"_joinchat":[]},"product_brand":[154],"product_cat":[1604,1747],"product_tag":[1748],"class_list":{"0":"post-44959","1":"product","2":"type-product","3":"status-publish","4":"has-post-thumbnail","6":"product_brand-fbasic","7":"product_cat-home-cs","8":"product_cat-planters-cs","9":"product_tag-vaza-cs","11":"first","12":"instock","13":"taxable","14":"shipping-taxable","15":"purchasable","16":"product-type-simple"},"yoast_head":"<!-- This site is optimized with the Yoast SEO plugin v27.3 - https:\/\/yoast.com\/product\/yoast-seo-wordpress\/ -->\n<title>S\u00e1zec\u00ed stroj - Strom 01 - Formar.shop<\/title>\n<meta name=\"robots\" content=\"index, follow, max-snippet:-1, max-image-preview:large, max-video-preview:-1\" \/>\n<link rel=\"canonical\" href=\"https:\/\/formar.shop\/cs\/prodotto\/sazeci-stroj-strom-01\/\" \/>\n<script type=\"application\/ld+json\" class=\"yoast-schema-graph\">{\"@context\":\"https:\\\/\\\/schema.org\",\"@graph\":[{\"@type\":\"WebPage\",\"@id\":\"https:\\\/\\\/formar.shop\\\/cs\\\/prodotto\\\/sazeci-stroj-strom-01\\\/\",\"url\":\"https:\\\/\\\/formar.shop\\\/cs\\\/prodotto\\\/sazeci-stroj-strom-01\\\/\",\"name\":\"S\u00e1zec\u00ed stroj - Strom 01 - Formar.shop\",\"isPartOf\":{\"@id\":\"https:\\\/\\\/formar.shop\\\/cs\\\/#website\"},\"primaryImageOfPage\":{\"@id\":\"https:\\\/\\\/formar.shop\\\/cs\\\/prodotto\\\/sazeci-stroj-strom-01\\\/#primaryimage\"},\"image\":{\"@id\":\"https:\\\/\\\/formar.shop\\\/cs\\\/prodotto\\\/sazeci-stroj-strom-01\\\/#primaryimage\"},\"thumbnailUrl\":\"https:\\\/\\\/static.formar.net\\\/wp-content\\\/uploads\\\/2020\\\/12\\\/22160539\\\/Immagini-di-prodotto-x-Amazon-11-1.png\",\"datePublished\":\"2020-12-20T15:19:38+00:00\",\"dateModified\":\"2025-11-18T11:03:25+00:00\",\"breadcrumb\":{\"@id\":\"https:\\\/\\\/formar.shop\\\/cs\\\/prodotto\\\/sazeci-stroj-strom-01\\\/#breadcrumb\"},\"inLanguage\":\"cs\",\"potentialAction\":[{\"@type\":\"ReadAction\",\"target\":[\"https:\\\/\\\/formar.shop\\\/cs\\\/prodotto\\\/sazeci-stroj-strom-01\\\/\"]}]},{\"@type\":\"ImageObject\",\"inLanguage\":\"cs\",\"@id\":\"https:\\\/\\\/formar.shop\\\/cs\\\/prodotto\\\/sazeci-stroj-strom-01\\\/#primaryimage\",\"url\":\"https:\\\/\\\/static.formar.net\\\/wp-content\\\/uploads\\\/2020\\\/12\\\/22160539\\\/Immagini-di-prodotto-x-Amazon-11-1.png\",\"contentUrl\":\"https:\\\/\\\/static.formar.net\\\/wp-content\\\/uploads\\\/2020\\\/12\\\/22160539\\\/Immagini-di-prodotto-x-Amazon-11-1.png\",\"width\":1001,\"height\":1001},{\"@type\":\"BreadcrumbList\",\"@id\":\"https:\\\/\\\/formar.shop\\\/cs\\\/prodotto\\\/sazeci-stroj-strom-01\\\/#breadcrumb\",\"itemListElement\":[{\"@type\":\"ListItem\",\"position\":1,\"name\":\"Home\",\"item\":\"https:\\\/\\\/formar.shop\\\/cs\\\/automaticky-navrh\\\/\"},{\"@type\":\"ListItem\",\"position\":2,\"name\":\"Obchod\",\"item\":\"https:\\\/\\\/formar.shop\\\/cs\\\/obchod\\\/\"},{\"@type\":\"ListItem\",\"position\":3,\"name\":\"S\u00e1zec\u00ed stroj &#8211; Strom 01\"}]},{\"@type\":\"WebSite\",\"@id\":\"https:\\\/\\\/formar.shop\\\/cs\\\/#website\",\"url\":\"https:\\\/\\\/formar.shop\\\/cs\\\/\",\"name\":\"Formar.shop\",\"description\":\"Soluzioni espresse con stile\",\"potentialAction\":[{\"@type\":\"SearchAction\",\"target\":{\"@type\":\"EntryPoint\",\"urlTemplate\":\"https:\\\/\\\/formar.shop\\\/cs\\\/?s={search_term_string}\"},\"query-input\":{\"@type\":\"PropertyValueSpecification\",\"valueRequired\":true,\"valueName\":\"search_term_string\"}}],\"inLanguage\":\"cs\"}]}<\/script>\n<!-- \/ Yoast SEO plugin. -->","yoast_head_json":{"title":"S\u00e1zec\u00ed stroj - Strom 01 - Formar.shop","robots":{"index":"index","follow":"follow","max-snippet":"max-snippet:-1","max-image-preview":"max-image-preview:large","max-video-preview":"max-video-preview:-1"},"canonical":"https:\/\/formar.shop\/cs\/prodotto\/sazeci-stroj-strom-01\/","schema":{"@context":"https:\/\/schema.org","@graph":[{"@type":"WebPage","@id":"https:\/\/formar.shop\/cs\/prodotto\/sazeci-stroj-strom-01\/","url":"https:\/\/formar.shop\/cs\/prodotto\/sazeci-stroj-strom-01\/","name":"S\u00e1zec\u00ed stroj - Strom 01 - Formar.shop","isPartOf":{"@id":"https:\/\/formar.shop\/cs\/#website"},"primaryImageOfPage":{"@id":"https:\/\/formar.shop\/cs\/prodotto\/sazeci-stroj-strom-01\/#primaryimage"},"image":{"@id":"https:\/\/formar.shop\/cs\/prodotto\/sazeci-stroj-strom-01\/#primaryimage"},"thumbnailUrl":"https:\/\/static.formar.net\/wp-content\/uploads\/2020\/12\/22160539\/Immagini-di-prodotto-x-Amazon-11-1.png","datePublished":"2020-12-20T15:19:38+00:00","dateModified":"2025-11-18T11:03:25+00:00","breadcrumb":{"@id":"https:\/\/formar.shop\/cs\/prodotto\/sazeci-stroj-strom-01\/#breadcrumb"},"inLanguage":"cs","potentialAction":[{"@type":"ReadAction","target":["https:\/\/formar.shop\/cs\/prodotto\/sazeci-stroj-strom-01\/"]}]},{"@type":"ImageObject","inLanguage":"cs","@id":"https:\/\/formar.shop\/cs\/prodotto\/sazeci-stroj-strom-01\/#primaryimage","url":"https:\/\/static.formar.net\/wp-content\/uploads\/2020\/12\/22160539\/Immagini-di-prodotto-x-Amazon-11-1.png","contentUrl":"https:\/\/static.formar.net\/wp-content\/uploads\/2020\/12\/22160539\/Immagini-di-prodotto-x-Amazon-11-1.png","width":1001,"height":1001},{"@type":"BreadcrumbList","@id":"https:\/\/formar.shop\/cs\/prodotto\/sazeci-stroj-strom-01\/#breadcrumb","itemListElement":[{"@type":"ListItem","position":1,"name":"Home","item":"https:\/\/formar.shop\/cs\/automaticky-navrh\/"},{"@type":"ListItem","position":2,"name":"Obchod","item":"https:\/\/formar.shop\/cs\/obchod\/"},{"@type":"ListItem","position":3,"name":"S\u00e1zec\u00ed stroj &#8211; Strom 01"}]},{"@type":"WebSite","@id":"https:\/\/formar.shop\/cs\/#website","url":"https:\/\/formar.shop\/cs\/","name":"Formar.shop","description":"Soluzioni espresse con stile","potentialAction":[{"@type":"SearchAction","target":{"@type":"EntryPoint","urlTemplate":"https:\/\/formar.shop\/cs\/?s={search_term_string}"},"query-input":{"@type":"PropertyValueSpecification","valueRequired":true,"valueName":"search_term_string"}}],"inLanguage":"cs"}]}},"_links":{"self":[{"href":"https:\/\/formar.shop\/cs\/wp-json\/wp\/v2\/product\/44959","targetHints":{"allow":["GET"]}}],"collection":[{"href":"https:\/\/formar.shop\/cs\/wp-json\/wp\/v2\/product"}],"about":[{"href":"https:\/\/formar.shop\/cs\/wp-json\/wp\/v2\/types\/product"}],"wp:featuredmedia":[{"embeddable":true,"href":"https:\/\/formar.shop\/cs\/wp-json\/wp\/v2\/media\/44960"}],"wp:attachment":[{"href":"https:\/\/formar.shop\/cs\/wp-json\/wp\/v2\/media?parent=44959"}],"wp:term":[{"taxonomy":"product_brand","embeddable":true,"href":"https:\/\/formar.shop\/cs\/wp-json\/wp\/v2\/product_brand?post=44959"},{"taxonomy":"product_cat","embeddable":true,"href":"https:\/\/formar.shop\/cs\/wp-json\/wp\/v2\/product_cat?post=44959"},{"taxonomy":"product_tag","embeddable":true,"href":"https:\/\/formar.shop\/cs\/wp-json\/wp\/v2\/product_tag?post=44959"}],"curies":[{"name":"wp","href":"https:\/\/api.w.org\/{rel}","templated":true}]}}