{"id":44839,"date":"2025-01-18T21:27:19","date_gmt":"2025-01-18T20:27:19","guid":{"rendered":"https:\/\/formar.shop\/prodotto\/zidle-bud-chair-09\/"},"modified":"2025-01-18T21:27:25","modified_gmt":"2025-01-18T20:27:25","slug":"zidle-bud-chair-09","status":"publish","type":"product","link":"https:\/\/formar.shop\/cs\/prodotto\/zidle-bud-chair-09\/","title":{"rendered":"\u017didle &#8211; Bud Chair 09"},"content":{"rendered":"<div class=\"slider-wrapper relative\" id=\"slider-2015929829\" >\n    <div class=\"slider slider-nav-circle slider-nav-large slider-nav-dark slider-style-normal\"\n        data-flickity-options='{\n            \"cellAlign\": \"center\",\n            \"imagesLoaded\": true,\n            \"lazyLoad\": 1,\n            \"freeScroll\": false,\n            \"wrapAround\": true,\n            \"autoPlay\": 6000,\n            \"pauseAutoPlayOnHover\" : true,\n            \"prevNextButtons\": true,\n            \"contain\" : true,\n            \"adaptiveHeight\" : true,\n            \"dragThreshold\" : 10,\n            \"percentPosition\": true,\n            \"pageDots\": true,\n            \"rightToLeft\": false,\n            \"draggable\": true,\n            \"selectedAttraction\": 0.1,\n            \"parallax\" : 0,\n            \"friction\": 0.6        }'\n        >\n        \n\t<div class=\"img has-hover x md-x lg-x y md-y lg-y\" id=\"image_2023775426\">\n\t\t\t\t\t\t\t\t<div class=\"img-inner dark\" >\n\t\t\t<img loading=\"lazy\" decoding=\"async\" width=\"1012\" height=\"1012\" src=\"https:\/\/static.formar.net\/wp-content\/uploads\/2020\/12\/22164407\/Immagini-di-prodotto-x-Amazon-28.png\" class=\"attachment-large size-large\" alt=\"\" \/>\t\t\t\t\t\t\n\t\t\t\t\t<\/div>\n\t\t\t\t\t\t\t\t\n<style>\n#image_2023775426 {\n  width: 100%;\n}\n<\/style>\n\t<\/div>\n\t\n\t<div class=\"img has-hover x md-x lg-x y md-y lg-y\" id=\"image_371171992\">\n\t\t\t\t\t\t\t\t<div class=\"img-inner dark\" >\n\t\t\t<img loading=\"lazy\" decoding=\"async\" width=\"1012\" height=\"1012\" src=\"https:\/\/static.formar.net\/wp-content\/uploads\/2020\/12\/22164335\/Immagini-di-prodotto-x-Amazon-26.png\" class=\"attachment-large size-large\" alt=\"\" \/>\t\t\t\t\t\t\n\t\t\t\t\t<\/div>\n\t\t\t\t\t\t\t\t\n<style>\n#image_371171992 {\n  width: 100%;\n}\n<\/style>\n\t<\/div>\n\t\n\t<div class=\"img has-hover x md-x lg-x y md-y lg-y\" id=\"image_791491991\">\n\t\t\t\t\t\t\t\t<div class=\"img-inner dark\" >\n\t\t\t<img loading=\"lazy\" decoding=\"async\" width=\"908\" height=\"1030\" src=\"https:\/\/static.formar.net\/wp-content\/uploads\/sites\/1\/2022\/11\/02111047\/bud-chair_laterale-908x1030.jpg\" class=\"attachment-large size-large\" alt=\"\" srcset=\"https:\/\/static.formar.net\/wp-content\/uploads\/sites\/1\/2022\/11\/02111047\/bud-chair_laterale-908x1030.jpg 908w, https:\/\/static.formar.net\/wp-content\/uploads\/sites\/1\/2022\/11\/02111047\/bud-chair_laterale-264x300.jpg 264w, https:\/\/static.formar.net\/wp-content\/uploads\/sites\/1\/2022\/11\/02111047\/bud-chair_laterale-768x871.jpg 768w, https:\/\/static.formar.net\/wp-content\/uploads\/sites\/1\/2022\/11\/02111047\/bud-chair_laterale-1354x1536.jpg 1354w, https:\/\/static.formar.net\/wp-content\/uploads\/sites\/1\/2022\/11\/02111047\/bud-chair_laterale-1805x2048.jpg 1805w, https:\/\/static.formar.net\/wp-content\/uploads\/sites\/1\/2022\/11\/02111047\/bud-chair_laterale-510x579.jpg 510w, https:\/\/static.formar.net\/wp-content\/uploads\/sites\/1\/2022\/11\/02111047\/bud-chair_laterale-1200x1362.jpg 1200w, https:\/\/static.formar.net\/wp-content\/uploads\/sites\/1\/2022\/11\/02111047\/bud-chair_laterale-600x681.jpg 600w\" sizes=\"auto, (max-width: 908px) 100vw, 908px\" \/>\t\t\t\t\t\t\n\t\t\t\t\t<\/div>\n\t\t\t\t\t\t\t\t\n<style>\n#image_791491991 {\n  width: 100%;\n}\n<\/style>\n\t<\/div>\n\t\n\t<div class=\"img has-hover x md-x lg-x y md-y lg-y\" id=\"image_232781604\">\n\t\t\t\t\t\t\t\t<div class=\"img-inner dark\" >\n\t\t\t<img loading=\"lazy\" decoding=\"async\" width=\"930\" height=\"1030\" src=\"https:\/\/static.formar.net\/wp-content\/uploads\/sites\/1\/2022\/11\/02111045\/bud-chair_dietro-930x1030.jpg\" class=\"attachment-large size-large\" alt=\"\" srcset=\"https:\/\/static.formar.net\/wp-content\/uploads\/sites\/1\/2022\/11\/02111045\/bud-chair_dietro-930x1030.jpg 930w, https:\/\/static.formar.net\/wp-content\/uploads\/sites\/1\/2022\/11\/02111045\/bud-chair_dietro-271x300.jpg 271w, https:\/\/static.formar.net\/wp-content\/uploads\/sites\/1\/2022\/11\/02111045\/bud-chair_dietro-768x851.jpg 768w, https:\/\/static.formar.net\/wp-content\/uploads\/sites\/1\/2022\/11\/02111045\/bud-chair_dietro-1387x1536.jpg 1387w, https:\/\/static.formar.net\/wp-content\/uploads\/sites\/1\/2022\/11\/02111045\/bud-chair_dietro-1849x2048.jpg 1849w, https:\/\/static.formar.net\/wp-content\/uploads\/sites\/1\/2022\/11\/02111045\/bud-chair_dietro-510x565.jpg 510w, https:\/\/static.formar.net\/wp-content\/uploads\/sites\/1\/2022\/11\/02111045\/bud-chair_dietro-1200x1329.jpg 1200w, https:\/\/static.formar.net\/wp-content\/uploads\/sites\/1\/2022\/11\/02111045\/bud-chair_dietro-600x665.jpg 600w\" sizes=\"auto, (max-width: 930px) 100vw, 930px\" \/>\t\t\t\t\t\t\n\t\t\t\t\t<\/div>\n\t\t\t\t\t\t\t\t\n<style>\n#image_232781604 {\n  width: 100%;\n}\n<\/style>\n\t<\/div>\n\t\n     <\/div>\n\n     <div class=\"loading-spin dark large centered\"><\/div>\n\n\t<\/div>\n\n\n<h3>BUD CHAIR 09<\/h3>\n<p>Je to <strong>elegantn\u00ed<\/strong> a <strong>rafinovan\u00e1<\/strong> \u017eidle, kter\u00e1 se hod\u00ed ke ka\u017ed\u00e9mu typu n\u00e1bytku a je ide\u00e1ln\u00ed do kuchyn\u011b, ob\u00fdvac\u00edho pokoje, lo\u017enice, pracovny i \u010dek\u00e1rny. \u017didle Bud 09 nesm\u00ed chyb\u011bt v dom\u00e1cnosti nebo pracovn\u011b pro sv\u016fj jednoduch\u00fd, ale elegantn\u00ed styl. Krom\u011b toho, \u017ee \u017eidle p\u016fsob\u00ed esteticky, je pohodln\u00e1 a tak\u00e9 dokonal\u00e1 jako kus n\u00e1bytku.<br \/>\nPolypropylenov\u00fd sed\u00e1k je <strong>ergonomick\u00fd<\/strong>, velmi <strong>odoln\u00fd<\/strong> a je k dispozici ve dvou kr\u00e1sn\u00fdch barevn\u00fdch variant\u00e1ch, b\u00edl\u00e9 a air force blue, kter\u00e9 spln\u00ed ka\u017ed\u00fd vkus a po\u017eadavek. R\u00e1m je u obou barevn\u00fdch variant chromovan\u00fd kovov\u00fd.<\/p>\n<h3 class=\"av-special-heading-tag \">DESIGN PRODUKTU<\/h3>\n<p>Vymyslel a navrhl ji design\u00e9r Chen Zhiyi, \u0159editel designu spole\u010dnosti Morikawa Furniture.<br \/>\nZhiyi z\u00edskal presti\u017en\u00ed ocen\u011bn\u00ed na Mezin\u00e1rodn\u00ed v\u00fdstav\u011b n\u00e1bytku v \u0160anghaji a hraje d\u016fle\u017eitou roli na sv\u011btov\u00e9 sc\u00e9n\u011b interi\u00e9rov\u00e9ho designu.<br \/>\nFilozofi\u00ed jeho pr\u00e1ce je &#8222;jednoduchost, m\u00f3da a ochrana \u017eivotn\u00edho prost\u0159ed\u00ed&#8220;. <\/p>\n<h3 class=\"av-special-heading-tag \">CERTIFIKOVAN\u00dd V\u00ddROBEK<\/h3>\n<p>V\u00fdrobek pro\u0161el <strong>testov\u00e1n\u00edm UNI<\/strong> u SGS.<\/p>\n<h3 class=\"av-special-heading-tag \">ROZM\u011aRY V\u00ddROBKU<\/h3>\n<p>V\u00fdrobek m\u011b\u0159\u00ed: &#8211; d\u00e9lka 53 cm &#8211; hloubka 61,5 cm &#8211; v\u00fd\u0161ka 80 cm V\u00fd\u0161ka sed\u00e1ku je 45,5 cm od podlahy.<\/p>\n<div class=\"info-block\">\n<h3 class=\"av-special-heading-tag \">K DISPOZICI VE DVOU BAREVN\u00ddCH VARIANT\u00c1CH<\/h3>\n<\/div>\n\n\t<section class=\"section\" id=\"section_372448128\">\n\t\t<div class=\"section-bg fill\" >\n\t\t\t\t\t\t\t\t\t\n\t\t\t\n\n\t\t<\/div>\n\n\t\t\n\n\t\t<div class=\"section-content relative\">\n\t\t\t\n<div class=\"row\"  id=\"row-1181510199\">\n\n\t<div id=\"col-1457329197\" class=\"col medium-6 small-6 large-6\"  >\n\t\t\t\t<div class=\"col-inner text-center\"  >\n\t\t\t\n\t\t\t\n\t<div class=\"box has-hover   has-hover box-text-bottom\" >\n\n\t\t<div class=\"box-image\" >\n\t\t\t\t\t\t<div class=\"\" >\n\t\t\t\t<img loading=\"lazy\" decoding=\"async\" width=\"1012\" height=\"1012\" src=\"https:\/\/static.formar.net\/wp-content\/uploads\/2020\/12\/22164407\/Immagini-di-prodotto-x-Amazon-28.png\" class=\"attachment- size-\" alt=\"\" \/>\t\t\t\t\t\t\t\t\t\t\t<\/div>\n\t\t\t\t\t<\/div>\n\n\t\t<div class=\"box-text text-center\" >\n\t\t\t<div class=\"box-text-inner\">\n\t\t\t\t\n\t<div id=\"text-2887160129\" class=\"text\">\n\t\t\n<p>B\u00edl\u00e1<br \/>\n\t\t\n<style>\n#text-2887160129 {\n  font-size: 1.5rem;\n}\n<\/style>\n\t<\/div>\n\t\n\t\t\t<\/div>\n\t\t<\/div>\n\t<\/div>\n\t\n\t<div class=\"img has-hover x md-x lg-x y md-y lg-y\" id=\"image_1958184259\">\n\t\t<a class=\"\" href=\"https:\/\/formar.shop\/wp-content\/uploads\/2022\/10\/68_BIANCO_O_A.jpg\" >\t\t\t\t\t\t<div class=\"img-inner dark\" >\n\t\t\t\t\t\t\t\t\t\n\t\t\t\t\t<\/div>\n\t\t\t\t\t\t<\/a>\t\t\n<style>\n#image_1958184259 {\n  width: 50%;\n}\n<\/style>\n\t<\/div>\n\t\n\t\t<\/div>\n\t\t\t\t\t<\/div>\n\n\t\n\n\t<div id=\"col-654909849\" class=\"col medium-6 small-6 large-6\"  >\n\t\t\t\t<div class=\"col-inner text-center\"  >\n\t\t\t\n\t\t\t\n\t<div class=\"box has-hover   has-hover box-text-bottom\" >\n\n\t\t<div class=\"box-image\" >\n\t\t\t\t\t\t<div class=\"\" >\n\t\t\t\t<img loading=\"lazy\" decoding=\"async\" width=\"1012\" height=\"1012\" src=\"https:\/\/static.formar.net\/wp-content\/uploads\/2020\/12\/22164335\/Immagini-di-prodotto-x-Amazon-26.png\" class=\"attachment- size-\" alt=\"\" \/>\t\t\t\t\t\t\t\t\t\t\t<\/div>\n\t\t\t\t\t<\/div>\n\n\t\t<div class=\"box-text text-center\" >\n\t\t\t<div class=\"box-text-inner\">\n\t\t\t\t\n\t<div id=\"text-2440099273\" class=\"text\">\n\t\t\n<p>Modr\u00e1 Avio<br \/>\n\t\t\n<style>\n#text-2440099273 {\n  font-size: 1.5rem;\n}\n<\/style>\n\t<\/div>\n\t\n\t\t\t<\/div>\n\t\t<\/div>\n\t<\/div>\n\t\n\t<div class=\"img has-hover x md-x lg-x y md-y lg-y\" id=\"image_1251654274\">\n\t\t<a class=\"\" href=\"https:\/\/formar.shop\/wp-content\/uploads\/2022\/10\/03_ROVERE_O.jpg\" >\t\t\t\t\t\t<div class=\"img-inner dark\" >\n\t\t\t\t\t\t\t\t\t\n\t\t\t\t\t<\/div>\n\t\t\t\t\t\t<\/a>\t\t\n<style>\n#image_1251654274 {\n  width: 50%;\n}\n<\/style>\n\t<\/div>\n\t\n\t\t<\/div>\n\t\t\t\t\t<\/div>\n\n\t\n<\/div>\n<h3>P\u00c9\u010cE A \u00daDR\u017dBA:<\/h3>\n<p>Nejprve vyzkou\u0161ejte kompatibilitu \u010distic\u00edch prost\u0159edk\u016f na neviditeln\u00e9m m\u00edst\u011b.<br \/>\nNikdy nepou\u017e\u00edvejte \u010distic\u00ed nebo le\u0161t\u00edc\u00ed prost\u0159edky s abrazivn\u00edmi nebo odma\u0161\u0165ovac\u00edmi \u010d\u00e1sticemi.<br \/>\nV\u017edy ot\u00edrejte vlhk\u00fdm had\u0159\u00edkem a osu\u0161te.<\/p>\n\t\t<\/div>\n\n\t\t\n<style>\n#section_372448128 {\n  padding-top: 30px;\n  padding-bottom: 30px;\n}\n<\/style>\n\t<\/section>\n\t\n\n\t<section class=\"section\" id=\"section_1017150449\">\n\t\t<div class=\"section-bg fill\" >\n\t\t\t\t\t\t\t\t\t\n\t\t\t\n\n\t\t<\/div>\n\n\t\t\n\n\t\t<div class=\"section-content relative\">\n\t\t\t\n<div class=\"is-divider divider clearfix\" style=\"max-width:1000px;\"><\/div>\n<div class=\"row row-solid\"  id=\"row-728399787\">\n\n\t<div id=\"col-1478873236\" class=\"col medium-3 small-12 large-3\"  >\n\t\t\t\t<div class=\"col-inner\"  >\n\t\t\t\n\t\t\t\n\n\t\t<div class=\"icon-box featured-box icon-box-center text-center\"  >\n\t\t\t\t\t<div class=\"icon-box-img\" style=\"width: 50px\">\n\t\t\t\t<div class=\"icon\">\n\t\t\t\t\t<div class=\"icon-inner\" >\n\t\t\t\t\t\t<img loading=\"lazy\" decoding=\"async\" width=\"128\" height=\"128\" src=\"https:\/\/static.formar.net\/wp-content\/uploads\/sites\/1\/2022\/10\/02111131\/2703076-128-1-1.png\" class=\"attachment-medium size-medium\" alt=\"\" srcset=\"https:\/\/static.formar.net\/wp-content\/uploads\/sites\/1\/2022\/10\/02111131\/2703076-128-1-1.png 128w, https:\/\/static.formar.net\/wp-content\/uploads\/sites\/1\/2022\/10\/02111131\/2703076-128-1-1-80x80.png 80w, https:\/\/static.formar.net\/wp-content\/uploads\/sites\/1\/2022\/10\/02111131\/2703076-128-1-1-100x100.png 100w, https:\/\/static.formar.net\/wp-content\/uploads\/sites\/1\/2022\/10\/02111131\/2703076-128-1-1-50x50.png 50w\" sizes=\"auto, (max-width: 128px) 100vw, 128px\" \/>\t\t\t\t\t<\/div>\n\t\t\t\t<\/div>\n\t\t\t<\/div>\n\t\t\t\t<div class=\"icon-box-text last-reset\">\n\t\t\t\t\t\t\t\t\t\n<h3>Z\u00e1kaznick\u00fd servis v\u017edy k dispozici<\/h3>\n<p>M\u016f\u017eete n\u00e1s kontaktovat prost\u0159ednictv\u00edm aplikace WhatsApp:  <a href=\"https:\/\/api.whatsapp.com\/send\/?phone=390715906063&amp;text&amp;type=phone_number&amp;app_absent=0\">+39 071 5906063<\/a><\/p>\n<p>Telefonick\u00e9 objedn\u00e1vky: <a href=\"tel:+39800122267\">800 122 267<\/a><\/p>\n\t\t<\/div>\n\t<\/div>\n\t\n\t\n\t\t<\/div>\n\t\t\t\t\t<\/div>\n\n\t\n\n\t<div id=\"col-1806718729\" class=\"col medium-3 small-12 large-3\"  >\n\t\t\t\t<div class=\"col-inner\"  >\n\t\t\t\n\t\t\t\n\n\t\t<div class=\"icon-box featured-box icon-box-center text-center\"  >\n\t\t\t\t\t<div class=\"icon-box-img\" style=\"width: 50px\">\n\t\t\t\t<div class=\"icon\">\n\t\t\t\t\t<div class=\"icon-inner\" >\n\t\t\t\t\t\t<img loading=\"lazy\" decoding=\"async\" width=\"256\" height=\"256\" src=\"https:\/\/static.formar.net\/wp-content\/uploads\/sites\/1\/2022\/11\/02111117\/Icona-carta-di-credito.png\" class=\"attachment-medium size-medium\" alt=\"\" srcset=\"https:\/\/static.formar.net\/wp-content\/uploads\/sites\/1\/2022\/11\/02111117\/Icona-carta-di-credito.png 256w, https:\/\/static.formar.net\/wp-content\/uploads\/sites\/1\/2022\/11\/02111117\/Icona-carta-di-credito-80x80.png 80w, https:\/\/static.formar.net\/wp-content\/uploads\/sites\/1\/2022\/11\/02111117\/Icona-carta-di-credito-100x100.png 100w, https:\/\/static.formar.net\/wp-content\/uploads\/sites\/1\/2022\/11\/02111117\/Icona-carta-di-credito-50x50.png 50w\" sizes=\"auto, (max-width: 256px) 100vw, 256px\" \/>\t\t\t\t\t<\/div>\n\t\t\t\t<\/div>\n\t\t\t<\/div>\n\t\t\t\t<div class=\"icon-box-text last-reset\">\n\t\t\t\t\t\t\t\t\t\n<h3>Zvolte si formu platby<\/h3>\n<p>Platba p\u0159es Paypal, kreditn\u00ed kartou, v hotovosti nebo debetn\u00ed kartou (na m\u00edst\u011b) a na dob\u00edrku<\/p>\n\t\t<\/div>\n\t<\/div>\n\t\n\t\n\t\t<\/div>\n\t\t\t\t\t<\/div>\n\n\t\n\n\t<div id=\"col-1000886279\" class=\"col medium-3 small-12 large-3\"  >\n\t\t\t\t<div class=\"col-inner\"  >\n\t\t\t\n\t\t\t\n\n\t\t<div class=\"icon-box featured-box icon-box-center text-center\"  >\n\t\t\t\t\t<div class=\"icon-box-img\" style=\"width: 50px\">\n\t\t\t\t<div class=\"icon\">\n\t\t\t\t\t<div class=\"icon-inner\" >\n\t\t\t\t\t\t<img loading=\"lazy\" decoding=\"async\" width=\"128\" height=\"128\" src=\"https:\/\/static.formar.net\/wp-content\/uploads\/sites\/1\/2022\/10\/02111130\/3669335-128-1.png\" class=\"attachment-medium size-medium\" alt=\"\" srcset=\"https:\/\/static.formar.net\/wp-content\/uploads\/sites\/1\/2022\/10\/02111130\/3669335-128-1.png 128w, https:\/\/static.formar.net\/wp-content\/uploads\/sites\/1\/2022\/10\/02111130\/3669335-128-1-80x80.png 80w, https:\/\/static.formar.net\/wp-content\/uploads\/sites\/1\/2022\/10\/02111130\/3669335-128-1-100x100.png 100w, https:\/\/static.formar.net\/wp-content\/uploads\/sites\/1\/2022\/10\/02111130\/3669335-128-1-50x50.png 50w\" sizes=\"auto, (max-width: 128px) 100vw, 128px\" \/>\t\t\t\t\t<\/div>\n\t\t\t\t<\/div>\n\t\t\t<\/div>\n\t\t\t\t<div class=\"icon-box-text last-reset\">\n\t\t\t\t\t\t\t\t\t\n<h3>Snadn\u00fd a bezstarostn\u00fd n\u00e1vrat<\/h3>\n<p>V p\u0159\u00edpad\u011b probl\u00e9m\u016f zajist\u00edme vyzvednut\u00ed p\u0159\u00edmo na va\u0161\u00ed adrese.<a href=\"https:\/\/formar.shop\/cs\/pravidla-pro-vraceni\/\">(Dal\u0161\u00ed podrobnosti)<\/a>.<\/p>\n\t\t<\/div>\n\t<\/div>\n\t\n\t\n\t\t<\/div>\n\t\t\t\t\t<\/div>\n\n\t\n\n\t<div id=\"col-1505111074\" class=\"col medium-3 small-12 large-3\"  >\n\t\t\t\t<div class=\"col-inner\"  >\n\t\t\t\n\t\t\t\n\n\t\t<div class=\"icon-box featured-box icon-box-center text-center\"  >\n\t\t\t\t\t<div class=\"icon-box-img\" style=\"width: 50px\">\n\t\t\t\t<div class=\"icon\">\n\t\t\t\t\t<div class=\"icon-inner\" >\n\t\t\t\t\t\t<img loading=\"lazy\" decoding=\"async\" width=\"128\" height=\"128\" src=\"https:\/\/static.formar.net\/wp-content\/uploads\/sites\/1\/2022\/10\/02111130\/5959201-128-1.png\" class=\"attachment-medium size-medium\" alt=\"\" srcset=\"https:\/\/static.formar.net\/wp-content\/uploads\/sites\/1\/2022\/10\/02111130\/5959201-128-1.png 128w, https:\/\/static.formar.net\/wp-content\/uploads\/sites\/1\/2022\/10\/02111130\/5959201-128-1-80x80.png 80w, https:\/\/static.formar.net\/wp-content\/uploads\/sites\/1\/2022\/10\/02111130\/5959201-128-1-100x100.png 100w, https:\/\/static.formar.net\/wp-content\/uploads\/sites\/1\/2022\/10\/02111130\/5959201-128-1-50x50.png 50w\" sizes=\"auto, (max-width: 128px) 100vw, 128px\" \/>\t\t\t\t\t<\/div>\n\t\t\t\t<\/div>\n\t\t\t<\/div>\n\t\t\t\t<div class=\"icon-box-text last-reset\">\n\t\t\t\t\t\t\t\t\t\n<h3>Z\u00e1ruka v\u00fdrobce a n\u00e1hradn\u00ed d\u00edly<\/h3>\n<p>Na v\u0161echny na\u0161e v\u00fdrobky se vztahuje na\u0161e z\u00e1ruka. Na mnoho v\u00fdrobk\u016f poskytujeme z\u00e1ruku na n\u00e1hradn\u00ed d\u00edly po stejnou dobu.<\/p>\n\t\t<\/div>\n\t<\/div>\n\t\n\t\n\t\t<\/div>\n\t\t\t\t\t<\/div>\n\n\t\n\n<style>\n#row-728399787 > .col > .col-inner {\n  padding: 20px 20px 20px 20px;\n}\n<\/style>\n<\/div>\n\t\t<\/div>\n\n\t\t\n<style>\n#section_1017150449 {\n  padding-top: 30px;\n  padding-bottom: 30px;\n}\n<\/style>\n\t<\/section>\n\t\n","protected":false},"excerpt":{"rendered":"<p>Toto elegantn\u00ed a rafinovan\u00e9 k\u0159eslo, kter\u00e9 vymyslel a navrhl design\u00e9r CHEN ZHIYI, se hod\u00ed k jak\u00e9mukoli typu n\u00e1bytku.<br \/>\nR\u00e1m je vyroben z pochromovan\u00e9ho kovu, zat\u00edmco sed\u00e1k z polypropylenu je k dispozici ve dvou barv\u00e1ch: b\u00edl\u00e9 a modr\u00e9 air force.<br \/>\nD\u00edky dod\u00e1van\u00e9 sad\u011b je mont\u00e1\u017e rychl\u00e1 a snadn\u00e1.  <\/p>\n","protected":false},"featured_media":44840,"template":"","meta":{"_joinchat":[]},"product_brand":[],"product_cat":[1604,1713],"product_tag":[1714],"class_list":{"0":"post-44839","1":"product","2":"type-product","3":"status-publish","4":"has-post-thumbnail","6":"product_cat-home-cs","7":"product_cat-sedadla","8":"product_tag-zidle","10":"first","11":"instock","12":"taxable","13":"shipping-taxable","14":"purchasable","15":"product-type-variable"},"yoast_head":"<!-- This site is optimized with the Yoast SEO plugin v27.3 - https:\/\/yoast.com\/product\/yoast-seo-wordpress\/ -->\n<title>\u017didle - Bud Chair 09 - Formar.shop<\/title>\n<meta name=\"robots\" content=\"index, follow, max-snippet:-1, max-image-preview:large, max-video-preview:-1\" \/>\n<link rel=\"canonical\" href=\"https:\/\/formar.shop\/cs\/prodotto\/zidle-bud-chair-09\/\" \/>\n<script type=\"application\/ld+json\" class=\"yoast-schema-graph\">{\"@context\":\"https:\\\/\\\/schema.org\",\"@graph\":[{\"@type\":\"WebPage\",\"@id\":\"https:\\\/\\\/formar.shop\\\/cs\\\/prodotto\\\/zidle-bud-chair-09\\\/\",\"url\":\"https:\\\/\\\/formar.shop\\\/cs\\\/prodotto\\\/zidle-bud-chair-09\\\/\",\"name\":\"\u017didle - Bud Chair 09 - Formar.shop\",\"isPartOf\":{\"@id\":\"https:\\\/\\\/formar.shop\\\/cs\\\/#website\"},\"primaryImageOfPage\":{\"@id\":\"https:\\\/\\\/formar.shop\\\/cs\\\/prodotto\\\/zidle-bud-chair-09\\\/#primaryimage\"},\"image\":{\"@id\":\"https:\\\/\\\/formar.shop\\\/cs\\\/prodotto\\\/zidle-bud-chair-09\\\/#primaryimage\"},\"thumbnailUrl\":\"https:\\\/\\\/static.formar.net\\\/wp-content\\\/uploads\\\/2020\\\/12\\\/22164335\\\/Immagini-di-prodotto-x-Amazon-26.png\",\"datePublished\":\"2025-01-18T20:27:19+00:00\",\"dateModified\":\"2025-01-18T20:27:25+00:00\",\"breadcrumb\":{\"@id\":\"https:\\\/\\\/formar.shop\\\/cs\\\/prodotto\\\/zidle-bud-chair-09\\\/#breadcrumb\"},\"inLanguage\":\"cs\",\"potentialAction\":[{\"@type\":\"ReadAction\",\"target\":[\"https:\\\/\\\/formar.shop\\\/cs\\\/prodotto\\\/zidle-bud-chair-09\\\/\"]}]},{\"@type\":\"ImageObject\",\"inLanguage\":\"cs\",\"@id\":\"https:\\\/\\\/formar.shop\\\/cs\\\/prodotto\\\/zidle-bud-chair-09\\\/#primaryimage\",\"url\":\"https:\\\/\\\/static.formar.net\\\/wp-content\\\/uploads\\\/2020\\\/12\\\/22164335\\\/Immagini-di-prodotto-x-Amazon-26.png\",\"contentUrl\":\"https:\\\/\\\/static.formar.net\\\/wp-content\\\/uploads\\\/2020\\\/12\\\/22164335\\\/Immagini-di-prodotto-x-Amazon-26.png\",\"width\":1012,\"height\":1012},{\"@type\":\"BreadcrumbList\",\"@id\":\"https:\\\/\\\/formar.shop\\\/cs\\\/prodotto\\\/zidle-bud-chair-09\\\/#breadcrumb\",\"itemListElement\":[{\"@type\":\"ListItem\",\"position\":1,\"name\":\"Home\",\"item\":\"https:\\\/\\\/formar.shop\\\/cs\\\/automaticky-navrh\\\/\"},{\"@type\":\"ListItem\",\"position\":2,\"name\":\"Obchod\",\"item\":\"https:\\\/\\\/formar.shop\\\/cs\\\/obchod\\\/\"},{\"@type\":\"ListItem\",\"position\":3,\"name\":\"\u017didle &#8211; Bud Chair 09\"}]},{\"@type\":\"WebSite\",\"@id\":\"https:\\\/\\\/formar.shop\\\/cs\\\/#website\",\"url\":\"https:\\\/\\\/formar.shop\\\/cs\\\/\",\"name\":\"Formar.shop\",\"description\":\"Soluzioni espresse con stile\",\"potentialAction\":[{\"@type\":\"SearchAction\",\"target\":{\"@type\":\"EntryPoint\",\"urlTemplate\":\"https:\\\/\\\/formar.shop\\\/cs\\\/?s={search_term_string}\"},\"query-input\":{\"@type\":\"PropertyValueSpecification\",\"valueRequired\":true,\"valueName\":\"search_term_string\"}}],\"inLanguage\":\"cs\"}]}<\/script>\n<!-- \/ Yoast SEO plugin. -->","yoast_head_json":{"title":"\u017didle - Bud Chair 09 - Formar.shop","robots":{"index":"index","follow":"follow","max-snippet":"max-snippet:-1","max-image-preview":"max-image-preview:large","max-video-preview":"max-video-preview:-1"},"canonical":"https:\/\/formar.shop\/cs\/prodotto\/zidle-bud-chair-09\/","schema":{"@context":"https:\/\/schema.org","@graph":[{"@type":"WebPage","@id":"https:\/\/formar.shop\/cs\/prodotto\/zidle-bud-chair-09\/","url":"https:\/\/formar.shop\/cs\/prodotto\/zidle-bud-chair-09\/","name":"\u017didle - Bud Chair 09 - Formar.shop","isPartOf":{"@id":"https:\/\/formar.shop\/cs\/#website"},"primaryImageOfPage":{"@id":"https:\/\/formar.shop\/cs\/prodotto\/zidle-bud-chair-09\/#primaryimage"},"image":{"@id":"https:\/\/formar.shop\/cs\/prodotto\/zidle-bud-chair-09\/#primaryimage"},"thumbnailUrl":"https:\/\/static.formar.net\/wp-content\/uploads\/2020\/12\/22164335\/Immagini-di-prodotto-x-Amazon-26.png","datePublished":"2025-01-18T20:27:19+00:00","dateModified":"2025-01-18T20:27:25+00:00","breadcrumb":{"@id":"https:\/\/formar.shop\/cs\/prodotto\/zidle-bud-chair-09\/#breadcrumb"},"inLanguage":"cs","potentialAction":[{"@type":"ReadAction","target":["https:\/\/formar.shop\/cs\/prodotto\/zidle-bud-chair-09\/"]}]},{"@type":"ImageObject","inLanguage":"cs","@id":"https:\/\/formar.shop\/cs\/prodotto\/zidle-bud-chair-09\/#primaryimage","url":"https:\/\/static.formar.net\/wp-content\/uploads\/2020\/12\/22164335\/Immagini-di-prodotto-x-Amazon-26.png","contentUrl":"https:\/\/static.formar.net\/wp-content\/uploads\/2020\/12\/22164335\/Immagini-di-prodotto-x-Amazon-26.png","width":1012,"height":1012},{"@type":"BreadcrumbList","@id":"https:\/\/formar.shop\/cs\/prodotto\/zidle-bud-chair-09\/#breadcrumb","itemListElement":[{"@type":"ListItem","position":1,"name":"Home","item":"https:\/\/formar.shop\/cs\/automaticky-navrh\/"},{"@type":"ListItem","position":2,"name":"Obchod","item":"https:\/\/formar.shop\/cs\/obchod\/"},{"@type":"ListItem","position":3,"name":"\u017didle &#8211; Bud Chair 09"}]},{"@type":"WebSite","@id":"https:\/\/formar.shop\/cs\/#website","url":"https:\/\/formar.shop\/cs\/","name":"Formar.shop","description":"Soluzioni espresse con stile","potentialAction":[{"@type":"SearchAction","target":{"@type":"EntryPoint","urlTemplate":"https:\/\/formar.shop\/cs\/?s={search_term_string}"},"query-input":{"@type":"PropertyValueSpecification","valueRequired":true,"valueName":"search_term_string"}}],"inLanguage":"cs"}]}},"_links":{"self":[{"href":"https:\/\/formar.shop\/cs\/wp-json\/wp\/v2\/product\/44839","targetHints":{"allow":["GET"]}}],"collection":[{"href":"https:\/\/formar.shop\/cs\/wp-json\/wp\/v2\/product"}],"about":[{"href":"https:\/\/formar.shop\/cs\/wp-json\/wp\/v2\/types\/product"}],"wp:featuredmedia":[{"embeddable":true,"href":"https:\/\/formar.shop\/cs\/wp-json\/wp\/v2\/media\/44840"}],"wp:attachment":[{"href":"https:\/\/formar.shop\/cs\/wp-json\/wp\/v2\/media?parent=44839"}],"wp:term":[{"taxonomy":"product_brand","embeddable":true,"href":"https:\/\/formar.shop\/cs\/wp-json\/wp\/v2\/product_brand?post=44839"},{"taxonomy":"product_cat","embeddable":true,"href":"https:\/\/formar.shop\/cs\/wp-json\/wp\/v2\/product_cat?post=44839"},{"taxonomy":"product_tag","embeddable":true,"href":"https:\/\/formar.shop\/cs\/wp-json\/wp\/v2\/product_tag?post=44839"}],"curies":[{"name":"wp","href":"https:\/\/api.w.org\/{rel}","templated":true}]}}