{"id":44655,"date":"2025-01-18T21:25:59","date_gmt":"2025-01-18T20:25:59","guid":{"rendered":"https:\/\/formar.shop\/prodotto\/knihovna-stul-cube-01\/"},"modified":"2025-01-18T21:26:13","modified_gmt":"2025-01-18T20:26:13","slug":"knihovna-stul-cube-01","status":"publish","type":"product","link":"https:\/\/formar.shop\/cs\/prodotto\/knihovna-stul-cube-01\/","title":{"rendered":"Knihovna &#8211; St\u016fl Cube 01"},"content":{"rendered":"<h2>REG\u00c1LOV\u00dd STOLEK VE TVARU KOSTKY 01<\/h2>\n<p>Mal\u00fd stolek nebo knihovna, kter\u00e9 poskytuj\u00ed dostatek \u00falo\u017en\u00e9ho prostoru na mal\u00e9m prostoru.<\/p>\n<h2 class=\"a-spacing-mini\">S knihovn\u00edm stolkem Cube Table 01 vnesete do sv\u00e9ho domova osobitost, charakter a v\u00fdraznost.<\/h2>\n<p>Jeho origin\u00e1ln\u00ed, jednoduch\u00fd a praktick\u00fd design nab\u00edz\u00ed elegantn\u00ed rovnov\u00e1hu mezi \u0159\u00e1dem a kr\u00e1sou v jak\u00e9koli m\u00edstnosti va\u0161eho domova. Skv\u011ble se hod\u00ed k um\u00edst\u011bn\u00ed knih nebo dekorativn\u00edch p\u0159edm\u011bt\u016f. <\/p>\n<p>Z\u00e1kladna je b\u00edl\u00e1, zat\u00edmco horn\u00ed \u010d\u00e1st je k dispozici ve t\u0159ech kr\u00e1sn\u00fdch variant\u00e1ch: \u010derven\u00e9, \u010dern\u00e9 a \u0161ed\u00e9.<\/p>\n<h3 class=\"av-special-heading-tag \">DESIGN PRODUKTU<\/h3>\n<p>Vymyslel a navrhl ji italsk\u00fd design\u00e9r Mario Mazzer, kter\u00fd v roce 1978 absolvoval architekturu na mil\u00e1nsk\u00e9 polytechnice a v roce 1979 pr\u016fmyslov\u00fd design na Scuola Politecnica di Design v Mil\u00e1n\u011b.<br \/>Zde se v 70. letech vzd\u011bl\u00e1val, spolupracoval s mistry italsk\u00e9ho designu a v roce 1980 zalo\u017eil v Conegliano Veneto architektonickou kancel\u00e1\u0159 Mario Mazzer Architects. Je n\u011bkolikan\u00e1sobn\u00fdm dr\u017eitelem ocen\u011bn\u00ed, v roce 1996 z\u00edskal \u010destn\u00e9 uzn\u00e1n\u00ed na ID Annual Design Review v New Yorku. P\u0159edv\u00e1d\u011bn\u00edm sv\u00e9 pr\u00e1ce v\u00fdrazn\u011b p\u0159isp\u011bl k propagaci popularity italsk\u00fdch v\u00fdrobk\u016f po cel\u00e9m sv\u011bt\u011b.  <\/p>\n<h3 class=\"av-special-heading-tag \">ROZM\u011aRY V\u00ddROBKU<\/h3>\n<p>Individu\u00e1ln\u00ed m\u011b\u0159en\u00ed produktu:<\/p>\n<ul>\n<li>D\u00e9lka 40 cm<\/li>\n<li>hloubka 40 cm<\/li>\n<li>V\u00fd\u0161ka 33,5 cm<\/li>\n<\/ul>\n<div class=\"is-divider divider clearfix\" style=\"max-width:1000px;\"><\/div>\n<div class=\"row\"  id=\"row-805187304\">\n\n\t<div id=\"col-2098274364\" class=\"col small-12 large-12\"  >\n\t\t\t\t<div class=\"col-inner\"  >\n\t\t\t\n\t\t\t\n\n\t\t<div class=\"icon-box featured-box icon-box-left text-left\"  >\n\t\t\t\t\t<div class=\"icon-box-img\" style=\"width: 20px\">\n\t\t\t\t<div class=\"icon\">\n\t\t\t\t\t<div class=\"icon-inner\" >\n\t\t\t\t\t\t<img loading=\"lazy\" decoding=\"async\" width=\"300\" height=\"300\" src=\"https:\/\/static.formar.net\/wp-content\/uploads\/2022\/09\/20173538\/Icona-telefono-300x300.png\" class=\"attachment-medium size-medium\" alt=\"\" srcset=\"https:\/\/static.formar.net\/wp-content\/uploads\/2022\/09\/20173538\/Icona-telefono-300x300.png 300w, https:\/\/static.formar.net\/wp-content\/uploads\/2022\/09\/20173538\/Icona-telefono-80x80.png 80w, https:\/\/static.formar.net\/wp-content\/uploads\/2022\/09\/20173538\/Icona-telefono-510x510.png 510w, https:\/\/static.formar.net\/wp-content\/uploads\/2022\/09\/20173538\/Icona-telefono-100x100.png 100w, https:\/\/static.formar.net\/wp-content\/uploads\/2022\/09\/20173538\/Icona-telefono-50x50.png 50w, https:\/\/static.formar.net\/wp-content\/uploads\/2022\/09\/20173538\/Icona-telefono.png 512w\" sizes=\"auto, (max-width: 300px) 100vw, 300px\" \/>\t\t\t\t\t<\/div>\n\t\t\t\t<\/div>\n\t\t\t<\/div>\n\t\t\t\t<div class=\"icon-box-text last-reset\">\n\t\t\t\t\t\t\t\t\t\n<h3><span style=\"font-size: 75%;\">Telefonick\u00e9 objedn\u00e1vky: 800 122 267<\/span><\/h3>\n\t\t<\/div>\n\t<\/div>\n\t\n\t\n\n\t\t<div class=\"icon-box featured-box icon-box-left text-left\"  >\n\t\t\t\t\t<div class=\"icon-box-img\" style=\"width: 20px\">\n\t\t\t\t<div class=\"icon\">\n\t\t\t\t\t<div class=\"icon-inner\" >\n\t\t\t\t\t\t<img loading=\"lazy\" decoding=\"async\" width=\"300\" height=\"300\" src=\"https:\/\/static.formar.net\/wp-content\/uploads\/2022\/09\/20173537\/Icona-whatsapp-1-300x300.png\" class=\"attachment-medium size-medium\" alt=\"\" srcset=\"https:\/\/static.formar.net\/wp-content\/uploads\/2022\/09\/20173537\/Icona-whatsapp-1-300x300.png 300w, https:\/\/static.formar.net\/wp-content\/uploads\/2022\/09\/20173537\/Icona-whatsapp-1-80x80.png 80w, https:\/\/static.formar.net\/wp-content\/uploads\/2022\/09\/20173537\/Icona-whatsapp-1-510x510.png 510w, https:\/\/static.formar.net\/wp-content\/uploads\/2022\/09\/20173537\/Icona-whatsapp-1-100x100.png 100w, https:\/\/static.formar.net\/wp-content\/uploads\/2022\/09\/20173537\/Icona-whatsapp-1-50x50.png 50w, https:\/\/static.formar.net\/wp-content\/uploads\/2022\/09\/20173537\/Icona-whatsapp-1-600x600.png 600w, https:\/\/static.formar.net\/wp-content\/uploads\/2022\/09\/20173537\/Icona-whatsapp-1.png 720w\" sizes=\"auto, (max-width: 300px) 100vw, 300px\" \/>\t\t\t\t\t<\/div>\n\t\t\t\t<\/div>\n\t\t\t<\/div>\n\t\t\t\t<div class=\"icon-box-text last-reset\">\n\t\t\t\t\t\t\t\t\t\n<h3><span style=\"font-size: 75%;\">WhatsApp: <a href=\"https:\/\/api.whatsapp.com\/send\/?phone=390715906063&amp;text&amp;type=phone_number&amp;app_absent=0\">+39 071 5906063<\/a><\/span><\/h3>\n\t\t<\/div>\n\t<\/div>\n\t\n\t\n\n\t\t<div class=\"icon-box featured-box icon-box-left text-left\"  >\n\t\t\t\t\t<div class=\"icon-box-img\" style=\"width: 20px\">\n\t\t\t\t<div class=\"icon\">\n\t\t\t\t\t<div class=\"icon-inner\" >\n\t\t\t\t\t\t<img loading=\"lazy\" decoding=\"async\" width=\"300\" height=\"300\" src=\"https:\/\/static.formar.net\/wp-content\/uploads\/2022\/09\/20173537\/Icona-lucchetto-300x300.png\" class=\"attachment-medium size-medium\" alt=\"\" srcset=\"https:\/\/static.formar.net\/wp-content\/uploads\/2022\/09\/20173537\/Icona-lucchetto-300x300.png 300w, https:\/\/static.formar.net\/wp-content\/uploads\/2022\/09\/20173537\/Icona-lucchetto-80x80.png 80w, https:\/\/static.formar.net\/wp-content\/uploads\/2022\/09\/20173537\/Icona-lucchetto-100x100.png 100w, https:\/\/static.formar.net\/wp-content\/uploads\/2022\/09\/20173537\/Icona-lucchetto-50x50.png 50w, https:\/\/static.formar.net\/wp-content\/uploads\/2022\/09\/20173537\/Icona-lucchetto.png 500w\" sizes=\"auto, (max-width: 300px) 100vw, 300px\" \/>\t\t\t\t\t<\/div>\n\t\t\t\t<\/div>\n\t\t\t<\/div>\n\t\t\t\t<div class=\"icon-box-text last-reset\">\n\t\t\t\t\t\t\t\t\t\n<h3><span style=\"font-size: 75%;\">Bezpe\u010dn\u00e9 a zabezpe\u010den\u00e9 platby s de\u0161ifrov\u00e1n\u00edm SSL<\/span><\/h3>\n\t\t<\/div>\n\t<\/div>\n\t\n\t\n\n\t\t<div class=\"icon-box featured-box icon-box-left text-left\"  >\n\t\t\t\t\t<div class=\"icon-box-img\" style=\"width: 20px\">\n\t\t\t\t<div class=\"icon\">\n\t\t\t\t\t<div class=\"icon-inner\" >\n\t\t\t\t\t\t<img loading=\"lazy\" decoding=\"async\" width=\"224\" height=\"224\" src=\"https:\/\/static.formar.net\/wp-content\/uploads\/sites\/1\/2022\/10\/02111142\/Icona-furgone.png\" class=\"attachment-medium size-medium\" alt=\"\" srcset=\"https:\/\/static.formar.net\/wp-content\/uploads\/sites\/1\/2022\/10\/02111142\/Icona-furgone.png 224w, https:\/\/static.formar.net\/wp-content\/uploads\/sites\/1\/2022\/10\/02111142\/Icona-furgone-80x80.png 80w, https:\/\/static.formar.net\/wp-content\/uploads\/sites\/1\/2022\/10\/02111142\/Icona-furgone-100x100.png 100w, https:\/\/static.formar.net\/wp-content\/uploads\/sites\/1\/2022\/10\/02111142\/Icona-furgone-50x50.png 50w\" sizes=\"auto, (max-width: 224px) 100vw, 224px\" \/>\t\t\t\t\t<\/div>\n\t\t\t\t<\/div>\n\t\t\t<\/div>\n\t\t\t\t<div class=\"icon-box-text last-reset\">\n\t\t\t\t\t\t\t\t\t\n<h3><span style=\"font-size: 75%;\">Doprava v\u017edy zdarma<\/span><\/h3>\n\t\t<\/div>\n\t<\/div>\n\t\n\t\n\n\t\t<div class=\"icon-box featured-box icon-box-left text-left\"  >\n\t\t\t\t\t<div class=\"icon-box-img\" style=\"width: 20px\">\n\t\t\t\t<div class=\"icon\">\n\t\t\t\t\t<div class=\"icon-inner\" >\n\t\t\t\t\t\t<img loading=\"lazy\" decoding=\"async\" width=\"256\" height=\"256\" src=\"https:\/\/static.formar.net\/wp-content\/uploads\/sites\/1\/2022\/10\/02111142\/Icona-carta-di-credito.png\" class=\"attachment-medium size-medium\" alt=\"\" srcset=\"https:\/\/static.formar.net\/wp-content\/uploads\/sites\/1\/2022\/10\/02111142\/Icona-carta-di-credito.png 256w, https:\/\/static.formar.net\/wp-content\/uploads\/sites\/1\/2022\/10\/02111142\/Icona-carta-di-credito-80x80.png 80w, https:\/\/static.formar.net\/wp-content\/uploads\/sites\/1\/2022\/10\/02111142\/Icona-carta-di-credito-100x100.png 100w, https:\/\/static.formar.net\/wp-content\/uploads\/sites\/1\/2022\/10\/02111142\/Icona-carta-di-credito-50x50.png 50w\" sizes=\"auto, (max-width: 256px) 100vw, 256px\" \/>\t\t\t\t\t<\/div>\n\t\t\t\t<\/div>\n\t\t\t<\/div>\n\t\t\t\t<div class=\"icon-box-text last-reset\">\n\t\t\t\t\t\t\t\t\t\n<h3><span style=\"font-size: 75%;\"><a href=\"https:\/\/formar.shop\/cs\/zpusob-platby\/\">Platba<\/a>: Paypal, Kreditn\u00ed karta, Hotovost nebo Bancomat (na m\u00edst\u011b), Dob\u00edrka<\/span><\/h3>\n\t\t<\/div>\n\t<\/div>\n\t\n\t\n\n\t\t<div class=\"icon-box featured-box icon-box-left text-left\"  >\n\t\t\t\t<div class=\"icon-box-text last-reset\">\n\t\t\t\t\t\t\t\t\t\n<h3><span style=\"font-size: 15.12px;\">Z\u00e1ruka v\u00fdrobce<\/span><\/h3>\n\t\t<\/div>\n\t<\/div>\n\t\n\t\n\n\t\t<div class=\"icon-box featured-box icon-box-left text-left\"  >\n\t\t\t\t<div class=\"icon-box-text last-reset\">\n\t\t\t\t\t\t\t\t\t\n<h3><span style=\"font-size: 75%;\">Rychl\u00e9 a snadn\u00e9 vr\u00e1cen\u00ed.  <a href=\"https:\/\/formar.shop\/cs\/pravidla-pro-vraceni\/\">V\u00edce informac\u00ed<\/a><\/span><\/h3>\n\t\t<\/div>\n\t<\/div>\n\t\n\t\n\t\t<\/div>\n\t\t\t\t\t<\/div>\n\n\t\n<\/div>\n","protected":false},"excerpt":{"rendered":"<p>Tento designov\u00fd odkl\u00e1dac\u00ed stolek, kter\u00fd vymyslel a navrhl italsk\u00fd design\u00e9r MARIO MAZZER, je vhodn\u00fd pro za\u0159\u00edzen\u00ed ka\u017ed\u00e9 m\u00edstnosti.<br \/>\nSkl\u00e1d\u00e1 se z b\u00edl\u00e9 podno\u017ee a desky dostupn\u00e9 ve t\u0159ech barv\u00e1ch: \u010derven\u00e9, \u010dern\u00e9 a \u0161ed\u00e9.<br \/>\nD\u00edky dod\u00e1van\u00e9 sad\u011b je mont\u00e1\u017e rychl\u00e1 a snadn\u00e1.  <\/p>\n","protected":false},"featured_media":44662,"template":"","meta":{"_joinchat":[]},"product_brand":[],"product_cat":[1604,1605],"product_tag":[1643,1642],"class_list":{"0":"post-44655","1":"product","2":"type-product","3":"status-publish","4":"has-post-thumbnail","6":"product_cat-home-cs","7":"product_cat-stoly-a-konferencni-stolky","8":"product_tag-konferencni-stolky","9":"product_tag-tabulky","11":"first","12":"instock","13":"sale","14":"taxable","15":"shipping-taxable","16":"purchasable","17":"product-type-variable","18":"has-default-attributes"},"yoast_head":"<!-- This site is optimized with the Yoast SEO plugin v27.3 - https:\/\/yoast.com\/product\/yoast-seo-wordpress\/ -->\n<title>Knihovna - St\u016fl Cube 01 - Formar.shop<\/title>\n<meta name=\"robots\" content=\"index, follow, max-snippet:-1, max-image-preview:large, max-video-preview:-1\" \/>\n<link rel=\"canonical\" href=\"https:\/\/formar.shop\/cs\/prodotto\/knihovna-stul-cube-01\/\" \/>\n<script type=\"application\/ld+json\" class=\"yoast-schema-graph\">{\"@context\":\"https:\\\/\\\/schema.org\",\"@graph\":[{\"@type\":\"WebPage\",\"@id\":\"https:\\\/\\\/formar.shop\\\/cs\\\/prodotto\\\/knihovna-stul-cube-01\\\/\",\"url\":\"https:\\\/\\\/formar.shop\\\/cs\\\/prodotto\\\/knihovna-stul-cube-01\\\/\",\"name\":\"Knihovna - St\u016fl Cube 01 - Formar.shop\",\"isPartOf\":{\"@id\":\"https:\\\/\\\/formar.shop\\\/cs\\\/#website\"},\"primaryImageOfPage\":{\"@id\":\"https:\\\/\\\/formar.shop\\\/cs\\\/prodotto\\\/knihovna-stul-cube-01\\\/#primaryimage\"},\"image\":{\"@id\":\"https:\\\/\\\/formar.shop\\\/cs\\\/prodotto\\\/knihovna-stul-cube-01\\\/#primaryimage\"},\"thumbnailUrl\":\"https:\\\/\\\/static.formar.net\\\/wp-content\\\/uploads\\\/2020\\\/12\\\/22191323\\\/Immagini-di-prodotto-x-Amazon-41.png\",\"datePublished\":\"2025-01-18T20:25:59+00:00\",\"dateModified\":\"2025-01-18T20:26:13+00:00\",\"breadcrumb\":{\"@id\":\"https:\\\/\\\/formar.shop\\\/cs\\\/prodotto\\\/knihovna-stul-cube-01\\\/#breadcrumb\"},\"inLanguage\":\"cs\",\"potentialAction\":[{\"@type\":\"ReadAction\",\"target\":[\"https:\\\/\\\/formar.shop\\\/cs\\\/prodotto\\\/knihovna-stul-cube-01\\\/\"]}]},{\"@type\":\"ImageObject\",\"inLanguage\":\"cs\",\"@id\":\"https:\\\/\\\/formar.shop\\\/cs\\\/prodotto\\\/knihovna-stul-cube-01\\\/#primaryimage\",\"url\":\"https:\\\/\\\/static.formar.net\\\/wp-content\\\/uploads\\\/2020\\\/12\\\/22191323\\\/Immagini-di-prodotto-x-Amazon-41.png\",\"contentUrl\":\"https:\\\/\\\/static.formar.net\\\/wp-content\\\/uploads\\\/2020\\\/12\\\/22191323\\\/Immagini-di-prodotto-x-Amazon-41.png\",\"width\":1012,\"height\":1012},{\"@type\":\"BreadcrumbList\",\"@id\":\"https:\\\/\\\/formar.shop\\\/cs\\\/prodotto\\\/knihovna-stul-cube-01\\\/#breadcrumb\",\"itemListElement\":[{\"@type\":\"ListItem\",\"position\":1,\"name\":\"Home\",\"item\":\"https:\\\/\\\/formar.shop\\\/cs\\\/automaticky-navrh\\\/\"},{\"@type\":\"ListItem\",\"position\":2,\"name\":\"Obchod\",\"item\":\"https:\\\/\\\/formar.shop\\\/cs\\\/obchod\\\/\"},{\"@type\":\"ListItem\",\"position\":3,\"name\":\"Knihovna &#8211; St\u016fl Cube 01\"}]},{\"@type\":\"WebSite\",\"@id\":\"https:\\\/\\\/formar.shop\\\/cs\\\/#website\",\"url\":\"https:\\\/\\\/formar.shop\\\/cs\\\/\",\"name\":\"Formar.shop\",\"description\":\"Soluzioni espresse con stile\",\"potentialAction\":[{\"@type\":\"SearchAction\",\"target\":{\"@type\":\"EntryPoint\",\"urlTemplate\":\"https:\\\/\\\/formar.shop\\\/cs\\\/?s={search_term_string}\"},\"query-input\":{\"@type\":\"PropertyValueSpecification\",\"valueRequired\":true,\"valueName\":\"search_term_string\"}}],\"inLanguage\":\"cs\"}]}<\/script>\n<!-- \/ Yoast SEO plugin. -->","yoast_head_json":{"title":"Knihovna - St\u016fl Cube 01 - Formar.shop","robots":{"index":"index","follow":"follow","max-snippet":"max-snippet:-1","max-image-preview":"max-image-preview:large","max-video-preview":"max-video-preview:-1"},"canonical":"https:\/\/formar.shop\/cs\/prodotto\/knihovna-stul-cube-01\/","schema":{"@context":"https:\/\/schema.org","@graph":[{"@type":"WebPage","@id":"https:\/\/formar.shop\/cs\/prodotto\/knihovna-stul-cube-01\/","url":"https:\/\/formar.shop\/cs\/prodotto\/knihovna-stul-cube-01\/","name":"Knihovna - St\u016fl Cube 01 - Formar.shop","isPartOf":{"@id":"https:\/\/formar.shop\/cs\/#website"},"primaryImageOfPage":{"@id":"https:\/\/formar.shop\/cs\/prodotto\/knihovna-stul-cube-01\/#primaryimage"},"image":{"@id":"https:\/\/formar.shop\/cs\/prodotto\/knihovna-stul-cube-01\/#primaryimage"},"thumbnailUrl":"https:\/\/static.formar.net\/wp-content\/uploads\/2020\/12\/22191323\/Immagini-di-prodotto-x-Amazon-41.png","datePublished":"2025-01-18T20:25:59+00:00","dateModified":"2025-01-18T20:26:13+00:00","breadcrumb":{"@id":"https:\/\/formar.shop\/cs\/prodotto\/knihovna-stul-cube-01\/#breadcrumb"},"inLanguage":"cs","potentialAction":[{"@type":"ReadAction","target":["https:\/\/formar.shop\/cs\/prodotto\/knihovna-stul-cube-01\/"]}]},{"@type":"ImageObject","inLanguage":"cs","@id":"https:\/\/formar.shop\/cs\/prodotto\/knihovna-stul-cube-01\/#primaryimage","url":"https:\/\/static.formar.net\/wp-content\/uploads\/2020\/12\/22191323\/Immagini-di-prodotto-x-Amazon-41.png","contentUrl":"https:\/\/static.formar.net\/wp-content\/uploads\/2020\/12\/22191323\/Immagini-di-prodotto-x-Amazon-41.png","width":1012,"height":1012},{"@type":"BreadcrumbList","@id":"https:\/\/formar.shop\/cs\/prodotto\/knihovna-stul-cube-01\/#breadcrumb","itemListElement":[{"@type":"ListItem","position":1,"name":"Home","item":"https:\/\/formar.shop\/cs\/automaticky-navrh\/"},{"@type":"ListItem","position":2,"name":"Obchod","item":"https:\/\/formar.shop\/cs\/obchod\/"},{"@type":"ListItem","position":3,"name":"Knihovna &#8211; St\u016fl Cube 01"}]},{"@type":"WebSite","@id":"https:\/\/formar.shop\/cs\/#website","url":"https:\/\/formar.shop\/cs\/","name":"Formar.shop","description":"Soluzioni espresse con stile","potentialAction":[{"@type":"SearchAction","target":{"@type":"EntryPoint","urlTemplate":"https:\/\/formar.shop\/cs\/?s={search_term_string}"},"query-input":{"@type":"PropertyValueSpecification","valueRequired":true,"valueName":"search_term_string"}}],"inLanguage":"cs"}]}},"_links":{"self":[{"href":"https:\/\/formar.shop\/cs\/wp-json\/wp\/v2\/product\/44655","targetHints":{"allow":["GET"]}}],"collection":[{"href":"https:\/\/formar.shop\/cs\/wp-json\/wp\/v2\/product"}],"about":[{"href":"https:\/\/formar.shop\/cs\/wp-json\/wp\/v2\/types\/product"}],"wp:featuredmedia":[{"embeddable":true,"href":"https:\/\/formar.shop\/cs\/wp-json\/wp\/v2\/media\/44662"}],"wp:attachment":[{"href":"https:\/\/formar.shop\/cs\/wp-json\/wp\/v2\/media?parent=44655"}],"wp:term":[{"taxonomy":"product_brand","embeddable":true,"href":"https:\/\/formar.shop\/cs\/wp-json\/wp\/v2\/product_brand?post=44655"},{"taxonomy":"product_cat","embeddable":true,"href":"https:\/\/formar.shop\/cs\/wp-json\/wp\/v2\/product_cat?post=44655"},{"taxonomy":"product_tag","embeddable":true,"href":"https:\/\/formar.shop\/cs\/wp-json\/wp\/v2\/product_tag?post=44655"}],"curies":[{"name":"wp","href":"https:\/\/api.w.org\/{rel}","templated":true}]}}