{"id":44447,"date":"2022-10-01T17:52:49","date_gmt":"2025-01-18T20:23:56","guid":{"rendered":"https:\/\/formar.shop\/prodotto\/par-calounenych-sedaku-a-operadel-pro-lavici\/"},"modified":"2025-11-18T10:46:15","modified_gmt":"2025-11-18T09:46:15","slug":"par-calounenych-sedaku-a-operadel-pro-lavici","status":"publish","type":"product","link":"https:\/\/formar.shop\/cs\/prodotto\/par-calounenych-sedaku-a-operadel-pro-lavici\/","title":{"rendered":"P\u00e1r \u010daloun\u011bn\u00fdch sed\u00e1k\u016f a op\u011bradel pro lavici"},"content":{"rendered":"\t<div id=\"gap-858543338\" class=\"gap-element clearfix\" style=\"display:block; height:auto;\">\n\t\t\n<style>\n#gap-858543338 {\n  padding-top: 30px;\n}\n<\/style>\n\t<\/div>\n\t\n\t<div id=\"text-2431023354\" class=\"text\">\n\t\t\n<h3><span style=\"color: #3b3b00;\">P\u00e1r pol\u0161t\u00e1\u0159\u016f polstrovan\u00fdch neho\u0159lavou ekok\u016f\u017e\u00ed t\u0159\u00eddy 1\/IM<\/span><\/h3>\n<\/p>\n\t\t\n<style>\n#text-2431023354 {\n  font-size: 1.9rem;\n  line-height: 1;\n  text-align: center;\n  color: #85d782;\n}\n#text-2431023354 > * {\n  color: #85d782;\n}\n@media (min-width:550px) {\n  #text-2431023354 {\n    line-height: 0.75;\n  }\n}\n<\/style>\n\t<\/div>\n\t\n<div class=\"row\"  id=\"row-1455488932\">\n\n\t<div id=\"col-1796460512\" class=\"col small-12 large-12\"  >\n\t\t\t\t<div class=\"col-inner text-left\"  >\n\t\t\t\n\t\t\t\n\n\t<section class=\"section\" id=\"section_859117291\">\n\t\t<div class=\"section-bg fill\" >\n\t\t\t\t\t\t\t\t\t\n\t\t\t\n\t<div class=\"is-border\"\n\t\tstyle=\"border-width:0px 0px 0px 0px;margin:0px 0px 0px 0px;\">\n\t<\/div>\n\n\t\t<\/div>\n\n\t\t\n\n\t\t<div class=\"section-content relative\">\n\t\t\t\n<div class=\"row row-large row-full-width align-right\"  id=\"row-39585957\">\n\n\t<div id=\"col-498898410\" class=\"col medium-5 small-12 large-5\"  >\n\t\t\t\t<div class=\"col-inner\"  >\n\t\t\t\n\t\t\t\n\t<div class=\"img has-hover x md-x lg-x y md-y lg-y\" id=\"image_1939586092\">\n\t\t\t\t\t\t\t\t<div class=\"img-inner dark\" >\n\t\t\t<img loading=\"lazy\" decoding=\"async\" width=\"974\" height=\"1030\" src=\"https:\/\/static.formar.net\/wp-content\/uploads\/sites\/1\/2023\/08\/02110703\/Sedile-Imbottito-per-panche-acciaio_Insiem-Sfuocato_coppia--974x1030.jpg\" class=\"attachment-large size-large\" alt=\"\" srcset=\"https:\/\/static.formar.net\/wp-content\/uploads\/sites\/1\/2023\/08\/02110703\/Sedile-Imbottito-per-panche-acciaio_Insiem-Sfuocato_coppia--974x1030.jpg 974w, https:\/\/static.formar.net\/wp-content\/uploads\/sites\/1\/2023\/08\/02110703\/Sedile-Imbottito-per-panche-acciaio_Insiem-Sfuocato_coppia--284x300.jpg 284w, https:\/\/static.formar.net\/wp-content\/uploads\/sites\/1\/2023\/08\/02110703\/Sedile-Imbottito-per-panche-acciaio_Insiem-Sfuocato_coppia--768x812.jpg 768w, https:\/\/static.formar.net\/wp-content\/uploads\/sites\/1\/2023\/08\/02110703\/Sedile-Imbottito-per-panche-acciaio_Insiem-Sfuocato_coppia--1453x1536.jpg 1453w, https:\/\/static.formar.net\/wp-content\/uploads\/sites\/1\/2023\/08\/02110703\/Sedile-Imbottito-per-panche-acciaio_Insiem-Sfuocato_coppia--1937x2048.jpg 1937w, https:\/\/static.formar.net\/wp-content\/uploads\/sites\/1\/2023\/08\/02110703\/Sedile-Imbottito-per-panche-acciaio_Insiem-Sfuocato_coppia--510x539.jpg 510w\" sizes=\"auto, (max-width: 974px) 100vw, 974px\" \/>\t\t\t\t\t\t\n\t\t\t\t\t<\/div>\n\t\t\t\t\t\t\t\t\n<style>\n#image_1939586092 {\n  width: 100%;\n}\n<\/style>\n\t<\/div>\n\t\n\t\t<\/div>\n\t\t\t\t\t<\/div>\n\n\t\n\n\t<div id=\"col-530758527\" class=\"col medium-7 small-12 large-7\"  >\n\t\t\t\t<div class=\"col-inner\"  >\n\t\t\t\n\t\t\t\n<h3><span style=\"color: #808080;\">Funkce  <\/span><\/h3>\n<ul>\n<li><span style=\"color: #808080;\">Podpora z oh\u00fdban\u00e9 p\u0159ekli\u017eky o tlou\u0161\u0165ce 12 mm, polstrovan\u00e1 nedeformovatelnou p\u011bnou a pota\u017een\u00e1 <strong>neho\u0159lavou ekok\u016f\u017e\u00ed<\/strong> <strong>t\u0159\u00eddy 1\/IM<\/strong><\/span><\/li>\n<li><span style=\"color: #808080;\">Pol\u0161t\u00e1\u0159e jsou k sed\u00e1ku a op\u011bradlu lavic pro 2, 3, 4 a 5 osob p\u0159ipevn\u011bny \u0161rouby.<\/span><\/li>\n<li><span style=\"color: #808080;\">Zkosen\u00e9 hrany<\/span><\/li>\n<li><span style=\"color: #808080;\">Prod\u00e1v\u00e1 se v p\u00e1rech (1 na op\u011bradlo 1 na sedadlo)<\/span><\/li>\n<li><span style=\"color: #808080;\">Rozm\u011bry cm D 47 x \u0160 38 x V 4<\/span><\/li>\n<li><span style=\"color: #808080;\">Hmotnost jednoho pol\u0161t\u00e1\u0159e 1 kg (2 kg pro p\u00e1r)<\/span><\/li>\n<li><span style=\"color: #808080;\">Vhodn\u00e9 pro v\u0161echny modely stol\u016f Formar Shop<\/span><\/li>\n<\/ul>\n\t\t<\/div>\n\t\t\t\t\t<\/div>\n\n\t\n<\/p>\n<\/div>\n\t\t<\/div>\n\n\t\t\n<style>\n#section_859117291 {\n  padding-top: 0px;\n  padding-bottom: 0px;\n  margin-bottom: 0px;\n  min-height: 400px;\n}\n@media (min-width:550px) {\n  #section_859117291 {\n    min-height: 0px;\n  }\n}\n<\/style>\n\t<\/section>\n\t\n<p>P\u00c9\u010cE A \u00daDR\u017dBA:<\/p>\n<p>Ot\u0159ete vlhk\u00fdm had\u0159\u00edkem s vla\u017enou vodou a neutr\u00e1ln\u00edm prost\u0159edkem.<\/p>\n\t\t<\/div>\n\t\t\t\t\t<\/div>\n\n\t\n<\/div>\n<\/p>\n\n\t<section class=\"section\" id=\"section_1307797660\">\n\t\t<div class=\"section-bg fill\" >\n\t\t\t\t\t\t\t\t\t\n\t\t\t\n\n\t\t<\/div>\n\n\t\t\n\n\t\t<div class=\"section-content relative\">\n\t\t\t\n<div class=\"is-divider divider clearfix\" style=\"max-width:1000px;\"><\/div>\n<div class=\"row row-solid\"  id=\"row-455921505\">\n\n\t<div id=\"col-591774883\" class=\"col medium-3 small-12 large-3\"  >\n\t\t\t\t<div class=\"col-inner\"  >\n\t\t\t\n\t\t\t\n\n\t\t<div class=\"icon-box featured-box icon-box-center text-center\"  >\n\t\t\t\t\t<div class=\"icon-box-img\" style=\"width: 50px\">\n\t\t\t\t<div class=\"icon\">\n\t\t\t\t\t<div class=\"icon-inner\" >\n\t\t\t\t\t\t<img loading=\"lazy\" decoding=\"async\" width=\"128\" height=\"128\" src=\"https:\/\/static.formar.net\/wp-content\/uploads\/sites\/1\/2022\/10\/02111131\/2703076-128-1-1.png\" class=\"attachment-medium size-medium\" alt=\"\" srcset=\"https:\/\/static.formar.net\/wp-content\/uploads\/sites\/1\/2022\/10\/02111131\/2703076-128-1-1.png 128w, https:\/\/static.formar.net\/wp-content\/uploads\/sites\/1\/2022\/10\/02111131\/2703076-128-1-1-80x80.png 80w, https:\/\/static.formar.net\/wp-content\/uploads\/sites\/1\/2022\/10\/02111131\/2703076-128-1-1-100x100.png 100w, https:\/\/static.formar.net\/wp-content\/uploads\/sites\/1\/2022\/10\/02111131\/2703076-128-1-1-50x50.png 50w\" sizes=\"auto, (max-width: 128px) 100vw, 128px\" \/>\t\t\t\t\t<\/div>\n\t\t\t\t<\/div>\n\t\t\t<\/div>\n\t\t\t\t<div class=\"icon-box-text last-reset\">\n\t\t\t\t\t\t\t\t\t\n<h3>Z\u00e1kaznick\u00fd servis v\u017edy k dispozici<\/h3>\n<p>M\u016f\u017eete n\u00e1s kontaktovat prost\u0159ednictv\u00edm WhatsApp: <a href=\"https:\/\/api.whatsapp.com\/send\/?phone=390715906063&amp;text&amp;type=phone_number&amp;app_absent=0\">+39 071 5906063<\/a><\/p>\n<p>Telefonick\u00e9 objedn\u00e1vky: <a href=\"tel:+39800122267\">800 122 267<\/a><\/p>\n\t\t<\/div>\n\t<\/div>\n\t\n\t\n\t\t<\/div>\n\t\t\t\t\t<\/div>\n\n\t\n<\/p>\n\n\t<div id=\"col-1019965372\" class=\"col medium-3 small-12 large-3\"  >\n\t\t\t\t<div class=\"col-inner\"  >\n\t\t\t\n\t\t\t\n\n\t\t<div class=\"icon-box featured-box icon-box-center text-center\"  >\n\t\t\t\t\t<div class=\"icon-box-img\" style=\"width: 50px\">\n\t\t\t\t<div class=\"icon\">\n\t\t\t\t\t<div class=\"icon-inner\" >\n\t\t\t\t\t\t<img loading=\"lazy\" decoding=\"async\" width=\"256\" height=\"256\" src=\"https:\/\/static.formar.net\/wp-content\/uploads\/sites\/1\/2022\/11\/02111117\/Icona-carta-di-credito.png\" class=\"attachment-medium size-medium\" alt=\"\" srcset=\"https:\/\/static.formar.net\/wp-content\/uploads\/sites\/1\/2022\/11\/02111117\/Icona-carta-di-credito.png 256w, https:\/\/static.formar.net\/wp-content\/uploads\/sites\/1\/2022\/11\/02111117\/Icona-carta-di-credito-80x80.png 80w, https:\/\/static.formar.net\/wp-content\/uploads\/sites\/1\/2022\/11\/02111117\/Icona-carta-di-credito-100x100.png 100w, https:\/\/static.formar.net\/wp-content\/uploads\/sites\/1\/2022\/11\/02111117\/Icona-carta-di-credito-50x50.png 50w\" sizes=\"auto, (max-width: 256px) 100vw, 256px\" \/>\t\t\t\t\t<\/div>\n\t\t\t\t<\/div>\n\t\t\t<\/div>\n\t\t\t\t<div class=\"icon-box-text last-reset\">\n\t\t\t\t\t\t\t\t\t\n<h3>Zvolte si formu platby<\/h3>\n<p>Platba p\u0159es Paypal, kreditn\u00ed kartou, v hotovosti nebo debetn\u00ed kartou (na m\u00edst\u011b) a na dob\u00edrku<\/p>\n\t\t<\/div>\n\t<\/div>\n\t\n\t\n\t\t<\/div>\n\t\t\t\t\t<\/div>\n\n\t\n<\/p>\n\n\t<div id=\"col-645728587\" class=\"col medium-3 small-12 large-3\"  >\n\t\t\t\t<div class=\"col-inner\"  >\n\t\t\t\n\t\t\t\n\n\t\t<div class=\"icon-box featured-box icon-box-center text-center\"  >\n\t\t\t\t\t<div class=\"icon-box-img\" style=\"width: 50px\">\n\t\t\t\t<div class=\"icon\">\n\t\t\t\t\t<div class=\"icon-inner\" >\n\t\t\t\t\t\t<img loading=\"lazy\" decoding=\"async\" width=\"128\" height=\"128\" src=\"https:\/\/static.formar.net\/wp-content\/uploads\/sites\/1\/2022\/10\/02111130\/3669335-128-1.png\" class=\"attachment-medium size-medium\" alt=\"\" srcset=\"https:\/\/static.formar.net\/wp-content\/uploads\/sites\/1\/2022\/10\/02111130\/3669335-128-1.png 128w, https:\/\/static.formar.net\/wp-content\/uploads\/sites\/1\/2022\/10\/02111130\/3669335-128-1-80x80.png 80w, https:\/\/static.formar.net\/wp-content\/uploads\/sites\/1\/2022\/10\/02111130\/3669335-128-1-100x100.png 100w, https:\/\/static.formar.net\/wp-content\/uploads\/sites\/1\/2022\/10\/02111130\/3669335-128-1-50x50.png 50w\" sizes=\"auto, (max-width: 128px) 100vw, 128px\" \/>\t\t\t\t\t<\/div>\n\t\t\t\t<\/div>\n\t\t\t<\/div>\n\t\t\t\t<div class=\"icon-box-text last-reset\">\n\t\t\t\t\t\t\t\t\t\n<h3>Snadn\u00fd a bezstarostn\u00fd n\u00e1vrat<\/h3>\n<p>V p\u0159\u00edpad\u011b probl\u00e9m\u016f zajist\u00edme vyzvednut\u00ed p\u0159\u00edmo na va\u0161\u00ed adrese.<a href=\"https:\/\/formar.shop\/cs\/pravidla-pro-vraceni\/\">(Dal\u0161\u00ed podrobnosti)<\/a>.<\/p>\n\t\t<\/div>\n\t<\/div>\n\t\n\t\n\t\t<\/div>\n\t\t\t\t\t<\/div>\n\n\t\n<\/p>\n\n\t<div id=\"col-240463615\" class=\"col medium-3 small-12 large-3\"  >\n\t\t\t\t<div class=\"col-inner\"  >\n\t\t\t\n\t\t\t\n\n\t\t<div class=\"icon-box featured-box icon-box-center text-center\"  >\n\t\t\t\t\t<div class=\"icon-box-img\" style=\"width: 50px\">\n\t\t\t\t<div class=\"icon\">\n\t\t\t\t\t<div class=\"icon-inner\" >\n\t\t\t\t\t\t<img loading=\"lazy\" decoding=\"async\" width=\"128\" height=\"128\" src=\"https:\/\/static.formar.net\/wp-content\/uploads\/sites\/1\/2022\/10\/02111130\/5959201-128-1.png\" class=\"attachment-medium size-medium\" alt=\"\" srcset=\"https:\/\/static.formar.net\/wp-content\/uploads\/sites\/1\/2022\/10\/02111130\/5959201-128-1.png 128w, https:\/\/static.formar.net\/wp-content\/uploads\/sites\/1\/2022\/10\/02111130\/5959201-128-1-80x80.png 80w, https:\/\/static.formar.net\/wp-content\/uploads\/sites\/1\/2022\/10\/02111130\/5959201-128-1-100x100.png 100w, https:\/\/static.formar.net\/wp-content\/uploads\/sites\/1\/2022\/10\/02111130\/5959201-128-1-50x50.png 50w\" sizes=\"auto, (max-width: 128px) 100vw, 128px\" \/>\t\t\t\t\t<\/div>\n\t\t\t\t<\/div>\n\t\t\t<\/div>\n\t\t\t\t<div class=\"icon-box-text last-reset\">\n\t\t\t\t\t\t\t\t\t\n<h3>Z\u00e1ruka v\u00fdrobce a n\u00e1hradn\u00ed d\u00edly<\/h3>\n<p>Na v\u0161echny na\u0161e v\u00fdrobky se vztahuje na\u0161e z\u00e1ruka. Na mnoho v\u00fdrobk\u016f poskytujeme z\u00e1ruku na n\u00e1hradn\u00ed d\u00edly po stejnou dobu. <\/p>\n\t\t<\/div>\n\t<\/div>\n\t\n\t\n\t\t<\/div>\n\t\t\t\t\t<\/div>\n\n\t\n\n<style>\n#row-455921505 > .col > .col-inner {\n  padding: 20px 20px 20px 20px;\n}\n<\/style>\n<\/div>\n\t\t<\/div>\n\n\t\t\n<style>\n#section_1307797660 {\n  padding-top: 30px;\n  padding-bottom: 30px;\n}\n<\/style>\n\t<\/section>\n\t\n","protected":false},"excerpt":{"rendered":"<p>Podpora z oh\u00fdban\u00e9 p\u0159ekli\u017eky o tlou\u0161\u0165ce 12 mm, polstrovan\u00e1 nedeformovatelnou p\u011bnou a pota\u017een\u00e1 neho\u0159lavou ekok\u016f\u017e\u00ed t\u0159\u00eddy 1\/IM. Pol\u0161t\u00e1\u0159e se pomoc\u00ed \u0161roub\u016f p\u0159ipev\u0148uj\u00ed k sedadlu a op\u011bradlu lavic pro 2, 3, 4 a 5 m\u00edst. Zaoblen\u00e9 hrany. Prod\u00e1v\u00e1no v p\u00e1ru (1 pro op\u011bradlo, 1 pro sedadlo)<br \/>P\u0159izp\u016fsobiteln\u00e9 v\u0161em model\u016fm lavic Formar Shop.   <\/p>\n","protected":false},"featured_media":51603,"template":"","meta":{"_joinchat":[]},"product_brand":[],"product_cat":[1349,1581],"product_tag":[],"class_list":{"0":"post-44447","1":"product","2":"type-product","3":"status-publish","4":"has-post-thumbnail","6":"product_cat-kancelar","7":"product_cat-sezeni-v-cekarne","9":"first","10":"instock","11":"taxable","12":"shipping-taxable","13":"purchasable","14":"product-type-variable","15":"has-default-attributes"},"yoast_head":"<!-- This site is optimized with the Yoast SEO plugin v27.3 - https:\/\/yoast.com\/product\/yoast-seo-wordpress\/ -->\n<title>P\u00e1r \u010daloun\u011bn\u00fdch sed\u00e1k\u016f a op\u011bradel pro lavici - Formar.shop<\/title>\n<meta name=\"description\" content=\"Podpora z oh\u00fdban\u00e9 p\u0159ekli\u017eky o tlou\u0161\u0165ce 12 mm, polstrovan\u00e1 nedeformovatelnou p\u011bnou a pota\u017een\u00e1 \u010dernou neho\u0159lavou ekok\u016f\u017e\u00ed. Pol\u0161t\u00e1\u0159e se pomoc\u00ed \u0161roub\u016f p\u0159ipev\u0148uj\u00ed k sedadlu a op\u011bradlu lavic pro 2, 3, 4 a 5 m\u00edst. Zaoblen\u00e9 hrany. Prod\u00e1v\u00e1no v p\u00e1ru (1 pro op\u011bradlo, 1 pro sedadlo). P\u0159izp\u016fsobiteln\u00e9 v\u0161em model\u016fm lavic Formar Shop.\" \/>\n<meta name=\"robots\" content=\"index, follow, max-snippet:-1, max-image-preview:large, max-video-preview:-1\" \/>\n<link rel=\"canonical\" href=\"https:\/\/formar.shop\/cs\/prodotto\/par-calounenych-sedaku-a-operadel-pro-lavici\/\" \/>\n<script type=\"application\/ld+json\" class=\"yoast-schema-graph\">{\"@context\":\"https:\\\/\\\/schema.org\",\"@graph\":[{\"@type\":\"WebPage\",\"@id\":\"https:\\\/\\\/formar.shop\\\/cs\\\/prodotto\\\/par-calounenych-sedaku-a-operadel-pro-lavici\\\/\",\"url\":\"https:\\\/\\\/formar.shop\\\/cs\\\/prodotto\\\/par-calounenych-sedaku-a-operadel-pro-lavici\\\/\",\"name\":\"P\u00e1r \u010daloun\u011bn\u00fdch sed\u00e1k\u016f a op\u011bradel pro lavici - Formar.shop\",\"isPartOf\":{\"@id\":\"https:\\\/\\\/formar.shop\\\/cs\\\/#website\"},\"primaryImageOfPage\":{\"@id\":\"https:\\\/\\\/formar.shop\\\/cs\\\/prodotto\\\/par-calounenych-sedaku-a-operadel-pro-lavici\\\/#primaryimage\"},\"image\":{\"@id\":\"https:\\\/\\\/formar.shop\\\/cs\\\/prodotto\\\/par-calounenych-sedaku-a-operadel-pro-lavici\\\/#primaryimage\"},\"thumbnailUrl\":\"https:\\\/\\\/static.formar.net\\\/wp-content\\\/uploads\\\/sites\\\/1\\\/2022\\\/10\\\/20143243\\\/Sedile-Imbottito-per-panche-acciaio_Insiem-Sfuocato_coppia-_scontornata.png\",\"datePublished\":\"2025-01-18T20:23:56+00:00\",\"dateModified\":\"2025-11-18T09:46:15+00:00\",\"description\":\"Podpora z oh\u00fdban\u00e9 p\u0159ekli\u017eky o tlou\u0161\u0165ce 12 mm, polstrovan\u00e1 nedeformovatelnou p\u011bnou a pota\u017een\u00e1 \u010dernou neho\u0159lavou ekok\u016f\u017e\u00ed. Pol\u0161t\u00e1\u0159e se pomoc\u00ed \u0161roub\u016f p\u0159ipev\u0148uj\u00ed k sedadlu a op\u011bradlu lavic pro 2, 3, 4 a 5 m\u00edst. Zaoblen\u00e9 hrany. Prod\u00e1v\u00e1no v p\u00e1ru (1 pro op\u011bradlo, 1 pro sedadlo). P\u0159izp\u016fsobiteln\u00e9 v\u0161em model\u016fm lavic Formar Shop.\",\"breadcrumb\":{\"@id\":\"https:\\\/\\\/formar.shop\\\/cs\\\/prodotto\\\/par-calounenych-sedaku-a-operadel-pro-lavici\\\/#breadcrumb\"},\"inLanguage\":\"cs\",\"potentialAction\":[{\"@type\":\"ReadAction\",\"target\":[\"https:\\\/\\\/formar.shop\\\/cs\\\/prodotto\\\/par-calounenych-sedaku-a-operadel-pro-lavici\\\/\"]}]},{\"@type\":\"ImageObject\",\"inLanguage\":\"cs\",\"@id\":\"https:\\\/\\\/formar.shop\\\/cs\\\/prodotto\\\/par-calounenych-sedaku-a-operadel-pro-lavici\\\/#primaryimage\",\"url\":\"https:\\\/\\\/static.formar.net\\\/wp-content\\\/uploads\\\/sites\\\/1\\\/2022\\\/10\\\/20143243\\\/Sedile-Imbottito-per-panche-acciaio_Insiem-Sfuocato_coppia-_scontornata.png\",\"contentUrl\":\"https:\\\/\\\/static.formar.net\\\/wp-content\\\/uploads\\\/sites\\\/1\\\/2022\\\/10\\\/20143243\\\/Sedile-Imbottito-per-panche-acciaio_Insiem-Sfuocato_coppia-_scontornata.png\",\"width\":894,\"height\":894},{\"@type\":\"BreadcrumbList\",\"@id\":\"https:\\\/\\\/formar.shop\\\/cs\\\/prodotto\\\/par-calounenych-sedaku-a-operadel-pro-lavici\\\/#breadcrumb\",\"itemListElement\":[{\"@type\":\"ListItem\",\"position\":1,\"name\":\"Home\",\"item\":\"https:\\\/\\\/formar.shop\\\/cs\\\/automaticky-navrh\\\/\"},{\"@type\":\"ListItem\",\"position\":2,\"name\":\"Obchod\",\"item\":\"https:\\\/\\\/formar.shop\\\/cs\\\/obchod\\\/\"},{\"@type\":\"ListItem\",\"position\":3,\"name\":\"P\u00e1r \u010daloun\u011bn\u00fdch sed\u00e1k\u016f a op\u011bradel pro lavici\"}]},{\"@type\":\"WebSite\",\"@id\":\"https:\\\/\\\/formar.shop\\\/cs\\\/#website\",\"url\":\"https:\\\/\\\/formar.shop\\\/cs\\\/\",\"name\":\"Formar.shop\",\"description\":\"Soluzioni espresse con stile\",\"potentialAction\":[{\"@type\":\"SearchAction\",\"target\":{\"@type\":\"EntryPoint\",\"urlTemplate\":\"https:\\\/\\\/formar.shop\\\/cs\\\/?s={search_term_string}\"},\"query-input\":{\"@type\":\"PropertyValueSpecification\",\"valueRequired\":true,\"valueName\":\"search_term_string\"}}],\"inLanguage\":\"cs\"}]}<\/script>\n<!-- \/ Yoast SEO plugin. -->","yoast_head_json":{"title":"P\u00e1r \u010daloun\u011bn\u00fdch sed\u00e1k\u016f a op\u011bradel pro lavici - Formar.shop","description":"Podpora z oh\u00fdban\u00e9 p\u0159ekli\u017eky o tlou\u0161\u0165ce 12 mm, polstrovan\u00e1 nedeformovatelnou p\u011bnou a pota\u017een\u00e1 \u010dernou neho\u0159lavou ekok\u016f\u017e\u00ed. Pol\u0161t\u00e1\u0159e se pomoc\u00ed \u0161roub\u016f p\u0159ipev\u0148uj\u00ed k sedadlu a op\u011bradlu lavic pro 2, 3, 4 a 5 m\u00edst. Zaoblen\u00e9 hrany. Prod\u00e1v\u00e1no v p\u00e1ru (1 pro op\u011bradlo, 1 pro sedadlo). P\u0159izp\u016fsobiteln\u00e9 v\u0161em model\u016fm lavic Formar Shop.","robots":{"index":"index","follow":"follow","max-snippet":"max-snippet:-1","max-image-preview":"max-image-preview:large","max-video-preview":"max-video-preview:-1"},"canonical":"https:\/\/formar.shop\/cs\/prodotto\/par-calounenych-sedaku-a-operadel-pro-lavici\/","schema":{"@context":"https:\/\/schema.org","@graph":[{"@type":"WebPage","@id":"https:\/\/formar.shop\/cs\/prodotto\/par-calounenych-sedaku-a-operadel-pro-lavici\/","url":"https:\/\/formar.shop\/cs\/prodotto\/par-calounenych-sedaku-a-operadel-pro-lavici\/","name":"P\u00e1r \u010daloun\u011bn\u00fdch sed\u00e1k\u016f a op\u011bradel pro lavici - Formar.shop","isPartOf":{"@id":"https:\/\/formar.shop\/cs\/#website"},"primaryImageOfPage":{"@id":"https:\/\/formar.shop\/cs\/prodotto\/par-calounenych-sedaku-a-operadel-pro-lavici\/#primaryimage"},"image":{"@id":"https:\/\/formar.shop\/cs\/prodotto\/par-calounenych-sedaku-a-operadel-pro-lavici\/#primaryimage"},"thumbnailUrl":"https:\/\/static.formar.net\/wp-content\/uploads\/sites\/1\/2022\/10\/20143243\/Sedile-Imbottito-per-panche-acciaio_Insiem-Sfuocato_coppia-_scontornata.png","datePublished":"2025-01-18T20:23:56+00:00","dateModified":"2025-11-18T09:46:15+00:00","description":"Podpora z oh\u00fdban\u00e9 p\u0159ekli\u017eky o tlou\u0161\u0165ce 12 mm, polstrovan\u00e1 nedeformovatelnou p\u011bnou a pota\u017een\u00e1 \u010dernou neho\u0159lavou ekok\u016f\u017e\u00ed. Pol\u0161t\u00e1\u0159e se pomoc\u00ed \u0161roub\u016f p\u0159ipev\u0148uj\u00ed k sedadlu a op\u011bradlu lavic pro 2, 3, 4 a 5 m\u00edst. Zaoblen\u00e9 hrany. Prod\u00e1v\u00e1no v p\u00e1ru (1 pro op\u011bradlo, 1 pro sedadlo). P\u0159izp\u016fsobiteln\u00e9 v\u0161em model\u016fm lavic Formar Shop.","breadcrumb":{"@id":"https:\/\/formar.shop\/cs\/prodotto\/par-calounenych-sedaku-a-operadel-pro-lavici\/#breadcrumb"},"inLanguage":"cs","potentialAction":[{"@type":"ReadAction","target":["https:\/\/formar.shop\/cs\/prodotto\/par-calounenych-sedaku-a-operadel-pro-lavici\/"]}]},{"@type":"ImageObject","inLanguage":"cs","@id":"https:\/\/formar.shop\/cs\/prodotto\/par-calounenych-sedaku-a-operadel-pro-lavici\/#primaryimage","url":"https:\/\/static.formar.net\/wp-content\/uploads\/sites\/1\/2022\/10\/20143243\/Sedile-Imbottito-per-panche-acciaio_Insiem-Sfuocato_coppia-_scontornata.png","contentUrl":"https:\/\/static.formar.net\/wp-content\/uploads\/sites\/1\/2022\/10\/20143243\/Sedile-Imbottito-per-panche-acciaio_Insiem-Sfuocato_coppia-_scontornata.png","width":894,"height":894},{"@type":"BreadcrumbList","@id":"https:\/\/formar.shop\/cs\/prodotto\/par-calounenych-sedaku-a-operadel-pro-lavici\/#breadcrumb","itemListElement":[{"@type":"ListItem","position":1,"name":"Home","item":"https:\/\/formar.shop\/cs\/automaticky-navrh\/"},{"@type":"ListItem","position":2,"name":"Obchod","item":"https:\/\/formar.shop\/cs\/obchod\/"},{"@type":"ListItem","position":3,"name":"P\u00e1r \u010daloun\u011bn\u00fdch sed\u00e1k\u016f a op\u011bradel pro lavici"}]},{"@type":"WebSite","@id":"https:\/\/formar.shop\/cs\/#website","url":"https:\/\/formar.shop\/cs\/","name":"Formar.shop","description":"Soluzioni espresse con stile","potentialAction":[{"@type":"SearchAction","target":{"@type":"EntryPoint","urlTemplate":"https:\/\/formar.shop\/cs\/?s={search_term_string}"},"query-input":{"@type":"PropertyValueSpecification","valueRequired":true,"valueName":"search_term_string"}}],"inLanguage":"cs"}]}},"_links":{"self":[{"href":"https:\/\/formar.shop\/cs\/wp-json\/wp\/v2\/product\/44447","targetHints":{"allow":["GET"]}}],"collection":[{"href":"https:\/\/formar.shop\/cs\/wp-json\/wp\/v2\/product"}],"about":[{"href":"https:\/\/formar.shop\/cs\/wp-json\/wp\/v2\/types\/product"}],"wp:featuredmedia":[{"embeddable":true,"href":"https:\/\/formar.shop\/cs\/wp-json\/wp\/v2\/media\/51603"}],"wp:attachment":[{"href":"https:\/\/formar.shop\/cs\/wp-json\/wp\/v2\/media?parent=44447"}],"wp:term":[{"taxonomy":"product_brand","embeddable":true,"href":"https:\/\/formar.shop\/cs\/wp-json\/wp\/v2\/product_brand?post=44447"},{"taxonomy":"product_cat","embeddable":true,"href":"https:\/\/formar.shop\/cs\/wp-json\/wp\/v2\/product_cat?post=44447"},{"taxonomy":"product_tag","embeddable":true,"href":"https:\/\/formar.shop\/cs\/wp-json\/wp\/v2\/product_tag?post=44447"}],"curies":[{"name":"wp","href":"https:\/\/api.w.org\/{rel}","templated":true}]}}