{"id":47830,"date":"2025-01-18T21:35:39","date_gmt":"2025-01-18T20:35:39","guid":{"rendered":"https:\/\/formar.shop\/prijeti-objednavky-co-delat\/"},"modified":"2025-01-18T21:35:41","modified_gmt":"2025-01-18T20:35:41","slug":"prijeti-objednavky-co-delat","status":"publish","type":"page","link":"https:\/\/formar.shop\/cs\/prijeti-objednavky-co-delat\/","title":{"rendered":"P\u0158IJET\u00cd OBJEDN\u00c1VKY: co d\u011blat?"},"content":{"rendered":"<p>V\u00e1\u017een\u00fd z\u00e1kazn\u00edku,<\/p>\n<p>Abychom zajistili, \u017ee v\u00e1\u0161 n\u00e1kup doraz\u00ed v perfektn\u00edm stavu, v\u017edy jsme vyu\u017e\u00edvali slu\u017eeb profesion\u00e1ln\u00edch kur\u00fdr\u016f. N\u011bkdy se v\u0161ak m\u016f\u017ee st\u00e1t, \u017ee bal\u00edky nebo z\u00e1silky s objednan\u00fdm zbo\u017e\u00edm nedoraz\u00ed v p\u016fvodn\u00edm stavu a nen\u00ed s nimi zach\u00e1zeno se stejnou pe\u010dlivost\u00ed, jakou obvykle pou\u017e\u00edv\u00e1me. Z tohoto d\u016fvodu v\u00e1s pros\u00edme, abyste se kr\u00e1tce pod\u00edvali na n\u00ed\u017ee uvedenou p\u0159ipom\u00ednku:<\/p>\n<ul>\n<li><span style=\"background-color: #ffff00;\">V\u017edy zkontrolujte, zda po\u010det p\u0159ijat\u00fdch bal\u00edk\u016f odpov\u00edd\u00e1 po\u010dtu bal\u00edk\u016f vyzna\u010den\u00e9mu v p\u0159epravn\u00edm dokladu.<\/span><\/li>\n<li><span style=\"background-color: #ffff00;\">V\u017edy zkontrolujte neporu\u0161enost obalu, a\u0165 u\u017e se jedn\u00e1 o paletu nebo voln\u00e9 bal\u00edky<\/span>.<\/li>\n<\/ul>\n<p><strong><span style=\"color: #ed1c24; font-size: 120%;\"><em>V p\u0159\u00edpad\u011b kvantitativn\u00ed nebo kvalitativn\u00ed odchylky bude dod\u00e1vka p\u0159ijata pouze po uveden\u00ed n\u00e1sleduj\u00edc\u00edch \u00fadaj\u016f v potvrzen\u00ed o p\u0159evzet\u00ed:<\/em><\/span><\/strong><\/p>\n<p style=\"text-align: center;\"><span style=\"background-color: #ffff00;\">SPECIFICK\u00c1 REZERVA\u00b9 a popis zji\u0161t\u011bn\u00fdch nesrovnalost\u00ed.<\/span><br \/><span style=\"background-color: #ffff00;\">zv\u00fdrazn\u011bn\u00ed zji\u0161t\u011bn\u00fdch nesrovnalost\u00ed na POD\/palmare<\/span><\/p>\n<p>(Pozn. obecn\u00e9 v\u00fdhrady jako &#8222;nevyhovuj\u00edc\u00ed zbo\u017e\u00ed&#8220; nebo &#8222;kontroln\u00ed rezerva&#8220; se nepova\u017euj\u00ed za platn\u00e9).<\/p>\n<p><strong><em>Neprodlen\u011b n\u00e1s informujte e-mailem (shop@formar-contract.it) o zji\u0161t\u011bn\u00e9 nesrovnalosti v z\u00e1silce a p\u0159ilo\u017ete fotografii potvrzen\u00ed vystaven\u00e9ho kur\u00fdrem, na kter\u00e9m je uvedena v\u00e1mi podepsan\u00e1 Zvl\u00e1\u0161tn\u00ed rezervace.<\/em><\/strong><\/p>\n<p><span style=\"background-color: #ffff00;\"><strong><span style=\"font-size: 105%; background-color: #ffff00;\">P \u0158 E D P O K L \u00c1 D \u00c1 M E !!!<\/span><\/strong><\/span><\/p>\n<p><span style=\"color: #ed1c24;\">Podepi\u0161te se <span style=\"font-size: 95%;\"><strong>Specifick\u00e1 rezervace<\/strong><\/span> znamen\u00e1, \u017ee si p\u0159\u00edjemce vyhrazuje pr\u00e1vo zkontrolovat neporu\u0161enost zbo\u017e\u00ed s mo\u017enost\u00ed regresu v\u016f\u010di dopravci v p\u0159\u00edpad\u011b po\u0161kozen\u00ed.<\/span><\/p>\n<p>\u00b9 <strong><em>Po kliknut\u00ed na tla\u010d\u00edtko n\u00ed\u017ee naleznete pdf, kter\u00e9 ukazuje, jak vlo\u017eit formulaci Specifick\u00e1 rezerva a obecn\u00fd popis nesrovnalosti.<\/em><\/strong><\/p>\n<p>D\u011bkujeme v\u00e1m za spolupr\u00e1ci a dostupnost!<br \/>T\u00fdm spole\u010dnosti Formar Contract Srl<\/p>\n<a href=\"https:\/\/formar.shop\/wp-content\/uploads\/2022\/04\/riserva-di-controllo-Formar-Shop.pdf\" target=\"_blank\" class=\"button primary\" rel=\"noopener\" style=\"border-radius:10px;\">\n\t\t<span>Rezervovat Specific_Pod<\/span>\n\t<i class=\"icon-user\" aria-hidden=\"true\"><\/i><\/a>\n\n","protected":false},"excerpt":{"rendered":"<p>V\u00e1\u017een\u00fd z\u00e1kazn\u00edku, Abychom zajistili, \u017ee v\u00e1\u0161 n\u00e1kup doraz\u00ed v perfektn\u00edm stavu, v\u017edy jsme vyu\u017e\u00edvali slu\u017eeb profesion\u00e1ln\u00edch kur\u00fdr\u016f. N\u011bkdy se v\u0161ak m\u016f\u017ee st\u00e1t, \u017ee bal\u00edky nebo z\u00e1silky s objednan\u00fdm zbo\u017e\u00edm nedoraz\u00ed v p\u016fvodn\u00edm stavu a nen\u00ed s nimi zach\u00e1zeno se stejnou pe\u010dlivost\u00ed, jakou obvykle pou\u017e\u00edv\u00e1me. Z tohoto d\u016fvodu v\u00e1s pros\u00edme, abyste se kr\u00e1tce pod\u00edvali na n\u00ed\u017ee [&#8230;]\n","protected":false},"author":175,"featured_media":0,"parent":0,"menu_order":0,"comment_status":"closed","ping_status":"closed","template":"","meta":{"_joinchat":[],"footnotes":""},"class_list":["post-47830","page","type-page","status-publish","hentry"],"yoast_head":"<!-- This site is optimized with the Yoast SEO plugin v27.3 - https:\/\/yoast.com\/product\/yoast-seo-wordpress\/ -->\n<title>P\u0158IJET\u00cd OBJEDN\u00c1VKY: co d\u011blat? - Formar.shop<\/title>\n<meta name=\"robots\" content=\"index, follow, max-snippet:-1, max-image-preview:large, max-video-preview:-1\" \/>\n<link rel=\"canonical\" href=\"https:\/\/formar.shop\/cs\/prijeti-objednavky-co-delat\/\" \/>\n<script type=\"application\/ld+json\" class=\"yoast-schema-graph\">{\"@context\":\"https:\\\/\\\/schema.org\",\"@graph\":[{\"@type\":\"WebPage\",\"@id\":\"https:\\\/\\\/formar.shop\\\/cs\\\/prijeti-objednavky-co-delat\\\/\",\"url\":\"https:\\\/\\\/formar.shop\\\/cs\\\/prijeti-objednavky-co-delat\\\/\",\"name\":\"P\u0158IJET\u00cd OBJEDN\u00c1VKY: co d\u011blat? - Formar.shop\",\"isPartOf\":{\"@id\":\"https:\\\/\\\/formar.shop\\\/cs\\\/#website\"},\"datePublished\":\"2025-01-18T20:35:39+00:00\",\"dateModified\":\"2025-01-18T20:35:41+00:00\",\"breadcrumb\":{\"@id\":\"https:\\\/\\\/formar.shop\\\/cs\\\/prijeti-objednavky-co-delat\\\/#breadcrumb\"},\"inLanguage\":\"cs\",\"potentialAction\":[{\"@type\":\"ReadAction\",\"target\":[\"https:\\\/\\\/formar.shop\\\/cs\\\/prijeti-objednavky-co-delat\\\/\"]}]},{\"@type\":\"BreadcrumbList\",\"@id\":\"https:\\\/\\\/formar.shop\\\/cs\\\/prijeti-objednavky-co-delat\\\/#breadcrumb\",\"itemListElement\":[{\"@type\":\"ListItem\",\"position\":1,\"name\":\"Home\",\"item\":\"https:\\\/\\\/formar.shop\\\/cs\\\/automaticky-navrh\\\/\"},{\"@type\":\"ListItem\",\"position\":2,\"name\":\"P\u0158IJET\u00cd OBJEDN\u00c1VKY: co d\u011blat?\"}]},{\"@type\":\"WebSite\",\"@id\":\"https:\\\/\\\/formar.shop\\\/cs\\\/#website\",\"url\":\"https:\\\/\\\/formar.shop\\\/cs\\\/\",\"name\":\"Formar.shop\",\"description\":\"Soluzioni espresse con stile\",\"potentialAction\":[{\"@type\":\"SearchAction\",\"target\":{\"@type\":\"EntryPoint\",\"urlTemplate\":\"https:\\\/\\\/formar.shop\\\/cs\\\/?s={search_term_string}\"},\"query-input\":{\"@type\":\"PropertyValueSpecification\",\"valueRequired\":true,\"valueName\":\"search_term_string\"}}],\"inLanguage\":\"cs\"}]}<\/script>\n<!-- \/ Yoast SEO plugin. -->","yoast_head_json":{"title":"P\u0158IJET\u00cd OBJEDN\u00c1VKY: co d\u011blat? - Formar.shop","robots":{"index":"index","follow":"follow","max-snippet":"max-snippet:-1","max-image-preview":"max-image-preview:large","max-video-preview":"max-video-preview:-1"},"canonical":"https:\/\/formar.shop\/cs\/prijeti-objednavky-co-delat\/","schema":{"@context":"https:\/\/schema.org","@graph":[{"@type":"WebPage","@id":"https:\/\/formar.shop\/cs\/prijeti-objednavky-co-delat\/","url":"https:\/\/formar.shop\/cs\/prijeti-objednavky-co-delat\/","name":"P\u0158IJET\u00cd OBJEDN\u00c1VKY: co d\u011blat? - Formar.shop","isPartOf":{"@id":"https:\/\/formar.shop\/cs\/#website"},"datePublished":"2025-01-18T20:35:39+00:00","dateModified":"2025-01-18T20:35:41+00:00","breadcrumb":{"@id":"https:\/\/formar.shop\/cs\/prijeti-objednavky-co-delat\/#breadcrumb"},"inLanguage":"cs","potentialAction":[{"@type":"ReadAction","target":["https:\/\/formar.shop\/cs\/prijeti-objednavky-co-delat\/"]}]},{"@type":"BreadcrumbList","@id":"https:\/\/formar.shop\/cs\/prijeti-objednavky-co-delat\/#breadcrumb","itemListElement":[{"@type":"ListItem","position":1,"name":"Home","item":"https:\/\/formar.shop\/cs\/automaticky-navrh\/"},{"@type":"ListItem","position":2,"name":"P\u0158IJET\u00cd OBJEDN\u00c1VKY: co d\u011blat?"}]},{"@type":"WebSite","@id":"https:\/\/formar.shop\/cs\/#website","url":"https:\/\/formar.shop\/cs\/","name":"Formar.shop","description":"Soluzioni espresse con stile","potentialAction":[{"@type":"SearchAction","target":{"@type":"EntryPoint","urlTemplate":"https:\/\/formar.shop\/cs\/?s={search_term_string}"},"query-input":{"@type":"PropertyValueSpecification","valueRequired":true,"valueName":"search_term_string"}}],"inLanguage":"cs"}]}},"_links":{"self":[{"href":"https:\/\/formar.shop\/cs\/wp-json\/wp\/v2\/pages\/47830","targetHints":{"allow":["GET"]}}],"collection":[{"href":"https:\/\/formar.shop\/cs\/wp-json\/wp\/v2\/pages"}],"about":[{"href":"https:\/\/formar.shop\/cs\/wp-json\/wp\/v2\/types\/page"}],"author":[{"embeddable":true,"href":"https:\/\/formar.shop\/cs\/wp-json\/wp\/v2\/users\/175"}],"replies":[{"embeddable":true,"href":"https:\/\/formar.shop\/cs\/wp-json\/wp\/v2\/comments?post=47830"}],"version-history":[{"count":4,"href":"https:\/\/formar.shop\/cs\/wp-json\/wp\/v2\/pages\/47830\/revisions"}],"predecessor-version":[{"id":47850,"href":"https:\/\/formar.shop\/cs\/wp-json\/wp\/v2\/pages\/47830\/revisions\/47850"}],"wp:attachment":[{"href":"https:\/\/formar.shop\/cs\/wp-json\/wp\/v2\/media?parent=47830"}],"curies":[{"name":"wp","href":"https:\/\/api.w.org\/{rel}","templated":true}]}}