{"id":43756,"date":"2025-01-18T21:20:02","date_gmt":"2025-01-18T20:20:02","guid":{"rendered":"https:\/\/formar.shop\/nakupni-pruvodce\/"},"modified":"2025-01-18T21:20:05","modified_gmt":"2025-01-18T20:20:05","slug":"nakupni-pruvodce","status":"publish","type":"page","link":"https:\/\/formar.shop\/cs\/nakupni-pruvodce\/","title":{"rendered":"N\u00c1KUPN\u00cd PR\u016eVODCE"},"content":{"rendered":"\t<div id=\"text-3342587487\" class=\"text\">\n\t\t\n<p><strong>Podm\u00ednky a pravidla<\/strong><\/p>\n<p>Formar.shop spole\u010dnosti Formar Contract umo\u017e\u0148uje v\u0161em nakupovat jejich v\u00fdrobky online prost\u0159ednictv\u00edm <strong>jednoduch\u00e9, pohodln\u00e9 a bezpe\u010dn\u00e9<\/strong> slu\u017eby.<\/p>\n<p>N\u00e1kup je mo\u017en\u00e9 prov\u00e9st po registraci nebo jako host, ale v obou p\u0159\u00edpadech je nutn\u00e9 vyplnit v\u0161echna po\u017eadovan\u00e1 pole.  <\/p>\n<p><strong>V\u0161echny objedn\u00e1vky podl\u00e9haj\u00ed potvrzen\u00ed<\/strong>.<\/p>\n<\/p>\n<p><strong>Registrace<\/strong><\/p>\n<p>Po registraci, kter\u00e1 zabere jen n\u011bkolik jednoduch\u00fdch krok\u016f, m\u00e1 nov\u00fd z\u00e1kazn\u00edk k dispozici intern\u00ed ovl\u00e1dac\u00ed panel, kde m\u016f\u017ee zadat svou dodac\u00ed adresu, \u010d\u00edm\u017e umo\u017en\u00ed syst\u00e9mu, aby si ji zapamatoval a urychlil tak dal\u0161\u00ed n\u00e1kup, a spravovat n\u00e1kupn\u00ed ko\u0161\u00edk a mo\u017enost porovn\u00e1n\u00ed produkt\u016f. Vybere si po\u017eadovan\u00fd produkt, velikost a barvu a po v\u00fdb\u011bru po\u017eadovan\u00e9ho mno\u017estv\u00ed jej p\u0159id\u00e1 do n\u00e1kupn\u00edho ko\u0161\u00edku. A\u017e bude cht\u00edt pokra\u010dovat v n\u00e1kupu, vstoup\u00ed do ko\u0161\u00edku, p\u0159i\u010dem\u017e se nejprve p\u0159ihl\u00e1s\u00ed, pokud je registrov\u00e1n, a pokra\u010duje v objedn\u00e1vce. Vybran\u00e9 produkty m\u016f\u017eete kdykoli zm\u011bnit nebo odstranit z n\u00e1kupn\u00edho ko\u0161\u00edku.  <\/p>\n<\/p>\n<p><strong>Objedn\u00e1vka<\/strong><\/p>\n<p>Jakmile vyberete v\u0161echny produkty, kter\u00e9 chcete zakoupit, prove\u010fte objedn\u00e1vku. Pokud m\u00e1te aktu\u00e1ln\u00ed \u00fa\u010det s \u00fadaji a dodac\u00ed adresou, bude proces n\u00e1kupu rychlej\u0161\u00ed.<br \/>V opa\u010dn\u00e9m p\u0159\u00edpad\u011b zadejte po\u017eadovan\u00e9 \u00fadaje a pokra\u010dujte v objedn\u00e1vce. Objedn\u00e1vka bude zpracov\u00e1na a\u017e po obdr\u017een\u00ed platby za produkt v z\u00e1vislosti na zvolen\u00e9m zp\u016fsobu platby.  <\/p>\n<\/p>\n<p><strong>N\u00e1\u0161 z\u00e1kaznick\u00fd servis je v\u00e1m k dispozici.<\/strong><\/p>\n<p>Na\u0161i odborn\u00edci zodpov\u00ed va\u0161e dotazy t\u00fdkaj\u00edc\u00ed se na\u0161ich slu\u017eeb.<\/p>\n<p>Nev\u00e1hejte n\u00e1s kontaktovat pro jak\u00e9koli informace nebo \u017e\u00e1dost o cenovou nab\u00eddku!  <\/p>\n<\/p>\n<p style=\"text-align: left;\"><strong>Formar Contract srl<\/strong><br \/><strong>Via del Consorzio 44<\/strong><br \/><strong>60015 | Falconara Marittima (AN)<\/strong><\/p>\n<p style=\"text-align: left;\"><a href=\"tel:800122267\">Bezplatn\u00e9 telefonn\u00ed \u010d\u00edslo <\/a><a href=\"tel:800122267\">800 12 22 67<\/a><br \/><a href=\"tel:+390715906063\">Tel. 071 590.60.63<\/a><\/p>\n<p style=\"text-align: left;\">\n<p>Obchodn\u00ed kancel\u00e1\u0159: <a href=\"mailto:info@formar-contract.it\">info@formar.net<\/a> E-commerce:<a href=\"mailto:shop@formar.net\">shop@formar.net<\/a> PEC:<a href=\"mailto:info@pec.formar-contract.it\">info@pec.formar-contract.it<\/a><\/p>\n<p style=\"text-align: left;\">\n\t\t\n<style>\n#text-3342587487 {\n  color: rgb(0,0,0);\n}\n#text-3342587487 > * {\n  color: rgb(0,0,0);\n}\n<\/style>\n\t<\/div>\n\t\n","protected":false},"excerpt":{"rendered":"","protected":false},"author":6,"featured_media":0,"parent":0,"menu_order":0,"comment_status":"closed","ping_status":"closed","template":"","meta":{"_joinchat":[],"footnotes":""},"class_list":["post-43756","page","type-page","status-publish","hentry"],"yoast_head":"<!-- This site is optimized with the Yoast SEO plugin v27.3 - https:\/\/yoast.com\/product\/yoast-seo-wordpress\/ -->\n<title>N\u00c1KUPN\u00cd PR\u016eVODCE - Formar.shop<\/title>\n<meta name=\"robots\" content=\"index, follow, max-snippet:-1, max-image-preview:large, max-video-preview:-1\" \/>\n<link rel=\"canonical\" href=\"https:\/\/formar.shop\/cs\/nakupni-pruvodce\/\" \/>\n<script type=\"application\/ld+json\" class=\"yoast-schema-graph\">{\"@context\":\"https:\\\/\\\/schema.org\",\"@graph\":[{\"@type\":\"WebPage\",\"@id\":\"https:\\\/\\\/formar.shop\\\/cs\\\/nakupni-pruvodce\\\/\",\"url\":\"https:\\\/\\\/formar.shop\\\/cs\\\/nakupni-pruvodce\\\/\",\"name\":\"N\u00c1KUPN\u00cd PR\u016eVODCE - Formar.shop\",\"isPartOf\":{\"@id\":\"https:\\\/\\\/formar.shop\\\/cs\\\/#website\"},\"datePublished\":\"2025-01-18T20:20:02+00:00\",\"dateModified\":\"2025-01-18T20:20:05+00:00\",\"breadcrumb\":{\"@id\":\"https:\\\/\\\/formar.shop\\\/cs\\\/nakupni-pruvodce\\\/#breadcrumb\"},\"inLanguage\":\"cs\",\"potentialAction\":[{\"@type\":\"ReadAction\",\"target\":[\"https:\\\/\\\/formar.shop\\\/cs\\\/nakupni-pruvodce\\\/\"]}]},{\"@type\":\"BreadcrumbList\",\"@id\":\"https:\\\/\\\/formar.shop\\\/cs\\\/nakupni-pruvodce\\\/#breadcrumb\",\"itemListElement\":[{\"@type\":\"ListItem\",\"position\":1,\"name\":\"Home\",\"item\":\"https:\\\/\\\/formar.shop\\\/cs\\\/automaticky-navrh\\\/\"},{\"@type\":\"ListItem\",\"position\":2,\"name\":\"N\u00c1KUPN\u00cd PR\u016eVODCE\"}]},{\"@type\":\"WebSite\",\"@id\":\"https:\\\/\\\/formar.shop\\\/cs\\\/#website\",\"url\":\"https:\\\/\\\/formar.shop\\\/cs\\\/\",\"name\":\"Formar.shop\",\"description\":\"Soluzioni espresse con stile\",\"potentialAction\":[{\"@type\":\"SearchAction\",\"target\":{\"@type\":\"EntryPoint\",\"urlTemplate\":\"https:\\\/\\\/formar.shop\\\/cs\\\/?s={search_term_string}\"},\"query-input\":{\"@type\":\"PropertyValueSpecification\",\"valueRequired\":true,\"valueName\":\"search_term_string\"}}],\"inLanguage\":\"cs\"}]}<\/script>\n<!-- \/ Yoast SEO plugin. -->","yoast_head_json":{"title":"N\u00c1KUPN\u00cd PR\u016eVODCE - Formar.shop","robots":{"index":"index","follow":"follow","max-snippet":"max-snippet:-1","max-image-preview":"max-image-preview:large","max-video-preview":"max-video-preview:-1"},"canonical":"https:\/\/formar.shop\/cs\/nakupni-pruvodce\/","schema":{"@context":"https:\/\/schema.org","@graph":[{"@type":"WebPage","@id":"https:\/\/formar.shop\/cs\/nakupni-pruvodce\/","url":"https:\/\/formar.shop\/cs\/nakupni-pruvodce\/","name":"N\u00c1KUPN\u00cd PR\u016eVODCE - Formar.shop","isPartOf":{"@id":"https:\/\/formar.shop\/cs\/#website"},"datePublished":"2025-01-18T20:20:02+00:00","dateModified":"2025-01-18T20:20:05+00:00","breadcrumb":{"@id":"https:\/\/formar.shop\/cs\/nakupni-pruvodce\/#breadcrumb"},"inLanguage":"cs","potentialAction":[{"@type":"ReadAction","target":["https:\/\/formar.shop\/cs\/nakupni-pruvodce\/"]}]},{"@type":"BreadcrumbList","@id":"https:\/\/formar.shop\/cs\/nakupni-pruvodce\/#breadcrumb","itemListElement":[{"@type":"ListItem","position":1,"name":"Home","item":"https:\/\/formar.shop\/cs\/automaticky-navrh\/"},{"@type":"ListItem","position":2,"name":"N\u00c1KUPN\u00cd PR\u016eVODCE"}]},{"@type":"WebSite","@id":"https:\/\/formar.shop\/cs\/#website","url":"https:\/\/formar.shop\/cs\/","name":"Formar.shop","description":"Soluzioni espresse con stile","potentialAction":[{"@type":"SearchAction","target":{"@type":"EntryPoint","urlTemplate":"https:\/\/formar.shop\/cs\/?s={search_term_string}"},"query-input":{"@type":"PropertyValueSpecification","valueRequired":true,"valueName":"search_term_string"}}],"inLanguage":"cs"}]}},"_links":{"self":[{"href":"https:\/\/formar.shop\/cs\/wp-json\/wp\/v2\/pages\/43756","targetHints":{"allow":["GET"]}}],"collection":[{"href":"https:\/\/formar.shop\/cs\/wp-json\/wp\/v2\/pages"}],"about":[{"href":"https:\/\/formar.shop\/cs\/wp-json\/wp\/v2\/types\/page"}],"author":[{"embeddable":true,"href":"https:\/\/formar.shop\/cs\/wp-json\/wp\/v2\/users\/6"}],"replies":[{"embeddable":true,"href":"https:\/\/formar.shop\/cs\/wp-json\/wp\/v2\/comments?post=43756"}],"version-history":[{"count":8,"href":"https:\/\/formar.shop\/cs\/wp-json\/wp\/v2\/pages\/43756\/revisions"}],"predecessor-version":[{"id":43790,"href":"https:\/\/formar.shop\/cs\/wp-json\/wp\/v2\/pages\/43756\/revisions\/43790"}],"wp:attachment":[{"href":"https:\/\/formar.shop\/cs\/wp-json\/wp\/v2\/media?parent=43756"}],"curies":[{"name":"wp","href":"https:\/\/api.w.org\/{rel}","templated":true}]}}