{"id":43705,"date":"2025-01-18T21:19:49","date_gmt":"2025-01-18T20:19:49","guid":{"rendered":"https:\/\/formar.shop\/pravidla-pro-vraceni\/"},"modified":"2025-11-18T12:03:32","modified_gmt":"2025-11-18T11:03:32","slug":"pravidla-pro-vraceni","status":"publish","type":"page","link":"https:\/\/formar.shop\/cs\/pravidla-pro-vraceni\/","title":{"rendered":"PRAVIDLA PRO VRACEN\u00cd"},"content":{"rendered":"\n<h3><span style=\"font-size: 140%;\"><strong>VR\u00c1CEN\u00cd A PODPORA<\/strong><\/span><\/h3>\n<p> <\/p>\n<p><span style=\"font-size: 110%;\"><strong>Zakoupen\u00e9 zbo\u017e\u00ed je mo\u017en\u00e9 vr\u00e1tit jednoduch\u00fdm a rychl\u00fdm postupem.<\/strong><\/span><\/p>\n<p>Podle <em>evropsk\u00e9 sm\u011brnice 2011\/83, kter\u00e1 byla v It\u00e1lii provedena legislativn\u00edm na\u0159\u00edzen\u00edm ze dne 3. prosince 2013<\/em>, m\u016f\u017ee kupuj\u00edc\u00ed odstoupit od kupn\u00ed smlouvy, ani\u017e by musel uv\u00e1d\u011bt d\u016fvod vr\u00e1cen\u00ed.<\/p>\n<p>Kupuj\u00edc\u00ed, kter\u00fd si p\u0159eje uplatnit pr\u00e1vo na odstoupen\u00ed od smlouvy, mus\u00ed sv\u016fj z\u00e1m\u011br ozn\u00e1mit spole\u010dnosti Formar Contract doporu\u010den\u00fdm dopisem s dodejkou nebo prost\u0159ednictv\u00edm spole\u010dnosti <strong>Pec<\/strong> <strong>do 14 pracovn\u00edch dn\u016f<\/strong> ode dne doru\u010den\u00ed a p\u0159ilo\u017eit kopii p\u0159epravn\u00edch doklad\u016f na n\u00ed\u017ee uveden\u00e9 adresy.<\/p>\n<p><span style=\"font-size: 110%;\"><strong>N\u00e1klady na zp\u011btn\u00e9 po\u0161tovn\u00e9 jsou zcela na vrub klienta.<\/strong><strong>z\u00e1kazn\u00edka.<\/strong><\/span><\/p>\n<p>Od okam\u017eiku, kdy Formar Contract p\u0159ijme \u017e\u00e1dost o vr\u00e1cen\u00ed, bude m\u00edt kupuj\u00edc\u00ed <strong>14 kalend\u00e1\u0159n\u00edch dn\u016f na odesl\u00e1n\u00ed vr\u00e1cen\u00e9ho zbo\u017e\u00ed<\/strong>. Po uplynut\u00ed t\u00e9to lh\u016fty u\u017e kupuj\u00edc\u00ed nebude moci vyu\u017e\u00edt pr\u00e1vo na odstoupen\u00ed od smlouvy. <\/p>\n<p>Po obdr\u017een\u00ed povolen\u00ed k vr\u00e1cen\u00ed od provozovatele za\u0161le kupuj\u00edc\u00ed v\u00fdrobek na adresu.<\/p>\n<p style=\"text-align: center;\"><span style=\"color: #000000;\"><strong>Formar Contract Srl<\/strong><\/span><\/p>\n<p style=\"text-align: center;\"><span style=\"color: #000000;\"><strong>Via del Consorzio 44<\/strong><\/span><\/p>\n<p style=\"text-align: center;\"><span style=\"color: #000000;\"><strong>60015 | Falconara Marittima (AN)<\/strong><\/span><\/p>\n<p style=\"text-align: center;\"><span style=\"color: #000000;\"><strong>info@pec.formar-contract.it<\/strong><\/span><\/p>\n<p>Spole\u010dnost Formar Contract provede<strong> vr\u00e1cen\u00ed pen\u011bz bankovn\u00edm p\u0159evodem do 14 pracovn\u00edch dn\u016f od<\/strong> obdr\u017een\u00ed vr\u00e1cen\u00e9ho zbo\u017e\u00ed.<\/p>\n<p>Pr\u00e1vo na odstoupen\u00ed od smlouvy zcela zanik\u00e1, pokud vr\u00e1cen\u00fd v\u00fdrobek nen\u00ed neporu\u0161en\u00fd, tj. chyb\u00ed mu p\u016fvodn\u00ed vn\u011bj\u0161\u00ed a vnit\u0159n\u00ed obal, je po\u0161kozen\u00fd nebo dokonce \u010d\u00e1ste\u010dn\u011b pou\u017eit\u00fd.<\/p>\n<p> <\/p>\n<p style=\"text-align: left;\"><strong>N\u00e1\u0161 z\u00e1kaznick\u00fd servis je v\u00e1m k dispozici.  <\/strong><\/p>\n<p style=\"text-align: left;\">Pro jak\u00e9koliv informace nebo \u017e\u00e1dost o cenovou nab\u00eddku n\u00e1s nev\u00e1hej kontaktovat! Na\u0161i odborn\u00edci odpov\u00ed na va\u0161e dotazy t\u00fdkaj\u00edc\u00ed se na\u0161ich slu\u017eeb: n\u00e1vrh, realizace, dod\u00e1vka a mont\u00e1\u017e kancel\u00e1\u0159sk\u00e9ho n\u00e1bytku.<\/p>\n<div class=\"row align-center\"  id=\"row-1614310070\">\n\n\n\t<div id=\"col-1399212330\" class=\"col small-12 large-12\"  >\n\t\t\t\t<div class=\"col-inner text-center\" style=\"background-color:rgb(244, 244, 244);\" >\n\t\t\t\n\t\t\t\n\n<h3>M\u00e1te je\u0161t\u011b ot\u00e1zky?<\/h3>\n<p>Pro v\u00edce informac\u00ed n\u00e1s kontaktujte.<\/p>\n<a href=\"https:\/\/formar.shop\/cs\/kontaktujte-nas\/\" class=\"button primary\" >\n\t\t<span>Kontaktujte n\u00e1s<\/span>\n\t<\/a>\n\n\n\n\t\t<\/div>\n\t\t\t\t\t<\/div>\n\n\t\n\n\n<style>\n#row-1614310070 > .col > .col-inner {\n  padding: 40px 20px 40px 20px;\n  background-color: rgb(244, 244, 244);\n}\n@media (min-width:550px) {\n  #row-1614310070 > .col > .col-inner {\n    padding: 40px 40px 40px 40px;\n  }\n}\n<\/style>\n<\/div>\n\n","protected":false},"excerpt":{"rendered":"","protected":false},"author":175,"featured_media":0,"parent":0,"menu_order":0,"comment_status":"closed","ping_status":"closed","template":"","meta":{"_joinchat":[],"footnotes":""},"class_list":["post-43705","page","type-page","status-publish","hentry"],"yoast_head":"<!-- This site is optimized with the Yoast SEO plugin v27.4 - https:\/\/yoast.com\/product\/yoast-seo-wordpress\/ -->\n<title>PRAVIDLA PRO VRACEN\u00cd - Formar.shop<\/title>\n<meta name=\"robots\" content=\"index, follow, max-snippet:-1, max-image-preview:large, max-video-preview:-1\" \/>\n<link rel=\"canonical\" href=\"https:\/\/formar.shop\/cs\/pravidla-pro-vraceni\/\" \/>\n<script type=\"application\/ld+json\" class=\"yoast-schema-graph\">{\"@context\":\"https:\\\/\\\/schema.org\",\"@graph\":[{\"@type\":\"WebPage\",\"@id\":\"https:\\\/\\\/formar.shop\\\/cs\\\/pravidla-pro-vraceni\\\/\",\"url\":\"https:\\\/\\\/formar.shop\\\/cs\\\/pravidla-pro-vraceni\\\/\",\"name\":\"PRAVIDLA PRO VRACEN\u00cd - Formar.shop\",\"isPartOf\":{\"@id\":\"https:\\\/\\\/formar.shop\\\/cs\\\/#website\"},\"datePublished\":\"2025-01-18T20:19:49+00:00\",\"dateModified\":\"2025-11-18T11:03:32+00:00\",\"breadcrumb\":{\"@id\":\"https:\\\/\\\/formar.shop\\\/cs\\\/pravidla-pro-vraceni\\\/#breadcrumb\"},\"inLanguage\":\"cs\",\"potentialAction\":[{\"@type\":\"ReadAction\",\"target\":[\"https:\\\/\\\/formar.shop\\\/cs\\\/pravidla-pro-vraceni\\\/\"]}]},{\"@type\":\"BreadcrumbList\",\"@id\":\"https:\\\/\\\/formar.shop\\\/cs\\\/pravidla-pro-vraceni\\\/#breadcrumb\",\"itemListElement\":[{\"@type\":\"ListItem\",\"position\":1,\"name\":\"Home\",\"item\":\"https:\\\/\\\/formar.shop\\\/cs\\\/automaticky-navrh\\\/\"},{\"@type\":\"ListItem\",\"position\":2,\"name\":\"PRAVIDLA PRO VRACEN\u00cd\"}]},{\"@type\":\"WebSite\",\"@id\":\"https:\\\/\\\/formar.shop\\\/cs\\\/#website\",\"url\":\"https:\\\/\\\/formar.shop\\\/cs\\\/\",\"name\":\"Formar.shop\",\"description\":\"Soluzioni espresse con stile\",\"potentialAction\":[{\"@type\":\"SearchAction\",\"target\":{\"@type\":\"EntryPoint\",\"urlTemplate\":\"https:\\\/\\\/formar.shop\\\/cs\\\/?s={search_term_string}\"},\"query-input\":{\"@type\":\"PropertyValueSpecification\",\"valueRequired\":true,\"valueName\":\"search_term_string\"}}],\"inLanguage\":\"cs\"}]}<\/script>\n<!-- \/ Yoast SEO plugin. -->","yoast_head_json":{"title":"PRAVIDLA PRO VRACEN\u00cd - Formar.shop","robots":{"index":"index","follow":"follow","max-snippet":"max-snippet:-1","max-image-preview":"max-image-preview:large","max-video-preview":"max-video-preview:-1"},"canonical":"https:\/\/formar.shop\/cs\/pravidla-pro-vraceni\/","schema":{"@context":"https:\/\/schema.org","@graph":[{"@type":"WebPage","@id":"https:\/\/formar.shop\/cs\/pravidla-pro-vraceni\/","url":"https:\/\/formar.shop\/cs\/pravidla-pro-vraceni\/","name":"PRAVIDLA PRO VRACEN\u00cd - Formar.shop","isPartOf":{"@id":"https:\/\/formar.shop\/cs\/#website"},"datePublished":"2025-01-18T20:19:49+00:00","dateModified":"2025-11-18T11:03:32+00:00","breadcrumb":{"@id":"https:\/\/formar.shop\/cs\/pravidla-pro-vraceni\/#breadcrumb"},"inLanguage":"cs","potentialAction":[{"@type":"ReadAction","target":["https:\/\/formar.shop\/cs\/pravidla-pro-vraceni\/"]}]},{"@type":"BreadcrumbList","@id":"https:\/\/formar.shop\/cs\/pravidla-pro-vraceni\/#breadcrumb","itemListElement":[{"@type":"ListItem","position":1,"name":"Home","item":"https:\/\/formar.shop\/cs\/automaticky-navrh\/"},{"@type":"ListItem","position":2,"name":"PRAVIDLA PRO VRACEN\u00cd"}]},{"@type":"WebSite","@id":"https:\/\/formar.shop\/cs\/#website","url":"https:\/\/formar.shop\/cs\/","name":"Formar.shop","description":"Soluzioni espresse con stile","potentialAction":[{"@type":"SearchAction","target":{"@type":"EntryPoint","urlTemplate":"https:\/\/formar.shop\/cs\/?s={search_term_string}"},"query-input":{"@type":"PropertyValueSpecification","valueRequired":true,"valueName":"search_term_string"}}],"inLanguage":"cs"}]}},"_links":{"self":[{"href":"https:\/\/formar.shop\/cs\/wp-json\/wp\/v2\/pages\/43705","targetHints":{"allow":["GET"]}}],"collection":[{"href":"https:\/\/formar.shop\/cs\/wp-json\/wp\/v2\/pages"}],"about":[{"href":"https:\/\/formar.shop\/cs\/wp-json\/wp\/v2\/types\/page"}],"author":[{"embeddable":true,"href":"https:\/\/formar.shop\/cs\/wp-json\/wp\/v2\/users\/175"}],"replies":[{"embeddable":true,"href":"https:\/\/formar.shop\/cs\/wp-json\/wp\/v2\/comments?post=43705"}],"version-history":[{"count":7,"href":"https:\/\/formar.shop\/cs\/wp-json\/wp\/v2\/pages\/43705\/revisions"}],"predecessor-version":[{"id":61862,"href":"https:\/\/formar.shop\/cs\/wp-json\/wp\/v2\/pages\/43705\/revisions\/61862"}],"wp:attachment":[{"href":"https:\/\/formar.shop\/cs\/wp-json\/wp\/v2\/media?parent=43705"}],"curies":[{"name":"wp","href":"https:\/\/api.w.org\/{rel}","templated":true}]}}