{"id":43621,"date":"2025-01-18T21:19:31","date_gmt":"2025-01-18T20:19:31","guid":{"rendered":"https:\/\/formar.shop\/naklady-a-zpusoby-prepravy\/"},"modified":"2025-01-18T21:19:34","modified_gmt":"2025-01-18T20:19:34","slug":"naklady-a-zpusoby-prepravy","status":"publish","type":"page","link":"https:\/\/formar.shop\/cs\/naklady-a-zpusoby-prepravy\/","title":{"rendered":"N\u00c1KLADY A ZP\u016eSOBY P\u0158EPRAVY"},"content":{"rendered":"\n  <div class=\"banner has-hover\" id=\"banner-1433558806\">\n          <div class=\"banner-inner fill\">\n        <div class=\"banner-bg fill\" >\n                                                \n                    <\/div>\n\t\t\n        <div class=\"banner-layers container\">\n            <div class=\"fill banner-link\"><\/div>            \n   <div id=\"text-box-270759081\" class=\"text-box banner-layer x50 md-x50 lg-x50 y50 md-y50 lg-y50 res-text\">\n                     <div data-animate=\"flipInY\">           <div class=\"text-box-content text dark\">\n              \n              <div class=\"text-inner text-center\">\n                  \n<h3 style=\"text-align: center;\"><strong><span style=\"font-size: 115%; color: #000000;\"><em>I costi di spedizioni sono sempre gratuiti e inclusi per ogni tuo acquisto !<\/em><\/span><\/strong><\/h3>\n<div class=\"is-divider divider clearfix\" ><\/div>\n\t<div id=\"text-3661241667\" class=\"text\">\n\t\t\n<h1 class=\"h-large uppercase\"><strong><span style=\"font-size: 180%;\">NULOV\u00c9 N\u00c1KLADY NA DOPRAVU!<\/span><\/strong><\/h1>\n\t\t\n<style>\n#text-3661241667 {\n  font-size: 0.8rem;\n  line-height: 2.05;\n  color: rgb(0,0,0);\n}\n#text-3661241667 > * {\n  color: rgb(0,0,0);\n}\n<\/style>\n\t<\/div>\n\t\n              <\/div>\n           <\/div>\n       <\/div>                     \n<style>\n#text-box-270759081 {\n  width: 67%;\n}\n#text-box-270759081 .text-box-content {\n  font-size: 100%;\n}\n<\/style>\n    <\/div>\n \n        <\/div>\n      <\/div>\n\n            \n<style>\n#banner-1433558806 {\n  padding-top: 400px;\n}\n<\/style>\n  <\/div>\n\n\n<h4><span style=\"font-size: 110%;\"><strong><span style=\"font-size: 140%; color: #50b848;\"><span style=\"color: #808080;\">REGISTRACE<\/span>  <\/span>    <\/strong><\/span><\/h4>\n<p>Po registraci, kter\u00e1 zabere jen n\u011bkolik jednoduch\u00fdch krok\u016f, m\u00e1 nov\u00fd z\u00e1kazn\u00edk k dispozici intern\u00ed ovl\u00e1dac\u00ed panel, kde m\u016f\u017ee zadat svou dodac\u00ed adresu, \u010d\u00edm\u017e umo\u017en\u00ed syst\u00e9mu, aby si ji zapamatoval a urychlil tak dal\u0161\u00ed n\u00e1kup, a spravovat n\u00e1kupn\u00ed ko\u0161\u00edk a mo\u017enost porovn\u00e1n\u00ed produkt\u016f. Vybere si po\u017eadovan\u00fd produkt, velikost a barvu a po v\u00fdb\u011bru po\u017eadovan\u00e9ho mno\u017estv\u00ed jej p\u0159id\u00e1 do n\u00e1kupn\u00edho ko\u0161\u00edku. A\u017e bude cht\u00edt pokra\u010dovat v n\u00e1kupu, vstoup\u00ed do ko\u0161\u00edku, p\u0159i\u010dem\u017e se nejprve p\u0159ihl\u00e1s\u00ed, pokud je registrov\u00e1n, a pokra\u010duje v objedn\u00e1vce. Vybran\u00e9 produkty m\u016f\u017eete kdykoli zm\u011bnit nebo odstranit z n\u00e1kupn\u00edho ko\u0161\u00edku.  <\/p>\n<h4><strong><span style=\"font-size: 110%;\"><span style=\"color: #808080;\"><span style=\"font-size: 140%;\">OBJEDNAT<\/span> <\/span>                        <\/span><\/strong><\/h4>\n<p style=\"text-align: left;\">Jakmile vyberete v\u0161echny produkty, kter\u00e9 chcete zakoupit, prove\u010fte objedn\u00e1vku. Pokud m\u00e1te aktu\u00e1ln\u00ed \u00fa\u010det s \u00fadaji a dodac\u00ed adresou, bude proces n\u00e1kupu rychlej\u0161\u00ed.<br \/>V opa\u010dn\u00e9m p\u0159\u00edpad\u011b zadejte po\u017eadovan\u00e9 \u00fadaje a pokra\u010dujte v objedn\u00e1vce. Objedn\u00e1vka bude zpracov\u00e1na a\u017e po obdr\u017een\u00ed platby za produkt v z\u00e1vislosti na zvolen\u00e9m zp\u016fsobu platby.  <\/p>\n<\/p>\n<h2 style=\"text-align: center;\"><span style=\"color: #808080;\"><strong>Na\u0161i p\u0159epravn\u00ed partne\u0159i:<\/strong><\/span><\/h2>\n<\/p>\n<p><img loading=\"lazy\" decoding=\"async\" class=\"aligncenter wp-image-12578\" src=\"https:\/\/formar.shop\/wp-content\/uploads\/2022\/05\/brt.jpg\" alt=\"\" width=\"300\" height=\"163\" data-wp-pid=\"12578\"><\/p>\n<\/p>\n<p style=\"text-align: center;\"><img loading=\"lazy\" decoding=\"async\" class=\"\" src=\"https:\/\/s3-eu-west-1.amazonaws.com\/tpd\/logos\/5ea7e22c7a4aa40001deb02c\/0x0.png\" alt=\"FERCAM Group | P\u0159e\u010dt\u011bte si recenze slu\u017eeb fercam.com\" width=\"303\" height=\"313\"><\/p>\n<\/p>\n<p style=\"text-align: center;\"><span style=\"color: #000000;\"><strong><em>V\u00fdb\u011br p\u0159ed\u00e1vaj\u00edc\u00edho agenta prov\u00e1d\u00ed n\u00e1\u0161 syst\u00e9m automaticky, <\/em><\/strong><\/span><strong><em><span style=\"color: #000000;\">aby byla zaru\u010dena maxim\u00e1ln\u00ed rychlost doru\u010den\u00ed!<\/span><\/em><\/strong><\/p>\n<\/p>\n<p style=\"text-align: center;\">\n<p>N\u00e1\u0161 z\u00e1kaznick\u00fd servis je v\u00e1m k dispozici. Pro jak\u00e9koli informace nebo \u017e\u00e1dost o cenovou nab\u00eddku n\u00e1s nev\u00e1hejte kontaktovat! Na\u0161i odborn\u00edci zodpov\u00ed va\u0161e dotazy t\u00fdkaj\u00edc\u00ed se na\u0161ich slu\u017eeb.<\/p>\n<a href=\"https:\/\/formar.shop\/cs\/kontaktujte-nas\/\" class=\"button primary box-shadow-1 lowercase expand\" style=\"border-radius:10px;\">\n\t\t<span>Kontaktujte n\u00e1s !<\/span>\n\t<\/a>\n\n","protected":false},"excerpt":{"rendered":"<p>REGISTRACE Po registraci, kter\u00e1 zabere jen n\u011bkolik jednoduch\u00fdch krok\u016f, m\u00e1 nov\u00fd z\u00e1kazn\u00edk k dispozici intern\u00ed ovl\u00e1dac\u00ed panel, kde m\u016f\u017ee zadat svou dodac\u00ed adresu, \u010d\u00edm\u017e umo\u017en\u00ed syst\u00e9mu, aby si ji zapamatoval a urychlil tak dal\u0161\u00ed n\u00e1kup, a spravovat n\u00e1kupn\u00ed ko\u0161\u00edk a mo\u017enost porovn\u00e1n\u00ed produkt\u016f. Vybere si po\u017eadovan\u00fd produkt, velikost a barvu a po v\u00fdb\u011bru po\u017eadovan\u00e9ho mno\u017estv\u00ed [&#8230;]\n","protected":false},"author":175,"featured_media":0,"parent":0,"menu_order":0,"comment_status":"closed","ping_status":"closed","template":"","meta":{"_joinchat":[],"footnotes":""},"class_list":["post-43621","page","type-page","status-publish","hentry"],"yoast_head":"<!-- This site is optimized with the Yoast SEO plugin v27.5 - https:\/\/yoast.com\/product\/yoast-seo-wordpress\/ -->\n<title>N\u00c1KLADY A ZP\u016eSOBY P\u0158EPRAVY - Formar.shop<\/title>\n<meta name=\"robots\" content=\"index, follow, max-snippet:-1, max-image-preview:large, max-video-preview:-1\" \/>\n<link rel=\"canonical\" href=\"https:\/\/formar.shop\/cs\/naklady-a-zpusoby-prepravy\/\" \/>\n<script type=\"application\/ld+json\" class=\"yoast-schema-graph\">{\"@context\":\"https:\\\/\\\/schema.org\",\"@graph\":[{\"@type\":\"WebPage\",\"@id\":\"https:\\\/\\\/formar.shop\\\/cs\\\/naklady-a-zpusoby-prepravy\\\/\",\"url\":\"https:\\\/\\\/formar.shop\\\/cs\\\/naklady-a-zpusoby-prepravy\\\/\",\"name\":\"N\u00c1KLADY A ZP\u016eSOBY P\u0158EPRAVY - Formar.shop\",\"isPartOf\":{\"@id\":\"https:\\\/\\\/formar.shop\\\/cs\\\/#website\"},\"primaryImageOfPage\":{\"@id\":\"https:\\\/\\\/formar.shop\\\/cs\\\/naklady-a-zpusoby-prepravy\\\/#primaryimage\"},\"image\":{\"@id\":\"https:\\\/\\\/formar.shop\\\/cs\\\/naklady-a-zpusoby-prepravy\\\/#primaryimage\"},\"thumbnailUrl\":\"https:\\\/\\\/formar.shop\\\/wp-content\\\/uploads\\\/2022\\\/05\\\/brt.jpg\",\"datePublished\":\"2025-01-18T20:19:31+00:00\",\"dateModified\":\"2025-01-18T20:19:34+00:00\",\"breadcrumb\":{\"@id\":\"https:\\\/\\\/formar.shop\\\/cs\\\/naklady-a-zpusoby-prepravy\\\/#breadcrumb\"},\"inLanguage\":\"cs\",\"potentialAction\":[{\"@type\":\"ReadAction\",\"target\":[\"https:\\\/\\\/formar.shop\\\/cs\\\/naklady-a-zpusoby-prepravy\\\/\"]}]},{\"@type\":\"ImageObject\",\"inLanguage\":\"cs\",\"@id\":\"https:\\\/\\\/formar.shop\\\/cs\\\/naklady-a-zpusoby-prepravy\\\/#primaryimage\",\"url\":\"https:\\\/\\\/formar.shop\\\/wp-content\\\/uploads\\\/2022\\\/05\\\/brt.jpg\",\"contentUrl\":\"https:\\\/\\\/formar.shop\\\/wp-content\\\/uploads\\\/2022\\\/05\\\/brt.jpg\"},{\"@type\":\"BreadcrumbList\",\"@id\":\"https:\\\/\\\/formar.shop\\\/cs\\\/naklady-a-zpusoby-prepravy\\\/#breadcrumb\",\"itemListElement\":[{\"@type\":\"ListItem\",\"position\":1,\"name\":\"Home\",\"item\":\"https:\\\/\\\/formar.shop\\\/cs\\\/automaticky-navrh\\\/\"},{\"@type\":\"ListItem\",\"position\":2,\"name\":\"N\u00c1KLADY A ZP\u016eSOBY P\u0158EPRAVY\"}]},{\"@type\":\"WebSite\",\"@id\":\"https:\\\/\\\/formar.shop\\\/cs\\\/#website\",\"url\":\"https:\\\/\\\/formar.shop\\\/cs\\\/\",\"name\":\"Formar.shop\",\"description\":\"Soluzioni espresse con stile\",\"potentialAction\":[{\"@type\":\"SearchAction\",\"target\":{\"@type\":\"EntryPoint\",\"urlTemplate\":\"https:\\\/\\\/formar.shop\\\/cs\\\/?s={search_term_string}\"},\"query-input\":{\"@type\":\"PropertyValueSpecification\",\"valueRequired\":true,\"valueName\":\"search_term_string\"}}],\"inLanguage\":\"cs\"}]}<\/script>\n<!-- \/ Yoast SEO plugin. -->","yoast_head_json":{"title":"N\u00c1KLADY A ZP\u016eSOBY P\u0158EPRAVY - Formar.shop","robots":{"index":"index","follow":"follow","max-snippet":"max-snippet:-1","max-image-preview":"max-image-preview:large","max-video-preview":"max-video-preview:-1"},"canonical":"https:\/\/formar.shop\/cs\/naklady-a-zpusoby-prepravy\/","schema":{"@context":"https:\/\/schema.org","@graph":[{"@type":"WebPage","@id":"https:\/\/formar.shop\/cs\/naklady-a-zpusoby-prepravy\/","url":"https:\/\/formar.shop\/cs\/naklady-a-zpusoby-prepravy\/","name":"N\u00c1KLADY A ZP\u016eSOBY P\u0158EPRAVY - Formar.shop","isPartOf":{"@id":"https:\/\/formar.shop\/cs\/#website"},"primaryImageOfPage":{"@id":"https:\/\/formar.shop\/cs\/naklady-a-zpusoby-prepravy\/#primaryimage"},"image":{"@id":"https:\/\/formar.shop\/cs\/naklady-a-zpusoby-prepravy\/#primaryimage"},"thumbnailUrl":"https:\/\/formar.shop\/wp-content\/uploads\/2022\/05\/brt.jpg","datePublished":"2025-01-18T20:19:31+00:00","dateModified":"2025-01-18T20:19:34+00:00","breadcrumb":{"@id":"https:\/\/formar.shop\/cs\/naklady-a-zpusoby-prepravy\/#breadcrumb"},"inLanguage":"cs","potentialAction":[{"@type":"ReadAction","target":["https:\/\/formar.shop\/cs\/naklady-a-zpusoby-prepravy\/"]}]},{"@type":"ImageObject","inLanguage":"cs","@id":"https:\/\/formar.shop\/cs\/naklady-a-zpusoby-prepravy\/#primaryimage","url":"https:\/\/formar.shop\/wp-content\/uploads\/2022\/05\/brt.jpg","contentUrl":"https:\/\/formar.shop\/wp-content\/uploads\/2022\/05\/brt.jpg"},{"@type":"BreadcrumbList","@id":"https:\/\/formar.shop\/cs\/naklady-a-zpusoby-prepravy\/#breadcrumb","itemListElement":[{"@type":"ListItem","position":1,"name":"Home","item":"https:\/\/formar.shop\/cs\/automaticky-navrh\/"},{"@type":"ListItem","position":2,"name":"N\u00c1KLADY A ZP\u016eSOBY P\u0158EPRAVY"}]},{"@type":"WebSite","@id":"https:\/\/formar.shop\/cs\/#website","url":"https:\/\/formar.shop\/cs\/","name":"Formar.shop","description":"Soluzioni espresse con stile","potentialAction":[{"@type":"SearchAction","target":{"@type":"EntryPoint","urlTemplate":"https:\/\/formar.shop\/cs\/?s={search_term_string}"},"query-input":{"@type":"PropertyValueSpecification","valueRequired":true,"valueName":"search_term_string"}}],"inLanguage":"cs"}]}},"_links":{"self":[{"href":"https:\/\/formar.shop\/cs\/wp-json\/wp\/v2\/pages\/43621","targetHints":{"allow":["GET"]}}],"collection":[{"href":"https:\/\/formar.shop\/cs\/wp-json\/wp\/v2\/pages"}],"about":[{"href":"https:\/\/formar.shop\/cs\/wp-json\/wp\/v2\/types\/page"}],"author":[{"embeddable":true,"href":"https:\/\/formar.shop\/cs\/wp-json\/wp\/v2\/users\/175"}],"replies":[{"embeddable":true,"href":"https:\/\/formar.shop\/cs\/wp-json\/wp\/v2\/comments?post=43621"}],"version-history":[{"count":2,"href":"https:\/\/formar.shop\/cs\/wp-json\/wp\/v2\/pages\/43621\/revisions"}],"predecessor-version":[{"id":43633,"href":"https:\/\/formar.shop\/cs\/wp-json\/wp\/v2\/pages\/43621\/revisions\/43633"}],"wp:attachment":[{"href":"https:\/\/formar.shop\/cs\/wp-json\/wp\/v2\/media?parent=43621"}],"curies":[{"name":"wp","href":"https:\/\/api.w.org\/{rel}","templated":true}]}}