{"id":43464,"date":"2025-01-18T21:18:40","date_gmt":"2025-01-18T20:18:40","guid":{"rendered":"https:\/\/formar.shop\/zapati\/"},"modified":"2025-01-30T21:28:16","modified_gmt":"2025-01-30T20:28:16","slug":"zapati","status":"publish","type":"page","link":"https:\/\/formar.shop\/cs\/zapati\/","title":{"rendered":"z\u00e1pat\u00ed"},"content":{"rendered":"\n[av_layout_row border=&#8220;&#8220; min_height_percent=&#8220;&#8220; min_height_pc=&#8220;25&#8243; min_height=&#8220;0&#8243; color=&#8220;main_color&#8220; mobile=&#8220;av-flex-cells&#8220; mobile_breaking=&#8220;av-break-at-tablet&#8220; id=&#8220;3col&#8220; custom_class=&#8220;sidebar-prodotti&#8220; template_class=&#8220;&#8220; aria_label=&#8220;&#8220; av_element_hidden_in_editor=&#8220;0&#8243; av_uid=&#8220;av-bsrw79&#8243; sc_version=&#8220;1.0&#8243;]\n[av_cell_one_third vertical_align=&#8220;top&#8220; padding=&#8220;30px,50px,30px,50px&#8220; background=&#8220;bg_color&#8220; background_color=&#8220;#f6f6f6&#8243; background_gradient_color1=&#8220;&#8220; background_gradient_color2=&#8220;&#8220; background_gradient_direction=&#8220;vertical&#8220; src=&#8220;&#8220; attachment=&#8220;&#8220; attachment_size=&#8220;&#8220; background_attachment=&#8220;scroll&#8220; background_position=&#8220;top left&#8220; background_repeat=&#8220;no-repeat&#8220; link=&#8220;&#8220; linktarget=&#8220;&#8220; link_hover=&#8220;&#8220; mobile_display=&#8220;&#8220; custom_class=&#8220;&#8220; template_class=&#8220;&#8220; av_uid=&#8220;av-bigo05&#8243; sc_version=&#8220;1.0&#8243;]\n\n[av_hr class=&#8220;invisible&#8220; icon_select=&#8220;yes&#8220; icon=&#8220;ue808&#8243; font=&#8220;entypo-fontello&#8220; position=&#8220;center&#8220; shadow=&#8220;no-shadow&#8220; height=&#8220;40&#8243; custom_border=&#8220;av-border-thin&#8220; custom_width=&#8220;50px&#8220; custom_margin_top=&#8220;30px&#8220; custom_margin_bottom=&#8220;30px&#8220; custom_border_color=&#8220;&#8220; custom_icon_color=&#8220;&#8220; id=&#8220;&#8220; custom_class=&#8220;&#8220; template_class=&#8220;&#8220; av_uid=&#8220;av-7o88rp&#8220; sc_version=&#8220;1.0&#8243; admin_preview_bg=&#8220;&#8220;]\n\n[av_textblock size=&#8220;&#8220; av-medium-font-size=&#8220;&#8220; av-small-font-size=&#8220;&#8220; av-mini-font-size=&#8220;&#8220; font_color=&#8220;&#8220; color=&#8220;#ffffff&#8220; id=&#8220;&#8220; custom_class=&#8220;&#8220; template_class=&#8220;&#8220; av_uid=&#8220;av-aq05ad&#8220; sc_version=&#8220;1.0&#8243; admin_preview_bg=&#8220;&#8220;]\n<div class=\"info-block\">\n<div class=\"info full\"><i class=\"fa fa-phone\"><\/i>  Telefonick\u00e9 objedn\u00e1vky: <a href=\"tel:800122267\">800 122 267<\/a><\/div>\n<div class=\"info full\"><i class=\"fa fa-whatsapp\"><\/i>  WhatsApp: <a href=\"https:\/\/api.whatsapp.com\/send?phone=393358357749&#038;text=Salve,%20vorrei%20qualche%20informazione%20in%20merito%20ai%20vostri%20prodotti\">+39 335 835.77.49<\/a><\/div>\n<div class=\"info full\"><i class=\"fas fa-headset\"><\/i>  Po\u017e\u00e1dejte o pomoc s t\u00edmto produktem, <a href=\"https:\/\/formar-contract.it\/contattaci\/\" target=\"_blank\" rel=\"noopener\">KLIKN\u011aTE ZDE!<\/a><\/div>\n<\/div>\n[\/av_textblock]\n\n[av_hr class=&#8220;invisible&#8220; icon_select=&#8220;yes&#8220; icon=&#8220;ue808&#8243; font=&#8220;entypo-fontello&#8220; position=&#8220;center&#8220; shadow=&#8220;no-shadow&#8220; height=&#8220;40&#8243; custom_border=&#8220;av-border-thin&#8220; custom_width=&#8220;50px&#8220; custom_margin_top=&#8220;30px&#8220; custom_margin_bottom=&#8220;30px&#8220; custom_border_color=&#8220;&#8220; custom_icon_color=&#8220;&#8220; av-medium-hide=&#8220;aviaTBav-medium-hide&#8220; av-small-hide=&#8220;aviaTBav-small-hide&#8220; av-mini-hide=&#8220;aviaTBav-mini-hide&#8220; id=&#8220;&#8220; custom_class=&#8220;&#8220; template_class=&#8220;&#8220; av_uid=&#8220;av-kpgqukph&#8220; sc_version=&#8220;1.0&#8243; admin_preview_bg=&#8220;&#8220;]\n\n[\/av_cell_one_third][av_cell_one_third vertical_align=&#8220;top&#8220; padding=&#8220;30px,50px,30px,50px&#8220; background=&#8220;bg_color&#8220; background_color=&#8220;#f6f6f6&#8243; background_gradient_color1=&#8220;&#8220; background_gradient_color2=&#8220;&#8220; background_gradient_direction=&#8220;vertical&#8220; src=&#8220;&#8220; attachment=&#8220;&#8220; attachment_size=&#8220;&#8220; background_attachment=&#8220;scroll&#8220; background_position=&#8220;top left&#8220; background_repeat=&#8220;no-repeat&#8220; link=&#8220;&#8220; linktarget=&#8220;&#8220; link_hover=&#8220;&#8220; mobile_display=&#8220;&#8220; custom_class=&#8220;&#8220; template_class=&#8220;&#8220; av_uid=&#8220;av-721f1x&#8220; sc_version=&#8220;1.0&#8243;]\n\n[av_hr class=&#8220;invisible&#8220; icon_select=&#8220;yes&#8220; icon=&#8220;ue808&#8243; font=&#8220;entypo-fontello&#8220; position=&#8220;center&#8220; shadow=&#8220;no-shadow&#8220; height=&#8220;40&#8243; custom_border=&#8220;av-border-thin&#8220; custom_width=&#8220;50px&#8220; custom_margin_top=&#8220;30px&#8220; custom_margin_bottom=&#8220;30px&#8220; custom_border_color=&#8220;&#8220; custom_icon_color=&#8220;&#8220; av-medium-hide=&#8220;aviaTBav-medium-hide&#8220; av-small-hide=&#8220;aviaTBav-small-hide&#8220; av-mini-hide=&#8220;aviaTBav-mini-hide&#8220; id=&#8220;&#8220; custom_class=&#8220;&#8220; template_class=&#8220;&#8220; av_uid=&#8220;av-5umhmd&#8220; sc_version=&#8220;1.0&#8243; admin_preview_bg=&#8220;&#8220;]\n\n[av_textblock size=&#8220;&#8220; av-medium-font-size=&#8220;&#8220; av-small-font-size=&#8220;&#8220; av-mini-font-size=&#8220;&#8220; font_color=&#8220;&#8220; color=&#8220;#ffffff&#8220; id=&#8220;&#8220; custom_class=&#8220;&#8220; template_class=&#8220;&#8220; av_uid=&#8220;av-9nmbx1&#8243; sc_version=&#8220;1.0&#8243; admin_preview_bg=&#8220;&#8220;]\n<div class=\"info-block\">\n<div class=\"info full\"><i class=\"fa fa-credit-card\"><\/i>  Paypal, kreditn\u00ed karta, hotovost nebo bankomat (na m\u00edst\u011b)<\/div>\n<div class=\"info full\"><i class=\"fa fa-lock\"><\/i>  Bezpe\u010dn\u00e9 a zabezpe\u010den\u00e9 platby s de\u0161ifrov\u00e1n\u00edm SSL<\/div>\n<div class=\"info full\"><i class=\"fa fa-truck\"><\/i>  Doprava zdarma<\/div>\n<\/div>\n[\/av_textblock]\n\n[av_hr class=&#8220;invisible&#8220; icon_select=&#8220;yes&#8220; icon=&#8220;ue808&#8243; font=&#8220;entypo-fontello&#8220; position=&#8220;center&#8220; shadow=&#8220;no-shadow&#8220; height=&#8220;40&#8243; custom_border=&#8220;av-border-thin&#8220; custom_width=&#8220;50px&#8220; custom_margin_top=&#8220;30px&#8220; custom_margin_bottom=&#8220;30px&#8220; custom_border_color=&#8220;&#8220; custom_icon_color=&#8220;&#8220; av-medium-hide=&#8220;aviaTBav-medium-hide&#8220; av-small-hide=&#8220;aviaTBav-small-hide&#8220; av-mini-hide=&#8220;aviaTBav-mini-hide&#8220; id=&#8220;&#8220; custom_class=&#8220;&#8220; template_class=&#8220;&#8220; av_uid=&#8220;av-4xw2s5&#8243; sc_version=&#8220;1.0&#8243; admin_preview_bg=&#8220;&#8220;]\n\n[\/av_cell_one_third][av_cell_one_third vertical_align=&#8220;top&#8220; padding=&#8220;30px,50px,30px,50px&#8220; background=&#8220;bg_color&#8220; background_color=&#8220;#f6f6f6&#8243; background_gradient_color1=&#8220;&#8220; background_gradient_color2=&#8220;&#8220; background_gradient_direction=&#8220;vertical&#8220; src=&#8220;&#8220; attachment=&#8220;&#8220; attachment_size=&#8220;&#8220; background_attachment=&#8220;scroll&#8220; background_position=&#8220;top left&#8220; background_repeat=&#8220;no-repeat&#8220; link=&#8220;&#8220; linktarget=&#8220;&#8220; link_hover=&#8220;&#8220; mobile_display=&#8220;&#8220; custom_class=&#8220;&#8220; template_class=&#8220;&#8220; av_uid=&#8220;av-447m9x&#8220; sc_version=&#8220;1.0&#8243;]\n\n[av_hr class=&#8220;invisible&#8220; icon_select=&#8220;yes&#8220; icon=&#8220;ue808&#8243; font=&#8220;entypo-fontello&#8220; position=&#8220;center&#8220; shadow=&#8220;no-shadow&#8220; height=&#8220;40&#8243; custom_border=&#8220;av-border-thin&#8220; custom_width=&#8220;50px&#8220; custom_margin_top=&#8220;30px&#8220; custom_margin_bottom=&#8220;30px&#8220; custom_border_color=&#8220;&#8220; custom_icon_color=&#8220;&#8220; av-medium-hide=&#8220;aviaTBav-medium-hide&#8220; av-small-hide=&#8220;aviaTBav-small-hide&#8220; av-mini-hide=&#8220;aviaTBav-mini-hide&#8220; id=&#8220;&#8220; custom_class=&#8220;&#8220; template_class=&#8220;&#8220; av_uid=&#8220;av-kpgquy87&#8243; sc_version=&#8220;1.0&#8243; admin_preview_bg=&#8220;&#8220;]\n\n[av_textblock size=&#8220;&#8220; av-medium-font-size=&#8220;&#8220; av-small-font-size=&#8220;&#8220; av-mini-font-size=&#8220;&#8220; font_color=&#8220;&#8220; color=&#8220;#ffffff&#8220; id=&#8220;&#8220; custom_class=&#8220;&#8220; template_class=&#8220;&#8220; av_uid=&#8220;av-7wllj9&#8243; sc_version=&#8220;1.0&#8243; admin_preview_bg=&#8220;&#8220;]\n<div class=\"info-block\">\n<div class=\"info full\"><i class=\"fa fa-shield\"><\/i>  Z\u00e1ruka v\u00fdrobce<\/div>\n<div class=\"info full\"><i class=\"fa fa-exchange\"><\/i>  Rychl\u00e9 a snadn\u00e9 vr\u00e1cen\u00ed.  <a href=\"https:\/\/formar.shop\/cs\/pravidla-pro-vraceni\/\">V\u00edce informac\u00ed<\/a><\/div>\n<div class=\"info full\"><i class=\"fas fa-exclamation-circle\"><\/i>  Nahl\u00e1sit anom\u00e1lii u tohoto produktu, <a href=\"https:\/\/formar-contract.it\/contattaci\/\" target=\"_blank\" rel=\"noopener\">KLIKN\u011aTE ZDE!<\/a><\/div>\n<\/div>\n[\/av_textblock]\n\n[av_hr class=&#8220;invisible&#8220; icon_select=&#8220;yes&#8220; icon=&#8220;ue808&#8243; font=&#8220;entypo-fontello&#8220; position=&#8220;center&#8220; shadow=&#8220;no-shadow&#8220; height=&#8220;40&#8243; custom_border=&#8220;av-border-thin&#8220; custom_width=&#8220;50px&#8220; custom_margin_top=&#8220;30px&#8220; custom_margin_bottom=&#8220;30px&#8220; custom_border_color=&#8220;&#8220; custom_icon_color=&#8220;&#8220; id=&#8220;&#8220; custom_class=&#8220;&#8220; template_class=&#8220;&#8220; av_uid=&#8220;av-2rs7xh&#8220; sc_version=&#8220;1.0&#8243; admin_preview_bg=&#8220;&#8220;]\n\n[\/av_cell_one_third]\n[\/av_layout_row]\n\n[av_section min_height=&#8220;&#8220; min_height_pc=&#8220;25&#8243; min_height_px=&#8220;500px&#8220; padding=&#8220;small&#8220; custom_margin=&#8220;0px&#8220; custom_margin_sync=&#8220;true&#8220; color=&#8220;footer_color&#8220; background=&#8220;bg_color&#8220; custom_bg=&#8220;#111111&#8243; background_gradient_color1=&#8220;&#8220; background_gradient_color2=&#8220;&#8220; background_gradient_direction=&#8220;vertical&#8220; src=&#8220;&#8220; attachment=&#8220;&#8220; attachment_size=&#8220;&#8220; attach=&#8220;scroll&#8220; position=&#8220;top left&#8220; repeat=&#8220;no-repeat&#8220; video=&#8220;&#8220; video_ratio=&#8220;16:9&#8243; overlay_opacity=&#8220;0.5&#8243; overlay_color=&#8220;&#8220; overlay_pattern=&#8220;&#8220; overlay_custom_pattern=&#8220;&#8220; shadow=&#8220;no-border-styling&#8220; bottom_border=&#8220;no-border-styling&#8220; bottom_border_diagonal_color=&#8220;#333333&#8243; bottom_border_diagonal_direction=&#8220;&#8220; bottom_border_style=&#8220;&#8220; custom_arrow_bg=&#8220;&#8220; id=&#8220;footer&#8220; custom_class=&#8220;&#8220; template_class=&#8220;&#8220; aria_label=&#8220;&#8220; av_element_hidden_in_editor=&#8220;0&#8243; av_uid=&#8220;av-kpgprncu&#8220; sc_version=&#8220;1.0&#8243;]\n[av_one_third first min_height=&#8220;&#8220; vertical_alignment=&#8220;av-align-top&#8220; space=&#8220;&#8220; row_boxshadow=&#8220;&#8220; row_boxshadow_color=&#8220;&#8220; row_boxshadow_width=&#8220;10&#8243; custom_margin=&#8220;&#8220; margin=&#8220;0px&#8220; mobile_breaking=&#8220;&#8220; border=&#8220;&#8220; border_color=&#8220;&#8220; radius=&#8220;0px&#8220; padding=&#8220;0px&#8220; column_boxshadow=&#8220;&#8220; column_boxshadow_color=&#8220;&#8220; column_boxshadow_width=&#8220;10&#8243; background=&#8220;bg_color&#8220; background_color=&#8220;&#8220; background_gradient_color1=&#8220;&#8220; background_gradient_color2=&#8220;&#8220; background_gradient_direction=&#8220;vertical&#8220; src=&#8220;&#8220; background_position=&#8220;top left&#8220; background_repeat=&#8220;no-repeat&#8220; highlight=&#8220;&#8220; highlight_size=&#8220;&#8220; animation=&#8220;&#8220; link=&#8220;&#8220; linktarget=&#8220;&#8220; link_hover=&#8220;&#8220; title_attr=&#8220;&#8220; alt_attr=&#8220;&#8220; mobile_display=&#8220;&#8220; id=&#8220;&#8220; custom_class=&#8220;&#8220; template_class=&#8220;&#8220; aria_label=&#8220;&#8220; av_uid=&#8220;av-amxjt1&#8243; sc_version=&#8220;1.0&#8243;]\n\n[av_sidebar widget_area=&#8220;Footer &#8211; column1&#8243; av_uid=&#8220;av-9drlut&#8220;]\n\n[\/av_one_third][av_one_third min_height=&#8220;&#8220; vertical_alignment=&#8220;av-align-top&#8220; space=&#8220;&#8220; row_boxshadow=&#8220;&#8220; row_boxshadow_color=&#8220;&#8220; row_boxshadow_width=&#8220;10&#8243; custom_margin=&#8220;&#8220; margin=&#8220;0px&#8220; mobile_breaking=&#8220;&#8220; border=&#8220;&#8220; border_color=&#8220;&#8220; radius=&#8220;0px&#8220; padding=&#8220;0px&#8220; column_boxshadow=&#8220;&#8220; column_boxshadow_color=&#8220;&#8220; column_boxshadow_width=&#8220;10&#8243; background=&#8220;bg_color&#8220; background_color=&#8220;&#8220; background_gradient_color1=&#8220;&#8220; background_gradient_color2=&#8220;&#8220; background_gradient_direction=&#8220;vertical&#8220; src=&#8220;&#8220; background_position=&#8220;top left&#8220; background_repeat=&#8220;no-repeat&#8220; highlight=&#8220;&#8220; highlight_size=&#8220;&#8220; animation=&#8220;&#8220; link=&#8220;&#8220; linktarget=&#8220;&#8220; link_hover=&#8220;&#8220; title_attr=&#8220;&#8220; alt_attr=&#8220;&#8220; mobile_display=&#8220;&#8220; id=&#8220;&#8220; custom_class=&#8220;&#8220; template_class=&#8220;&#8220; aria_label=&#8220;&#8220; av_uid=&#8220;av-7u05c5&#8243; sc_version=&#8220;1.0&#8243;]\n\n[av_sidebar widget_area=&#8220;Footer &#8211; column2&#8243; av_uid=&#8220;av-69s6ol&#8220;]\n\n[\/av_one_third][av_one_third min_height=&#8220;&#8220; vertical_alignment=&#8220;av-align-top&#8220; space=&#8220;&#8220; row_boxshadow=&#8220;&#8220; row_boxshadow_color=&#8220;&#8220; row_boxshadow_width=&#8220;10&#8243; custom_margin=&#8220;&#8220; margin=&#8220;0px&#8220; mobile_breaking=&#8220;&#8220; border=&#8220;&#8220; border_color=&#8220;&#8220; radius=&#8220;0px&#8220; padding=&#8220;0px&#8220; column_boxshadow=&#8220;&#8220; column_boxshadow_color=&#8220;&#8220; column_boxshadow_width=&#8220;10&#8243; background=&#8220;bg_color&#8220; background_color=&#8220;&#8220; background_gradient_color1=&#8220;&#8220; background_gradient_color2=&#8220;&#8220; background_gradient_direction=&#8220;vertical&#8220; src=&#8220;&#8220; background_position=&#8220;top left&#8220; background_repeat=&#8220;no-repeat&#8220; highlight=&#8220;&#8220; highlight_size=&#8220;&#8220; animation=&#8220;&#8220; link=&#8220;&#8220; linktarget=&#8220;&#8220; link_hover=&#8220;&#8220; title_attr=&#8220;&#8220; alt_attr=&#8220;&#8220; mobile_display=&#8220;&#8220; id=&#8220;&#8220; custom_class=&#8220;&#8220; template_class=&#8220;&#8220; aria_label=&#8220;&#8220; av_uid=&#8220;av-3tyj8l&#8220; sc_version=&#8220;1.0&#8243;]\n\n[av_sidebar widget_area=&#8220;Footer &#8211; column3&#8243; av_uid=&#8220;av-22txyt&#8220;]\n\n[\/av_one_third]\n[\/av_section]\n\n[av_section min_height=&#8220;&#8220; min_height_pc=&#8220;25&#8243; min_height_px=&#8220;500px&#8220; padding=&#8220;no-padding&#8220; custom_margin=&#8220;0px&#8220; custom_margin_sync=&#8220;true&#8220; color=&#8220;main_color&#8220; background=&#8220;bg_color&#8220; custom_bg=&#8220;#333333&#8243; background_gradient_color1=&#8220;&#8220; background_gradient_color2=&#8220;&#8220; background_gradient_direction=&#8220;vertical&#8220; src=&#8220;&#8220; attachment=&#8220;&#8220; attachment_size=&#8220;&#8220; attach=&#8220;scroll&#8220; position=&#8220;top left&#8220; repeat=&#8220;no-repeat&#8220; video=&#8220;&#8220; video_ratio=&#8220;16:9&#8243; overlay_opacity=&#8220;0.5&#8243; overlay_color=&#8220;&#8220; overlay_pattern=&#8220;&#8220; overlay_custom_pattern=&#8220;&#8220; shadow=&#8220;no-border-styling&#8220; bottom_border=&#8220;no-border-styling&#8220; bottom_border_diagonal_color=&#8220;#333333&#8243; bottom_border_diagonal_direction=&#8220;&#8220; bottom_border_style=&#8220;&#8220; custom_arrow_bg=&#8220;&#8220; id=&#8220;socket&#8220; custom_class=&#8220;&#8220; template_class=&#8220;&#8220; aria_label=&#8220;&#8220; av_element_hidden_in_editor=&#8220;0&#8243; av_uid=&#8220;av-kpgpohvw&#8220; sc_version=&#8220;1.0&#8243;]\n\n[av_textblock size=&#8220;12&#8243; av-medium-font-size=&#8220;&#8220; av-small-font-size=&#8220;&#8220; av-mini-font-size=&#8220;&#8220; font_color=&#8220;custom&#8220; color=&#8220;#ffffff&#8220; id=&#8220;&#8220; custom_class=&#8220;&#8220; template_class=&#8220;&#8220; av_uid=&#8220;av-kpgppb3s&#8220; sc_version=&#8220;1.0&#8243; admin_preview_bg=&#8220;&#8220;]\n<i class=\"fa fa-envelope\" style=\"margin: 0 5px 0 10px\" aria-hidden=\"true\"><\/i>\n<i class=\"fa fa-map-marker\" style=\"margin: 0 5px 0 0px\" aria-hidden=\"true\"><\/i> <i class=\"fa fa-phone\" style=\"margin: 0 5px 0 10px\" aria-hidden=\"true\"><\/i> <i class=\"fa fa-phone\" style=\"margin: 0 5px 0 10px\" aria-hidden=\"true\"><\/i> <i class=\"fa fa-envelope\" style=\"margin: 0 5px 0 10px\" aria-hidden=\"true\"><\/i>Formar Contract srl &#8211; C.F. a P.IVA: IT02722120421 &#8211; Z\u00e1kladn\u00ed kapit\u00e1l: 50 000 \u20ac &#8211; REA: AN &#8211; 210040<a href=\"mailto:info@pec.formar-contract.it\"> info@pec.formar-contract.it<\/a> S\u00eddlo a z\u00e1vod: Via del Consorzio 44, Falconara Marittima (AN) Obchodn\u00ed:<a href=\"tel:+39800122267\">800 122267<\/a> Tel.<a href=\"tel:+390715906063\">071 590.60.63<\/a><a href=\"mailto:info@formar-contract.it\"> info@formar-contract.it<\/a>\n[\/av_textblock]\n\n[\/av_section]\n\n<p><\/p>\n","protected":false},"excerpt":{"rendered":"[av_layout_row border=&#8220;&#8220; min_height_percent=&#8220;&#8220; min_height_pc=&#8220;25&#8243; min_height=&#8220;0&#8243; color=&#8220;main_color&#8220; mobile=&#8220;av-flex-cells&#8220; mobile_breaking=&#8220;av-break-at-tablet&#8220; id=&#8220;3col&#8220; custom_class=&#8220;sidebar-prodotti&#8220; template_class=&#8220;&#8220; aria_label=&#8220;&#8220; av_element_hidden_in_editor=&#8220;0&#8243; av_uid=&#8220;av-bsrw79&#8243; sc_version=&#8220;1.0&#8243;] [av_cell_one_third vertical_align=&#8220;top&#8220; padding=&#8220;30px,50px,30px,50px&#8220; background=&#8220;bg_color&#8220; background_color=&#8220;#f6f6f6&#8243; background_gradient_color1=&#8220;&#8220; background_gradient_color2=&#8220;&#8220; background_gradient_direction=&#8220;vertical&#8220; src=&#8220;&#8220; attachment=&#8220;&#8220; attachment_size=&#8220;&#8220; background_attachment=&#8220;scroll&#8220; background_position=&#8220;top left&#8220; background_repeat=&#8220;no-repeat&#8220; link=&#8220;&#8220; linktarget=&#8220;&#8220; link_hover=&#8220;&#8220; mobile_display=&#8220;&#8220; custom_class=&#8220;&#8220; template_class=&#8220;&#8220; av_uid=&#8220;av-bigo05&#8243; sc_version=&#8220;1.0&#8243;] [av_hr class=&#8220;invisible&#8220; icon_select=&#8220;yes&#8220; icon=&#8220;ue808&#8243; font=&#8220;entypo-fontello&#8220; position=&#8220;center&#8220; shadow=&#8220;no-shadow&#8220; height=&#8220;40&#8243; custom_border=&#8220;av-border-thin&#8220; custom_width=&#8220;50px&#8220; custom_margin_top=&#8220;30px&#8220; custom_margin_bottom=&#8220;30px&#8220; custom_border_color=&#8220;&#8220; custom_icon_color=&#8220;&#8220; id=&#8220;&#8220; custom_class=&#8220;&#8220; template_class=&#8220;&#8220; [&#8230;]\n","protected":false},"author":5,"featured_media":0,"parent":0,"menu_order":0,"comment_status":"closed","ping_status":"closed","template":"","meta":{"_joinchat":[],"footnotes":""},"class_list":["post-43464","page","type-page","status-publish","hentry"],"yoast_head":"<!-- This site is optimized with the Yoast SEO plugin v27.3 - https:\/\/yoast.com\/product\/yoast-seo-wordpress\/ -->\n<title>z\u00e1pat\u00ed - Formar.shop<\/title>\n<meta name=\"robots\" content=\"index, follow, max-snippet:-1, max-image-preview:large, max-video-preview:-1\" \/>\n<link rel=\"canonical\" href=\"https:\/\/formar.shop\/cs\/zapati\/\" \/>\n<script type=\"application\/ld+json\" class=\"yoast-schema-graph\">{\"@context\":\"https:\\\/\\\/schema.org\",\"@graph\":[{\"@type\":\"WebPage\",\"@id\":\"https:\\\/\\\/formar.shop\\\/cs\\\/zapati\\\/\",\"url\":\"https:\\\/\\\/formar.shop\\\/cs\\\/zapati\\\/\",\"name\":\"z\u00e1pat\u00ed - Formar.shop\",\"isPartOf\":{\"@id\":\"https:\\\/\\\/formar.shop\\\/cs\\\/#website\"},\"datePublished\":\"2025-01-18T20:18:40+00:00\",\"dateModified\":\"2025-01-30T20:28:16+00:00\",\"breadcrumb\":{\"@id\":\"https:\\\/\\\/formar.shop\\\/cs\\\/zapati\\\/#breadcrumb\"},\"inLanguage\":\"cs\",\"potentialAction\":[{\"@type\":\"ReadAction\",\"target\":[\"https:\\\/\\\/formar.shop\\\/cs\\\/zapati\\\/\"]}]},{\"@type\":\"BreadcrumbList\",\"@id\":\"https:\\\/\\\/formar.shop\\\/cs\\\/zapati\\\/#breadcrumb\",\"itemListElement\":[{\"@type\":\"ListItem\",\"position\":1,\"name\":\"Home\",\"item\":\"https:\\\/\\\/formar.shop\\\/cs\\\/automaticky-navrh\\\/\"},{\"@type\":\"ListItem\",\"position\":2,\"name\":\"z\u00e1pat\u00ed\"}]},{\"@type\":\"WebSite\",\"@id\":\"https:\\\/\\\/formar.shop\\\/cs\\\/#website\",\"url\":\"https:\\\/\\\/formar.shop\\\/cs\\\/\",\"name\":\"Formar.shop\",\"description\":\"Soluzioni espresse con stile\",\"potentialAction\":[{\"@type\":\"SearchAction\",\"target\":{\"@type\":\"EntryPoint\",\"urlTemplate\":\"https:\\\/\\\/formar.shop\\\/cs\\\/?s={search_term_string}\"},\"query-input\":{\"@type\":\"PropertyValueSpecification\",\"valueRequired\":true,\"valueName\":\"search_term_string\"}}],\"inLanguage\":\"cs\"}]}<\/script>\n<!-- \/ Yoast SEO plugin. -->","yoast_head_json":{"title":"z\u00e1pat\u00ed - Formar.shop","robots":{"index":"index","follow":"follow","max-snippet":"max-snippet:-1","max-image-preview":"max-image-preview:large","max-video-preview":"max-video-preview:-1"},"canonical":"https:\/\/formar.shop\/cs\/zapati\/","schema":{"@context":"https:\/\/schema.org","@graph":[{"@type":"WebPage","@id":"https:\/\/formar.shop\/cs\/zapati\/","url":"https:\/\/formar.shop\/cs\/zapati\/","name":"z\u00e1pat\u00ed - Formar.shop","isPartOf":{"@id":"https:\/\/formar.shop\/cs\/#website"},"datePublished":"2025-01-18T20:18:40+00:00","dateModified":"2025-01-30T20:28:16+00:00","breadcrumb":{"@id":"https:\/\/formar.shop\/cs\/zapati\/#breadcrumb"},"inLanguage":"cs","potentialAction":[{"@type":"ReadAction","target":["https:\/\/formar.shop\/cs\/zapati\/"]}]},{"@type":"BreadcrumbList","@id":"https:\/\/formar.shop\/cs\/zapati\/#breadcrumb","itemListElement":[{"@type":"ListItem","position":1,"name":"Home","item":"https:\/\/formar.shop\/cs\/automaticky-navrh\/"},{"@type":"ListItem","position":2,"name":"z\u00e1pat\u00ed"}]},{"@type":"WebSite","@id":"https:\/\/formar.shop\/cs\/#website","url":"https:\/\/formar.shop\/cs\/","name":"Formar.shop","description":"Soluzioni espresse con stile","potentialAction":[{"@type":"SearchAction","target":{"@type":"EntryPoint","urlTemplate":"https:\/\/formar.shop\/cs\/?s={search_term_string}"},"query-input":{"@type":"PropertyValueSpecification","valueRequired":true,"valueName":"search_term_string"}}],"inLanguage":"cs"}]}},"_links":{"self":[{"href":"https:\/\/formar.shop\/cs\/wp-json\/wp\/v2\/pages\/43464","targetHints":{"allow":["GET"]}}],"collection":[{"href":"https:\/\/formar.shop\/cs\/wp-json\/wp\/v2\/pages"}],"about":[{"href":"https:\/\/formar.shop\/cs\/wp-json\/wp\/v2\/types\/page"}],"author":[{"embeddable":true,"href":"https:\/\/formar.shop\/cs\/wp-json\/wp\/v2\/users\/5"}],"replies":[{"embeddable":true,"href":"https:\/\/formar.shop\/cs\/wp-json\/wp\/v2\/comments?post=43464"}],"version-history":[{"count":2,"href":"https:\/\/formar.shop\/cs\/wp-json\/wp\/v2\/pages\/43464\/revisions"}],"predecessor-version":[{"id":50033,"href":"https:\/\/formar.shop\/cs\/wp-json\/wp\/v2\/pages\/43464\/revisions\/50033"}],"wp:attachment":[{"href":"https:\/\/formar.shop\/cs\/wp-json\/wp\/v2\/media?parent=43464"}],"curies":[{"name":"wp","href":"https:\/\/api.w.org\/{rel}","templated":true}]}}