{"id":43132,"date":"2025-01-18T21:16:46","date_gmt":"2025-01-18T20:16:46","guid":{"rendered":"https:\/\/formar.shop\/kosik\/"},"modified":"2025-01-18T21:16:49","modified_gmt":"2025-01-18T20:16:49","slug":"kosik","status":"publish","type":"page","link":"https:\/\/formar.shop\/cs\/kosik\/","title":{"rendered":"Ko\u0161\u00edk"},"content":{"rendered":"\n<div data-block-name=\"woocommerce\/cart\" class=\"wp-block-woocommerce-cart alignwide is-loading\">\n<div data-block-name=\"woocommerce\/filled-cart-block\" class=\"wp-block-woocommerce-filled-cart-block\">\n<div data-block-name=\"woocommerce\/cart-items-block\" class=\"wp-block-woocommerce-cart-items-block\">\n<div data-block-name=\"woocommerce\/cart-line-items-block\" class=\"wp-block-woocommerce-cart-line-items-block\"><\/div>\n\n\n\n<div data-block-name=\"woocommerce\/cart-cross-sells-block\" class=\"wp-block-woocommerce-cart-cross-sells-block\">\n<h2 class=\"wp-block-heading has-large-font-size\">Mohlo by v\u00e1s tak\u00e9 zaj\u00edmat&#8230;<\/h2>\n\n\n\n<div data-block-name=\"woocommerce\/cart-cross-sells-products-block\" class=\"wp-block-woocommerce-cart-cross-sells-products-block\"><\/div>\n<\/div>\n<\/div>\n\n\n\n<div data-block-name=\"woocommerce\/cart-totals-block\" class=\"wp-block-woocommerce-cart-totals-block\">\n<div data-block-name=\"woocommerce\/cart-order-summary-block\" class=\"wp-block-woocommerce-cart-order-summary-block\">\n<div data-block-name=\"woocommerce\/cart-order-summary-heading-block\" data-content=\"Ko\u0161\u00edk celkem\" class=\"wp-block-woocommerce-cart-order-summary-heading-block\"><\/div>\n\n\n\n<div data-block-name=\"woocommerce\/cart-order-summary-coupon-form-block\" class=\"wp-block-woocommerce-cart-order-summary-coupon-form-block\"><\/div>\n\n\n\n<div data-block-name=\"woocommerce\/cart-order-summary-totals-block\" class=\"wp-block-woocommerce-cart-order-summary-totals-block\">\n<div data-block-name=\"woocommerce\/cart-order-summary-subtotal-block\" class=\"wp-block-woocommerce-cart-order-summary-subtotal-block\"><\/div>\n\n\n\n<div data-block-name=\"woocommerce\/cart-order-summary-fee-block\" class=\"wp-block-woocommerce-cart-order-summary-fee-block\"><\/div>\n\n\n\n<div data-block-name=\"woocommerce\/cart-order-summary-discount-block\" class=\"wp-block-woocommerce-cart-order-summary-discount-block\"><\/div>\n\n\n\n<div data-block-name=\"woocommerce\/cart-order-summary-shipping-block\" class=\"wp-block-woocommerce-cart-order-summary-shipping-block\"><\/div>\n\n\n\n<div data-block-name=\"woocommerce\/cart-order-summary-taxes-block\" class=\"wp-block-woocommerce-cart-order-summary-taxes-block\"><\/div>\n<\/div>\n<\/div>\n\n\n<div data-lock=\"{&quot;remove&quot;:true}\" data-ppcp-id=\"ppcp-34c4c46e-3a45-4e95-ab67-5b553bd991dd\" data-block-name=\"woocommerce-paypal-payments\/cart-paylater-messages\" data-pp-placement=\"cart\" data-pp-style-layout=\"text\" data-pp-style-logo-position=\"left\" data-pp-style-logo-type=\"inline\" data-pp-style-text-color=\"black\" data-pp-style-text-size=\"12\" id=\"ppcp-34c4c46e-3a45-4e95-ab67-5b553bd991dd\" class=\"ppcp-messages\" data-partner-attribution-id=\"Woo_PPCP\"><\/div>\n\n\n<div data-block-name=\"woocommerce\/cart-express-payment-block\" class=\"wp-block-woocommerce-cart-express-payment-block\"><\/div>\n\n\n\n<div data-block-name=\"woocommerce\/proceed-to-checkout-block\" class=\"wp-block-woocommerce-proceed-to-checkout-block\"><\/div>\n\n\n\n<div data-block-name=\"woocommerce\/cart-accepted-payment-methods-block\" class=\"wp-block-woocommerce-cart-accepted-payment-methods-block\"><\/div>\n<\/div>\n<\/div>\n\n\n\n<div data-block-name=\"woocommerce\/empty-cart-block\" class=\"wp-block-woocommerce-empty-cart-block\">\n<h2 class=\"wp-block-heading has-text-align-center with-empty-cart-icon wc-block-cart__empty-cart__title\">V\u00e1\u0161 n\u00e1kupn\u00ed ko\u0161\u00edk je moment\u00e1ln\u011b pr\u00e1zdn\u00fd!<\/h2>\n\n\n\n<p class=\"has-text-align-center\"><a href=\"https:\/\/formar.shop\/shop\/\">Prohl\u00e9dn\u011bte si obchod<\/a><\/p>\n\n\n\n<hr class=\"wp-block-separator has-alpha-channel-opacity is-style-dots\"\/>\n\n\n\n<h2 class=\"wp-block-heading has-text-align-center\">Novinka v obchod\u011b<\/h2>\n\n\n<div data-block-name=\"woocommerce\/product-new\" data-columns=\"4\" data-rows=\"1\" class=\"wc-block-grid wp-block-product-new wp-block-woocommerce-product-new wc-block-product-new has-4-columns\"><ul class=\"wc-block-grid__products\"><li class=\"wc-block-grid__product\"><span class=\"gtm4wp_productdata\" style=\"display:none; visibility:hidden;\" data-gtm4wp_product_data=\"{&quot;internal_id&quot;:44973,&quot;item_id&quot;:44973,&quot;item_name&quot;:&quot;Odkl\\u00e1dac\\u00ed police - st\\u011bna bu\\u0148ky&quot;,&quot;sku&quot;:&quot;8056149750391&quot;,&quot;price&quot;:49.18,&quot;stocklevel&quot;:78,&quot;stockstatus&quot;:&quot;instock&quot;,&quot;google_business_vertical&quot;:&quot;retail&quot;,&quot;item_category&quot;:&quot;Police a kontejnery&quot;,&quot;id&quot;:44973,&quot;productlink&quot;:&quot;https:\\\/\\\/formar.shop\\\/cs\\\/prodotto\\\/odkladaci-police-stena-bunky\\\/&quot;,&quot;item_list_name&quot;:&quot;General Product List&quot;,&quot;index&quot;:0,&quot;product_type&quot;:&quot;simple&quot;,&quot;item_brand&quot;:&quot;&quot;}\"><\/span>\n\t\t\t\t<a href=\"https:\/\/formar.shop\/cs\/prodotto\/odkladaci-police-stena-bunky\/\" class=\"wc-block-grid__product-link\">\n\t\t\t\t\t\n\t\t\t\t\t<div class=\"wc-block-grid__product-image\"><img loading=\"lazy\" decoding=\"async\" width=\"247\" height=\"185\" src=\"https:\/\/static.formar.net\/wp-content\/uploads\/2020\/12\/19150623\/campus.png\" class=\"attachment-woocommerce_thumbnail size-woocommerce_thumbnail\" alt=\"Odkl\u00e1dac\u00ed police - st\u011bna bu\u0148ky\" \/><\/div>\n\t\t\t\t\t<div class=\"wc-block-grid__product-title\">Odkl\u00e1dac\u00ed police &#8211; st\u011bna bu\u0148ky<\/div>\n\t\t\t\t<\/a>\n\t\t\t\t<div class=\"wc-block-grid__product-price price\"><span class=\"woocommerce-Price-amount amount\">49,18<span class=\"woocommerce-Price-currencySymbol\">&euro;<\/span><\/span> <small class=\"woocommerce-price-suffix\">(<span class=\"woocommerce-Price-amount amount\">49,18<span class=\"woocommerce-Price-currencySymbol\">&euro;<\/span><\/span> +iva)<\/small><\/div>\n\t\t\t\t\n\t\t\t\t<div class=\"wp-block-button wc-block-grid__product-add-to-cart\"><a href=\"\/cs\/wp-json\/wp\/v2\/pages\/43132?add-to-cart=44973\" aria-label=\"P\u0159idat do ko\u0161\u00edku: &ldquo;Odkl\u00e1dac\u00ed police - st\u011bna bu\u0148ky&rdquo;\" data-quantity=\"1\" data-product_id=\"44973\" data-product_sku=\"8056149750391\" data-price=\"49.18\" rel=\"nofollow\" class=\"wp-block-button__link  add_to_cart_button ajax_add_to_cart\">P\u0159idat do ko\u0161\u00edku<\/a><\/div>\n\t\t\t<\/li><li class=\"wc-block-grid__product\"><span class=\"gtm4wp_productdata\" style=\"display:none; visibility:hidden;\" data-gtm4wp_product_data=\"{&quot;internal_id&quot;:44931,&quot;item_id&quot;:44931,&quot;item_name&quot;:&quot;S\\u00e1zec\\u00ed stroj - Strom 03&quot;,&quot;sku&quot;:44931,&quot;price&quot;:49.18,&quot;stocklevel&quot;:null,&quot;stockstatus&quot;:&quot;instock&quot;,&quot;google_business_vertical&quot;:&quot;retail&quot;,&quot;item_category&quot;:&quot;Planters&quot;,&quot;id&quot;:44931,&quot;productlink&quot;:&quot;https:\\\/\\\/formar.shop\\\/cs\\\/prodotto\\\/sazeci-stroj-strom-03\\\/&quot;,&quot;item_list_name&quot;:&quot;General Product List&quot;,&quot;index&quot;:0,&quot;product_type&quot;:&quot;variable&quot;,&quot;item_brand&quot;:&quot;&quot;}\"><\/span>\n\t\t\t\t<a href=\"https:\/\/formar.shop\/cs\/prodotto\/sazeci-stroj-strom-03\/\" class=\"wc-block-grid__product-link\">\n\t\t\t\t\t\n\t\t\t\t\t<div class=\"wc-block-grid__product-image\"><img loading=\"lazy\" decoding=\"async\" width=\"247\" height=\"247\" src=\"https:\/\/static.formar.net\/wp-content\/uploads\/2020\/12\/22160928\/Immagini-di-prodotto-x-Amazon-01-1.png\" class=\"attachment-woocommerce_thumbnail size-woocommerce_thumbnail\" alt=\"S\u00e1zec\u00ed stroj - Strom 03\" \/><\/div>\n\t\t\t\t\t<div class=\"wc-block-grid__product-title\">S\u00e1zec\u00ed stroj &#8211; Strom 03<\/div>\n\t\t\t\t<\/a>\n\t\t\t\t<div class=\"wc-block-grid__product-price price\">A partire da <span class=\"woocommerce-Price-amount amount\">59,84<span class=\"woocommerce-Price-currencySymbol\">&euro;<\/span><\/span><\/div>\n\t\t\t\t\n\t\t\t\t<div class=\"wp-block-button wc-block-grid__product-add-to-cart\"><a href=\"https:\/\/formar.shop\/cs\/prodotto\/sazeci-stroj-strom-03\/\" aria-label=\"Vyberte nastaven\u00ed pro &bdquo;S\u00e1zec\u00ed stroj - Strom 03&ldquo;\" data-quantity=\"1\" data-product_id=\"44931\" data-product_sku=\"\" data-price=\"49.18\" rel=\"nofollow\" class=\"wp-block-button__link  add_to_cart_button\">V\u00fdb\u011br mo\u017enost\u00ed<\/a><\/div>\n\t\t\t<\/li><li class=\"wc-block-grid__product\"><span class=\"gtm4wp_productdata\" style=\"display:none; visibility:hidden;\" data-gtm4wp_product_data=\"{&quot;internal_id&quot;:44883,&quot;item_id&quot;:44883,&quot;item_name&quot;:&quot;N\\u00e1st\\u011bnn\\u00fd kontejner - z\\u00e1v\\u011bsn\\u00fd&quot;,&quot;sku&quot;:44883,&quot;price&quot;:19.67,&quot;stocklevel&quot;:31,&quot;stockstatus&quot;:&quot;instock&quot;,&quot;google_business_vertical&quot;:&quot;retail&quot;,&quot;item_category&quot;:&quot;Police a kontejnery&quot;,&quot;id&quot;:44883,&quot;productlink&quot;:&quot;https:\\\/\\\/formar.shop\\\/cs\\\/prodotto\\\/nastenny-kontejner-zavesny\\\/&quot;,&quot;item_list_name&quot;:&quot;General Product List&quot;,&quot;index&quot;:0,&quot;product_type&quot;:&quot;variable&quot;,&quot;item_brand&quot;:&quot;&quot;}\"><\/span>\n\t\t\t\t<a href=\"https:\/\/formar.shop\/cs\/prodotto\/nastenny-kontejner-zavesny\/\" class=\"wc-block-grid__product-link\">\n\t\t\t\t\t\n\t\t\t\t\t<div class=\"wc-block-grid__product-image\"><img loading=\"lazy\" decoding=\"async\" width=\"247\" height=\"247\" src=\"https:\/\/static.formar.net\/wp-content\/uploads\/2020\/12\/22153635\/Immagini-di-prodotto-x-Amazon-36.png\" class=\"attachment-woocommerce_thumbnail size-woocommerce_thumbnail\" alt=\"N\u00e1st\u011bnn\u00fd kontejner - z\u00e1v\u011bsn\u00fd\" \/><\/div>\n\t\t\t\t\t<div class=\"wc-block-grid__product-title\">N\u00e1st\u011bnn\u00fd kontejner &#8211; z\u00e1v\u011bsn\u00fd<\/div>\n\t\t\t\t<\/a>\n\t\t\t\t<div class=\"wc-block-grid__product-price price\">A partire da <span class=\"woocommerce-Price-amount amount\">27,87<span class=\"woocommerce-Price-currencySymbol\">&euro;<\/span><\/span><\/div>\n\t\t\t\t\n\t\t\t\t<div class=\"wp-block-button wc-block-grid__product-add-to-cart\"><a href=\"https:\/\/formar.shop\/cs\/prodotto\/nastenny-kontejner-zavesny\/\" aria-label=\"Vyberte nastaven\u00ed pro &bdquo;N\u00e1st\u011bnn\u00fd kontejner - z\u00e1v\u011bsn\u00fd&ldquo;\" data-quantity=\"1\" data-product_id=\"44883\" data-product_sku=\"\" data-price=\"19.67\" rel=\"nofollow\" class=\"wp-block-button__link  add_to_cart_button\">V\u00fdb\u011br mo\u017enost\u00ed<\/a><\/div>\n\t\t\t<\/li><li class=\"wc-block-grid__product\"><span class=\"gtm4wp_productdata\" style=\"display:none; visibility:hidden;\" data-gtm4wp_product_data=\"{&quot;internal_id&quot;:44839,&quot;item_id&quot;:44839,&quot;item_name&quot;:&quot;\\u017didle - Bud Chair 09&quot;,&quot;sku&quot;:44839,&quot;price&quot;:71.31,&quot;stocklevel&quot;:10,&quot;stockstatus&quot;:&quot;instock&quot;,&quot;google_business_vertical&quot;:&quot;retail&quot;,&quot;item_category&quot;:&quot;Sedadla&quot;,&quot;id&quot;:44839,&quot;productlink&quot;:&quot;https:\\\/\\\/formar.shop\\\/cs\\\/prodotto\\\/zidle-bud-chair-09\\\/&quot;,&quot;item_list_name&quot;:&quot;General Product List&quot;,&quot;index&quot;:0,&quot;product_type&quot;:&quot;variable&quot;,&quot;item_brand&quot;:&quot;&quot;}\"><\/span>\n\t\t\t\t<a href=\"https:\/\/formar.shop\/cs\/prodotto\/zidle-bud-chair-09\/\" class=\"wc-block-grid__product-link\">\n\t\t\t\t\t\n\t\t\t\t\t<div class=\"wc-block-grid__product-image\"><img loading=\"lazy\" decoding=\"async\" width=\"247\" height=\"247\" src=\"https:\/\/static.formar.net\/wp-content\/uploads\/2020\/12\/22164335\/Immagini-di-prodotto-x-Amazon-26.png\" class=\"attachment-woocommerce_thumbnail size-woocommerce_thumbnail\" alt=\"\u017didle - Bud Chair 09\" \/><\/div>\n\t\t\t\t\t<div class=\"wc-block-grid__product-title\">\u017didle &#8211; Bud Chair 09<\/div>\n\t\t\t\t<\/a>\n\t\t\t\t<div class=\"wc-block-grid__product-price price\">A partire da <span class=\"woocommerce-Price-amount amount\">71,31<span class=\"woocommerce-Price-currencySymbol\">&euro;<\/span><\/span><\/div>\n\t\t\t\t\n\t\t\t\t<div class=\"wp-block-button wc-block-grid__product-add-to-cart\"><a href=\"https:\/\/formar.shop\/cs\/prodotto\/zidle-bud-chair-09\/\" aria-label=\"Vyberte nastaven\u00ed pro &bdquo;\u017didle - Bud Chair 09&ldquo;\" data-quantity=\"1\" data-product_id=\"44839\" data-product_sku=\"\" data-price=\"71.31\" rel=\"nofollow\" class=\"wp-block-button__link  add_to_cart_button\">V\u00fdb\u011br mo\u017enost\u00ed<\/a><\/div>\n\t\t\t<\/li><\/ul><\/div><\/div>\n<\/div>\n","protected":false},"excerpt":{"rendered":"","protected":false},"author":1,"featured_media":0,"parent":0,"menu_order":0,"comment_status":"closed","ping_status":"closed","template":"","meta":{"_joinchat":[],"footnotes":""},"class_list":["post-43132","page","type-page","status-publish","hentry"],"yoast_head":"<!-- This site is optimized with the Yoast SEO plugin v27.3 - https:\/\/yoast.com\/product\/yoast-seo-wordpress\/ -->\n<title>Ko\u0161\u00edk - Formar.shop<\/title>\n<meta name=\"robots\" content=\"index, follow, max-snippet:-1, max-image-preview:large, max-video-preview:-1\" \/>\n<link rel=\"canonical\" href=\"https:\/\/formar.shop\/cs\/kosik\/\" \/>\n<script type=\"application\/ld+json\" class=\"yoast-schema-graph\">{\"@context\":\"https:\\\/\\\/schema.org\",\"@graph\":[{\"@type\":\"WebPage\",\"@id\":\"https:\\\/\\\/formar.shop\\\/cs\\\/kosik\\\/\",\"url\":\"https:\\\/\\\/formar.shop\\\/cs\\\/kosik\\\/\",\"name\":\"Ko\u0161\u00edk - Formar.shop\",\"isPartOf\":{\"@id\":\"https:\\\/\\\/formar.shop\\\/cs\\\/#website\"},\"datePublished\":\"2025-01-18T20:16:46+00:00\",\"dateModified\":\"2025-01-18T20:16:49+00:00\",\"breadcrumb\":{\"@id\":\"https:\\\/\\\/formar.shop\\\/cs\\\/kosik\\\/#breadcrumb\"},\"inLanguage\":\"cs\",\"potentialAction\":[{\"@type\":\"ReadAction\",\"target\":[\"https:\\\/\\\/formar.shop\\\/cs\\\/kosik\\\/\"]}]},{\"@type\":\"BreadcrumbList\",\"@id\":\"https:\\\/\\\/formar.shop\\\/cs\\\/kosik\\\/#breadcrumb\",\"itemListElement\":[{\"@type\":\"ListItem\",\"position\":1,\"name\":\"Home\",\"item\":\"https:\\\/\\\/formar.shop\\\/cs\\\/automaticky-navrh\\\/\"},{\"@type\":\"ListItem\",\"position\":2,\"name\":\"Ko\u0161\u00edk\"}]},{\"@type\":\"WebSite\",\"@id\":\"https:\\\/\\\/formar.shop\\\/cs\\\/#website\",\"url\":\"https:\\\/\\\/formar.shop\\\/cs\\\/\",\"name\":\"Formar.shop\",\"description\":\"Soluzioni espresse con stile\",\"potentialAction\":[{\"@type\":\"SearchAction\",\"target\":{\"@type\":\"EntryPoint\",\"urlTemplate\":\"https:\\\/\\\/formar.shop\\\/cs\\\/?s={search_term_string}\"},\"query-input\":{\"@type\":\"PropertyValueSpecification\",\"valueRequired\":true,\"valueName\":\"search_term_string\"}}],\"inLanguage\":\"cs\"}]}<\/script>\n<!-- \/ Yoast SEO plugin. -->","yoast_head_json":{"title":"Ko\u0161\u00edk - Formar.shop","robots":{"index":"index","follow":"follow","max-snippet":"max-snippet:-1","max-image-preview":"max-image-preview:large","max-video-preview":"max-video-preview:-1"},"canonical":"https:\/\/formar.shop\/cs\/kosik\/","schema":{"@context":"https:\/\/schema.org","@graph":[{"@type":"WebPage","@id":"https:\/\/formar.shop\/cs\/kosik\/","url":"https:\/\/formar.shop\/cs\/kosik\/","name":"Ko\u0161\u00edk - Formar.shop","isPartOf":{"@id":"https:\/\/formar.shop\/cs\/#website"},"datePublished":"2025-01-18T20:16:46+00:00","dateModified":"2025-01-18T20:16:49+00:00","breadcrumb":{"@id":"https:\/\/formar.shop\/cs\/kosik\/#breadcrumb"},"inLanguage":"cs","potentialAction":[{"@type":"ReadAction","target":["https:\/\/formar.shop\/cs\/kosik\/"]}]},{"@type":"BreadcrumbList","@id":"https:\/\/formar.shop\/cs\/kosik\/#breadcrumb","itemListElement":[{"@type":"ListItem","position":1,"name":"Home","item":"https:\/\/formar.shop\/cs\/automaticky-navrh\/"},{"@type":"ListItem","position":2,"name":"Ko\u0161\u00edk"}]},{"@type":"WebSite","@id":"https:\/\/formar.shop\/cs\/#website","url":"https:\/\/formar.shop\/cs\/","name":"Formar.shop","description":"Soluzioni espresse con stile","potentialAction":[{"@type":"SearchAction","target":{"@type":"EntryPoint","urlTemplate":"https:\/\/formar.shop\/cs\/?s={search_term_string}"},"query-input":{"@type":"PropertyValueSpecification","valueRequired":true,"valueName":"search_term_string"}}],"inLanguage":"cs"}]}},"_links":{"self":[{"href":"https:\/\/formar.shop\/cs\/wp-json\/wp\/v2\/pages\/43132","targetHints":{"allow":["GET"]}}],"collection":[{"href":"https:\/\/formar.shop\/cs\/wp-json\/wp\/v2\/pages"}],"about":[{"href":"https:\/\/formar.shop\/cs\/wp-json\/wp\/v2\/types\/page"}],"author":[{"embeddable":true,"href":"https:\/\/formar.shop\/cs\/wp-json\/wp\/v2\/users\/1"}],"replies":[{"embeddable":true,"href":"https:\/\/formar.shop\/cs\/wp-json\/wp\/v2\/comments?post=43132"}],"version-history":[{"count":1,"href":"https:\/\/formar.shop\/cs\/wp-json\/wp\/v2\/pages\/43132\/revisions"}],"predecessor-version":[{"id":43134,"href":"https:\/\/formar.shop\/cs\/wp-json\/wp\/v2\/pages\/43132\/revisions\/43134"}],"wp:attachment":[{"href":"https:\/\/formar.shop\/cs\/wp-json\/wp\/v2\/media?parent=43132"}],"curies":[{"name":"wp","href":"https:\/\/api.w.org\/{rel}","templated":true}]}}