{"id":42471,"date":"2025-01-18T15:45:17","date_gmt":"2025-01-18T14:45:17","guid":{"rendered":"https:\/\/formar.shop\/sledovani-objednavek\/"},"modified":"2025-01-18T15:45:18","modified_gmt":"2025-01-18T14:45:18","slug":"sledovani-objednavek","status":"publish","type":"page","link":"https:\/\/formar.shop\/cs\/sledovani-objednavek\/","title":{"rendered":"Sledov\u00e1n\u00ed objedn\u00e1vek"},"content":{"rendered":"\n[vc_row][vc_column]<div class=\"woocommerce\"><\/div>[\/vc_column][\/vc_row]\n","protected":false},"excerpt":{"rendered":"[vc_row][vc_column][\/vc_column][\/vc_row]\n","protected":false},"author":1,"featured_media":0,"parent":0,"menu_order":0,"comment_status":"closed","ping_status":"closed","template":"","meta":{"_joinchat":[],"footnotes":""},"class_list":["post-42471","page","type-page","status-publish","hentry"],"yoast_head":"<!-- This site is optimized with the Yoast SEO plugin v27.3 - https:\/\/yoast.com\/product\/yoast-seo-wordpress\/ -->\n<title>Sledov\u00e1n\u00ed objedn\u00e1vek - Formar.shop<\/title>\n<meta name=\"robots\" content=\"index, follow, max-snippet:-1, max-image-preview:large, max-video-preview:-1\" \/>\n<link rel=\"canonical\" href=\"https:\/\/formar.shop\/cs\/sledovani-objednavek\/\" \/>\n<script type=\"application\/ld+json\" class=\"yoast-schema-graph\">{\"@context\":\"https:\\\/\\\/schema.org\",\"@graph\":[{\"@type\":\"WebPage\",\"@id\":\"https:\\\/\\\/formar.shop\\\/cs\\\/sledovani-objednavek\\\/\",\"url\":\"https:\\\/\\\/formar.shop\\\/cs\\\/sledovani-objednavek\\\/\",\"name\":\"Sledov\u00e1n\u00ed objedn\u00e1vek - Formar.shop\",\"isPartOf\":{\"@id\":\"https:\\\/\\\/formar.shop\\\/cs\\\/#website\"},\"datePublished\":\"2025-01-18T14:45:17+00:00\",\"dateModified\":\"2025-01-18T14:45:18+00:00\",\"breadcrumb\":{\"@id\":\"https:\\\/\\\/formar.shop\\\/cs\\\/sledovani-objednavek\\\/#breadcrumb\"},\"inLanguage\":\"cs\",\"potentialAction\":[{\"@type\":\"ReadAction\",\"target\":[\"https:\\\/\\\/formar.shop\\\/cs\\\/sledovani-objednavek\\\/\"]}]},{\"@type\":\"BreadcrumbList\",\"@id\":\"https:\\\/\\\/formar.shop\\\/cs\\\/sledovani-objednavek\\\/#breadcrumb\",\"itemListElement\":[{\"@type\":\"ListItem\",\"position\":1,\"name\":\"Home\",\"item\":\"https:\\\/\\\/formar.shop\\\/cs\\\/automaticky-navrh\\\/\"},{\"@type\":\"ListItem\",\"position\":2,\"name\":\"Sledov\u00e1n\u00ed objedn\u00e1vek\"}]},{\"@type\":\"WebSite\",\"@id\":\"https:\\\/\\\/formar.shop\\\/cs\\\/#website\",\"url\":\"https:\\\/\\\/formar.shop\\\/cs\\\/\",\"name\":\"Formar.shop\",\"description\":\"Soluzioni espresse con stile\",\"potentialAction\":[{\"@type\":\"SearchAction\",\"target\":{\"@type\":\"EntryPoint\",\"urlTemplate\":\"https:\\\/\\\/formar.shop\\\/cs\\\/?s={search_term_string}\"},\"query-input\":{\"@type\":\"PropertyValueSpecification\",\"valueRequired\":true,\"valueName\":\"search_term_string\"}}],\"inLanguage\":\"cs\"}]}<\/script>\n<!-- \/ Yoast SEO plugin. -->","yoast_head_json":{"title":"Sledov\u00e1n\u00ed objedn\u00e1vek - Formar.shop","robots":{"index":"index","follow":"follow","max-snippet":"max-snippet:-1","max-image-preview":"max-image-preview:large","max-video-preview":"max-video-preview:-1"},"canonical":"https:\/\/formar.shop\/cs\/sledovani-objednavek\/","schema":{"@context":"https:\/\/schema.org","@graph":[{"@type":"WebPage","@id":"https:\/\/formar.shop\/cs\/sledovani-objednavek\/","url":"https:\/\/formar.shop\/cs\/sledovani-objednavek\/","name":"Sledov\u00e1n\u00ed objedn\u00e1vek - Formar.shop","isPartOf":{"@id":"https:\/\/formar.shop\/cs\/#website"},"datePublished":"2025-01-18T14:45:17+00:00","dateModified":"2025-01-18T14:45:18+00:00","breadcrumb":{"@id":"https:\/\/formar.shop\/cs\/sledovani-objednavek\/#breadcrumb"},"inLanguage":"cs","potentialAction":[{"@type":"ReadAction","target":["https:\/\/formar.shop\/cs\/sledovani-objednavek\/"]}]},{"@type":"BreadcrumbList","@id":"https:\/\/formar.shop\/cs\/sledovani-objednavek\/#breadcrumb","itemListElement":[{"@type":"ListItem","position":1,"name":"Home","item":"https:\/\/formar.shop\/cs\/automaticky-navrh\/"},{"@type":"ListItem","position":2,"name":"Sledov\u00e1n\u00ed objedn\u00e1vek"}]},{"@type":"WebSite","@id":"https:\/\/formar.shop\/cs\/#website","url":"https:\/\/formar.shop\/cs\/","name":"Formar.shop","description":"Soluzioni espresse con stile","potentialAction":[{"@type":"SearchAction","target":{"@type":"EntryPoint","urlTemplate":"https:\/\/formar.shop\/cs\/?s={search_term_string}"},"query-input":{"@type":"PropertyValueSpecification","valueRequired":true,"valueName":"search_term_string"}}],"inLanguage":"cs"}]}},"_links":{"self":[{"href":"https:\/\/formar.shop\/cs\/wp-json\/wp\/v2\/pages\/42471","targetHints":{"allow":["GET"]}}],"collection":[{"href":"https:\/\/formar.shop\/cs\/wp-json\/wp\/v2\/pages"}],"about":[{"href":"https:\/\/formar.shop\/cs\/wp-json\/wp\/v2\/types\/page"}],"author":[{"embeddable":true,"href":"https:\/\/formar.shop\/cs\/wp-json\/wp\/v2\/users\/1"}],"replies":[{"embeddable":true,"href":"https:\/\/formar.shop\/cs\/wp-json\/wp\/v2\/comments?post=42471"}],"version-history":[{"count":1,"href":"https:\/\/formar.shop\/cs\/wp-json\/wp\/v2\/pages\/42471\/revisions"}],"predecessor-version":[{"id":42472,"href":"https:\/\/formar.shop\/cs\/wp-json\/wp\/v2\/pages\/42471\/revisions\/42472"}],"wp:attachment":[{"href":"https:\/\/formar.shop\/cs\/wp-json\/wp\/v2\/media?parent=42471"}],"curies":[{"name":"wp","href":"https:\/\/api.w.org\/{rel}","templated":true}]}}