{"id":42222,"date":"2025-01-18T15:41:42","date_gmt":"2025-01-18T14:41:42","guid":{"rendered":"https:\/\/formar.shop\/o-nas\/"},"modified":"2025-11-18T10:37:21","modified_gmt":"2025-11-18T09:37:21","slug":"o-nas","status":"publish","type":"page","link":"https:\/\/formar.shop\/cs\/o-nas\/","title":{"rendered":"O n\u00e1s"},"content":{"rendered":"\n<div class=\"row\"  id=\"row-1972083378\">\n\n\n\t<div id=\"col-1412353472\" class=\"col medium-11 small-12 large-12\"  >\n\t\t\t\t<div class=\"col-inner text-center\"  >\n\t\t\t\n\t\t\t\n\n\t<div id=\"text-2393277576\" class=\"text\">\n\t\t\n\n<h3><span style=\"font-size: 140%;\"><strong>KDO JSME<\/strong><\/span><\/h3>\n<p><strong data-start=\"181\" data-end=\"196\">Formar.shop<\/strong> je ofici\u00e1ln\u00ed e-shop spole\u010dnosti <strong data-start=\"225\" data-end=\"248\">Formar Contract Srl<\/strong>, italsk\u00e9 firmy se s\u00eddlem ve Falconara Marittima (AN) specializuj\u00edc\u00ed se na vybaven\u00ed kancel\u00e1\u0159\u00ed, profesion\u00e1ln\u00edch studi\u00ed, ve\u0159ejn\u00fdch prostor\u016f a contract projekt\u016f. V\u00edce ne\u017e 20 let p\u016fsob\u00edme s v\u00e1\u0161n\u00ed a odbornost\u00ed, abychom nab\u00eddli funk\u010dn\u00ed, trvanliv\u00e9 a modern\u011b designov\u00e9 \u0159e\u0161en\u00ed n\u00e1bytku. <\/p>\n<div>\n<p data-start=\"539\" data-end=\"752\">Na\u0161e spole\u010dnost vznikla ze zku\u0161enost\u00ed v oblasti contract projekt\u016f s c\u00edlem p\u0159in\u00e9st online tak\u00e9 kvalitu a spolehlivost, kter\u00fdmi se v\u017edy vyzna\u010dujeme v pr\u00e1ci s firmami, ve\u0159ejn\u00fdmi i soukrom\u00fdmi subjekty.<\/p>\n<hr data-start=\"754\" data-end=\"757\">\n<h2><strong>Co n\u00e1s odli\u0161uje<\/strong><\/h2>\n<p data-start=\"1250\" data-end=\"1366\"><strong data-start=\"1250\" data-end=\"1277\">Zku\u0161enosti a odbornost<\/strong>: dlouh\u00e1 historie v oblasti contract projekt\u016f, kter\u00e1 se prom\u00edt\u00e1 do spolehlivosti a profesionality.<\/p>\n<p data-start=\"1369\" data-end=\"1507\"><strong data-start=\"1369\" data-end=\"1388\">Pe\u010dliv\u011b vybran\u00fd katalog<\/strong>: pe\u010dliv\u011b vyb\u00edr\u00e1me nejlep\u0161\u00ed produkty pro profesion\u00e1ln\u00ed vybaven\u00ed, zam\u011b\u0159ujeme se na ergonomii, estetiku a trvanlivost.<\/p>\n<p data-start=\"1510\" data-end=\"1623\"><strong data-start=\"1510\" data-end=\"1539\">Personalizovan\u00e1 asistence<\/strong>: n\u00e1\u0161 t\u00fdm je v\u017edy k dispozici pro rady a podporu p\u0159ed i po prodeji.<\/p>\n<p data-start=\"1626\" data-end=\"1752\"><strong data-start=\"1626\" data-end=\"1643\">Multikan\u00e1lnost<\/strong>: krom\u011b webu formar.shop jsme p\u0159\u00edtomni i na hlavn\u00edch tr\u017ei\u0161t\u00edch se stejnou kvalitou a seri\u00f3znost\u00ed.<\/p>\n<p data-start=\"560\" data-end=\"744\">Prost\u0159ednictv\u00edm na\u0161eho online shopu poskytujeme \u0161irokou \u0161k\u00e1lu vybran\u00fdch produkt\u016f, spojujeme <strong data-start=\"665\" data-end=\"711\">technick\u00e9 zku\u0161enosti, v\u00e1\u0161e\u0148 pro design<\/strong> a <strong data-start=\"714\" data-end=\"743\">pozornost ke kvalit\u011b<\/strong>.<\/p>\n<hr data-start=\"746\" data-end=\"749\">\n<h2 data-start=\"751\" data-end=\"771\">Na\u0161e mise<\/h2>\n<p data-start=\"813\" data-end=\"902\"><strong>Produkty vysok\u00e9 kvality,<\/strong> jak pro profesion\u00e1ln\u00ed vybaven\u00ed, tak pro obytn\u00e9 prostory.<\/p>\n<p data-start=\"905\" data-end=\"1004\"><strong>Pe\u010dliv\u00fd a funk\u010dn\u00ed design,<\/strong> s v\u00fdb\u011brem zam\u011b\u0159en\u00fdm na pohodl\u00ed, ergonomii a styl.<\/p>\n<p data-start=\"1007\" data-end=\"1101\"><strong>Intuitivn\u00ed a bezpe\u010dn\u00fd n\u00e1kupn\u00ed z\u00e1\u017eitek,<\/strong> s rychlou a kompetentn\u00ed z\u00e1kaznickou podporou.<\/p>\n<p data-start=\"1104\" data-end=\"1180\"><strong>Rychl\u00e9 a bezplatn\u00e9 doru\u010den\u00ed,<\/strong> abychom efektivn\u011b uspokojili ka\u017edou pot\u0159ebu.<\/p>\n<hr data-start=\"1574\" data-end=\"1577\">\n<h2 data-start=\"1579\" data-end=\"1599\">Na\u0161e produkty<\/h2>\n<p data-start=\"1601\" data-end=\"1630\"><strong data-start=\"1634\" data-end=\"1656\">Kancel\u00e1\u0159sk\u00fd n\u00e1bytek<\/strong>: stoly, sedadla, sk\u0159\u00edn\u011b, z\u00e1suvkov\u00e9 kontejnery a jednac\u00ed stoly.<\/p>\n<p data-start=\"1720\" data-end=\"1809\"><strong data-start=\"1720\" data-end=\"1771\">\u0158e\u0161en\u00ed pro ve\u0159ejn\u00e9 instituce a contract prost\u0159ed\u00ed<\/strong>: lavice, knihovny, archivn\u00ed n\u00e1bytek.<\/p>\n<p data-start=\"1812\" data-end=\"1951\"><strong data-start=\"1812\" data-end=\"1839\">N\u00e1bytek do dom\u00e1cnosti<\/strong>: \u017eidle, stoly, dopl\u0148ky, knihovny a \u00fasporn\u00e1 \u0159e\u0161en\u00ed, v\u017edy s ohledem na design a prakti\u010dnost.<\/p>\n<hr data-start=\"1953\" data-end=\"1956\">\n<h2 data-start=\"1958\" data-end=\"1977\">Na\u0161i z\u00e1kazn\u00edci<\/h2>\n<p data-start=\"2005\" data-end=\"2031\">Firmy a profesion\u00e1lov\u00e9<\/p>\n<p data-start=\"2034\" data-end=\"2067\">Ve\u0159ejn\u00e9 instituce a spr\u00e1vy<\/p>\n<p data-start=\"2070\" data-end=\"2145\">Soukrom\u00e9 osoby hledaj\u00edc\u00ed modern\u00ed a funk\u010dn\u00ed \u0159e\u0161en\u00ed n\u00e1bytku pro domov<\/p>\n<hr data-start=\"2147\" data-end=\"2150\">\n<h2 data-start=\"2335\" data-end=\"2349\">Z\u00e1v\u011br<\/h2>\n<p data-start=\"2351\" data-end=\"2671\">Ve sv\u011bt\u011b, kter\u00fd se rychle m\u011bn\u00ed, v\u011b\u0159\u00edme, \u017ee kvalita a spolehlivost jsou nepostradateln\u00e9 hodnoty. S <strong data-start=\"2462\" data-end=\"2477\">Formar.shop<\/strong> nenab\u00edz\u00edme jen n\u00e1bytek, ale skute\u010dn\u00e1 <strong data-start=\"2523\" data-end=\"2564\">\u0159e\u0161en\u00ed pohody a funk\u010dnosti<\/strong> pro tvou ka\u017edodennost, a\u0165 u\u017e pl\u00e1nuje\u0161 novou kancel\u00e1\u0159 nebo chce\u0161 ud\u011blat sv\u016fj domov \u00fatuln\u011bj\u0161\u00edm. <\/p>\n<p data-start=\"2673\" data-end=\"2821\">Vybrat si Formar.shop znamen\u00e1 spolehnout se na solidn\u00edho, transparentn\u00edho a v\u00e1\u0161niv\u00e9ho partnera, kter\u00fd v\u017edy stav\u00ed lidi a jejich pot\u0159eby do st\u0159edu pozornosti.<\/p>\n<p data-start=\"2823\" data-end=\"2873\"><strong data-start=\"2823\" data-end=\"2873\">Formar.shop \u2013 Kde tv\u016fj prostor nab\u00fdv\u00e1 formy.<\/strong><\/p>\n<p> <\/p>\n<\/div>\n\t\t\n<style>\n#text-2393277576 {\n  text-align: left;\n}\n<\/style>\n\t<\/div>\n\t\n\n\t\t<\/div>\n\t\t\t\t\n<style>\n#col-1412353472 > .col-inner {\n  padding: 0px 0px 0px 0;\n}\n@media (min-width:550px) {\n  #col-1412353472 > .col-inner {\n    padding: 0px 0px 0px 0px;\n  }\n}\n<\/style>\n\t<\/div>\n\n\t\n\n\t<div id=\"col-1893017711\" class=\"col medium-12 small-12 large-12\"  >\n\t\t\t\t<div class=\"col-inner\"  >\n\t\t\t\n\t\t\t\n\n\n  <div class=\"banner has-hover\" id=\"banner-132927993\">\n          <div class=\"banner-inner fill\">\n        <div class=\"banner-bg fill\" >\n            <img loading=\"lazy\" decoding=\"async\" width=\"1600\" height=\"1200\" src=\"https:\/\/static.formar.net\/wp-content\/uploads\/sites\/1\/2024\/07\/02110352\/Universal-Color-Mobile-420_AMBENTATA_4.jpg\" class=\"bg attachment-original size-original\" alt=\"\" \/>                                    \n                    <\/div>\n\t\t\n        <div class=\"banner-layers container\">\n            <div class=\"fill banner-link\"><\/div>            \n\n   <div id=\"text-box-608987087\" class=\"text-box banner-layer x50 md-x50 lg-x50 y50 md-y50 lg-y50 res-text\">\n                                <div class=\"text-box-content text dark\">\n              \n              <div class=\"text-inner text-center\">\n                  \n\n\n              <\/div>\n           <\/div>\n                            \n<style>\n#text-box-608987087 {\n  width: 60%;\n}\n#text-box-608987087 .text-box-content {\n  font-size: 100%;\n}\n@media (min-width:550px) {\n  #text-box-608987087 {\n    width: 60%;\n  }\n}\n<\/style>\n    <\/div>\n \n\n        <\/div>\n      <\/div>\n\n            \n<style>\n#banner-132927993 {\n  padding-top: 300px;\n  background-color: rgb(255, 255, 255);\n}\n#banner-132927993 .banner-bg img {\n  object-position: 52% 77%;\n}\n@media (min-width:550px) {\n  #banner-132927993 {\n    padding-top: 500px;\n  }\n}\n@media (min-width:850px) {\n  #banner-132927993 {\n    padding-top: 570px;\n  }\n}\n<\/style>\n  <\/div>\n\n\n\n\t\t<\/div>\n\t\t\t\t\n<style>\n#col-1893017711 > .col-inner {\n  margin: -100px 0px 0px 0px;\n}\n@media (min-width:550px) {\n  #col-1893017711 > .col-inner {\n    margin: -150px 0px 0px 0px;\n  }\n}\n@media (min-width:850px) {\n  #col-1893017711 > .col-inner {\n    margin: 0px 0px 0px 0px;\n  }\n}\n<\/style>\n\t<\/div>\n\n\t\n\n<\/div>\n<div class=\"is-divider divider clearfix\" style=\"max-width:1000px;\"><\/div>\n\n\n","protected":false},"excerpt":{"rendered":"","protected":false},"author":5,"featured_media":0,"parent":0,"menu_order":0,"comment_status":"closed","ping_status":"closed","template":"","meta":{"_joinchat":[],"footnotes":""},"class_list":["post-42222","page","type-page","status-publish","hentry"],"yoast_head":"<!-- This site is optimized with the Yoast SEO plugin v27.3 - https:\/\/yoast.com\/product\/yoast-seo-wordpress\/ -->\n<title>O n\u00e1s - Formar.shop<\/title>\n<meta name=\"robots\" content=\"index, follow, max-snippet:-1, max-image-preview:large, max-video-preview:-1\" \/>\n<link rel=\"canonical\" href=\"https:\/\/formar.shop\/cs\/o-nas\/\" \/>\n<script type=\"application\/ld+json\" class=\"yoast-schema-graph\">{\"@context\":\"https:\\\/\\\/schema.org\",\"@graph\":[{\"@type\":\"WebPage\",\"@id\":\"https:\\\/\\\/formar.shop\\\/cs\\\/o-nas\\\/\",\"url\":\"https:\\\/\\\/formar.shop\\\/cs\\\/o-nas\\\/\",\"name\":\"O n\u00e1s - Formar.shop\",\"isPartOf\":{\"@id\":\"https:\\\/\\\/formar.shop\\\/cs\\\/#website\"},\"datePublished\":\"2025-01-18T14:41:42+00:00\",\"dateModified\":\"2025-11-18T09:37:21+00:00\",\"breadcrumb\":{\"@id\":\"https:\\\/\\\/formar.shop\\\/cs\\\/o-nas\\\/#breadcrumb\"},\"inLanguage\":\"cs\",\"potentialAction\":[{\"@type\":\"ReadAction\",\"target\":[\"https:\\\/\\\/formar.shop\\\/cs\\\/o-nas\\\/\"]}]},{\"@type\":\"BreadcrumbList\",\"@id\":\"https:\\\/\\\/formar.shop\\\/cs\\\/o-nas\\\/#breadcrumb\",\"itemListElement\":[{\"@type\":\"ListItem\",\"position\":1,\"name\":\"Home\",\"item\":\"https:\\\/\\\/formar.shop\\\/cs\\\/automaticky-navrh\\\/\"},{\"@type\":\"ListItem\",\"position\":2,\"name\":\"O n\u00e1s\"}]},{\"@type\":\"WebSite\",\"@id\":\"https:\\\/\\\/formar.shop\\\/cs\\\/#website\",\"url\":\"https:\\\/\\\/formar.shop\\\/cs\\\/\",\"name\":\"Formar.shop\",\"description\":\"Soluzioni espresse con stile\",\"potentialAction\":[{\"@type\":\"SearchAction\",\"target\":{\"@type\":\"EntryPoint\",\"urlTemplate\":\"https:\\\/\\\/formar.shop\\\/cs\\\/?s={search_term_string}\"},\"query-input\":{\"@type\":\"PropertyValueSpecification\",\"valueRequired\":true,\"valueName\":\"search_term_string\"}}],\"inLanguage\":\"cs\"}]}<\/script>\n<!-- \/ Yoast SEO plugin. -->","yoast_head_json":{"title":"O n\u00e1s - Formar.shop","robots":{"index":"index","follow":"follow","max-snippet":"max-snippet:-1","max-image-preview":"max-image-preview:large","max-video-preview":"max-video-preview:-1"},"canonical":"https:\/\/formar.shop\/cs\/o-nas\/","schema":{"@context":"https:\/\/schema.org","@graph":[{"@type":"WebPage","@id":"https:\/\/formar.shop\/cs\/o-nas\/","url":"https:\/\/formar.shop\/cs\/o-nas\/","name":"O n\u00e1s - Formar.shop","isPartOf":{"@id":"https:\/\/formar.shop\/cs\/#website"},"datePublished":"2025-01-18T14:41:42+00:00","dateModified":"2025-11-18T09:37:21+00:00","breadcrumb":{"@id":"https:\/\/formar.shop\/cs\/o-nas\/#breadcrumb"},"inLanguage":"cs","potentialAction":[{"@type":"ReadAction","target":["https:\/\/formar.shop\/cs\/o-nas\/"]}]},{"@type":"BreadcrumbList","@id":"https:\/\/formar.shop\/cs\/o-nas\/#breadcrumb","itemListElement":[{"@type":"ListItem","position":1,"name":"Home","item":"https:\/\/formar.shop\/cs\/automaticky-navrh\/"},{"@type":"ListItem","position":2,"name":"O n\u00e1s"}]},{"@type":"WebSite","@id":"https:\/\/formar.shop\/cs\/#website","url":"https:\/\/formar.shop\/cs\/","name":"Formar.shop","description":"Soluzioni espresse con stile","potentialAction":[{"@type":"SearchAction","target":{"@type":"EntryPoint","urlTemplate":"https:\/\/formar.shop\/cs\/?s={search_term_string}"},"query-input":{"@type":"PropertyValueSpecification","valueRequired":true,"valueName":"search_term_string"}}],"inLanguage":"cs"}]}},"_links":{"self":[{"href":"https:\/\/formar.shop\/cs\/wp-json\/wp\/v2\/pages\/42222","targetHints":{"allow":["GET"]}}],"collection":[{"href":"https:\/\/formar.shop\/cs\/wp-json\/wp\/v2\/pages"}],"about":[{"href":"https:\/\/formar.shop\/cs\/wp-json\/wp\/v2\/types\/page"}],"author":[{"embeddable":true,"href":"https:\/\/formar.shop\/cs\/wp-json\/wp\/v2\/users\/5"}],"replies":[{"embeddable":true,"href":"https:\/\/formar.shop\/cs\/wp-json\/wp\/v2\/comments?post=42222"}],"version-history":[{"count":9,"href":"https:\/\/formar.shop\/cs\/wp-json\/wp\/v2\/pages\/42222\/revisions"}],"predecessor-version":[{"id":61805,"href":"https:\/\/formar.shop\/cs\/wp-json\/wp\/v2\/pages\/42222\/revisions\/61805"}],"wp:attachment":[{"href":"https:\/\/formar.shop\/cs\/wp-json\/wp\/v2\/media?parent=42222"}],"curies":[{"name":"wp","href":"https:\/\/api.w.org\/{rel}","templated":true}]}}