{"id":42185,"date":"2025-01-18T15:41:35","date_gmt":"2025-01-18T14:41:35","guid":{"rendered":"https:\/\/formar.shop\/odkazy\/"},"modified":"2025-01-18T15:41:42","modified_gmt":"2025-01-18T14:41:42","slug":"odkazy","status":"publish","type":"page","link":"https:\/\/formar.shop\/cs\/o-nas\/odkazy\/","title":{"rendered":"Odkazy"},"content":{"rendered":"\n[av_section min_height=&#8220;&#8220; min_height_px=&#8220;500px&#8220; padding=&#8220;default&#8220; shadow=&#8220;no-border-styling&#8220; bottom_border=&#8220;no-border-styling&#8220; bottom_border_diagonal_color=&#8220;#333333&#8243; bottom_border_diagonal_direction=&#8220;&#8220; bottom_border_style=&#8220;&#8220; custom_arrow_bg=&#8220;&#8220; id=&#8220;&#8220; color=&#8220;main_color&#8220; background=&#8220;bg_color&#8220; custom_bg=&#8220;#ffffff&#8220; background_gradient_color1=&#8220;&#8220; background_gradient_color2=&#8220;&#8220; background_gradient_direction=&#8220;vertical&#8220; src=&#8220;&#8220; attachment=&#8220;&#8220; attachment_size=&#8220;&#8220; attach=&#8220;scroll&#8220; position=&#8220;top left&#8220; repeat=&#8220;no-repeat&#8220; video=&#8220;&#8220; video_ratio=&#8220;16:9&#8243; overlay_opacity=&#8220;0.5&#8243; overlay_color=&#8220;&#8220; overlay_pattern=&#8220;&#8220; overlay_custom_pattern=&#8220;&#8220; av_element_hidden_in_editor=&#8220;0&#8243; av_uid=&#8220;av-jj21ix0a&#8220; custom_class=&#8220;&#8220;]\n\n[av_heading heading=&#8220;Referenze&#8220; tag=&#8220;h3&#8243; link_apply=&#8220;&#8220; link=&#8220;&#8220; link_target=&#8220;&#8220; style=&#8220;blockquote modern-quote modern-centered&#8220; size=&#8220;60&#8243; subheading_active=&#8220;&#8220; subheading_size=&#8220;15&#8243; margin=&#8220;&#8220; padding=&#8220;0&#8243; color=&#8220;&#8220; custom_font=&#8220;&#8220; custom_class=&#8220;&#8220; admin_preview_bg=&#8220;&#8220; av-desktop-hide=&#8220;&#8220; av-medium-hide=&#8220;&#8220; av-small-hide=&#8220;&#8220; av-mini-hide=&#8220;&#8220; av-medium-font-size-title=&#8220;&#8220; av-small-font-size-title=&#8220;&#8220; av-mini-font-size-title=&#8220;&#8220; av-medium-font-size=&#8220;&#8220; av-small-font-size=&#8220;&#8220; av-mini-font-size=&#8220;&#8220;]\nPoznejte l\u00e9pe\n[\/av_heading]\n\n[av_hr class=&#8220;custom&#8220; height=&#8220;50&#8243; shadow=&#8220;no-shadow&#8220; position=&#8220;center&#8220; custom_border=&#8220;av-border-fat&#8220; custom_width=&#8220;100px&#8220; custom_border_color=&#8220;#fab300&#8243; custom_margin_top=&#8220;0px&#8220; custom_margin_bottom=&#8220;30px&#8220; icon_select=&#8220;no&#8220; custom_icon_color=&#8220;&#8220; icon=&#8220;ue808&#8243; font=&#8220;entypo-fontello&#8220; av_uid=&#8220;av-jj21opc3&#8243; custom_class=&#8220;&#8220; admin_preview_bg=&#8220;&#8220;]\n\n[av_two_fifth first min_height=&#8220;av-equal-height-column&#8220; vertical_alignment=&#8220;av-align-top&#8220; space=&#8220;&#8220; margin=&#8220;0px&#8220; margin_sync=&#8220;true&#8220; row_boxshadow_color=&#8220;&#8220; row_boxshadow_width=&#8220;10&#8243; link=&#8220;&#8220; linktarget=&#8220;&#8220; link_hover=&#8220;&#8220; padding=&#8220;0px&#8220; padding_sync=&#8220;true&#8220; highlight_size=&#8220;1.1&#8243; border=&#8220;&#8220; border_color=&#8220;&#8220; radius=&#8220;0px&#8220; radius_sync=&#8220;true&#8220; column_boxshadow_color=&#8220;&#8220; column_boxshadow_width=&#8220;10&#8243; background=&#8220;bg_color&#8220; background_color=&#8220;&#8220; background_gradient_color1=&#8220;&#8220; background_gradient_color2=&#8220;&#8220; background_gradient_direction=&#8220;vertical&#8220; src=&#8220;https:\/\/formar-contract.it\/wp-content\/uploads\/2018\/06\/cit2.png&#8220; attachment=&#8220;3300&#8243; attachment_size=&#8220;full&#8220; background_position=&#8220;bottom right&#8220; background_repeat=&#8220;no-repeat&#8220; animation=&#8220;&#8220; mobile_breaking=&#8220;av-break-at-tablet&#8220; mobile_display=&#8220;&#8220; av_uid=&#8220;av-5g7wdb&#8220; custom_class=&#8220;&#8220;]\n\n[av_heading heading=&#8220;La nostra squadra ha seguito le seguenti realt\u00e0, afferenti al settore privato e pubblico, e ha potuto realizzare per loro spazi di lavoro.&#8220; tag=&#8220;h3&#8243; link_apply=&#8220;&#8220; link=&#8220;&#8220; link_target=&#8220;&#8220; style=&#8220;blockquote modern-quote&#8220; size=&#8220;36&#8243; subheading_active=&#8220;&#8220; subheading_size=&#8220;15&#8243; margin=&#8220;&#8220; padding=&#8220;0&#8243; color=&#8220;&#8220; custom_font=&#8220;&#8220; custom_class=&#8220;&#8220; admin_preview_bg=&#8220;&#8220; av-desktop-hide=&#8220;&#8220; av-medium-hide=&#8220;&#8220; av-small-hide=&#8220;&#8220; av-mini-hide=&#8220;&#8220; av-medium-font-size-title=&#8220;&#8220; av-small-font-size-title=&#8220;&#8220; av-mini-font-size-title=&#8220;&#8220; av-medium-font-size=&#8220;&#8220; av-small-font-size=&#8220;&#8220; av-mini-font-size=&#8220;&#8220;][\/av_heading]\n\n[\/av_two_fifth][av_three_fifth min_height=&#8220;av-equal-height-column&#8220; vertical_alignment=&#8220;av-align-top&#8220; space=&#8220;&#8220; margin=&#8220;0px&#8220; margin_sync=&#8220;true&#8220; row_boxshadow_color=&#8220;&#8220; row_boxshadow_width=&#8220;10&#8243; link=&#8220;&#8220; linktarget=&#8220;&#8220; link_hover=&#8220;&#8220; padding=&#8220;0px&#8220; padding_sync=&#8220;true&#8220; highlight_size=&#8220;1.1&#8243; border=&#8220;&#8220; border_color=&#8220;&#8220; radius=&#8220;0px&#8220; radius_sync=&#8220;true&#8220; column_boxshadow_color=&#8220;&#8220; column_boxshadow_width=&#8220;10&#8243; background=&#8220;bg_color&#8220; background_color=&#8220;&#8220; background_gradient_color1=&#8220;&#8220; background_gradient_color2=&#8220;&#8220; background_gradient_direction=&#8220;vertical&#8220; src=&#8220;&#8220; attachment=&#8220;&#8220; attachment_size=&#8220;&#8220; background_position=&#8220;top left&#8220; background_repeat=&#8220;no-repeat&#8220; animation=&#8220;right-to-left&#8220; mobile_breaking=&#8220;&#8220; mobile_display=&#8220;&#8220; av_uid=&#8220;av-3zzjgv&#8220; custom_class=&#8220;referenze&#8220;]\n\n[av_postslider link=&#8220;category,203&#8243; wc_prod_visible=&#8220;&#8220; prod_order_by=&#8220;&#8220; prod_order=&#8220;&#8220; columns=&#8220;2&#8243; items=&#8220;-1&#8243; offset=&#8220;0&#8243; contents=&#8220;title_read_more&#8220; preview_mode=&#8220;custom&#8220; image_size=&#8220;gallery&#8220; autoplay=&#8220;yes&#8220; interval=&#8220;7&#8243; av_uid=&#8220;av-jshjr3el&#8220; custom_class=&#8220;&#8220;]\n\n[\/av_three_fifth][\/av_section][av_section min_height=&#8220;&#8220; min_height_px=&#8220;500px&#8220; padding=&#8220;huge&#8220; shadow=&#8220;shadow&#8220; bottom_border=&#8220;no-border-styling&#8220; bottom_border_diagonal_color=&#8220;#333333&#8243; bottom_border_diagonal_direction=&#8220;&#8220; bottom_border_style=&#8220;&#8220; custom_arrow_bg=&#8220;&#8220; id=&#8220;&#8220; color=&#8220;main_color&#8220; background=&#8220;bg_color&#8220; custom_bg=&#8220;&#8220; background_gradient_color1=&#8220;&#8220; background_gradient_color2=&#8220;&#8220; background_gradient_direction=&#8220;vertical&#8220; src=&#8220;https:\/\/formar-contract.it\/wp-content\/uploads\/2018\/07\/formar-contact-chi-siamo.jpg&#8220; attachment=&#8220;3364&#8243; attachment_size=&#8220;full&#8220; attach=&#8220;parallax&#8220; position=&#8220;center center&#8220; repeat=&#8220;no-repeat&#8220; video=&#8220;&#8220; video_ratio=&#8220;16:9&#8243; overlay_enable=&#8220;aviaTBoverlay_enable&#8220; overlay_opacity=&#8220;0.4&#8243; overlay_color=&#8220;#ffffff&#8220; overlay_pattern=&#8220;&#8220; overlay_custom_pattern=&#8220;&#8220; av_element_hidden_in_editor=&#8220;0&#8243; av_uid=&#8220;av-jj19wtow&#8220; custom_class=&#8220;clienti&#8220;]\n[av_heading tag=&#8220;h3&#8243; padding=&#8220;0&#8243; heading=&#8220;Clienti&#8220; color=&#8220;&#8220; style=&#8220;blockquote modern-quote modern-centered&#8220; custom_font=&#8220;&#8220; size=&#8220;60&#8243; subheading_active=&#8220;&#8220; subheading_size=&#8220;15&#8243; custom_class=&#8220;&#8220; admin_preview_bg=&#8220;&#8220; av-desktop-hide=&#8220;&#8220; av-medium-hide=&#8220;&#8220; av-small-hide=&#8220;&#8220; av-mini-hide=&#8220;&#8220; av-medium-font-size-title=&#8220;&#8220; av-small-font-size-title=&#8220;&#8220; av-mini-font-size-title=&#8220;&#8220; av-medium-font-size=&#8220;&#8220; av-small-font-size=&#8220;&#8220; av-mini-font-size=&#8220;&#8220; margin=&#8220;&#8220; av_uid=&#8220;av-1ydxs4&#8243;]\nPoznejte l\u00e9pe\n[\/av_heading]\n\n[av_hr class=&#8220;custom&#8220; height=&#8220;50&#8243; shadow=&#8220;no-shadow&#8220; position=&#8220;center&#8220; custom_border=&#8220;av-border-fat&#8220; custom_width=&#8220;100px&#8220; custom_border_color=&#8220;#fab300&#8243; custom_margin_top=&#8220;0px&#8220; custom_margin_bottom=&#8220;30px&#8220; icon_select=&#8220;no&#8220; custom_icon_color=&#8220;&#8220; icon=&#8220;ue808&#8243; font=&#8220;entypo-fontello&#8220; av_uid=&#8220;av-jj21opc3&#8243; custom_class=&#8220;&#8220; admin_preview_bg=&#8220;&#8220;]\n\n[av_portfolio categories=&#8220;148&#8243; columns=&#8220;5&#8243; one_column_template=&#8220;special&#8220; items=&#8220;5&#8243; contents=&#8220;title&#8220; preview_mode=&#8220;custom&#8220; image_size=&#8220;no scaling&#8220; linking=&#8220;ajax&#8220; sort=&#8220;no&#8220; paginate=&#8220;no&#8220; query_orderby=&#8220;date&#8220; query_order=&#8220;ASC&#8220; av-medium-columns=&#8220;&#8220; av-small-columns=&#8220;&#8220; av-mini-columns=&#8220;&#8220; av_uid=&#8220;av-jj2sxdh1&#8243; custom_class=&#8220;&#8220;]\n[\/av_section]\n\n[av_section min_height=&#8220;&#8220; min_height_px=&#8220;500px&#8220; padding=&#8220;default&#8220; shadow=&#8220;no-border-styling&#8220; bottom_border=&#8220;no-border-styling&#8220; bottom_border_diagonal_color=&#8220;#333333&#8243; bottom_border_diagonal_direction=&#8220;&#8220; bottom_border_style=&#8220;&#8220; custom_arrow_bg=&#8220;&#8220; id=&#8220;&#8220; color=&#8220;main_color&#8220; background=&#8220;bg_gradient&#8220; custom_bg=&#8220;&#8220; background_gradient_color1=&#8220;#fab300&#8243; background_gradient_color2=&#8220;#f7c100&#8243; background_gradient_direction=&#8220;diagonal_tb&#8220; src=&#8220;&#8220; attachment=&#8220;&#8220; attachment_size=&#8220;&#8220; attach=&#8220;scroll&#8220; position=&#8220;top left&#8220; repeat=&#8220;no-repeat&#8220; video=&#8220;&#8220; video_ratio=&#8220;16:9&#8243; overlay_opacity=&#8220;0.5&#8243; overlay_color=&#8220;&#8220; overlay_pattern=&#8220;&#8220; overlay_custom_pattern=&#8220;&#8220; av_element_hidden_in_editor=&#8220;0&#8243; av_uid=&#8220;av-97digt&#8220; custom_class=&#8220;&#8220;]\n[av_one_fifth first min_height=&#8220;av-equal-height-column&#8220; vertical_alignment=&#8220;av-align-middle&#8220; space=&#8220;no_margin&#8220; margin=&#8220;0px&#8220; margin_sync=&#8220;true&#8220; link=&#8220;&#8220; linktarget=&#8220;&#8220; link_hover=&#8220;&#8220; padding=&#8220;0px&#8220; padding_sync=&#8220;true&#8220; border=&#8220;&#8220; border_color=&#8220;&#8220; radius=&#8220;0px&#8220; radius_sync=&#8220;true&#8220; background=&#8220;bg_color&#8220; background_color=&#8220;&#8220; background_gradient_color1=&#8220;&#8220; background_gradient_color2=&#8220;&#8220; background_gradient_direction=&#8220;vertical&#8220; src=&#8220;&#8220; attachment=&#8220;&#8220; attachment_size=&#8220;&#8220; background_position=&#8220;top left&#8220; background_repeat=&#8220;no-repeat&#8220; animation=&#8220;&#8220; mobile_breaking=&#8220;&#8220; mobile_display=&#8220;&#8220; av_uid=&#8220;av-86lkfh&#8220; custom_class=&#8220;&#8220;]\n\n[av_font_icon icon=&#8220;ue854&#8243; font=&#8220;entypo-fontello&#8220; style=&#8220;border&#8220; caption=&#8220;&#8220; link=&#8220;page,3516&#8243; linktarget=&#8220;&#8220; size=&#8220;60px&#8220; position=&#8220;center&#8220; color=&#8220;#ffffff&#8220; av_uid=&#8220;av-jj23v1yv&#8220; custom_class=&#8220;&#8220; admin_preview_bg=&#8220;&#8220;][\/av_font_icon]\n\n[\/av_one_fifth][av_three_fifth min_height=&#8220;&#8220; vertical_alignment=&#8220;av-align-top&#8220; space=&#8220;&#8220; margin=&#8220;0px&#8220; margin_sync=&#8220;true&#8220; link=&#8220;&#8220; linktarget=&#8220;&#8220; link_hover=&#8220;&#8220; padding=&#8220;0px,20px,0px,0px&#8220; border=&#8220;&#8220; border_color=&#8220;&#8220; radius=&#8220;0px&#8220; radius_sync=&#8220;true&#8220; background=&#8220;bg_color&#8220; background_color=&#8220;&#8220; background_gradient_color1=&#8220;&#8220; background_gradient_color2=&#8220;&#8220; background_gradient_direction=&#8220;vertical&#8220; src=&#8220;&#8220; attachment=&#8220;&#8220; attachment_size=&#8220;&#8220; background_position=&#8220;top left&#8220; background_repeat=&#8220;no-repeat&#8220; animation=&#8220;&#8220; mobile_breaking=&#8220;&#8220; mobile_display=&#8220;&#8220; av_uid=&#8220;av-69i7od&#8220; custom_class=&#8220;&#8220;]\n\n[av_heading tag=&#8220;h3&#8243; padding=&#8220;0&#8243; heading=&#8220;Contattaci&#8220; color=&#8220;custom-color-heading&#8220; style=&#8220;blockquote modern-quote&#8220; custom_font=&#8220;#020202&#8243; size=&#8220;28&#8243; subheading_active=&#8220;&#8220; subheading_size=&#8220;15&#8243; custom_class=&#8220;&#8220; admin_preview_bg=&#8220;&#8220; av-desktop-hide=&#8220;&#8220; av-medium-hide=&#8220;&#8220; av-small-hide=&#8220;&#8220; av-mini-hide=&#8220;&#8220; av-medium-font-size-title=&#8220;&#8220; av-small-font-size-title=&#8220;&#8220; av-mini-font-size-title=&#8220;&#8220; av-medium-font-size=&#8220;&#8220; av-small-font-size=&#8220;&#8220; av-mini-font-size=&#8220;&#8220; margin=&#8220;&#8220; av_uid=&#8220;av-22loqs&#8220;]\nFormar Contract je tak\u00e9\n[\/av_heading]\n\n[av_textblock size=&#8220;17&#8243; font_color=&#8220;custom&#8220; color=&#8220;#020202&#8243; av-medium-font-size=&#8220;&#8220; av-small-font-size=&#8220;&#8220; av-mini-font-size=&#8220;&#8220; av_uid=&#8220;av-jj23wau4&#8243; custom_class=&#8220;&#8220; admin_preview_bg=&#8220;&#8220;]\n<strong>N\u00e1\u0161 z\u00e1kaznick\u00fd servis je v\u00e1m k dispozici.  <\/strong>Pro jak\u00e9koli informace nebo \u017e\u00e1dost o cenovou nab\u00eddku n\u00e1s nev\u00e1hejte kontaktovat! Na\u0161i odborn\u00edci v\u00e1m zodpov\u00ed va\u0161e dotazy t\u00fdkaj\u00edc\u00ed se na\u0161ich slu\u017eeb: n\u00e1vrh, realizace, dod\u00e1vka a mont\u00e1\u017e kancel\u00e1\u0159sk\u00e9ho n\u00e1bytku. \n[\/av_textblock]\n\n[\/av_three_fifth][av_one_fifth min_height=&#8220;&#8220; vertical_alignment=&#8220;&#8220; space=&#8220;&#8220; custom_margin=&#8220;&#8220; margin=&#8220;0px&#8220; link=&#8220;&#8220; linktarget=&#8220;&#8220; link_hover=&#8220;&#8220; padding=&#8220;0px&#8220; border=&#8220;&#8220; border_color=&#8220;&#8220; radius=&#8220;0px&#8220; background=&#8220;bg_color&#8220; background_color=&#8220;&#8220; background_gradient_color1=&#8220;&#8220; background_gradient_color2=&#8220;&#8220; background_gradient_direction=&#8220;vertical&#8220; src=&#8220;&#8220; background_position=&#8220;top left&#8220; background_repeat=&#8220;no-repeat&#8220; animation=&#8220;&#8220; mobile_breaking=&#8220;&#8220; mobile_display=&#8220;&#8220; av_uid=&#8220;av-4qrmbh&#8220;]\n\n[av_button_big label=&#8220;WRITE&#8220; description_pos=&#8220;below&#8220; link=&#8220;page,3516&#8243; link_target=&#8220;&#8220; icon_select=&#8220;yes-left-icon&#8220; icon=&#8220;ue805&#8243; font=&#8220;entypo-fontello&#8220; custom_font=&#8220;&#8220; color=&#8220;theme-color-subtle&#8220; custom_bg=&#8220;#444444&#8243; color_hover=&#8220;theme-color-subtle&#8220; custom_bg_hover=&#8220;#444444&#8243; av_uid=&#8220;av-2p4q7x&#8220; custom_class=&#8220;&#8220; admin_preview_bg=&#8220;&#8220;][\/av_button_big]\n\n[av_hr class=&#8220;invisible&#8220; height=&#8220;20&#8243; shadow=&#8220;no-shadow&#8220; position=&#8220;center&#8220; custom_border=&#8220;av-border-thin&#8220; custom_width=&#8220;50px&#8220; custom_border_color=&#8220;&#8220; custom_margin_top=&#8220;30px&#8220; custom_margin_bottom=&#8220;30px&#8220; icon_select=&#8220;yes&#8220; custom_icon_color=&#8220;&#8220; icon=&#8220;ue808&#8243; font=&#8220;entypo-fontello&#8220; av_uid=&#8220;av-jj24q137&#8243; custom_class=&#8220;&#8220; admin_preview_bg=&#8220;&#8220;]\n\n[av_button_big label=&#8220;ZAVOLEJTE N\u00c1M&#8220; description_pos=&#8220;below&#8220; link=&#8220;manually,tel:+390715906063&#8243; link_target=&#8220;_blank&#8220; icon_select=&#8220;yes-left-icon&#8220; icon=&#8220;ue854&#8243; font=&#8220;entypo-fontello&#8220; custom_font=&#8220;&#8220; color=&#8220;theme-color-subtle&#8220; custom_bg=&#8220;#444444&#8243; color_hover=&#8220;theme-color-subtle&#8220; custom_bg_hover=&#8220;#444444&#8243; av_uid=&#8220;av-2p4q7x&#8220; custom_class=&#8220;&#8220; admin_preview_bg=&#8220;&#8220;][\/av_button_big]\n\n[\/av_one_fifth]\n[\/av_section]\n","protected":false},"excerpt":{"rendered":"[av_section min_height=&#8220;&#8220; min_height_px=&#8220;500px&#8220; padding=&#8220;default&#8220; shadow=&#8220;no-border-styling&#8220; bottom_border=&#8220;no-border-styling&#8220; bottom_border_diagonal_color=&#8220;#333333&#8243; bottom_border_diagonal_direction=&#8220;&#8220; bottom_border_style=&#8220;&#8220; custom_arrow_bg=&#8220;&#8220; id=&#8220;&#8220; color=&#8220;main_color&#8220; background=&#8220;bg_color&#8220; custom_bg=&#8220;#ffffff&#8220; background_gradient_color1=&#8220;&#8220; background_gradient_color2=&#8220;&#8220; background_gradient_direction=&#8220;vertical&#8220; src=&#8220;&#8220; attachment=&#8220;&#8220; attachment_size=&#8220;&#8220; attach=&#8220;scroll&#8220; position=&#8220;top left&#8220; repeat=&#8220;no-repeat&#8220; video=&#8220;&#8220; video_ratio=&#8220;16:9&#8243; overlay_opacity=&#8220;0.5&#8243; overlay_color=&#8220;&#8220; overlay_pattern=&#8220;&#8220; overlay_custom_pattern=&#8220;&#8220; av_element_hidden_in_editor=&#8220;0&#8243; av_uid=&#8220;av-jj21ix0a&#8220; custom_class=&#8220;&#8220;] [av_heading heading=&#8220;Referenze&#8220; tag=&#8220;h3&#8243; link_apply=&#8220;&#8220; link=&#8220;&#8220; link_target=&#8220;&#8220; style=&#8220;blockquote modern-quote modern-centered&#8220; size=&#8220;60&#8243; subheading_active=&#8220;&#8220; subheading_size=&#8220;15&#8243; margin=&#8220;&#8220; padding=&#8220;0&#8243; color=&#8220;&#8220; custom_font=&#8220;&#8220; custom_class=&#8220;&#8220; admin_preview_bg=&#8220;&#8220; av-desktop-hide=&#8220;&#8220; av-medium-hide=&#8220;&#8220; av-small-hide=&#8220;&#8220; av-mini-hide=&#8220;&#8220; [&#8230;]\n","protected":false},"author":5,"featured_media":0,"parent":42222,"menu_order":0,"comment_status":"closed","ping_status":"closed","template":"","meta":{"_joinchat":[],"footnotes":""},"class_list":["post-42185","page","type-page","status-publish","hentry"],"yoast_head":"<!-- This site is optimized with the Yoast SEO plugin v27.4 - https:\/\/yoast.com\/product\/yoast-seo-wordpress\/ -->\n<title>Odkazy - Formar.shop<\/title>\n<meta name=\"robots\" content=\"index, follow, max-snippet:-1, max-image-preview:large, max-video-preview:-1\" \/>\n<link rel=\"canonical\" href=\"https:\/\/formar.shop\/cs\/o-nas\/odkazy\/\" \/>\n<script type=\"application\/ld+json\" class=\"yoast-schema-graph\">{\"@context\":\"https:\\\/\\\/schema.org\",\"@graph\":[{\"@type\":\"WebPage\",\"@id\":\"https:\\\/\\\/formar.shop\\\/cs\\\/o-nas\\\/odkazy\\\/\",\"url\":\"https:\\\/\\\/formar.shop\\\/cs\\\/o-nas\\\/odkazy\\\/\",\"name\":\"Odkazy - Formar.shop\",\"isPartOf\":{\"@id\":\"https:\\\/\\\/formar.shop\\\/cs\\\/#website\"},\"datePublished\":\"2025-01-18T14:41:35+00:00\",\"dateModified\":\"2025-01-18T14:41:42+00:00\",\"breadcrumb\":{\"@id\":\"https:\\\/\\\/formar.shop\\\/cs\\\/o-nas\\\/odkazy\\\/#breadcrumb\"},\"inLanguage\":\"cs\",\"potentialAction\":[{\"@type\":\"ReadAction\",\"target\":[\"https:\\\/\\\/formar.shop\\\/cs\\\/o-nas\\\/odkazy\\\/\"]}]},{\"@type\":\"BreadcrumbList\",\"@id\":\"https:\\\/\\\/formar.shop\\\/cs\\\/o-nas\\\/odkazy\\\/#breadcrumb\",\"itemListElement\":[{\"@type\":\"ListItem\",\"position\":1,\"name\":\"Home\",\"item\":\"https:\\\/\\\/formar.shop\\\/cs\\\/automaticky-navrh\\\/\"},{\"@type\":\"ListItem\",\"position\":2,\"name\":\"O n\u00e1s\",\"item\":\"https:\\\/\\\/formar.shop\\\/cs\\\/o-nas\\\/\"},{\"@type\":\"ListItem\",\"position\":3,\"name\":\"Odkazy\"}]},{\"@type\":\"WebSite\",\"@id\":\"https:\\\/\\\/formar.shop\\\/cs\\\/#website\",\"url\":\"https:\\\/\\\/formar.shop\\\/cs\\\/\",\"name\":\"Formar.shop\",\"description\":\"Soluzioni espresse con stile\",\"potentialAction\":[{\"@type\":\"SearchAction\",\"target\":{\"@type\":\"EntryPoint\",\"urlTemplate\":\"https:\\\/\\\/formar.shop\\\/cs\\\/?s={search_term_string}\"},\"query-input\":{\"@type\":\"PropertyValueSpecification\",\"valueRequired\":true,\"valueName\":\"search_term_string\"}}],\"inLanguage\":\"cs\"}]}<\/script>\n<!-- \/ Yoast SEO plugin. -->","yoast_head_json":{"title":"Odkazy - Formar.shop","robots":{"index":"index","follow":"follow","max-snippet":"max-snippet:-1","max-image-preview":"max-image-preview:large","max-video-preview":"max-video-preview:-1"},"canonical":"https:\/\/formar.shop\/cs\/o-nas\/odkazy\/","schema":{"@context":"https:\/\/schema.org","@graph":[{"@type":"WebPage","@id":"https:\/\/formar.shop\/cs\/o-nas\/odkazy\/","url":"https:\/\/formar.shop\/cs\/o-nas\/odkazy\/","name":"Odkazy - Formar.shop","isPartOf":{"@id":"https:\/\/formar.shop\/cs\/#website"},"datePublished":"2025-01-18T14:41:35+00:00","dateModified":"2025-01-18T14:41:42+00:00","breadcrumb":{"@id":"https:\/\/formar.shop\/cs\/o-nas\/odkazy\/#breadcrumb"},"inLanguage":"cs","potentialAction":[{"@type":"ReadAction","target":["https:\/\/formar.shop\/cs\/o-nas\/odkazy\/"]}]},{"@type":"BreadcrumbList","@id":"https:\/\/formar.shop\/cs\/o-nas\/odkazy\/#breadcrumb","itemListElement":[{"@type":"ListItem","position":1,"name":"Home","item":"https:\/\/formar.shop\/cs\/automaticky-navrh\/"},{"@type":"ListItem","position":2,"name":"O n\u00e1s","item":"https:\/\/formar.shop\/cs\/o-nas\/"},{"@type":"ListItem","position":3,"name":"Odkazy"}]},{"@type":"WebSite","@id":"https:\/\/formar.shop\/cs\/#website","url":"https:\/\/formar.shop\/cs\/","name":"Formar.shop","description":"Soluzioni espresse con stile","potentialAction":[{"@type":"SearchAction","target":{"@type":"EntryPoint","urlTemplate":"https:\/\/formar.shop\/cs\/?s={search_term_string}"},"query-input":{"@type":"PropertyValueSpecification","valueRequired":true,"valueName":"search_term_string"}}],"inLanguage":"cs"}]}},"_links":{"self":[{"href":"https:\/\/formar.shop\/cs\/wp-json\/wp\/v2\/pages\/42185","targetHints":{"allow":["GET"]}}],"collection":[{"href":"https:\/\/formar.shop\/cs\/wp-json\/wp\/v2\/pages"}],"about":[{"href":"https:\/\/formar.shop\/cs\/wp-json\/wp\/v2\/types\/page"}],"author":[{"embeddable":true,"href":"https:\/\/formar.shop\/cs\/wp-json\/wp\/v2\/users\/5"}],"replies":[{"embeddable":true,"href":"https:\/\/formar.shop\/cs\/wp-json\/wp\/v2\/comments?post=42185"}],"version-history":[{"count":1,"href":"https:\/\/formar.shop\/cs\/wp-json\/wp\/v2\/pages\/42185\/revisions"}],"predecessor-version":[{"id":42188,"href":"https:\/\/formar.shop\/cs\/wp-json\/wp\/v2\/pages\/42185\/revisions\/42188"}],"up":[{"embeddable":true,"href":"https:\/\/formar.shop\/cs\/wp-json\/wp\/v2\/pages\/42222"}],"wp:attachment":[{"href":"https:\/\/formar.shop\/cs\/wp-json\/wp\/v2\/media?parent=42185"}],"curies":[{"name":"wp","href":"https:\/\/api.w.org\/{rel}","templated":true}]}}