{"id":42080,"date":"2025-01-18T15:40:51","date_gmt":"2025-01-18T14:40:51","guid":{"rendered":"https:\/\/formar.shop\/vybaveni\/"},"modified":"2025-01-18T15:41:21","modified_gmt":"2025-01-18T14:41:21","slug":"vybaveni","status":"publish","type":"page","link":"https:\/\/formar.shop\/cs\/nase-sluzby\/vybaveni\/","title":{"rendered":"Vybaven\u00ed"},"content":{"rendered":"\n[av_section min_height=&#8220;&#8220; min_height_px=&#8220;500px&#8220; padding=&#8220;default&#8220; shadow=&#8220;no-border-styling&#8220; bottom_border=&#8220;no-border-styling&#8220; bottom_border_diagonal_color=&#8220;#333333&#8243; bottom_border_diagonal_direction=&#8220;&#8220; bottom_border_style=&#8220;&#8220; custom_arrow_bg=&#8220;&#8220; id=&#8220;&#8220; color=&#8220;main_color&#8220; background=&#8220;bg_color&#8220; custom_bg=&#8220;#ffffff&#8220; background_gradient_color1=&#8220;&#8220; background_gradient_color2=&#8220;&#8220; background_gradient_direction=&#8220;vertical&#8220; src=&#8220;&#8220; attachment=&#8220;&#8220; attachment_size=&#8220;&#8220; attach=&#8220;scroll&#8220; position=&#8220;top left&#8220; repeat=&#8220;no-repeat&#8220; video=&#8220;&#8220; video_ratio=&#8220;16:9&#8243; overlay_opacity=&#8220;0.5&#8243; overlay_color=&#8220;&#8220; overlay_pattern=&#8220;&#8220; overlay_custom_pattern=&#8220;&#8220; av_element_hidden_in_editor=&#8220;0&#8243; av_uid=&#8220;av-jj21ix0a&#8220; custom_class=&#8220;&#8220;]\n[av_heading tag=&#8220;h3&#8243; padding=&#8220;0&#8243; heading=&#8220;Realizzazione Arredi&#8220; color=&#8220;&#8220; style=&#8220;blockquote modern-quote modern-centered&#8220; custom_font=&#8220;&#8220; size=&#8220;60&#8243; subheading_active=&#8220;&#8220; subheading_size=&#8220;15&#8243; custom_class=&#8220;&#8220; admin_preview_bg=&#8220;&#8220; av-desktop-hide=&#8220;&#8220; av-medium-hide=&#8220;&#8220; av-small-hide=&#8220;&#8220; av-mini-hide=&#8220;&#8220; av-medium-font-size-title=&#8220;&#8220; av-small-font-size-title=&#8220;&#8220; av-mini-font-size-title=&#8220;&#8220; av-medium-font-size=&#8220;&#8220; av-small-font-size=&#8220;&#8220; av-mini-font-size=&#8220;&#8220; margin=&#8220;&#8220; av_uid=&#8220;av-g7x7x&#8220;]\nPoznejte l\u00e9pe\n[\/av_heading]\n\n[av_hr class=&#8220;custom&#8220; height=&#8220;50&#8243; shadow=&#8220;no-shadow&#8220; position=&#8220;center&#8220; custom_border=&#8220;av-border-fat&#8220; custom_width=&#8220;100px&#8220; custom_border_color=&#8220;#fab300&#8243; custom_margin_top=&#8220;0px&#8220; custom_margin_bottom=&#8220;30px&#8220; icon_select=&#8220;no&#8220; custom_icon_color=&#8220;&#8220; icon=&#8220;ue808&#8243; font=&#8220;entypo-fontello&#8220; av_uid=&#8220;av-jj21opc3&#8243; custom_class=&#8220;&#8220; admin_preview_bg=&#8220;&#8220;]\n\n[av_textblock size=&#8220;&#8220; font_color=&#8220;&#8220; color=&#8220;&#8220; av-medium-font-size=&#8220;&#8220; av-small-font-size=&#8220;&#8220; av-mini-font-size=&#8220;&#8220; av_uid=&#8220;av-jj19v7g1&#8243; custom_class=&#8220;&#8220; admin_preview_bg=&#8220;&#8220;]\n<p style=\"text-align: center;\">Na\u0161i <strong>\u0159emesln\u00edci<\/strong> vyr\u00e1b\u011bj\u00ed na z\u00e1klad\u011b pl\u00e1n\u016f na\u0161eho projek\u010dn\u00edho odd\u011blen\u00ed <strong>n\u00e1bytek na m\u00edru,<\/strong> jako jsou jednac\u00ed stoly, kartot\u00e9ky, stoly, sedac\u00ed soupravy, \u00falo\u017en\u00fd n\u00e1bytek, pracovn\u00ed stanice, recep\u010dn\u00ed stoly, dopl\u0148ky a p\u0159\u00edslu\u0161enstv\u00ed.<\/p>\n[\/av_textblock]\n\n[av_hr class=&#8220;invisible&#8220; height=&#8220;40&#8243; shadow=&#8220;no-shadow&#8220; position=&#8220;center&#8220; custom_border=&#8220;av-border-fat&#8220; custom_width=&#8220;100px&#8220; custom_border_color=&#8220;#fab300&#8243; custom_margin_top=&#8220;0px&#8220; custom_margin_bottom=&#8220;30px&#8220; icon_select=&#8220;no&#8220; custom_icon_color=&#8220;&#8220; icon=&#8220;ue808&#8243; font=&#8220;entypo-fontello&#8220; av_uid=&#8220;av-jj21opc3&#8243; custom_class=&#8220;&#8220; admin_preview_bg=&#8220;&#8220;]\n\n[av_three_fifth first min_height=&#8220;av-equal-height-column&#8220; vertical_alignment=&#8220;av-align-top&#8220; space=&#8220;&#8220; margin=&#8220;0px&#8220; margin_sync=&#8220;true&#8220; link=&#8220;&#8220; linktarget=&#8220;&#8220; link_hover=&#8220;&#8220; padding=&#8220;0px&#8220; padding_sync=&#8220;true&#8220; border=&#8220;&#8220; border_color=&#8220;&#8220; radius=&#8220;0px&#8220; radius_sync=&#8220;true&#8220; background=&#8220;bg_color&#8220; background_color=&#8220;&#8220; background_gradient_color1=&#8220;&#8220; background_gradient_color2=&#8220;&#8220; background_gradient_direction=&#8220;vertical&#8220; src=&#8220;&#8220; attachment=&#8220;&#8220; attachment_size=&#8220;&#8220; background_position=&#8220;top left&#8220; background_repeat=&#8220;no-repeat&#8220; animation=&#8220;right-to-left&#8220; mobile_breaking=&#8220;&#8220; mobile_display=&#8220;&#8220; av_uid=&#8220;av-3zzjgv&#8220; custom_class=&#8220;&#8220;]\n\n[av_image src=&#8220;https:\/\/formar-contract.it\/wp-content\/uploads\/2018\/07\/servizi-formar-contract-realizzazione-arredi.jpg&#8220; attachment=&#8220;3505&#8243; attachment_size=&#8220;full&#8220; align=&#8220;center&#8220; styling=&#8220;no-styling&#8220; hover=&#8220;av-hover-grow&#8220; link=&#8220;&#8220; target=&#8220;&#8220; caption=&#8220;&#8220; font_size=&#8220;&#8220; appearance=&#8220;&#8220; overlay_opacity=&#8220;0.4&#8243; overlay_color=&#8220;#000000&#8243; overlay_text_color=&#8220;#ffffff&#8220; copyright=&#8220;&#8220; animation=&#8220;pop-up&#8220; av_uid=&#8220;av-jj1b1i4h&#8220; custom_class=&#8220;&#8220; admin_preview_bg=&#8220;&#8220;][\/av_image]\n\n[\/av_three_fifth][av_two_fifth min_height=&#8220;av-equal-height-column&#8220; vertical_alignment=&#8220;av-align-top&#8220; space=&#8220;&#8220; margin=&#8220;0px&#8220; margin_sync=&#8220;true&#8220; link=&#8220;&#8220; linktarget=&#8220;&#8220; link_hover=&#8220;&#8220; padding=&#8220;0px&#8220; padding_sync=&#8220;true&#8220; border=&#8220;&#8220; border_color=&#8220;&#8220; radius=&#8220;0px&#8220; radius_sync=&#8220;true&#8220; background=&#8220;bg_color&#8220; background_color=&#8220;&#8220; background_gradient_color1=&#8220;&#8220; background_gradient_color2=&#8220;&#8220; background_gradient_direction=&#8220;vertical&#8220; src=&#8220;https:\/\/formar-contract.it\/wp-content\/uploads\/2018\/06\/cit2.png&#8220; attachment=&#8220;3300&#8243; attachment_size=&#8220;full&#8220; background_position=&#8220;bottom right&#8220; background_repeat=&#8220;no-repeat&#8220; animation=&#8220;&#8220; mobile_breaking=&#8220;&#8220; mobile_display=&#8220;&#8220; av_uid=&#8220;av-5g7wdb&#8220; custom_class=&#8220;&#8220;]\n\n[av_heading tag=&#8220;h3&#8243; padding=&#8220;0&#8243; heading=&#8220;I nostri artigiani realizzano arredi su misura sulla base delle indicazioni dell\u2019ufficio progettazione&#8220; color=&#8220;&#8220; style=&#8220;blockquote modern-quote&#8220; custom_font=&#8220;&#8220; size=&#8220;36&#8243; subheading_active=&#8220;&#8220; subheading_size=&#8220;15&#8243; custom_class=&#8220;&#8220; admin_preview_bg=&#8220;&#8220; av-desktop-hide=&#8220;&#8220; av-medium-hide=&#8220;&#8220; av-small-hide=&#8220;&#8220; av-mini-hide=&#8220;&#8220; av-medium-font-size-title=&#8220;&#8220; av-small-font-size-title=&#8220;&#8220; av-mini-font-size-title=&#8220;&#8220; av-medium-font-size=&#8220;&#8220; av-small-font-size=&#8220;&#8220; av-mini-font-size=&#8220;&#8220; margin=&#8220;&#8220; av_uid=&#8220;av-2udk65&#8243;][\/av_heading]\n\n[\/av_two_fifth]\n[\/av_section]\n\n[av_section min_height=&#8220;&#8220; min_height_px=&#8220;500px&#8220; padding=&#8220;default&#8220; shadow=&#8220;no-border-styling&#8220; bottom_border=&#8220;no-border-styling&#8220; bottom_border_diagonal_color=&#8220;#333333&#8243; bottom_border_diagonal_direction=&#8220;&#8220; bottom_border_style=&#8220;&#8220; custom_arrow_bg=&#8220;&#8220; id=&#8220;&#8220; color=&#8220;main_color&#8220; background=&#8220;bg_gradient&#8220; custom_bg=&#8220;&#8220; background_gradient_color1=&#8220;#fab300&#8243; background_gradient_color2=&#8220;#f7c100&#8243; background_gradient_direction=&#8220;diagonal_tb&#8220; src=&#8220;&#8220; attachment=&#8220;&#8220; attachment_size=&#8220;&#8220; attach=&#8220;scroll&#8220; position=&#8220;top left&#8220; repeat=&#8220;no-repeat&#8220; video=&#8220;&#8220; video_ratio=&#8220;16:9&#8243; overlay_opacity=&#8220;0.5&#8243; overlay_color=&#8220;&#8220; overlay_pattern=&#8220;&#8220; overlay_custom_pattern=&#8220;&#8220; av_element_hidden_in_editor=&#8220;0&#8243; av_uid=&#8220;av-97digt&#8220; custom_class=&#8220;&#8220;]\n[av_one_fifth first min_height=&#8220;av-equal-height-column&#8220; vertical_alignment=&#8220;av-align-middle&#8220; space=&#8220;no_margin&#8220; margin=&#8220;0px&#8220; margin_sync=&#8220;true&#8220; link=&#8220;&#8220; linktarget=&#8220;&#8220; link_hover=&#8220;&#8220; padding=&#8220;0px&#8220; padding_sync=&#8220;true&#8220; border=&#8220;&#8220; border_color=&#8220;&#8220; radius=&#8220;0px&#8220; radius_sync=&#8220;true&#8220; background=&#8220;bg_color&#8220; background_color=&#8220;&#8220; background_gradient_color1=&#8220;&#8220; background_gradient_color2=&#8220;&#8220; background_gradient_direction=&#8220;vertical&#8220; src=&#8220;&#8220; attachment=&#8220;&#8220; attachment_size=&#8220;&#8220; background_position=&#8220;top left&#8220; background_repeat=&#8220;no-repeat&#8220; animation=&#8220;&#8220; mobile_breaking=&#8220;&#8220; mobile_display=&#8220;&#8220; av_uid=&#8220;av-86lkfh&#8220; custom_class=&#8220;&#8220;]\n\n[av_font_icon icon=&#8220;ue854&#8243; font=&#8220;entypo-fontello&#8220; style=&#8220;border&#8220; caption=&#8220;&#8220; link=&#8220;page,3516&#8243; linktarget=&#8220;&#8220; size=&#8220;60px&#8220; position=&#8220;center&#8220; color=&#8220;#ffffff&#8220; av_uid=&#8220;av-jj23v1yv&#8220; custom_class=&#8220;&#8220; admin_preview_bg=&#8220;&#8220;][\/av_font_icon]\n\n[\/av_one_fifth][av_three_fifth min_height=&#8220;&#8220; vertical_alignment=&#8220;av-align-top&#8220; space=&#8220;&#8220; margin=&#8220;0px&#8220; margin_sync=&#8220;true&#8220; link=&#8220;&#8220; linktarget=&#8220;&#8220; link_hover=&#8220;&#8220; padding=&#8220;0px,20px,0px,0px&#8220; border=&#8220;&#8220; border_color=&#8220;&#8220; radius=&#8220;0px&#8220; radius_sync=&#8220;true&#8220; background=&#8220;bg_color&#8220; background_color=&#8220;&#8220; background_gradient_color1=&#8220;&#8220; background_gradient_color2=&#8220;&#8220; background_gradient_direction=&#8220;vertical&#8220; src=&#8220;&#8220; attachment=&#8220;&#8220; attachment_size=&#8220;&#8220; background_position=&#8220;top left&#8220; background_repeat=&#8220;no-repeat&#8220; animation=&#8220;&#8220; mobile_breaking=&#8220;&#8220; mobile_display=&#8220;&#8220; av_uid=&#8220;av-69i7od&#8220; custom_class=&#8220;&#8220;]\n\n[av_heading tag=&#8220;h3&#8243; padding=&#8220;0&#8243; heading=&#8220;Contattaci&#8220; color=&#8220;custom-color-heading&#8220; style=&#8220;blockquote modern-quote&#8220; custom_font=&#8220;#020202&#8243; size=&#8220;28&#8243; subheading_active=&#8220;&#8220; subheading_size=&#8220;15&#8243; custom_class=&#8220;&#8220; admin_preview_bg=&#8220;&#8220; av-desktop-hide=&#8220;&#8220; av-medium-hide=&#8220;&#8220; av-small-hide=&#8220;&#8220; av-mini-hide=&#8220;&#8220; av-medium-font-size-title=&#8220;&#8220; av-small-font-size-title=&#8220;&#8220; av-mini-font-size-title=&#8220;&#8220; av-medium-font-size=&#8220;&#8220; av-small-font-size=&#8220;&#8220; av-mini-font-size=&#8220;&#8220; margin=&#8220;&#8220;]\nFormar Contract je tak\u00e9\n[\/av_heading]\n\n[av_textblock size=&#8220;17&#8243; font_color=&#8220;custom&#8220; color=&#8220;#020202&#8243; av-medium-font-size=&#8220;&#8220; av-small-font-size=&#8220;&#8220; av-mini-font-size=&#8220;&#8220; av_uid=&#8220;av-jj23wau4&#8243; custom_class=&#8220;&#8220; admin_preview_bg=&#8220;&#8220;]\n<strong>N\u00e1\u0161 z\u00e1kaznick\u00fd servis je v\u00e1m k dispozici.  <\/strong>Pro jak\u00e9koli informace nebo \u017e\u00e1dost o cenovou nab\u00eddku n\u00e1s nev\u00e1hejte kontaktovat! Na\u0161i odborn\u00edci v\u00e1m zodpov\u00ed va\u0161e dotazy t\u00fdkaj\u00edc\u00ed se na\u0161ich slu\u017eeb: n\u00e1vrh, realizace, dod\u00e1vka a mont\u00e1\u017e kancel\u00e1\u0159sk\u00e9ho n\u00e1bytku. \n[\/av_textblock]\n\n[\/av_three_fifth][av_one_fifth min_height=&#8220;&#8220; vertical_alignment=&#8220;&#8220; space=&#8220;&#8220; custom_margin=&#8220;&#8220; margin=&#8220;0px&#8220; link=&#8220;&#8220; linktarget=&#8220;&#8220; link_hover=&#8220;&#8220; padding=&#8220;0px&#8220; border=&#8220;&#8220; border_color=&#8220;&#8220; radius=&#8220;0px&#8220; background=&#8220;bg_color&#8220; background_color=&#8220;&#8220; background_gradient_color1=&#8220;&#8220; background_gradient_color2=&#8220;&#8220; background_gradient_direction=&#8220;vertical&#8220; src=&#8220;&#8220; background_position=&#8220;top left&#8220; background_repeat=&#8220;no-repeat&#8220; animation=&#8220;&#8220; mobile_breaking=&#8220;&#8220; mobile_display=&#8220;&#8220; av_uid=&#8220;av-4qrmbh&#8220;]\n\n[av_button_big label=&#8220;WRITE&#8220; description_pos=&#8220;below&#8220; link=&#8220;page,3516&#8243; link_target=&#8220;&#8220; icon_select=&#8220;yes-left-icon&#8220; icon=&#8220;ue805&#8243; font=&#8220;entypo-fontello&#8220; custom_font=&#8220;&#8220; color=&#8220;theme-color-subtle&#8220; custom_bg=&#8220;#444444&#8243; color_hover=&#8220;theme-color-subtle&#8220; custom_bg_hover=&#8220;#444444&#8243; av_uid=&#8220;av-2p4q7x&#8220; custom_class=&#8220;&#8220; admin_preview_bg=&#8220;&#8220;][\/av_button_big]\n\n[av_hr class=&#8220;invisible&#8220; height=&#8220;20&#8243; shadow=&#8220;no-shadow&#8220; position=&#8220;center&#8220; custom_border=&#8220;av-border-thin&#8220; custom_width=&#8220;50px&#8220; custom_border_color=&#8220;&#8220; custom_margin_top=&#8220;30px&#8220; custom_margin_bottom=&#8220;30px&#8220; icon_select=&#8220;yes&#8220; custom_icon_color=&#8220;&#8220; icon=&#8220;ue808&#8243; font=&#8220;entypo-fontello&#8220; av_uid=&#8220;av-jj24q137&#8243; custom_class=&#8220;&#8220; admin_preview_bg=&#8220;&#8220;]\n\n[av_button_big label=&#8220;ZAVOLEJTE N\u00c1M&#8220; description_pos=&#8220;below&#8220; link=&#8220;manually,tel:+390715906063&#8243; link_target=&#8220;_blank&#8220; icon_select=&#8220;yes-left-icon&#8220; icon=&#8220;ue854&#8243; font=&#8220;entypo-fontello&#8220; custom_font=&#8220;&#8220; color=&#8220;theme-color-subtle&#8220; custom_bg=&#8220;#444444&#8243; color_hover=&#8220;theme-color-subtle&#8220; custom_bg_hover=&#8220;#444444&#8243; av_uid=&#8220;av-2p4q7x&#8220; custom_class=&#8220;&#8220; admin_preview_bg=&#8220;&#8220;][\/av_button_big]\n\n[\/av_one_fifth]\n[\/av_section]\n","protected":false},"excerpt":{"rendered":"[av_section min_height=&#8220;&#8220; min_height_px=&#8220;500px&#8220; padding=&#8220;default&#8220; shadow=&#8220;no-border-styling&#8220; bottom_border=&#8220;no-border-styling&#8220; bottom_border_diagonal_color=&#8220;#333333&#8243; bottom_border_diagonal_direction=&#8220;&#8220; bottom_border_style=&#8220;&#8220; custom_arrow_bg=&#8220;&#8220; id=&#8220;&#8220; color=&#8220;main_color&#8220; background=&#8220;bg_color&#8220; custom_bg=&#8220;#ffffff&#8220; background_gradient_color1=&#8220;&#8220; background_gradient_color2=&#8220;&#8220; background_gradient_direction=&#8220;vertical&#8220; src=&#8220;&#8220; attachment=&#8220;&#8220; attachment_size=&#8220;&#8220; attach=&#8220;scroll&#8220; position=&#8220;top left&#8220; repeat=&#8220;no-repeat&#8220; video=&#8220;&#8220; video_ratio=&#8220;16:9&#8243; overlay_opacity=&#8220;0.5&#8243; overlay_color=&#8220;&#8220; overlay_pattern=&#8220;&#8220; overlay_custom_pattern=&#8220;&#8220; av_element_hidden_in_editor=&#8220;0&#8243; av_uid=&#8220;av-jj21ix0a&#8220; custom_class=&#8220;&#8220;] [av_heading tag=&#8220;h3&#8243; padding=&#8220;0&#8243; heading=&#8220;Realizzazione Arredi&#8220; color=&#8220;&#8220; style=&#8220;blockquote modern-quote modern-centered&#8220; custom_font=&#8220;&#8220; size=&#8220;60&#8243; subheading_active=&#8220;&#8220; subheading_size=&#8220;15&#8243; custom_class=&#8220;&#8220; admin_preview_bg=&#8220;&#8220; av-desktop-hide=&#8220;&#8220; av-medium-hide=&#8220;&#8220; av-small-hide=&#8220;&#8220; av-mini-hide=&#8220;&#8220; av-medium-font-size-title=&#8220;&#8220; av-small-font-size-title=&#8220;&#8220; av-mini-font-size-title=&#8220;&#8220; [&#8230;]\n","protected":false},"author":5,"featured_media":0,"parent":42150,"menu_order":0,"comment_status":"closed","ping_status":"closed","template":"","meta":{"_joinchat":[],"footnotes":""},"class_list":["post-42080","page","type-page","status-publish","hentry"],"yoast_head":"<!-- This site is optimized with the Yoast SEO plugin v27.4 - https:\/\/yoast.com\/product\/yoast-seo-wordpress\/ -->\n<title>Vybaven\u00ed - Formar.shop<\/title>\n<meta name=\"robots\" content=\"index, follow, max-snippet:-1, max-image-preview:large, max-video-preview:-1\" \/>\n<link rel=\"canonical\" href=\"https:\/\/formar.shop\/cs\/nase-sluzby\/vybaveni\/\" \/>\n<script type=\"application\/ld+json\" class=\"yoast-schema-graph\">{\"@context\":\"https:\\\/\\\/schema.org\",\"@graph\":[{\"@type\":\"WebPage\",\"@id\":\"https:\\\/\\\/formar.shop\\\/cs\\\/nase-sluzby\\\/vybaveni\\\/\",\"url\":\"https:\\\/\\\/formar.shop\\\/cs\\\/nase-sluzby\\\/vybaveni\\\/\",\"name\":\"Vybaven\u00ed - Formar.shop\",\"isPartOf\":{\"@id\":\"https:\\\/\\\/formar.shop\\\/cs\\\/#website\"},\"datePublished\":\"2025-01-18T14:40:51+00:00\",\"dateModified\":\"2025-01-18T14:41:21+00:00\",\"breadcrumb\":{\"@id\":\"https:\\\/\\\/formar.shop\\\/cs\\\/nase-sluzby\\\/vybaveni\\\/#breadcrumb\"},\"inLanguage\":\"cs\",\"potentialAction\":[{\"@type\":\"ReadAction\",\"target\":[\"https:\\\/\\\/formar.shop\\\/cs\\\/nase-sluzby\\\/vybaveni\\\/\"]}]},{\"@type\":\"BreadcrumbList\",\"@id\":\"https:\\\/\\\/formar.shop\\\/cs\\\/nase-sluzby\\\/vybaveni\\\/#breadcrumb\",\"itemListElement\":[{\"@type\":\"ListItem\",\"position\":1,\"name\":\"Home\",\"item\":\"https:\\\/\\\/formar.shop\\\/cs\\\/automaticky-navrh\\\/\"},{\"@type\":\"ListItem\",\"position\":2,\"name\":\"Na\u0161e slu\u017eby\",\"item\":\"https:\\\/\\\/formar.shop\\\/cs\\\/nase-sluzby\\\/\"},{\"@type\":\"ListItem\",\"position\":3,\"name\":\"Vybaven\u00ed\"}]},{\"@type\":\"WebSite\",\"@id\":\"https:\\\/\\\/formar.shop\\\/cs\\\/#website\",\"url\":\"https:\\\/\\\/formar.shop\\\/cs\\\/\",\"name\":\"Formar.shop\",\"description\":\"Soluzioni espresse con stile\",\"potentialAction\":[{\"@type\":\"SearchAction\",\"target\":{\"@type\":\"EntryPoint\",\"urlTemplate\":\"https:\\\/\\\/formar.shop\\\/cs\\\/?s={search_term_string}\"},\"query-input\":{\"@type\":\"PropertyValueSpecification\",\"valueRequired\":true,\"valueName\":\"search_term_string\"}}],\"inLanguage\":\"cs\"}]}<\/script>\n<!-- \/ Yoast SEO plugin. -->","yoast_head_json":{"title":"Vybaven\u00ed - Formar.shop","robots":{"index":"index","follow":"follow","max-snippet":"max-snippet:-1","max-image-preview":"max-image-preview:large","max-video-preview":"max-video-preview:-1"},"canonical":"https:\/\/formar.shop\/cs\/nase-sluzby\/vybaveni\/","schema":{"@context":"https:\/\/schema.org","@graph":[{"@type":"WebPage","@id":"https:\/\/formar.shop\/cs\/nase-sluzby\/vybaveni\/","url":"https:\/\/formar.shop\/cs\/nase-sluzby\/vybaveni\/","name":"Vybaven\u00ed - Formar.shop","isPartOf":{"@id":"https:\/\/formar.shop\/cs\/#website"},"datePublished":"2025-01-18T14:40:51+00:00","dateModified":"2025-01-18T14:41:21+00:00","breadcrumb":{"@id":"https:\/\/formar.shop\/cs\/nase-sluzby\/vybaveni\/#breadcrumb"},"inLanguage":"cs","potentialAction":[{"@type":"ReadAction","target":["https:\/\/formar.shop\/cs\/nase-sluzby\/vybaveni\/"]}]},{"@type":"BreadcrumbList","@id":"https:\/\/formar.shop\/cs\/nase-sluzby\/vybaveni\/#breadcrumb","itemListElement":[{"@type":"ListItem","position":1,"name":"Home","item":"https:\/\/formar.shop\/cs\/automaticky-navrh\/"},{"@type":"ListItem","position":2,"name":"Na\u0161e slu\u017eby","item":"https:\/\/formar.shop\/cs\/nase-sluzby\/"},{"@type":"ListItem","position":3,"name":"Vybaven\u00ed"}]},{"@type":"WebSite","@id":"https:\/\/formar.shop\/cs\/#website","url":"https:\/\/formar.shop\/cs\/","name":"Formar.shop","description":"Soluzioni espresse con stile","potentialAction":[{"@type":"SearchAction","target":{"@type":"EntryPoint","urlTemplate":"https:\/\/formar.shop\/cs\/?s={search_term_string}"},"query-input":{"@type":"PropertyValueSpecification","valueRequired":true,"valueName":"search_term_string"}}],"inLanguage":"cs"}]}},"_links":{"self":[{"href":"https:\/\/formar.shop\/cs\/wp-json\/wp\/v2\/pages\/42080","targetHints":{"allow":["GET"]}}],"collection":[{"href":"https:\/\/formar.shop\/cs\/wp-json\/wp\/v2\/pages"}],"about":[{"href":"https:\/\/formar.shop\/cs\/wp-json\/wp\/v2\/types\/page"}],"author":[{"embeddable":true,"href":"https:\/\/formar.shop\/cs\/wp-json\/wp\/v2\/users\/5"}],"replies":[{"embeddable":true,"href":"https:\/\/formar.shop\/cs\/wp-json\/wp\/v2\/comments?post=42080"}],"version-history":[{"count":1,"href":"https:\/\/formar.shop\/cs\/wp-json\/wp\/v2\/pages\/42080\/revisions"}],"predecessor-version":[{"id":42082,"href":"https:\/\/formar.shop\/cs\/wp-json\/wp\/v2\/pages\/42080\/revisions\/42082"}],"up":[{"embeddable":true,"href":"https:\/\/formar.shop\/cs\/wp-json\/wp\/v2\/pages\/42150"}],"wp:attachment":[{"href":"https:\/\/formar.shop\/cs\/wp-json\/wp\/v2\/media?parent=42080"}],"curies":[{"name":"wp","href":"https:\/\/api.w.org\/{rel}","templated":true}]}}