{"id":42036,"date":"2025-01-18T15:40:39","date_gmt":"2025-01-18T14:40:39","guid":{"rendered":"https:\/\/formar.shop\/kontaktujte-nas\/"},"modified":"2025-11-18T12:05:52","modified_gmt":"2025-11-18T11:05:52","slug":"kontaktujte-nas","status":"publish","type":"page","link":"https:\/\/formar.shop\/cs\/kontaktujte-nas\/","title":{"rendered":"Kontaktujte n\u00e1s"},"content":{"rendered":"\n\t<div id=\"text-684011922\" class=\"text\">\n\t\t\n\n<h3><span style=\"color: #6e6e6e;\"><strong><span style=\"font-size: 140%;\">KONTAKTUJTE N\u00c1S<\/span><\/strong><\/span><\/h3>\n\t\t\n<style>\n#text-684011922 {\n  color: #484646;\n}\n#text-684011922 > * {\n  color: #484646;\n}\n<\/style>\n\t<\/div>\n\t\n<div class=\"row\"  id=\"row-1335247094\">\n\n\n\t<div id=\"col-1860031245\" class=\"col small-12 large-12\"  >\n\t\t\t\t<div class=\"col-inner\"  >\n\t\t\t\n\t\t\t\n\n\n\t\t<\/div>\n\t\t\t\t\n<style>\n#col-1860031245 > .col-inner {\n  padding: 0px 30px 0px 0px;\n}\n<\/style>\n\t<\/div>\n\n\t\n\n<\/div>\n<div class=\"row row-large\" style=\"max-width:1400px\" id=\"row-775900153\">\n\n\n\t<div id=\"col-563457441\" class=\"col small-12 large-12\"  >\n\t\t\t\t<div class=\"col-inner\" style=\"background-color:rgb(255, 255, 255);\" >\n\t\t\t\n\t\t\t\n\n<div class=\"row row-collapse row-full-width\"  id=\"row-89675217\">\n\n\n\t<div id=\"col-55874991\" class=\"col medium-12 small-12 large-6\"  >\n\t\t\t\t<div class=\"col-inner\"  >\n\t\t\t\n\t\t\t\n\n<h2><span style=\"font-size: 120%; color: #595959;\">Na\u0161e kontaktn\u00ed \u00fadaje<\/span><\/h2>\n<p>&nbsp;<\/p>\n\t<div id=\"gap-1186630620\" class=\"gap-element clearfix\" style=\"display:block; height:auto;\">\n\t\t\n<style>\n#gap-1186630620 {\n  padding-top: 20px;\n}\n@media (min-width:550px) {\n  #gap-1186630620 {\n    padding-top: 20px;\n  }\n}\n@media (min-width:850px) {\n  #gap-1186630620 {\n    padding-top: 30px;\n  }\n}\n<\/style>\n\t<\/div>\n\t\n\n<div class=\"row\"  id=\"row-675747765\">\n\n\n\t<div id=\"col-1442860672\" class=\"col medium-6 small-12 large-6\"  >\n\t\t\t\t<div class=\"col-inner\"  >\n\t\t\t\n\t\t\t\n\n\t<div class=\"img has-hover x md-x lg-x y md-y lg-y\" id=\"image_454801377\">\n\t\t\t\t\t\t\t\t<div class=\"img-inner dark\" >\n\t\t\t<img loading=\"lazy\" decoding=\"async\" width=\"240\" height=\"240\" src=\"https:\/\/static.formar.net\/wp-content\/uploads\/2022\/05\/20173629\/map-pin-2-fill-2.png\" class=\"attachment-large size-large\" alt=\"\" srcset=\"https:\/\/static.formar.net\/wp-content\/uploads\/2022\/05\/20173629\/map-pin-2-fill-2.png 240w, https:\/\/static.formar.net\/wp-content\/uploads\/2022\/05\/20173629\/map-pin-2-fill-2-100x100.png 100w, https:\/\/static.formar.net\/wp-content\/uploads\/2022\/05\/20173629\/map-pin-2-fill-2-80x80.png 80w\" sizes=\"auto, (max-width: 240px) 100vw, 240px\" \/>\t\t\t\t\t\t\n\t\t\t\t\t<\/div>\n\t\t\t\t\t\t\t\t\n<style>\n#image_454801377 {\n  width: 15%;\n}\n@media (min-width:550px) {\n  #image_454801377 {\n    width: 20%;\n  }\n}\n<\/style>\n\t<\/div>\n\t\n\n<h3 class=\"uppercase\"><span style=\"color: #595959;\">Adresa<\/span><\/h3>\n<p>Via del Consorzio 44<br>60015 Falconara M.ma (AN)<br>It\u00e1lie<\/p>\n\n\t\t<\/div>\n\t\t\t\t\t<\/div>\n\n\t\n\n\t<div id=\"col-1978926562\" class=\"col medium-5 small-12 large-6\"  >\n\t\t\t\t<div class=\"col-inner\"  >\n\t\t\t\n\t\t\t\n\n\t<div class=\"img has-hover x md-x lg-x y md-y lg-y\" id=\"image_567935476\">\n\t\t\t\t\t\t\t\t<div class=\"img-inner dark\" >\n\t\t\t<img loading=\"lazy\" decoding=\"async\" width=\"240\" height=\"240\" src=\"https:\/\/static.formar.net\/wp-content\/uploads\/2022\/05\/20173629\/time-fill.png\" class=\"attachment-large size-large\" alt=\"\" srcset=\"https:\/\/static.formar.net\/wp-content\/uploads\/2022\/05\/20173629\/time-fill.png 240w, https:\/\/static.formar.net\/wp-content\/uploads\/2022\/05\/20173629\/time-fill-100x100.png 100w, https:\/\/static.formar.net\/wp-content\/uploads\/2022\/05\/20173629\/time-fill-80x80.png 80w\" sizes=\"auto, (max-width: 240px) 100vw, 240px\" \/>\t\t\t\t\t\t\n\t\t\t\t\t<\/div>\n\t\t\t\t\t\t\t\t\n<style>\n#image_567935476 {\n  width: 15%;\n}\n@media (min-width:550px) {\n  #image_567935476 {\n    width: 20%;\n  }\n}\n<\/style>\n\t<\/div>\n\t\n\n<h3 class=\"uppercase\"><span style=\"color: #595959;\">J\u00edzdn\u00ed \u0159\u00e1d<\/span><\/h3>\n<p>Po \/ P\u00e1: 9 &#8211; 18<br>Sobota: zav\u0159eno<br>Ned\u011ble: zav\u0159eno<\/p>\n\n\t\t<\/div>\n\t\t\t\t\t<\/div>\n\n\t\n\n<\/div>\n<div class=\"row\"  id=\"row-1471410532\">\n\n\n\t<div id=\"col-236957896\" class=\"col medium-6 small-12 large-6\"  >\n\t\t\t\t<div class=\"col-inner\"  >\n\t\t\t\n\t\t\t\n\n\t<div class=\"img has-hover x md-x lg-x y md-y lg-y\" id=\"image_594064628\">\n\t\t\t\t\t\t\t\t<div class=\"img-inner dark\" >\n\t\t\t<img loading=\"lazy\" decoding=\"async\" width=\"240\" height=\"240\" src=\"https:\/\/static.formar.net\/wp-content\/uploads\/2022\/05\/20173628\/mail-open-fill.png\" class=\"attachment-large size-large\" alt=\"\" srcset=\"https:\/\/static.formar.net\/wp-content\/uploads\/2022\/05\/20173628\/mail-open-fill.png 240w, https:\/\/static.formar.net\/wp-content\/uploads\/2022\/05\/20173628\/mail-open-fill-100x100.png 100w, https:\/\/static.formar.net\/wp-content\/uploads\/2022\/05\/20173628\/mail-open-fill-80x80.png 80w\" sizes=\"auto, (max-width: 240px) 100vw, 240px\" \/>\t\t\t\t\t\t\n\t\t\t\t\t<\/div>\n\t\t\t\t\t\t\t\t\n<style>\n#image_594064628 {\n  width: 15%;\n}\n@media (min-width:550px) {\n  #image_594064628 {\n    width: 20%;\n  }\n}\n<\/style>\n\t<\/div>\n\t\n\n<h3 class=\"uppercase\"><span style=\"color: #595959;\">E-mail<\/span><\/h3>\n<p style=\"text-align: left;\">Obchodn\u00ed kancel\u00e1\u0159: <a href=\"mailto:info@formar.shop\">info@formar.shop<\/a><br>E-commerce: <a href=\"mailto:shop@formar.shop\">shop@formar.shop<\/a><\/p>\n\n\t\t<\/div>\n\t\t\t\t\t<\/div>\n\n\t\n\n\t<div id=\"col-387579906\" class=\"col medium-6 small-12 large-6\"  >\n\t\t\t\t<div class=\"col-inner\"  >\n\t\t\t\n\t\t\t\n\n\t<div class=\"img has-hover x md-x lg-x y md-y lg-y\" id=\"image_1049768306\">\n\t\t\t\t\t\t\t\t<div class=\"img-inner dark\" >\n\t\t\t<img loading=\"lazy\" decoding=\"async\" width=\"240\" height=\"240\" src=\"https:\/\/static.formar.net\/wp-content\/uploads\/2022\/05\/20173628\/phone-fill.png\" class=\"attachment-large size-large\" alt=\"\" srcset=\"https:\/\/static.formar.net\/wp-content\/uploads\/2022\/05\/20173628\/phone-fill.png 240w, https:\/\/static.formar.net\/wp-content\/uploads\/2022\/05\/20173628\/phone-fill-100x100.png 100w, https:\/\/static.formar.net\/wp-content\/uploads\/2022\/05\/20173628\/phone-fill-80x80.png 80w\" sizes=\"auto, (max-width: 240px) 100vw, 240px\" \/>\t\t\t\t\t\t\n\t\t\t\t\t<\/div>\n\t\t\t\t\t\t\t\t\n<style>\n#image_1049768306 {\n  width: 15%;\n}\n@media (min-width:550px) {\n  #image_1049768306 {\n    width: 20%;\n  }\n}\n<\/style>\n\t<\/div>\n\t\n\n<h3 class=\"uppercase\"><span style=\"color: #595959;\">telefon<\/span><\/h3>\n<p><span style=\"color: #00a859;\">Zelen\u00e1 linka<\/span> <span style=\"color: #00a859;\"><a href=\"tel:+39800%2012.22.67\">800122267<\/a><\/span><br>Tel. <a href=\"tel:+390715906063\">071 590.60.63<\/a><\/p>\n\n\t\t<\/div>\n\t\t\t\t\t<\/div>\n\n\t\n\n<\/div>\n\n\t\t<\/div>\n\t\t\t\t\n<style>\n#col-55874991 > .col-inner {\n  padding: 0px 0px 0px 20px;\n}\n<\/style>\n\t<\/div>\n\n\t\n\n\t<div id=\"col-1465071871\" class=\"col medium-12 small-12 large-6\"  >\n\t\t\t\t<div class=\"col-inner\"  >\n\t\t\t\n\t\t\t\n\n<h2><span style=\"font-size: 120%; color: #595959;\">Chcete n\u00e1m polo\u017eit ot\u00e1zku?<\/span><\/h2>\n\t<div id=\"gap-1251641240\" class=\"gap-element clearfix\" style=\"display:block; height:auto;\">\n\t\t\n<style>\n#gap-1251641240 {\n  padding-top: 20px;\n}\n@media (min-width:550px) {\n  #gap-1251641240 {\n    padding-top: 20px;\n  }\n}\n@media (min-width:850px) {\n  #gap-1251641240 {\n    padding-top: 30px;\n  }\n}\n<\/style>\n\t<\/div>\n\t\n\n<p class=\"wpcf7-contact-form-not-found\"><strong>Chyba:<\/strong> Kontaktn\u00ed formul\u00e1\u0159 nebyl nalezen.<\/p>\n\n\n\t\t<\/div>\n\t\t\t\t\t<\/div>\n\n\t\n\n\n<style>\n#row-89675217 > .col > .col-inner {\n  padding: 0px 15px 0px 15px;\n}\n<\/style>\n<\/div>\n\n\t\t<\/div>\n\t\t\t\t\n<style>\n#col-563457441 > .col-inner {\n  padding: 50px 20px 0px 20px;\n  margin: -0 0px 0px 0px;\n}\n@media (min-width:550px) {\n  #col-563457441 > .col-inner {\n    padding: 50px 20px 30px 20px;\n    margin: 0 0px 0px 0px;\n  }\n}\n@media (min-width:850px) {\n  #col-563457441 > .col-inner {\n    padding: 66px 5% 16px 5%;\n    margin: -135px 0px 0px 0px;\n  }\n}\n<\/style>\n\t<\/div>\n\n\t\n\n<\/div>\n\n","protected":false},"excerpt":{"rendered":"","protected":false},"author":5,"featured_media":0,"parent":0,"menu_order":0,"comment_status":"closed","ping_status":"closed","template":"","meta":{"_joinchat":[],"footnotes":""},"class_list":["post-42036","page","type-page","status-publish","hentry"],"yoast_head":"<!-- This site is optimized with the Yoast SEO plugin v27.3 - https:\/\/yoast.com\/product\/yoast-seo-wordpress\/ -->\n<title>Kontaktujte n\u00e1s - Formar.shop<\/title>\n<meta name=\"robots\" content=\"index, follow, max-snippet:-1, max-image-preview:large, max-video-preview:-1\" \/>\n<link rel=\"canonical\" href=\"https:\/\/formar.shop\/cs\/kontaktujte-nas\/\" \/>\n<script type=\"application\/ld+json\" class=\"yoast-schema-graph\">{\"@context\":\"https:\\\/\\\/schema.org\",\"@graph\":[{\"@type\":\"WebPage\",\"@id\":\"https:\\\/\\\/formar.shop\\\/cs\\\/kontaktujte-nas\\\/\",\"url\":\"https:\\\/\\\/formar.shop\\\/cs\\\/kontaktujte-nas\\\/\",\"name\":\"Kontaktujte n\u00e1s - Formar.shop\",\"isPartOf\":{\"@id\":\"https:\\\/\\\/formar.shop\\\/cs\\\/#website\"},\"datePublished\":\"2025-01-18T14:40:39+00:00\",\"dateModified\":\"2025-11-18T11:05:52+00:00\",\"breadcrumb\":{\"@id\":\"https:\\\/\\\/formar.shop\\\/cs\\\/kontaktujte-nas\\\/#breadcrumb\"},\"inLanguage\":\"cs\",\"potentialAction\":[{\"@type\":\"ReadAction\",\"target\":[\"https:\\\/\\\/formar.shop\\\/cs\\\/kontaktujte-nas\\\/\"]}]},{\"@type\":\"BreadcrumbList\",\"@id\":\"https:\\\/\\\/formar.shop\\\/cs\\\/kontaktujte-nas\\\/#breadcrumb\",\"itemListElement\":[{\"@type\":\"ListItem\",\"position\":1,\"name\":\"Home\",\"item\":\"https:\\\/\\\/formar.shop\\\/cs\\\/automaticky-navrh\\\/\"},{\"@type\":\"ListItem\",\"position\":2,\"name\":\"Kontaktujte n\u00e1s\"}]},{\"@type\":\"WebSite\",\"@id\":\"https:\\\/\\\/formar.shop\\\/cs\\\/#website\",\"url\":\"https:\\\/\\\/formar.shop\\\/cs\\\/\",\"name\":\"Formar.shop\",\"description\":\"Soluzioni espresse con stile\",\"potentialAction\":[{\"@type\":\"SearchAction\",\"target\":{\"@type\":\"EntryPoint\",\"urlTemplate\":\"https:\\\/\\\/formar.shop\\\/cs\\\/?s={search_term_string}\"},\"query-input\":{\"@type\":\"PropertyValueSpecification\",\"valueRequired\":true,\"valueName\":\"search_term_string\"}}],\"inLanguage\":\"cs\"}]}<\/script>\n<!-- \/ Yoast SEO plugin. -->","yoast_head_json":{"title":"Kontaktujte n\u00e1s - Formar.shop","robots":{"index":"index","follow":"follow","max-snippet":"max-snippet:-1","max-image-preview":"max-image-preview:large","max-video-preview":"max-video-preview:-1"},"canonical":"https:\/\/formar.shop\/cs\/kontaktujte-nas\/","schema":{"@context":"https:\/\/schema.org","@graph":[{"@type":"WebPage","@id":"https:\/\/formar.shop\/cs\/kontaktujte-nas\/","url":"https:\/\/formar.shop\/cs\/kontaktujte-nas\/","name":"Kontaktujte n\u00e1s - Formar.shop","isPartOf":{"@id":"https:\/\/formar.shop\/cs\/#website"},"datePublished":"2025-01-18T14:40:39+00:00","dateModified":"2025-11-18T11:05:52+00:00","breadcrumb":{"@id":"https:\/\/formar.shop\/cs\/kontaktujte-nas\/#breadcrumb"},"inLanguage":"cs","potentialAction":[{"@type":"ReadAction","target":["https:\/\/formar.shop\/cs\/kontaktujte-nas\/"]}]},{"@type":"BreadcrumbList","@id":"https:\/\/formar.shop\/cs\/kontaktujte-nas\/#breadcrumb","itemListElement":[{"@type":"ListItem","position":1,"name":"Home","item":"https:\/\/formar.shop\/cs\/automaticky-navrh\/"},{"@type":"ListItem","position":2,"name":"Kontaktujte n\u00e1s"}]},{"@type":"WebSite","@id":"https:\/\/formar.shop\/cs\/#website","url":"https:\/\/formar.shop\/cs\/","name":"Formar.shop","description":"Soluzioni espresse con stile","potentialAction":[{"@type":"SearchAction","target":{"@type":"EntryPoint","urlTemplate":"https:\/\/formar.shop\/cs\/?s={search_term_string}"},"query-input":{"@type":"PropertyValueSpecification","valueRequired":true,"valueName":"search_term_string"}}],"inLanguage":"cs"}]}},"_links":{"self":[{"href":"https:\/\/formar.shop\/cs\/wp-json\/wp\/v2\/pages\/42036","targetHints":{"allow":["GET"]}}],"collection":[{"href":"https:\/\/formar.shop\/cs\/wp-json\/wp\/v2\/pages"}],"about":[{"href":"https:\/\/formar.shop\/cs\/wp-json\/wp\/v2\/types\/page"}],"author":[{"embeddable":true,"href":"https:\/\/formar.shop\/cs\/wp-json\/wp\/v2\/users\/5"}],"replies":[{"embeddable":true,"href":"https:\/\/formar.shop\/cs\/wp-json\/wp\/v2\/comments?post=42036"}],"version-history":[{"count":11,"href":"https:\/\/formar.shop\/cs\/wp-json\/wp\/v2\/pages\/42036\/revisions"}],"predecessor-version":[{"id":61911,"href":"https:\/\/formar.shop\/cs\/wp-json\/wp\/v2\/pages\/42036\/revisions\/61911"}],"wp:attachment":[{"href":"https:\/\/formar.shop\/cs\/wp-json\/wp\/v2\/media?parent=42036"}],"curies":[{"name":"wp","href":"https:\/\/api.w.org\/{rel}","templated":true}]}}