{"id":44669,"date":"2025-01-18T21:26:02","date_gmt":"2025-01-18T20:26:02","guid":{"rendered":"https:\/\/formar.shop\/prodotto\/taula-de-centre-prestatgeria-cube-table-01\/"},"modified":"2025-01-18T21:26:13","modified_gmt":"2025-01-18T20:26:13","slug":"taula-de-centre-prestatgeria-cube-table-01","status":"publish","type":"product","link":"https:\/\/formar.shop\/ca\/prodotto\/taula-de-centre-prestatgeria-cube-table-01\/","title":{"rendered":"Taula de centre prestatgeria &#8211; Cube Table 01"},"content":{"rendered":"<h2>TAULA CUB 01 TAULA LLIBRERIA<\/h2>\n<p>Taula petita o prestatgeria que garanteix un ampli emmagatzematge en un espai redu\u00eft.<\/p>\n<h2 class=\"a-spacing-mini\">Amb la taula llibreria Cube Table 01 aportar\u00e0s personalitat, car\u00e0cter i distinci\u00f3 a la teva llar.<\/h2>\n<p>El seu disseny original, senzill i pr\u00e0ctic ofereix un equilibri elegant entre ordre i bellesa a qualsevol habitaci\u00f3 de la teva llar. Perfecte per col\u00b7locar llibres o objectes de decoraci\u00f3. <\/p>\n<p>La base \u00e9s blanca, mentre que la part superior est\u00e0 disponible en tres belles variants: vermell, negre i gris.<\/p>\n<h3 class=\"av-special-heading-tag \">PRODUCTE DE DISSENY<\/h3>\n<p>Va ser concebut i dissenyat pel dissenyador itali\u00e0 Mario Mazzer, que es va graduar en arquitectura per la Polit\u00e8cnica de Mil\u00e0 l&#8217;any 1978 i es va graduar l&#8217;any 79 en Disseny Industrial per l&#8217;Escola Polit\u00e8cnica de Disseny de Mil\u00e0. Aqu\u00ed es va formar als anys 70 col\u00b7laborant amb els mestres del disseny itali\u00e0 i el 1980 va fundar Mario Mazzer Architects a Conegliano Veneto.<br \/> Premiat, el 1996 va rebre una menci\u00f3 honor\u00edfica a l&#8217;ID Annual Design Review de Nova York. Mostrant les seves obres, ha contribu\u00eft molt a promoure la popularitat dels productes italians arreu del m\u00f3n.  <\/p>\n<h3 class=\"av-special-heading-tag \">DIMENSIONS DEL PRODUCTE<\/h3>\n<p>Mesures del producte \u00fanic:<\/p>\n<ul>\n<li>40 cm de llarg<\/li>\n<li>40 cm de profunditat<\/li>\n<li>33,5 cm d&#8217;al\u00e7ada<\/li>\n<\/ul>\n<div class=\"is-divider divider clearfix\" style=\"max-width:1000px;\"><\/div>\n<div class=\"row\"  id=\"row-313858843\">\n\n\t<div id=\"col-85015248\" class=\"col small-12 large-12\"  >\n\t\t\t\t<div class=\"col-inner\"  >\n\t\t\t\n\t\t\t\n\n\t\t<div class=\"icon-box featured-box icon-box-left text-left\"  >\n\t\t\t\t\t<div class=\"icon-box-img\" style=\"width: 20px\">\n\t\t\t\t<div class=\"icon\">\n\t\t\t\t\t<div class=\"icon-inner\" >\n\t\t\t\t\t\t<img loading=\"lazy\" decoding=\"async\" width=\"300\" height=\"300\" src=\"https:\/\/static.formar.net\/wp-content\/uploads\/2022\/09\/20173538\/Icona-telefono-300x300.png\" class=\"attachment-medium size-medium\" alt=\"\" srcset=\"https:\/\/static.formar.net\/wp-content\/uploads\/2022\/09\/20173538\/Icona-telefono-300x300.png 300w, https:\/\/static.formar.net\/wp-content\/uploads\/2022\/09\/20173538\/Icona-telefono-80x80.png 80w, https:\/\/static.formar.net\/wp-content\/uploads\/2022\/09\/20173538\/Icona-telefono-510x510.png 510w, https:\/\/static.formar.net\/wp-content\/uploads\/2022\/09\/20173538\/Icona-telefono-100x100.png 100w, https:\/\/static.formar.net\/wp-content\/uploads\/2022\/09\/20173538\/Icona-telefono-50x50.png 50w, https:\/\/static.formar.net\/wp-content\/uploads\/2022\/09\/20173538\/Icona-telefono.png 512w\" sizes=\"auto, (max-width: 300px) 100vw, 300px\" \/>\t\t\t\t\t<\/div>\n\t\t\t\t<\/div>\n\t\t\t<\/div>\n\t\t\t\t<div class=\"icon-box-text last-reset\">\n\t\t\t\t\t\t\t\t\t\n<h3><span style=\"font-size: 75%;\">Comandes telef\u00f2niques: 800 122 267<\/span><\/h3>\n\t\t<\/div>\n\t<\/div>\n\t\n\t\n\n\t\t<div class=\"icon-box featured-box icon-box-left text-left\"  >\n\t\t\t\t\t<div class=\"icon-box-img\" style=\"width: 20px\">\n\t\t\t\t<div class=\"icon\">\n\t\t\t\t\t<div class=\"icon-inner\" >\n\t\t\t\t\t\t<img loading=\"lazy\" decoding=\"async\" width=\"300\" height=\"300\" src=\"https:\/\/static.formar.net\/wp-content\/uploads\/2022\/09\/20173537\/Icona-whatsapp-1-300x300.png\" class=\"attachment-medium size-medium\" alt=\"\" srcset=\"https:\/\/static.formar.net\/wp-content\/uploads\/2022\/09\/20173537\/Icona-whatsapp-1-300x300.png 300w, https:\/\/static.formar.net\/wp-content\/uploads\/2022\/09\/20173537\/Icona-whatsapp-1-80x80.png 80w, https:\/\/static.formar.net\/wp-content\/uploads\/2022\/09\/20173537\/Icona-whatsapp-1-510x510.png 510w, https:\/\/static.formar.net\/wp-content\/uploads\/2022\/09\/20173537\/Icona-whatsapp-1-100x100.png 100w, https:\/\/static.formar.net\/wp-content\/uploads\/2022\/09\/20173537\/Icona-whatsapp-1-50x50.png 50w, https:\/\/static.formar.net\/wp-content\/uploads\/2022\/09\/20173537\/Icona-whatsapp-1-600x600.png 600w, https:\/\/static.formar.net\/wp-content\/uploads\/2022\/09\/20173537\/Icona-whatsapp-1.png 720w\" sizes=\"auto, (max-width: 300px) 100vw, 300px\" \/>\t\t\t\t\t<\/div>\n\t\t\t\t<\/div>\n\t\t\t<\/div>\n\t\t\t\t<div class=\"icon-box-text last-reset\">\n\t\t\t\t\t\t\t\t\t\n<h3><span style=\"font-size: 75%;\">WhatsApp: <a href=\"https:\/\/api.whatsapp.com\/send\/?phone=390715906063&amp;text&amp;type=phone_number&amp;app_absent=0\">+39 071 5906063<\/a><\/span><\/h3>\n\t\t<\/div>\n\t<\/div>\n\t\n\t\n\n\t\t<div class=\"icon-box featured-box icon-box-left text-left\"  >\n\t\t\t\t\t<div class=\"icon-box-img\" style=\"width: 20px\">\n\t\t\t\t<div class=\"icon\">\n\t\t\t\t\t<div class=\"icon-inner\" >\n\t\t\t\t\t\t<img loading=\"lazy\" decoding=\"async\" width=\"300\" height=\"300\" src=\"https:\/\/static.formar.net\/wp-content\/uploads\/2022\/09\/20173537\/Icona-lucchetto-300x300.png\" class=\"attachment-medium size-medium\" alt=\"\" srcset=\"https:\/\/static.formar.net\/wp-content\/uploads\/2022\/09\/20173537\/Icona-lucchetto-300x300.png 300w, https:\/\/static.formar.net\/wp-content\/uploads\/2022\/09\/20173537\/Icona-lucchetto-80x80.png 80w, https:\/\/static.formar.net\/wp-content\/uploads\/2022\/09\/20173537\/Icona-lucchetto-100x100.png 100w, https:\/\/static.formar.net\/wp-content\/uploads\/2022\/09\/20173537\/Icona-lucchetto-50x50.png 50w, https:\/\/static.formar.net\/wp-content\/uploads\/2022\/09\/20173537\/Icona-lucchetto.png 500w\" sizes=\"auto, (max-width: 300px) 100vw, 300px\" \/>\t\t\t\t\t<\/div>\n\t\t\t\t<\/div>\n\t\t\t<\/div>\n\t\t\t\t<div class=\"icon-box-text last-reset\">\n\t\t\t\t\t\t\t\t\t\n<h3><span style=\"font-size: 75%;\">Pagaments segurs i segurs amb desxifrat SSL<\/span><\/h3>\n\t\t<\/div>\n\t<\/div>\n\t\n\t\n\n\t\t<div class=\"icon-box featured-box icon-box-left text-left\"  >\n\t\t\t\t\t<div class=\"icon-box-img\" style=\"width: 20px\">\n\t\t\t\t<div class=\"icon\">\n\t\t\t\t\t<div class=\"icon-inner\" >\n\t\t\t\t\t\t<img loading=\"lazy\" decoding=\"async\" width=\"224\" height=\"224\" src=\"https:\/\/static.formar.net\/wp-content\/uploads\/sites\/1\/2022\/10\/02111142\/Icona-furgone.png\" class=\"attachment-medium size-medium\" alt=\"\" srcset=\"https:\/\/static.formar.net\/wp-content\/uploads\/sites\/1\/2022\/10\/02111142\/Icona-furgone.png 224w, https:\/\/static.formar.net\/wp-content\/uploads\/sites\/1\/2022\/10\/02111142\/Icona-furgone-80x80.png 80w, https:\/\/static.formar.net\/wp-content\/uploads\/sites\/1\/2022\/10\/02111142\/Icona-furgone-100x100.png 100w, https:\/\/static.formar.net\/wp-content\/uploads\/sites\/1\/2022\/10\/02111142\/Icona-furgone-50x50.png 50w\" sizes=\"auto, (max-width: 224px) 100vw, 224px\" \/>\t\t\t\t\t<\/div>\n\t\t\t\t<\/div>\n\t\t\t<\/div>\n\t\t\t\t<div class=\"icon-box-text last-reset\">\n\t\t\t\t\t\t\t\t\t\n<h3><span style=\"font-size: 75%;\">Enviament sempre gratu\u00eft<\/span><\/h3>\n\t\t<\/div>\n\t<\/div>\n\t\n\t\n\n\t\t<div class=\"icon-box featured-box icon-box-left text-left\"  >\n\t\t\t\t\t<div class=\"icon-box-img\" style=\"width: 20px\">\n\t\t\t\t<div class=\"icon\">\n\t\t\t\t\t<div class=\"icon-inner\" >\n\t\t\t\t\t\t<img loading=\"lazy\" decoding=\"async\" width=\"256\" height=\"256\" src=\"https:\/\/static.formar.net\/wp-content\/uploads\/sites\/1\/2022\/10\/02111142\/Icona-carta-di-credito.png\" class=\"attachment-medium size-medium\" alt=\"\" srcset=\"https:\/\/static.formar.net\/wp-content\/uploads\/sites\/1\/2022\/10\/02111142\/Icona-carta-di-credito.png 256w, https:\/\/static.formar.net\/wp-content\/uploads\/sites\/1\/2022\/10\/02111142\/Icona-carta-di-credito-80x80.png 80w, https:\/\/static.formar.net\/wp-content\/uploads\/sites\/1\/2022\/10\/02111142\/Icona-carta-di-credito-100x100.png 100w, https:\/\/static.formar.net\/wp-content\/uploads\/sites\/1\/2022\/10\/02111142\/Icona-carta-di-credito-50x50.png 50w\" sizes=\"auto, (max-width: 256px) 100vw, 256px\" \/>\t\t\t\t\t<\/div>\n\t\t\t\t<\/div>\n\t\t\t<\/div>\n\t\t\t\t<div class=\"icon-box-text last-reset\">\n\t\t\t\t\t\t\t\t\t\n<h3><span style=\"font-size: 75%;\"><a href=\"https:\/\/formar.shop\/ca\/metodes-de-pagament\/\">Pagament<\/a> : Paypal, targeta de cr\u00e8dit, efectiu o targeta de d\u00e8bit (in situ), contra reemborsament<\/span><\/h3>\n\t\t<\/div>\n\t<\/div>\n\t\n\t\n\n\t\t<div class=\"icon-box featured-box icon-box-left text-left\"  >\n\t\t\t\t<div class=\"icon-box-text last-reset\">\n\t\t\t\t\t\t\t\t\t\n<h3><span style=\"font-size: 15.12px;\">Garantia del fabricant<\/span><\/h3>\n\t\t<\/div>\n\t<\/div>\n\t\n\t\n\n\t\t<div class=\"icon-box featured-box icon-box-left text-left\"  >\n\t\t\t\t<div class=\"icon-box-text last-reset\">\n\t\t\t\t\t\t\t\t\t\n<h3><span style=\"font-size: 75%;\">Fet r\u00e0pid i f\u00e0cil.  <a href=\"https:\/\/formar.shop\/ca\/normes-de-retorn\/\">M\u00e9s detalls<\/a><\/span><\/h3>\n\t\t<\/div>\n\t<\/div>\n\t\n\t\n\t\t<\/div>\n\t\t\t\t\t<\/div>\n\n\t\n<\/div>\n","protected":false},"excerpt":{"rendered":"<p>Concebuda i dissenyada pel dissenyador itali\u00e0 MARIO MAZZER, aquesta taula d&#8217;emmagatzematge de disseny \u00e9s apta per moblar qualsevol ambient. Es compon d&#8217;una base i un top blancs disponibles en tres variants de color: Vermell, Negre i Gris. Gr\u00e0cies al kit subministrat, el muntatge \u00e9s r\u00e0pid i f\u00e0cil.  <\/p>\n","protected":false},"featured_media":44675,"template":"","meta":{"_joinchat":[]},"product_brand":[],"product_cat":[1606,1607],"product_tag":[1648,1649],"class_list":{"0":"post-44669","1":"product","2":"type-product","3":"status-publish","4":"has-post-thumbnail","6":"product_cat-casa-ca","7":"product_cat-taules-i-taules-de-cafe","8":"product_tag-taules","9":"product_tag-taules-de-cafe","11":"first","12":"instock","13":"sale","14":"taxable","15":"shipping-taxable","16":"purchasable","17":"product-type-variable","18":"has-default-attributes"},"yoast_head":"<!-- This site is optimized with the Yoast SEO plugin v27.3 - https:\/\/yoast.com\/product\/yoast-seo-wordpress\/ -->\n<title>Taula de centre prestatgeria - Cube Table 01 - Formar.shop<\/title>\n<meta name=\"robots\" content=\"index, follow, max-snippet:-1, max-image-preview:large, max-video-preview:-1\" \/>\n<link rel=\"canonical\" href=\"https:\/\/formar.shop\/ca\/prodotto\/taula-de-centre-prestatgeria-cube-table-01\/\" \/>\n<script type=\"application\/ld+json\" class=\"yoast-schema-graph\">{\"@context\":\"https:\\\/\\\/schema.org\",\"@graph\":[{\"@type\":\"WebPage\",\"@id\":\"https:\\\/\\\/formar.shop\\\/ca\\\/prodotto\\\/taula-de-centre-prestatgeria-cube-table-01\\\/\",\"url\":\"https:\\\/\\\/formar.shop\\\/ca\\\/prodotto\\\/taula-de-centre-prestatgeria-cube-table-01\\\/\",\"name\":\"Taula de centre prestatgeria - Cube Table 01 - Formar.shop\",\"isPartOf\":{\"@id\":\"https:\\\/\\\/formar.shop\\\/ca\\\/#website\"},\"primaryImageOfPage\":{\"@id\":\"https:\\\/\\\/formar.shop\\\/ca\\\/prodotto\\\/taula-de-centre-prestatgeria-cube-table-01\\\/#primaryimage\"},\"image\":{\"@id\":\"https:\\\/\\\/formar.shop\\\/ca\\\/prodotto\\\/taula-de-centre-prestatgeria-cube-table-01\\\/#primaryimage\"},\"thumbnailUrl\":\"https:\\\/\\\/static.formar.net\\\/wp-content\\\/uploads\\\/2020\\\/12\\\/22191323\\\/Immagini-di-prodotto-x-Amazon-41.png\",\"datePublished\":\"2025-01-18T20:26:02+00:00\",\"dateModified\":\"2025-01-18T20:26:13+00:00\",\"breadcrumb\":{\"@id\":\"https:\\\/\\\/formar.shop\\\/ca\\\/prodotto\\\/taula-de-centre-prestatgeria-cube-table-01\\\/#breadcrumb\"},\"inLanguage\":\"ca\",\"potentialAction\":[{\"@type\":\"ReadAction\",\"target\":[\"https:\\\/\\\/formar.shop\\\/ca\\\/prodotto\\\/taula-de-centre-prestatgeria-cube-table-01\\\/\"]}]},{\"@type\":\"ImageObject\",\"inLanguage\":\"ca\",\"@id\":\"https:\\\/\\\/formar.shop\\\/ca\\\/prodotto\\\/taula-de-centre-prestatgeria-cube-table-01\\\/#primaryimage\",\"url\":\"https:\\\/\\\/static.formar.net\\\/wp-content\\\/uploads\\\/2020\\\/12\\\/22191323\\\/Immagini-di-prodotto-x-Amazon-41.png\",\"contentUrl\":\"https:\\\/\\\/static.formar.net\\\/wp-content\\\/uploads\\\/2020\\\/12\\\/22191323\\\/Immagini-di-prodotto-x-Amazon-41.png\",\"width\":1012,\"height\":1012},{\"@type\":\"BreadcrumbList\",\"@id\":\"https:\\\/\\\/formar.shop\\\/ca\\\/prodotto\\\/taula-de-centre-prestatgeria-cube-table-01\\\/#breadcrumb\",\"itemListElement\":[{\"@type\":\"ListItem\",\"position\":1,\"name\":\"Home\",\"item\":\"https:\\\/\\\/formar.shop\\\/ca\\\/esborrany-automatic\\\/\"},{\"@type\":\"ListItem\",\"position\":2,\"name\":\"Botiga\",\"item\":\"https:\\\/\\\/formar.shop\\\/ca\\\/botiga\\\/\"},{\"@type\":\"ListItem\",\"position\":3,\"name\":\"Taula de centre prestatgeria &#8211; Cube Table 01\"}]},{\"@type\":\"WebSite\",\"@id\":\"https:\\\/\\\/formar.shop\\\/ca\\\/#website\",\"url\":\"https:\\\/\\\/formar.shop\\\/ca\\\/\",\"name\":\"Formar.shop\",\"description\":\"Soluzioni espresse con stile\",\"potentialAction\":[{\"@type\":\"SearchAction\",\"target\":{\"@type\":\"EntryPoint\",\"urlTemplate\":\"https:\\\/\\\/formar.shop\\\/ca\\\/?s={search_term_string}\"},\"query-input\":{\"@type\":\"PropertyValueSpecification\",\"valueRequired\":true,\"valueName\":\"search_term_string\"}}],\"inLanguage\":\"ca\"}]}<\/script>\n<!-- \/ Yoast SEO plugin. -->","yoast_head_json":{"title":"Taula de centre prestatgeria - Cube Table 01 - Formar.shop","robots":{"index":"index","follow":"follow","max-snippet":"max-snippet:-1","max-image-preview":"max-image-preview:large","max-video-preview":"max-video-preview:-1"},"canonical":"https:\/\/formar.shop\/ca\/prodotto\/taula-de-centre-prestatgeria-cube-table-01\/","schema":{"@context":"https:\/\/schema.org","@graph":[{"@type":"WebPage","@id":"https:\/\/formar.shop\/ca\/prodotto\/taula-de-centre-prestatgeria-cube-table-01\/","url":"https:\/\/formar.shop\/ca\/prodotto\/taula-de-centre-prestatgeria-cube-table-01\/","name":"Taula de centre prestatgeria - Cube Table 01 - Formar.shop","isPartOf":{"@id":"https:\/\/formar.shop\/ca\/#website"},"primaryImageOfPage":{"@id":"https:\/\/formar.shop\/ca\/prodotto\/taula-de-centre-prestatgeria-cube-table-01\/#primaryimage"},"image":{"@id":"https:\/\/formar.shop\/ca\/prodotto\/taula-de-centre-prestatgeria-cube-table-01\/#primaryimage"},"thumbnailUrl":"https:\/\/static.formar.net\/wp-content\/uploads\/2020\/12\/22191323\/Immagini-di-prodotto-x-Amazon-41.png","datePublished":"2025-01-18T20:26:02+00:00","dateModified":"2025-01-18T20:26:13+00:00","breadcrumb":{"@id":"https:\/\/formar.shop\/ca\/prodotto\/taula-de-centre-prestatgeria-cube-table-01\/#breadcrumb"},"inLanguage":"ca","potentialAction":[{"@type":"ReadAction","target":["https:\/\/formar.shop\/ca\/prodotto\/taula-de-centre-prestatgeria-cube-table-01\/"]}]},{"@type":"ImageObject","inLanguage":"ca","@id":"https:\/\/formar.shop\/ca\/prodotto\/taula-de-centre-prestatgeria-cube-table-01\/#primaryimage","url":"https:\/\/static.formar.net\/wp-content\/uploads\/2020\/12\/22191323\/Immagini-di-prodotto-x-Amazon-41.png","contentUrl":"https:\/\/static.formar.net\/wp-content\/uploads\/2020\/12\/22191323\/Immagini-di-prodotto-x-Amazon-41.png","width":1012,"height":1012},{"@type":"BreadcrumbList","@id":"https:\/\/formar.shop\/ca\/prodotto\/taula-de-centre-prestatgeria-cube-table-01\/#breadcrumb","itemListElement":[{"@type":"ListItem","position":1,"name":"Home","item":"https:\/\/formar.shop\/ca\/esborrany-automatic\/"},{"@type":"ListItem","position":2,"name":"Botiga","item":"https:\/\/formar.shop\/ca\/botiga\/"},{"@type":"ListItem","position":3,"name":"Taula de centre prestatgeria &#8211; Cube Table 01"}]},{"@type":"WebSite","@id":"https:\/\/formar.shop\/ca\/#website","url":"https:\/\/formar.shop\/ca\/","name":"Formar.shop","description":"Soluzioni espresse con stile","potentialAction":[{"@type":"SearchAction","target":{"@type":"EntryPoint","urlTemplate":"https:\/\/formar.shop\/ca\/?s={search_term_string}"},"query-input":{"@type":"PropertyValueSpecification","valueRequired":true,"valueName":"search_term_string"}}],"inLanguage":"ca"}]}},"_links":{"self":[{"href":"https:\/\/formar.shop\/ca\/wp-json\/wp\/v2\/product\/44669","targetHints":{"allow":["GET"]}}],"collection":[{"href":"https:\/\/formar.shop\/ca\/wp-json\/wp\/v2\/product"}],"about":[{"href":"https:\/\/formar.shop\/ca\/wp-json\/wp\/v2\/types\/product"}],"wp:featuredmedia":[{"embeddable":true,"href":"https:\/\/formar.shop\/ca\/wp-json\/wp\/v2\/media\/44675"}],"wp:attachment":[{"href":"https:\/\/formar.shop\/ca\/wp-json\/wp\/v2\/media?parent=44669"}],"wp:term":[{"taxonomy":"product_brand","embeddable":true,"href":"https:\/\/formar.shop\/ca\/wp-json\/wp\/v2\/product_brand?post=44669"},{"taxonomy":"product_cat","embeddable":true,"href":"https:\/\/formar.shop\/ca\/wp-json\/wp\/v2\/product_cat?post=44669"},{"taxonomy":"product_tag","embeddable":true,"href":"https:\/\/formar.shop\/ca\/wp-json\/wp\/v2\/product_tag?post=44669"}],"curies":[{"name":"wp","href":"https:\/\/api.w.org\/{rel}","templated":true}]}}