{"id":47841,"date":"2025-01-18T21:35:41","date_gmt":"2025-01-18T20:35:41","guid":{"rendered":"https:\/\/formar.shop\/recepcio-de-la-comanda-que-fer\/"},"modified":"2025-01-18T21:35:41","modified_gmt":"2025-01-18T20:35:41","slug":"recepcio-de-la-comanda-que-fer","status":"publish","type":"page","link":"https:\/\/formar.shop\/ca\/recepcio-de-la-comanda-que-fer\/","title":{"rendered":"RECEPCI\u00d3 DE LA COMANDA: qu\u00e8 fer?"},"content":{"rendered":"<p>Benvolgut client,<\/p>\n<p>Perqu\u00e8 la teva compra arribi en perfectes condicions de transport, sempre hem fet servir professionals de l&#8217;enviament.<br \/> Per\u00f2 de vegades pot passar que els paquets o paquets dels articles demanats no arribin en les seves condicions originals i que no es manipulin amb la mateixa cura que fem servir habitualment.<br \/> Per aquest motiu, us demanem que feu una ullada r\u00e0pida al recordatori que trobareu a continuaci\u00f3:<\/p>\n<ul>\n<li><span style=\"background-color: #ffff00;\">Comproveu sempre que el nombre de paquets rebuts es correspon amb el nombre dels marcats al document de transport.<\/span><\/li>\n<li><span style=\"background-color: #ffff00;\">Comproveu sempre la perfecta integritat de l&#8217;embalatge, tant si es tracta d&#8217;un palet com de paquets solts<\/span> .<\/li>\n<\/ul>\n<p><strong><span style=\"color: #ed1c24; font-size: 120%;\"><em>En cas d&#8217;anomalia quantitativa o qualitativa, nom\u00e9s s&#8217;acceptar\u00e0 el lliurament introduint la seg\u00fcent redacci\u00f3 al rebut:<\/em><\/span><\/strong><\/p>\n<p style=\"text-align: center;\"><span style=\"background-color: #ffff00;\">RESERVA ESPEC\u00cdFICA\u00b9 i la descripci\u00f3 de les discrep\u00e0ncies detectades.<\/span><br \/> <span style=\"background-color: #ffff00;\">destacant les discrep\u00e0ncies trobades al POD\/PDA<\/span><\/p>\n<p>(Nota que les reserves gen\u00e8riques com ara &#8220;mercaderies no conformes&#8221; o &#8220;reserva de control&#8221; no es consideren v\u00e0lides)<\/p>\n<p><strong><em>Aviseu-nos immediatament amb un correu electr\u00f2nic (shop@formar-contract.it) indicant l&#8217;anomalia trobada en el lliurament i la foto del rebut em\u00e8s pel missatger indicant la Reserva Espec\u00edfica signada per vosaltres.<\/em><\/strong><\/p>\n<p><span style=\"background-color: #ffff00;\"><strong><span style=\"font-size: 105%; background-color: #ffff00;\">IMPORTANT!!<\/span><\/strong><\/span><\/p>\n<p><span style=\"color: #ed1c24;\">La signatura amb <span style=\"font-size: 95%;\"><strong>Reserva Espec\u00edfica<\/strong><\/span> implica que el destinatari es reserva el dret de comprovar la integritat de la mercaderia, amb la possibilitat de reclamar una indemnitzaci\u00f3 al missatger en cas de dany.<\/span><\/p>\n<p>\u00b9 <strong><em>Feu clic al bot\u00f3 seg\u00fcent: a efectes explicatius trobareu un pdf, que indica com col\u00b7locar la redacci\u00f3 Reserva espec\u00edfica i la descripci\u00f3 gen\u00e8rica corresponent de la discrep\u00e0ncia.<\/em><\/strong><\/p>\n<p>Gr\u00e0cies per la vostra col\u00b7laboraci\u00f3 i disponibilitat!<br \/>L&#8217;equip de Formar Contract Srl<\/p>\n<a href=\"https:\/\/formar.shop\/wp-content\/uploads\/2022\/04\/riserva-di-controllo-Formar-Shop.pdf\" target=\"_blank\" class=\"button primary\" rel=\"noopener\" style=\"border-radius:10px;\">\n\t\t<span>Reserva Especificaci\u00f3_Pod<\/span>\n\t<i class=\"icon-user\" aria-hidden=\"true\"><\/i><\/a>\n\n","protected":false},"excerpt":{"rendered":"<p>Benvolgut client, Perqu\u00e8 la teva compra arribi en perfectes condicions de transport, sempre hem fet servir professionals de l&#8217;enviament. Per\u00f2 de vegades pot passar que els paquets o paquets dels articles demanats no arribin en les seves condicions originals i que no es manipulin amb la mateixa cura que fem servir habitualment. Per aquest motiu, [&#8230;]\n","protected":false},"author":175,"featured_media":0,"parent":0,"menu_order":0,"comment_status":"closed","ping_status":"closed","template":"","meta":{"_joinchat":[],"footnotes":""},"class_list":["post-47841","page","type-page","status-publish","hentry"],"yoast_head":"<!-- This site is optimized with the Yoast SEO plugin v27.4 - https:\/\/yoast.com\/product\/yoast-seo-wordpress\/ -->\n<title>RECEPCI\u00d3 DE LA COMANDA: qu\u00e8 fer? - Formar.shop<\/title>\n<meta name=\"robots\" content=\"index, follow, max-snippet:-1, max-image-preview:large, max-video-preview:-1\" \/>\n<link rel=\"canonical\" href=\"https:\/\/formar.shop\/ca\/recepcio-de-la-comanda-que-fer\/\" \/>\n<script type=\"application\/ld+json\" class=\"yoast-schema-graph\">{\"@context\":\"https:\\\/\\\/schema.org\",\"@graph\":[{\"@type\":\"WebPage\",\"@id\":\"https:\\\/\\\/formar.shop\\\/ca\\\/recepcio-de-la-comanda-que-fer\\\/\",\"url\":\"https:\\\/\\\/formar.shop\\\/ca\\\/recepcio-de-la-comanda-que-fer\\\/\",\"name\":\"RECEPCI\u00d3 DE LA COMANDA: qu\u00e8 fer? - Formar.shop\",\"isPartOf\":{\"@id\":\"https:\\\/\\\/formar.shop\\\/ca\\\/#website\"},\"datePublished\":\"2025-01-18T20:35:41+00:00\",\"breadcrumb\":{\"@id\":\"https:\\\/\\\/formar.shop\\\/ca\\\/recepcio-de-la-comanda-que-fer\\\/#breadcrumb\"},\"inLanguage\":\"ca\",\"potentialAction\":[{\"@type\":\"ReadAction\",\"target\":[\"https:\\\/\\\/formar.shop\\\/ca\\\/recepcio-de-la-comanda-que-fer\\\/\"]}]},{\"@type\":\"BreadcrumbList\",\"@id\":\"https:\\\/\\\/formar.shop\\\/ca\\\/recepcio-de-la-comanda-que-fer\\\/#breadcrumb\",\"itemListElement\":[{\"@type\":\"ListItem\",\"position\":1,\"name\":\"Home\",\"item\":\"https:\\\/\\\/formar.shop\\\/ca\\\/esborrany-automatic\\\/\"},{\"@type\":\"ListItem\",\"position\":2,\"name\":\"RECEPCI\u00d3 DE LA COMANDA: qu\u00e8 fer?\"}]},{\"@type\":\"WebSite\",\"@id\":\"https:\\\/\\\/formar.shop\\\/ca\\\/#website\",\"url\":\"https:\\\/\\\/formar.shop\\\/ca\\\/\",\"name\":\"Formar.shop\",\"description\":\"Soluzioni espresse con stile\",\"potentialAction\":[{\"@type\":\"SearchAction\",\"target\":{\"@type\":\"EntryPoint\",\"urlTemplate\":\"https:\\\/\\\/formar.shop\\\/ca\\\/?s={search_term_string}\"},\"query-input\":{\"@type\":\"PropertyValueSpecification\",\"valueRequired\":true,\"valueName\":\"search_term_string\"}}],\"inLanguage\":\"ca\"}]}<\/script>\n<!-- \/ Yoast SEO plugin. -->","yoast_head_json":{"title":"RECEPCI\u00d3 DE LA COMANDA: qu\u00e8 fer? - Formar.shop","robots":{"index":"index","follow":"follow","max-snippet":"max-snippet:-1","max-image-preview":"max-image-preview:large","max-video-preview":"max-video-preview:-1"},"canonical":"https:\/\/formar.shop\/ca\/recepcio-de-la-comanda-que-fer\/","schema":{"@context":"https:\/\/schema.org","@graph":[{"@type":"WebPage","@id":"https:\/\/formar.shop\/ca\/recepcio-de-la-comanda-que-fer\/","url":"https:\/\/formar.shop\/ca\/recepcio-de-la-comanda-que-fer\/","name":"RECEPCI\u00d3 DE LA COMANDA: qu\u00e8 fer? - Formar.shop","isPartOf":{"@id":"https:\/\/formar.shop\/ca\/#website"},"datePublished":"2025-01-18T20:35:41+00:00","breadcrumb":{"@id":"https:\/\/formar.shop\/ca\/recepcio-de-la-comanda-que-fer\/#breadcrumb"},"inLanguage":"ca","potentialAction":[{"@type":"ReadAction","target":["https:\/\/formar.shop\/ca\/recepcio-de-la-comanda-que-fer\/"]}]},{"@type":"BreadcrumbList","@id":"https:\/\/formar.shop\/ca\/recepcio-de-la-comanda-que-fer\/#breadcrumb","itemListElement":[{"@type":"ListItem","position":1,"name":"Home","item":"https:\/\/formar.shop\/ca\/esborrany-automatic\/"},{"@type":"ListItem","position":2,"name":"RECEPCI\u00d3 DE LA COMANDA: qu\u00e8 fer?"}]},{"@type":"WebSite","@id":"https:\/\/formar.shop\/ca\/#website","url":"https:\/\/formar.shop\/ca\/","name":"Formar.shop","description":"Soluzioni espresse con stile","potentialAction":[{"@type":"SearchAction","target":{"@type":"EntryPoint","urlTemplate":"https:\/\/formar.shop\/ca\/?s={search_term_string}"},"query-input":{"@type":"PropertyValueSpecification","valueRequired":true,"valueName":"search_term_string"}}],"inLanguage":"ca"}]}},"_links":{"self":[{"href":"https:\/\/formar.shop\/ca\/wp-json\/wp\/v2\/pages\/47841","targetHints":{"allow":["GET"]}}],"collection":[{"href":"https:\/\/formar.shop\/ca\/wp-json\/wp\/v2\/pages"}],"about":[{"href":"https:\/\/formar.shop\/ca\/wp-json\/wp\/v2\/types\/page"}],"author":[{"embeddable":true,"href":"https:\/\/formar.shop\/ca\/wp-json\/wp\/v2\/users\/175"}],"replies":[{"embeddable":true,"href":"https:\/\/formar.shop\/ca\/wp-json\/wp\/v2\/comments?post=47841"}],"version-history":[{"count":2,"href":"https:\/\/formar.shop\/ca\/wp-json\/wp\/v2\/pages\/47841\/revisions"}],"predecessor-version":[{"id":47851,"href":"https:\/\/formar.shop\/ca\/wp-json\/wp\/v2\/pages\/47841\/revisions\/47851"}],"wp:attachment":[{"href":"https:\/\/formar.shop\/ca\/wp-json\/wp\/v2\/media?parent=47841"}],"curies":[{"name":"wp","href":"https:\/\/api.w.org\/{rel}","templated":true}]}}