{"id":43763,"date":"2025-01-18T21:20:02","date_gmt":"2025-01-18T20:20:02","guid":{"rendered":"https:\/\/formar.shop\/guia-de-compra\/"},"modified":"2025-01-18T21:20:05","modified_gmt":"2025-01-18T20:20:05","slug":"guia-de-compra","status":"publish","type":"page","link":"https:\/\/formar.shop\/ca\/guia-de-compra\/","title":{"rendered":"GUIA DE COMPRA"},"content":{"rendered":"\t<div id=\"text-81755879\" class=\"text\">\n\t\t\n<p><strong>Termes i condicions<\/strong><\/p>\n<p>Formar.shop de Formar Contract permet a tothom comprar els seus productes en l\u00ednia, mitjan\u00e7ant un servei <strong>senzill, c\u00f2mode i segur<\/strong> .<\/p>\n<p>\u00c9s possible fer una compra despr\u00e9s d&#8217;haver registrat o com a convidat, per\u00f2 en ambd\u00f3s casos \u00e9s necessari omplir tots els camps obligatoris.  <\/p>\n<p><strong>Totes les comandes estan subjectes a confirmaci\u00f3<\/strong> .<\/p>\n<\/p>\n<p><strong>Inscripci\u00f3<\/strong><\/p>\n<p>Despr\u00e9s del registre, que requereix uns senzills passos, el nou client t\u00e9 a la seva disposici\u00f3 un panell de control intern, on pot introduir la seva adre\u00e7a d&#8217;enviament, permetent al sistema mantenir-la memoritzada per agilitzar la seg\u00fcent compra, i gestionar el carret\u00f3 i el compara l&#8217;opci\u00f3 de producte.<br \/> Tria el producte, les mesures i el color que vulguis i despr\u00e9s de seleccionar la quantitat desitjada afegiu-lo al carret\u00f3. Quan vulgueu continuar amb la compra, introdu\u00efu el carret\u00f3, inicieu sessi\u00f3 primer si esteu registrat i procediu a la comanda. \u00c9s possible modificar o eliminar els productes escollits del carret\u00f3 en qualsevol moment.  <\/p>\n<\/p>\n<p><strong>Ordre<\/strong><\/p>\n<p>Un cop h\u00e0giu seleccionat tots els productes a comprar, procediu a la comanda. Si teniu un compte actualitzat amb dades i adre\u00e7a d&#8217;enviament, el proc\u00e9s de compra ser\u00e0 m\u00e9s r\u00e0pid. En cas contrari, introdu\u00efu les dades sol\u00b7licitades i procediu a la comanda.<br \/> La comanda nom\u00e9s es tramitar\u00e0 un cop rebut el pagament del producte, en funci\u00f3 del m\u00e8tode de pagament escollit.  <\/p>\n<\/p>\n<p><strong>El nostre servei d&#8217;atenci\u00f3 al client est\u00e0 a la vostra disposici\u00f3.<\/strong><\/p>\n<p>Els nostres professionals respondran a les vostres sol\u00b7licituds sobre els nostres serveis.<\/p>\n<p>Per a qualsevol informaci\u00f3 o sol\u00b7licitud de pressupost, no dubteu a posar-vos en contacte amb nosaltres!  <\/p>\n<\/p>\n<p style=\"text-align: left;\"><strong>Formar Contract srl<\/strong><br \/> <strong>Via del Consorci 44<\/strong><br \/> <strong>60015 | Falconara Marittima (AN)<\/strong><\/p>\n<p style=\"text-align: left;\"><a href=\"tel:800122267\">N\u00famero gratu\u00eft<\/a> <a href=\"tel:800122267\">800 12 22 67<\/a><br \/> <a href=\"tel:+390715906063\">Tel. 071 590.60.63<\/a><\/p>\n<p style=\"text-align: left;\">Oficina Comercial: <a href=\"mailto:info@formar-contract.it\">info@formar.net<\/a><br \/> Comer\u00e7 electr\u00f2nic: <a href=\"mailto:shop@formar.net\">shop@formar.net<\/a><br \/> PEC: <a href=\"mailto:info@pec.formar-contract.it\">info@pec.formar-contract.it<\/a><\/p>\n<p style=\"text-align: left;\">\n\t\t\n<style>\n#text-81755879 {\n  color: rgb(0,0,0);\n}\n#text-81755879 > * {\n  color: rgb(0,0,0);\n}\n<\/style>\n\t<\/div>\n\t\n","protected":false},"excerpt":{"rendered":"","protected":false},"author":6,"featured_media":0,"parent":0,"menu_order":0,"comment_status":"closed","ping_status":"closed","template":"","meta":{"_joinchat":[],"footnotes":""},"class_list":["post-43763","page","type-page","status-publish","hentry"],"yoast_head":"<!-- This site is optimized with the Yoast SEO plugin v27.3 - https:\/\/yoast.com\/product\/yoast-seo-wordpress\/ -->\n<title>GUIA DE COMPRA - Formar.shop<\/title>\n<meta name=\"robots\" content=\"index, follow, max-snippet:-1, max-image-preview:large, max-video-preview:-1\" \/>\n<link rel=\"canonical\" href=\"https:\/\/formar.shop\/ca\/guia-de-compra\/\" \/>\n<script type=\"application\/ld+json\" class=\"yoast-schema-graph\">{\"@context\":\"https:\\\/\\\/schema.org\",\"@graph\":[{\"@type\":\"WebPage\",\"@id\":\"https:\\\/\\\/formar.shop\\\/ca\\\/guia-de-compra\\\/\",\"url\":\"https:\\\/\\\/formar.shop\\\/ca\\\/guia-de-compra\\\/\",\"name\":\"GUIA DE COMPRA - Formar.shop\",\"isPartOf\":{\"@id\":\"https:\\\/\\\/formar.shop\\\/ca\\\/#website\"},\"datePublished\":\"2025-01-18T20:20:02+00:00\",\"dateModified\":\"2025-01-18T20:20:05+00:00\",\"breadcrumb\":{\"@id\":\"https:\\\/\\\/formar.shop\\\/ca\\\/guia-de-compra\\\/#breadcrumb\"},\"inLanguage\":\"ca\",\"potentialAction\":[{\"@type\":\"ReadAction\",\"target\":[\"https:\\\/\\\/formar.shop\\\/ca\\\/guia-de-compra\\\/\"]}]},{\"@type\":\"BreadcrumbList\",\"@id\":\"https:\\\/\\\/formar.shop\\\/ca\\\/guia-de-compra\\\/#breadcrumb\",\"itemListElement\":[{\"@type\":\"ListItem\",\"position\":1,\"name\":\"Home\",\"item\":\"https:\\\/\\\/formar.shop\\\/ca\\\/esborrany-automatic\\\/\"},{\"@type\":\"ListItem\",\"position\":2,\"name\":\"GUIA DE COMPRA\"}]},{\"@type\":\"WebSite\",\"@id\":\"https:\\\/\\\/formar.shop\\\/ca\\\/#website\",\"url\":\"https:\\\/\\\/formar.shop\\\/ca\\\/\",\"name\":\"Formar.shop\",\"description\":\"Soluzioni espresse con stile\",\"potentialAction\":[{\"@type\":\"SearchAction\",\"target\":{\"@type\":\"EntryPoint\",\"urlTemplate\":\"https:\\\/\\\/formar.shop\\\/ca\\\/?s={search_term_string}\"},\"query-input\":{\"@type\":\"PropertyValueSpecification\",\"valueRequired\":true,\"valueName\":\"search_term_string\"}}],\"inLanguage\":\"ca\"}]}<\/script>\n<!-- \/ Yoast SEO plugin. -->","yoast_head_json":{"title":"GUIA DE COMPRA - Formar.shop","robots":{"index":"index","follow":"follow","max-snippet":"max-snippet:-1","max-image-preview":"max-image-preview:large","max-video-preview":"max-video-preview:-1"},"canonical":"https:\/\/formar.shop\/ca\/guia-de-compra\/","schema":{"@context":"https:\/\/schema.org","@graph":[{"@type":"WebPage","@id":"https:\/\/formar.shop\/ca\/guia-de-compra\/","url":"https:\/\/formar.shop\/ca\/guia-de-compra\/","name":"GUIA DE COMPRA - Formar.shop","isPartOf":{"@id":"https:\/\/formar.shop\/ca\/#website"},"datePublished":"2025-01-18T20:20:02+00:00","dateModified":"2025-01-18T20:20:05+00:00","breadcrumb":{"@id":"https:\/\/formar.shop\/ca\/guia-de-compra\/#breadcrumb"},"inLanguage":"ca","potentialAction":[{"@type":"ReadAction","target":["https:\/\/formar.shop\/ca\/guia-de-compra\/"]}]},{"@type":"BreadcrumbList","@id":"https:\/\/formar.shop\/ca\/guia-de-compra\/#breadcrumb","itemListElement":[{"@type":"ListItem","position":1,"name":"Home","item":"https:\/\/formar.shop\/ca\/esborrany-automatic\/"},{"@type":"ListItem","position":2,"name":"GUIA DE COMPRA"}]},{"@type":"WebSite","@id":"https:\/\/formar.shop\/ca\/#website","url":"https:\/\/formar.shop\/ca\/","name":"Formar.shop","description":"Soluzioni espresse con stile","potentialAction":[{"@type":"SearchAction","target":{"@type":"EntryPoint","urlTemplate":"https:\/\/formar.shop\/ca\/?s={search_term_string}"},"query-input":{"@type":"PropertyValueSpecification","valueRequired":true,"valueName":"search_term_string"}}],"inLanguage":"ca"}]}},"_links":{"self":[{"href":"https:\/\/formar.shop\/ca\/wp-json\/wp\/v2\/pages\/43763","targetHints":{"allow":["GET"]}}],"collection":[{"href":"https:\/\/formar.shop\/ca\/wp-json\/wp\/v2\/pages"}],"about":[{"href":"https:\/\/formar.shop\/ca\/wp-json\/wp\/v2\/types\/page"}],"author":[{"embeddable":true,"href":"https:\/\/formar.shop\/ca\/wp-json\/wp\/v2\/users\/6"}],"replies":[{"embeddable":true,"href":"https:\/\/formar.shop\/ca\/wp-json\/wp\/v2\/comments?post=43763"}],"version-history":[{"count":6,"href":"https:\/\/formar.shop\/ca\/wp-json\/wp\/v2\/pages\/43763\/revisions"}],"predecessor-version":[{"id":43791,"href":"https:\/\/formar.shop\/ca\/wp-json\/wp\/v2\/pages\/43763\/revisions\/43791"}],"wp:attachment":[{"href":"https:\/\/formar.shop\/ca\/wp-json\/wp\/v2\/media?parent=43763"}],"curies":[{"name":"wp","href":"https:\/\/api.w.org\/{rel}","templated":true}]}}