{"id":43721,"date":"2025-01-18T21:19:50","date_gmt":"2025-01-18T20:19:50","guid":{"rendered":"https:\/\/formar.shop\/normes-de-retorn\/"},"modified":"2025-11-18T12:03:32","modified_gmt":"2025-11-18T11:03:32","slug":"normes-de-retorn","status":"publish","type":"page","link":"https:\/\/formar.shop\/ca\/normes-de-retorn\/","title":{"rendered":"NORMES DE RETORN"},"content":{"rendered":"\n<h3><span style=\"font-size: 140%;\"><strong>DEVOLUCIONS I ASSIST\u00c8NCIA<\/strong><\/span><\/h3>\n<p> <\/p>\n<p><span style=\"font-size: 110%;\"><strong>\u00c9s possible retornar la mercaderia adquirida amb un procediment senzill i r\u00e0pid.<\/strong><\/span><\/p>\n<p>D&#8217;acord amb <em>la Directiva Europea 2011\/83, implementada a It\u00e0lia amb el Decret Legislatiu de 3 de desembre de 2013<\/em> , el comprador pot desistir del contracte de compra sense especificar necess\u00e0riament el motiu de la devoluci\u00f3.<\/p>\n<p>El comprador que vulgui exercir el dret de desistiment haur\u00e0 de comunicar la seva voluntat a Formar Contract mitjan\u00e7ant carta certificada amb rebut de retorn o <strong>correu electr\u00f2nic certificat<\/strong> , <strong>en el termini de 14 dies h\u00e0bils,<\/strong> a comptar des de la data de lliurament, adjuntant una c\u00f2pia dels documents de transport a les adreces indicades. a sota.<\/p>\n<p><span style=\"font-size: 110%;\"><strong>Les despeses d&#8217;enviament de devoluci\u00f3 s\u00f3n \u00edntegrament a c\u00e0rrec<\/strong> <strong>del Client.<\/strong><\/span><\/p>\n<p>Des del moment en qu\u00e8 Formar Contract hagi acceptat la sol\u00b7licitud de devoluci\u00f3, el comprador tindr\u00e0 <strong>14 dies naturals per fer l&#8217;enviament de la devoluci\u00f3<\/strong>. Un cop transcorregut aquest termini, el comprador ja no podr\u00e0 beneficiar-se del dret de desistiment. <\/p>\n<p>Despr\u00e9s d&#8217;obtenir l&#8217;autoritzaci\u00f3 de devoluci\u00f3 de l&#8217;operador, el comprador ha d&#8217;enviar el producte a:<\/p>\n<p style=\"text-align: center;\"><span style=\"color: #000000;\"><strong>Formar Contract Srl<\/strong><\/span><\/p>\n<p style=\"text-align: center;\"><span style=\"color: #000000;\"><strong>Via del Consorci 44<\/strong><\/span><\/p>\n<p style=\"text-align: center;\"><span style=\"color: #000000;\"><strong>60015 | Falconara Marittima (AN)<\/strong><\/span><\/p>\n<p style=\"text-align: center;\"><span style=\"color: #000000;\"><strong>info@pec.formar-contract.it<\/strong><\/span><\/p>\n<p>Formar Contract procedir\u00e0 al <strong>reemborsament mitjan\u00e7ant transfer\u00e8ncia banc\u00e0ria en un termini de 14 dies h\u00e0bils<\/strong> des de la recepci\u00f3 de la mercaderia retornada.<\/p>\n<p>El dret de desistiment es perd totalment si el producte retornat no est\u00e0 intacte, o li falta l&#8217;embalatge exterior i intern original, est\u00e0 danyat o fins i tot utilitzat parcialment.<\/p>\n<p> <\/p>\n<p style=\"text-align: left;\"><strong>El nostre servei d&#8217;atenci\u00f3 al client est\u00e0 a la vostra disposici\u00f3.  <\/strong><\/p>\n<p style=\"text-align: left;\">Per a qualsevol informaci\u00f3 o sol\u00b7licitud de pressupost, no dubtis a contactar-nos! Els nostres professionals respondran a les vostres sol\u00b7licituds relatives als nostres serveis: disseny, realitzaci\u00f3, lliurament i muntatge de mobiliari per a oficines.<\/p>\n<div class=\"row align-center\"  id=\"row-520536386\">\n\n\n\t<div id=\"col-1348411222\" class=\"col small-12 large-12\"  >\n\t\t\t\t<div class=\"col-inner text-center\" style=\"background-color:rgb(244, 244, 244);\" >\n\t\t\t\n\t\t\t\n\n<h3>Encara tens preguntes?<\/h3>\n<p>Contacta amb nosaltres per a m\u00e9s informaci\u00f3.<\/p>\n<a href=\"https:\/\/formar.shop\/ca\/contacta-amb-nosaltres\/\" class=\"button primary\" >\n\t\t<span>Contacta amb nosaltres<\/span>\n\t<\/a>\n\n\n\n\t\t<\/div>\n\t\t\t\t\t<\/div>\n\n\t\n\n\n<style>\n#row-520536386 > .col > .col-inner {\n  padding: 40px 20px 40px 20px;\n  background-color: rgb(244, 244, 244);\n}\n@media (min-width:550px) {\n  #row-520536386 > .col > .col-inner {\n    padding: 40px 40px 40px 40px;\n  }\n}\n<\/style>\n<\/div>\n\n","protected":false},"excerpt":{"rendered":"","protected":false},"author":175,"featured_media":0,"parent":0,"menu_order":0,"comment_status":"closed","ping_status":"closed","template":"","meta":{"_joinchat":[],"footnotes":""},"class_list":["post-43721","page","type-page","status-publish","hentry"],"yoast_head":"<!-- This site is optimized with the Yoast SEO plugin v27.3 - https:\/\/yoast.com\/product\/yoast-seo-wordpress\/ -->\n<title>NORMES DE RETORN - Formar.shop<\/title>\n<meta name=\"robots\" content=\"index, follow, max-snippet:-1, max-image-preview:large, max-video-preview:-1\" \/>\n<link rel=\"canonical\" href=\"https:\/\/formar.shop\/ca\/normes-de-retorn\/\" \/>\n<script type=\"application\/ld+json\" class=\"yoast-schema-graph\">{\"@context\":\"https:\\\/\\\/schema.org\",\"@graph\":[{\"@type\":\"WebPage\",\"@id\":\"https:\\\/\\\/formar.shop\\\/ca\\\/normes-de-retorn\\\/\",\"url\":\"https:\\\/\\\/formar.shop\\\/ca\\\/normes-de-retorn\\\/\",\"name\":\"NORMES DE RETORN - Formar.shop\",\"isPartOf\":{\"@id\":\"https:\\\/\\\/formar.shop\\\/ca\\\/#website\"},\"datePublished\":\"2025-01-18T20:19:50+00:00\",\"dateModified\":\"2025-11-18T11:03:32+00:00\",\"breadcrumb\":{\"@id\":\"https:\\\/\\\/formar.shop\\\/ca\\\/normes-de-retorn\\\/#breadcrumb\"},\"inLanguage\":\"ca\",\"potentialAction\":[{\"@type\":\"ReadAction\",\"target\":[\"https:\\\/\\\/formar.shop\\\/ca\\\/normes-de-retorn\\\/\"]}]},{\"@type\":\"BreadcrumbList\",\"@id\":\"https:\\\/\\\/formar.shop\\\/ca\\\/normes-de-retorn\\\/#breadcrumb\",\"itemListElement\":[{\"@type\":\"ListItem\",\"position\":1,\"name\":\"Home\",\"item\":\"https:\\\/\\\/formar.shop\\\/ca\\\/esborrany-automatic\\\/\"},{\"@type\":\"ListItem\",\"position\":2,\"name\":\"NORMES DE RETORN\"}]},{\"@type\":\"WebSite\",\"@id\":\"https:\\\/\\\/formar.shop\\\/ca\\\/#website\",\"url\":\"https:\\\/\\\/formar.shop\\\/ca\\\/\",\"name\":\"Formar.shop\",\"description\":\"Soluzioni espresse con stile\",\"potentialAction\":[{\"@type\":\"SearchAction\",\"target\":{\"@type\":\"EntryPoint\",\"urlTemplate\":\"https:\\\/\\\/formar.shop\\\/ca\\\/?s={search_term_string}\"},\"query-input\":{\"@type\":\"PropertyValueSpecification\",\"valueRequired\":true,\"valueName\":\"search_term_string\"}}],\"inLanguage\":\"ca\"}]}<\/script>\n<!-- \/ Yoast SEO plugin. -->","yoast_head_json":{"title":"NORMES DE RETORN - Formar.shop","robots":{"index":"index","follow":"follow","max-snippet":"max-snippet:-1","max-image-preview":"max-image-preview:large","max-video-preview":"max-video-preview:-1"},"canonical":"https:\/\/formar.shop\/ca\/normes-de-retorn\/","schema":{"@context":"https:\/\/schema.org","@graph":[{"@type":"WebPage","@id":"https:\/\/formar.shop\/ca\/normes-de-retorn\/","url":"https:\/\/formar.shop\/ca\/normes-de-retorn\/","name":"NORMES DE RETORN - Formar.shop","isPartOf":{"@id":"https:\/\/formar.shop\/ca\/#website"},"datePublished":"2025-01-18T20:19:50+00:00","dateModified":"2025-11-18T11:03:32+00:00","breadcrumb":{"@id":"https:\/\/formar.shop\/ca\/normes-de-retorn\/#breadcrumb"},"inLanguage":"ca","potentialAction":[{"@type":"ReadAction","target":["https:\/\/formar.shop\/ca\/normes-de-retorn\/"]}]},{"@type":"BreadcrumbList","@id":"https:\/\/formar.shop\/ca\/normes-de-retorn\/#breadcrumb","itemListElement":[{"@type":"ListItem","position":1,"name":"Home","item":"https:\/\/formar.shop\/ca\/esborrany-automatic\/"},{"@type":"ListItem","position":2,"name":"NORMES DE RETORN"}]},{"@type":"WebSite","@id":"https:\/\/formar.shop\/ca\/#website","url":"https:\/\/formar.shop\/ca\/","name":"Formar.shop","description":"Soluzioni espresse con stile","potentialAction":[{"@type":"SearchAction","target":{"@type":"EntryPoint","urlTemplate":"https:\/\/formar.shop\/ca\/?s={search_term_string}"},"query-input":{"@type":"PropertyValueSpecification","valueRequired":true,"valueName":"search_term_string"}}],"inLanguage":"ca"}]}},"_links":{"self":[{"href":"https:\/\/formar.shop\/ca\/wp-json\/wp\/v2\/pages\/43721","targetHints":{"allow":["GET"]}}],"collection":[{"href":"https:\/\/formar.shop\/ca\/wp-json\/wp\/v2\/pages"}],"about":[{"href":"https:\/\/formar.shop\/ca\/wp-json\/wp\/v2\/types\/page"}],"author":[{"embeddable":true,"href":"https:\/\/formar.shop\/ca\/wp-json\/wp\/v2\/users\/175"}],"replies":[{"embeddable":true,"href":"https:\/\/formar.shop\/ca\/wp-json\/wp\/v2\/comments?post=43721"}],"version-history":[{"count":5,"href":"https:\/\/formar.shop\/ca\/wp-json\/wp\/v2\/pages\/43721\/revisions"}],"predecessor-version":[{"id":61866,"href":"https:\/\/formar.shop\/ca\/wp-json\/wp\/v2\/pages\/43721\/revisions\/61866"}],"wp:attachment":[{"href":"https:\/\/formar.shop\/ca\/wp-json\/wp\/v2\/media?parent=43721"}],"curies":[{"name":"wp","href":"https:\/\/api.w.org\/{rel}","templated":true}]}}