{"id":43590,"date":"2025-01-18T21:19:28","date_gmt":"2025-01-18T20:19:28","guid":{"rendered":"https:\/\/formar.shop\/costos-i-metodes-denviament\/"},"modified":"2025-01-18T21:19:34","modified_gmt":"2025-01-18T20:19:34","slug":"costos-i-metodes-denviament","status":"publish","type":"page","link":"https:\/\/formar.shop\/ca\/costos-i-metodes-denviament\/","title":{"rendered":"COSTOS I M\u00c8TODES D&#8217;ENVIAMENT"},"content":{"rendered":"\n  <div class=\"banner has-hover\" id=\"banner-1138787361\">\n          <div class=\"banner-inner fill\">\n        <div class=\"banner-bg fill\" >\n                                                \n                    <\/div>\n\t\t\n        <div class=\"banner-layers container\">\n            <div class=\"fill banner-link\"><\/div>            \n   <div id=\"text-box-1168170961\" class=\"text-box banner-layer x50 md-x50 lg-x50 y50 md-y50 lg-y50 res-text\">\n                     <div data-animate=\"flipInY\">           <div class=\"text-box-content text dark\">\n              \n              <div class=\"text-inner text-center\">\n                  \n<h3 style=\"text-align: center;\"><strong><span style=\"font-size: 115%; color: #000000;\"><em>I costi di spedizioni sono sempre gratuiti e inclusi per ogni tuo acquisto !<\/em><\/span><\/strong><\/h3>\n<div class=\"is-divider divider clearfix\" ><\/div>\n\t<div id=\"text-341892311\" class=\"text\">\n\t\t\n<h1 class=\"h-large uppercase\"><strong><span style=\"font-size: 180%;\">COST D&#8217;ENVIAMENT ZERO!<\/span><\/strong><\/h1>\n\t\t\n<style>\n#text-341892311 {\n  font-size: 0.8rem;\n  line-height: 2.05;\n  color: rgb(0,0,0);\n}\n#text-341892311 > * {\n  color: rgb(0,0,0);\n}\n<\/style>\n\t<\/div>\n\t\n              <\/div>\n           <\/div>\n       <\/div>                     \n<style>\n#text-box-1168170961 {\n  width: 67%;\n}\n#text-box-1168170961 .text-box-content {\n  font-size: 100%;\n}\n<\/style>\n    <\/div>\n \n        <\/div>\n      <\/div>\n\n            \n<style>\n#banner-1138787361 {\n  padding-top: 400px;\n}\n<\/style>\n  <\/div>\n\n\n<h4><span style=\"font-size: 110%;\"><strong><span style=\"font-size: 140%; color: #50b848;\"><span style=\"color: #808080;\">INSCRIPCI\u00d3<\/span>  <\/span>    <\/strong><\/span><\/h4>\n<p>Despr\u00e9s del registre, que requereix uns senzills passos, el nou client t\u00e9 a la seva disposici\u00f3 un panell de control intern, on pot introduir la seva adre\u00e7a d&#8217;enviament, permetent al sistema mantenir-la memoritzada per agilitzar la seg\u00fcent compra, i gestionar el carret\u00f3 i el compara l&#8217;opci\u00f3 de producte.<br \/> Tria el producte, les mesures i el color que vulguis i despr\u00e9s de seleccionar la quantitat desitjada afegiu-lo al carret\u00f3. Quan vulgueu continuar amb la compra, introdu\u00efu el carret\u00f3, inicieu sessi\u00f3 primer si esteu registrat i procediu a la comanda. \u00c9s possible modificar o eliminar els productes escollits del carret\u00f3 en qualsevol moment.  <\/p>\n<h4><strong><span style=\"font-size: 110%;\"><span style=\"color: #808080;\"><span style=\"font-size: 140%;\">COMANDA<\/span> <\/span>                        <\/span><\/strong><\/h4>\n<p style=\"text-align: left;\">Un cop h\u00e0giu seleccionat tots els productes a comprar, procediu a la comanda. Si teniu un compte actualitzat amb dades i adre\u00e7a d&#8217;enviament, el proc\u00e9s de compra ser\u00e0 m\u00e9s r\u00e0pid. En cas contrari, introdu\u00efu les dades sol\u00b7licitades i procediu a la comanda.<br \/> La comanda nom\u00e9s es tramitar\u00e0 un cop rebut el pagament del producte, en funci\u00f3 del m\u00e8tode de pagament escollit.  <\/p>\n<\/p>\n<h2 style=\"text-align: center;\"><span style=\"color: #808080;\"><strong>Els nostres socis d&#8217;enviament:<\/strong><\/span><\/h2>\n<\/p>\n<p><img loading=\"lazy\" decoding=\"async\" class=\"aligncenter wp-image-12578\" src=\"https:\/\/formar.shop\/wp-content\/uploads\/2022\/05\/brt.jpg\" alt=\"\" width=\"300\" height=\"163\" data-wp-pid=\"12578\"><\/p>\n<\/p>\n<p style=\"text-align: center;\"><img loading=\"lazy\" decoding=\"async\" class=\"\" src=\"https:\/\/s3-eu-west-1.amazonaws.com\/tpd\/logos\/5ea7e22c7a4aa40001deb02c\/0x0.png\" alt=\"Grup FERCAM | Llegeix les ressenyes dels serveis de fercam.com\" width=\"303\" height=\"313\"><\/p>\n<\/p>\n<p style=\"text-align: center;\"><span style=\"color: #000000;\"><strong><em>L&#8217;elecci\u00f3 del transportista es fa autom\u00e0ticament pel nostre sistema,<\/em><\/strong><\/span> <strong><em><span style=\"color: #000000;\">per garantir la m\u00e0xima velocitat de lliurament!<\/span><\/em><\/strong><\/p>\n<\/p>\n<p style=\"text-align: center;\">El nostre servei d&#8217;atenci\u00f3 al client est\u00e0 a la vostra disposici\u00f3.<br \/> Per a qualsevol informaci\u00f3 o sol\u00b7licitud de pressupost, no dubteu en contactar amb nosaltres!<br \/> Els nostres professionals respondran a les vostres sol\u00b7licituds sobre els nostres serveis.<\/p>\n<a href=\"https:\/\/formar.shop\/ca\/contacta-amb-nosaltres\/\" class=\"button primary box-shadow-1 lowercase expand\" style=\"border-radius:10px;\">\n\t\t<span>Contacta amb nosaltres!<\/span>\n\t<\/a>\n\n","protected":false},"excerpt":{"rendered":"<p>INSCRIPCI\u00d3 Despr\u00e9s del registre, que requereix uns senzills passos, el nou client t\u00e9 a la seva disposici\u00f3 un panell de control intern, on pot introduir la seva adre\u00e7a d&#8217;enviament, permetent al sistema mantenir-la memoritzada per agilitzar la seg\u00fcent compra, i gestionar el carret\u00f3 i el compara l&#8217;opci\u00f3 de producte. Tria el producte, les mesures i [&#8230;]\n","protected":false},"author":175,"featured_media":0,"parent":0,"menu_order":0,"comment_status":"closed","ping_status":"closed","template":"","meta":{"_joinchat":[],"footnotes":""},"class_list":["post-43590","page","type-page","status-publish","hentry"],"yoast_head":"<!-- This site is optimized with the Yoast SEO plugin v27.5 - https:\/\/yoast.com\/product\/yoast-seo-wordpress\/ -->\n<title>COSTOS I M\u00c8TODES D&#039;ENVIAMENT - Formar.shop<\/title>\n<meta name=\"robots\" content=\"index, follow, max-snippet:-1, max-image-preview:large, max-video-preview:-1\" \/>\n<link rel=\"canonical\" href=\"https:\/\/formar.shop\/ca\/costos-i-metodes-denviament\/\" \/>\n<script type=\"application\/ld+json\" class=\"yoast-schema-graph\">{\"@context\":\"https:\\\/\\\/schema.org\",\"@graph\":[{\"@type\":\"WebPage\",\"@id\":\"https:\\\/\\\/formar.shop\\\/ca\\\/costos-i-metodes-denviament\\\/\",\"url\":\"https:\\\/\\\/formar.shop\\\/ca\\\/costos-i-metodes-denviament\\\/\",\"name\":\"COSTOS I M\u00c8TODES D'ENVIAMENT - Formar.shop\",\"isPartOf\":{\"@id\":\"https:\\\/\\\/formar.shop\\\/ca\\\/#website\"},\"primaryImageOfPage\":{\"@id\":\"https:\\\/\\\/formar.shop\\\/ca\\\/costos-i-metodes-denviament\\\/#primaryimage\"},\"image\":{\"@id\":\"https:\\\/\\\/formar.shop\\\/ca\\\/costos-i-metodes-denviament\\\/#primaryimage\"},\"thumbnailUrl\":\"https:\\\/\\\/formar.shop\\\/wp-content\\\/uploads\\\/2022\\\/05\\\/brt.jpg\",\"datePublished\":\"2025-01-18T20:19:28+00:00\",\"dateModified\":\"2025-01-18T20:19:34+00:00\",\"breadcrumb\":{\"@id\":\"https:\\\/\\\/formar.shop\\\/ca\\\/costos-i-metodes-denviament\\\/#breadcrumb\"},\"inLanguage\":\"ca\",\"potentialAction\":[{\"@type\":\"ReadAction\",\"target\":[\"https:\\\/\\\/formar.shop\\\/ca\\\/costos-i-metodes-denviament\\\/\"]}]},{\"@type\":\"ImageObject\",\"inLanguage\":\"ca\",\"@id\":\"https:\\\/\\\/formar.shop\\\/ca\\\/costos-i-metodes-denviament\\\/#primaryimage\",\"url\":\"https:\\\/\\\/formar.shop\\\/wp-content\\\/uploads\\\/2022\\\/05\\\/brt.jpg\",\"contentUrl\":\"https:\\\/\\\/formar.shop\\\/wp-content\\\/uploads\\\/2022\\\/05\\\/brt.jpg\"},{\"@type\":\"BreadcrumbList\",\"@id\":\"https:\\\/\\\/formar.shop\\\/ca\\\/costos-i-metodes-denviament\\\/#breadcrumb\",\"itemListElement\":[{\"@type\":\"ListItem\",\"position\":1,\"name\":\"Home\",\"item\":\"https:\\\/\\\/formar.shop\\\/ca\\\/esborrany-automatic\\\/\"},{\"@type\":\"ListItem\",\"position\":2,\"name\":\"COSTOS I M\u00c8TODES D&#8217;ENVIAMENT\"}]},{\"@type\":\"WebSite\",\"@id\":\"https:\\\/\\\/formar.shop\\\/ca\\\/#website\",\"url\":\"https:\\\/\\\/formar.shop\\\/ca\\\/\",\"name\":\"Formar.shop\",\"description\":\"Soluzioni espresse con stile\",\"potentialAction\":[{\"@type\":\"SearchAction\",\"target\":{\"@type\":\"EntryPoint\",\"urlTemplate\":\"https:\\\/\\\/formar.shop\\\/ca\\\/?s={search_term_string}\"},\"query-input\":{\"@type\":\"PropertyValueSpecification\",\"valueRequired\":true,\"valueName\":\"search_term_string\"}}],\"inLanguage\":\"ca\"}]}<\/script>\n<!-- \/ Yoast SEO plugin. -->","yoast_head_json":{"title":"COSTOS I M\u00c8TODES D'ENVIAMENT - Formar.shop","robots":{"index":"index","follow":"follow","max-snippet":"max-snippet:-1","max-image-preview":"max-image-preview:large","max-video-preview":"max-video-preview:-1"},"canonical":"https:\/\/formar.shop\/ca\/costos-i-metodes-denviament\/","schema":{"@context":"https:\/\/schema.org","@graph":[{"@type":"WebPage","@id":"https:\/\/formar.shop\/ca\/costos-i-metodes-denviament\/","url":"https:\/\/formar.shop\/ca\/costos-i-metodes-denviament\/","name":"COSTOS I M\u00c8TODES D'ENVIAMENT - Formar.shop","isPartOf":{"@id":"https:\/\/formar.shop\/ca\/#website"},"primaryImageOfPage":{"@id":"https:\/\/formar.shop\/ca\/costos-i-metodes-denviament\/#primaryimage"},"image":{"@id":"https:\/\/formar.shop\/ca\/costos-i-metodes-denviament\/#primaryimage"},"thumbnailUrl":"https:\/\/formar.shop\/wp-content\/uploads\/2022\/05\/brt.jpg","datePublished":"2025-01-18T20:19:28+00:00","dateModified":"2025-01-18T20:19:34+00:00","breadcrumb":{"@id":"https:\/\/formar.shop\/ca\/costos-i-metodes-denviament\/#breadcrumb"},"inLanguage":"ca","potentialAction":[{"@type":"ReadAction","target":["https:\/\/formar.shop\/ca\/costos-i-metodes-denviament\/"]}]},{"@type":"ImageObject","inLanguage":"ca","@id":"https:\/\/formar.shop\/ca\/costos-i-metodes-denviament\/#primaryimage","url":"https:\/\/formar.shop\/wp-content\/uploads\/2022\/05\/brt.jpg","contentUrl":"https:\/\/formar.shop\/wp-content\/uploads\/2022\/05\/brt.jpg"},{"@type":"BreadcrumbList","@id":"https:\/\/formar.shop\/ca\/costos-i-metodes-denviament\/#breadcrumb","itemListElement":[{"@type":"ListItem","position":1,"name":"Home","item":"https:\/\/formar.shop\/ca\/esborrany-automatic\/"},{"@type":"ListItem","position":2,"name":"COSTOS I M\u00c8TODES D&#8217;ENVIAMENT"}]},{"@type":"WebSite","@id":"https:\/\/formar.shop\/ca\/#website","url":"https:\/\/formar.shop\/ca\/","name":"Formar.shop","description":"Soluzioni espresse con stile","potentialAction":[{"@type":"SearchAction","target":{"@type":"EntryPoint","urlTemplate":"https:\/\/formar.shop\/ca\/?s={search_term_string}"},"query-input":{"@type":"PropertyValueSpecification","valueRequired":true,"valueName":"search_term_string"}}],"inLanguage":"ca"}]}},"_links":{"self":[{"href":"https:\/\/formar.shop\/ca\/wp-json\/wp\/v2\/pages\/43590","targetHints":{"allow":["GET"]}}],"collection":[{"href":"https:\/\/formar.shop\/ca\/wp-json\/wp\/v2\/pages"}],"about":[{"href":"https:\/\/formar.shop\/ca\/wp-json\/wp\/v2\/types\/page"}],"author":[{"embeddable":true,"href":"https:\/\/formar.shop\/ca\/wp-json\/wp\/v2\/users\/175"}],"replies":[{"embeddable":true,"href":"https:\/\/formar.shop\/ca\/wp-json\/wp\/v2\/comments?post=43590"}],"version-history":[{"count":10,"href":"https:\/\/formar.shop\/ca\/wp-json\/wp\/v2\/pages\/43590\/revisions"}],"predecessor-version":[{"id":43636,"href":"https:\/\/formar.shop\/ca\/wp-json\/wp\/v2\/pages\/43590\/revisions\/43636"}],"wp:attachment":[{"href":"https:\/\/formar.shop\/ca\/wp-json\/wp\/v2\/media?parent=43590"}],"curies":[{"name":"wp","href":"https:\/\/api.w.org\/{rel}","templated":true}]}}