{"id":42227,"date":"2025-01-18T15:41:43","date_gmt":"2025-01-18T14:41:43","guid":{"rendered":"https:\/\/formar.shop\/qui-som\/"},"modified":"2025-11-18T12:06:01","modified_gmt":"2025-11-18T11:06:01","slug":"qui-som","status":"publish","type":"page","link":"https:\/\/formar.shop\/ca\/qui-som\/","title":{"rendered":"Qui som"},"content":{"rendered":"\n<div class=\"row\"  id=\"row-493683241\">\n\n\n\t<div id=\"col-894945062\" class=\"col medium-11 small-12 large-12\"  >\n\t\t\t\t<div class=\"col-inner text-center\"  >\n\t\t\t\n\t\t\t\n\n\t<div id=\"text-793835453\" class=\"text\">\n\t\t\n\n<h3><span style=\"font-size: 140%;\"><strong>QUI SOM?<\/strong><\/span><\/h3>\n<p><strong data-start=\"181\" data-end=\"196\">Formar.shop<\/strong> \u00e9s l\u2019e-commerce oficial de <strong data-start=\"225\" data-end=\"248\">Formar Contract Srl<\/strong>, una empresa italiana amb seu a Falconara Marittima (AN) especialitzada en l\u2019mobiliari per a oficines, estudis professionals, ambients p\u00fablics i espais contract. Des de fa m\u00e9s de 20 anys que treballem amb passi\u00f3 i compet\u00e8ncia per oferir solucions d\u2019mobiliari funcionals, duradores i amb un disseny contemporani. <\/p>\n<div>\n<p data-start=\"539\" data-end=\"752\">La nostra realitat neix de l\u2019experi\u00e8ncia en el sector contract, amb l\u2019objectiu de portar tamb\u00e9 en l\u00ednia la qualitat i la fiabilitat que sempre ens han caracteritzat en el treball amb empreses, entitats p\u00fabliques i privades.<\/p>\n<hr data-start=\"754\" data-end=\"757\">\n<h2><strong>Qu\u00e8 ens distingeix?<\/strong><\/h2>\n<p data-start=\"1250\" data-end=\"1366\"><strong data-start=\"1250\" data-end=\"1277\">Experi\u00e8ncia i compet\u00e8ncia<\/strong>: una llarga hist\u00f2ria en el sector contract que es tradueix en fiabilitat i professionalitat.<\/p>\n<p data-start=\"1369\" data-end=\"1507\"><strong data-start=\"1369\" data-end=\"1388\">Cat\u00e0leg curat<\/strong>: seleccionem amb atenci\u00f3 els millors productes per a l&#8217;mobiliari professional, apostant per l\u2019ergonomia, l\u2019est\u00e8tica i la durada.<\/p>\n<p data-start=\"1510\" data-end=\"1623\"><strong data-start=\"1510\" data-end=\"1539\">Assist\u00e8ncia personalitzada<\/strong>: el nostre equip est\u00e0 sempre a disposici\u00f3 per a consells i suport pre i postvenda.<\/p>\n<p data-start=\"1626\" data-end=\"1752\"><strong data-start=\"1626\" data-end=\"1643\">Multicanalitat<\/strong>: a m\u00e9s del lloc formar.shop, som presents tamb\u00e9 en els principals marketplace amb la mateixa qualitat i serietat.<\/p>\n<p data-start=\"560\" data-end=\"744\">A trav\u00e9s de la nostra botiga en l\u00ednia, posem a disposici\u00f3 una \u00e0mplia gamma de productes seleccionats, unint <strong data-start=\"665\" data-end=\"711\">experi\u00e8ncia t\u00e8cnica, passi\u00f3 pel disseny<\/strong> i <strong data-start=\"714\" data-end=\"743\">atenci\u00f3 per la qualitat<\/strong>.<\/p>\n<hr data-start=\"746\" data-end=\"749\">\n<h2 data-start=\"751\" data-end=\"771\">La nostra missi\u00f3<\/h2>\n<p data-start=\"813\" data-end=\"902\"><strong>Productes d\u2019alta qualitat, <\/strong>tant per a l\u2019mobiliari professional com per als espais habitables.<\/p>\n<p data-start=\"905\" data-end=\"1004\"><strong>Disseny curat i funcional, <\/strong>amb una selecci\u00f3 orientada al confort, a l\u2019ergonomia i a l\u2019estil.<\/p>\n<p data-start=\"1007\" data-end=\"1101\"><strong>Experi\u00e8ncia de compra intu\u00eftiva i segura,<\/strong> amb assist\u00e8ncia al client r\u00e0pida i competent.<\/p>\n<p data-start=\"1104\" data-end=\"1180\"><strong>Lliurament r\u00e0pid i gratu\u00eft, <\/strong>per satisfer cada necessitat amb efici\u00e8ncia.<\/p>\n<hr data-start=\"1574\" data-end=\"1577\">\n<h2 data-start=\"1579\" data-end=\"1599\">Els nostres productes<\/h2>\n<p data-start=\"1601\" data-end=\"1630\"><strong data-start=\"1634\" data-end=\"1656\">Mobiliari per a oficina<\/strong>: escriptoris, seients, armaris, calaixeres i taules de reuni\u00f3.<\/p>\n<p data-start=\"1720\" data-end=\"1809\"><strong data-start=\"1720\" data-end=\"1771\">Solucions per a entitats p\u00fabliques i ambients contract<\/strong>: bancs, llibreries, mobles d\u2019arxiu.<\/p>\n<p data-start=\"1812\" data-end=\"1951\"><strong data-start=\"1812\" data-end=\"1839\">Mobiliari per a la llar<\/strong>: cadires, taules, complements, llibreries i solucions per estalviar espai, sempre amb un ull posat en el disseny i la practicitat.<\/p>\n<hr data-start=\"1953\" data-end=\"1956\">\n<h2 data-start=\"1958\" data-end=\"1977\">Els nostres clients<\/h2>\n<p data-start=\"2005\" data-end=\"2031\">Empreses i professionals<\/p>\n<p data-start=\"2034\" data-end=\"2067\">Entitats p\u00fabliques i administracions<\/p>\n<p data-start=\"2070\" data-end=\"2145\">Privats a la recerca de solucions d\u2019mobiliari modernes i funcionals per a la llar<\/p>\n<hr data-start=\"2147\" data-end=\"2150\">\n<h2 data-start=\"2335\" data-end=\"2349\">Conclusi\u00f3<\/h2>\n<p data-start=\"2351\" data-end=\"2671\">En un m\u00f3n que canvia r\u00e0pidament, creiem que la qualitat i la fiabilitat s\u00f3n valors imprescindibles. Amb <strong data-start=\"2462\" data-end=\"2477\">Formar.shop<\/strong>, no oferim nom\u00e9s mobiliari, sin\u00f3 veritables <strong data-start=\"2523\" data-end=\"2564\">solucions de benestar i funcionalitat<\/strong> per a la teva quotidianitat, tant si est\u00e0s projectant una nova oficina com si est\u00e0s fent m\u00e9s acollidora la teva llar. <\/p>\n<p data-start=\"2673\" data-end=\"2821\">Triar Formar.shop significa confiar en un soci s\u00f2lid, transparent i apassionat, que posa sempre les persones i les seves necessitats al centre.<\/p>\n<p data-start=\"2823\" data-end=\"2873\"><strong data-start=\"2823\" data-end=\"2873\">Formar.shop \u2013 On el teu espai pren forma.<\/strong><\/p>\n<p> <\/p>\n<\/div>\n\t\t\n<style>\n#text-793835453 {\n  text-align: left;\n}\n<\/style>\n\t<\/div>\n\t\n\n\t\t<\/div>\n\t\t\t\t\n<style>\n#col-894945062 > .col-inner {\n  padding: 0px 0px 0px 0;\n}\n@media (min-width:550px) {\n  #col-894945062 > .col-inner {\n    padding: 0px 0px 0px 0px;\n  }\n}\n<\/style>\n\t<\/div>\n\n\t\n\n\t<div id=\"col-1553338246\" class=\"col medium-12 small-12 large-12\"  >\n\t\t\t\t<div class=\"col-inner\"  >\n\t\t\t\n\t\t\t\n\n\n  <div class=\"banner has-hover\" id=\"banner-1902706435\">\n          <div class=\"banner-inner fill\">\n        <div class=\"banner-bg fill\" >\n            <img loading=\"lazy\" decoding=\"async\" width=\"1600\" height=\"1200\" src=\"https:\/\/static.formar.net\/wp-content\/uploads\/sites\/1\/2024\/07\/02110352\/Universal-Color-Mobile-420_AMBENTATA_4.jpg\" class=\"bg attachment-original size-original\" alt=\"\" \/>                                    \n                    <\/div>\n\t\t\n        <div class=\"banner-layers container\">\n            <div class=\"fill banner-link\"><\/div>            \n\n   <div id=\"text-box-46258656\" class=\"text-box banner-layer x50 md-x50 lg-x50 y50 md-y50 lg-y50 res-text\">\n                                <div class=\"text-box-content text dark\">\n              \n              <div class=\"text-inner text-center\">\n                  \n\n\n              <\/div>\n           <\/div>\n                            \n<style>\n#text-box-46258656 {\n  width: 60%;\n}\n#text-box-46258656 .text-box-content {\n  font-size: 100%;\n}\n@media (min-width:550px) {\n  #text-box-46258656 {\n    width: 60%;\n  }\n}\n<\/style>\n    <\/div>\n \n\n        <\/div>\n      <\/div>\n\n            \n<style>\n#banner-1902706435 {\n  padding-top: 300px;\n  background-color: rgb(255, 255, 255);\n}\n#banner-1902706435 .banner-bg img {\n  object-position: 52% 77%;\n}\n@media (min-width:550px) {\n  #banner-1902706435 {\n    padding-top: 500px;\n  }\n}\n@media (min-width:850px) {\n  #banner-1902706435 {\n    padding-top: 570px;\n  }\n}\n<\/style>\n  <\/div>\n\n\n\n\t\t<\/div>\n\t\t\t\t\n<style>\n#col-1553338246 > .col-inner {\n  margin: -100px 0px 0px 0px;\n}\n@media (min-width:550px) {\n  #col-1553338246 > .col-inner {\n    margin: -150px 0px 0px 0px;\n  }\n}\n@media (min-width:850px) {\n  #col-1553338246 > .col-inner {\n    margin: 0px 0px 0px 0px;\n  }\n}\n<\/style>\n\t<\/div>\n\n\t\n\n<\/div>\n<div class=\"is-divider divider clearfix\" style=\"max-width:1000px;\"><\/div>\n\n\n","protected":false},"excerpt":{"rendered":"","protected":false},"author":5,"featured_media":0,"parent":0,"menu_order":0,"comment_status":"closed","ping_status":"closed","template":"","meta":{"_joinchat":[],"footnotes":""},"class_list":["post-42227","page","type-page","status-publish","hentry"],"yoast_head":"<!-- This site is optimized with the Yoast SEO plugin v27.3 - https:\/\/yoast.com\/product\/yoast-seo-wordpress\/ -->\n<title>Qui som - Formar.shop<\/title>\n<meta name=\"robots\" content=\"index, follow, max-snippet:-1, max-image-preview:large, max-video-preview:-1\" \/>\n<link rel=\"canonical\" href=\"https:\/\/formar.shop\/ca\/qui-som\/\" \/>\n<script type=\"application\/ld+json\" class=\"yoast-schema-graph\">{\"@context\":\"https:\\\/\\\/schema.org\",\"@graph\":[{\"@type\":\"WebPage\",\"@id\":\"https:\\\/\\\/formar.shop\\\/ca\\\/qui-som\\\/\",\"url\":\"https:\\\/\\\/formar.shop\\\/ca\\\/qui-som\\\/\",\"name\":\"Qui som - Formar.shop\",\"isPartOf\":{\"@id\":\"https:\\\/\\\/formar.shop\\\/ca\\\/#website\"},\"datePublished\":\"2025-01-18T14:41:43+00:00\",\"dateModified\":\"2025-11-18T11:06:01+00:00\",\"breadcrumb\":{\"@id\":\"https:\\\/\\\/formar.shop\\\/ca\\\/qui-som\\\/#breadcrumb\"},\"inLanguage\":\"ca\",\"potentialAction\":[{\"@type\":\"ReadAction\",\"target\":[\"https:\\\/\\\/formar.shop\\\/ca\\\/qui-som\\\/\"]}]},{\"@type\":\"BreadcrumbList\",\"@id\":\"https:\\\/\\\/formar.shop\\\/ca\\\/qui-som\\\/#breadcrumb\",\"itemListElement\":[{\"@type\":\"ListItem\",\"position\":1,\"name\":\"Home\",\"item\":\"https:\\\/\\\/formar.shop\\\/ca\\\/esborrany-automatic\\\/\"},{\"@type\":\"ListItem\",\"position\":2,\"name\":\"Qui som\"}]},{\"@type\":\"WebSite\",\"@id\":\"https:\\\/\\\/formar.shop\\\/ca\\\/#website\",\"url\":\"https:\\\/\\\/formar.shop\\\/ca\\\/\",\"name\":\"Formar.shop\",\"description\":\"Soluzioni espresse con stile\",\"potentialAction\":[{\"@type\":\"SearchAction\",\"target\":{\"@type\":\"EntryPoint\",\"urlTemplate\":\"https:\\\/\\\/formar.shop\\\/ca\\\/?s={search_term_string}\"},\"query-input\":{\"@type\":\"PropertyValueSpecification\",\"valueRequired\":true,\"valueName\":\"search_term_string\"}}],\"inLanguage\":\"ca\"}]}<\/script>\n<!-- \/ Yoast SEO plugin. -->","yoast_head_json":{"title":"Qui som - Formar.shop","robots":{"index":"index","follow":"follow","max-snippet":"max-snippet:-1","max-image-preview":"max-image-preview:large","max-video-preview":"max-video-preview:-1"},"canonical":"https:\/\/formar.shop\/ca\/qui-som\/","schema":{"@context":"https:\/\/schema.org","@graph":[{"@type":"WebPage","@id":"https:\/\/formar.shop\/ca\/qui-som\/","url":"https:\/\/formar.shop\/ca\/qui-som\/","name":"Qui som - Formar.shop","isPartOf":{"@id":"https:\/\/formar.shop\/ca\/#website"},"datePublished":"2025-01-18T14:41:43+00:00","dateModified":"2025-11-18T11:06:01+00:00","breadcrumb":{"@id":"https:\/\/formar.shop\/ca\/qui-som\/#breadcrumb"},"inLanguage":"ca","potentialAction":[{"@type":"ReadAction","target":["https:\/\/formar.shop\/ca\/qui-som\/"]}]},{"@type":"BreadcrumbList","@id":"https:\/\/formar.shop\/ca\/qui-som\/#breadcrumb","itemListElement":[{"@type":"ListItem","position":1,"name":"Home","item":"https:\/\/formar.shop\/ca\/esborrany-automatic\/"},{"@type":"ListItem","position":2,"name":"Qui som"}]},{"@type":"WebSite","@id":"https:\/\/formar.shop\/ca\/#website","url":"https:\/\/formar.shop\/ca\/","name":"Formar.shop","description":"Soluzioni espresse con stile","potentialAction":[{"@type":"SearchAction","target":{"@type":"EntryPoint","urlTemplate":"https:\/\/formar.shop\/ca\/?s={search_term_string}"},"query-input":{"@type":"PropertyValueSpecification","valueRequired":true,"valueName":"search_term_string"}}],"inLanguage":"ca"}]}},"_links":{"self":[{"href":"https:\/\/formar.shop\/ca\/wp-json\/wp\/v2\/pages\/42227","targetHints":{"allow":["GET"]}}],"collection":[{"href":"https:\/\/formar.shop\/ca\/wp-json\/wp\/v2\/pages"}],"about":[{"href":"https:\/\/formar.shop\/ca\/wp-json\/wp\/v2\/types\/page"}],"author":[{"embeddable":true,"href":"https:\/\/formar.shop\/ca\/wp-json\/wp\/v2\/users\/5"}],"replies":[{"embeddable":true,"href":"https:\/\/formar.shop\/ca\/wp-json\/wp\/v2\/comments?post=42227"}],"version-history":[{"count":7,"href":"https:\/\/formar.shop\/ca\/wp-json\/wp\/v2\/pages\/42227\/revisions"}],"predecessor-version":[{"id":61921,"href":"https:\/\/formar.shop\/ca\/wp-json\/wp\/v2\/pages\/42227\/revisions\/61921"}],"wp:attachment":[{"href":"https:\/\/formar.shop\/ca\/wp-json\/wp\/v2\/media?parent=42227"}],"curies":[{"name":"wp","href":"https:\/\/api.w.org\/{rel}","templated":true}]}}